{"id":9995,"date":"2017-11-11T14:01:42","date_gmt":"2017-11-11T18:01:42","guid":{"rendered":"https:\/\/www.esports-betting.pro\/es\/?page_id=9995"},"modified":"2017-11-11T14:01:42","modified_gmt":"2017-11-11T18:01:42","slug":"archivo-torneos-campeonatos-pasados","status":"publish","type":"page","link":"https:\/\/www.esports-betting.pro\/es\/counter-strike-csgo\/archivo-torneos-campeonatos-pasados\/","title":{"rendered":"Archivo: torneos y campeonatos pasados de CS:GO"},"content":{"rendered":"<p style=\"text-align: justify\"><img loading=\"lazy\" decoding=\"async\" class=\"size-full wp-image-9997 alignright\" src=\"https:\/\/www.esports-betting.pro\/app\/uploads\/sites\/3\/2017\/11\/Counter-Strike-Global-Offensive-Esports-Logo.jpg\" alt=\"Counter Strike Global Offensive Esports Logo\" width=\"220\" height=\"72\" \/>El archivo de torneos y campeonatos de Counter Strike Global Offensive desde el 2015 en apuestas-esports.com. Aqu\u00ed podr\u00e1s encontrar los resultados, cuotas de apuestas y m\u00e1s sobre los torneos pasados. Si quieres conocer m\u00e1s sobre los torneos actuales de CS:GO o informaci\u00f3n de apuestas, lee nuestro\u00a0<a href=\"https:\/\/www.esports-betting.pro\/es\/counter-strike-csgo\/\"><strong>art\u00edculo de las apuestas en CS:GO<\/strong><\/a>\u00a0o haz clic en los enlaces de abajo.<\/p>\n<h2><img loading=\"lazy\" decoding=\"async\" class=\"alignnone size-full wp-image-3030\" src=\"https:\/\/www.esports-betting.pro\/app\/uploads\/sites\/3\/2016\/11\/Counter-Strike-GO-Icono.jpg\" alt=\"Counter Strike Globa Offensive - Icono\" width=\"20\" height=\"20\" \/> Torneos pasados de Counter Strike: Global Offensive 2017<\/h2>\n<p><strong>IEM Katowice 2017<\/strong><\/p>\n<ul>\n<li><a href=\"https:\/\/www.esports-betting.pro\/es\/counter-strike-csgo\/iem-katowice-2017-csgo\/\">https:\/\/www.esports-betting.pro\/es\/counter-strike-csgo\/iem-katowice-2017-csgo\/<\/a><\/li>\n<\/ul>\n<p><strong>ESL One: Cologne 2017<\/strong><\/p>\n<ul>\n<li><a href=\"https:\/\/www.esports-betting.pro\/es\/counter-strike-csgo\/esl-one-cologne-2017\/\">https:\/\/www.esports-betting.pro\/es\/counter-strike-csgo\/esl-one-cologne-2017\/<\/a><\/li>\n<\/ul>\n<p><strong>DreamHack Masters Las Vegas 2017<\/strong><\/p>\n<ul>\n<li><a href=\"https:\/\/www.esports-betting.pro\/es\/counter-strike-csgo\/dreamhack-las-vegas-2017\/\">https:\/\/www.esports-betting.pro\/es\/counter-strike-csgo\/dreamhack-las-vegas-2017\/<\/a><\/li>\n<\/ul>\n<h2><img loading=\"lazy\" decoding=\"async\" class=\"alignnone size-full wp-image-3030\" src=\"https:\/\/www.esports-betting.pro\/app\/uploads\/sites\/3\/2016\/11\/Counter-Strike-GO-Icono.jpg\" alt=\"Counter Strike Globa Offensive - Icono\" width=\"20\" height=\"20\" \/> Torneos pasados de Counter Strike: Global Offensive 2016<\/h2>\n<p><strong>Intel Extreme Masters XI Oakland 2016<\/strong><\/p>\n<ul>\n<li><a href=\"https:\/\/www.esports-betting.pro\/es\/counter-strike-csgo\/iem-masters-xi-oakland-2016\/\">https:\/\/www.esports-betting.pro\/es\/counter-strike-csgo\/iem-masters-xi-oakland-2016\/<\/a><\/li>\n<\/ul>\n<p><strong>MLG Major Championship Columbus 2016<\/strong><\/p>\n<ul>\n<li><a href=\"https:\/\/www.esports-betting.pro\/es\/counter-strike-csgo\/mlg-columbus-2016\/\">https:\/\/www.esports-betting.pro\/es\/counter-strike-csgo\/mlg-columbus-2016\/<\/a><\/li>\n<\/ul>\n<p><strong>Intel Extreme Masters Katowice 2016 | Campeonato Mundial<\/strong><\/p>\n<ul>\n<li><a href=\"https:\/\/www.esports-betting.pro\/es\/counter-strike-csgo\/iem-katowice-2016\/\">https:\/\/www.esports-betting.pro\/es\/counter-strike-csgo\/iem-katowice-2016\/<\/a><\/li>\n<\/ul>\n<h2><img loading=\"lazy\" decoding=\"async\" class=\"alignnone size-full wp-image-3030\" src=\"https:\/\/www.esports-betting.pro\/app\/uploads\/sites\/3\/2016\/11\/Counter-Strike-GO-Icono.jpg\" alt=\"Counter Strike Globa Offensive - Icono\" width=\"20\" height=\"20\" \/> Torneos pasados de Counter Strike: Global Offensive 2015<\/h2>\n<p><strong>Intel Extreme Masters San Jose 2015<\/strong><\/p>\n<ul>\n<li><a href=\"https:\/\/www.esports-betting.pro\/es\/counter-strike-csgo\/iem-san-jose-2015\/\">https:\/\/www.esports-betting.pro\/es\/counter-strike-csgo\/iem-san-jose-2015\/<\/a><\/li>\n<\/ul>\n<p style=\"text-align: center\"><strong>M\u00e1s informaci\u00f3n sobre CS:GO 2 y sus apuestas:<\/strong><\/p>\n<h4 style=\"text-align: center\">&gt;&gt;\u00a0<a href=\"https:\/\/www.esports-betting.pro\/es\/counter-strike-csgo\/\">Informaci\u00f3n de los torneos actuales de CS:GO, apuestas y cuotas<\/a>\u00a0&gt;&gt;<\/h4>\n","protected":false},"excerpt":{"rendered":"<p>El archivo de torneos y campeonatos de Counter Strike Global Offensive desde el 2015 en apuestas-esports.com. Aqu\u00ed podr\u00e1s encontrar los resultados, cuotas de apuestas y m\u00e1s sobre los torneos pasados. Si quieres conocer m\u00e1s sobre los torneos actuales de CS:GO o informaci\u00f3n de apuestas, lee nuestro\u00a0art\u00edculo de las apuestas en CS:GO\u00a0o haz clic en los &hellip; <a href=\"https:\/\/www.esports-betting.pro\/es\/counter-strike-csgo\/archivo-torneos-campeonatos-pasados\/\">Continued<\/a><\/p>\n","protected":false},"author":24,"featured_media":0,"parent":18,"menu_order":0,"comment_status":"closed","ping_status":"closed","template":"","meta":{"_acf_changed":false,"footnotes":""},"acf":[],"yoast_head":"<!-- This site is optimized with the Yoast SEO plugin v22.6 - https:\/\/yoast.com\/wordpress\/plugins\/seo\/ -->\n<title>Archivo de Torneos y Campeonatos de CS:GO | Apuestas eSports<\/title>\n<meta name=\"description\" content=\"Campeonatos de CS:GO: Este es el registro de los torneos, eventos y campeonatos de CS:GO. Ve resultados, equipos, cuotas y m\u00e1s!\" \/>\n<meta name=\"robots\" content=\"index, follow, max-snippet:-1, max-image-preview:large, max-video-preview:-1\" \/>\n<link rel=\"canonical\" href=\"https:\/\/www.esports-betting.pro\/es\/counter-strike-csgo\/archivo-torneos-campeonatos-pasados\/\" \/>\n<meta property=\"og:locale\" content=\"es_ES\" \/>\n<meta property=\"og:type\" content=\"article\" \/>\n<meta property=\"og:title\" content=\"Archivo de Torneos y Campeonatos de CS:GO | Apuestas eSports\" \/>\n<meta property=\"og:description\" content=\"Campeonatos de CS:GO: Este es el registro de los torneos, eventos y campeonatos de CS:GO. Ve resultados, equipos, cuotas y m\u00e1s!\" \/>\n<meta property=\"og:url\" content=\"https:\/\/www.esports-betting.pro\/es\/counter-strike-csgo\/archivo-torneos-campeonatos-pasados\/\" \/>\n<meta property=\"og:site_name\" content=\"Esports Betting - ES\" \/>\n<meta property=\"og:image\" content=\"https:\/\/www.esports-betting.pro\/app\/uploads\/sites\/3\/2017\/11\/Counter-Strike-Global-Offensive-Esports-Logo.jpg\" \/>\n<meta name=\"twitter:card\" content=\"summary_large_image\" \/>\n<meta name=\"twitter:label1\" content=\"Est. reading time\" \/>\n\t<meta name=\"twitter:data1\" content=\"1 minuto\" \/>\n<script type=\"application\/ld+json\" class=\"yoast-schema-graph\">{\"@context\":\"https:\/\/schema.org\",\"@graph\":[{\"@type\":\"WebPage\",\"@id\":\"https:\/\/www.esports-betting.pro\/es\/counter-strike-csgo\/archivo-torneos-campeonatos-pasados\/\",\"url\":\"https:\/\/www.esports-betting.pro\/es\/counter-strike-csgo\/archivo-torneos-campeonatos-pasados\/\",\"name\":\"Archivo de Torneos y Campeonatos de CS:GO | Apuestas eSports\",\"isPartOf\":{\"@id\":\"https:\/\/www.esports-betting.pro\/es\/#website\"},\"primaryImageOfPage\":{\"@id\":\"https:\/\/www.esports-betting.pro\/es\/counter-strike-csgo\/archivo-torneos-campeonatos-pasados\/#primaryimage\"},\"image\":{\"@id\":\"https:\/\/www.esports-betting.pro\/es\/counter-strike-csgo\/archivo-torneos-campeonatos-pasados\/#primaryimage\"},\"thumbnailUrl\":\"https:\/\/www.esports-betting.pro\/app\/uploads\/sites\/3\/2017\/11\/Counter-Strike-Global-Offensive-Esports-Logo.jpg\",\"datePublished\":\"2017-11-11T18:01:42+00:00\",\"dateModified\":\"2017-11-11T18:01:42+00:00\",\"description\":\"Campeonatos de CS:GO: Este es el registro de los torneos, eventos y campeonatos de CS:GO. Ve resultados, equipos, cuotas y m\u00e1s!\",\"breadcrumb\":{\"@id\":\"https:\/\/www.esports-betting.pro\/es\/counter-strike-csgo\/archivo-torneos-campeonatos-pasados\/#breadcrumb\"},\"inLanguage\":\"es\",\"potentialAction\":[{\"@type\":\"ReadAction\",\"target\":[\"https:\/\/www.esports-betting.pro\/es\/counter-strike-csgo\/archivo-torneos-campeonatos-pasados\/\"]}]},{\"@type\":\"ImageObject\",\"inLanguage\":\"es\",\"@id\":\"https:\/\/www.esports-betting.pro\/es\/counter-strike-csgo\/archivo-torneos-campeonatos-pasados\/#primaryimage\",\"url\":\"https:\/\/www.esports-betting.pro\/app\/uploads\/sites\/3\/2017\/11\/Counter-Strike-Global-Offensive-Esports-Logo.jpg\",\"contentUrl\":\"https:\/\/www.esports-betting.pro\/app\/uploads\/sites\/3\/2017\/11\/Counter-Strike-Global-Offensive-Esports-Logo.jpg\"},{\"@type\":\"BreadcrumbList\",\"@id\":\"https:\/\/www.esports-betting.pro\/es\/counter-strike-csgo\/archivo-torneos-campeonatos-pasados\/#breadcrumb\",\"itemListElement\":[{\"@type\":\"ListItem\",\"position\":1,\"name\":\"Home\",\"item\":\"https:\/\/www.esports-betting.pro\/es\/\"},{\"@type\":\"ListItem\",\"position\":2,\"name\":\"Gu\u00eda para apostar a Counter Strike: Global Offensive (CS:GO): los mejores torneos y plataformas\",\"item\":\"https:\/\/www.esports-betting.pro\/es\/counter-strike-csgo\/\"},{\"@type\":\"ListItem\",\"position\":3,\"name\":\"Archivo: torneos y campeonatos pasados de CS:GO\"}]},{\"@type\":\"WebSite\",\"@id\":\"https:\/\/www.esports-betting.pro\/es\/#website\",\"url\":\"https:\/\/www.esports-betting.pro\/es\/\",\"name\":\"Esports Betting - ES\",\"description\":\"Just another Esports Betting Sites site\",\"potentialAction\":[{\"@type\":\"SearchAction\",\"target\":{\"@type\":\"EntryPoint\",\"urlTemplate\":\"https:\/\/www.esports-betting.pro\/es\/?s={search_term_string}\"},\"query-input\":\"required name=search_term_string\"}],\"inLanguage\":\"es\"}]}<\/script>\n<!-- \/ Yoast SEO plugin. -->","yoast_head_json":{"title":"Archivo de Torneos y Campeonatos de CS:GO | Apuestas eSports","description":"Campeonatos de CS:GO: Este es el registro de los torneos, eventos y campeonatos de CS:GO. Ve resultados, equipos, cuotas y m\u00e1s!","robots":{"index":"index","follow":"follow","max-snippet":"max-snippet:-1","max-image-preview":"max-image-preview:large","max-video-preview":"max-video-preview:-1"},"canonical":"https:\/\/www.esports-betting.pro\/es\/counter-strike-csgo\/archivo-torneos-campeonatos-pasados\/","og_locale":"es_ES","og_type":"article","og_title":"Archivo de Torneos y Campeonatos de CS:GO | Apuestas eSports","og_description":"Campeonatos de CS:GO: Este es el registro de los torneos, eventos y campeonatos de CS:GO. Ve resultados, equipos, cuotas y m\u00e1s!","og_url":"https:\/\/www.esports-betting.pro\/es\/counter-strike-csgo\/archivo-torneos-campeonatos-pasados\/","og_site_name":"Esports Betting - ES","og_image":[{"url":"https:\/\/www.esports-betting.pro\/app\/uploads\/sites\/3\/2017\/11\/Counter-Strike-Global-Offensive-Esports-Logo.jpg"}],"twitter_card":"summary_large_image","twitter_misc":{"Est. reading time":"1 minuto"},"schema":{"@context":"https:\/\/schema.org","@graph":[{"@type":"WebPage","@id":"https:\/\/www.esports-betting.pro\/es\/counter-strike-csgo\/archivo-torneos-campeonatos-pasados\/","url":"https:\/\/www.esports-betting.pro\/es\/counter-strike-csgo\/archivo-torneos-campeonatos-pasados\/","name":"Archivo de Torneos y Campeonatos de CS:GO | Apuestas eSports","isPartOf":{"@id":"https:\/\/www.esports-betting.pro\/es\/#website"},"primaryImageOfPage":{"@id":"https:\/\/www.esports-betting.pro\/es\/counter-strike-csgo\/archivo-torneos-campeonatos-pasados\/#primaryimage"},"image":{"@id":"https:\/\/www.esports-betting.pro\/es\/counter-strike-csgo\/archivo-torneos-campeonatos-pasados\/#primaryimage"},"thumbnailUrl":"https:\/\/www.esports-betting.pro\/app\/uploads\/sites\/3\/2017\/11\/Counter-Strike-Global-Offensive-Esports-Logo.jpg","datePublished":"2017-11-11T18:01:42+00:00","dateModified":"2017-11-11T18:01:42+00:00","description":"Campeonatos de CS:GO: Este es el registro de los torneos, eventos y campeonatos de CS:GO. Ve resultados, equipos, cuotas y m\u00e1s!","breadcrumb":{"@id":"https:\/\/www.esports-betting.pro\/es\/counter-strike-csgo\/archivo-torneos-campeonatos-pasados\/#breadcrumb"},"inLanguage":"es","potentialAction":[{"@type":"ReadAction","target":["https:\/\/www.esports-betting.pro\/es\/counter-strike-csgo\/archivo-torneos-campeonatos-pasados\/"]}]},{"@type":"ImageObject","inLanguage":"es","@id":"https:\/\/www.esports-betting.pro\/es\/counter-strike-csgo\/archivo-torneos-campeonatos-pasados\/#primaryimage","url":"https:\/\/www.esports-betting.pro\/app\/uploads\/sites\/3\/2017\/11\/Counter-Strike-Global-Offensive-Esports-Logo.jpg","contentUrl":"https:\/\/www.esports-betting.pro\/app\/uploads\/sites\/3\/2017\/11\/Counter-Strike-Global-Offensive-Esports-Logo.jpg"},{"@type":"BreadcrumbList","@id":"https:\/\/www.esports-betting.pro\/es\/counter-strike-csgo\/archivo-torneos-campeonatos-pasados\/#breadcrumb","itemListElement":[{"@type":"ListItem","position":1,"name":"Home","item":"https:\/\/www.esports-betting.pro\/es\/"},{"@type":"ListItem","position":2,"name":"Gu\u00eda para apostar a Counter Strike: Global Offensive (CS:GO): los mejores torneos y plataformas","item":"https:\/\/www.esports-betting.pro\/es\/counter-strike-csgo\/"},{"@type":"ListItem","position":3,"name":"Archivo: torneos y campeonatos pasados de CS:GO"}]},{"@type":"WebSite","@id":"https:\/\/www.esports-betting.pro\/es\/#website","url":"https:\/\/www.esports-betting.pro\/es\/","name":"Esports Betting - ES","description":"Just another Esports Betting Sites site","potentialAction":[{"@type":"SearchAction","target":{"@type":"EntryPoint","urlTemplate":"https:\/\/www.esports-betting.pro\/es\/?s={search_term_string}"},"query-input":"required name=search_term_string"}],"inLanguage":"es"}]}},"_links":{"self":[{"href":"https:\/\/www.esports-betting.pro\/es\/wp-json\/wp\/v2\/pages\/9995"}],"collection":[{"href":"https:\/\/www.esports-betting.pro\/es\/wp-json\/wp\/v2\/pages"}],"about":[{"href":"https:\/\/www.esports-betting.pro\/es\/wp-json\/wp\/v2\/types\/page"}],"author":[{"embeddable":true,"href":"https:\/\/www.esports-betting.pro\/es\/wp-json\/wp\/v2\/users\/24"}],"replies":[{"embeddable":true,"href":"https:\/\/www.esports-betting.pro\/es\/wp-json\/wp\/v2\/comments?post=9995"}],"version-history":[{"count":0,"href":"https:\/\/www.esports-betting.pro\/es\/wp-json\/wp\/v2\/pages\/9995\/revisions"}],"up":[{"embeddable":true,"href":"https:\/\/www.esports-betting.pro\/es\/wp-json\/wp\/v2\/pages\/18"}],"wp:attachment":[{"href":"https:\/\/www.esports-betting.pro\/es\/wp-json\/wp\/v2\/media?parent=9995"}],"curies":[{"name":"wp","href":"https:\/\/api.w.org\/{rel}","templated":true}]}}