{"id":9946,"date":"2017-11-07T16:53:52","date_gmt":"2017-11-07T20:53:52","guid":{"rendered":"https:\/\/www.esports-betting.pro\/es\/?page_id=9946"},"modified":"2017-11-07T16:53:52","modified_gmt":"2017-11-07T20:53:52","slug":"archivo-torneos-campeonatos-pasados","status":"publish","type":"page","link":"https:\/\/www.esports-betting.pro\/es\/dota-2\/archivo-torneos-campeonatos-pasados\/","title":{"rendered":"Archivo: torneos y campeonatos pasados de Dota 2"},"content":{"rendered":"<p style=\"text-align: justify\"><img loading=\"lazy\" decoding=\"async\" class=\"size-full wp-image-9949 alignright\" src=\"https:\/\/www.esports-betting.pro\/app\/uploads\/sites\/3\/2017\/11\/Dota-2-Esports-Archivo.jpg\" alt=\"Dota 2 Esports Archivo\" width=\"220\" height=\"147\" \/>El archivo de torneos y campeonatos de Dota 2 desde el 2015 en apuestas-esports.com. Aqu\u00ed podr\u00e1s encontrar los resultados, cuotas de apuestas y m\u00e1s sobre los torneos pasados. Si quieres conocer m\u00e1s sobre los torneos actuales de Dota 2 o informaci\u00f3n de apuestas, lee nuestro <a href=\"https:\/\/www.esports-betting.pro\/es\/dota-2\/\"><strong>art\u00edculo de las apuestas en Dota 2<\/strong><\/a> o haz clic en los enlaces de abajo.<\/p>\n<h2><img loading=\"lazy\" decoding=\"async\" class=\"alignnone size-full wp-image-1695\" src=\"https:\/\/www.esports-betting.pro\/app\/uploads\/sites\/3\/2016\/06\/Dota2-Icono.png\" alt=\"Icono Dota 2\" width=\"20\" height=\"20\" \/> Torneos pasados de Dota 2 2017<\/h2>\n<p><strong>ESL One Hamburg Major 2017<\/strong><\/p>\n<ul>\n<li><a href=\"https:\/\/www.esports-betting.pro\/es\/dota-2\/esl-one-hamburg-2017\/\">https:\/\/www.esports-betting.pro\/es\/dota-2\/esl-one-hamburg-2017\/<\/a><\/li>\n<\/ul>\n<p><strong>The International 2017 | TI7<\/strong><\/p>\n<ul>\n<li><a href=\"https:\/\/www.esports-betting.pro\/es\/dota-2\/the-international-2017-ti7\/\">https:\/\/www.esports-betting.pro\/es\/dota-2\/the-international-2017-ti7\/<\/a><\/li>\n<\/ul>\n<p><strong>Manila Masters 2017<\/strong><\/p>\n<ul>\n<li><a href=\"https:\/\/www.esports-betting.pro\/es\/dota-2\/manila-masters-2017\/\">https:\/\/www.esports-betting.pro\/es\/dota-2\/manila-masters-2017\/<\/a><\/li>\n<\/ul>\n<p><strong>Major de Kiev 2017<\/strong><\/p>\n<ul>\n<li><a href=\"https:\/\/www.esports-betting.pro\/es\/dota-2\/major-de-kiev-2017-dota-2\/\">https:\/\/www.esports-betting.pro\/es\/dota-2\/major-de-kiev-2017-dota-2\/<\/a><\/li>\n<\/ul>\n<h2><img loading=\"lazy\" decoding=\"async\" class=\"alignnone size-full wp-image-1695\" src=\"https:\/\/www.esports-betting.pro\/app\/uploads\/sites\/3\/2016\/06\/Dota2-Icono.png\" alt=\"Icono Dota 2\" width=\"20\" height=\"20\" \/> Torneos pasados de Dota 2 2016<\/h2>\n<p><strong>Major de Boston 2016<\/strong><\/p>\n<ul>\n<li><a href=\"https:\/\/www.esports-betting.pro\/es\/dota-2\/boston-major-2016\/\">https:\/\/www.esports-betting.pro\/es\/dota-2\/boston-major-2016\/<\/a><\/li>\n<\/ul>\n<p><strong>The International 2016 | TI6<\/strong><\/p>\n<ul>\n<li><a href=\"https:\/\/www.esports-betting.pro\/es\/dota-2\/the-international-2016-ti6\/\">https:\/\/www.esports-betting.pro\/es\/dota-2\/the-international-2016-ti6\/<\/a><\/li>\n<\/ul>\n<p><strong>Major de Manila 2016<\/strong><\/p>\n<ul>\n<li><a href=\"https:\/\/www.esports-betting.pro\/es\/dota-2\/manila-major-2016\/\">https:\/\/www.esports-betting.pro\/es\/dota-2\/manila-major-2016\/<\/a><\/li>\n<\/ul>\n<p><strong>ESL One Manila 2016<\/strong><\/p>\n<ul>\n<li><a href=\"https:\/\/www.esports-betting.pro\/es\/dota-2\/esl-one-manila-2016\/\">https:\/\/www.esports-betting.pro\/es\/dota-2\/esl-one-manila-2016\/<\/a><\/li>\n<\/ul>\n<p><strong>Major de Shanghai 2016<\/strong><\/p>\n<ul>\n<li><a href=\"https:\/\/www.esports-betting.pro\/es\/dota-2\/major-shanghai-2016\/\">https:\/\/www.esports-betting.pro\/es\/dota-2\/major-shanghai-2016\/<\/a><\/li>\n<\/ul>\n<h2><img loading=\"lazy\" decoding=\"async\" class=\"alignnone size-full wp-image-1695\" src=\"https:\/\/www.esports-betting.pro\/app\/uploads\/sites\/3\/2016\/06\/Dota2-Icono.png\" alt=\"Icono Dota 2\" width=\"20\" height=\"20\" \/> Torneos pasados de Dota 2 2015<\/h2>\n<p><strong>Major de Frankfurt 2015<\/strong><\/p>\n<ul>\n<li><a href=\"https:\/\/www.esports-betting.pro\/es\/dota-2\/el-major-de-frankfurt-2015\/\">https:\/\/www.esports-betting.pro\/es\/dota-2\/el-major-de-frankfurt-2015\/<\/a><\/li>\n<\/ul>\n<p style=\"text-align: center\"><strong>M\u00e1s informaci\u00f3n sobre Dota 2 y sus apuestas:<\/strong><\/p>\n<h4 style=\"text-align: center\">&gt;&gt;\u00a0<a href=\"https:\/\/www.esports-betting.pro\/es\/dota-2\/\">Informaci\u00f3n de los torneos actuales de Dota 2, apuestas y cuotas<\/a>\u00a0&gt;&gt;<\/h4>\n","protected":false},"excerpt":{"rendered":"<p>El archivo de torneos y campeonatos de Dota 2 desde el 2015 en apuestas-esports.com. Aqu\u00ed podr\u00e1s encontrar los resultados, cuotas de apuestas y m\u00e1s sobre los torneos pasados. Si quieres conocer m\u00e1s sobre los torneos actuales de Dota 2 o informaci\u00f3n de apuestas, lee nuestro art\u00edculo de las apuestas en Dota 2 o haz clic &hellip; <a href=\"https:\/\/www.esports-betting.pro\/es\/dota-2\/archivo-torneos-campeonatos-pasados\/\">Continued<\/a><\/p>\n","protected":false},"author":24,"featured_media":0,"parent":13,"menu_order":0,"comment_status":"closed","ping_status":"closed","template":"","meta":{"_acf_changed":false,"footnotes":""},"acf":[],"yoast_head":"<!-- This site is optimized with the Yoast SEO plugin v22.6 - https:\/\/yoast.com\/wordpress\/plugins\/seo\/ -->\n<title>Archivo de Torneos y Campeonatos de Dota 2 | Apuestas eSports<\/title>\n<meta name=\"description\" content=\"campeonatos pasados Dota 2: Este es el registro de los torneos, eventos y campeonatos de Dota 2 con informaci\u00f3n de apuestas-esports.com.\" \/>\n<meta name=\"robots\" content=\"index, follow, max-snippet:-1, max-image-preview:large, max-video-preview:-1\" \/>\n<link rel=\"canonical\" href=\"https:\/\/www.esports-betting.pro\/es\/dota-2\/archivo-torneos-campeonatos-pasados\/\" \/>\n<meta property=\"og:locale\" content=\"es_ES\" \/>\n<meta property=\"og:type\" content=\"article\" \/>\n<meta property=\"og:title\" content=\"Archivo de Torneos y Campeonatos de Dota 2 | Apuestas eSports\" \/>\n<meta property=\"og:description\" content=\"campeonatos pasados Dota 2: Este es el registro de los torneos, eventos y campeonatos de Dota 2 con informaci\u00f3n de apuestas-esports.com.\" \/>\n<meta property=\"og:url\" content=\"https:\/\/www.esports-betting.pro\/es\/dota-2\/archivo-torneos-campeonatos-pasados\/\" \/>\n<meta property=\"og:site_name\" content=\"Esports Betting - ES\" \/>\n<meta property=\"og:image\" content=\"https:\/\/www.esports-betting.pro\/app\/uploads\/sites\/3\/2017\/11\/Dota-2-Esports-Archivo.jpg\" \/>\n<meta name=\"twitter:card\" content=\"summary_large_image\" \/>\n<meta name=\"twitter:label1\" content=\"Est. reading time\" \/>\n\t<meta name=\"twitter:data1\" content=\"1 minuto\" \/>\n<script type=\"application\/ld+json\" class=\"yoast-schema-graph\">{\"@context\":\"https:\/\/schema.org\",\"@graph\":[{\"@type\":\"WebPage\",\"@id\":\"https:\/\/www.esports-betting.pro\/es\/dota-2\/archivo-torneos-campeonatos-pasados\/\",\"url\":\"https:\/\/www.esports-betting.pro\/es\/dota-2\/archivo-torneos-campeonatos-pasados\/\",\"name\":\"Archivo de Torneos y Campeonatos de Dota 2 | Apuestas eSports\",\"isPartOf\":{\"@id\":\"https:\/\/www.esports-betting.pro\/es\/#website\"},\"primaryImageOfPage\":{\"@id\":\"https:\/\/www.esports-betting.pro\/es\/dota-2\/archivo-torneos-campeonatos-pasados\/#primaryimage\"},\"image\":{\"@id\":\"https:\/\/www.esports-betting.pro\/es\/dota-2\/archivo-torneos-campeonatos-pasados\/#primaryimage\"},\"thumbnailUrl\":\"https:\/\/www.esports-betting.pro\/app\/uploads\/sites\/3\/2017\/11\/Dota-2-Esports-Archivo.jpg\",\"datePublished\":\"2017-11-07T20:53:52+00:00\",\"dateModified\":\"2017-11-07T20:53:52+00:00\",\"description\":\"campeonatos pasados Dota 2: Este es el registro de los torneos, eventos y campeonatos de Dota 2 con informaci\u00f3n de apuestas-esports.com.\",\"breadcrumb\":{\"@id\":\"https:\/\/www.esports-betting.pro\/es\/dota-2\/archivo-torneos-campeonatos-pasados\/#breadcrumb\"},\"inLanguage\":\"es\",\"potentialAction\":[{\"@type\":\"ReadAction\",\"target\":[\"https:\/\/www.esports-betting.pro\/es\/dota-2\/archivo-torneos-campeonatos-pasados\/\"]}]},{\"@type\":\"ImageObject\",\"inLanguage\":\"es\",\"@id\":\"https:\/\/www.esports-betting.pro\/es\/dota-2\/archivo-torneos-campeonatos-pasados\/#primaryimage\",\"url\":\"https:\/\/www.esports-betting.pro\/app\/uploads\/sites\/3\/2017\/11\/Dota-2-Esports-Archivo.jpg\",\"contentUrl\":\"https:\/\/www.esports-betting.pro\/app\/uploads\/sites\/3\/2017\/11\/Dota-2-Esports-Archivo.jpg\"},{\"@type\":\"BreadcrumbList\",\"@id\":\"https:\/\/www.esports-betting.pro\/es\/dota-2\/archivo-torneos-campeonatos-pasados\/#breadcrumb\",\"itemListElement\":[{\"@type\":\"ListItem\",\"position\":1,\"name\":\"Home\",\"item\":\"https:\/\/www.esports-betting.pro\/es\/\"},{\"@type\":\"ListItem\",\"position\":2,\"name\":\"Apuestas en Dota 2 | Sitios de apuestas y cuotas\",\"item\":\"https:\/\/www.esports-betting.pro\/es\/dota-2\/\"},{\"@type\":\"ListItem\",\"position\":3,\"name\":\"Archivo: torneos y campeonatos pasados de Dota 2\"}]},{\"@type\":\"WebSite\",\"@id\":\"https:\/\/www.esports-betting.pro\/es\/#website\",\"url\":\"https:\/\/www.esports-betting.pro\/es\/\",\"name\":\"Esports Betting - ES\",\"description\":\"Just another Esports Betting Sites site\",\"potentialAction\":[{\"@type\":\"SearchAction\",\"target\":{\"@type\":\"EntryPoint\",\"urlTemplate\":\"https:\/\/www.esports-betting.pro\/es\/?s={search_term_string}\"},\"query-input\":\"required name=search_term_string\"}],\"inLanguage\":\"es\"}]}<\/script>\n<!-- \/ Yoast SEO plugin. -->","yoast_head_json":{"title":"Archivo de Torneos y Campeonatos de Dota 2 | Apuestas eSports","description":"campeonatos pasados Dota 2: Este es el registro de los torneos, eventos y campeonatos de Dota 2 con informaci\u00f3n de apuestas-esports.com.","robots":{"index":"index","follow":"follow","max-snippet":"max-snippet:-1","max-image-preview":"max-image-preview:large","max-video-preview":"max-video-preview:-1"},"canonical":"https:\/\/www.esports-betting.pro\/es\/dota-2\/archivo-torneos-campeonatos-pasados\/","og_locale":"es_ES","og_type":"article","og_title":"Archivo de Torneos y Campeonatos de Dota 2 | Apuestas eSports","og_description":"campeonatos pasados Dota 2: Este es el registro de los torneos, eventos y campeonatos de Dota 2 con informaci\u00f3n de apuestas-esports.com.","og_url":"https:\/\/www.esports-betting.pro\/es\/dota-2\/archivo-torneos-campeonatos-pasados\/","og_site_name":"Esports Betting - ES","og_image":[{"url":"https:\/\/www.esports-betting.pro\/app\/uploads\/sites\/3\/2017\/11\/Dota-2-Esports-Archivo.jpg"}],"twitter_card":"summary_large_image","twitter_misc":{"Est. reading time":"1 minuto"},"schema":{"@context":"https:\/\/schema.org","@graph":[{"@type":"WebPage","@id":"https:\/\/www.esports-betting.pro\/es\/dota-2\/archivo-torneos-campeonatos-pasados\/","url":"https:\/\/www.esports-betting.pro\/es\/dota-2\/archivo-torneos-campeonatos-pasados\/","name":"Archivo de Torneos y Campeonatos de Dota 2 | Apuestas eSports","isPartOf":{"@id":"https:\/\/www.esports-betting.pro\/es\/#website"},"primaryImageOfPage":{"@id":"https:\/\/www.esports-betting.pro\/es\/dota-2\/archivo-torneos-campeonatos-pasados\/#primaryimage"},"image":{"@id":"https:\/\/www.esports-betting.pro\/es\/dota-2\/archivo-torneos-campeonatos-pasados\/#primaryimage"},"thumbnailUrl":"https:\/\/www.esports-betting.pro\/app\/uploads\/sites\/3\/2017\/11\/Dota-2-Esports-Archivo.jpg","datePublished":"2017-11-07T20:53:52+00:00","dateModified":"2017-11-07T20:53:52+00:00","description":"campeonatos pasados Dota 2: Este es el registro de los torneos, eventos y campeonatos de Dota 2 con informaci\u00f3n de apuestas-esports.com.","breadcrumb":{"@id":"https:\/\/www.esports-betting.pro\/es\/dota-2\/archivo-torneos-campeonatos-pasados\/#breadcrumb"},"inLanguage":"es","potentialAction":[{"@type":"ReadAction","target":["https:\/\/www.esports-betting.pro\/es\/dota-2\/archivo-torneos-campeonatos-pasados\/"]}]},{"@type":"ImageObject","inLanguage":"es","@id":"https:\/\/www.esports-betting.pro\/es\/dota-2\/archivo-torneos-campeonatos-pasados\/#primaryimage","url":"https:\/\/www.esports-betting.pro\/app\/uploads\/sites\/3\/2017\/11\/Dota-2-Esports-Archivo.jpg","contentUrl":"https:\/\/www.esports-betting.pro\/app\/uploads\/sites\/3\/2017\/11\/Dota-2-Esports-Archivo.jpg"},{"@type":"BreadcrumbList","@id":"https:\/\/www.esports-betting.pro\/es\/dota-2\/archivo-torneos-campeonatos-pasados\/#breadcrumb","itemListElement":[{"@type":"ListItem","position":1,"name":"Home","item":"https:\/\/www.esports-betting.pro\/es\/"},{"@type":"ListItem","position":2,"name":"Apuestas en Dota 2 | Sitios de apuestas y cuotas","item":"https:\/\/www.esports-betting.pro\/es\/dota-2\/"},{"@type":"ListItem","position":3,"name":"Archivo: torneos y campeonatos pasados de Dota 2"}]},{"@type":"WebSite","@id":"https:\/\/www.esports-betting.pro\/es\/#website","url":"https:\/\/www.esports-betting.pro\/es\/","name":"Esports Betting - ES","description":"Just another Esports Betting Sites site","potentialAction":[{"@type":"SearchAction","target":{"@type":"EntryPoint","urlTemplate":"https:\/\/www.esports-betting.pro\/es\/?s={search_term_string}"},"query-input":"required name=search_term_string"}],"inLanguage":"es"}]}},"_links":{"self":[{"href":"https:\/\/www.esports-betting.pro\/es\/wp-json\/wp\/v2\/pages\/9946"}],"collection":[{"href":"https:\/\/www.esports-betting.pro\/es\/wp-json\/wp\/v2\/pages"}],"about":[{"href":"https:\/\/www.esports-betting.pro\/es\/wp-json\/wp\/v2\/types\/page"}],"author":[{"embeddable":true,"href":"https:\/\/www.esports-betting.pro\/es\/wp-json\/wp\/v2\/users\/24"}],"replies":[{"embeddable":true,"href":"https:\/\/www.esports-betting.pro\/es\/wp-json\/wp\/v2\/comments?post=9946"}],"version-history":[{"count":0,"href":"https:\/\/www.esports-betting.pro\/es\/wp-json\/wp\/v2\/pages\/9946\/revisions"}],"up":[{"embeddable":true,"href":"https:\/\/www.esports-betting.pro\/es\/wp-json\/wp\/v2\/pages\/13"}],"wp:attachment":[{"href":"https:\/\/www.esports-betting.pro\/es\/wp-json\/wp\/v2\/media?parent=9946"}],"curies":[{"name":"wp","href":"https:\/\/api.w.org\/{rel}","templated":true}]}}