{"id":980,"date":"2016-02-17T17:52:14","date_gmt":"2016-02-17T17:52:14","guid":{"rendered":"https:\/\/www.esports-betting.pro\/es\/?page_id=980"},"modified":"2016-02-17T17:52:14","modified_gmt":"2016-02-17T17:52:14","slug":"programacion-del-major-de-shanghai-2016","status":"publish","type":"page","link":"https:\/\/www.esports-betting.pro\/es\/dota-2\/major-shanghai-2016\/programacion-del-major-de-shanghai-2016\/","title":{"rendered":"Programaci\u00f3n del Major de Shangh\u00e1i 2016 | Major de Invierno"},"content":{"rendered":"<p style=\"text-align: justify\"><img loading=\"lazy\" decoding=\"async\" class=\"size-full wp-image-981 alignright\" src=\"https:\/\/www.esports-betting.pro\/app\/uploads\/sites\/3\/2016\/02\/Shanghai-Major-Dota2-logo.jpg\" alt=\"Shanghai-Major-Dota2-logo\" width=\"300\" height=\"111\" \/>El primer Major del 2016 es el <a href=\"https:\/\/www.esports-betting.pro\/es\/dota-2\/major-shanghai-2016\/\">Major de Shangh\u00e1i<\/a>\u2014o Major de Invierno\u2014. Al igual que el Major de Frankfurt, Valve mantendr\u00e1 el mismo formato ya que funcion\u00f3 bastante bien. Este torneo comenzar\u00e1 con una Fase de Grupos round robin y seguir\u00e1 con los Playoffs de eliminaci\u00f3n doble &#8211; o Evento Principal, el torneo tambi\u00e9n contar\u00e1 con <strong><a href=\"https:\/\/www.esports-betting.pro\/es\/\">apuestas esports<\/a><\/strong>. <strong>El Major de Invierno 2016 comenzar\u00e1 el 25 de febrero y terminar\u00e1 el 6 de marzo.\u00a0<\/strong><\/p>\n<h2 style=\"text-align: justify\"><strong><img loading=\"lazy\" decoding=\"async\" class=\"alignnone size-full wp-image-982\" src=\"https:\/\/www.esports-betting.pro\/app\/uploads\/sites\/3\/2016\/02\/Shanghai-Major-Icon.jpg\" alt=\"Shanghai-Major-Icon\" width=\"20\" height=\"20\" \/>\u00a0Major\u00a0de Shangh\u00e1i 2016 | Programaci\u00f3n:<\/strong><\/h2>\n<ul style=\"text-align: justify\">\n<li><a href=\"https:\/\/www.esports-betting.pro\/es\/dota-2\/major-shanghai-2016\/fase-de-grupos\/\"><strong>Fase de Grupos<\/strong>:<\/a> 25\/02\/2016 &#8211; 28\/02\/2016 &#8211; Los mejores 2 equipos de los cuatro grupos ir\u00e1n a la Plantilla\u00a0Superior y el resto ir\u00e1 a la Plantilla\u00a0Inferior en el Evento Principal.<\/li>\n<li><strong>Evento Principal<\/strong>: 02\/03\/2016 &#8211; 06\/03\/2016 (Playoffs) &#8211; Plantilla\u00a0de Eliminaci\u00f3n Doble | Gran Final al Mejor de 5<\/li>\n<li>Todos los juegos podr\u00e1n ser visualizados en vivo en Dota2.com.cn<\/li>\n<\/ul>\n<h2 style=\"text-align: justify\"><img loading=\"lazy\" decoding=\"async\" class=\"alignnone size-full wp-image-982\" src=\"https:\/\/www.esports-betting.pro\/app\/uploads\/sites\/3\/2016\/02\/Shanghai-Major-Icon.jpg\" alt=\"Shanghai-Major-Icon\" width=\"20\" height=\"20\" \/>\u00a0Major de Shangh\u00e1i 2016 Programaci\u00f3n | Fase de Grupos:<\/h2>\n<p style=\"text-align: justify\">La Fase de Grupos tendr\u00e1 lugar del 25 al 28 de febrero. Esta fase de round robin determinar\u00e1 cu\u00e1les equipos tendr\u00e1n la ventaja y los mejores chances de ganar el torneo. Para ello, los 16 equipos ser\u00e1n divididos en cuatro grupos. Cada equipo jugar\u00e1 al Mejor de 3 contra los otros 3 equipos en su grupo. Al final, los mejores 2 equipos de cada grupo ir\u00e1 a la Plantilla Superior y el resto del grupo, los dos equipos restantes, ir\u00e1n a la Plantilla inferior.<\/p>\n<p style=\"text-align: justify\"><strong>El primer d\u00eda de la Fase de Grupos (25 de febrero) comenzar\u00e1 a las 2:00 a.m. CET, mientras que los dem\u00e1s d\u00edas comenzar\u00e1 a las 8:00 a.m. CET.<\/strong><\/p>\n<p style=\"text-align: justify\">Cuando se tratan de las apuestas en los torneos, la Fase de Grupo es realmente importante y debe ser tomado en cuenta. Los ganadores del round robin tendr\u00e1n mayores chances de ganar el torneo. Sin embargo, a veces los milagros ocurren y un equipo en la Plantilla Inferior puede ganar el torneo. Solamente ha sucedido\u2014en un torneo de Valve\u2014, en el Major de Frankfurt del 2015 con OG.<\/p>\n<h2><img loading=\"lazy\" decoding=\"async\" class=\"alignnone size-full wp-image-982\" src=\"https:\/\/www.esports-betting.pro\/app\/uploads\/sites\/3\/2016\/02\/Shanghai-Major-Icon.jpg\" alt=\"Shanghai-Major-Icon\" width=\"20\" height=\"20\" \/>\u00a0Programaci\u00f3n de los Partidos &#8211; Fase de Grupos | Major de Shangh\u00e1i<\/h2>\n<h3>Programaci\u00f3n D\u00eda 1 &#8211; 25 de febrero, 2016<\/h3>\n<p><strong>Grupo A:<br \/>\n<img loading=\"lazy\" decoding=\"async\" class=\"alignnone wp-image-1037 size-full\" src=\"https:\/\/www.esports-betting.pro\/app\/uploads\/sites\/3\/2016\/02\/Ehome-dota2-equipo-logo.jpg\" alt=\"Ehome dota2 equipo logo\" width=\"40\" height=\"34\" \/>\u00a0EHOME\u00a0<span style=\"color: #ff0000\">vs.<\/span>\u00a0<img loading=\"lazy\" decoding=\"async\" class=\"alignnone wp-image-1040 size-full\" src=\"https:\/\/www.esports-betting.pro\/app\/uploads\/sites\/3\/2016\/02\/MVP-Phoenix-dota2-equipo-logo.jpg\" alt=\"MVP Phoenix dota2 equipo logo\" width=\"40\" height=\"34\" \/>\u00a0MVP Phoenix\u00a0<span style=\"background-color: #000000\">\u00a0<span style=\"color: #0000ff\">0<\/span> <span style=\"color: #ffffff\">:<\/span> <span style=\"color: #ff0000\">2<\/span>\u00a0<\/span><br \/>\nHora de Inicio: <\/strong>Por Anunciar<\/p>\n<p><strong><img loading=\"lazy\" decoding=\"async\" class=\"alignnone wp-image-1045 size-full\" src=\"https:\/\/www.esports-betting.pro\/app\/uploads\/sites\/3\/2016\/02\/Team-Secret-dota2-equipo-logo.jpg\" alt=\"Team Secret dota2 equipo logo\" width=\"40\" height=\"34\" \/>\u00a0<strong>Team Secret<\/strong>\u00a0<span style=\"color: #ff0000\">vs.<\/span>\u00a0<img loading=\"lazy\" decoding=\"async\" class=\"alignnone wp-image-1034 size-full\" src=\"https:\/\/www.esports-betting.pro\/app\/uploads\/sites\/3\/2016\/02\/CDEC-dota2-equipo-logo.jpg\" alt=\"CDEC dota2 equipo logo\" width=\"40\" height=\"34\" \/><strong>\u00a0CDEC Gaming\u00a0<span style=\"background-color: #000000\"> <span style=\"color: #ff0000\">2<\/span>\u00a0<span style=\"color: #ffffff\">:<\/span> <span style=\"color: #0000ff\">1<\/span>\u00a0<\/span><br \/>\n<\/strong><\/strong><strong>Hora de Inicio: <\/strong>Por Anunciar<\/p>\n<h3>Programaci\u00f3n D\u00eda 2\u00a0&#8211; 26 de febrero, 2016<\/h3>\n<p><strong>Grupo B:\u00a0<\/strong><\/p>\n<p><strong><img loading=\"lazy\" decoding=\"async\" class=\"alignnone wp-image-1033 size-full\" src=\"https:\/\/www.esports-betting.pro\/app\/uploads\/sites\/3\/2016\/02\/Alliance-dota2-equipo-logo.jpg\" alt=\"Alliance dota2 equipo logo\" width=\"40\" height=\"34\" \/>\u00a0Alliance\u00a0<span style=\"color: #ff0000\">vs.<\/span>\u00a0<img loading=\"lazy\" decoding=\"async\" class=\"alignnone wp-image-1046 size-full\" src=\"https:\/\/www.esports-betting.pro\/app\/uploads\/sites\/3\/2016\/02\/Team-Spirit-dota2-equipo-logo.jpg\" alt=\"Team Spirit dota2 equipo logo\" width=\"40\" height=\"34\" \/>\u00a0Team\u00a0Spirit\u00a0<span style=\"background-color: #000000\">\u00a0<span style=\"color: #ff0000\">2<\/span>\u00a0<span style=\"color: #ffffff\">:<\/span> <span style=\"color: #0000ff\">0<\/span>\u00a0<\/span><br \/>\n<\/strong><strong>Hora de Inicio: <\/strong>Por Anunciar<\/p>\n<p><strong><img loading=\"lazy\" decoding=\"async\" class=\"alignnone wp-image-1047 size-full\" src=\"https:\/\/www.esports-betting.pro\/app\/uploads\/sites\/3\/2016\/02\/Vici-Gaming-dota2-equipo-logo.jpg\" alt=\"Vici Gaming dota2 equipo logo\" width=\"40\" height=\"34\" \/>\u00a0Vici Gaming\u00a0<span style=\"color: #ff0000\">vs.<\/span>\u00a0<img loading=\"lazy\" decoding=\"async\" class=\"alignnone wp-image-1038 size-full\" src=\"https:\/\/www.esports-betting.pro\/app\/uploads\/sites\/3\/2016\/02\/Fnatic-dota2-equipo-logo.jpg\" alt=\"Fnatic dota2 equipo logo\" width=\"40\" height=\"34\" \/>\u00a0Fnatic\u00a0<span style=\"background-color: #000000\"><span style=\"color: #0000ff\"> 1<\/span>\u00a0<span style=\"color: #ffffff\">:<\/span> <span style=\"color: #ff0000\">2<\/span>\u00a0<\/span><br \/>\n<\/strong><strong>Hora de Inicio: <\/strong>Por Anunciar<\/p>\n<h3>Programaci\u00f3n D\u00eda 3\u00a0&#8211; 27 de febrero, 2016<\/h3>\n<p><strong>Grupo C:\u00a0<\/strong><\/p>\n<p><strong><img loading=\"lazy\" decoding=\"async\" class=\"alignnone wp-image-1042 size-full\" src=\"https:\/\/www.esports-betting.pro\/app\/uploads\/sites\/3\/2016\/02\/OG-dota2-equipo-logo.jpg\" alt=\"OG dota2 equipo logo\" width=\"40\" height=\"34\" \/>\u00a0OG\u00a0<span style=\"color: #ff0000\">vs.<\/span>\u00a0<img loading=\"lazy\" decoding=\"async\" class=\"alignnone wp-image-1043 size-full\" src=\"https:\/\/www.esports-betting.pro\/app\/uploads\/sites\/3\/2016\/02\/Team-Archon-dota2-equipo-logo.jpg\" alt=\"Team Archon dota2 equipo logo\" width=\"40\" height=\"34\" \/>\u00a0Team Archon\u00a0<span style=\"background-color: #000000\">\u00a0<span style=\"color: #ff0000\">2<\/span>\u00a0<span style=\"color: #ffffff\">:<\/span> <span style=\"color: #0000ff\">0<\/span>\u00a0<\/span><br \/>\n<\/strong><strong>Hora de Inicio: <\/strong>Por Anunciar<\/p>\n<p><strong><img loading=\"lazy\" decoding=\"async\" class=\"alignnone wp-image-1039 size-full\" src=\"https:\/\/www.esports-betting.pro\/app\/uploads\/sites\/3\/2016\/02\/LGD-dota2-equipo-logo.jpg\" alt=\"LGD dota2 equipo logo\" width=\"40\" height=\"34\" \/>\u00a0<strong>LGD Gaming<\/strong>\u00a0<span style=\"color: #ff0000\">vs.<\/span>\u00a0<img loading=\"lazy\" decoding=\"async\" class=\"alignnone wp-image-1041 size-full\" src=\"https:\/\/www.esports-betting.pro\/app\/uploads\/sites\/3\/2016\/02\/Newbee-dota2-equipo-logo.jpg\" alt=\"Newbee dota2 equipo logo\" width=\"40\" height=\"34\" \/>\u00a0Newbee\u00a0<span style=\"background-color: #000000\"> <span style=\"color: #ff0000\">2<\/span>\u00a0<span style=\"color: #ffffff\">:<\/span> <span style=\"color: #0000ff\">1<\/span>\u00a0<\/span><br \/>\n<\/strong><strong>Hora de Inicio: <\/strong>Por Anunciar<\/p>\n<h3>Programaci\u00f3n D\u00eda 4\u00a0&#8211; 28 de febrero, 2016<\/h3>\n<p><strong>Grupo D:\u00a0<\/strong><\/p>\n<p><strong><img loading=\"lazy\" decoding=\"async\" class=\"alignnone wp-image-1036 size-full\" src=\"https:\/\/www.esports-betting.pro\/app\/uploads\/sites\/3\/2016\/02\/EG-dota2-equipo-logo.jpg\" alt=\"EG dota2 equipo logo\" width=\"40\" height=\"34\" \/>\u00a0Evil Geniuses\u00a0<span style=\"color: #ff0000\">vs.<\/span>\u00a0<img loading=\"lazy\" decoding=\"async\" class=\"alignnone size-full wp-image-1035\" src=\"https:\/\/www.esports-betting.pro\/app\/uploads\/sites\/3\/2016\/02\/Complexity-dota2-equipo-logo.jpg\" alt=\"Complexity dota2 equipo logo\" width=\"40\" height=\"34\" \/>\u00a0compLexity Gaming\u00a0<span style=\"background-color: #000000\"> <span style=\"color: #ff0000\">2<\/span>\u00a0<span style=\"color: #ffffff\">:<\/span> <span style=\"color: #0000ff\">1<\/span>\u00a0<\/span><br \/>\n<\/strong><strong>Hora de Inicio: <\/strong>Por Anunciar<\/p>\n<p><strong><img loading=\"lazy\" decoding=\"async\" class=\"alignnone size-full wp-image-1048\" src=\"https:\/\/www.esports-betting.pro\/app\/uploads\/sites\/3\/2016\/02\/Virtus.Pro-dota2-equipo-logo.jpg\" alt=\"Virtus.Pro dota2 equipo logo\" width=\"40\" height=\"34\" \/>\u00a0Virtus.Pro <span style=\"color: #ff0000\">vs.<\/span>\u00a0<img loading=\"lazy\" decoding=\"async\" class=\"alignnone wp-image-1044 size-full\" src=\"https:\/\/www.esports-betting.pro\/app\/uploads\/sites\/3\/2016\/02\/Team-Liquid-dota2-equipo-logo.jpg\" alt=\"Team Liquid dota2 equipo logo\" width=\"40\" height=\"34\" \/><strong>\u00a0Team Liquid\u00a0<span style=\"background-color: #000000\"> <span style=\"color: #ff0000\">2<\/span>\u00a0<span style=\"color: #ffffff\">:<\/span> <span style=\"color: #0000ff\">1<\/span>\u00a0<\/span><br \/>\nHora de Inicio: <\/strong><\/strong>Por Anunciar<strong><strong><br \/>\n<\/strong><\/strong><\/p>\n<h2 style=\"text-align: justify\"><img loading=\"lazy\" decoding=\"async\" class=\"alignnone size-full wp-image-982\" src=\"https:\/\/www.esports-betting.pro\/app\/uploads\/sites\/3\/2016\/02\/Shanghai-Major-Icon.jpg\" alt=\"Shanghai-Major-Icon\" width=\"20\" height=\"20\" \/>\u00a0Major de Shangh\u00e1i 2016 Programaci\u00f3n | Evento Principal:<\/h2>\n<p style=\"text-align: justify\">Luego de terminar la Fase de Grupos, los equipos tendr\u00e1n dos d\u00edas para descansar y prepararse para <strong>el Evento Principal que tendr\u00e1 lugar del 2 al 6 de marzo<\/strong>. En esta fase, si un equipo de la Plantilla Superior pierde, tendr\u00e1n otra oportunidad de ganar el Major de Shangh\u00e1i al descender a la Plantilla Inferior. Por otro lado, los equipos en la Plantilla Inferior no tendr\u00e1n otra oportunidad si pierden un partido. La primera ronda en la Plantilla Inferior ser\u00e1 al Mejor de 1, la Gran Final al Mejor de 5 y el resto de los juegos ser\u00e1n al Mejor de 3.<\/p>\n<p style=\"text-align: justify\"><strong>Todos los partidos del primer d\u00eda (2 de marzo) comenzar\u00e1n a las 3:00 a.m. CET<\/strong>\u00a0y solo se jugar\u00e1 la primera ronda de la Plantilla Inferior en una serie al Mejor de 1. <strong>La programaci\u00f3n de los dem\u00e1s d\u00edas comenzar\u00e1 a las 6:00 a.m. CET.<\/strong><\/p>\n<p style=\"text-align: justify\">Un equipo que comience en la Plantilla Inferior tendr\u00e1 que tener una racha victoriosa de 7 series\u00a0para poder ganar el torneo, mientras que un equipo en la Plantilla Superior puede ganar el torneo con una racha victoriosa de 4 series\u2014y todav\u00eda tendr\u00e1n la oportunidad de ganar el torneo al ir a la Plantilla Inferior luego de haber perdido una serie. Es extremadamente dif\u00edcil para un equipo que comience en la Plantilla Inferior gane el torneo, es por eso que la Fase de Grupos es tan importante como la plantilla de doble eliminaci\u00f3n en el Evento Principal.<\/p>\n<p style=\"text-align: justify\"><strong>M\u00e1s informaci\u00f3n del Major de Shagh\u00e1i:<\/strong><\/p>\n<p style=\"text-align: justify\"><a href=\"https:\/\/www.esports-betting.pro\/es\/dota-2\/major-shanghai-2016\/\">Resumen del Torneo y Evento Principal<\/a><\/p>\n<p style=\"text-align: justify\"><a href=\"https:\/\/www.esports-betting.pro\/es\/dota-2\/major-shanghai-2016\/fase-de-grupos\/\">Fase de Grupos<\/a><\/p>\n<p><strong><a href=\"https:\/\/www.esports-betting.pro\/es\/dota-2\/\">Apuestas en Dota 2<\/a><\/strong><\/p>\n","protected":false},"excerpt":{"rendered":"<p>El primer Major del 2016 es el Major de Shangh\u00e1i\u2014o Major de Invierno\u2014. Al igual que el Major de Frankfurt, Valve mantendr\u00e1 el mismo formato ya que funcion\u00f3 bastante bien. Este torneo comenzar\u00e1 con una Fase de Grupos round robin y seguir\u00e1 con los Playoffs de eliminaci\u00f3n doble &#8211; o Evento Principal, el torneo tambi\u00e9n &hellip; <a href=\"https:\/\/www.esports-betting.pro\/es\/dota-2\/major-shanghai-2016\/programacion-del-major-de-shanghai-2016\/\">Continued<\/a><\/p>\n","protected":false},"author":24,"featured_media":0,"parent":680,"menu_order":0,"comment_status":"closed","ping_status":"closed","template":"","meta":{"_acf_changed":false,"footnotes":""},"acf":[],"yoast_head":"<!-- This site is optimized with the Yoast SEO plugin v22.6 - https:\/\/yoast.com\/wordpress\/plugins\/seo\/ -->\n<title>Programaci\u00f3n del Major de Shangh\u00e1i 2016 | Apuestas eSports<\/title>\n<meta name=\"description\" content=\"Aqu\u00ed tendr\u00e1s toda la informaci\u00f3n, formato y fechas del Major de Shangh\u00e1i 2016 \u2013 o Major de Invierno. Apuestas eSports, tu mejor sitio de informaci\u00f3n.\" \/>\n<meta name=\"robots\" content=\"index, follow, max-snippet:-1, max-image-preview:large, max-video-preview:-1\" \/>\n<link rel=\"canonical\" href=\"https:\/\/www.esports-betting.pro\/es\/dota-2\/major-shanghai-2016\/programacion-del-major-de-shanghai-2016\/\" \/>\n<meta property=\"og:locale\" content=\"es_ES\" \/>\n<meta property=\"og:type\" content=\"article\" \/>\n<meta property=\"og:title\" content=\"Programaci\u00f3n del Major de Shangh\u00e1i 2016 | Apuestas eSports\" \/>\n<meta property=\"og:description\" content=\"Aqu\u00ed tendr\u00e1s toda la informaci\u00f3n, formato y fechas del Major de Shangh\u00e1i 2016 \u2013 o Major de Invierno. Apuestas eSports, tu mejor sitio de informaci\u00f3n.\" \/>\n<meta property=\"og:url\" content=\"https:\/\/www.esports-betting.pro\/es\/dota-2\/major-shanghai-2016\/programacion-del-major-de-shanghai-2016\/\" \/>\n<meta property=\"og:site_name\" content=\"Esports Betting - ES\" \/>\n<meta property=\"og:image\" content=\"https:\/\/www.esports-betting.pro\/app\/uploads\/sites\/3\/2016\/02\/Shanghai-Major-Dota2-logo.jpg\" \/>\n<meta name=\"twitter:card\" content=\"summary_large_image\" \/>\n<meta name=\"twitter:label1\" content=\"Est. reading time\" \/>\n\t<meta name=\"twitter:data1\" content=\"4 minutos\" \/>\n<script type=\"application\/ld+json\" class=\"yoast-schema-graph\">{\"@context\":\"https:\/\/schema.org\",\"@graph\":[{\"@type\":\"WebPage\",\"@id\":\"https:\/\/www.esports-betting.pro\/es\/dota-2\/major-shanghai-2016\/programacion-del-major-de-shanghai-2016\/\",\"url\":\"https:\/\/www.esports-betting.pro\/es\/dota-2\/major-shanghai-2016\/programacion-del-major-de-shanghai-2016\/\",\"name\":\"Programaci\u00f3n del Major de Shangh\u00e1i 2016 | Apuestas eSports\",\"isPartOf\":{\"@id\":\"https:\/\/www.esports-betting.pro\/es\/#website\"},\"primaryImageOfPage\":{\"@id\":\"https:\/\/www.esports-betting.pro\/es\/dota-2\/major-shanghai-2016\/programacion-del-major-de-shanghai-2016\/#primaryimage\"},\"image\":{\"@id\":\"https:\/\/www.esports-betting.pro\/es\/dota-2\/major-shanghai-2016\/programacion-del-major-de-shanghai-2016\/#primaryimage\"},\"thumbnailUrl\":\"https:\/\/www.esports-betting.pro\/app\/uploads\/sites\/3\/2016\/02\/Shanghai-Major-Dota2-logo.jpg\",\"datePublished\":\"2016-02-17T17:52:14+00:00\",\"dateModified\":\"2016-02-17T17:52:14+00:00\",\"description\":\"Aqu\u00ed tendr\u00e1s toda la informaci\u00f3n, formato y fechas del Major de Shangh\u00e1i 2016 \u2013 o Major de Invierno. Apuestas eSports, tu mejor sitio de informaci\u00f3n.\",\"breadcrumb\":{\"@id\":\"https:\/\/www.esports-betting.pro\/es\/dota-2\/major-shanghai-2016\/programacion-del-major-de-shanghai-2016\/#breadcrumb\"},\"inLanguage\":\"es\",\"potentialAction\":[{\"@type\":\"ReadAction\",\"target\":[\"https:\/\/www.esports-betting.pro\/es\/dota-2\/major-shanghai-2016\/programacion-del-major-de-shanghai-2016\/\"]}]},{\"@type\":\"ImageObject\",\"inLanguage\":\"es\",\"@id\":\"https:\/\/www.esports-betting.pro\/es\/dota-2\/major-shanghai-2016\/programacion-del-major-de-shanghai-2016\/#primaryimage\",\"url\":\"https:\/\/www.esports-betting.pro\/app\/uploads\/sites\/3\/2016\/02\/Shanghai-Major-Dota2-logo.jpg\",\"contentUrl\":\"https:\/\/www.esports-betting.pro\/app\/uploads\/sites\/3\/2016\/02\/Shanghai-Major-Dota2-logo.jpg\"},{\"@type\":\"BreadcrumbList\",\"@id\":\"https:\/\/www.esports-betting.pro\/es\/dota-2\/major-shanghai-2016\/programacion-del-major-de-shanghai-2016\/#breadcrumb\",\"itemListElement\":[{\"@type\":\"ListItem\",\"position\":1,\"name\":\"Home\",\"item\":\"https:\/\/www.esports-betting.pro\/es\/\"},{\"@type\":\"ListItem\",\"position\":2,\"name\":\"Apuestas en Dota 2 | Sitios de apuestas y cuotas\",\"item\":\"https:\/\/www.esports-betting.pro\/es\/dota-2\/\"},{\"@type\":\"ListItem\",\"position\":3,\"name\":\"Major de Shangh\u00e1i de 2016\",\"item\":\"https:\/\/www.esports-betting.pro\/es\/dota-2\/major-shanghai-2016\/\"},{\"@type\":\"ListItem\",\"position\":4,\"name\":\"Programaci\u00f3n del Major de Shangh\u00e1i 2016 | Major de Invierno\"}]},{\"@type\":\"WebSite\",\"@id\":\"https:\/\/www.esports-betting.pro\/es\/#website\",\"url\":\"https:\/\/www.esports-betting.pro\/es\/\",\"name\":\"Esports Betting - ES\",\"description\":\"Just another Esports Betting Sites site\",\"potentialAction\":[{\"@type\":\"SearchAction\",\"target\":{\"@type\":\"EntryPoint\",\"urlTemplate\":\"https:\/\/www.esports-betting.pro\/es\/?s={search_term_string}\"},\"query-input\":\"required name=search_term_string\"}],\"inLanguage\":\"es\"}]}<\/script>\n<!-- \/ Yoast SEO plugin. -->","yoast_head_json":{"title":"Programaci\u00f3n del Major de Shangh\u00e1i 2016 | Apuestas eSports","description":"Aqu\u00ed tendr\u00e1s toda la informaci\u00f3n, formato y fechas del Major de Shangh\u00e1i 2016 \u2013 o Major de Invierno. Apuestas eSports, tu mejor sitio de informaci\u00f3n.","robots":{"index":"index","follow":"follow","max-snippet":"max-snippet:-1","max-image-preview":"max-image-preview:large","max-video-preview":"max-video-preview:-1"},"canonical":"https:\/\/www.esports-betting.pro\/es\/dota-2\/major-shanghai-2016\/programacion-del-major-de-shanghai-2016\/","og_locale":"es_ES","og_type":"article","og_title":"Programaci\u00f3n del Major de Shangh\u00e1i 2016 | Apuestas eSports","og_description":"Aqu\u00ed tendr\u00e1s toda la informaci\u00f3n, formato y fechas del Major de Shangh\u00e1i 2016 \u2013 o Major de Invierno. Apuestas eSports, tu mejor sitio de informaci\u00f3n.","og_url":"https:\/\/www.esports-betting.pro\/es\/dota-2\/major-shanghai-2016\/programacion-del-major-de-shanghai-2016\/","og_site_name":"Esports Betting - ES","og_image":[{"url":"https:\/\/www.esports-betting.pro\/app\/uploads\/sites\/3\/2016\/02\/Shanghai-Major-Dota2-logo.jpg"}],"twitter_card":"summary_large_image","twitter_misc":{"Est. reading time":"4 minutos"},"schema":{"@context":"https:\/\/schema.org","@graph":[{"@type":"WebPage","@id":"https:\/\/www.esports-betting.pro\/es\/dota-2\/major-shanghai-2016\/programacion-del-major-de-shanghai-2016\/","url":"https:\/\/www.esports-betting.pro\/es\/dota-2\/major-shanghai-2016\/programacion-del-major-de-shanghai-2016\/","name":"Programaci\u00f3n del Major de Shangh\u00e1i 2016 | Apuestas eSports","isPartOf":{"@id":"https:\/\/www.esports-betting.pro\/es\/#website"},"primaryImageOfPage":{"@id":"https:\/\/www.esports-betting.pro\/es\/dota-2\/major-shanghai-2016\/programacion-del-major-de-shanghai-2016\/#primaryimage"},"image":{"@id":"https:\/\/www.esports-betting.pro\/es\/dota-2\/major-shanghai-2016\/programacion-del-major-de-shanghai-2016\/#primaryimage"},"thumbnailUrl":"https:\/\/www.esports-betting.pro\/app\/uploads\/sites\/3\/2016\/02\/Shanghai-Major-Dota2-logo.jpg","datePublished":"2016-02-17T17:52:14+00:00","dateModified":"2016-02-17T17:52:14+00:00","description":"Aqu\u00ed tendr\u00e1s toda la informaci\u00f3n, formato y fechas del Major de Shangh\u00e1i 2016 \u2013 o Major de Invierno. Apuestas eSports, tu mejor sitio de informaci\u00f3n.","breadcrumb":{"@id":"https:\/\/www.esports-betting.pro\/es\/dota-2\/major-shanghai-2016\/programacion-del-major-de-shanghai-2016\/#breadcrumb"},"inLanguage":"es","potentialAction":[{"@type":"ReadAction","target":["https:\/\/www.esports-betting.pro\/es\/dota-2\/major-shanghai-2016\/programacion-del-major-de-shanghai-2016\/"]}]},{"@type":"ImageObject","inLanguage":"es","@id":"https:\/\/www.esports-betting.pro\/es\/dota-2\/major-shanghai-2016\/programacion-del-major-de-shanghai-2016\/#primaryimage","url":"https:\/\/www.esports-betting.pro\/app\/uploads\/sites\/3\/2016\/02\/Shanghai-Major-Dota2-logo.jpg","contentUrl":"https:\/\/www.esports-betting.pro\/app\/uploads\/sites\/3\/2016\/02\/Shanghai-Major-Dota2-logo.jpg"},{"@type":"BreadcrumbList","@id":"https:\/\/www.esports-betting.pro\/es\/dota-2\/major-shanghai-2016\/programacion-del-major-de-shanghai-2016\/#breadcrumb","itemListElement":[{"@type":"ListItem","position":1,"name":"Home","item":"https:\/\/www.esports-betting.pro\/es\/"},{"@type":"ListItem","position":2,"name":"Apuestas en Dota 2 | Sitios de apuestas y cuotas","item":"https:\/\/www.esports-betting.pro\/es\/dota-2\/"},{"@type":"ListItem","position":3,"name":"Major de Shangh\u00e1i de 2016","item":"https:\/\/www.esports-betting.pro\/es\/dota-2\/major-shanghai-2016\/"},{"@type":"ListItem","position":4,"name":"Programaci\u00f3n del Major de Shangh\u00e1i 2016 | Major de Invierno"}]},{"@type":"WebSite","@id":"https:\/\/www.esports-betting.pro\/es\/#website","url":"https:\/\/www.esports-betting.pro\/es\/","name":"Esports Betting - ES","description":"Just another Esports Betting Sites site","potentialAction":[{"@type":"SearchAction","target":{"@type":"EntryPoint","urlTemplate":"https:\/\/www.esports-betting.pro\/es\/?s={search_term_string}"},"query-input":"required name=search_term_string"}],"inLanguage":"es"}]}},"_links":{"self":[{"href":"https:\/\/www.esports-betting.pro\/es\/wp-json\/wp\/v2\/pages\/980"}],"collection":[{"href":"https:\/\/www.esports-betting.pro\/es\/wp-json\/wp\/v2\/pages"}],"about":[{"href":"https:\/\/www.esports-betting.pro\/es\/wp-json\/wp\/v2\/types\/page"}],"author":[{"embeddable":true,"href":"https:\/\/www.esports-betting.pro\/es\/wp-json\/wp\/v2\/users\/24"}],"replies":[{"embeddable":true,"href":"https:\/\/www.esports-betting.pro\/es\/wp-json\/wp\/v2\/comments?post=980"}],"version-history":[{"count":0,"href":"https:\/\/www.esports-betting.pro\/es\/wp-json\/wp\/v2\/pages\/980\/revisions"}],"up":[{"embeddable":true,"href":"https:\/\/www.esports-betting.pro\/es\/wp-json\/wp\/v2\/pages\/680"}],"wp:attachment":[{"href":"https:\/\/www.esports-betting.pro\/es\/wp-json\/wp\/v2\/media?parent=980"}],"curies":[{"name":"wp","href":"https:\/\/api.w.org\/{rel}","templated":true}]}}