{"id":9778,"date":"2017-11-05T19:11:28","date_gmt":"2017-11-05T23:11:28","guid":{"rendered":"https:\/\/www.esports-betting.pro\/es\/?page_id=9778"},"modified":"2017-11-05T19:11:28","modified_gmt":"2017-11-05T23:11:28","slug":"archivo-torneos-ligas-pasados-league-legends","status":"publish","type":"page","link":"https:\/\/www.esports-betting.pro\/es\/league-of-legends-lol\/archivo-torneos-ligas-pasados-league-legends\/","title":{"rendered":"Archivo: torneos y ligas pasadas de League of Legends"},"content":{"rendered":"<p style=\"text-align: justify\"><img loading=\"lazy\" decoding=\"async\" class=\"alignright wp-image-9779\" src=\"https:\/\/www.esports-betting.pro\/app\/uploads\/sites\/3\/2017\/11\/League-of-Legends-All-Star-2017-Archivo.jpg\" alt=\"League of Legends All-Star 2017 Archivo\" width=\"220\" height=\"146\" \/>El archivo de torneos y ligas de League of Legends desde el 2015 en apuestas-esports.com. Aqu\u00ed podr\u00e1s encontrar los resultados, cuotas de apuestas y m\u00e1s sobre los torneos pasados. Si quieres conocer m\u00e1s sobre los torneos actuales de LoL o informaci\u00f3n de apuestas, lee nuestro <strong><a href=\"https:\/\/www.esports-betting.pro\/es\/league-of-legends-lol\/\">art\u00edculo de las apuestas en League of Legends<\/a><\/strong> o haz clic en los enlaces de abajo.<\/p>\n<h2><img loading=\"lazy\" decoding=\"async\" class=\"alignnone size-full wp-image-1261\" src=\"https:\/\/www.esports-betting.pro\/app\/uploads\/sites\/3\/2016\/03\/League-of-Legends-Icono-Boton.jpg\" alt=\"League of Legends Icono\" width=\"20\" height=\"20\" \/>\u00a0Torneos pasados de League of Legends 2o17<\/h2>\n<p><strong>LoL All-Stars 2017 | League of Legends Allstars 2017<\/strong><\/p>\n<ul>\n<li><a href=\"https:\/\/www.esports-betting.pro\/es\/league-of-legends-lol\/all-star-2017\/\">https:\/\/www.esports-betting.pro\/es\/league-of-legends-lol\/all-star-2017\/<\/a><\/li>\n<\/ul>\n<p><strong>Campeonato Mundial de League of Legends 2017 | LoL Worlds 2017<\/strong><\/p>\n<ul>\n<li><a href=\"https:\/\/www.esports-betting.pro\/es\/league-of-legends-lol\/worlds-2017-campeonato-mundial\/\">https:\/\/www.esports-betting.pro\/es\/league-of-legends-lol\/worlds-2017-campeonato-mundial\/<\/a><\/li>\n<\/ul>\n<p><strong>LCS 2017 | League of Legends LCS Temporada 7<\/strong><\/p>\n<ul>\n<li><a href=\"https:\/\/www.esports-betting.pro\/es\/league-of-legends-lol\/lcs-2017-lcs-temporada-7\/\">https:\/\/www.esports-betting.pro\/es\/league-of-legends-lol\/lcs-2017-lcs-temporada-7\/<\/a><\/li>\n<\/ul>\n<p><strong>Rift Rivals 2017<\/strong><\/p>\n<ul>\n<li><a href=\"https:\/\/www.esports-betting.pro\/es\/league-of-legends-lol\/rift-rivals-2017\/\">https:\/\/www.esports-betting.pro\/es\/league-of-legends-lol\/rift-rivals-2017\/<\/a><\/li>\n<\/ul>\n<p><strong>MSI 2017 Brasil | LoL Mid-Season Invitational<\/strong><\/p>\n<ul>\n<li><a href=\"https:\/\/www.esports-betting.pro\/es\/league-of-legends-lol\/msi-2017-brasil-mid-season-invitational\/\">https:\/\/www.esports-betting.pro\/es\/league-of-legends-lol\/msi-2017-brasil-mid-season-invitational\/<\/a><\/li>\n<\/ul>\n<p><strong>IEM Katowice 2017<\/strong><\/p>\n<ul>\n<li><a href=\"https:\/\/www.esports-betting.pro\/es\/league-of-legends-lol\/iem-katowice-2017-leagueoflegends\/\">https:\/\/www.esports-betting.pro\/es\/league-of-legends-lol\/iem-katowice-2017-leagueoflegends\/<\/a><\/li>\n<\/ul>\n<h2><img loading=\"lazy\" decoding=\"async\" class=\"alignnone size-full wp-image-1261\" src=\"https:\/\/www.esports-betting.pro\/app\/uploads\/sites\/3\/2016\/03\/League-of-Legends-Icono-Boton.jpg\" alt=\"League of Legends Icono\" width=\"20\" height=\"20\" \/>\u00a0Torneos pasados de League of Legends 2o16<\/h2>\n<p><strong>IWCQ 2016 Clasificatoria International WildCard<\/strong><\/p>\n<ul>\n<li><a href=\"https:\/\/www.esports-betting.pro\/es\/noticias\/lol\/iwcq-2016-international-wildcard\/\">https:\/\/www.esports-betting.pro\/es\/noticias\/lol\/iwcq-2016-international-wildcard\/<\/a><\/li>\n<\/ul>\n<p><strong>IEM Oakland 2016 \u2013 Temporada 11 | League of Legends<\/strong><\/p>\n<ul>\n<li><a href=\"https:\/\/www.esports-betting.pro\/es\/league-of-legends-lol\/iem-oakland-2016-temporada-11\/\">https:\/\/www.esports-betting.pro\/es\/league-of-legends-lol\/iem-oakland-2016-temporada-11\/<\/a><\/li>\n<\/ul>\n<p><strong>LoL All-Star 2016 | League of Legends All-Stars Barcelona<\/strong><\/p>\n<ul>\n<li><a href=\"https:\/\/www.esports-betting.pro\/es\/league-of-legends-lol\/all-star-2016\/\">https:\/\/www.esports-betting.pro\/es\/league-of-legends-lol\/all-star-2016\/<\/a><\/li>\n<\/ul>\n<p><strong>LCS Playoffs de Verano 2016 | NA LCS &#8211; EU LCS<\/strong><\/p>\n<ul>\n<li><a href=\"https:\/\/www.esports-betting.pro\/es\/league-of-legends-lol\/lcs-temporada-6-2016\/playoffs-split-de-verano\/\">https:\/\/www.esports-betting.pro\/es\/league-of-legends-lol\/lcs-temporada-6-2016\/playoffs-split-de-verano\/<\/a><\/li>\n<\/ul>\n<p><strong>LCS 6ta Temporada Split de Primavera 2016 | League of Legends<\/strong><\/p>\n<ul>\n<li><a href=\"https:\/\/www.esports-betting.pro\/es\/league-of-legends-lol\/lcs-temporada-6-2016\/split-primavera-2016\/\">https:\/\/www.esports-betting.pro\/es\/league-of-legends-lol\/lcs-temporada-6-2016\/split-primavera-2016\/<\/a><\/li>\n<\/ul>\n<p><strong>International WildCard Invitational | IWCI 2016<\/strong><\/p>\n<ul>\n<li><a href=\"https:\/\/www.esports-betting.pro\/es\/league-of-legends-lol\/international-wildcard-invitational-iwci-2016\/\">https:\/\/www.esports-betting.pro\/es\/league-of-legends-lol\/international-wildcard-invitational-iwci-2016\/<\/a><\/li>\n<\/ul>\n<p><strong>LCS 2016 | Playoffs del Split de primavera<\/strong><\/p>\n<ul>\n<li><a href=\"https:\/\/www.esports-betting.pro\/es\/league-of-legends-lol\/lcs-temporada-6-2016\/playoffs-split-de-primavera\/\">https:\/\/www.esports-betting.pro\/es\/league-of-legends-lol\/lcs-temporada-6-2016\/playoffs-split-de-primavera\/<\/a><\/li>\n<\/ul>\n<p><strong>Promoci\u00f3n de verano 2016 | League of Legends LCS<\/strong><\/p>\n<ul>\n<li><a href=\"https:\/\/www.esports-betting.pro\/es\/league-of-legends-lol\/lcs-temporada-6-2016\/promocion-verano\/\">https:\/\/www.esports-betting.pro\/es\/league-of-legends-lol\/lcs-temporada-6-2016\/promocion-verano\/<\/a><\/li>\n<\/ul>\n<p><strong>Campeonato Mundial de League of Legends 2016<\/strong><\/p>\n<ul>\n<li><a href=\"https:\/\/www.esports-betting.pro\/es\/league-of-legends-lol\/campeonato-mundial-2016-6ta-temporada\/\">https:\/\/www.esports-betting.pro\/es\/league-of-legends-lol\/campeonato-mundial-2016-6ta-temporada\/<\/a><\/li>\n<\/ul>\n<p><strong>Mid-Season Invitational 2016 | Shangh\u00e1i<\/strong><\/p>\n<ul>\n<li><a href=\"https:\/\/www.esports-betting.pro\/es\/league-of-legends-lol\/msi-shanghai-2016\/\">https:\/\/www.esports-betting.pro\/es\/league-of-legends-lol\/msi-shanghai-2016\/<\/a><\/li>\n<\/ul>\n<p><strong>Intel Extreme Masters Katowice 2016<\/strong><\/p>\n<ul>\n<li><a href=\"https:\/\/www.esports-betting.pro\/es\/league-of-legends-lol\/iem-katowice-2016\/\">https:\/\/www.esports-betting.pro\/es\/league-of-legends-lol\/iem-katowice-2016\/<\/a><\/li>\n<\/ul>\n<p><strong>League of Legends LCS 2016 | 6ta Temporada<\/strong><\/p>\n<ul>\n<li><a href=\"https:\/\/www.esports-betting.pro\/es\/league-of-legends-lol\/lcs-temporada-6-2016\/\">https:\/\/www.esports-betting.pro\/es\/league-of-legends-lol\/lcs-temporada-6-2016\/<\/a><\/li>\n<\/ul>\n<h2><img loading=\"lazy\" decoding=\"async\" class=\"alignnone size-full wp-image-1261\" src=\"https:\/\/www.esports-betting.pro\/app\/uploads\/sites\/3\/2016\/03\/League-of-Legends-Icono-Boton.jpg\" alt=\"League of Legends Icono\" width=\"20\" height=\"20\" \/>\u00a0Torneos pasados de League of Legends 2o15<\/h2>\n<p><strong>League of Legends All-Star 2015 Los Angeles<\/strong><\/p>\n<ul>\n<li><a href=\"https:\/\/www.esports-betting.pro\/es\/league-of-legends-lol\/all-star-2015-los-angeles\/\">https:\/\/www.esports-betting.pro\/es\/league-of-legends-lol\/all-star-2015-los-angeles\/<\/a><\/li>\n<\/ul>\n<p><strong>Campeonato Mundial de League of Legends 2015<\/strong><\/p>\n<ul>\n<li><a href=\"https:\/\/www.esports-betting.pro\/es\/league-of-legends-lol\/campeonato-mundial-2015-5ta-temporada\/\">https:\/\/www.esports-betting.pro\/es\/league-of-legends-lol\/campeonato-mundial-2015-5ta-temporada\/<\/a><\/li>\n<\/ul>\n<p><strong>Intel Extreme Masters Colonia 2015<\/strong><\/p>\n<ul>\n<li><a href=\"https:\/\/www.esports-betting.pro\/es\/league-of-legends-lol\/iem-colonia-2015-lol\/\">https:\/\/www.esports-betting.pro\/es\/league-of-legends-lol\/iem-colonia-2015-lol\/<\/a><\/li>\n<\/ul>\n<p><strong>Intel Extreme Masters San Jose 2015<\/strong><\/p>\n<ul>\n<li><a href=\"https:\/\/www.esports-betting.pro\/es\/league-of-legends-lol\/iem-san-jose-2015-lol\/\">https:\/\/www.esports-betting.pro\/es\/league-of-legends-lol\/iem-san-jose-2015-lol\/<\/a><\/li>\n<\/ul>\n<p style=\"text-align: center\"><strong>M\u00e1s informaci\u00f3n sobre League of Legends y sus apuestas:<\/strong><\/p>\n<h4 style=\"text-align: center\">&gt;&gt; <a href=\"https:\/\/www.esports-betting.pro\/es\/league-of-legends-lol\/\">Informaci\u00f3n de los torneos actuales de League of Legends, apuestas y cuotas<\/a>\u00a0&gt;&gt;<\/h4>\n","protected":false},"excerpt":{"rendered":"<p>El archivo de torneos y ligas de League of Legends desde el 2015 en apuestas-esports.com. Aqu\u00ed podr\u00e1s encontrar los resultados, cuotas de apuestas y m\u00e1s sobre los torneos pasados. Si quieres conocer m\u00e1s sobre los torneos actuales de LoL o informaci\u00f3n de apuestas, lee nuestro art\u00edculo de las apuestas en League of Legends o haz &hellip; <a href=\"https:\/\/www.esports-betting.pro\/es\/league-of-legends-lol\/archivo-torneos-ligas-pasados-league-legends\/\">Continued<\/a><\/p>\n","protected":false},"author":24,"featured_media":0,"parent":11,"menu_order":0,"comment_status":"closed","ping_status":"closed","template":"","meta":{"_acf_changed":false,"footnotes":""},"acf":[],"yoast_head":"<!-- This site is optimized with the Yoast SEO plugin v22.6 - https:\/\/yoast.com\/wordpress\/plugins\/seo\/ -->\n<title>Archivo de League of Legends (LoL) | Apuestas eSports<\/title>\n<meta name=\"description\" content=\"Este es el registro de los torneos, eventos y ligas de League of Legends (LoL) con informaci\u00f3n de apuestas-esports.com. Ve resultados, equipos y m\u00e1s.\" \/>\n<meta name=\"robots\" content=\"index, follow, max-snippet:-1, max-image-preview:large, max-video-preview:-1\" \/>\n<link rel=\"canonical\" href=\"https:\/\/www.esports-betting.pro\/es\/league-of-legends-lol\/archivo-torneos-ligas-pasados-league-legends\/\" \/>\n<meta property=\"og:locale\" content=\"es_ES\" \/>\n<meta property=\"og:type\" content=\"article\" \/>\n<meta property=\"og:title\" content=\"Archivo de League of Legends (LoL) | Apuestas eSports\" \/>\n<meta property=\"og:description\" content=\"Este es el registro de los torneos, eventos y ligas de League of Legends (LoL) con informaci\u00f3n de apuestas-esports.com. Ve resultados, equipos y m\u00e1s.\" \/>\n<meta property=\"og:url\" content=\"https:\/\/www.esports-betting.pro\/es\/league-of-legends-lol\/archivo-torneos-ligas-pasados-league-legends\/\" \/>\n<meta property=\"og:site_name\" content=\"Esports Betting - ES\" \/>\n<meta property=\"og:image\" content=\"https:\/\/www.esports-betting.pro\/app\/uploads\/sites\/3\/2017\/11\/League-of-Legends-All-Star-2017-Archivo.jpg\" \/>\n<meta name=\"twitter:card\" content=\"summary_large_image\" \/>\n<meta name=\"twitter:label1\" content=\"Est. reading time\" \/>\n\t<meta name=\"twitter:data1\" content=\"2 minutos\" \/>\n<script type=\"application\/ld+json\" class=\"yoast-schema-graph\">{\"@context\":\"https:\/\/schema.org\",\"@graph\":[{\"@type\":\"WebPage\",\"@id\":\"https:\/\/www.esports-betting.pro\/es\/league-of-legends-lol\/archivo-torneos-ligas-pasados-league-legends\/\",\"url\":\"https:\/\/www.esports-betting.pro\/es\/league-of-legends-lol\/archivo-torneos-ligas-pasados-league-legends\/\",\"name\":\"Archivo de League of Legends (LoL) | Apuestas eSports\",\"isPartOf\":{\"@id\":\"https:\/\/www.esports-betting.pro\/es\/#website\"},\"primaryImageOfPage\":{\"@id\":\"https:\/\/www.esports-betting.pro\/es\/league-of-legends-lol\/archivo-torneos-ligas-pasados-league-legends\/#primaryimage\"},\"image\":{\"@id\":\"https:\/\/www.esports-betting.pro\/es\/league-of-legends-lol\/archivo-torneos-ligas-pasados-league-legends\/#primaryimage\"},\"thumbnailUrl\":\"https:\/\/www.esports-betting.pro\/app\/uploads\/sites\/3\/2017\/11\/League-of-Legends-All-Star-2017-Archivo.jpg\",\"datePublished\":\"2017-11-05T23:11:28+00:00\",\"dateModified\":\"2017-11-05T23:11:28+00:00\",\"description\":\"Este es el registro de los torneos, eventos y ligas de League of Legends (LoL) con informaci\u00f3n de apuestas-esports.com. Ve resultados, equipos y m\u00e1s.\",\"breadcrumb\":{\"@id\":\"https:\/\/www.esports-betting.pro\/es\/league-of-legends-lol\/archivo-torneos-ligas-pasados-league-legends\/#breadcrumb\"},\"inLanguage\":\"es\",\"potentialAction\":[{\"@type\":\"ReadAction\",\"target\":[\"https:\/\/www.esports-betting.pro\/es\/league-of-legends-lol\/archivo-torneos-ligas-pasados-league-legends\/\"]}]},{\"@type\":\"ImageObject\",\"inLanguage\":\"es\",\"@id\":\"https:\/\/www.esports-betting.pro\/es\/league-of-legends-lol\/archivo-torneos-ligas-pasados-league-legends\/#primaryimage\",\"url\":\"https:\/\/www.esports-betting.pro\/app\/uploads\/sites\/3\/2017\/11\/League-of-Legends-All-Star-2017-Archivo.jpg\",\"contentUrl\":\"https:\/\/www.esports-betting.pro\/app\/uploads\/sites\/3\/2017\/11\/League-of-Legends-All-Star-2017-Archivo.jpg\"},{\"@type\":\"BreadcrumbList\",\"@id\":\"https:\/\/www.esports-betting.pro\/es\/league-of-legends-lol\/archivo-torneos-ligas-pasados-league-legends\/#breadcrumb\",\"itemListElement\":[{\"@type\":\"ListItem\",\"position\":1,\"name\":\"Home\",\"item\":\"https:\/\/www.esports-betting.pro\/es\/\"},{\"@type\":\"ListItem\",\"position\":2,\"name\":\"Apuestas en League of Legends (LoL) | Sitios de apuestas y cuotas\",\"item\":\"https:\/\/www.esports-betting.pro\/es\/league-of-legends-lol\/\"},{\"@type\":\"ListItem\",\"position\":3,\"name\":\"Archivo: torneos y ligas pasadas de League of Legends\"}]},{\"@type\":\"WebSite\",\"@id\":\"https:\/\/www.esports-betting.pro\/es\/#website\",\"url\":\"https:\/\/www.esports-betting.pro\/es\/\",\"name\":\"Esports Betting - ES\",\"description\":\"Just another Esports Betting Sites site\",\"potentialAction\":[{\"@type\":\"SearchAction\",\"target\":{\"@type\":\"EntryPoint\",\"urlTemplate\":\"https:\/\/www.esports-betting.pro\/es\/?s={search_term_string}\"},\"query-input\":\"required name=search_term_string\"}],\"inLanguage\":\"es\"}]}<\/script>\n<!-- \/ Yoast SEO plugin. -->","yoast_head_json":{"title":"Archivo de League of Legends (LoL) | Apuestas eSports","description":"Este es el registro de los torneos, eventos y ligas de League of Legends (LoL) con informaci\u00f3n de apuestas-esports.com. Ve resultados, equipos y m\u00e1s.","robots":{"index":"index","follow":"follow","max-snippet":"max-snippet:-1","max-image-preview":"max-image-preview:large","max-video-preview":"max-video-preview:-1"},"canonical":"https:\/\/www.esports-betting.pro\/es\/league-of-legends-lol\/archivo-torneos-ligas-pasados-league-legends\/","og_locale":"es_ES","og_type":"article","og_title":"Archivo de League of Legends (LoL) | Apuestas eSports","og_description":"Este es el registro de los torneos, eventos y ligas de League of Legends (LoL) con informaci\u00f3n de apuestas-esports.com. Ve resultados, equipos y m\u00e1s.","og_url":"https:\/\/www.esports-betting.pro\/es\/league-of-legends-lol\/archivo-torneos-ligas-pasados-league-legends\/","og_site_name":"Esports Betting - ES","og_image":[{"url":"https:\/\/www.esports-betting.pro\/app\/uploads\/sites\/3\/2017\/11\/League-of-Legends-All-Star-2017-Archivo.jpg"}],"twitter_card":"summary_large_image","twitter_misc":{"Est. reading time":"2 minutos"},"schema":{"@context":"https:\/\/schema.org","@graph":[{"@type":"WebPage","@id":"https:\/\/www.esports-betting.pro\/es\/league-of-legends-lol\/archivo-torneos-ligas-pasados-league-legends\/","url":"https:\/\/www.esports-betting.pro\/es\/league-of-legends-lol\/archivo-torneos-ligas-pasados-league-legends\/","name":"Archivo de League of Legends (LoL) | Apuestas eSports","isPartOf":{"@id":"https:\/\/www.esports-betting.pro\/es\/#website"},"primaryImageOfPage":{"@id":"https:\/\/www.esports-betting.pro\/es\/league-of-legends-lol\/archivo-torneos-ligas-pasados-league-legends\/#primaryimage"},"image":{"@id":"https:\/\/www.esports-betting.pro\/es\/league-of-legends-lol\/archivo-torneos-ligas-pasados-league-legends\/#primaryimage"},"thumbnailUrl":"https:\/\/www.esports-betting.pro\/app\/uploads\/sites\/3\/2017\/11\/League-of-Legends-All-Star-2017-Archivo.jpg","datePublished":"2017-11-05T23:11:28+00:00","dateModified":"2017-11-05T23:11:28+00:00","description":"Este es el registro de los torneos, eventos y ligas de League of Legends (LoL) con informaci\u00f3n de apuestas-esports.com. Ve resultados, equipos y m\u00e1s.","breadcrumb":{"@id":"https:\/\/www.esports-betting.pro\/es\/league-of-legends-lol\/archivo-torneos-ligas-pasados-league-legends\/#breadcrumb"},"inLanguage":"es","potentialAction":[{"@type":"ReadAction","target":["https:\/\/www.esports-betting.pro\/es\/league-of-legends-lol\/archivo-torneos-ligas-pasados-league-legends\/"]}]},{"@type":"ImageObject","inLanguage":"es","@id":"https:\/\/www.esports-betting.pro\/es\/league-of-legends-lol\/archivo-torneos-ligas-pasados-league-legends\/#primaryimage","url":"https:\/\/www.esports-betting.pro\/app\/uploads\/sites\/3\/2017\/11\/League-of-Legends-All-Star-2017-Archivo.jpg","contentUrl":"https:\/\/www.esports-betting.pro\/app\/uploads\/sites\/3\/2017\/11\/League-of-Legends-All-Star-2017-Archivo.jpg"},{"@type":"BreadcrumbList","@id":"https:\/\/www.esports-betting.pro\/es\/league-of-legends-lol\/archivo-torneos-ligas-pasados-league-legends\/#breadcrumb","itemListElement":[{"@type":"ListItem","position":1,"name":"Home","item":"https:\/\/www.esports-betting.pro\/es\/"},{"@type":"ListItem","position":2,"name":"Apuestas en League of Legends (LoL) | Sitios de apuestas y cuotas","item":"https:\/\/www.esports-betting.pro\/es\/league-of-legends-lol\/"},{"@type":"ListItem","position":3,"name":"Archivo: torneos y ligas pasadas de League of Legends"}]},{"@type":"WebSite","@id":"https:\/\/www.esports-betting.pro\/es\/#website","url":"https:\/\/www.esports-betting.pro\/es\/","name":"Esports Betting - ES","description":"Just another Esports Betting Sites site","potentialAction":[{"@type":"SearchAction","target":{"@type":"EntryPoint","urlTemplate":"https:\/\/www.esports-betting.pro\/es\/?s={search_term_string}"},"query-input":"required name=search_term_string"}],"inLanguage":"es"}]}},"_links":{"self":[{"href":"https:\/\/www.esports-betting.pro\/es\/wp-json\/wp\/v2\/pages\/9778"}],"collection":[{"href":"https:\/\/www.esports-betting.pro\/es\/wp-json\/wp\/v2\/pages"}],"about":[{"href":"https:\/\/www.esports-betting.pro\/es\/wp-json\/wp\/v2\/types\/page"}],"author":[{"embeddable":true,"href":"https:\/\/www.esports-betting.pro\/es\/wp-json\/wp\/v2\/users\/24"}],"replies":[{"embeddable":true,"href":"https:\/\/www.esports-betting.pro\/es\/wp-json\/wp\/v2\/comments?post=9778"}],"version-history":[{"count":0,"href":"https:\/\/www.esports-betting.pro\/es\/wp-json\/wp\/v2\/pages\/9778\/revisions"}],"up":[{"embeddable":true,"href":"https:\/\/www.esports-betting.pro\/es\/wp-json\/wp\/v2\/pages\/11"}],"wp:attachment":[{"href":"https:\/\/www.esports-betting.pro\/es\/wp-json\/wp\/v2\/media?parent=9778"}],"curies":[{"name":"wp","href":"https:\/\/api.w.org\/{rel}","templated":true}]}}