{"id":9490,"date":"2017-10-18T23:28:47","date_gmt":"2017-10-19T03:28:47","guid":{"rendered":"https:\/\/www.esports-betting.pro\/es\/?page_id=9490"},"modified":"2022-09-02T13:23:33","modified_gmt":"2022-09-02T13:23:33","slug":"arcanebet-resena-1","status":"publish","type":"page","link":"https:\/\/www.esports-betting.pro\/es\/sitios-apuestas-esports-2\/arcanebet-resena-1\/","title":{"rendered":"Rese\u00f1a de ArcaneBet \u2500 Sitio de apuestas eSports"},"content":{"rendered":"<p>&nbsp;<\/p>\n<div style=\"float: right;width: 220px;height: 160px;text-align: right;margin-left: 5px\"><a title=\"Go to Bookmaker\" href=\"https:\/\/www.esports-betting.pro\/es\/corredor-de-apuestas\/go_arcanebet\" target=\"_blank\" rel=\"noopener\"><br \/>\n<img decoding=\"async\" style=\"margin-top: 0px;margin-bottom: 5px;margin-right: 0px\" src=\"https:\/\/www.esports-betting.pro\/app\/uploads\/sites\/3\/2017\/10\/ArcaneBet-Logo.jpg\" alt=\"ArcaneBet - Logo\" \/><br \/>\n<\/a><br \/>\n<strong>Est\u00e1s aqu\u00ed:<\/strong><\/p>\n<div>\n<p>Apuestas eSports<\/p>\n<p>&nbsp;<\/p>\n<p>\u203a<\/p>\n<\/div>\n<div>\n<p>Sitios de Apuestas<\/p>\n<p>&nbsp;<\/p>\n<p>\u203a\u203a<\/p>\n<\/div>\n<div>\n<p>ArcaneBet<\/p>\n<p>&nbsp;<\/p>\n<p>\u203a\u203a\u203a<\/p>\n<\/div>\n<\/div>\n<p>&nbsp;<\/p>\n<p style=\"text-align: justify\">Con grandes nombres en la industria que mantienen a raya a sus usuarios y contin\u00faan creciendo en popularidad tanto como toda la industria de los eSports, no es sorprendente ver a m\u00e1s reci\u00e9n llegados tratando de tomar su parte del pastel. Hoy, nos centraremos en uno de esos reci\u00e9n llegados: el \u00fanico sitio de apuestas eSports, Arcanebet. Lo primero que notar\u00e1s cuando visites el sitio web oficial de ArcaneBet es que se trata de un proveedor de apuestas principalmente s\u00f3lo para los eSports, y aunque cuenta con cuotas para f\u00fatbol, baloncesto, tennis y ice hokey, su enfoque principal son los deportes electr\u00f3nicos.<\/p>\n<p style=\"text-align: justify\"><a href=\"https:\/\/www.esports-betting.pro\/es\/corredor-de-apuestas\/go_arcanebet\" target=\"_blank\" rel=\"noopener\"><img loading=\"lazy\" decoding=\"async\" class=\"alignright wp-image-33147 size-full\" src=\"https:\/\/www.esports-betting.pro\/app\/uploads\/sites\/3\/2017\/10\/ArcaneBet-Bonus-banner.jpg\" alt=\"ArcaneBet Bonos banner\" width=\"150\" height=\"150\" \/><\/a>Si lo que est\u00e1s buscando es un <strong><a href=\"https:\/\/www.esports-betting.pro\/es\/sitios-apuestas-esports-2\/\">sitio de apuestas eSports<\/a><\/strong> que tenga f\u00fatbol americano, baloncesto y todos los dem\u00e1s deportes disponibles tambi\u00e9n, entonces sus esperanzas est\u00e1n mejor en alg\u00fan lugar a lo largo de la gustos de <strong><a href=\"https:\/\/www.esports-betting.pro\/es\/sitios-apuestas-esports\/bet365-e-sports\/\">Bet365<\/a><\/strong> o <strong><a href=\"https:\/\/www.esports-betting.pro\/es\/sitios-apuestas-esports\/pinnacle-esports\/\">Pinnacle Sports<\/a><\/strong>, pero por supuesto un corredor de apuestas que se dedica a eSports s\u00f3lo debe tener m\u00e1s opciones de apuestas y juegos que un operador convencional.\u00a0 Dicho esto, veamos de qu\u00e9 se trata ArcaneBet y veamos si es una buena alternativa a otras apuestas m\u00e1s populares de eSports.<\/p>\n<h2><img loading=\"lazy\" decoding=\"async\" class=\"alignnone size-full wp-image-9509\" src=\"https:\/\/www.esports-betting.pro\/app\/uploads\/sites\/3\/2017\/10\/ArcaneBet-Icono.jpg\" alt=\"ArcaneBet Icono\" width=\"20\" height=\"20\" \/>\u00a0Mercados eSports en Arcanebet<\/h2>\n<p style=\"text-align: justify\">Primero lo primero \u2500 tenemos que comprobar todos los mercados Esports en Arcanebet. Considerando que estamos hablando de un sitio de apuestas dedicado solamente a los eSports, no es sorprendente ver una amplia gama de mercados disponibles. Tienes todas las franquicias eSports est\u00e1ndar (enti\u00e9ndase como las m\u00e1s popular) como League of Legends, Dota II, CS:GO, Overwatch, Stacraft II, pero la lista contin\u00faa m\u00e1s all\u00e1. Aqu\u00ed hay un listado de los mercados eSports en Arcanebet:<\/p>\n<div style=\"float: left;width: 175px;height: 245px;text-align: left;font-size: 125%\"><a href=\"https:\/\/www.esports-betting.pro\/es\/corredor-de-apuestas\/go_arcanebet\" target=\"_blank\" rel=\"nofollow noopener noreferrer\"><img loading=\"lazy\" decoding=\"async\" class=\"alignleft size-full wp-image-33147\" style=\"margin-right: 25px\" src=\"https:\/\/www.esports-betting.pro\/app\/uploads\/sites\/3\/2017\/10\/ArcaneBet-Bonus-banner.jpg\" alt=\"ArcaneBet Bonos banner\" width=\"150\" height=\"150\" \/><span style=\"font-size: 14pt\"><strong>obt\u00e9n un bono<br \/>\ndel 150%<\/strong><\/span><\/a><\/div>\n<ul style=\"font-size: 18px\">\n<li><a href=\"https:\/\/www.esports-betting.pro\/es\/league-of-legends-lol\/\"><strong>League of Legends<\/strong><\/a><\/li>\n<li><a href=\"https:\/\/www.esports-betting.pro\/es\/dota-2\/\"><strong>Dota 2<\/strong><\/a><\/li>\n<li><a href=\"https:\/\/www.esports-betting.pro\/es\/counter-strike-csgo\/\"><strong>CS:GO<\/strong><\/a><\/li>\n<li><a href=\"https:\/\/www.esports-betting.pro\/es\/hots\/\"><strong>Heroes of the Storm<\/strong><\/a><\/li>\n<li><a href=\"https:\/\/www.esports-betting.pro\/es\/hearthstone\/\"><strong>Hearthstone<\/strong><\/a><\/li>\n<li><a href=\"https:\/\/www.esports-betting.pro\/es\/overwatch\/\"><strong>Overwatch<\/strong><\/a><\/li>\n<li><a href=\"https:\/\/www.esports-betting.pro\/es\/starcraft-2\/\"><strong>Starcraft II<\/strong><\/a><\/li>\n<li><a href=\"https:\/\/www.esports-betting.pro\/es\/smite\/\"><strong>Smite<\/strong><\/a><\/li>\n<li><a href=\"https:\/\/www.esports-betting.pro\/es\/street-fighter-sfv\/\"><strong>Street Fighter<\/strong><\/a><\/li>\n<li><strong>Halo<\/strong><\/li>\n<li><strong>World of Tanks<\/strong><strong> | Call of Duty <\/strong><strong>| Warcraft 3<\/strong><\/li>\n<\/ul>\n<h2>Bonificaci\u00f3n de ArcaneBet (del 150% hasta \u20ac150) y Pozo de premios<\/h2>\n<p style=\"text-align: justify\">Hemos negociado una exclusiva <strong>oferta de bonificaci\u00f3n del 150% hasta\u00a0\u20ac 150<\/strong> en tu primer dep\u00f3sito cuando utilices uno de nuestros enclaces para registrar una cuenta en Arcanebet. Se aplican los terminos y condiciones de las compa\u00f1\u00edas. Puedes consultar las condiciones de bonificaci\u00f3n completas en su sitio web. \u00a1Aseg\u00farate de utilizar el c\u00f3digo de bonificaci\u00f3n: &#8220;ESPRO&#8221; para poder canjear la bonificaci\u00f3n!\u00a0 Puedes obtener m\u00e1s informaci\u00f3n sobre el <strong>c\u00f3digo de bonificaci\u00f3n de ArcaneBet<\/strong> aqu\u00ed o puedes comprar todas las <strong>bonificaciones de apuestas eSports aqu\u00ed<\/strong>.<\/p>\n<p><a href=\"https:\/\/www.esports-betting.pro\/es\/corredor-de-apuestas\/go_arcanebet\" target=\"_blank\" rel=\"nofollow noopener\"><img loading=\"lazy\" decoding=\"async\" class=\"aligncenter\" src=\"https:\/\/www.esports-betting.pro\/app\/uploads\/sites\/3\/2017\/10\/ArcaneBet-Bono-Banner.jpg\" alt=\"\" width=\"480\" height=\"100\" \/><\/a><\/p>\n<h3>Apostar dinero en efectivo<\/h3>\n<p style=\"text-align: justify\">Esta caracter\u00edstica es bastante autoexplicativa. Se le permite cobrar sus apuestas incluso antes de que todos los eventos est\u00e9n terminados y se conozcan los resultados. Pero, adem\u00e1s de la liquidaci\u00f3n est\u00e1ndar, Arcanebet tambi\u00e9n cuenta con una liquidaci\u00f3n parcial. Esto significa que puedes cobrar un porcentaje de su boleto de apuesta antes del final de todos los eventos seleccionados, y el resto continuar\u00e1 y ser\u00e1 liquidado una vez que todos los eventos hayan terminado.<\/p>\n<h3>Jackpot progresivo<\/h3>\n<p style=\"text-align: justify\">En el jackpot progresivo, debes apostar en 13 eventos escogidos, ya sea en variantes de predicci\u00f3n simple, doble o triple. Puedes apostar hasta 0.25\u20ac y si una de tus apuestas se acaba, conseguir\u00e1s un corte del jackpot progresivo junto con todos los dem\u00e1s ganadores.<\/p>\n<h3>Jackpot misterioso<\/h3>\n<p style=\"text-align: justify\">Como su nombre lo indica, el Jackpot Misterioso es un enigma. Nadie sabe cu\u00e1ndo llegar\u00e1 o cu\u00e1nto ser\u00e1 exactamente. No hay requisitos reales para \u00e9ste. Todo lo que necesitas hacer es apostar en unos cuantos eventos y estar\u00e1s listo para ir. Por &#8220;listo para ir&#8221; queremos decir que ser\u00e1s elegible para ganar el Jackport Misterioso. No pienses que tus posibilidades son demasiado grandes &#8211; hay muchos usuarios que apuestan activamente por Arcanebet.<\/p>\n<h3>Bonificaci\u00f3n sin dep\u00f3sito (\u20ac10\/$10)<\/h3>\n<p style=\"text-align: justify\"><a href=\"https:\/\/welcome.arcanebet.com\/ebp10\/\" target=\"_blank\" rel=\"nofollow noopener\"><img loading=\"lazy\" decoding=\"async\" class=\"alignleft wp-image-10836\" src=\"https:\/\/www.esports-betting.pro\/app\/uploads\/sites\/3\/2018\/01\/ArcaneBet-Bono-10%E2%82%AC-Especial.jpg\" alt=\"ArcaneBet Bono especial de 10\u20ac\" width=\"300\" height=\"79\" \/><\/a>Actualmente el corredor de apuestas est\u00e1 regalando 10\u20ac o 10$ con tan solo registrarse \u2500 no es necesario hacer un dep\u00f3sito. Esta promoci\u00f3n est\u00e1 disponible \u00fanicamente para los nuevos usuarios y puede ser combinada con el bono de bienvenida. Lee m\u00e1s acerca de la <strong><a href=\"https:\/\/www.esports-betting.pro\/es\/bonos-apuestas\/arcanebet-bonificacion-libre-sin-deposito\/\">bonificaci\u00f3n sin dep\u00f3sito de ArcaneBet aqu\u00ed<\/a><\/strong>.<\/p>\n<h2><img loading=\"lazy\" decoding=\"async\" class=\"alignnone size-full wp-image-9509\" src=\"https:\/\/www.esports-betting.pro\/app\/uploads\/sites\/3\/2017\/10\/ArcaneBet-Icono.jpg\" alt=\"ArcaneBet Icono\" width=\"20\" height=\"20\" \/>\u00a0Opciones de dep\u00f3sitos<\/h2>\n<p style=\"text-align: justify\">Cuando se trata de opciones de dep\u00f3sitos\/retiro de dinero, puedes asegurarte que Arcanebet tiene cubierta la mayor\u00eda de las opciones. Adem\u00e1s de los m\u00e9todos de pagos estandar Visa, MasterCard y Skrill, Arcanebet tambi\u00e9n incorpora Paysafecard, Bitcoin, Neteller, Sofort y muchas m\u00e1s.<\/p>\n<p style=\"text-align: justify\"><img loading=\"lazy\" decoding=\"async\" class=\"size-full wp-image-9513 aligncenter\" src=\"https:\/\/www.esports-betting.pro\/app\/uploads\/sites\/3\/2017\/10\/Arcanebet-Opciones-Deposito.jpg\" alt=\"Arcanebet Opciones de Dep\u00f3sito\" width=\"480\" height=\"75\" \/><\/p>\n<p>\u00a1Veamos la lista completa de todas las opciones de dep\u00f3sito en ArcaneBet!<\/p>\n<ul>\n<li><strong>Visa<\/strong><\/li>\n<li><strong>Mastercard<\/strong><\/li>\n<li><strong>Skrill<\/strong><\/li>\n<li><strong>inpay<\/strong><\/li>\n<li><strong>Qiwi wallet<\/strong><\/li>\n<li><strong>Sofort<\/strong><\/li>\n<li><strong>Neteller<\/strong><\/li>\n<li><strong>Paysafecard<\/strong><\/li>\n<li><strong>Yandex<\/strong><\/li>\n<li><strong>Moneta.ru<\/strong><\/li>\n<li><strong>Bitcoin<\/strong><\/li>\n<\/ul>\n<p style=\"text-align: justify\"><a href=\"https:\/\/www.esports-betting.pro\/es\/corredor-de-apuestas\/go_arcanebet\" target=\"_blank\" rel=\"nofollow noopener noreferrer\"><img loading=\"lazy\" decoding=\"async\" class=\"alignleft size-full wp-image-33147\" src=\"https:\/\/www.esports-betting.pro\/app\/uploads\/sites\/3\/2017\/10\/ArcaneBet-Bonus-banner.jpg\" alt=\"ArcaneBet Bonos banner\" width=\"150\" height=\"150\" \/><\/a>Como puedes ver, Bitcoin est\u00e1 en la lista, la cual es una caracter\u00edstica \u00fanica que no se ve con frecuencia en otros sitios de apuestas eSports. Sin embargo, hay ciertas limitaciones. Y me refiero principalmente a las Reglas Oficiales de Apuestas de ArcaneBet, que establecen que Bitcoin, entre otras cosas, que el valor oficial del Bitcoin es tomado de p\u00e1ginas de intercambio de terceros. Para ser m\u00e1s precisos, las p\u00e1ginas en cuesti\u00f3n son las siguientes: CoinBase, Bitstamp, BitFinex, Huobi y OKcoin.<\/p>\n<h2>Soporte de ArcaneBet y Contacto<\/h2>\n<p style=\"text-align: justify\">En t\u00e9rminos de soporte al cliente, es seguro decir que Arcanebet cuenta con un buen sistema. Adem\u00e1s de la r\u00e1pida respuesta al correo electr\u00f3nico, Arcanebet tambi\u00e9n ofrece llamadas telef\u00f3nicas en el n\u00famero indicado en su p\u00e1gina de inicio (al final de la p\u00e1gina podr\u00e1s econtrar el n\u00famero). Adem\u00e1s, hay un equipo dedicado al Soporte en Vivo de ArcaneBet que parece profesional y bien entrenado. Son r\u00e1pidos para responder a sus preguntas y felices de hacerlo.<\/p>\n<h3>Licencia de apuestas<\/h3>\n<p style=\"text-align: justify\">La empresa que gestiona el sitio web de Arcancebet es: Galaxy 88 Ltd, 3 Rotterdam Drive, e14 3ja, Londres, Reino Unido.<br \/>\nLa licencia y regulaci\u00f3n es proporcionada por el Gobierno de Curazao, n\u00famero de licencia #365\/JAZ. Puede consultar la licencia de apuestas de la empresa aqu\u00ed: <strong><a href=\"http:\/\/www.gaming-curacao.com\/validation\/galaxy-group-ltd\/\">ver la licencia de apuestas<\/a><\/strong>.<\/p>\n<h2><img loading=\"lazy\" decoding=\"async\" class=\"alignnone size-full wp-image-9509\" src=\"https:\/\/www.esports-betting.pro\/app\/uploads\/sites\/3\/2017\/10\/ArcaneBet-Icono.jpg\" alt=\"ArcaneBet Icono\" width=\"20\" height=\"20\" \/>\u00a0Valoraci\u00f3n y palabras finales sobre Arcanebet<\/h2>\n<p style=\"text-align: justify\">A decir verdad, tener un informe objetivo al 100% en un sitio web de apuestas relativamente nuevo requiere mucho tiempo. Obviamente, Arcanebet sigue creciendo r\u00e1pidamente, a pesar de que el sitio web oficial parece perfeccionado. La mejor parte de ello, al menos en nuestra opini\u00f3n, es su buena selecci\u00f3n de jackpots, y el bono muy alto junto con las otras caracter\u00edsticas de apuestas. Innecesario decir, esto trae una capa adicional de encanto a toda esa experiencia del sitio web y es definitivamente algo que atraer\u00e1 a mucha gente. Tenga en cuenta que ArcaneBet no est\u00e1 disponible para los residentes de Espa\u00f1a, HK-SAR, Reino Unido, EE. UU., Bulgaria, lo que hace que el sitio web no pueda ser utilizado por ellos.<\/p>\n<h3>Nuestra puntuaci\u00f3n<\/h3>\n<p><img loading=\"lazy\" decoding=\"async\" class=\"alignnone size-full wp-image-9516\" src=\"https:\/\/www.esports-betting.pro\/app\/uploads\/sites\/3\/2017\/10\/Estrella-Negra-Rating-Icono.jpg\" alt=\"Estrella Negra Rating Icono\" width=\"35\" height=\"35\" \/><img loading=\"lazy\" decoding=\"async\" class=\"alignnone size-full wp-image-9516\" src=\"https:\/\/www.esports-betting.pro\/app\/uploads\/sites\/3\/2017\/10\/Estrella-Negra-Rating-Icono.jpg\" alt=\"Estrella Negra Rating Icono\" width=\"35\" height=\"35\" \/><img loading=\"lazy\" decoding=\"async\" class=\"alignnone size-full wp-image-9516\" src=\"https:\/\/www.esports-betting.pro\/app\/uploads\/sites\/3\/2017\/10\/Estrella-Negra-Rating-Icono.jpg\" alt=\"Estrella Negra Rating Icono\" width=\"35\" height=\"35\" \/><img loading=\"lazy\" decoding=\"async\" class=\"alignnone size-full wp-image-9516\" src=\"https:\/\/www.esports-betting.pro\/app\/uploads\/sites\/3\/2017\/10\/Estrella-Negra-Rating-Icono.jpg\" alt=\"Estrella Negra Rating Icono\" width=\"35\" height=\"35\" \/><img loading=\"lazy\" decoding=\"async\" class=\"alignnone size-full wp-image-9518\" src=\"https:\/\/www.esports-betting.pro\/app\/uploads\/sites\/3\/2017\/10\/Estrella-Blanca-Rating-Icono.jpg\" alt=\"Estrella Blanca Rating Icono\" width=\"35\" height=\"35\" \/><br \/>\nPuntuaci\u00f3n general de ArcaneBet: <strong>4\/5<\/strong><\/p>\n<p><strong>Conoce m\u00e1s sobre los sitios de apuestas eSports:<\/strong><\/p>\n<ul>\n<li><strong><a href=\"https:\/\/www.esports-betting.pro\/es\/sitios-apuestas-esports\/bet365-e-sports\/\">Rese\u00f1a de Bet365<\/a><\/strong><\/li>\n<li><strong><a href=\"https:\/\/www.esports-betting.pro\/es\/sitios-apuestas-esports\/pinnacle-esports\/\">Rese\u00f1a de Pinnacle Sports<\/a><\/strong><\/li>\n<li><strong><a href=\"https:\/\/www.esports-betting.pro\/es\/sitios-apuestas-esports\/\">Todos los sitios de apuestas<\/a><\/strong><\/li>\n<\/ul>\n<p style=\"text-align: center\">\n","protected":false},"excerpt":{"rendered":"<p>&nbsp; Est\u00e1s aqu\u00ed: Apuestas eSports &nbsp; \u203a Sitios de Apuestas &nbsp; \u203a\u203a ArcaneBet &nbsp; \u203a\u203a\u203a &nbsp; Con grandes nombres en la industria que mantienen a raya a sus usuarios y contin\u00faan creciendo en popularidad tanto como toda la industria de los eSports, no es sorprendente ver a m\u00e1s reci\u00e9n llegados tratando de tomar su parte &hellip; <a href=\"https:\/\/www.esports-betting.pro\/es\/sitios-apuestas-esports-2\/arcanebet-resena-1\/\">Continued<\/a><\/p>\n","protected":false},"author":24,"featured_media":0,"parent":689,"menu_order":0,"comment_status":"closed","ping_status":"closed","template":"","meta":{"_acf_changed":false,"footnotes":""},"acf":[],"yoast_head":"<!-- This site is optimized with the Yoast SEO plugin v22.6 - https:\/\/yoast.com\/wordpress\/plugins\/seo\/ -->\n<title>Apostar con ArcaneBet \u2500 Exclusivo bono del 150% en eSports<\/title>\n<meta name=\"description\" content=\"Consigue el bono exclusivo del 150% de Arcanebet y apuesta en los en los eSports. Encuentra toda la informaci\u00f3n que necesitas: juegos, licencia, bonos, etc.\" \/>\n<meta name=\"robots\" content=\"index, follow, max-snippet:-1, max-image-preview:large, max-video-preview:-1\" \/>\n<link rel=\"canonical\" href=\"https:\/\/www.esports-betting.pro\/es\/sitios-apuestas-esports-2\/arcanebet-resena-1\/\" \/>\n<meta property=\"og:locale\" content=\"es_ES\" \/>\n<meta property=\"og:type\" content=\"article\" \/>\n<meta property=\"og:title\" content=\"Apostar con ArcaneBet \u2500 Exclusivo bono del 150% en eSports\" \/>\n<meta property=\"og:description\" content=\"Consigue el bono exclusivo del 150% de Arcanebet y apuesta en los en los eSports. Encuentra toda la informaci\u00f3n que necesitas: juegos, licencia, bonos, etc.\" \/>\n<meta property=\"og:url\" content=\"https:\/\/www.esports-betting.pro\/es\/sitios-apuestas-esports-2\/arcanebet-resena-1\/\" \/>\n<meta property=\"og:site_name\" content=\"Esports Betting - ES\" \/>\n<meta property=\"article:modified_time\" content=\"2022-09-02T13:23:33+00:00\" \/>\n<meta property=\"og:image\" content=\"https:\/\/www.esports-betting.pro\/app\/uploads\/sites\/3\/2017\/10\/ArcaneBet-Logo.jpg\" \/>\n<meta name=\"twitter:card\" content=\"summary_large_image\" \/>\n<meta name=\"twitter:label1\" content=\"Est. reading time\" \/>\n\t<meta name=\"twitter:data1\" content=\"8 minutos\" \/>\n<script type=\"application\/ld+json\" class=\"yoast-schema-graph\">{\"@context\":\"https:\/\/schema.org\",\"@graph\":[{\"@type\":\"WebPage\",\"@id\":\"https:\/\/www.esports-betting.pro\/es\/sitios-apuestas-esports-2\/arcanebet-resena-1\/\",\"url\":\"https:\/\/www.esports-betting.pro\/es\/sitios-apuestas-esports-2\/arcanebet-resena-1\/\",\"name\":\"Apostar con ArcaneBet \u2500 Exclusivo bono del 150% en eSports\",\"isPartOf\":{\"@id\":\"https:\/\/www.esports-betting.pro\/es\/#website\"},\"primaryImageOfPage\":{\"@id\":\"https:\/\/www.esports-betting.pro\/es\/sitios-apuestas-esports-2\/arcanebet-resena-1\/#primaryimage\"},\"image\":{\"@id\":\"https:\/\/www.esports-betting.pro\/es\/sitios-apuestas-esports-2\/arcanebet-resena-1\/#primaryimage\"},\"thumbnailUrl\":\"https:\/\/www.esports-betting.pro\/app\/uploads\/sites\/3\/2017\/10\/ArcaneBet-Logo.jpg\",\"datePublished\":\"2017-10-19T03:28:47+00:00\",\"dateModified\":\"2022-09-02T13:23:33+00:00\",\"description\":\"Consigue el bono exclusivo del 150% de Arcanebet y apuesta en los en los eSports. Encuentra toda la informaci\u00f3n que necesitas: juegos, licencia, bonos, etc.\",\"breadcrumb\":{\"@id\":\"https:\/\/www.esports-betting.pro\/es\/sitios-apuestas-esports-2\/arcanebet-resena-1\/#breadcrumb\"},\"inLanguage\":\"es\",\"potentialAction\":[{\"@type\":\"ReadAction\",\"target\":[\"https:\/\/www.esports-betting.pro\/es\/sitios-apuestas-esports-2\/arcanebet-resena-1\/\"]}]},{\"@type\":\"ImageObject\",\"inLanguage\":\"es\",\"@id\":\"https:\/\/www.esports-betting.pro\/es\/sitios-apuestas-esports-2\/arcanebet-resena-1\/#primaryimage\",\"url\":\"https:\/\/www.esports-betting.pro\/app\/uploads\/sites\/3\/2017\/10\/ArcaneBet-Logo.jpg\",\"contentUrl\":\"https:\/\/www.esports-betting.pro\/app\/uploads\/sites\/3\/2017\/10\/ArcaneBet-Logo.jpg\"},{\"@type\":\"BreadcrumbList\",\"@id\":\"https:\/\/www.esports-betting.pro\/es\/sitios-apuestas-esports-2\/arcanebet-resena-1\/#breadcrumb\",\"itemListElement\":[{\"@type\":\"ListItem\",\"position\":1,\"name\":\"Home\",\"item\":\"https:\/\/www.esports-betting.pro\/es\/\"},{\"@type\":\"ListItem\",\"position\":2,\"name\":\"Rese\u00f1as de Corredores de Apuestas\",\"item\":\"https:\/\/www.esports-betting.pro\/es\/sitios-apuestas-esports-2\/\"},{\"@type\":\"ListItem\",\"position\":3,\"name\":\"Rese\u00f1a de ArcaneBet \u2500 Sitio de apuestas eSports\"}]},{\"@type\":\"WebSite\",\"@id\":\"https:\/\/www.esports-betting.pro\/es\/#website\",\"url\":\"https:\/\/www.esports-betting.pro\/es\/\",\"name\":\"Esports Betting - ES\",\"description\":\"Just another Esports Betting Sites site\",\"potentialAction\":[{\"@type\":\"SearchAction\",\"target\":{\"@type\":\"EntryPoint\",\"urlTemplate\":\"https:\/\/www.esports-betting.pro\/es\/?s={search_term_string}\"},\"query-input\":\"required name=search_term_string\"}],\"inLanguage\":\"es\"}]}<\/script>\n<!-- \/ Yoast SEO plugin. -->","yoast_head_json":{"title":"Apostar con ArcaneBet \u2500 Exclusivo bono del 150% en eSports","description":"Consigue el bono exclusivo del 150% de Arcanebet y apuesta en los en los eSports. Encuentra toda la informaci\u00f3n que necesitas: juegos, licencia, bonos, etc.","robots":{"index":"index","follow":"follow","max-snippet":"max-snippet:-1","max-image-preview":"max-image-preview:large","max-video-preview":"max-video-preview:-1"},"canonical":"https:\/\/www.esports-betting.pro\/es\/sitios-apuestas-esports-2\/arcanebet-resena-1\/","og_locale":"es_ES","og_type":"article","og_title":"Apostar con ArcaneBet \u2500 Exclusivo bono del 150% en eSports","og_description":"Consigue el bono exclusivo del 150% de Arcanebet y apuesta en los en los eSports. Encuentra toda la informaci\u00f3n que necesitas: juegos, licencia, bonos, etc.","og_url":"https:\/\/www.esports-betting.pro\/es\/sitios-apuestas-esports-2\/arcanebet-resena-1\/","og_site_name":"Esports Betting - ES","article_modified_time":"2022-09-02T13:23:33+00:00","og_image":[{"url":"https:\/\/www.esports-betting.pro\/app\/uploads\/sites\/3\/2017\/10\/ArcaneBet-Logo.jpg"}],"twitter_card":"summary_large_image","twitter_misc":{"Est. reading time":"8 minutos"},"schema":{"@context":"https:\/\/schema.org","@graph":[{"@type":"WebPage","@id":"https:\/\/www.esports-betting.pro\/es\/sitios-apuestas-esports-2\/arcanebet-resena-1\/","url":"https:\/\/www.esports-betting.pro\/es\/sitios-apuestas-esports-2\/arcanebet-resena-1\/","name":"Apostar con ArcaneBet \u2500 Exclusivo bono del 150% en eSports","isPartOf":{"@id":"https:\/\/www.esports-betting.pro\/es\/#website"},"primaryImageOfPage":{"@id":"https:\/\/www.esports-betting.pro\/es\/sitios-apuestas-esports-2\/arcanebet-resena-1\/#primaryimage"},"image":{"@id":"https:\/\/www.esports-betting.pro\/es\/sitios-apuestas-esports-2\/arcanebet-resena-1\/#primaryimage"},"thumbnailUrl":"https:\/\/www.esports-betting.pro\/app\/uploads\/sites\/3\/2017\/10\/ArcaneBet-Logo.jpg","datePublished":"2017-10-19T03:28:47+00:00","dateModified":"2022-09-02T13:23:33+00:00","description":"Consigue el bono exclusivo del 150% de Arcanebet y apuesta en los en los eSports. Encuentra toda la informaci\u00f3n que necesitas: juegos, licencia, bonos, etc.","breadcrumb":{"@id":"https:\/\/www.esports-betting.pro\/es\/sitios-apuestas-esports-2\/arcanebet-resena-1\/#breadcrumb"},"inLanguage":"es","potentialAction":[{"@type":"ReadAction","target":["https:\/\/www.esports-betting.pro\/es\/sitios-apuestas-esports-2\/arcanebet-resena-1\/"]}]},{"@type":"ImageObject","inLanguage":"es","@id":"https:\/\/www.esports-betting.pro\/es\/sitios-apuestas-esports-2\/arcanebet-resena-1\/#primaryimage","url":"https:\/\/www.esports-betting.pro\/app\/uploads\/sites\/3\/2017\/10\/ArcaneBet-Logo.jpg","contentUrl":"https:\/\/www.esports-betting.pro\/app\/uploads\/sites\/3\/2017\/10\/ArcaneBet-Logo.jpg"},{"@type":"BreadcrumbList","@id":"https:\/\/www.esports-betting.pro\/es\/sitios-apuestas-esports-2\/arcanebet-resena-1\/#breadcrumb","itemListElement":[{"@type":"ListItem","position":1,"name":"Home","item":"https:\/\/www.esports-betting.pro\/es\/"},{"@type":"ListItem","position":2,"name":"Rese\u00f1as de Corredores de Apuestas","item":"https:\/\/www.esports-betting.pro\/es\/sitios-apuestas-esports-2\/"},{"@type":"ListItem","position":3,"name":"Rese\u00f1a de ArcaneBet \u2500 Sitio de apuestas eSports"}]},{"@type":"WebSite","@id":"https:\/\/www.esports-betting.pro\/es\/#website","url":"https:\/\/www.esports-betting.pro\/es\/","name":"Esports Betting - ES","description":"Just another Esports Betting Sites site","potentialAction":[{"@type":"SearchAction","target":{"@type":"EntryPoint","urlTemplate":"https:\/\/www.esports-betting.pro\/es\/?s={search_term_string}"},"query-input":"required name=search_term_string"}],"inLanguage":"es"}]}},"_links":{"self":[{"href":"https:\/\/www.esports-betting.pro\/es\/wp-json\/wp\/v2\/pages\/9490"}],"collection":[{"href":"https:\/\/www.esports-betting.pro\/es\/wp-json\/wp\/v2\/pages"}],"about":[{"href":"https:\/\/www.esports-betting.pro\/es\/wp-json\/wp\/v2\/types\/page"}],"author":[{"embeddable":true,"href":"https:\/\/www.esports-betting.pro\/es\/wp-json\/wp\/v2\/users\/24"}],"replies":[{"embeddable":true,"href":"https:\/\/www.esports-betting.pro\/es\/wp-json\/wp\/v2\/comments?post=9490"}],"version-history":[{"count":3,"href":"https:\/\/www.esports-betting.pro\/es\/wp-json\/wp\/v2\/pages\/9490\/revisions"}],"predecessor-version":[{"id":51609,"href":"https:\/\/www.esports-betting.pro\/es\/wp-json\/wp\/v2\/pages\/9490\/revisions\/51609"}],"up":[{"embeddable":true,"href":"https:\/\/www.esports-betting.pro\/es\/wp-json\/wp\/v2\/pages\/689"}],"wp:attachment":[{"href":"https:\/\/www.esports-betting.pro\/es\/wp-json\/wp\/v2\/media?parent=9490"}],"curies":[{"name":"wp","href":"https:\/\/api.w.org\/{rel}","templated":true}]}}