{"id":8122,"date":"2017-08-24T00:00:47","date_gmt":"2017-08-24T04:00:47","guid":{"rendered":"https:\/\/www.esports-betting.pro\/es\/?page_id=8122"},"modified":"2022-09-02T07:20:39","modified_gmt":"2022-09-02T07:20:39","slug":"pubg","status":"publish","type":"page","link":"https:\/\/www.esports-betting.pro\/es\/pubg\/","title":{"rendered":"PlayerUnknown&#8217;s Battlegrounds (PUBG) Sitios de apuestas y cuotas"},"content":{"rendered":"<p style=\"text-align: justify\"><img loading=\"lazy\" decoding=\"async\" class=\"size-full wp-image-8127 alignright\" src=\"https:\/\/www.esports-betting.pro\/app\/uploads\/sites\/3\/2017\/08\/PlayerUnknowns-Battleground-Logo.jpg\" alt=\"PlayerUnknowns Battleground Logo\" width=\"250\" height=\"250\" \/>PlayerUnknown\u2019s Battlegrounds es un juego multijugador en l\u00ednea del tipo batalla royal y fue lanzado en 2017. En este videojuego de acci\u00f3n ser\u00e1 unos de los 100 jugadores en una isla \u2500 sin ning\u00fan tipo tipo de equipamiento (ropas, armas, botiqu\u00edn). Adicional a esto puedes unir fuerzas con otros jugadores, creando un equipo de 2 a 4 jugadores. Una de la caracter\u00edsticas de este juego es que el mapa ir\u00e1 reduci\u00e9ndose a medida que pase el tiempo, por lo cual tendr\u00e1s que buscar armas, materiales, otros equipos y eliminar a cada jugador que se cruce en tu camino. El objetivo es ser el \u00faltimo jugador o el \u00faltimo equipo en sobrevivir en la isla. Lo que parece ser una adaptaci\u00f3n de video juegos de &#8216;Los juegos de hambre' es uno de los mayores \u00e9xitos en los videojuegos de Battle Royale. El juego fue dise\u00f1ador por el famoso desarrollador en la industria de videjuegos \u2500 Brendan &#8220;PlayerUnknown&#8221; Greene. Tambi\u00e9n es conocido por su colaboraci\u00f3n en otros juegos exitosos, especialmente por su propio mod en Arma 2 (&#8220;DayZ: Battle Royale&#8221;).<\/p>\n<p style=\"text-align: justify\">A pesar de que PUBG suena como una carnicer\u00eda despiadada, una de las mejores formas de ganar el juego es proceder estrat\u00e9gicamente. Si arriesgas demasiado y siempre est\u00e1s a la vista en el campo de batalla, no ser\u00e1s m\u00e1s que un objetivo f\u00e1cil y ser\u00e1s v\u00edctima de otros jugadores. Si solamente te escondes para sobrevivir, perder\u00e1s la oportunidad de obtener buenas armas. Que el mapa se reduzca cada cierto tiempo hace que sea imposible esconderse por siempre, pero en alg\u00fan punto tendr\u00e1s que enfrentar a tus enemigos.<\/p>\n<h3>Pr\u00f3ximos torneos de Player's Unknown Battlegrounds<\/h3>\n<ul>\n<li><strong><a href=\"https:\/\/www.esports-betting.pro\/es\/pubg\/dreamhack-winter-2017\/\">Dreamhack Winter 2017 &#8211; Torneo de PUBG<\/a><\/strong> (1\/12 \u2500 4\/12\/2017)<\/li>\n<\/ul>\n<h2><img loading=\"lazy\" decoding=\"async\" class=\"alignnone size-full wp-image-8131\" src=\"https:\/\/www.esports-betting.pro\/app\/uploads\/sites\/3\/2017\/08\/PlayerUnknowns-Battleground-Icon.jpg\" alt=\"PlayerUnknowns Battleground Icono\" width=\"20\" height=\"20\" \/>\u00a0PUBG &#8211; Sitios de apuestas y corredores<\/h2>\n<p>&#8220;Hora de inicio mostrada en: GMT o GMT +1 durante el horario de verano. Cuotas de apuestas presentadas por Bet365. Lee m\u00e1s acercas de las apuestas en los eSports en Bet365<\/p>\n<p>Atencion: Las cuotas mostradas son s\u00f3lo orientativas y est\u00e1n sujetas a cambios desde bet365. Por favor, compruebe las cuotas en el sitio bet365 antes de realizar cualquier apuesta<\/p>\n<h2><img loading=\"lazy\" decoding=\"async\" class=\"alignnone size-full wp-image-8131\" src=\"https:\/\/www.esports-betting.pro\/app\/uploads\/sites\/3\/2017\/08\/PlayerUnknowns-Battleground-Icon.jpg\" alt=\"PlayerUnknowns Battleground Icono\" width=\"20\" height=\"20\" \/>\u00a0PUBG &#8211; Apuestas y torneos<\/h2>\n<p style=\"text-align: justify\">A pesar de que el juego es bastente nuevo, el primer torneo <em><strong>offline<\/strong> <\/em>ya se encuentra pr\u00f3ximo: el Gamescom 2017 en Colonia, Alemania. Los mejores 80 jugadores de PUBG competir\u00e1n entre s\u00ed en diferentes modalidades en el\u00a0<strong><em>Gamescom PlayerUnknown\u2019s Battlegrounds Invitational<\/em><\/strong>\u00a0del 23 al 26 de agosto de 2017. Hasta el momento solo tenemos cuotas los equipos participantes; ganador final del torneo y el equipo con mayor n\u00famero de muertes y Bet365 ha sido el primer corredor de apuestas al ofrecerlas. Con una bolsa de premios de $ 350.000 USD, el evento ser\u00e1 organizado por la ESL \u2500 y que una bolsa de premios sean tan alta para un juego que apenas fue lanzado este mismo a\u00f1o, es muy raro. Por supuesto, podremos seguir al evento con su transmisi\u00f3n en vivo mediante Twitch.tv, Youtube o Facebook, de igual forma abajo podr\u00e1s ver la transmisi\u00f3n en vivo. Si est\u00e1s interesado en las apuestas del PUBG pero no tienes experiencias con los <strong><a href=\"https:\/\/www.esports-betting.pro\/es\/sitios-apuestas-esports\/\">sitios de apuestas<\/a><\/strong>, deber\u00edas aprender un poco sobres las <strong><a href=\"https:\/\/www.esports-betting.pro\/es\/\">apuestas esports<\/a><\/strong> en general.<\/p>\n<p style=\"text-align: justify\">Si el Gamescom PUBG Invitational es bien recibido por los espectadores, lo cu\u00e1l es de esperar por la magnitud y fama del videojuego, seguramente habr\u00e1n m\u00e1s torneo en el futuro. Qu\u00e9 tan r\u00e1pido un videojuego ha sido lanzado al mercado y que ya tenga su propia liga E-sports solo ha ocurrido con el juego de Blizzard, <strong><a href=\"https:\/\/www.esports-betting.pro\/es\/overwatch\/\">Overwatch<\/a><\/strong>. sin embargo, a\u00fan no ha entrado en discusi\u00f3n sobre una ligar de PUBG.<\/p>\n<h2><img loading=\"lazy\" decoding=\"async\" class=\"alignnone size-full wp-image-8131\" src=\"https:\/\/www.esports-betting.pro\/app\/uploads\/sites\/3\/2017\/08\/PlayerUnknowns-Battleground-Icon.jpg\" alt=\"PlayerUnknowns Battleground Icono\" width=\"20\" height=\"20\" \/>\u00a0Transmisi\u00f3n en vivo del\u00a0Gamescom PUBG Invitational<\/h2>\n<p style=\"text-align: justify\"><strong>Todos los juegos con mercados de <a href=\"https:\/\/www.esports-betting.pro\/es\/\">apuestas Esports<\/a><\/strong><\/p>\n<p style=\"text-align: left\"><a href=\"https:\/\/www.esports-betting.pro\/es\/league-of-legends-lol\/\"><img loading=\"lazy\" decoding=\"async\" class=\"alignnone size-full wp-image-4144\" src=\"https:\/\/www.esports-betting.pro\/app\/uploads\/sites\/3\/2017\/02\/League-of-Legends-\u00cdcono-Peque\u00f1o.jpg\" alt=\"League of Legends - \u00cdcono\" width=\"40\" height=\"40\" \/><\/a>\u00a0\u00a0\u00a0<a href=\"https:\/\/www.esports-betting.pro\/es\/dota-2\/\"><img loading=\"lazy\" decoding=\"async\" class=\"alignnone size-full wp-image-4140\" src=\"https:\/\/www.esports-betting.pro\/app\/uploads\/sites\/3\/2017\/02\/Dota-2-\u00cdcono-Peque\u00f1o-1.jpg\" alt=\"Dota 2 - \u00cdcono\" width=\"40\" height=\"40\" \/><\/a>\u00a0\u00a0\u00a0<a href=\"https:\/\/www.esports-betting.pro\/es\/counter-strike-csgo\/\"><img loading=\"lazy\" decoding=\"async\" class=\"alignnone size-full wp-image-4139\" src=\"https:\/\/www.esports-betting.pro\/app\/uploads\/sites\/3\/2017\/02\/CSGO-\u00cdcono-Peque\u00f1o-1.jpg\" alt=\"CSGO - \u00cdcono\" width=\"40\" height=\"40\" \/><\/a>\u00a0\u00a0\u00a0<a href=\"https:\/\/www.esports-betting.pro\/es\/starcraft-2\/\"><img loading=\"lazy\" decoding=\"async\" class=\"alignnone size-full wp-image-4147\" src=\"https:\/\/www.esports-betting.pro\/app\/uploads\/sites\/3\/2017\/02\/Starcraft-2-\u00cdcono-Peque\u00f1o-1.jpg\" alt=\"Starcraft 2 - \u00cdcono\" width=\"40\" height=\"40\" \/><\/a>\u00a0\u00a0\u00a0<a href=\"https:\/\/www.esports-betting.pro\/es\/hearthstone\/\"><img loading=\"lazy\" decoding=\"async\" class=\"alignnone size-full wp-image-4142\" src=\"https:\/\/www.esports-betting.pro\/app\/uploads\/sites\/3\/2017\/02\/Hearthstone-\u00cdcono-Peque\u00f1o-1.jpg\" alt=\"Hearthstone - \u00cdcono\" width=\"40\" height=\"40\" \/><\/a>\u00a0\u00a0\u00a0<a href=\"https:\/\/www.esports-betting.pro\/es\/hots\/\"><img loading=\"lazy\" decoding=\"async\" class=\"alignnone size-full wp-image-4143\" src=\"https:\/\/www.esports-betting.pro\/app\/uploads\/sites\/3\/2017\/02\/Heroes-Of-The-Storm-\u00cdcono-Peque\u00f1o-1.jpg\" alt=\"Heroes of the Storm - \u00cdcono\" width=\"40\" height=\"40\" \/><\/a>\u00a0\u00a0\u00a0<a href=\"https:\/\/www.esports-betting.pro\/es\/smite\/\"><img loading=\"lazy\" decoding=\"async\" class=\"alignnone size-full wp-image-4146\" src=\"https:\/\/www.esports-betting.pro\/app\/uploads\/sites\/3\/2017\/02\/Smite-\u00cdcono-Peque\u00f1o-1.jpg\" alt=\"Smite - \u00cdcono\" width=\"40\" height=\"40\" \/><\/a>\u00a0\u00a0\u00a0<a href=\"https:\/\/www.esports-betting.pro\/es\/overwatch\/\"><img loading=\"lazy\" decoding=\"async\" class=\"alignnone size-full wp-image-4145\" src=\"https:\/\/www.esports-betting.pro\/app\/uploads\/sites\/3\/2017\/02\/Overwatch-\u00cdcono-Peque\u00f1o-1.jpg\" alt=\"Overwatch - \u00cdcono\" width=\"40\" height=\"40\" \/><\/a>\u00a0\u00a0\u00a0<a href=\"https:\/\/www.esports-betting.pro\/es\/fifa\/\"><img loading=\"lazy\" decoding=\"async\" class=\"alignnone size-full wp-image-4141\" src=\"https:\/\/www.esports-betting.pro\/app\/uploads\/sites\/3\/2017\/02\/FIFA-17-Icon-1.jpg\" alt=\"FIFA 17 - \u00cdcono\" width=\"40\" height=\"40\" \/><\/a>\u00a0 \u00a0<a href=\"https:\/\/www.esports-betting.pro\/es\/world-of-tanks\/\"><img loading=\"lazy\" decoding=\"async\" class=\"alignnone size-full wp-image-10067\" src=\"https:\/\/www.esports-betting.pro\/app\/uploads\/sites\/3\/2017\/11\/World-of-Tanks-Icono-Sidebar.jpg\" alt=\"World of Tanks Icon\" width=\"40\" height=\"40\" \/><\/a>\u00a0 \u00a0<a href=\"https:\/\/www.esports-betting.pro\/es\/halo-5\/\"><img loading=\"lazy\" decoding=\"async\" class=\"alignnone wp-image-10110 size-full\" src=\"https:\/\/www.esports-betting.pro\/app\/uploads\/sites\/3\/2017\/11\/Halo-5-Esports-Icono.jpg\" alt=\"Halo 5 Icono\" width=\"40\" height=\"40\" \/><\/a>\u00a0 \u00a0<a href=\"https:\/\/www.esports-betting.pro\/es\/street-fighter-sfv\/\"><img loading=\"lazy\" decoding=\"async\" class=\"alignnone size-full wp-image-10318\" src=\"https:\/\/www.esports-betting.pro\/app\/uploads\/sites\/3\/2017\/12\/Street-Fighter-V-Sidebar-Icon.jpg\" alt=\"Street Fighter V Icono\" width=\"40\" height=\"40\" \/><\/a><\/p>\n","protected":false},"excerpt":{"rendered":"<p>PlayerUnknown\u2019s Battlegrounds es un juego multijugador en l\u00ednea del tipo batalla royal y fue lanzado en 2017. En este videojuego de acci\u00f3n ser\u00e1 unos de los 100 jugadores en una isla \u2500 sin ning\u00fan tipo tipo de equipamiento (ropas, armas, botiqu\u00edn). Adicional a esto puedes unir fuerzas con otros jugadores, creando un equipo de 2 &hellip; <a href=\"https:\/\/www.esports-betting.pro\/es\/pubg\/\">Continued<\/a><\/p>\n","protected":false},"author":24,"featured_media":0,"parent":0,"menu_order":0,"comment_status":"closed","ping_status":"closed","template":"","meta":{"_acf_changed":false,"footnotes":""},"acf":[],"yoast_head":"<!-- This site is optimized with the Yoast SEO plugin v22.6 - https:\/\/yoast.com\/wordpress\/plugins\/seo\/ -->\n<title>PlayerUnknown&#039;s Battlegrounds (PUBG) Sitios de apuestas y cuotas<\/title>\n<meta name=\"description\" content=\"D\u00f3nde y c\u00f3mo apostar en PUBG eSports. Las mejores casas de apuestas y la informaci\u00f3n m\u00e1s fiable. Adem\u00e1s, las mejores cuotas y predicciones, s\u00f3lo aqu\u00ed.\" \/>\n<meta name=\"robots\" content=\"index, follow, max-snippet:-1, max-image-preview:large, max-video-preview:-1\" \/>\n<link rel=\"canonical\" href=\"https:\/\/www.esports-betting.pro\/es\/pubg\/\" \/>\n<meta property=\"og:locale\" content=\"es_ES\" \/>\n<meta property=\"og:type\" content=\"article\" \/>\n<meta property=\"og:title\" content=\"PlayerUnknown&#039;s Battlegrounds (PUBG) Sitios de apuestas y cuotas\" \/>\n<meta property=\"og:description\" content=\"D\u00f3nde y c\u00f3mo apostar en PUBG eSports. Las mejores casas de apuestas y la informaci\u00f3n m\u00e1s fiable. Adem\u00e1s, las mejores cuotas y predicciones, s\u00f3lo aqu\u00ed.\" \/>\n<meta property=\"og:url\" content=\"https:\/\/www.esports-betting.pro\/es\/pubg\/\" \/>\n<meta property=\"og:site_name\" content=\"Esports Betting - ES\" \/>\n<meta property=\"article:modified_time\" content=\"2022-09-02T07:20:39+00:00\" \/>\n<meta name=\"twitter:card\" content=\"summary_large_image\" \/>\n<meta name=\"twitter:image\" content=\"https:\/\/www.esports-betting.pro\/app\/uploads\/sites\/3\/2017\/08\/PlayerUnknowns-Battleground-Logo.jpg\" \/>\n<meta name=\"twitter:label1\" content=\"Est. reading time\" \/>\n\t<meta name=\"twitter:data1\" content=\"6 minutos\" \/>\n<script type=\"application\/ld+json\" class=\"yoast-schema-graph\">{\"@context\":\"https:\/\/schema.org\",\"@graph\":[{\"@type\":\"WebPage\",\"@id\":\"https:\/\/www.esports-betting.pro\/es\/pubg\/\",\"url\":\"https:\/\/www.esports-betting.pro\/es\/pubg\/\",\"name\":\"PlayerUnknown's Battlegrounds (PUBG) Sitios de apuestas y cuotas\",\"isPartOf\":{\"@id\":\"https:\/\/www.esports-betting.pro\/es\/#website\"},\"primaryImageOfPage\":{\"@id\":\"https:\/\/www.esports-betting.pro\/es\/pubg\/#primaryimage\"},\"image\":{\"@id\":\"https:\/\/www.esports-betting.pro\/es\/pubg\/#primaryimage\"},\"thumbnailUrl\":\"https:\/\/www.esports-betting.pro\/app\/uploads\/sites\/3\/2017\/08\/PlayerUnknowns-Battleground-Logo.jpg\",\"datePublished\":\"2017-08-24T04:00:47+00:00\",\"dateModified\":\"2022-09-02T07:20:39+00:00\",\"description\":\"D\u00f3nde y c\u00f3mo apostar en PUBG eSports. Las mejores casas de apuestas y la informaci\u00f3n m\u00e1s fiable. Adem\u00e1s, las mejores cuotas y predicciones, s\u00f3lo aqu\u00ed.\",\"breadcrumb\":{\"@id\":\"https:\/\/www.esports-betting.pro\/es\/pubg\/#breadcrumb\"},\"inLanguage\":\"es\",\"potentialAction\":[{\"@type\":\"ReadAction\",\"target\":[\"https:\/\/www.esports-betting.pro\/es\/pubg\/\"]}]},{\"@type\":\"ImageObject\",\"inLanguage\":\"es\",\"@id\":\"https:\/\/www.esports-betting.pro\/es\/pubg\/#primaryimage\",\"url\":\"https:\/\/www.esports-betting.pro\/app\/uploads\/sites\/3\/2017\/08\/PlayerUnknowns-Battleground-Logo.jpg\",\"contentUrl\":\"https:\/\/www.esports-betting.pro\/app\/uploads\/sites\/3\/2017\/08\/PlayerUnknowns-Battleground-Logo.jpg\"},{\"@type\":\"BreadcrumbList\",\"@id\":\"https:\/\/www.esports-betting.pro\/es\/pubg\/#breadcrumb\",\"itemListElement\":[{\"@type\":\"ListItem\",\"position\":1,\"name\":\"Home\",\"item\":\"https:\/\/www.esports-betting.pro\/es\/\"},{\"@type\":\"ListItem\",\"position\":2,\"name\":\"PlayerUnknown&#8217;s Battlegrounds (PUBG) Sitios de apuestas y cuotas\"}]},{\"@type\":\"WebSite\",\"@id\":\"https:\/\/www.esports-betting.pro\/es\/#website\",\"url\":\"https:\/\/www.esports-betting.pro\/es\/\",\"name\":\"Esports Betting - ES\",\"description\":\"Just another Esports Betting Sites site\",\"potentialAction\":[{\"@type\":\"SearchAction\",\"target\":{\"@type\":\"EntryPoint\",\"urlTemplate\":\"https:\/\/www.esports-betting.pro\/es\/?s={search_term_string}\"},\"query-input\":\"required name=search_term_string\"}],\"inLanguage\":\"es\"}]}<\/script>\n<!-- \/ Yoast SEO plugin. -->","yoast_head_json":{"title":"PlayerUnknown's Battlegrounds (PUBG) Sitios de apuestas y cuotas","description":"D\u00f3nde y c\u00f3mo apostar en PUBG eSports. Las mejores casas de apuestas y la informaci\u00f3n m\u00e1s fiable. Adem\u00e1s, las mejores cuotas y predicciones, s\u00f3lo aqu\u00ed.","robots":{"index":"index","follow":"follow","max-snippet":"max-snippet:-1","max-image-preview":"max-image-preview:large","max-video-preview":"max-video-preview:-1"},"canonical":"https:\/\/www.esports-betting.pro\/es\/pubg\/","og_locale":"es_ES","og_type":"article","og_title":"PlayerUnknown's Battlegrounds (PUBG) Sitios de apuestas y cuotas","og_description":"D\u00f3nde y c\u00f3mo apostar en PUBG eSports. Las mejores casas de apuestas y la informaci\u00f3n m\u00e1s fiable. Adem\u00e1s, las mejores cuotas y predicciones, s\u00f3lo aqu\u00ed.","og_url":"https:\/\/www.esports-betting.pro\/es\/pubg\/","og_site_name":"Esports Betting - ES","article_modified_time":"2022-09-02T07:20:39+00:00","twitter_card":"summary_large_image","twitter_image":"https:\/\/www.esports-betting.pro\/app\/uploads\/sites\/3\/2017\/08\/PlayerUnknowns-Battleground-Logo.jpg","twitter_misc":{"Est. reading time":"6 minutos"},"schema":{"@context":"https:\/\/schema.org","@graph":[{"@type":"WebPage","@id":"https:\/\/www.esports-betting.pro\/es\/pubg\/","url":"https:\/\/www.esports-betting.pro\/es\/pubg\/","name":"PlayerUnknown's Battlegrounds (PUBG) Sitios de apuestas y cuotas","isPartOf":{"@id":"https:\/\/www.esports-betting.pro\/es\/#website"},"primaryImageOfPage":{"@id":"https:\/\/www.esports-betting.pro\/es\/pubg\/#primaryimage"},"image":{"@id":"https:\/\/www.esports-betting.pro\/es\/pubg\/#primaryimage"},"thumbnailUrl":"https:\/\/www.esports-betting.pro\/app\/uploads\/sites\/3\/2017\/08\/PlayerUnknowns-Battleground-Logo.jpg","datePublished":"2017-08-24T04:00:47+00:00","dateModified":"2022-09-02T07:20:39+00:00","description":"D\u00f3nde y c\u00f3mo apostar en PUBG eSports. Las mejores casas de apuestas y la informaci\u00f3n m\u00e1s fiable. Adem\u00e1s, las mejores cuotas y predicciones, s\u00f3lo aqu\u00ed.","breadcrumb":{"@id":"https:\/\/www.esports-betting.pro\/es\/pubg\/#breadcrumb"},"inLanguage":"es","potentialAction":[{"@type":"ReadAction","target":["https:\/\/www.esports-betting.pro\/es\/pubg\/"]}]},{"@type":"ImageObject","inLanguage":"es","@id":"https:\/\/www.esports-betting.pro\/es\/pubg\/#primaryimage","url":"https:\/\/www.esports-betting.pro\/app\/uploads\/sites\/3\/2017\/08\/PlayerUnknowns-Battleground-Logo.jpg","contentUrl":"https:\/\/www.esports-betting.pro\/app\/uploads\/sites\/3\/2017\/08\/PlayerUnknowns-Battleground-Logo.jpg"},{"@type":"BreadcrumbList","@id":"https:\/\/www.esports-betting.pro\/es\/pubg\/#breadcrumb","itemListElement":[{"@type":"ListItem","position":1,"name":"Home","item":"https:\/\/www.esports-betting.pro\/es\/"},{"@type":"ListItem","position":2,"name":"PlayerUnknown&#8217;s Battlegrounds (PUBG) Sitios de apuestas y cuotas"}]},{"@type":"WebSite","@id":"https:\/\/www.esports-betting.pro\/es\/#website","url":"https:\/\/www.esports-betting.pro\/es\/","name":"Esports Betting - ES","description":"Just another Esports Betting Sites site","potentialAction":[{"@type":"SearchAction","target":{"@type":"EntryPoint","urlTemplate":"https:\/\/www.esports-betting.pro\/es\/?s={search_term_string}"},"query-input":"required name=search_term_string"}],"inLanguage":"es"}]}},"_links":{"self":[{"href":"https:\/\/www.esports-betting.pro\/es\/wp-json\/wp\/v2\/pages\/8122"}],"collection":[{"href":"https:\/\/www.esports-betting.pro\/es\/wp-json\/wp\/v2\/pages"}],"about":[{"href":"https:\/\/www.esports-betting.pro\/es\/wp-json\/wp\/v2\/types\/page"}],"author":[{"embeddable":true,"href":"https:\/\/www.esports-betting.pro\/es\/wp-json\/wp\/v2\/users\/24"}],"replies":[{"embeddable":true,"href":"https:\/\/www.esports-betting.pro\/es\/wp-json\/wp\/v2\/comments?post=8122"}],"version-history":[{"count":2,"href":"https:\/\/www.esports-betting.pro\/es\/wp-json\/wp\/v2\/pages\/8122\/revisions"}],"predecessor-version":[{"id":51494,"href":"https:\/\/www.esports-betting.pro\/es\/wp-json\/wp\/v2\/pages\/8122\/revisions\/51494"}],"wp:attachment":[{"href":"https:\/\/www.esports-betting.pro\/es\/wp-json\/wp\/v2\/media?parent=8122"}],"curies":[{"name":"wp","href":"https:\/\/api.w.org\/{rel}","templated":true}]}}