{"id":783,"date":"2016-01-17T18:04:37","date_gmt":"2016-01-17T18:04:37","guid":{"rendered":"https:\/\/www.esports-betting.pro\/es\/?page_id=783"},"modified":"2016-01-17T18:04:37","modified_gmt":"2016-01-17T18:04:37","slug":"privacidad-cookies","status":"publish","type":"page","link":"https:\/\/www.esports-betting.pro\/es\/privacidad-cookies\/","title":{"rendered":"Privacidad \/ Cookies"},"content":{"rendered":"<p style=\"text-align: justify\">Esta pol\u00edtica de privacidad ha sido compilada para servir aquellos que est\u00e9n preocupados en c\u00f3mo su \u201cInformaci\u00f3n Personal\u201d (IP) est\u00e1 siendo utilizada en l\u00ednea. IP, tal y como se entiende en la ley de privacidad e informaci\u00f3n de seguridad en los Estados Unidos, es informaci\u00f3n que puede ser utilizada por s\u00ed misma o con otra informaci\u00f3n para identificar, contactar o localizar a una sola persona, o para identificar a un individuo en contexto. Por favor lee detalladamente nuestra pol\u00edtica de privacidad para tener una comprensi\u00f3n clara de c\u00f3mo reunimos, usamos, protegemos o de otra manera manejamos tu Informaci\u00f3n Personal de acuerdo con nuestra p\u00e1gina web.<\/p>\n<p style=\"text-align: justify\"><strong>\u00bfQu\u00e9 informaci\u00f3n personal recolectamos de las personas que visitan nuestro blog, p\u00e1gina web o aplicaci\u00f3n?<\/strong><\/p>\n<p style=\"text-align: justify\">No recolectamos informaci\u00f3n de los visitantes en nuestra p\u00e1gina web.<\/p>\n<p style=\"text-align: justify\"><strong>\u00bfCu\u00e1ndo recolectamos informaci\u00f3n?<\/strong><\/p>\n<p style=\"text-align: justify\">Recolectamos tu informaci\u00f3n cuando la ingresas en nuestro sitio web.<\/p>\n<p style=\"text-align: justify\"><strong>\u00bfC\u00f3mo utilizamos tu informaci\u00f3n?<\/strong><\/p>\n<p style=\"text-align: justify\">Podemos utilizar la informaci\u00f3n que recolectamos de ti cuando te registras, realizas una compra, te suscribes a nuestro bolet\u00edn informativo, respondes a una encuesta o comunicaci\u00f3n publicitaria, navegues por la p\u00e1gina web o utilices alguna de las caracter\u00edsticas de la p\u00e1gina web de las siguientes maneras:<\/p>\n<p style=\"text-align: justify\"><strong>\u00bfC\u00f3mo protegemos la informaci\u00f3n del visitante?<\/strong><br \/>\nNo utilizamos an\u00e1lisis de vulnerabilidades y\/o an\u00e1lisis a los est\u00e1ndares de PCI.<\/p>\n<p style=\"text-align: justify\">Realizamos peri\u00f3dicamente An\u00e1lisis de Malware.<\/p>\n<p style=\"text-align: justify\">No utilizamos un certificado SSL.<\/p>\n<p style=\"text-align: justify\">Solamente proveemos art\u00edculos e informaci\u00f3n, nunca solicitamos informaci\u00f3n persona o privada como correo electr\u00f3nico, direcciones o n\u00fameros de tarjetas de cr\u00e9dito.<\/p>\n<h3 style=\"text-align: justify\"><strong>\u00bfUtilizamos \u2018cookies\u2019?<\/strong><\/h3>\n<p style=\"text-align: justify\"><strong>Utilizamos Google Analytics<\/strong><\/p>\n<p style=\"text-align: justify\">Al igual que muchos servicios, Google Analytics utiliza cookies de origen para rastrear las interacciones de los visitantes y en nuestro caso, son utilizadas para recoger informaci\u00f3n sobre c\u00f3mo los visitantes utilizan nuestro sitio web. Luego utilizamos la informaci\u00f3n recogida para realizar reportes y ayudarnos a mejorar nuestro sitio web.<\/p>\n<p style=\"text-align: justify\">Las cookies contienen informaci\u00f3n que es transferida al disco duro de tu computadora. Estas cookies son utilizadas para almacenar informaci\u00f3n, tales como la hora de visita, si el visitante ha estado anteriormente en el sitio y de cu\u00e1l sitio fue referido el visitante a la p\u00e1gina web<\/p>\n<p style=\"text-align: justify\">Google Analytics recoge informaci\u00f3n de forma an\u00f3nima. Informa de las tendencias de los sitios web sin necesidad de identificar a los visitantes individualmente. P<strong>uedes<\/strong><strong> optar por salir de Google Analytics sin afectar c\u00f3mo visitas nuestro sitio web<\/strong> \u2013 para m\u00e1s informaci\u00f3n sobre optar por no ser rastreado por Google Analytics a trav\u00e9s de todos los sitios web que utilizas: <a href=\"http:\/\/tools.google.com\/dlpage\/gaoptout\">http:\/\/tools.google.com\/dlpage\/gaoptout<\/a>.<\/p>\n<p style=\"text-align: justify\"><strong>No utilizamos las cookies con el prop\u00f3sito de rastrear<\/strong><\/p>\n<p style=\"text-align: justify\">Puedes decidir si quieres que la computadora te advierta cada vez que una cookie est\u00e1 siendo enviada, o puedes desactivar el uso de cookies. Puedes hacerlo a trav\u00e9s de las opciones de tu navegador (como Internet Explorer). Cada navegador es distinto, as\u00ed que tendr\u00e1s que ir al Men\u00fa de Ayuda de tu navegador para saber c\u00f3mo puedes modificar el uso de las cookies.<\/p>\n<p style=\"text-align: justify\">Si desactivas las cookies, algunas caracter\u00edsticas que hacen que tu experiencia en nuestro sitio web sea m\u00e1s eficiente estar\u00e1n desactivadas y algunos de nuestros servicios no funcionar\u00e1n adecuadamente. Sin embargo, puedes seguir realizando \u00f3rdenes.<\/p>\n<h3 style=\"text-align: justify\"><strong>Divulgaci\u00f3n de Terceros<\/strong><\/h3>\n<p style=\"text-align: justify\">No vendemos, intercambiamos o de otra manera transferimos tu informaci\u00f3n personal a terceros a menos que te avisemos con antelaci\u00f3n. Esto no incluye a asociados al alojamiento del sitio web y otras partes que nos ayudan en la operaci\u00f3n de nuestro sitio web, la operaci\u00f3n de nuestro negocio u ofreci\u00e9ndote un servicio, siempre que estas partes est\u00e9n de acuerdo en mantener esta informaci\u00f3n en total confidencialidad. Tambi\u00e9n podemos revelar tu informaci\u00f3n cuando creamos que es apropiado para cumplir con la ley, hacer cumplir las pol\u00edticas de nuestro sitio, o para proteger los derechos, propiedad y seguridad propios o de otros.<\/p>\n<p style=\"text-align: justify\">Sin embargo, la informaci\u00f3n de identificaci\u00f3n no personal del visitante puede ser proporcionada a terceros para la comercializaci\u00f3n, publicidad, u otros usos.<\/p>\n<p style=\"text-align: justify\"><strong>Enlaces de Terceros<\/strong><\/p>\n<p style=\"text-align: justify\">Ocasionalmente, y a nuestra discreci\u00f3n, podemos incluir\u00a0 u ofrecer productos o servicios de terceros en nuestra p\u00e1gina web. Estas p\u00e1ginas de terceros tienen pol\u00edticas de privacidades separadas e independientes. Por lo tanto, no nos hacemos responsables por el contenido y actividades de estos sitios web enlazados. No obstante, buscamos proteger la integridad de nuestro sitio web y agradecemos cualquier comentario acerca de estos sitios.<\/p>\n<h3 style=\"text-align: justify\"><strong>Google<\/strong><\/h3>\n<p style=\"text-align: justify\">Los requerimientos para la publicidad de Google pueden ser resumidas en los Principios de Publicidad de Google. Est\u00e1n para proporcionar una experiencia positiva para los usuarios. <a href=\"https:\/\/support.google.com\/adwordspolicy\/answer\/1316548?hl=en\">https:\/\/support.google.com\/adwordspolicy\/answer\/1316548?hl=en<\/a><\/p>\n<p style=\"text-align: justify\"><strong>Utilizamos Publicidad de Google AdSense en nuestro sitio web<\/strong><\/p>\n<p style=\"text-align: justify\">Google, como proveedor, utiliza cookies para mostrar anuncios en nuestro sitio. Google utiliza DART en sus cookies para mostrar anuncios a nuestros usuarios basados en su visita a nuestro sitio y otros sitios en Internet. Los usuarios no pueden optar por utilizar la cookie de DART\u00a0a trav\u00e9s\u00a0de\u00a0la pol\u00edtica\u00a0de\u00a0privacidad\u00a0de\u00a0Google\u00a0para\u00a0la red de contenido y anuncios.<\/p>\n<p style=\"text-align: justify\">Hemos implementado lo siguiente:<\/p>\n<ul style=\"text-align: justify\">\n<li>Remarketing con Google AdSense<\/li>\n<li>Informaci\u00f3n Demogr\u00e1fica e intereses<\/li>\n<li>Integraci\u00f3n de la Plataforma DoubleClick<\/li>\n<\/ul>\n<p style=\"text-align: justify\">Nosotros, junto a los proveedores, tal como Google, utilizamos cookies de origen (tales como las cookies de Google Analytics) y cookies de terceros (como las cookie de DoubleClick) o identificadores de terceros para recopilar informaci\u00f3n con respecto a las interacciones del usuario con impresiones de anuncio, y otros servicios de anuncios relacionados a nuestro sitio web.<\/p>\n<p style=\"text-align: justify\">Exclusi\u00f3n Voluntaria:<\/p>\n<p style=\"text-align: justify\">Los usuarios pueden seleccionar c\u00f3mo Google le muestra los anuncios utilizando la p\u00e1gina de Google Ad Settings. Por otro lado puedes visitar la p\u00e1gina \u2018op-out\u2019 de la iniciativa Network Advertising o usar permanentemente el complemento de Inhabilitaci\u00f3n para Navegadores de Google Analytics.<\/p>\n<h3 style=\"text-align: justify\"><strong>Ley de Protecci\u00f3n de Privacidad en L\u00ednea de California<\/strong><\/h3>\n<p style=\"text-align: justify\">La CalOPPA (California Online Privacy Protection Act, en ingl\u00e9s) es la primera ley estatal en la naci\u00f3n que le exige a las p\u00e1ginas web comerciales y a los servicios en l\u00ednea publicar una pol\u00edtica de privacidad. El alcance de la ley se extiende mucho m\u00e1s all\u00e1 de California para exigir una persona o compa\u00f1\u00eda en los Estados Unidos (y concebiblemente en el mundo), que operan sitios web que recogen informaci\u00f3n de identificaci\u00f3n personal de los consumidores de California, el publicar una pol\u00edtica de privacidad visible en su p\u00e1gina web indicando exactamente la informaci\u00f3n que se recoge y las personas con las que se comparte, y cumplir con esta pol\u00edtica. \u2013 Puede ver m\u00e1s en: <a href=\"http:\/\/consumercal.org\/california-online-privacy-protection-act-caloppa\/#sthash.0FdRbT51.dpuf\">http:\/\/consumercal.org\/california-online-privacy-protection-act-caloppa\/#sthash.0FdRbT51.dpuf<\/a><\/p>\n<p style=\"text-align: justify\"><strong>De acuerdo a la CalOPPA hemos acordado lo siguiente:<\/strong><\/p>\n<p style=\"text-align: justify\">Los usuarios pueden visitar nuestro sitio de forma an\u00f3nima.<\/p>\n<p style=\"text-align: justify\">Una vez que esta pol\u00edtica de privacidad sea creada, agregamos un enlace a nuestra p\u00e1gina principal, o como m\u00ednimo en la primera p\u00e1gina importante luego de entrar a nuestro sitio web.<\/p>\n<p style=\"text-align: justify\">Nuestro enlace de Pol\u00edtica de Privacidad incluye la palabra \u2018Privacidad\u2019, y puede ser f\u00e1cilmente ubicada en la p\u00e1gina especificada arriba.<\/p>\n<p style=\"text-align: justify\">Los usuarios ser\u00e1n notificados de cualquier\u00a0cambio en la pol\u00edtica de privacidad:<\/p>\n<ul style=\"text-align: justify\">\n<li>En nuestra P\u00e1gina de Pol\u00edtica de Publicidad.<\/li>\n<\/ul>\n<p style=\"text-align: justify\">Los usuarios podr\u00e1n cambiar su informaci\u00f3n personal:<\/p>\n<ul style=\"text-align: justify\">\n<li>Al enviarnos un correo electr\u00f3nico.<\/li>\n<\/ul>\n<p style=\"text-align: justify\"><strong>\u00bfC\u00f3mo maneja nuestro sitio web las se\u00f1ales de Do Not Track?<\/strong><\/p>\n<p style=\"text-align: justify\">Honramos las se\u00f1ales de Do Not Track y no rastreamos, implantamos cookies o utilizamos publicidad cuando el mecanismo de navegador Do Not Track (DNT) est\u00e1 en funcionamiento.<\/p>\n<p style=\"text-align: justify\"><strong>\u00bfNuestro sitio permite el seguimiento de comportamiento de terceros?<\/strong><\/p>\n<p style=\"text-align: justify\">Es importante acotar que permitimos el seguimiento de comportamiento de terceros.<\/p>\n<h3 style=\"text-align: justify\"><strong>Ley de Protecci\u00f3n de Privacidad en L\u00ednea de los Ni\u00f1os (COPPA, en ingl\u00e9s)<\/strong><\/h3>\n<p style=\"text-align: justify\">Cuando se trata de recoger informaci\u00f3n personal de ni\u00f1os menores de 13 a\u00f1os, la Ley de Protecci\u00f3n de Privacidad en L\u00ednea de los Ni\u00f1os (COPPA) se pone en control de los padres. La Comisi\u00f3n Federal de Comercio y las agencias nacionales de protecci\u00f3n al consumidor hacen cumplir la Norma COPPA, la cual indica qu\u00e9 operadores de sitios web y servicios en l\u00ednea deben proteger la privacidad y seguridad de los ni\u00f1os en l\u00ednea.<\/p>\n<p style=\"text-align: justify\">Nosotros no ofrecemos servicios o productos a ni\u00f1os menores de 13 a\u00f1os.<\/p>\n<h3 style=\"text-align: justify\"><strong>Pr\u00e1cticas Justas de Informaci\u00f3n<\/strong><\/h3>\n<p style=\"text-align: justify\">Los Principios de las Pr\u00e1cticas Justas de Informaci\u00f3n son la espina dorsal de la ley de privacidad en los Estados Unidos y los conceptos que incluyen han jugado un rol importante en el desarrollo de las leyes de protecci\u00f3n de informaci\u00f3n alrededor del mundo.\u00a0 El entendimiento de los Principios de las Pr\u00e1cticas Justas de Informaci\u00f3n y c\u00f3mo deben ser implementadas es importante para cumplir con las leyes de privacidad que protegen la informaci\u00f3n personal.<\/p>\n<p style=\"text-align: justify\"><strong>Con el fin de cumplir con las Pr\u00e1cticas Justas de Informaci\u00f3n vamos a tomar las siguientes medidas de respuesta, en caso de producirse una fuga de datos: <\/strong><\/p>\n<p style=\"text-align: justify\">Alertaremos a los usuarios mediante una notificaci\u00f3n en el sitio web.<\/p>\n<ul style=\"text-align: justify\">\n<li>Dentro de 7 d\u00edas h\u00e1biles<\/li>\n<\/ul>\n<p style=\"text-align: justify\">Tambi\u00e9n estamos de acuerdo con el principio de reparaci\u00f3n individual, el cual indica que los individuos tienen derecho a perseguir los derechos legales exigibles contra los procesadores y recolectores de datos que no se adhieran a la ley. Este principio requiere no solo que los individuos tengan derechos exigibles contra la informaci\u00f3n de los usuarios, sino tambi\u00e9n que los individuos tengan recursos en tribunales o una agencia del gobierno para investigar\/juzgar el incumplimiento por parte de los responsables.<\/p>\n<h3 style=\"text-align: justify\"><strong>Ley de Control del Ataque por Pornograf\u00eda y Marketing No Solicitado (CAN SPAM Act, en ingl\u00e9s<\/strong>)<\/h3>\n<p style=\"text-align: justify\">La CAN-SPAM Act es una ley que establece las reglas para el correo electr\u00f3nico comercial, establece los requisitos para los mensajes comerciales, da a los beneficiarios el derecho de que les sean dejados de enviar correos electr\u00f3nicos y detalla las penalizaciones a quienes incumplan con la ley.<\/p>\n<p style=\"text-align: justify\"><strong>Recolectamos tu correo electr\u00f3nico con el fin de:<\/strong><\/p>\n<p style=\"text-align: justify\"><strong>Para estar de acuerdo con CAN-SPAM cumpliremos con lo siguiente:<\/strong><\/p>\n<p style=\"text-align: justify\">Si en alg\u00fan momento deseas dejar de recibir nuestros correos electr\u00f3nicos y darte de baja, puedes enviarnos un correo electr\u00f3nico y r\u00e1pidamente \u00a0te removeremos de <strong>TODA<\/strong> correspondencia por parte nuestra.<\/p>\n","protected":false},"excerpt":{"rendered":"<p>Esta pol\u00edtica de privacidad ha sido compilada para servir aquellos que est\u00e9n preocupados en c\u00f3mo su \u201cInformaci\u00f3n Personal\u201d (IP) est\u00e1 siendo utilizada en l\u00ednea. IP, tal y como se entiende en la ley de privacidad e informaci\u00f3n de seguridad en los Estados Unidos, es informaci\u00f3n que puede ser utilizada por s\u00ed misma o con otra &hellip; <a href=\"https:\/\/www.esports-betting.pro\/es\/privacidad-cookies\/\">Continued<\/a><\/p>\n","protected":false},"author":24,"featured_media":0,"parent":0,"menu_order":0,"comment_status":"closed","ping_status":"closed","template":"","meta":{"_acf_changed":false,"footnotes":""},"acf":[],"yoast_head":"<!-- This site is optimized with the Yoast SEO plugin v22.6 - https:\/\/yoast.com\/wordpress\/plugins\/seo\/ -->\n<title>Pol\u00edtica de Privacidad y Cookies | Apuestas eSports<\/title>\n<meta name=\"description\" content=\"Informaci\u00f3n sobre nuestras pol\u00edticas de privacidad, cookies, seguimiento de terceros, COPPA, CalOPPA, CAN-SPAM, boletines de informaci\u00f3n, etc.\" \/>\n<meta name=\"robots\" content=\"index, follow, max-snippet:-1, max-image-preview:large, max-video-preview:-1\" \/>\n<link rel=\"canonical\" href=\"https:\/\/www.esports-betting.pro\/es\/privacidad-cookies\/\" \/>\n<meta property=\"og:locale\" content=\"es_ES\" \/>\n<meta property=\"og:type\" content=\"article\" \/>\n<meta property=\"og:title\" content=\"Pol\u00edtica de Privacidad y Cookies | Apuestas eSports\" \/>\n<meta property=\"og:description\" content=\"Informaci\u00f3n sobre nuestras pol\u00edticas de privacidad, cookies, seguimiento de terceros, COPPA, CalOPPA, CAN-SPAM, boletines de informaci\u00f3n, etc.\" \/>\n<meta property=\"og:url\" content=\"https:\/\/www.esports-betting.pro\/es\/privacidad-cookies\/\" \/>\n<meta property=\"og:site_name\" content=\"Esports Betting - ES\" \/>\n<meta name=\"twitter:card\" content=\"summary_large_image\" \/>\n<meta name=\"twitter:label1\" content=\"Est. reading time\" \/>\n\t<meta name=\"twitter:data1\" content=\"9 minutos\" \/>\n<script type=\"application\/ld+json\" class=\"yoast-schema-graph\">{\"@context\":\"https:\/\/schema.org\",\"@graph\":[{\"@type\":\"WebPage\",\"@id\":\"https:\/\/www.esports-betting.pro\/es\/privacidad-cookies\/\",\"url\":\"https:\/\/www.esports-betting.pro\/es\/privacidad-cookies\/\",\"name\":\"Pol\u00edtica de Privacidad y Cookies | Apuestas eSports\",\"isPartOf\":{\"@id\":\"https:\/\/www.esports-betting.pro\/es\/#website\"},\"datePublished\":\"2016-01-17T18:04:37+00:00\",\"dateModified\":\"2016-01-17T18:04:37+00:00\",\"description\":\"Informaci\u00f3n sobre nuestras pol\u00edticas de privacidad, cookies, seguimiento de terceros, COPPA, CalOPPA, CAN-SPAM, boletines de informaci\u00f3n, etc.\",\"breadcrumb\":{\"@id\":\"https:\/\/www.esports-betting.pro\/es\/privacidad-cookies\/#breadcrumb\"},\"inLanguage\":\"es\",\"potentialAction\":[{\"@type\":\"ReadAction\",\"target\":[\"https:\/\/www.esports-betting.pro\/es\/privacidad-cookies\/\"]}]},{\"@type\":\"BreadcrumbList\",\"@id\":\"https:\/\/www.esports-betting.pro\/es\/privacidad-cookies\/#breadcrumb\",\"itemListElement\":[{\"@type\":\"ListItem\",\"position\":1,\"name\":\"Home\",\"item\":\"https:\/\/www.esports-betting.pro\/es\/\"},{\"@type\":\"ListItem\",\"position\":2,\"name\":\"Privacidad \/ Cookies\"}]},{\"@type\":\"WebSite\",\"@id\":\"https:\/\/www.esports-betting.pro\/es\/#website\",\"url\":\"https:\/\/www.esports-betting.pro\/es\/\",\"name\":\"Esports Betting - ES\",\"description\":\"Just another Esports Betting Sites site\",\"potentialAction\":[{\"@type\":\"SearchAction\",\"target\":{\"@type\":\"EntryPoint\",\"urlTemplate\":\"https:\/\/www.esports-betting.pro\/es\/?s={search_term_string}\"},\"query-input\":\"required name=search_term_string\"}],\"inLanguage\":\"es\"}]}<\/script>\n<!-- \/ Yoast SEO plugin. -->","yoast_head_json":{"title":"Pol\u00edtica de Privacidad y Cookies | Apuestas eSports","description":"Informaci\u00f3n sobre nuestras pol\u00edticas de privacidad, cookies, seguimiento de terceros, COPPA, CalOPPA, CAN-SPAM, boletines de informaci\u00f3n, etc.","robots":{"index":"index","follow":"follow","max-snippet":"max-snippet:-1","max-image-preview":"max-image-preview:large","max-video-preview":"max-video-preview:-1"},"canonical":"https:\/\/www.esports-betting.pro\/es\/privacidad-cookies\/","og_locale":"es_ES","og_type":"article","og_title":"Pol\u00edtica de Privacidad y Cookies | Apuestas eSports","og_description":"Informaci\u00f3n sobre nuestras pol\u00edticas de privacidad, cookies, seguimiento de terceros, COPPA, CalOPPA, CAN-SPAM, boletines de informaci\u00f3n, etc.","og_url":"https:\/\/www.esports-betting.pro\/es\/privacidad-cookies\/","og_site_name":"Esports Betting - ES","twitter_card":"summary_large_image","twitter_misc":{"Est. reading time":"9 minutos"},"schema":{"@context":"https:\/\/schema.org","@graph":[{"@type":"WebPage","@id":"https:\/\/www.esports-betting.pro\/es\/privacidad-cookies\/","url":"https:\/\/www.esports-betting.pro\/es\/privacidad-cookies\/","name":"Pol\u00edtica de Privacidad y Cookies | Apuestas eSports","isPartOf":{"@id":"https:\/\/www.esports-betting.pro\/es\/#website"},"datePublished":"2016-01-17T18:04:37+00:00","dateModified":"2016-01-17T18:04:37+00:00","description":"Informaci\u00f3n sobre nuestras pol\u00edticas de privacidad, cookies, seguimiento de terceros, COPPA, CalOPPA, CAN-SPAM, boletines de informaci\u00f3n, etc.","breadcrumb":{"@id":"https:\/\/www.esports-betting.pro\/es\/privacidad-cookies\/#breadcrumb"},"inLanguage":"es","potentialAction":[{"@type":"ReadAction","target":["https:\/\/www.esports-betting.pro\/es\/privacidad-cookies\/"]}]},{"@type":"BreadcrumbList","@id":"https:\/\/www.esports-betting.pro\/es\/privacidad-cookies\/#breadcrumb","itemListElement":[{"@type":"ListItem","position":1,"name":"Home","item":"https:\/\/www.esports-betting.pro\/es\/"},{"@type":"ListItem","position":2,"name":"Privacidad \/ Cookies"}]},{"@type":"WebSite","@id":"https:\/\/www.esports-betting.pro\/es\/#website","url":"https:\/\/www.esports-betting.pro\/es\/","name":"Esports Betting - ES","description":"Just another Esports Betting Sites site","potentialAction":[{"@type":"SearchAction","target":{"@type":"EntryPoint","urlTemplate":"https:\/\/www.esports-betting.pro\/es\/?s={search_term_string}"},"query-input":"required name=search_term_string"}],"inLanguage":"es"}]}},"_links":{"self":[{"href":"https:\/\/www.esports-betting.pro\/es\/wp-json\/wp\/v2\/pages\/783"}],"collection":[{"href":"https:\/\/www.esports-betting.pro\/es\/wp-json\/wp\/v2\/pages"}],"about":[{"href":"https:\/\/www.esports-betting.pro\/es\/wp-json\/wp\/v2\/types\/page"}],"author":[{"embeddable":true,"href":"https:\/\/www.esports-betting.pro\/es\/wp-json\/wp\/v2\/users\/24"}],"replies":[{"embeddable":true,"href":"https:\/\/www.esports-betting.pro\/es\/wp-json\/wp\/v2\/comments?post=783"}],"version-history":[{"count":0,"href":"https:\/\/www.esports-betting.pro\/es\/wp-json\/wp\/v2\/pages\/783\/revisions"}],"wp:attachment":[{"href":"https:\/\/www.esports-betting.pro\/es\/wp-json\/wp\/v2\/media?parent=783"}],"curies":[{"name":"wp","href":"https:\/\/api.w.org\/{rel}","templated":true}]}}