{"id":717,"date":"2015-12-16T19:46:19","date_gmt":"2015-12-16T19:46:19","guid":{"rendered":"https:\/\/www.esports-betting.pro\/es\/?page_id=717"},"modified":"2015-12-16T19:46:19","modified_gmt":"2015-12-16T19:46:19","slug":"iem-colonia-2015-lol","status":"publish","type":"page","link":"https:\/\/www.esports-betting.pro\/es\/league-of-legends-lol\/iem-colonia-2015-lol\/","title":{"rendered":"IEM Colonia 2015 | Torneo de League of Legends"},"content":{"rendered":"<p style=\"text-align: justify\"><img loading=\"lazy\" decoding=\"async\" class=\"wp-image-718 alignright\" src=\"https:\/\/www.esports-betting.pro\/app\/uploads\/sites\/3\/2015\/12\/logo-1-300x169.png\" alt=\"logo (1)\" width=\"190\" height=\"107\" \/><\/p>\n<p style=\"text-align: justify\">IEM se dirige a su cuarto evento en su D\u00e9cima Temporada. El evento tendr\u00e1 lugar en ESL Studio en Colonia y los equipos participantes son de todas partes del mundo. Con 6 equipos participantes y algunos cambios realizados dentro de ellos, podr\u00edamos estar ante unos juegos donde los equipos est\u00e9n muy desorganizados o ante unos juegos verdaderamente emocionantes. El torneo ser\u00e1 jugado con el parche 5.23 con el nuevo campe\u00f3n Illaoi habilitado. Esperamos ver nuevas t\u00e1cticas y que el meta sea sacudido con los recientes cambios, que en nuestra opini\u00f3n, son bastante innovadores; los juegos podr\u00e1n ser r\u00e1pidos o lentos, dependiendo de c\u00f3mo jueguen los equipos.<\/p>\n<p style=\"text-align: justify\"><strong>Nota<\/strong>: la final de la Temporada 11 de <a href=\"https:\/\/www.esports-betting.pro\/es\/league-of-legends-lol\/iem-katowice-2017-leagueoflegends\/\">League of Legends del IEM Katowice 2017<\/a>\u00a0ser\u00e1 llevada a cabo dentro de poco.<\/p>\n<h2 style=\"text-align: justify\">LoL IEM Temporada 10 \u2013 Datos de Colonia:<\/h2>\n<ul style=\"text-align: justify\">\n<li><strong>Fecha<\/strong>: 18\/12\/2015 \u2013 20\/15\/2015<img loading=\"lazy\" decoding=\"async\" class=\"size-full wp-image-719 alignright\" src=\"https:\/\/www.esports-betting.pro\/app\/uploads\/sites\/3\/2015\/12\/logo.png\" alt=\"logo\" width=\"190\" height=\"77\" \/><\/li>\n<li><strong>Lugar<\/strong>: Colonia, Alemania<\/li>\n<li>6 equipos<\/li>\n<li>Los Cuartos de Final y Semifinales ser\u00e1n al Mejor de 3<\/li>\n<li>La Final ser\u00e1 al Mejor de 5<\/li>\n<li><strong><a href=\"https:\/\/www.esports-betting.pro\/es\/league-of-legends-lol\/\">Apuestas en League of Legends<\/a><\/strong><\/li>\n<li><strong>Parche<\/strong>: 5.23<\/li>\n<li>Transmisi\u00f3n en vivo para todos los partidos<\/li>\n<li>Cuotas de apuestas disponibles para todos los partidos<\/li>\n<\/ul>\n<h2 style=\"text-align: justify\">Apuestas y Probabilidades para el IEM Colonia 2015<\/h2>\n<p style=\"text-align: justify\">Muchos de los sitios de <strong><a href=\"https:\/\/www.esports-betting.pro\/es\/\">apuestas eSports<\/a><\/strong> tendr\u00e1n apuestas y probabilidades\u00a0para el torneo de League of Legends del IEM Colonia. Actualizaremos el art\u00edculo tan pronto como est\u00e9n disponibles las primeras apuestas.<\/p>\n<p style=\"text-align: center\"><span style=\"font-size: 14pt\"><strong><em>Apuestas\u00a0de\u00a0eSports\u00a0\u2013 IEM Colonia\u00a0Bet365:<\/em><\/strong><\/span><a href=\"https:\/\/www.esports-betting.pro\/es\/corredor-de-apuestas\/go_bet365\" target=\"_blank\" rel=\"noopener\"><img loading=\"lazy\" decoding=\"async\" class=\"alignnone wp-image-757 size-full\" src=\"https:\/\/www.esports-betting.pro\/app\/uploads\/sites\/3\/2015\/12\/IEM-Colonia-Bet365.jpg\" alt=\"IEM-Colonia-Bet365\" width=\"520\" height=\"158\" \/><\/a><a href=\"https:\/\/www.esports-betting.pro\/es\/corredor-de-apuestas\/go_bet365\" target=\"_blank\" rel=\"nofollow noopener\"><br \/>\n<\/a><a href=\"https:\/\/www.esports-betting.pro\/es\/corredor-de-apuestas\/go_bet365\" target=\"_blank\" rel=\"noopener\"><img loading=\"lazy\" decoding=\"async\" class=\"aligncenter wp-image-63 size-full\" src=\"https:\/\/www.esports-betting.pro\/app\/uploads\/sites\/3\/2015\/08\/Apuestas_eSports_Bet365-banner.jpg\" alt=\"Apuestas eSports Bet365 banner\" width=\"450\" height=\"86\" \/><\/a><\/p>\n<h2 style=\"text-align: justify\">Los 6 equipos participantes son<\/h2>\n<p style=\"text-align: justify\"><em>2 equipos de <strong>Europa<\/strong> seleccionados por los fan\u00e1ticos<\/em><\/p>\n<ul style=\"text-align: justify\">\n<li><strong><img loading=\"lazy\" decoding=\"async\" class=\"alignnone size-full wp-image-493\" src=\"https:\/\/www.esports-betting.pro\/app\/uploads\/sites\/3\/2015\/11\/logo-lcs-eu-equipo-fnatic-2016-pequeno.png\" alt=\"logo-lcs-eu-equipo-fnatic-2016-pequeno\" width=\"32\" height=\"32\" \/>\u00a0Fnatic<\/strong><\/li>\n<li><strong><img loading=\"lazy\" decoding=\"async\" class=\"alignnone size-full wp-image-503\" src=\"https:\/\/www.esports-betting.pro\/app\/uploads\/sites\/3\/2015\/11\/logo-lcs-eu-equipo-h2k-gaming-2016-pequeno.png\" alt=\"logo-lcs-eu-equipo-h2k-gaming-2016-pequeno\" width=\"32\" height=\"32\" \/>\u00a0H2K-Gaming<\/strong><\/li>\n<\/ul>\n<p style=\"text-align: justify\"><em>2 equipos de<strong> Norte Am\u00e9rica<\/strong> seleccionados por los fan\u00e1ticos<\/em><\/p>\n<ul style=\"text-align: justify\">\n<li><strong><img loading=\"lazy\" decoding=\"async\" class=\"alignnone size-full wp-image-469\" src=\"https:\/\/www.esports-betting.pro\/app\/uploads\/sites\/3\/2015\/11\/logo-lcs-equipo-cloud9-2016-pequeno.png\" alt=\"logo-lcs-equipo-cloud9-2016-pequeno\" width=\"32\" height=\"32\" \/>\u00a0Cloud 9 <\/strong><\/li>\n<li><strong><img loading=\"lazy\" decoding=\"async\" class=\"alignnone wp-image-471 size-full\" src=\"https:\/\/www.esports-betting.pro\/app\/uploads\/sites\/3\/2015\/11\/logo-lcs-equipo-dignitas-2016-pequeno.png\" alt=\"\" width=\"32\" height=\"32\" \/>\u00a0Dignitas<\/strong><\/li>\n<\/ul>\n<p style=\"text-align: justify\">(Team Liquid se retir\u00f3 del torneo por m\u00faltiples razones)<\/p>\n<p style=\"text-align: justify\"><em>1 equipo de<strong> China<\/strong> seleccionado por los fan\u00e1ticos<\/em><\/p>\n<ul style=\"text-align: justify\">\n<li><strong><img loading=\"lazy\" decoding=\"async\" class=\"alignnone wp-image-726\" src=\"https:\/\/www.esports-betting.pro\/app\/uploads\/sites\/3\/2015\/12\/Qiao-Gu-LPL-Team-Logo-pequeno.png\" alt=\"Qiao-Gu-LPL-Team-Logo-pequeno\" width=\"32\" height=\"32\" \/>\u00a0Qiao Gu Reapers<\/strong><\/li>\n<\/ul>\n<p style=\"text-align: justify\"><em>1 equipo de <strong>Corea<\/strong>, ganador de la Copa KESPA<\/em><\/p>\n<ul style=\"text-align: justify\">\n<li><strong><img loading=\"lazy\" decoding=\"async\" class=\"alignnone size-full wp-image-725\" src=\"https:\/\/www.esports-betting.pro\/app\/uploads\/sites\/3\/2015\/12\/Ever-LoL-Team-Logo-pequeno.jpg\" alt=\"Ever-LoL-Team-Logo-pequeno\" width=\"32\" height=\"32\" \/>\u00a0Ever<\/strong><\/li>\n<\/ul>\n<p style=\"text-align: justify\"><a href=\"https:\/\/www.esports-betting.pro\/es\/corredor-de-apuestas\/go_pinnacle\" target=\"_blank\" rel=\"noopener\"><img loading=\"lazy\" decoding=\"async\" class=\"alignright wp-image-628 size-full\" src=\"https:\/\/www.esports-betting.pro\/app\/uploads\/sites\/3\/2015\/11\/pinnacle-spanish-esports-banner.gif\" alt=\"pinnacle spanish esports banner\" width=\"200\" height=\"200\" \/><\/a>Todos estos equipos participar\u00e1n en una serie al Mejor de 3, con Fnatic y Ever tomando lugar directamente en las semifinales y los dem\u00e1s equipos en los Cuartos de Final para ver qui\u00e9nes avanzar\u00e1n y pelear\u00e1n contra estos dos equipos, todo esto en una plantilla de eliminaci\u00f3n directa, por lo tanto cada equipo tendr\u00e1 solo una oportunidad. La final ser\u00e1 una serie al Mejor de 5 y el ganador del torneo se llevar\u00e1 a casa $50.000. Colonia ser\u00e1 la \u00faltima parada del Intel Extreme Masters del 2015, as\u00ed que despeja tu agenda y disfruta de unos partidos entre los mejores equipos del mundo en un ambiente relajado junto a sus fan\u00e1ticos mientras compiten por el trofeo del Intel Extreme Masters.<\/p>\n<h2 style=\"text-align: justify\">Programaci\u00f3n y Horario del IEM Colonia 2015<\/h2>\n<h3 style=\"text-align: justify\">D\u00eda 1 \u2013 Viernes 18\/12\/2015<\/h3>\n<p style=\"text-align: justify;padding-left: 30px\"><strong>Partido #1<\/strong>: <img loading=\"lazy\" decoding=\"async\" class=\"alignnone size-full wp-image-471\" src=\"https:\/\/www.esports-betting.pro\/app\/uploads\/sites\/3\/2015\/11\/logo-lcs-equipo-dignitas-2016-pequeno.png\" alt=\"logo-lcs-equipo-dignitas-2016-pequeno\" width=\"32\" height=\"32\" \/>\u00a0Dignitas <span style=\"color: #ff0000\"><strong>vs.<\/strong><\/span> <img loading=\"lazy\" decoding=\"async\" class=\"alignnone size-full wp-image-726\" src=\"https:\/\/www.esports-betting.pro\/app\/uploads\/sites\/3\/2015\/12\/Qiao-Gu-LPL-Team-Logo-pequeno.png\" alt=\"Qiao-Gu-LPL-Team-Logo-pequeno\" width=\"32\" height=\"32\" \/>\u00a0QG Reapers\u00a0<strong><span style=\"vertical-align: bottom\"><span style=\"background-color: #000000\"><span style=\"color: #3366ff\">\u00a0 1<\/span>\u00a0\u00a0<span style=\"color: #ffffff\">:\u00a0<\/span>\u00a0<span style=\"color: #ff0000\">2\u00a0\u00a0<\/span><\/span><\/span> \u00a0<\/strong><strong>\u00a0\u00a0<\/strong><\/p>\n<p style=\"text-align: justify;padding-left: 30px\"><em>Hora de inicio: 7:40 am PST \/ 10:40 am EST \/ 16:40 CET<\/em><\/p>\n<p style=\"text-align: justify;padding-left: 30px\"><strong>Partido #2<\/strong>: <img loading=\"lazy\" decoding=\"async\" class=\"alignnone size-full wp-image-469\" src=\"https:\/\/www.esports-betting.pro\/app\/uploads\/sites\/3\/2015\/11\/logo-lcs-equipo-cloud9-2016-pequeno.png\" alt=\"logo-lcs-equipo-cloud9-2016-pequeno\" width=\"32\" height=\"32\" \/>\u00a0Cloud 9 <strong><span style=\"color: #ff0000\">vs.<\/span><\/strong> <img loading=\"lazy\" decoding=\"async\" class=\"alignnone size-full wp-image-503\" src=\"https:\/\/www.esports-betting.pro\/app\/uploads\/sites\/3\/2015\/11\/logo-lcs-eu-equipo-h2k-gaming-2016-pequeno.png\" alt=\"logo-lcs-eu-equipo-h2k-gaming-2016-pequeno\" width=\"32\" height=\"32\" \/>\u00a0H2K Gaming\u00a0<strong><span style=\"vertical-align: bottom\"><span style=\"background-color: #000000\"><span style=\"color: #3366ff\">\u00a0 1<\/span>\u00a0\u00a0<span style=\"color: #ffffff\">:\u00a0<\/span>\u00a0<span style=\"color: #ff0000\">2\u00a0\u00a0<\/span><\/span><\/span><\/strong><\/p>\n<p style=\"text-align: justify;padding-left: 30px\"><em>Hora de inicio: <\/em><em>11:00 am PST \/ 2:00<\/em><em> pm EST \/ 20:00 CET\u00a0<\/em><\/p>\n<h3 style=\"text-align: justify\">D\u00eda 2 \u2013 S\u00e1bado 19\/12\/2015<\/h3>\n<p style=\"text-align: justify;padding-left: 30px\"><strong>Partido #3<\/strong>: <img loading=\"lazy\" decoding=\"async\" class=\"alignnone size-full wp-image-493\" src=\"https:\/\/www.esports-betting.pro\/app\/uploads\/sites\/3\/2015\/11\/logo-lcs-eu-equipo-fnatic-2016-pequeno.png\" alt=\"logo-lcs-eu-equipo-fnatic-2016-pequeno\" width=\"32\" height=\"32\" \/>\u00a0Fnatic <strong><span style=\"color: #ff0000\">vs.<\/span><\/strong> <img loading=\"lazy\" decoding=\"async\" class=\"alignnone size-full wp-image-726\" src=\"https:\/\/www.esports-betting.pro\/app\/uploads\/sites\/3\/2015\/12\/Qiao-Gu-LPL-Team-Logo-pequeno.png\" alt=\"Qiao-Gu-LPL-Team-Logo-pequeno\" width=\"32\" height=\"32\" \/>\u00a0QG Reapers\u00a0<strong><span style=\"vertical-align: bottom\"><span style=\"background-color: #000000\"><span style=\"color: #3366ff\">\u00a0 1<\/span>\u00a0\u00a0<span style=\"color: #ffffff\">:\u00a0<\/span>\u00a0<span style=\"color: #ff0000\">2\u00a0\u00a0<\/span><\/span><\/span><\/strong><\/p>\n<p style=\"text-align: justify;padding-left: 30px\"><em>Hora de inicio: <\/em><em>7:40 am PST \/\u00a010:40 am EST \/ 16:40 CET\u00a0<\/em><\/p>\n<p style=\"text-align: justify;padding-left: 30px\"><strong>Partido #4<\/strong>: <img loading=\"lazy\" decoding=\"async\" class=\"alignnone size-full wp-image-725\" src=\"https:\/\/www.esports-betting.pro\/app\/uploads\/sites\/3\/2015\/12\/Ever-LoL-Team-Logo-pequeno.jpg\" alt=\"Ever-LoL-Team-Logo-pequeno\" width=\"32\" height=\"32\" \/>\u00a0Ever <strong><span style=\"color: #ff0000\">vs.<\/span><\/strong> <img loading=\"lazy\" decoding=\"async\" class=\"alignnone size-full wp-image-503\" src=\"https:\/\/www.esports-betting.pro\/app\/uploads\/sites\/3\/2015\/11\/logo-lcs-eu-equipo-h2k-gaming-2016-pequeno.png\" alt=\"logo-lcs-eu-equipo-h2k-gaming-2016-pequeno\" width=\"32\" height=\"32\" \/>\u00a0H2K Gaming\u00a0<strong><span style=\"vertical-align: bottom\"><span style=\"background-color: #000000\"><span style=\"color: #3366ff\">\u00a0 2<\/span>\u00a0\u00a0<span style=\"color: #ffffff\">:\u00a0<\/span>\u00a0<span style=\"color: #ff0000\">1\u00a0\u00a0<\/span><\/span><\/span><\/strong><\/p>\n<p style=\"text-align: justify;padding-left: 30px\"><em>Hora de inicio: <\/em><em>11:00 am PST \/\u00a02:<\/em><em>00\u00a0pm EST \/\u00a020:00 CET\u00a0<\/em><\/p>\n<h3 style=\"text-align: justify\">D\u00eda 3 \u2013 Domingo 20\/12\/2015<\/h3>\n<p style=\"text-align: justify;padding-left: 30px\"><strong>Partido #5<\/strong>: <img loading=\"lazy\" decoding=\"async\" class=\"alignnone size-full wp-image-726\" src=\"https:\/\/www.esports-betting.pro\/app\/uploads\/sites\/3\/2015\/12\/Qiao-Gu-LPL-Team-Logo-pequeno.png\" alt=\"Qiao-Gu-LPL-Team-Logo-pequeno\" width=\"32\" height=\"32\" \/>\u00a0QG Reapers <strong><span style=\"color: #ff0000\">vs.<\/span><\/strong> <img loading=\"lazy\" decoding=\"async\" class=\"alignnone size-full wp-image-725\" src=\"https:\/\/www.esports-betting.pro\/app\/uploads\/sites\/3\/2015\/12\/Ever-LoL-Team-Logo-pequeno.jpg\" alt=\"Ever-LoL-Team-Logo-pequeno\" width=\"32\" height=\"32\" \/>\u00a0Ever\u00a0<strong><span style=\"vertical-align: bottom\"><span style=\"background-color: #000000\"><span style=\"color: #3366ff\">\u00a0 2<\/span>\u00a0\u00a0<span style=\"color: #ffffff\">:\u00a0<\/span>\u00a0<span style=\"color: #ff0000\">3\u00a0\u00a0<\/span><\/span><\/span><\/strong><\/p>\n<p style=\"text-align: justify;padding-left: 30px\"><em>Hora de inicio: 8:40 am PST \/\u00a011:40 am EST \/ 17:40 CET\u00a0<\/em><\/p>\n<p style=\"text-align: justify;padding-left: 30px\"><a href=\"https:\/\/www.esports-betting.pro\/es\/corredor-de-apuestas\/go_bet365\" target=\"_blank\" rel=\"noopener\"><img loading=\"lazy\" decoding=\"async\" class=\"aligncenter wp-image-63 size-full\" src=\"https:\/\/www.esports-betting.pro\/app\/uploads\/sites\/3\/2015\/08\/Apuestas_eSports_Bet365-banner.jpg\" alt=\"Apuestas eSports Bet365 banner\" width=\"450\" height=\"86\" \/><\/a><\/p>\n<h2 style=\"text-align: justify\">Transmisi\u00f3n en Vivo y Comentaristas en Espa\u00f1ol<\/h2>\n<p>Comentaristas para el IEM Colonia 2015<\/p>\n<ul>\n<li>Anfitri\u00f3n: Sean Charles<\/li>\n<li>Analista: William &#8220;Chobra&#8221; Cho<\/li>\n<li>Analista: Marcel &#8220;Dexter&#8221; Feldkamp<\/li>\n<li>Analista: Jakob &#8220;YamatoCannon&#8221; Mebdi<\/li>\n<li>Comentador: Devin &#8220;Piratechnics&#8221;\u00a0Younge<\/li>\n<li>Comentador: Mitch &#8220;UberShouts&#8221; Leslie<\/li>\n<li>Comentador: Christopher &#8220;PapaSmithy&#8221; Smith<\/li>\n<li>Comentador: Indiana &#8220;Froskurinn&#8221; Black<\/li>\n<\/ul>\n<p>Podr\u00e1s mirar la transmisi\u00f3n en vivo del IEM Colonia 2015 en Espa\u00f1ol, aqu\u00ed en nuestra p\u00e1gina web, tan solo debes darle play al reproductor.<\/p>\n<p><strong>Tambi\u00e9n podr\u00edas estar interesado en:<\/strong><br \/>\n<a href=\"https:\/\/www.esports-betting.pro\/es\/league-of-legends-lol\/iem-katowice-2016\/\">IEM Katowice 2016 League of Legends<\/a><\/p>\n","protected":false},"excerpt":{"rendered":"<p>IEM se dirige a su cuarto evento en su D\u00e9cima Temporada. El evento tendr\u00e1 lugar en ESL Studio en Colonia y los equipos participantes son de todas partes del mundo. Con 6 equipos participantes y algunos cambios realizados dentro de ellos, podr\u00edamos estar ante unos juegos donde los equipos est\u00e9n muy desorganizados o ante unos &hellip; <a href=\"https:\/\/www.esports-betting.pro\/es\/league-of-legends-lol\/iem-colonia-2015-lol\/\">Continued<\/a><\/p>\n","protected":false},"author":24,"featured_media":0,"parent":11,"menu_order":0,"comment_status":"closed","ping_status":"closed","template":"","meta":{"_acf_changed":false,"footnotes":""},"acf":[],"yoast_head":"<!-- This site is optimized with the Yoast SEO plugin v22.6 - https:\/\/yoast.com\/wordpress\/plugins\/seo\/ -->\n<title>IEM Colonia 2015 | Resumen del Torneo de LoL<\/title>\n<meta name=\"description\" content=\"\u00a1Se acerca el IEM Colonia 2015 y aqu\u00ed podr\u00e1s tener toda la informaci\u00f3n del Torneo de LoL, equipos, premios, transmisi\u00f3n en vivo y apuestas! \u00bfQu\u00e9 esperas?\" \/>\n<meta name=\"robots\" content=\"index, follow, max-snippet:-1, max-image-preview:large, max-video-preview:-1\" \/>\n<link rel=\"canonical\" href=\"https:\/\/www.esports-betting.pro\/es\/league-of-legends-lol\/iem-colonia-2015-lol\/\" \/>\n<meta property=\"og:locale\" content=\"es_ES\" \/>\n<meta property=\"og:type\" content=\"article\" \/>\n<meta property=\"og:title\" content=\"IEM Colonia 2015 | Resumen del Torneo de LoL\" \/>\n<meta property=\"og:description\" content=\"\u00a1Se acerca el IEM Colonia 2015 y aqu\u00ed podr\u00e1s tener toda la informaci\u00f3n del Torneo de LoL, equipos, premios, transmisi\u00f3n en vivo y apuestas! \u00bfQu\u00e9 esperas?\" \/>\n<meta property=\"og:url\" content=\"https:\/\/www.esports-betting.pro\/es\/league-of-legends-lol\/iem-colonia-2015-lol\/\" \/>\n<meta property=\"og:site_name\" content=\"Esports Betting - ES\" \/>\n<meta property=\"og:image\" content=\"https:\/\/www.esports-betting.pro\/app\/uploads\/sites\/3\/2015\/12\/logo-1-300x169.png\" \/>\n<meta name=\"twitter:card\" content=\"summary_large_image\" \/>\n<meta name=\"twitter:label1\" content=\"Est. reading time\" \/>\n\t<meta name=\"twitter:data1\" content=\"3 minutos\" \/>\n<script type=\"application\/ld+json\" class=\"yoast-schema-graph\">{\"@context\":\"https:\/\/schema.org\",\"@graph\":[{\"@type\":\"WebPage\",\"@id\":\"https:\/\/www.esports-betting.pro\/es\/league-of-legends-lol\/iem-colonia-2015-lol\/\",\"url\":\"https:\/\/www.esports-betting.pro\/es\/league-of-legends-lol\/iem-colonia-2015-lol\/\",\"name\":\"IEM Colonia 2015 | Resumen del Torneo de LoL\",\"isPartOf\":{\"@id\":\"https:\/\/www.esports-betting.pro\/es\/#website\"},\"primaryImageOfPage\":{\"@id\":\"https:\/\/www.esports-betting.pro\/es\/league-of-legends-lol\/iem-colonia-2015-lol\/#primaryimage\"},\"image\":{\"@id\":\"https:\/\/www.esports-betting.pro\/es\/league-of-legends-lol\/iem-colonia-2015-lol\/#primaryimage\"},\"thumbnailUrl\":\"https:\/\/www.esports-betting.pro\/app\/uploads\/sites\/3\/2015\/12\/logo-1-300x169.png\",\"datePublished\":\"2015-12-16T19:46:19+00:00\",\"dateModified\":\"2015-12-16T19:46:19+00:00\",\"description\":\"\u00a1Se acerca el IEM Colonia 2015 y aqu\u00ed podr\u00e1s tener toda la informaci\u00f3n del Torneo de LoL, equipos, premios, transmisi\u00f3n en vivo y apuestas! \u00bfQu\u00e9 esperas?\",\"breadcrumb\":{\"@id\":\"https:\/\/www.esports-betting.pro\/es\/league-of-legends-lol\/iem-colonia-2015-lol\/#breadcrumb\"},\"inLanguage\":\"es\",\"potentialAction\":[{\"@type\":\"ReadAction\",\"target\":[\"https:\/\/www.esports-betting.pro\/es\/league-of-legends-lol\/iem-colonia-2015-lol\/\"]}]},{\"@type\":\"ImageObject\",\"inLanguage\":\"es\",\"@id\":\"https:\/\/www.esports-betting.pro\/es\/league-of-legends-lol\/iem-colonia-2015-lol\/#primaryimage\",\"url\":\"https:\/\/www.esports-betting.pro\/app\/uploads\/sites\/3\/2015\/12\/logo-1-300x169.png\",\"contentUrl\":\"https:\/\/www.esports-betting.pro\/app\/uploads\/sites\/3\/2015\/12\/logo-1-300x169.png\"},{\"@type\":\"BreadcrumbList\",\"@id\":\"https:\/\/www.esports-betting.pro\/es\/league-of-legends-lol\/iem-colonia-2015-lol\/#breadcrumb\",\"itemListElement\":[{\"@type\":\"ListItem\",\"position\":1,\"name\":\"Home\",\"item\":\"https:\/\/www.esports-betting.pro\/es\/\"},{\"@type\":\"ListItem\",\"position\":2,\"name\":\"Apuestas en League of Legends (LoL) | Sitios de apuestas y cuotas\",\"item\":\"https:\/\/www.esports-betting.pro\/es\/league-of-legends-lol\/\"},{\"@type\":\"ListItem\",\"position\":3,\"name\":\"IEM Colonia 2015 | Torneo de League of Legends\"}]},{\"@type\":\"WebSite\",\"@id\":\"https:\/\/www.esports-betting.pro\/es\/#website\",\"url\":\"https:\/\/www.esports-betting.pro\/es\/\",\"name\":\"Esports Betting - ES\",\"description\":\"Just another Esports Betting Sites site\",\"potentialAction\":[{\"@type\":\"SearchAction\",\"target\":{\"@type\":\"EntryPoint\",\"urlTemplate\":\"https:\/\/www.esports-betting.pro\/es\/?s={search_term_string}\"},\"query-input\":\"required name=search_term_string\"}],\"inLanguage\":\"es\"}]}<\/script>\n<!-- \/ Yoast SEO plugin. -->","yoast_head_json":{"title":"IEM Colonia 2015 | Resumen del Torneo de LoL","description":"\u00a1Se acerca el IEM Colonia 2015 y aqu\u00ed podr\u00e1s tener toda la informaci\u00f3n del Torneo de LoL, equipos, premios, transmisi\u00f3n en vivo y apuestas! \u00bfQu\u00e9 esperas?","robots":{"index":"index","follow":"follow","max-snippet":"max-snippet:-1","max-image-preview":"max-image-preview:large","max-video-preview":"max-video-preview:-1"},"canonical":"https:\/\/www.esports-betting.pro\/es\/league-of-legends-lol\/iem-colonia-2015-lol\/","og_locale":"es_ES","og_type":"article","og_title":"IEM Colonia 2015 | Resumen del Torneo de LoL","og_description":"\u00a1Se acerca el IEM Colonia 2015 y aqu\u00ed podr\u00e1s tener toda la informaci\u00f3n del Torneo de LoL, equipos, premios, transmisi\u00f3n en vivo y apuestas! \u00bfQu\u00e9 esperas?","og_url":"https:\/\/www.esports-betting.pro\/es\/league-of-legends-lol\/iem-colonia-2015-lol\/","og_site_name":"Esports Betting - ES","og_image":[{"url":"https:\/\/www.esports-betting.pro\/app\/uploads\/sites\/3\/2015\/12\/logo-1-300x169.png"}],"twitter_card":"summary_large_image","twitter_misc":{"Est. reading time":"3 minutos"},"schema":{"@context":"https:\/\/schema.org","@graph":[{"@type":"WebPage","@id":"https:\/\/www.esports-betting.pro\/es\/league-of-legends-lol\/iem-colonia-2015-lol\/","url":"https:\/\/www.esports-betting.pro\/es\/league-of-legends-lol\/iem-colonia-2015-lol\/","name":"IEM Colonia 2015 | Resumen del Torneo de LoL","isPartOf":{"@id":"https:\/\/www.esports-betting.pro\/es\/#website"},"primaryImageOfPage":{"@id":"https:\/\/www.esports-betting.pro\/es\/league-of-legends-lol\/iem-colonia-2015-lol\/#primaryimage"},"image":{"@id":"https:\/\/www.esports-betting.pro\/es\/league-of-legends-lol\/iem-colonia-2015-lol\/#primaryimage"},"thumbnailUrl":"https:\/\/www.esports-betting.pro\/app\/uploads\/sites\/3\/2015\/12\/logo-1-300x169.png","datePublished":"2015-12-16T19:46:19+00:00","dateModified":"2015-12-16T19:46:19+00:00","description":"\u00a1Se acerca el IEM Colonia 2015 y aqu\u00ed podr\u00e1s tener toda la informaci\u00f3n del Torneo de LoL, equipos, premios, transmisi\u00f3n en vivo y apuestas! \u00bfQu\u00e9 esperas?","breadcrumb":{"@id":"https:\/\/www.esports-betting.pro\/es\/league-of-legends-lol\/iem-colonia-2015-lol\/#breadcrumb"},"inLanguage":"es","potentialAction":[{"@type":"ReadAction","target":["https:\/\/www.esports-betting.pro\/es\/league-of-legends-lol\/iem-colonia-2015-lol\/"]}]},{"@type":"ImageObject","inLanguage":"es","@id":"https:\/\/www.esports-betting.pro\/es\/league-of-legends-lol\/iem-colonia-2015-lol\/#primaryimage","url":"https:\/\/www.esports-betting.pro\/app\/uploads\/sites\/3\/2015\/12\/logo-1-300x169.png","contentUrl":"https:\/\/www.esports-betting.pro\/app\/uploads\/sites\/3\/2015\/12\/logo-1-300x169.png"},{"@type":"BreadcrumbList","@id":"https:\/\/www.esports-betting.pro\/es\/league-of-legends-lol\/iem-colonia-2015-lol\/#breadcrumb","itemListElement":[{"@type":"ListItem","position":1,"name":"Home","item":"https:\/\/www.esports-betting.pro\/es\/"},{"@type":"ListItem","position":2,"name":"Apuestas en League of Legends (LoL) | Sitios de apuestas y cuotas","item":"https:\/\/www.esports-betting.pro\/es\/league-of-legends-lol\/"},{"@type":"ListItem","position":3,"name":"IEM Colonia 2015 | Torneo de League of Legends"}]},{"@type":"WebSite","@id":"https:\/\/www.esports-betting.pro\/es\/#website","url":"https:\/\/www.esports-betting.pro\/es\/","name":"Esports Betting - ES","description":"Just another Esports Betting Sites site","potentialAction":[{"@type":"SearchAction","target":{"@type":"EntryPoint","urlTemplate":"https:\/\/www.esports-betting.pro\/es\/?s={search_term_string}"},"query-input":"required name=search_term_string"}],"inLanguage":"es"}]}},"_links":{"self":[{"href":"https:\/\/www.esports-betting.pro\/es\/wp-json\/wp\/v2\/pages\/717"}],"collection":[{"href":"https:\/\/www.esports-betting.pro\/es\/wp-json\/wp\/v2\/pages"}],"about":[{"href":"https:\/\/www.esports-betting.pro\/es\/wp-json\/wp\/v2\/types\/page"}],"author":[{"embeddable":true,"href":"https:\/\/www.esports-betting.pro\/es\/wp-json\/wp\/v2\/users\/24"}],"replies":[{"embeddable":true,"href":"https:\/\/www.esports-betting.pro\/es\/wp-json\/wp\/v2\/comments?post=717"}],"version-history":[{"count":0,"href":"https:\/\/www.esports-betting.pro\/es\/wp-json\/wp\/v2\/pages\/717\/revisions"}],"up":[{"embeddable":true,"href":"https:\/\/www.esports-betting.pro\/es\/wp-json\/wp\/v2\/pages\/11"}],"wp:attachment":[{"href":"https:\/\/www.esports-betting.pro\/es\/wp-json\/wp\/v2\/media?parent=717"}],"curies":[{"name":"wp","href":"https:\/\/api.w.org\/{rel}","templated":true}]}}