{"id":698,"date":"2015-12-16T20:29:18","date_gmt":"2015-12-16T20:29:18","guid":{"rendered":"https:\/\/www.esports-betting.pro\/es\/?page_id=698"},"modified":"2015-12-16T20:29:18","modified_gmt":"2015-12-16T20:29:18","slug":"bonificaciones-de-apuestas-esports","status":"publish","type":"page","link":"https:\/\/www.esports-betting.pro\/es\/sitios-apuestas-esports-2\/bonificaciones-de-apuestas-esports\/","title":{"rendered":"Bonificaciones de Apuestas eSports"},"content":{"rendered":"<p style=\"text-align: justify\">Las bonificaciones son a menudo el principal incentivo para que los jugadores se registren en determinado corredor de apuesta. Esto es debido a la alta competencia en la industria de las apuestas. Cuando se trata de las bonificaciones de las apuestas eSports, la elecci\u00f3n no es tan amplia como si se tratara de apuestas en deportes tradicionales, pero el n\u00famero de corredores de apuestas eSports a\u00fan deja un margen ancho para que los jugadores puedan escoger. La mayor\u00eda de los corredores de apuestas ofrecer\u00e1n bonificaciones de apuestas en los eSports para igualar tu primer dep\u00f3sito hasta cierto monto. Este tipo de bonificaci\u00f3n en los eSports es una oferta \u00fanica, as\u00ed que toma ventaja tan pronto como sea posible y \u00fasala sabiamente.<\/p>\n<p style=\"text-align: justify\">Aqu\u00ed listaremos los tipos de bonificaciones que son ofrecidas a los nuevos jugadores en distintos corredores de apuestas que ofrecen servicios en los eSports. Tambi\u00e9n te diremos como reclamar las bonificaciones y los t\u00e9rminos de uso con los que debes cumplir para reclamar dichos bonos.<\/p>\n<h2>ArcaneBet y su bono del 150%<\/h2>\n<p style=\"text-align: justify\"><a href=\"https:\/\/www.esports-betting.pro\/es\/corredor-de-apuestas\/go_arcanebet\"><img loading=\"lazy\" decoding=\"async\" class=\"alignright wp-image-9637 size-full\" src=\"https:\/\/www.esports-betting.pro\/app\/uploads\/sites\/3\/2015\/12\/ArcaneBet-Logo-Bonus-Codigo.jpg\" alt=\"ArcaneBet Logo Bonus Code\" width=\"320\" height=\"142\" \/><\/a>ArcaneBet es una p\u00e1gina web dedicada a los eSports como enfoque principal, y aunque hasta hace poco agregaron deportes tradicionales como f\u00fatbol, baloncesto, tennis y ice hokey. Usualmente ArcaneBet cuenta con una promoci\u00f3n de bonificaci\u00f3n del 100% para usuarios nuevos en la p\u00e1gina web, pero en Apuestas-Esports.com estamos orgullosos de anunciar una promoci\u00f3n exclusiva para nuestros lectores, en lugar de obtener el 100% de bonificaci\u00f3n, haciendo clic en el logo de ArcaneBet y utilizando nuestr c\u00f3digo &#8220;<strong>ESPRO<\/strong>&#8221; obtendr\u00e1s l 150% de bonificaci\u00f3n hasta un m\u00e1ximo de \u20ac150, y por supuesto, ciertas condiciones aplican para esta promoci\u00f3n, lo m\u00e1s importante es que el usuario cree una nueva en la p\u00e1gina web (sin haber creado otra cuenta anteriormente), ya que los datos de la tarjeta de cr\u00e9dito\/d\u00e9bito y direcci\u00f3n IP estar\u00e1n asociados a la cuenta del usuario.<\/p>\n<p style=\"text-align: center\">\n<h2>Tipbet y sus bonos de apuestas<\/h2>\n<p style=\"text-align: justify\"><a href=\"https:\/\/www.esports-betting.pro\/es\/corredor-de-apuestas\/go_tipbet\" target=\"_blank\" rel=\"nofollow noopener\"><img loading=\"lazy\" decoding=\"async\" class=\"alignright wp-image-3483 size-full\" src=\"https:\/\/www.esports-betting.pro\/app\/uploads\/sites\/3\/2015\/12\/Tipbet-Banner-Bono-Apuestas.jpg\" alt=\"Tipbet Banner - Bono de Apuesta\" width=\"320\" height=\"142\" \/><\/a>TipBet es una plataforma de apuestas para eSports bastante nueva, \u00a1pero no dejes que eso te enga\u00f1e! Est\u00e1 causando excelentes impresiones con sus bonificaciones, en las que puedes: ganar hasta \u20ac50 con tu primer dep\u00f3sito, y obtener \u20ac5 autom\u00e1ticos por simplemente registrarte y escribir \u2018<strong>ESPORTS<\/strong>\u2019 en la casilla de bonificaciones durante el registro.\u00a0 El bono \u00fanico de esta p\u00e1gina es el \u201cSuper Combi Bonus\u201d, que consiste en \u00a0obtener m\u00e1s del 50% de tus ganancias al combinar al menos 4 apuestas con cuotas m\u00ednima de 1.5 en cualquier deporte, con m\u00ednimo una apuesta en vivo.<\/p>\n<p style=\"text-align: justify\">Nos queda claro que TipBet no escatima en bonificaciones, \u00a1qui\u00e9n sabe que nos podr\u00edan ofrecer pr\u00f3ximamente!<\/p>\n<p style=\"text-align: center\">\n<h2>Pinnacle Sports, mejores cuotas<\/h2>\n<p style=\"text-align: justify\"><a href=\"https:\/\/www.esports-betting.pro\/es\/corredor-de-apuestas\/go_pinnacle\" target=\"_blank\" rel=\"nofollow noopener\"><img loading=\"lazy\" decoding=\"async\" class=\"alignright wp-image-2183 size-full\" src=\"https:\/\/www.esports-betting.pro\/app\/uploads\/sites\/3\/2015\/12\/Pinnacle-Bono-Apuestas-eSports.jpg\" alt=\"Pinnacle Sports Bonificaci\u00f3n en Apuestas eSports\" width=\"320\" height=\"142\" \/><\/a>Pinnacle no ofrece bonificaci\u00f3n alguna de nuevo ingreso o c\u00f3digo promocional, sin embargo, Pinnacle se destaca en ofrecer los mejores y m\u00e1s altos m\u00e1rgenes de ganancia; maneja dos formatos: el decimal y americano.\u00a0 En el caso de las decimales, es f\u00e1cil calcular y predecir la ganancia, cuanto menor sea el n\u00famero decimal mayor es la probabilidad de que gane el equipo. La ganancia se puede calcular multiplicando la cuota decimal por la cantidad que se desee apostar. Para calcular la probabilidad de un resultado concreto se divide uno (1) entre la cuota decimal.<\/p>\n<p style=\"text-align: justify\">Otras caracter\u00edsticas de Pinnacle Sport son que permite realizar apuestas m\u00e1s altas que en cualquier otro sitio, acepta el arbitraje en las apuestas tratando a todos los jugadores por igual, y ofrece un reembolso ilimitado en efectivo del 0,3%.<\/p>\n<p style=\"text-align: center\">\n<h2>DraftKings, eSports de Fantas\u00eda<\/h2>\n<p style=\"text-align: justify\"><a href=\"https:\/\/www.esports-betting.pro\/es\/corredor-de-apuestas\/go_draftkings\" target=\"_blank\" rel=\"nofollow noopener\"><img loading=\"lazy\" decoding=\"async\" class=\"alignright wp-image-2180 size-full\" src=\"https:\/\/www.esports-betting.pro\/app\/uploads\/sites\/3\/2015\/12\/DraftKings-Bono-Apuestas-eSports.jpg\" alt=\"DraftKings Bono Apuestas eSports\" width=\"320\" height=\"142\" \/><\/a>DraftKings es la p\u00e1gina web deuestas de fantas\u00eda m\u00e1s reconocida en EE. UU. Aqu\u00ed les dan la bienvenida a jugadores nuevos con un 100% en su primer dep\u00f3sito de hasta $600. El bono no es acreditado en su cuenta de forma inmediata, sino que es liberado con el tiempo en cantidades peque\u00f1as. La rapidez con la que reciban el bono depende de ustedes; mientras m\u00e1s FPP (frequent player points; puntos de jugador frecuente) ganen, m\u00e1s r\u00e1pido obtendr\u00e1n su bono de fondo. Los FPP se ganan solo cuando entran en las competencias de dinero real, por cada 100 FPP que ganen recibir\u00e1n $1 de su bono.<\/p>\n<p style=\"text-align: center\">\n<h2>Nitrogen Sports<\/h2>\n<p style=\"text-align: justify\"><a href=\"https:\/\/www.esports-betting.pro\/es\/corredor-de-apuestas\/go_nitrogen\" target=\"_blank\" rel=\"nofollow noopener\"><img loading=\"lazy\" decoding=\"async\" class=\"alignright wp-image-2178 size-full\" src=\"https:\/\/www.esports-betting.pro\/app\/uploads\/sites\/3\/2015\/12\/Nitrogen-Bono-Apuestas-eSports.jpg\" alt=\"Nitrogen Bono Apuestas eSports\" width=\"320\" height=\"142\" \/><\/a>Nitrogen es un casino\/casa de apuestas que funciona solo con bitcoin, la primera criptomoneda, por lo que no todo el mundo est\u00e1 calificado para jugar. Sin embargo, si est\u00e1n familiarizados con las bitcoins y les gustan las apuestas de eSports, deber\u00edan considerar apostar en Nitrogen. No ofrece bono de bienvenida, pero si varias promociones casi todo los d\u00edas de cada mes. Las promociones son variadas, pero por lo general\u00a0 ofrecen una recompensa de bitcoins m\u00e1s peque\u00f1a despu\u00e9s de que hayan apostado un cierto n\u00famero de bitcoins. Para saber todos los detalles, visite Nitrogen eSports.<\/p>\n<p style=\"text-align: center\">\n<h2>Palabras Finales<\/h2>\n<p style=\"text-align: justify\">La lista cubre los bonos m\u00e1s importantes disponibles para los corredores de apuestas en los eSports m\u00e1s famosos en el mercado. Las bonificaciones son una buena forma de mantener tu financiaci\u00f3n en orden, tambi\u00e9n siempre es bueno tener fondos extras con los que trabajar con el fin de tener una suma superior a la anticipada. Adem\u00e1s, los requerimientos de movimientos son bastante justos.<\/p>\n<p style=\"text-align: justify\">Tambi\u00e9n puedes ver los distintos corredores de apuestas que trabajan con el mercado de los eSports en nuestro resumen general.<\/p>\n","protected":false},"excerpt":{"rendered":"<p>Las bonificaciones son a menudo el principal incentivo para que los jugadores se registren en determinado corredor de apuesta. Esto es debido a la alta competencia en la industria de las apuestas. Cuando se trata de las bonificaciones de las apuestas eSports, la elecci\u00f3n no es tan amplia como si se tratara de apuestas en &hellip; <a href=\"https:\/\/www.esports-betting.pro\/es\/sitios-apuestas-esports-2\/bonificaciones-de-apuestas-esports\/\">Continued<\/a><\/p>\n","protected":false},"author":24,"featured_media":0,"parent":689,"menu_order":0,"comment_status":"closed","ping_status":"closed","template":"","meta":{"_acf_changed":false,"footnotes":""},"acf":[],"yoast_head":"<!-- This site is optimized with the Yoast SEO plugin v22.6 - https:\/\/yoast.com\/wordpress\/plugins\/seo\/ -->\n<title>Bonos y c\u00f3digos promocionales de los sitios de Apuestas eSports<\/title>\n<meta name=\"description\" content=\"Todos los bonos para apostar en las mejores casas de apuestas de eSports. Comparativa de bonos y mejores ofertas. \u00bfQuieres jugar con bonos? No busques m\u00e1s.\" \/>\n<meta name=\"robots\" content=\"index, follow, max-snippet:-1, max-image-preview:large, max-video-preview:-1\" \/>\n<link rel=\"canonical\" href=\"https:\/\/www.esports-betting.pro\/es\/sitios-apuestas-esports-2\/bonificaciones-de-apuestas-esports\/\" \/>\n<meta property=\"og:locale\" content=\"es_ES\" \/>\n<meta property=\"og:type\" content=\"article\" \/>\n<meta property=\"og:title\" content=\"Bonos y c\u00f3digos promocionales de los sitios de Apuestas eSports\" \/>\n<meta property=\"og:description\" content=\"Todos los bonos para apostar en las mejores casas de apuestas de eSports. Comparativa de bonos y mejores ofertas. \u00bfQuieres jugar con bonos? No busques m\u00e1s.\" \/>\n<meta property=\"og:url\" content=\"https:\/\/www.esports-betting.pro\/es\/sitios-apuestas-esports-2\/bonificaciones-de-apuestas-esports\/\" \/>\n<meta property=\"og:site_name\" content=\"Esports Betting - ES\" \/>\n<meta property=\"og:image\" content=\"https:\/\/www.esports-betting.pro\/app\/uploads\/sites\/3\/2015\/12\/ArcaneBet-Logo-Bonus-Codigo.jpg\" \/>\n<meta name=\"twitter:card\" content=\"summary_large_image\" \/>\n<meta name=\"twitter:label1\" content=\"Est. reading time\" \/>\n\t<meta name=\"twitter:data1\" content=\"5 minutos\" \/>\n<script type=\"application\/ld+json\" class=\"yoast-schema-graph\">{\"@context\":\"https:\/\/schema.org\",\"@graph\":[{\"@type\":\"WebPage\",\"@id\":\"https:\/\/www.esports-betting.pro\/es\/sitios-apuestas-esports-2\/bonificaciones-de-apuestas-esports\/\",\"url\":\"https:\/\/www.esports-betting.pro\/es\/sitios-apuestas-esports-2\/bonificaciones-de-apuestas-esports\/\",\"name\":\"Bonos y c\u00f3digos promocionales de los sitios de Apuestas eSports\",\"isPartOf\":{\"@id\":\"https:\/\/www.esports-betting.pro\/es\/#website\"},\"primaryImageOfPage\":{\"@id\":\"https:\/\/www.esports-betting.pro\/es\/sitios-apuestas-esports-2\/bonificaciones-de-apuestas-esports\/#primaryimage\"},\"image\":{\"@id\":\"https:\/\/www.esports-betting.pro\/es\/sitios-apuestas-esports-2\/bonificaciones-de-apuestas-esports\/#primaryimage\"},\"thumbnailUrl\":\"https:\/\/www.esports-betting.pro\/app\/uploads\/sites\/3\/2015\/12\/ArcaneBet-Logo-Bonus-Codigo.jpg\",\"datePublished\":\"2015-12-16T20:29:18+00:00\",\"dateModified\":\"2015-12-16T20:29:18+00:00\",\"description\":\"Todos los bonos para apostar en las mejores casas de apuestas de eSports. Comparativa de bonos y mejores ofertas. \u00bfQuieres jugar con bonos? No busques m\u00e1s.\",\"breadcrumb\":{\"@id\":\"https:\/\/www.esports-betting.pro\/es\/sitios-apuestas-esports-2\/bonificaciones-de-apuestas-esports\/#breadcrumb\"},\"inLanguage\":\"es\",\"potentialAction\":[{\"@type\":\"ReadAction\",\"target\":[\"https:\/\/www.esports-betting.pro\/es\/sitios-apuestas-esports-2\/bonificaciones-de-apuestas-esports\/\"]}]},{\"@type\":\"ImageObject\",\"inLanguage\":\"es\",\"@id\":\"https:\/\/www.esports-betting.pro\/es\/sitios-apuestas-esports-2\/bonificaciones-de-apuestas-esports\/#primaryimage\",\"url\":\"https:\/\/www.esports-betting.pro\/app\/uploads\/sites\/3\/2015\/12\/ArcaneBet-Logo-Bonus-Codigo.jpg\",\"contentUrl\":\"https:\/\/www.esports-betting.pro\/app\/uploads\/sites\/3\/2015\/12\/ArcaneBet-Logo-Bonus-Codigo.jpg\"},{\"@type\":\"BreadcrumbList\",\"@id\":\"https:\/\/www.esports-betting.pro\/es\/sitios-apuestas-esports-2\/bonificaciones-de-apuestas-esports\/#breadcrumb\",\"itemListElement\":[{\"@type\":\"ListItem\",\"position\":1,\"name\":\"Home\",\"item\":\"https:\/\/www.esports-betting.pro\/es\/\"},{\"@type\":\"ListItem\",\"position\":2,\"name\":\"Rese\u00f1as de Corredores de Apuestas\",\"item\":\"https:\/\/www.esports-betting.pro\/es\/sitios-apuestas-esports-2\/\"},{\"@type\":\"ListItem\",\"position\":3,\"name\":\"Bonificaciones de Apuestas eSports\"}]},{\"@type\":\"WebSite\",\"@id\":\"https:\/\/www.esports-betting.pro\/es\/#website\",\"url\":\"https:\/\/www.esports-betting.pro\/es\/\",\"name\":\"Esports Betting - ES\",\"description\":\"Just another Esports Betting Sites site\",\"potentialAction\":[{\"@type\":\"SearchAction\",\"target\":{\"@type\":\"EntryPoint\",\"urlTemplate\":\"https:\/\/www.esports-betting.pro\/es\/?s={search_term_string}\"},\"query-input\":\"required name=search_term_string\"}],\"inLanguage\":\"es\"}]}<\/script>\n<!-- \/ Yoast SEO plugin. -->","yoast_head_json":{"title":"Bonos y c\u00f3digos promocionales de los sitios de Apuestas eSports","description":"Todos los bonos para apostar en las mejores casas de apuestas de eSports. Comparativa de bonos y mejores ofertas. \u00bfQuieres jugar con bonos? No busques m\u00e1s.","robots":{"index":"index","follow":"follow","max-snippet":"max-snippet:-1","max-image-preview":"max-image-preview:large","max-video-preview":"max-video-preview:-1"},"canonical":"https:\/\/www.esports-betting.pro\/es\/sitios-apuestas-esports-2\/bonificaciones-de-apuestas-esports\/","og_locale":"es_ES","og_type":"article","og_title":"Bonos y c\u00f3digos promocionales de los sitios de Apuestas eSports","og_description":"Todos los bonos para apostar en las mejores casas de apuestas de eSports. Comparativa de bonos y mejores ofertas. \u00bfQuieres jugar con bonos? No busques m\u00e1s.","og_url":"https:\/\/www.esports-betting.pro\/es\/sitios-apuestas-esports-2\/bonificaciones-de-apuestas-esports\/","og_site_name":"Esports Betting - ES","og_image":[{"url":"https:\/\/www.esports-betting.pro\/app\/uploads\/sites\/3\/2015\/12\/ArcaneBet-Logo-Bonus-Codigo.jpg"}],"twitter_card":"summary_large_image","twitter_misc":{"Est. reading time":"5 minutos"},"schema":{"@context":"https:\/\/schema.org","@graph":[{"@type":"WebPage","@id":"https:\/\/www.esports-betting.pro\/es\/sitios-apuestas-esports-2\/bonificaciones-de-apuestas-esports\/","url":"https:\/\/www.esports-betting.pro\/es\/sitios-apuestas-esports-2\/bonificaciones-de-apuestas-esports\/","name":"Bonos y c\u00f3digos promocionales de los sitios de Apuestas eSports","isPartOf":{"@id":"https:\/\/www.esports-betting.pro\/es\/#website"},"primaryImageOfPage":{"@id":"https:\/\/www.esports-betting.pro\/es\/sitios-apuestas-esports-2\/bonificaciones-de-apuestas-esports\/#primaryimage"},"image":{"@id":"https:\/\/www.esports-betting.pro\/es\/sitios-apuestas-esports-2\/bonificaciones-de-apuestas-esports\/#primaryimage"},"thumbnailUrl":"https:\/\/www.esports-betting.pro\/app\/uploads\/sites\/3\/2015\/12\/ArcaneBet-Logo-Bonus-Codigo.jpg","datePublished":"2015-12-16T20:29:18+00:00","dateModified":"2015-12-16T20:29:18+00:00","description":"Todos los bonos para apostar en las mejores casas de apuestas de eSports. Comparativa de bonos y mejores ofertas. \u00bfQuieres jugar con bonos? No busques m\u00e1s.","breadcrumb":{"@id":"https:\/\/www.esports-betting.pro\/es\/sitios-apuestas-esports-2\/bonificaciones-de-apuestas-esports\/#breadcrumb"},"inLanguage":"es","potentialAction":[{"@type":"ReadAction","target":["https:\/\/www.esports-betting.pro\/es\/sitios-apuestas-esports-2\/bonificaciones-de-apuestas-esports\/"]}]},{"@type":"ImageObject","inLanguage":"es","@id":"https:\/\/www.esports-betting.pro\/es\/sitios-apuestas-esports-2\/bonificaciones-de-apuestas-esports\/#primaryimage","url":"https:\/\/www.esports-betting.pro\/app\/uploads\/sites\/3\/2015\/12\/ArcaneBet-Logo-Bonus-Codigo.jpg","contentUrl":"https:\/\/www.esports-betting.pro\/app\/uploads\/sites\/3\/2015\/12\/ArcaneBet-Logo-Bonus-Codigo.jpg"},{"@type":"BreadcrumbList","@id":"https:\/\/www.esports-betting.pro\/es\/sitios-apuestas-esports-2\/bonificaciones-de-apuestas-esports\/#breadcrumb","itemListElement":[{"@type":"ListItem","position":1,"name":"Home","item":"https:\/\/www.esports-betting.pro\/es\/"},{"@type":"ListItem","position":2,"name":"Rese\u00f1as de Corredores de Apuestas","item":"https:\/\/www.esports-betting.pro\/es\/sitios-apuestas-esports-2\/"},{"@type":"ListItem","position":3,"name":"Bonificaciones de Apuestas eSports"}]},{"@type":"WebSite","@id":"https:\/\/www.esports-betting.pro\/es\/#website","url":"https:\/\/www.esports-betting.pro\/es\/","name":"Esports Betting - ES","description":"Just another Esports Betting Sites site","potentialAction":[{"@type":"SearchAction","target":{"@type":"EntryPoint","urlTemplate":"https:\/\/www.esports-betting.pro\/es\/?s={search_term_string}"},"query-input":"required name=search_term_string"}],"inLanguage":"es"}]}},"_links":{"self":[{"href":"https:\/\/www.esports-betting.pro\/es\/wp-json\/wp\/v2\/pages\/698"}],"collection":[{"href":"https:\/\/www.esports-betting.pro\/es\/wp-json\/wp\/v2\/pages"}],"about":[{"href":"https:\/\/www.esports-betting.pro\/es\/wp-json\/wp\/v2\/types\/page"}],"author":[{"embeddable":true,"href":"https:\/\/www.esports-betting.pro\/es\/wp-json\/wp\/v2\/users\/24"}],"replies":[{"embeddable":true,"href":"https:\/\/www.esports-betting.pro\/es\/wp-json\/wp\/v2\/comments?post=698"}],"version-history":[{"count":0,"href":"https:\/\/www.esports-betting.pro\/es\/wp-json\/wp\/v2\/pages\/698\/revisions"}],"up":[{"embeddable":true,"href":"https:\/\/www.esports-betting.pro\/es\/wp-json\/wp\/v2\/pages\/689"}],"wp:attachment":[{"href":"https:\/\/www.esports-betting.pro\/es\/wp-json\/wp\/v2\/media?parent=698"}],"curies":[{"name":"wp","href":"https:\/\/api.w.org\/{rel}","templated":true}]}}