{"id":689,"date":"2015-12-16T20:25:03","date_gmt":"2015-12-16T20:25:03","guid":{"rendered":"https:\/\/www.esports-betting.pro\/es\/?page_id=689"},"modified":"2015-12-16T20:25:03","modified_gmt":"2015-12-16T20:25:03","slug":"sitios-apuestas-esports-2","status":"publish","type":"page","link":"https:\/\/www.esports-betting.pro\/es\/sitios-apuestas-esports-2\/","title":{"rendered":"Rese\u00f1as de Corredores de Apuestas"},"content":{"rendered":"<p style=\"text-align: justify\">Parte crucial del suceso de las apuestas en los eSports ha sido tener informaci\u00f3n no solo de juego, sino tambi\u00e9n de todos los sitios de apuestas eSports disponibles. Es importante saber d\u00f3nde puedes encontrar las mejores probabilidades o la mayor variedad de juegos para los que puedes apostar. En esta rese\u00f1a podr\u00e1s encontrar un resumen de los sitios de Apuestas eSports m\u00e1s populares.<\/p>\n<h2 style=\"text-align: justify\">Res\u00famenes y rese\u00f1as de los sitios de apuestas eSports:<\/h2>\n<hr \/>\n<p style=\"text-align: justify\"><a href=\"https:\/\/www.esports-betting.pro\/es\/corredor-de-apuestas\/go_bet365\" target=\"_blank\" rel=\"noopener\"><img loading=\"lazy\" decoding=\"async\" class=\"alignleft wp-image-690 size-full\" src=\"https:\/\/www.esports-betting.pro\/app\/uploads\/sites\/3\/2015\/12\/Bet365-Logo-Apuestas-eSports.jpg\" alt=\"Bet365 Logo Apuestas eSports\" width=\"160\" height=\"60\" \/><\/a>Bet365 es el l\u00edder de las Apuestas eSports en Internet con una cartera de m\u00e1s de 22 millones de clientes en m\u00e1s de 200 pa\u00edses. Probablemente lo mejor de Bet365 es que se encuentra en Reino Unido y por lo tanto, puedes estar seguro de que toda la informaci\u00f3n que proveas a la p\u00e1gina web est\u00e1 encriptada de manera segura.<\/p>\n<p style=\"text-align: center\">\n<hr \/>\n<p style=\"text-align: justify\"><a href=\"https:\/\/www.esports-betting.pro\/es\/corredor-de-apuestas\/go_tipbet_1XX\" target=\"_blank\" rel=\"noopener\"><img loading=\"lazy\" decoding=\"async\" class=\"alignleft wp-image-3622 size-full\" src=\"https:\/\/www.esports-betting.pro\/app\/uploads\/sites\/3\/2015\/12\/Tipbet-Banner-Logo.jpg\" alt=\"Tipbet eSports - Logo\" width=\"160\" height=\"60\" \/><\/a>Esta nueva\u00a0p\u00e1gina de apuestas ha logrado hacerse un lugar entre las plataformas ya conocidas y usadas por todos los asiduos a los eSports. Si bien carece (por ahora) de renombre, hay que admitir que est\u00e1 dando de qu\u00e9 hablar, y no dejan de aparecer testimonios positivos en su favor. Su principal \u00e9xito ha sido proporcionar mayores alternativas para los apostadores, y un ejemplo de esto es la\u00a0 considerable cantidad de opciones de dep\u00f3sito: Sofort banking, Skrill, EcoPayz, Paysafecard, Neteller, GiroPay; adem\u00e1s de las convencionales Maestro \/ Visa \/ Mastercard. Es, en fin, una propuesta que vale la pena considerar, sobre todo si quieres apostar en uno de los cuatro grandes; League of Legends, Starcraft 2, DotA 2 y Counter Strike: Global Offensive.<\/p>\n<p style=\"text-align: center\">\n<hr \/>\n<p style=\"text-align: justify\"><a href=\"https:\/\/www.esports-betting.pro\/es\/corredor-de-apuestas\/go_pinnacle\" target=\"_blank\" rel=\"noopener\"><img loading=\"lazy\" decoding=\"async\" class=\"alignleft wp-image-692 size-full\" src=\"https:\/\/www.esports-betting.pro\/app\/uploads\/sites\/3\/2015\/12\/Pinnacle-Logo-Apuestas-eSports.jpg\" alt=\"Pinnacle Logo Apuestas eSports\" width=\"160\" height=\"60\" \/><\/a>Pinnacle eSports es uno de los mejores sitios de apuestas eSports. Est\u00e1n registrados en Curazao y sus regulaciones exigen que siempre tengan suficiente efectivo para satisfacer las necesidades de sus clientes. Tambi\u00e9n cuenta con un centro profesional eSports donde puedes encontrar art\u00edculos, preguntas frecuentes sobre las apuestas en los eSports y los diferentes juegos a los que proveen servicios.<\/p>\n<p style=\"text-align: center\"><em>L\u00ednea de Tiempo de Pinnacle eSports<\/em><\/p>\n<p style=\"text-align: justify\"><img loading=\"lazy\" decoding=\"async\" class=\"wp-image-691 aligncenter\" src=\"https:\/\/www.esports-betting.pro\/app\/uploads\/sites\/3\/2015\/12\/Pinnacle-Linea-de-Tiempo-Apuestas.jpg\" alt=\"Pinnacle-Linea-de-Tiempo-Apuestas\" width=\"539\" height=\"237\" \/><\/p>\n<p>&nbsp;<\/p>\n<p style=\"text-align: center\">\n<hr \/>\n<p style=\"text-align: justify\"><a href=\"https:\/\/www.esports-betting.pro\/es\/corredor-de-apuestas\/go_arcanebet\" target=\"_blank\" rel=\"noopener\"><img loading=\"lazy\" decoding=\"async\" class=\"alignleft wp-image-9616 size-full\" src=\"https:\/\/www.esports-betting.pro\/app\/uploads\/sites\/3\/2015\/12\/ArcaneBet-Logo-Rese\u00f1a.jpg\" alt=\"ArcaneBet Logo Rese\u00f1a\" width=\"160\" height=\"60\" \/><\/a>ArcaneBet lleva operando desde el 2016 y su enfoque principal en los deportes electr\u00f3nicos:\u00a0League of Legends, Dota II, CS:GO, Overwatch, Stacraft II y la lista contin\u00faa. Otra de las novedades recientes de ArcaneBet es que tambi\u00e9n cuenta con deportes tradicionales como el f\u00fatbol, baloncesto, tennis y ice hokey. Actualmente con ArcaneBet tenemos una bonificaci\u00f3n del 150% en tu primer dep\u00f3sito hasta \u20ac150 con el c\u00f3digo &#8220;ESPRO&#8221;.<\/p>\n<p style=\"text-align: center\">\n<hr \/>\n<p style=\"text-align: justify\"><a href=\"https:\/\/www.esports-betting.pro\/es\/corredor-de-apuestas\/go_draftkings\" target=\"_blank\" rel=\"noopener\"><img loading=\"lazy\" decoding=\"async\" class=\"alignleft wp-image-1780 size-full\" src=\"https:\/\/www.esports-betting.pro\/app\/uploads\/sites\/3\/2015\/12\/Draftkings-Logo-Apuestas-eSports.jpg\" alt=\"DraftKings Logo Apuestas eSports\" width=\"160\" height=\"60\" \/><\/a>DraftKings es uno de las compa\u00f1\u00edas m\u00e1s grandes que ofrecen\u00a0<em>Daily Fantasy Sports<\/em>, lo que significa que puedes apostar en cualquier deporte, por ejemplo, futbol, beisbol, golf, sin olvidar tambi\u00e9n que puedes apostar en los eSports: League of Legends, Dota 2, Counter-Strike GO entre otros.<\/p>\n<p style=\"text-align: justify\">\u00bfQu\u00e9 hace diferente a DraftKings de otros sitios?\u00a0DraftKings te ofrece\u00a0la oportunidad de ganar dinero real de forma gratuita. Tienes dos formas de ganar: puedes apostar dinero real y ganar, o tambi\u00e9n puedes entrar en torneos gratuitos y ganar dinero real. Es algo que otras compa\u00f1\u00eda de fantasy eSports no ofrecen.<\/p>\n<p style=\"text-align: center\">\n<hr \/>\n<p style=\"text-align: justify\"><a href=\"https:\/\/www.esports-betting.pro\/es\/corredor-de-apuestas\/go_williamhill\" target=\"_blank\" rel=\"noopener\"><img loading=\"lazy\" decoding=\"async\" class=\"alignleft wp-image-2173 size-full\" src=\"https:\/\/www.esports-betting.pro\/app\/uploads\/sites\/3\/2015\/12\/William-Hill-Logo-Rese\u00f1a.jpg\" alt=\"William Hill Logo\" width=\"160\" height=\"60\" \/><\/a>William Hill es l\u00edder en la industria de apuestas en l\u00ednea. \u00a0Una gran casa debe estar al d\u00eda con las necesidades de los jugadores, es por ello que incluyeron los eSports en este corredor de apuestas. Los apostantes \u00e1vidos de eSports pueden disfrutar de una variedad de mercados de apuestas (Dota 2, League of Legends, Starcraft 2) en William Hill.\n<\/p>\n<p style=\"text-align: center\">\n<hr \/>\n<p style=\"text-align: justify\"><a href=\"https:\/\/www.esports-betting.pro\/es\/corredor-de-apuestas\/go_nitrogen\" target=\"_blank\" rel=\"noopener\"><img loading=\"lazy\" decoding=\"async\" class=\"alignleft wp-image-2174 size-full\" src=\"https:\/\/www.esports-betting.pro\/app\/uploads\/sites\/3\/2015\/12\/Nitrogen-Sports-Logo-Rese\u00f1a.jpg\" alt=\"Nitrogen Sports Logo Rese\u00f1a\" width=\"160\" height=\"60\" \/><\/a>Nitrogen Sports es el corredor de apuestas n\u00ba 1 de la red que solo usa bitcoins. Adem\u00e1s de otros deportes, Nitrogen tiene una gran secci\u00f3n de eSports, as\u00ed que si quieren apostar bitcoins a su deporte electr\u00f3nico favorito, Nitrogen es la p\u00e1gina web que deber\u00edan visitar. La ventaja de esta casa de apuestas es la seguridad y privacidad que viene junto con bitcoins.<\/p>\n<p style=\"text-align: center\">\n<hr \/>\n<p style=\"text-align: justify\">Los eSports se est\u00e1n convirtiendo en una parte cada vez m\u00e1s grande del portafolio de cada p\u00e1gina web dedicada a las apuestas y cada vez vemos m\u00e1s marcas globales que empiezan a ofrecer apuestas de este tipo en competencias profesionales. El surgimiento de sitios webs dedicados por entero en los eSports tambi\u00e9n es com\u00fan hoy en d\u00eda. Si est\u00e1s interesado en los bonos que ofrecen los distintos corredores de apuestas, haz clic aqu\u00ed. Dado que los eSports est\u00e1n creciendo cada d\u00eda m\u00e1s y con ello las apuestas, esperamos que nuevos juegos y apuestas sean introducidos en esta industria.<\/p>\n","protected":false},"excerpt":{"rendered":"<p>Parte crucial del suceso de las apuestas en los eSports ha sido tener informaci\u00f3n no solo de juego, sino tambi\u00e9n de todos los sitios de apuestas eSports disponibles. Es importante saber d\u00f3nde puedes encontrar las mejores probabilidades o la mayor variedad de juegos para los que puedes apostar. En esta rese\u00f1a podr\u00e1s encontrar un resumen &hellip; <a href=\"https:\/\/www.esports-betting.pro\/es\/sitios-apuestas-esports-2\/\">Continued<\/a><\/p>\n","protected":false},"author":24,"featured_media":0,"parent":0,"menu_order":0,"comment_status":"closed","ping_status":"closed","template":"","meta":{"_acf_changed":false,"footnotes":""},"acf":[],"yoast_head":"<!-- This site is optimized with the Yoast SEO plugin v22.6 - https:\/\/yoast.com\/wordpress\/plugins\/seo\/ -->\n<title>Corredores de Apuestas eSports | Rese\u00f1as e informaci\u00f3n<\/title>\n<meta name=\"description\" content=\"Descubre las mejores casas de apuestas y todos los bonos para apostar a tus equipos favoritos de los eSports. Bet365, Pinnacle, Tipbet, Arcane.bet...\" \/>\n<meta name=\"robots\" content=\"index, follow, max-snippet:-1, max-image-preview:large, max-video-preview:-1\" \/>\n<link rel=\"canonical\" href=\"https:\/\/www.esports-betting.pro\/es\/sitios-apuestas-esports-2\/\" \/>\n<meta property=\"og:locale\" content=\"es_ES\" \/>\n<meta property=\"og:type\" content=\"article\" \/>\n<meta property=\"og:title\" content=\"Corredores de Apuestas eSports | Rese\u00f1as e informaci\u00f3n\" \/>\n<meta property=\"og:description\" content=\"Descubre las mejores casas de apuestas y todos los bonos para apostar a tus equipos favoritos de los eSports. Bet365, Pinnacle, Tipbet, Arcane.bet...\" \/>\n<meta property=\"og:url\" content=\"https:\/\/www.esports-betting.pro\/es\/sitios-apuestas-esports-2\/\" \/>\n<meta property=\"og:site_name\" content=\"Esports Betting - ES\" \/>\n<meta property=\"og:image\" content=\"https:\/\/www.esports-betting.pro\/app\/uploads\/sites\/3\/2015\/12\/Bet365-Logo-Apuestas-eSports.jpg\" \/>\n<meta name=\"twitter:card\" content=\"summary_large_image\" \/>\n<meta name=\"twitter:label1\" content=\"Est. reading time\" \/>\n\t<meta name=\"twitter:data1\" content=\"4 minutos\" \/>\n<script type=\"application\/ld+json\" class=\"yoast-schema-graph\">{\"@context\":\"https:\/\/schema.org\",\"@graph\":[{\"@type\":\"WebPage\",\"@id\":\"https:\/\/www.esports-betting.pro\/es\/sitios-apuestas-esports-2\/\",\"url\":\"https:\/\/www.esports-betting.pro\/es\/sitios-apuestas-esports-2\/\",\"name\":\"Corredores de Apuestas eSports | Rese\u00f1as e informaci\u00f3n\",\"isPartOf\":{\"@id\":\"https:\/\/www.esports-betting.pro\/es\/#website\"},\"primaryImageOfPage\":{\"@id\":\"https:\/\/www.esports-betting.pro\/es\/sitios-apuestas-esports-2\/#primaryimage\"},\"image\":{\"@id\":\"https:\/\/www.esports-betting.pro\/es\/sitios-apuestas-esports-2\/#primaryimage\"},\"thumbnailUrl\":\"https:\/\/www.esports-betting.pro\/app\/uploads\/sites\/3\/2015\/12\/Bet365-Logo-Apuestas-eSports.jpg\",\"datePublished\":\"2015-12-16T20:25:03+00:00\",\"dateModified\":\"2015-12-16T20:25:03+00:00\",\"description\":\"Descubre las mejores casas de apuestas y todos los bonos para apostar a tus equipos favoritos de los eSports. Bet365, Pinnacle, Tipbet, Arcane.bet...\",\"breadcrumb\":{\"@id\":\"https:\/\/www.esports-betting.pro\/es\/sitios-apuestas-esports-2\/#breadcrumb\"},\"inLanguage\":\"es\",\"potentialAction\":[{\"@type\":\"ReadAction\",\"target\":[\"https:\/\/www.esports-betting.pro\/es\/sitios-apuestas-esports-2\/\"]}]},{\"@type\":\"ImageObject\",\"inLanguage\":\"es\",\"@id\":\"https:\/\/www.esports-betting.pro\/es\/sitios-apuestas-esports-2\/#primaryimage\",\"url\":\"https:\/\/www.esports-betting.pro\/app\/uploads\/sites\/3\/2015\/12\/Bet365-Logo-Apuestas-eSports.jpg\",\"contentUrl\":\"https:\/\/www.esports-betting.pro\/app\/uploads\/sites\/3\/2015\/12\/Bet365-Logo-Apuestas-eSports.jpg\"},{\"@type\":\"BreadcrumbList\",\"@id\":\"https:\/\/www.esports-betting.pro\/es\/sitios-apuestas-esports-2\/#breadcrumb\",\"itemListElement\":[{\"@type\":\"ListItem\",\"position\":1,\"name\":\"Home\",\"item\":\"https:\/\/www.esports-betting.pro\/es\/\"},{\"@type\":\"ListItem\",\"position\":2,\"name\":\"Rese\u00f1as de Corredores de Apuestas\"}]},{\"@type\":\"WebSite\",\"@id\":\"https:\/\/www.esports-betting.pro\/es\/#website\",\"url\":\"https:\/\/www.esports-betting.pro\/es\/\",\"name\":\"Esports Betting - ES\",\"description\":\"Just another Esports Betting Sites site\",\"potentialAction\":[{\"@type\":\"SearchAction\",\"target\":{\"@type\":\"EntryPoint\",\"urlTemplate\":\"https:\/\/www.esports-betting.pro\/es\/?s={search_term_string}\"},\"query-input\":\"required name=search_term_string\"}],\"inLanguage\":\"es\"}]}<\/script>\n<!-- \/ Yoast SEO plugin. -->","yoast_head_json":{"title":"Corredores de Apuestas eSports | Rese\u00f1as e informaci\u00f3n","description":"Descubre las mejores casas de apuestas y todos los bonos para apostar a tus equipos favoritos de los eSports. Bet365, Pinnacle, Tipbet, Arcane.bet...","robots":{"index":"index","follow":"follow","max-snippet":"max-snippet:-1","max-image-preview":"max-image-preview:large","max-video-preview":"max-video-preview:-1"},"canonical":"https:\/\/www.esports-betting.pro\/es\/sitios-apuestas-esports-2\/","og_locale":"es_ES","og_type":"article","og_title":"Corredores de Apuestas eSports | Rese\u00f1as e informaci\u00f3n","og_description":"Descubre las mejores casas de apuestas y todos los bonos para apostar a tus equipos favoritos de los eSports. Bet365, Pinnacle, Tipbet, Arcane.bet...","og_url":"https:\/\/www.esports-betting.pro\/es\/sitios-apuestas-esports-2\/","og_site_name":"Esports Betting - ES","og_image":[{"url":"https:\/\/www.esports-betting.pro\/app\/uploads\/sites\/3\/2015\/12\/Bet365-Logo-Apuestas-eSports.jpg"}],"twitter_card":"summary_large_image","twitter_misc":{"Est. reading time":"4 minutos"},"schema":{"@context":"https:\/\/schema.org","@graph":[{"@type":"WebPage","@id":"https:\/\/www.esports-betting.pro\/es\/sitios-apuestas-esports-2\/","url":"https:\/\/www.esports-betting.pro\/es\/sitios-apuestas-esports-2\/","name":"Corredores de Apuestas eSports | Rese\u00f1as e informaci\u00f3n","isPartOf":{"@id":"https:\/\/www.esports-betting.pro\/es\/#website"},"primaryImageOfPage":{"@id":"https:\/\/www.esports-betting.pro\/es\/sitios-apuestas-esports-2\/#primaryimage"},"image":{"@id":"https:\/\/www.esports-betting.pro\/es\/sitios-apuestas-esports-2\/#primaryimage"},"thumbnailUrl":"https:\/\/www.esports-betting.pro\/app\/uploads\/sites\/3\/2015\/12\/Bet365-Logo-Apuestas-eSports.jpg","datePublished":"2015-12-16T20:25:03+00:00","dateModified":"2015-12-16T20:25:03+00:00","description":"Descubre las mejores casas de apuestas y todos los bonos para apostar a tus equipos favoritos de los eSports. Bet365, Pinnacle, Tipbet, Arcane.bet...","breadcrumb":{"@id":"https:\/\/www.esports-betting.pro\/es\/sitios-apuestas-esports-2\/#breadcrumb"},"inLanguage":"es","potentialAction":[{"@type":"ReadAction","target":["https:\/\/www.esports-betting.pro\/es\/sitios-apuestas-esports-2\/"]}]},{"@type":"ImageObject","inLanguage":"es","@id":"https:\/\/www.esports-betting.pro\/es\/sitios-apuestas-esports-2\/#primaryimage","url":"https:\/\/www.esports-betting.pro\/app\/uploads\/sites\/3\/2015\/12\/Bet365-Logo-Apuestas-eSports.jpg","contentUrl":"https:\/\/www.esports-betting.pro\/app\/uploads\/sites\/3\/2015\/12\/Bet365-Logo-Apuestas-eSports.jpg"},{"@type":"BreadcrumbList","@id":"https:\/\/www.esports-betting.pro\/es\/sitios-apuestas-esports-2\/#breadcrumb","itemListElement":[{"@type":"ListItem","position":1,"name":"Home","item":"https:\/\/www.esports-betting.pro\/es\/"},{"@type":"ListItem","position":2,"name":"Rese\u00f1as de Corredores de Apuestas"}]},{"@type":"WebSite","@id":"https:\/\/www.esports-betting.pro\/es\/#website","url":"https:\/\/www.esports-betting.pro\/es\/","name":"Esports Betting - ES","description":"Just another Esports Betting Sites site","potentialAction":[{"@type":"SearchAction","target":{"@type":"EntryPoint","urlTemplate":"https:\/\/www.esports-betting.pro\/es\/?s={search_term_string}"},"query-input":"required name=search_term_string"}],"inLanguage":"es"}]}},"_links":{"self":[{"href":"https:\/\/www.esports-betting.pro\/es\/wp-json\/wp\/v2\/pages\/689"}],"collection":[{"href":"https:\/\/www.esports-betting.pro\/es\/wp-json\/wp\/v2\/pages"}],"about":[{"href":"https:\/\/www.esports-betting.pro\/es\/wp-json\/wp\/v2\/types\/page"}],"author":[{"embeddable":true,"href":"https:\/\/www.esports-betting.pro\/es\/wp-json\/wp\/v2\/users\/24"}],"replies":[{"embeddable":true,"href":"https:\/\/www.esports-betting.pro\/es\/wp-json\/wp\/v2\/comments?post=689"}],"version-history":[{"count":0,"href":"https:\/\/www.esports-betting.pro\/es\/wp-json\/wp\/v2\/pages\/689\/revisions"}],"wp:attachment":[{"href":"https:\/\/www.esports-betting.pro\/es\/wp-json\/wp\/v2\/media?parent=689"}],"curies":[{"name":"wp","href":"https:\/\/api.w.org\/{rel}","templated":true}]}}