{"id":6447,"date":"2017-06-22T03:04:52","date_gmt":"2017-06-22T07:04:52","guid":{"rendered":"https:\/\/www.esports-betting.pro\/es\/?page_id=6447"},"modified":"2017-06-22T03:04:52","modified_gmt":"2017-06-22T07:04:52","slug":"esl-one-cologne-2017","status":"publish","type":"page","link":"https:\/\/www.esports-betting.pro\/es\/counter-strike-csgo\/esl-one-cologne-2017\/","title":{"rendered":"ESL One: Cologne 2017 &#8211; CS:GO &#8211; Informaci\u00f3n del torneo"},"content":{"rendered":"<p style=\"text-align: justify\"><img loading=\"lazy\" decoding=\"async\" class=\"size-full wp-image-6638 alignright\" src=\"https:\/\/www.esports-betting.pro\/app\/uploads\/sites\/3\/2017\/06\/ESL-One-Cologne-2017-Logo.jpg\" alt=\"ESL One Cologne 2017 Logo\" width=\"180\" height=\"170\" \/>El ESL One: Cologne 2017 tendr\u00e1 lugar a comienzos de julio, del viernes 7 al domingo 9. Ser\u00e1 organizado por la ESL, y como todos los torneos de esta empresa, pueden ser considerados una tradici\u00f3n en estos momentos y los equipos no perder\u00e1n una oportunidad de ganar un trozo de la bolsa de premios de 250.000 d\u00f3lares. El ESL One Cologne 2017 tendr\u00e1 lugar antes del PGL Major en Krak\u00f3w donde los equipos podr\u00e1n seguir mejorando sus estrategias. Habr\u00e1 un total de 16 equipos de los cuales 12 ser\u00e1n invitados directamente por la ESL, lo que deja un total de 4 puestos que ser\u00e1n otorgados a los equipos que clasifiquen; un lugar para norteam\u00e9rica, uno para china y dos lugares para europa. El torneo del ESL One Cologne 2017 tendr\u00e1 un formato suizo de 5 rondas. La localizaci\u00f3n del ESL One tendr\u00e1 lugar donde su nombre lo indica, en Colonia, una ciudad en Aleman\u00eda, m\u00e1s especificamente en el Lanxess-Arena.<\/p>\n<h2><img loading=\"lazy\" decoding=\"async\" class=\"alignnone size-full wp-image-3030\" src=\"https:\/\/www.esports-betting.pro\/app\/uploads\/sites\/3\/2016\/11\/Counter-Strike-GO-Icono.jpg\" alt=\"Counter Strike Globa Offensive - Icono\" width=\"20\" height=\"20\" \/>\u00a0ESL One Cologne 2017 CS:GO | Informaci\u00f3n<\/h2>\n<div style=\"float: right;width: 200px;height: 200px;text-align: center\"><strong>Gu\u00eda R\u00e1pida<\/strong><br \/>\n<a href=\"https:\/\/www.esports-betting.pro\/es\/corredor-de-apuestas\/go_pinnacle\" target=\"_blank\" rel=\"nofollow noopener noreferrer\"><img loading=\"lazy\" decoding=\"async\" class=\"alignnone wp-image-3608 size-full\" src=\"https:\/\/www.esports-betting.pro\/app\/uploads\/sites\/3\/2017\/01\/Probabilidades-de-Apuestas-Boton.jpg\" alt=\"Probabilidades de Apuestas - Bot\u00f3n\" width=\"180\" height=\"50\" \/><\/a><a title=\"No te pierdas la Transmisi\u00f3n en Vivo\" href=\"#TransmisionEnVivo\"><br \/>\n<\/a><a href=\"#transmisi\u00f3n\"><img loading=\"lazy\" decoding=\"async\" class=\"alignnone wp-image-1901 size-full\" src=\"https:\/\/www.esports-betting.pro\/app\/uploads\/sites\/3\/2016\/07\/Transmision-en-Vivo-Boton-AP.png\" alt=\"\u00a1Transmisi\u00f3n en vivo del ESL One Cologne 2017!\" width=\"180\" height=\"50\" \/><\/a><br \/>\n<a href=\"https:\/\/www.esports-betting.pro\/es\/corredor-de-apuestas\/go_bet365\" target=\"_blank\" rel=\"nofollow noopener noreferrer\"><img loading=\"lazy\" decoding=\"async\" class=\"alignnone wp-image-1902 size-full\" src=\"https:\/\/www.esports-betting.pro\/app\/uploads\/sites\/3\/2016\/07\/Apuestas-Especiales-Boton-AP.png\" alt=\"Apuestas Especiales Boton\" width=\"180\" height=\"50\" \/><\/a><\/div>\n<ul>\n<li><strong>Fechas: 07<\/strong>\/07 &#8211; <strong>09<\/strong>\/07\/2017<\/li>\n<li><strong>Lugar: <\/strong>Lanxess-Arena, Colonia, Alemania.<\/li>\n<li><strong>Bolsa de premios: <\/strong>$250,000<\/li>\n<li><strong>Cantida de equipos: <\/strong>16\n<ul>\n<li>12 equipos invitados<\/li>\n<li>4 equipos clasificados<\/li>\n<\/ul>\n<\/li>\n<li><strong>Organizador: <\/strong>ESL<\/li>\n<li><a href=\"https:\/\/www.esports-betting.pro\/es\/counter-strike-csgo\/esl-one-cologne-2017\/cuotas-apuestas\/\"><strong>Cuotas de apuestas disponibles<\/strong><\/a><\/li>\n<\/ul>\n<h3>Formato del ESL One Cologne 2017 CS:GO<\/h3>\n<p style=\"text-align: justify\">El ESL One Cologne 2017 utilizar\u00e1 un formato suizo, el cual, para el torneo de CS:GO contar\u00e1 con 5 rondas. En un torneo suizo cada equipo no se enfrentar\u00e1 a todos los dem\u00e1s equipos como en un formato round-robin. Los equipos se enfrentar\u00e1n a otros equipos en cada ronda y ser\u00e1n emparejado utilizando un conjunto de reglas dise\u00f1adas para asegurar que cada equipo juegue con otro que tenga la misma puntuaci\u00f3n.<\/p>\n<h2><img loading=\"lazy\" decoding=\"async\" class=\"alignnone size-full wp-image-3030\" src=\"https:\/\/www.esports-betting.pro\/app\/uploads\/sites\/3\/2016\/11\/Counter-Strike-GO-Icono.jpg\" alt=\"Counter Strike Globa Offensive - Icono\" width=\"20\" height=\"20\" \/>\u00a0Equipos y jugadores del ESL Cologne 2017<\/h2>\n<h3>Equipos invitados<\/h3>\n<ul>\n<li><strong><img loading=\"lazy\" decoding=\"async\" class=\"alignnone size-full wp-image-1324\" src=\"https:\/\/www.esports-betting.pro\/app\/uploads\/sites\/3\/2016\/03\/Cloud9-CSGO-Equipo-Logo.jpg\" alt=\"Cloud9 CSGO Equipo Logo\" width=\"42\" height=\"42\" \/>\u00a0Cloud9: <\/strong>n0thing, shroud, Skadoodle, Stewie2k, autimatic.<\/li>\n<li><strong><img loading=\"lazy\" decoding=\"async\" class=\"alignnone size-full wp-image-1100\" src=\"https:\/\/www.esports-betting.pro\/app\/uploads\/sites\/3\/2016\/02\/FaZe-Equipo-CSGO-Logo.jpg\" alt=\"FaZe Clan CSGO Equipo Logo\" width=\"42\" height=\"42\" \/>\u00a0FaZe Clan:<\/strong> rain, allu, kioShiMa, karrigan, NiKo.<\/li>\n<li><strong><img loading=\"lazy\" decoding=\"async\" class=\"alignnone size-full wp-image-1101\" src=\"https:\/\/www.esports-betting.pro\/app\/uploads\/sites\/3\/2016\/02\/Fnatic-Equipo-CSGO-Logo.jpg\" alt=\"Fnatic Equipo CSGO Logo\" width=\"42\" height=\"42\" \/>\u00a0Fnatic:<\/strong> olofmeister, dennis, KRiMZ, flusha, JW.<\/li>\n<li><strong><img loading=\"lazy\" decoding=\"async\" class=\"alignnone size-full wp-image-1327\" src=\"https:\/\/www.esports-betting.pro\/app\/uploads\/sites\/3\/2016\/03\/G2-Esports-CSGO-Equipo-Logo.jpg\" alt=\"G2 Esports CSGO Equipo Logo\" width=\"42\" height=\"42\" \/>\u00a0G2 Esports: <\/strong>shox, bodyy, NBK, kennyS, apEX.<\/li>\n<li><strong><img loading=\"lazy\" decoding=\"async\" class=\"alignnone size-full wp-image-3033\" src=\"https:\/\/www.esports-betting.pro\/app\/uploads\/sites\/3\/2016\/11\/Immortals-CSGO-Immortals-Logo.jpg\" alt=\"Immortals CSGO Equipo Logo\" width=\"42\" height=\"42\" \/>\u00a0Immortals: <\/strong>HEN1, LUCAS1, boltz, steel, fnx.<\/li>\n<li><strong><img loading=\"lazy\" decoding=\"async\" class=\"alignnone size-full wp-image-1103\" src=\"https:\/\/www.esports-betting.pro\/app\/uploads\/sites\/3\/2016\/02\/Mousesports-Equipo-CSGO-Logo.jpg\" alt=\"Mousesports CSGO Equipo Logo\" width=\"42\" height=\"42\" \/>\u00a0mousesports: <\/strong>chrisj, denis, oksar, loWel, ropz.<\/li>\n<li><strong><img loading=\"lazy\" decoding=\"async\" class=\"alignnone size-full wp-image-1104\" src=\"https:\/\/www.esports-betting.pro\/app\/uploads\/sites\/3\/2016\/02\/Natus-Vincere-Equipo-CSGO-Logo.jpg\" alt=\"Natus Vincere CSGO Equipo Logo\" width=\"42\" height=\"42\" \/>\u00a0Natus Vincere:<\/strong> seized, GuardiaN, Edward, flamie, s1mple.<\/li>\n<li><strong><img loading=\"lazy\" decoding=\"async\" class=\"alignnone size-full wp-image-1105\" src=\"https:\/\/www.esports-betting.pro\/app\/uploads\/sites\/3\/2016\/02\/Ninjas-in-Pyjamas-Equipo-CSGO-Logo.jpg\" alt=\"Ninjas in Pyjamas CSGO Equipo Logo\" width=\"42\" height=\"42\" \/>\u00a0Ninja in Pyjamas: <\/strong>f0rest, GeT_RiGhT, Xizt, friberg, draken.<\/li>\n<li><strong><img loading=\"lazy\" decoding=\"async\" class=\"alignnone size-full wp-image-3029\" src=\"https:\/\/www.esports-betting.pro\/app\/uploads\/sites\/3\/2016\/11\/SK-Gaming-CSGO-Equipo-Logo.jpg\" alt=\"SK Gaming CSGO Equipo Logo\" width=\"42\" height=\"42\" \/>\u00a0SK Gaming:<\/strong> FalleN, fer, coldzera, TACO, felps.<\/li>\n<li><strong><img loading=\"lazy\" decoding=\"async\" class=\"alignnone size-full wp-image-1108\" src=\"https:\/\/www.esports-betting.pro\/app\/uploads\/sites\/3\/2016\/02\/Team-Virtus-Pro-Equipo-CSGO-Logo.jpg\" alt=\"Team Virtus.pro CSGO Equipo Logo\" width=\"42\" height=\"42\" \/>\u00a0Virtus.pro:<\/strong> TaZ, NEO, pasha, Snax, byali.<\/li>\n<li><strong><img loading=\"lazy\" decoding=\"async\" class=\"alignnone size-full wp-image-3736\" src=\"https:\/\/www.esports-betting.pro\/app\/uploads\/sites\/3\/2017\/01\/Equipo-North-CSGO-Logo.jpg\" alt=\"Equipo North CSGO Logo\" width=\"42\" height=\"42\" \/>\u00a0North:<\/strong> MSL, k0nfig, cajunb, Magisk, aizy, ruggah.<\/li>\n<li><strong><img loading=\"lazy\" decoding=\"async\" class=\"alignnone size-full wp-image-3737\" src=\"https:\/\/www.esports-betting.pro\/app\/uploads\/sites\/3\/2017\/01\/Equipo-OpTic-Gaming-CSGO-Logo.jpg\" alt=\"Equipo OpTic Gaming CSGO Logo\" width=\"42\" height=\"42\" \/>\u00a0OpTic Gaming: <\/strong>NAF, RUSH, mixwell, tarik, jasonR.<\/li>\n<\/ul>\n<h3>Equipo clasificado de China<\/h3>\n<ul>\n<li><strong><img loading=\"lazy\" decoding=\"async\" class=\"alignnone size-full wp-image-3986\" src=\"https:\/\/www.esports-betting.pro\/app\/uploads\/sites\/3\/2017\/02\/TyLoo-CSGO-Equipo-Logo.jpg\" alt=\"TyLoo CSGO Equipo Logo\" width=\"42\" height=\"42\" \/>\u00a0Tyloo:<\/strong> Mo, DD, somebody, HZ, BnTeT.<\/li>\n<\/ul>\n<h3>Equipo clasificado de Norteam\u00e9rica<\/h3>\n<ul>\n<li><strong><img loading=\"lazy\" decoding=\"async\" class=\"alignnone size-full wp-image-1330\" src=\"https:\/\/www.esports-betting.pro\/app\/uploads\/sites\/3\/2016\/03\/Team-Liquid-CSGO-Equipo-Logo.jpg\" alt=\"Team Liquid CSGO Equipo Logo\" width=\"42\" height=\"42\" \/>\u00a0Team Liquid: <\/strong>nitr0, EliGE, jdm64, stanislaw, Twistzz.<\/li>\n<\/ul>\n<h3>Equipos clasificados de Europa<\/h3>\n<ul>\n<li><strong><img loading=\"lazy\" decoding=\"async\" class=\"alignnone size-full wp-image-6652\" src=\"https:\/\/www.esports-betting.pro\/app\/uploads\/sites\/3\/2017\/06\/Heroic-CSGO-Equipo-Logo-2017.jpg\" alt=\"Heroic CSGO Equipo Logo\" width=\"42\" height=\"42\" \/>\u00a0Heroic: <\/strong>MODDII, Snappi, niko, JUGi, TBD.<\/li>\n<li><strong><img loading=\"lazy\" decoding=\"async\" class=\"alignnone size-full wp-image-6653\" src=\"https:\/\/www.esports-betting.pro\/app\/uploads\/sites\/3\/2017\/06\/Space-Soldiers-CSGO-Equipo-Logo.jpg\" alt=\"Space Soldiers CSGO Equipo Logo\" width=\"42\" height=\"42\" \/>\u00a0Space Soldiers: <\/strong>XANTARES, DESPE, paz, MAJ3R, Calyx.<\/li>\n<\/ul>\n<h2>Cuotas de Apuestas &#8211; ESL One Cologne 2017<\/h2>\n<p style=\"text-align: justify\">Ahora que se conocen todos los equipos, los mejores <strong><a href=\"https:\/\/www.esports-betting.pro\/es\/sitios-apuestas-esports\/\">sitios de apuesta eSports<\/a><\/strong> han comenzado a ofrecer sus cuotas de apuestas. Como se esperaba, FaZe Clan, G2 Esports y SK Gaming son los favoritos de acuerdo a los sitios de apuesta de CS:GO. Para mayor informaci\u00f3n sobre los distintos tipos de <span style=\"color: #ff0000\"><strong>cuotas y apuestas para el ESL One Cologne 2017, lee aqu\u00ed<\/strong><\/span>. Y la pregunta que todos nos hacemos, \u00bfpodr\u00e1n cumplir las espectativas como los favoritos del torneo o lo equipos que tienen menos probabilidades les arrebatar\u00e1n el trofeo? Si quieres tener m\u00e1s informaci\u00f3n sobre <strong><a href=\"https:\/\/www.esports-betting.pro\/es\/counter-strike-csgo\/\">c\u00f3mo apostar en CS:GO<\/a><\/strong>, haz clic aqu\u00ed.<\/p>\n<p style=\"text-align: center\"><strong>Apuestas\u00a0de\u00a0esports\u00a0\u2013\u00a0<a href=\"https:\/\/www.esports-betting.pro\/es\/sitios-apuestas-esports\/bet365-e-sports\/\">Bet365<\/a>:<br \/>\n<a href=\"https:\/\/www.esports-betting.pro\/es\/corredor-de-apuestas\/go_bet365\" target=\"_blank\" rel=\"nofollow noopener noreferrer\"><img loading=\"lazy\" decoding=\"async\" class=\"alignnone wp-image-3507 size-full\" src=\"https:\/\/www.esports-betting.pro\/app\/uploads\/sites\/3\/2017\/01\/Bet365-Banner-Logo.jpg\" alt=\"Bet365 - Banner\" width=\"500\" height=\"50\" \/><\/a><\/strong><a href=\"https:\/\/www.esports-betting.pro\/es\/corredor-de-apuestas\/go_bet365\" target=\"_blank\" rel=\"noopener\"><img loading=\"lazy\" decoding=\"async\" class=\"alignnone wp-image-6679 size-full\" src=\"https:\/\/www.esports-betting.pro\/app\/uploads\/sites\/3\/2017\/06\/ESL-One-Cologne-2017-Cuotas-Apuestas-Ganador-Final-en-Bet365.jpg\" alt=\"Ganador final- ESL One Cologne 2017 Cuota de Apuestas en Bet365\" width=\"500\" height=\"300\" \/><\/a><br \/>\n<em><strong><a href=\"https:\/\/www.esports-betting.pro\/es\/corredor-de-apuestas\/go_bet365\" target=\"_blank\" rel=\"nofollow noopener noreferrer\">Probabilidades de Apuestas actuales en bet365<br \/>\n<\/a><\/strong><\/em><strong>BET365: Encuentra las apuestas en CS:GO en el men\u00fa de la izquierda:<\/strong>\u00a0E-SPORTS<\/p>\n<p style=\"text-align: justify\"><strong>\u00a1Atenci\u00f3n!<\/strong>\u00a0Las probabilidades mostradas pueden haber cambiado durante el transcurso del tiempo. Sigue los enlaces arriba para ver las probabilidades de apuesta actuales.<\/p>\n<h2><a id=\"transmisi\u00f3n\"><\/a>Transmisi\u00f3n en vivo &#8211; ESL One Cologne 2017<\/h2>\n<p style=\"text-align: justify\">Aqu\u00ed podr\u00e1s ver todos los partidos del ESL One Cologne 2017 tanto en ingl\u00e9s como en espa\u00f1ol.<\/p>\n<h3>Espa\u00f1ol<\/h3>\n<h3>Ingl\u00e9s<\/h3>\n","protected":false},"excerpt":{"rendered":"<p>El ESL One: Cologne 2017 tendr\u00e1 lugar a comienzos de julio, del viernes 7 al domingo 9. Ser\u00e1 organizado por la ESL, y como todos los torneos de esta empresa, pueden ser considerados una tradici\u00f3n en estos momentos y los equipos no perder\u00e1n una oportunidad de ganar un trozo de la bolsa de premios de &hellip; <a href=\"https:\/\/www.esports-betting.pro\/es\/counter-strike-csgo\/esl-one-cologne-2017\/\">Continued<\/a><\/p>\n","protected":false},"author":24,"featured_media":0,"parent":18,"menu_order":0,"comment_status":"closed","ping_status":"closed","template":"","meta":{"_acf_changed":false,"footnotes":""},"acf":[],"yoast_head":"<!-- This site is optimized with the Yoast SEO plugin v22.6 - https:\/\/yoast.com\/wordpress\/plugins\/seo\/ -->\n<title>ESL One: Cologne 2017 - CS:GO - Informaci\u00f3n del torneo<\/title>\n<meta name=\"description\" content=\"ESL One: Cologne 2017: El ESL One: Cologne 2017 tendr\u00e1 lugar a comienzos de julio, del viernes 7 al domingo 9. Conoce m\u00e1s acerca el evento!\" \/>\n<meta name=\"robots\" content=\"index, follow, max-snippet:-1, max-image-preview:large, max-video-preview:-1\" \/>\n<link rel=\"canonical\" href=\"https:\/\/www.esports-betting.pro\/es\/counter-strike-csgo\/esl-one-cologne-2017\/\" \/>\n<meta property=\"og:locale\" content=\"es_ES\" \/>\n<meta property=\"og:type\" content=\"article\" \/>\n<meta property=\"og:title\" content=\"ESL One: Cologne 2017 - CS:GO - Informaci\u00f3n del torneo\" \/>\n<meta property=\"og:description\" content=\"ESL One: Cologne 2017: El ESL One: Cologne 2017 tendr\u00e1 lugar a comienzos de julio, del viernes 7 al domingo 9. Conoce m\u00e1s acerca el evento!\" \/>\n<meta property=\"og:url\" content=\"https:\/\/www.esports-betting.pro\/es\/counter-strike-csgo\/esl-one-cologne-2017\/\" \/>\n<meta property=\"og:site_name\" content=\"Esports Betting - ES\" \/>\n<meta property=\"og:image\" content=\"https:\/\/www.esports-betting.pro\/app\/uploads\/sites\/3\/2017\/06\/ESL-One-Cologne-2017-Logo.jpg\" \/>\n<meta name=\"twitter:card\" content=\"summary_large_image\" \/>\n<meta name=\"twitter:label1\" content=\"Est. reading time\" \/>\n\t<meta name=\"twitter:data1\" content=\"3 minutos\" \/>\n<script type=\"application\/ld+json\" class=\"yoast-schema-graph\">{\"@context\":\"https:\/\/schema.org\",\"@graph\":[{\"@type\":\"WebPage\",\"@id\":\"https:\/\/www.esports-betting.pro\/es\/counter-strike-csgo\/esl-one-cologne-2017\/\",\"url\":\"https:\/\/www.esports-betting.pro\/es\/counter-strike-csgo\/esl-one-cologne-2017\/\",\"name\":\"ESL One: Cologne 2017 - CS:GO - Informaci\u00f3n del torneo\",\"isPartOf\":{\"@id\":\"https:\/\/www.esports-betting.pro\/es\/#website\"},\"primaryImageOfPage\":{\"@id\":\"https:\/\/www.esports-betting.pro\/es\/counter-strike-csgo\/esl-one-cologne-2017\/#primaryimage\"},\"image\":{\"@id\":\"https:\/\/www.esports-betting.pro\/es\/counter-strike-csgo\/esl-one-cologne-2017\/#primaryimage\"},\"thumbnailUrl\":\"https:\/\/www.esports-betting.pro\/app\/uploads\/sites\/3\/2017\/06\/ESL-One-Cologne-2017-Logo.jpg\",\"datePublished\":\"2017-06-22T07:04:52+00:00\",\"dateModified\":\"2017-06-22T07:04:52+00:00\",\"description\":\"ESL One: Cologne 2017: El ESL One: Cologne 2017 tendr\u00e1 lugar a comienzos de julio, del viernes 7 al domingo 9. Conoce m\u00e1s acerca el evento!\",\"breadcrumb\":{\"@id\":\"https:\/\/www.esports-betting.pro\/es\/counter-strike-csgo\/esl-one-cologne-2017\/#breadcrumb\"},\"inLanguage\":\"es\",\"potentialAction\":[{\"@type\":\"ReadAction\",\"target\":[\"https:\/\/www.esports-betting.pro\/es\/counter-strike-csgo\/esl-one-cologne-2017\/\"]}]},{\"@type\":\"ImageObject\",\"inLanguage\":\"es\",\"@id\":\"https:\/\/www.esports-betting.pro\/es\/counter-strike-csgo\/esl-one-cologne-2017\/#primaryimage\",\"url\":\"https:\/\/www.esports-betting.pro\/app\/uploads\/sites\/3\/2017\/06\/ESL-One-Cologne-2017-Logo.jpg\",\"contentUrl\":\"https:\/\/www.esports-betting.pro\/app\/uploads\/sites\/3\/2017\/06\/ESL-One-Cologne-2017-Logo.jpg\"},{\"@type\":\"BreadcrumbList\",\"@id\":\"https:\/\/www.esports-betting.pro\/es\/counter-strike-csgo\/esl-one-cologne-2017\/#breadcrumb\",\"itemListElement\":[{\"@type\":\"ListItem\",\"position\":1,\"name\":\"Home\",\"item\":\"https:\/\/www.esports-betting.pro\/es\/\"},{\"@type\":\"ListItem\",\"position\":2,\"name\":\"Gu\u00eda para apostar a Counter Strike: Global Offensive (CS:GO): los mejores torneos y plataformas\",\"item\":\"https:\/\/www.esports-betting.pro\/es\/counter-strike-csgo\/\"},{\"@type\":\"ListItem\",\"position\":3,\"name\":\"ESL One: Cologne 2017 &#8211; CS:GO &#8211; Informaci\u00f3n del torneo\"}]},{\"@type\":\"WebSite\",\"@id\":\"https:\/\/www.esports-betting.pro\/es\/#website\",\"url\":\"https:\/\/www.esports-betting.pro\/es\/\",\"name\":\"Esports Betting - ES\",\"description\":\"Just another Esports Betting Sites site\",\"potentialAction\":[{\"@type\":\"SearchAction\",\"target\":{\"@type\":\"EntryPoint\",\"urlTemplate\":\"https:\/\/www.esports-betting.pro\/es\/?s={search_term_string}\"},\"query-input\":\"required name=search_term_string\"}],\"inLanguage\":\"es\"}]}<\/script>\n<!-- \/ Yoast SEO plugin. -->","yoast_head_json":{"title":"ESL One: Cologne 2017 - CS:GO - Informaci\u00f3n del torneo","description":"ESL One: Cologne 2017: El ESL One: Cologne 2017 tendr\u00e1 lugar a comienzos de julio, del viernes 7 al domingo 9. Conoce m\u00e1s acerca el evento!","robots":{"index":"index","follow":"follow","max-snippet":"max-snippet:-1","max-image-preview":"max-image-preview:large","max-video-preview":"max-video-preview:-1"},"canonical":"https:\/\/www.esports-betting.pro\/es\/counter-strike-csgo\/esl-one-cologne-2017\/","og_locale":"es_ES","og_type":"article","og_title":"ESL One: Cologne 2017 - CS:GO - Informaci\u00f3n del torneo","og_description":"ESL One: Cologne 2017: El ESL One: Cologne 2017 tendr\u00e1 lugar a comienzos de julio, del viernes 7 al domingo 9. Conoce m\u00e1s acerca el evento!","og_url":"https:\/\/www.esports-betting.pro\/es\/counter-strike-csgo\/esl-one-cologne-2017\/","og_site_name":"Esports Betting - ES","og_image":[{"url":"https:\/\/www.esports-betting.pro\/app\/uploads\/sites\/3\/2017\/06\/ESL-One-Cologne-2017-Logo.jpg"}],"twitter_card":"summary_large_image","twitter_misc":{"Est. reading time":"3 minutos"},"schema":{"@context":"https:\/\/schema.org","@graph":[{"@type":"WebPage","@id":"https:\/\/www.esports-betting.pro\/es\/counter-strike-csgo\/esl-one-cologne-2017\/","url":"https:\/\/www.esports-betting.pro\/es\/counter-strike-csgo\/esl-one-cologne-2017\/","name":"ESL One: Cologne 2017 - CS:GO - Informaci\u00f3n del torneo","isPartOf":{"@id":"https:\/\/www.esports-betting.pro\/es\/#website"},"primaryImageOfPage":{"@id":"https:\/\/www.esports-betting.pro\/es\/counter-strike-csgo\/esl-one-cologne-2017\/#primaryimage"},"image":{"@id":"https:\/\/www.esports-betting.pro\/es\/counter-strike-csgo\/esl-one-cologne-2017\/#primaryimage"},"thumbnailUrl":"https:\/\/www.esports-betting.pro\/app\/uploads\/sites\/3\/2017\/06\/ESL-One-Cologne-2017-Logo.jpg","datePublished":"2017-06-22T07:04:52+00:00","dateModified":"2017-06-22T07:04:52+00:00","description":"ESL One: Cologne 2017: El ESL One: Cologne 2017 tendr\u00e1 lugar a comienzos de julio, del viernes 7 al domingo 9. Conoce m\u00e1s acerca el evento!","breadcrumb":{"@id":"https:\/\/www.esports-betting.pro\/es\/counter-strike-csgo\/esl-one-cologne-2017\/#breadcrumb"},"inLanguage":"es","potentialAction":[{"@type":"ReadAction","target":["https:\/\/www.esports-betting.pro\/es\/counter-strike-csgo\/esl-one-cologne-2017\/"]}]},{"@type":"ImageObject","inLanguage":"es","@id":"https:\/\/www.esports-betting.pro\/es\/counter-strike-csgo\/esl-one-cologne-2017\/#primaryimage","url":"https:\/\/www.esports-betting.pro\/app\/uploads\/sites\/3\/2017\/06\/ESL-One-Cologne-2017-Logo.jpg","contentUrl":"https:\/\/www.esports-betting.pro\/app\/uploads\/sites\/3\/2017\/06\/ESL-One-Cologne-2017-Logo.jpg"},{"@type":"BreadcrumbList","@id":"https:\/\/www.esports-betting.pro\/es\/counter-strike-csgo\/esl-one-cologne-2017\/#breadcrumb","itemListElement":[{"@type":"ListItem","position":1,"name":"Home","item":"https:\/\/www.esports-betting.pro\/es\/"},{"@type":"ListItem","position":2,"name":"Gu\u00eda para apostar a Counter Strike: Global Offensive (CS:GO): los mejores torneos y plataformas","item":"https:\/\/www.esports-betting.pro\/es\/counter-strike-csgo\/"},{"@type":"ListItem","position":3,"name":"ESL One: Cologne 2017 &#8211; CS:GO &#8211; Informaci\u00f3n del torneo"}]},{"@type":"WebSite","@id":"https:\/\/www.esports-betting.pro\/es\/#website","url":"https:\/\/www.esports-betting.pro\/es\/","name":"Esports Betting - ES","description":"Just another Esports Betting Sites site","potentialAction":[{"@type":"SearchAction","target":{"@type":"EntryPoint","urlTemplate":"https:\/\/www.esports-betting.pro\/es\/?s={search_term_string}"},"query-input":"required name=search_term_string"}],"inLanguage":"es"}]}},"_links":{"self":[{"href":"https:\/\/www.esports-betting.pro\/es\/wp-json\/wp\/v2\/pages\/6447"}],"collection":[{"href":"https:\/\/www.esports-betting.pro\/es\/wp-json\/wp\/v2\/pages"}],"about":[{"href":"https:\/\/www.esports-betting.pro\/es\/wp-json\/wp\/v2\/types\/page"}],"author":[{"embeddable":true,"href":"https:\/\/www.esports-betting.pro\/es\/wp-json\/wp\/v2\/users\/24"}],"replies":[{"embeddable":true,"href":"https:\/\/www.esports-betting.pro\/es\/wp-json\/wp\/v2\/comments?post=6447"}],"version-history":[{"count":0,"href":"https:\/\/www.esports-betting.pro\/es\/wp-json\/wp\/v2\/pages\/6447\/revisions"}],"up":[{"embeddable":true,"href":"https:\/\/www.esports-betting.pro\/es\/wp-json\/wp\/v2\/pages\/18"}],"wp:attachment":[{"href":"https:\/\/www.esports-betting.pro\/es\/wp-json\/wp\/v2\/media?parent=6447"}],"curies":[{"name":"wp","href":"https:\/\/api.w.org\/{rel}","templated":true}]}}