{"id":6293,"date":"2017-06-07T00:53:09","date_gmt":"2017-06-07T04:53:09","guid":{"rendered":"https:\/\/www.esports-betting.pro\/es\/?page_id=6293"},"modified":"2017-06-07T00:53:09","modified_gmt":"2017-06-07T04:53:09","slug":"cuotas-de-apuestas","status":"publish","type":"page","link":"https:\/\/www.esports-betting.pro\/es\/dota-2\/the-international-2017-ti7\/cuotas-de-apuestas\/","title":{"rendered":"Cuotas de Apuestas \u2013 The International 2017- TI7 Dota 2"},"content":{"rendered":"<p style=\"text-align: justify\">Es m\u00e1s que probable que hayan apuestas y cuotas disponibles para <strong><a href=\"https:\/\/www.esports-betting.pro\/es\/dota-2\/the-international-2017-ti7\/\">The International 2017<\/a><\/strong>; es el torneo de Dota 2 m\u00e1s grande del a\u00f1o y estamos muy emocionados por eso. La carrera por el primer lugar ser\u00e1 muy intensa, ya que todos los equipos entrenaron para jugar el mejor Dota de su vida. The International 2017 empieza a mediados de agosto, as\u00ed que no hay apuestas ni cuotas disponibles ahora. Pero antes de eso, los sitios de apuestas de esports publicar\u00e1n las cuotas de apuestas para las eliminatorias. Estas tambi\u00e9n ser\u00e1n intensas porque cada equipo buscar\u00e1 la oportunidad de probarse a s\u00ed mismos, adem\u00e1s los puestos para los equipos invitados directamente son limitados.<\/p>\n<p><em>*Hora de inicio mostrada en: GMT o GMT +1 durante el horario de verano. Cuotas de apuestas presentadas por Bet365.\u00a0<a title=\"Bet365 \u2013 Rese\u00f1a de apuestas eSports\" href=\"https:\/\/www.esports-betting.pro\/es\/sitios-apuestas-esports\/bet365-e-sports\/\">Lee m\u00e1s acercas de las apuestas en los eSports en Bet365<\/a><\/em><\/p>\n<p style=\"text-align: center\"><span style=\"font-size: 12pt\"><strong>#1 Sitio de Apuestas Esports en Sudamerica:<\/strong><\/span><br \/>\n<a href=\"https:\/\/www.esports-betting.pro\/es\/corredor-de-apuestas\/go_188bet\" target=\"_blank\" rel=\"nofollow noopener\"><img decoding=\"async\" class=\"alignnone wp-image-2842 size-full aligncenter\" src=\"https:\/\/www.esports-betting.pro\/app\/uploads\/sites\/3\/2017\/03\/188bet-apuestas-eSports.jpg\" alt=\"Banner 188bet\" \/><\/a><\/p>\n<h2><img loading=\"lazy\" decoding=\"async\" class=\"alignnone size-full wp-image-1695\" src=\"https:\/\/www.esports-betting.pro\/app\/uploads\/sites\/3\/2016\/06\/Dota2-Icono.png\" alt=\"Icono Dota 2\" width=\"20\" height=\"20\" \/>\u00a0Ganador Final del TI7<\/h2>\n<p style=\"text-align: justify\">Bet365 acaba de anunciar las <a href=\"https:\/\/www.esports-betting.pro\/es\/noticias\/dota2\/ganador-final-cuotas-apuestas-ti7\/\"><strong>primeras cuotas de apuestas para el ganador final del The International 2017<\/strong><\/a>. Como puedes ver, hay muchos equipos en esta lista que estar\u00e1n participando en el Ti7 de Dota 2. Bet365 ha decidido anunciar su apuesta al ganador final con todos los equipos invitados al torneo y las clasificatorias. Una vez que las clasificatorias terminen y la lista de equipos se vea fuertemente reducida a un m\u00e1ximo de 18 equipos en el TI7, es muy probable que veamos una actualizaci\u00f3n a la apuesta y sus cuotas.<\/p>\n<p style=\"text-align: center\"><strong>Apuestas de esports \u2013 <a href=\"https:\/\/www.esports-betting.pro\/es\/sitios-apuestas-esports\/bet365-e-sports\/\">Bet365<\/a>:<br \/>\n<a href=\"https:\/\/www.esports-betting.pro\/es\/corredor-de-apuestas\/go_bet365\" target=\"_blank\" rel=\"noopener\"><img loading=\"lazy\" decoding=\"async\" class=\"aligncenter wp-image-7281 size-full\" src=\"https:\/\/www.esports-betting.pro\/app\/uploads\/sites\/3\/2017\/03\/Ganador-Final-The-International2017-TI7-Cuotas-Apuestas-Bet365.jpg\" alt=\"Ganador Final The International 2017 Cuotas de Apuestas en Bet365\" width=\"500\" height=\"331\" \/><\/a><\/strong><em><strong><a href=\"https:\/\/www.esports-betting.pro\/es\/corredor-de-apuestas\/go_bet365\" target=\"_blank\" rel=\"nofollow noopener noreferrer\">Cuotas de Apuestas actuales en bet365<br \/>\n<\/a><\/strong><\/em><strong><span style=\"color: #008000\">BET365<\/span>: Encuentra las apuestas de Dota 2\u00a0en el men\u00fa de la izquierda:<\/strong>\u00a0E-Sports<\/p>\n<h2><img loading=\"lazy\" decoding=\"async\" class=\"alignnone size-full wp-image-1695\" src=\"https:\/\/www.esports-betting.pro\/app\/uploads\/sites\/3\/2016\/06\/Dota2-Icono.png\" alt=\"Icono Dota 2\" width=\"20\" height=\"20\" \/>\u00a0Cuotas de apuestas para el TI7, Dota 2<\/h2>\n<p style=\"text-align: justify\">Tan pronto como las cuotas de apuestas est\u00e9n disponibles para el TI7, las publicaremos en este sitio. Si recordamos los torneos anteriores, es m\u00e1s que probable que hayan tres apuestas disponibles: una sobre el ganador absoluto de The International, otra sobre la regi\u00f3n del ganador y otra sobre cuales equipos jugar\u00e1n en la Gran final. Este ser\u00e1 un torneo muy emocionante, ya que el nivel de los equipos profesionales parece aumentar cada a\u00f1o. Por supuesto, los mantendremos actualizados con cualquier informaci\u00f3n que salga.<\/p>\n<h3>Apuestas<\/h3>\n<p style=\"text-align: justify\">Valve ha publicado apuestas para todos los due\u00f1os de pases de batalla; aquellos que los posean tienen la posibilidad de apostar por su propio partido. Esto sucede en la fase de preparaci\u00f3n, antes de que comience el juego. Si apuestas de forma correcta y ganas el juego, recibes el doble de la cantidad de fichas de apuesta en puntos de batalla, lo que te permite recibir un extra m\u00e1ximo de 2000 puntos de batalla por semana. Por cada 1000 puntos, el pase de batalla gana un nivel, lo que en s\u00ed desbloquea elementos est\u00e9ticos nuevos como recompensa.<\/p>\n<p style=\"text-align: justify\"><img loading=\"lazy\" decoding=\"async\" class=\"size-full wp-image-6297 aligncenter\" src=\"https:\/\/www.esports-betting.pro\/app\/uploads\/sites\/3\/2017\/06\/The-International-2017-Battlepass-Dota2-Apuestas.jpg\" alt=\"The International 2017 Battle Pass Apuestas\" width=\"549\" height=\"144\" \/><\/p>\n<p><strong>Lee m\u00e1s acerca del The International 2017 de Dota 2<\/strong><\/p>\n<ul>\n<li><a href=\"https:\/\/www.esports-betting.pro\/es\/dota-2\/the-international-2017-ti7\/\">The International 2017 (TI7) \u2013\u00a0Informaci\u00f3n del Torneo<\/a><\/li>\n<li><a href=\"https:\/\/www.esports-betting.pro\/es\/dota-2\/the-international-2017-ti7\/equipos-y-jugadores\/\">The International 2017 (TI7)\u00a0\u2013 Equipos y jugadores<\/a><\/li>\n<li><a href=\"https:\/\/www.esports-betting.pro\/es\/noticias\/dota2\/boletos-the-international-2017\/\">The International 2017 (TI7) \u2013\u00a0Informaci\u00f3n de Boletos<\/a><\/li>\n<li><a href=\"https:\/\/www.esports-betting.pro\/es\/noticias\/dota2\/battlepass-the-international-2017\/\">The International 2017 (TI7) \u2013\u00a0Pase de Batalla (Battle Pass)<\/a><\/li>\n<li><a href=\"https:\/\/www.esports-betting.pro\/es\/noticias\/dota2\/actualizacion-bolsa-premios-international-2017\/\">The International 2017 (TI7)\u00a0\u2013 Bolsa de premios<\/a><\/li>\n<li><a href=\"https:\/\/www.esports-betting.pro\/es\/noticias\/dota2\/apuestas-especiales-ti7-compendio\/\">The International 2017 (TI7)\u00a0\u2013 Apuestas especiales del Compendio<\/a><\/li>\n<li><a href=\"https:\/\/www.esports-betting.pro\/es\/noticias\/dota2\/ganador-final-cuotas-apuestas-ti7\/\">The International 2017 (TI7)\u00a0\u2013\u00a0Cuotas de Apuestas al Ganador Final<\/a><\/li>\n<li><a href=\"https:\/\/www.esports-betting.pro\/es\/noticias\/dota2\/apuestas-especiales-ti7\/\">The International 2017 (TI7) \u2500 Apuestas especiales del TI7<\/a><\/li>\n<li><a href=\"https:\/\/www.esports-betting.pro\/es\/noticias\/dota2\/ti7-apuestas-en-vivo\/\">The International 2017 (TI7) \u2500 Apuestas en vivo y directo<\/a><\/li>\n<\/ul>\n","protected":false},"excerpt":{"rendered":"<p>Es m\u00e1s que probable que hayan apuestas y cuotas disponibles para The International 2017; es el torneo de Dota 2 m\u00e1s grande del a\u00f1o y estamos muy emocionados por eso. La carrera por el primer lugar ser\u00e1 muy intensa, ya que todos los equipos entrenaron para jugar el mejor Dota de su vida. The International &hellip; <a href=\"https:\/\/www.esports-betting.pro\/es\/dota-2\/the-international-2017-ti7\/cuotas-de-apuestas\/\">Continued<\/a><\/p>\n","protected":false},"author":24,"featured_media":0,"parent":4512,"menu_order":0,"comment_status":"closed","ping_status":"closed","template":"","meta":{"_acf_changed":false,"footnotes":""},"acf":[],"yoast_head":"<!-- This site is optimized with the Yoast SEO plugin v22.6 - https:\/\/yoast.com\/wordpress\/plugins\/seo\/ -->\n<title>Cuotas de Apuestas - The International (TI7) 2017 | Torneo de Dota 2<\/title>\n<meta name=\"description\" content=\"Informaci\u00f3n sobre las cuotas de apuestas para el The International 2017. Lee m\u00e1s sobre todos los tipos de apuestas disponibles para el TI7.\" \/>\n<meta name=\"robots\" content=\"index, follow, max-snippet:-1, max-image-preview:large, max-video-preview:-1\" \/>\n<link rel=\"canonical\" href=\"https:\/\/www.esports-betting.pro\/es\/dota-2\/the-international-2017-ti7\/cuotas-de-apuestas\/\" \/>\n<meta property=\"og:locale\" content=\"es_ES\" \/>\n<meta property=\"og:type\" content=\"article\" \/>\n<meta property=\"og:title\" content=\"Cuotas de Apuestas - The International (TI7) 2017 | Torneo de Dota 2\" \/>\n<meta property=\"og:description\" content=\"Informaci\u00f3n sobre las cuotas de apuestas para el The International 2017. Lee m\u00e1s sobre todos los tipos de apuestas disponibles para el TI7.\" \/>\n<meta property=\"og:url\" content=\"https:\/\/www.esports-betting.pro\/es\/dota-2\/the-international-2017-ti7\/cuotas-de-apuestas\/\" \/>\n<meta property=\"og:site_name\" content=\"Esports Betting - ES\" \/>\n<meta name=\"twitter:card\" content=\"summary_large_image\" \/>\n<meta name=\"twitter:image\" content=\"https:\/\/www.esports-betting.pro\/app\/uploads\/sites\/3\/2017\/06\/The-International-2017-TI7-Dota2-Social.jpg\" \/>\n<meta name=\"twitter:label1\" content=\"Est. reading time\" \/>\n\t<meta name=\"twitter:data1\" content=\"3 minutos\" \/>\n<script type=\"application\/ld+json\" class=\"yoast-schema-graph\">{\"@context\":\"https:\/\/schema.org\",\"@graph\":[{\"@type\":\"WebPage\",\"@id\":\"https:\/\/www.esports-betting.pro\/es\/dota-2\/the-international-2017-ti7\/cuotas-de-apuestas\/\",\"url\":\"https:\/\/www.esports-betting.pro\/es\/dota-2\/the-international-2017-ti7\/cuotas-de-apuestas\/\",\"name\":\"Cuotas de Apuestas - The International (TI7) 2017 | Torneo de Dota 2\",\"isPartOf\":{\"@id\":\"https:\/\/www.esports-betting.pro\/es\/#website\"},\"primaryImageOfPage\":{\"@id\":\"https:\/\/www.esports-betting.pro\/es\/dota-2\/the-international-2017-ti7\/cuotas-de-apuestas\/#primaryimage\"},\"image\":{\"@id\":\"https:\/\/www.esports-betting.pro\/es\/dota-2\/the-international-2017-ti7\/cuotas-de-apuestas\/#primaryimage\"},\"thumbnailUrl\":\"https:\/\/www.esports-betting.pro\/app\/uploads\/sites\/3\/2017\/03\/188bet-apuestas-eSports.jpg\",\"datePublished\":\"2017-06-07T04:53:09+00:00\",\"dateModified\":\"2017-06-07T04:53:09+00:00\",\"description\":\"Informaci\u00f3n sobre las cuotas de apuestas para el The International 2017. Lee m\u00e1s sobre todos los tipos de apuestas disponibles para el TI7.\",\"breadcrumb\":{\"@id\":\"https:\/\/www.esports-betting.pro\/es\/dota-2\/the-international-2017-ti7\/cuotas-de-apuestas\/#breadcrumb\"},\"inLanguage\":\"es\",\"potentialAction\":[{\"@type\":\"ReadAction\",\"target\":[\"https:\/\/www.esports-betting.pro\/es\/dota-2\/the-international-2017-ti7\/cuotas-de-apuestas\/\"]}]},{\"@type\":\"ImageObject\",\"inLanguage\":\"es\",\"@id\":\"https:\/\/www.esports-betting.pro\/es\/dota-2\/the-international-2017-ti7\/cuotas-de-apuestas\/#primaryimage\",\"url\":\"https:\/\/www.esports-betting.pro\/app\/uploads\/sites\/3\/2017\/03\/188bet-apuestas-eSports.jpg\",\"contentUrl\":\"https:\/\/www.esports-betting.pro\/app\/uploads\/sites\/3\/2017\/03\/188bet-apuestas-eSports.jpg\"},{\"@type\":\"BreadcrumbList\",\"@id\":\"https:\/\/www.esports-betting.pro\/es\/dota-2\/the-international-2017-ti7\/cuotas-de-apuestas\/#breadcrumb\",\"itemListElement\":[{\"@type\":\"ListItem\",\"position\":1,\"name\":\"Home\",\"item\":\"https:\/\/www.esports-betting.pro\/es\/\"},{\"@type\":\"ListItem\",\"position\":2,\"name\":\"Apuestas en Dota 2 | Sitios de apuestas y cuotas\",\"item\":\"https:\/\/www.esports-betting.pro\/es\/dota-2\/\"},{\"@type\":\"ListItem\",\"position\":3,\"name\":\"The International 2017 | Dota 2 \u2013 TI7 \u2013 Resumen del torneo\",\"item\":\"https:\/\/www.esports-betting.pro\/es\/dota-2\/the-international-2017-ti7\/\"},{\"@type\":\"ListItem\",\"position\":4,\"name\":\"Cuotas de Apuestas \u2013 The International 2017- TI7 Dota 2\"}]},{\"@type\":\"WebSite\",\"@id\":\"https:\/\/www.esports-betting.pro\/es\/#website\",\"url\":\"https:\/\/www.esports-betting.pro\/es\/\",\"name\":\"Esports Betting - ES\",\"description\":\"Just another Esports Betting Sites site\",\"potentialAction\":[{\"@type\":\"SearchAction\",\"target\":{\"@type\":\"EntryPoint\",\"urlTemplate\":\"https:\/\/www.esports-betting.pro\/es\/?s={search_term_string}\"},\"query-input\":\"required name=search_term_string\"}],\"inLanguage\":\"es\"}]}<\/script>\n<!-- \/ Yoast SEO plugin. -->","yoast_head_json":{"title":"Cuotas de Apuestas - The International (TI7) 2017 | Torneo de Dota 2","description":"Informaci\u00f3n sobre las cuotas de apuestas para el The International 2017. Lee m\u00e1s sobre todos los tipos de apuestas disponibles para el TI7.","robots":{"index":"index","follow":"follow","max-snippet":"max-snippet:-1","max-image-preview":"max-image-preview:large","max-video-preview":"max-video-preview:-1"},"canonical":"https:\/\/www.esports-betting.pro\/es\/dota-2\/the-international-2017-ti7\/cuotas-de-apuestas\/","og_locale":"es_ES","og_type":"article","og_title":"Cuotas de Apuestas - The International (TI7) 2017 | Torneo de Dota 2","og_description":"Informaci\u00f3n sobre las cuotas de apuestas para el The International 2017. Lee m\u00e1s sobre todos los tipos de apuestas disponibles para el TI7.","og_url":"https:\/\/www.esports-betting.pro\/es\/dota-2\/the-international-2017-ti7\/cuotas-de-apuestas\/","og_site_name":"Esports Betting - ES","twitter_card":"summary_large_image","twitter_image":"https:\/\/www.esports-betting.pro\/app\/uploads\/sites\/3\/2017\/06\/The-International-2017-TI7-Dota2-Social.jpg","twitter_misc":{"Est. reading time":"3 minutos"},"schema":{"@context":"https:\/\/schema.org","@graph":[{"@type":"WebPage","@id":"https:\/\/www.esports-betting.pro\/es\/dota-2\/the-international-2017-ti7\/cuotas-de-apuestas\/","url":"https:\/\/www.esports-betting.pro\/es\/dota-2\/the-international-2017-ti7\/cuotas-de-apuestas\/","name":"Cuotas de Apuestas - The International (TI7) 2017 | Torneo de Dota 2","isPartOf":{"@id":"https:\/\/www.esports-betting.pro\/es\/#website"},"primaryImageOfPage":{"@id":"https:\/\/www.esports-betting.pro\/es\/dota-2\/the-international-2017-ti7\/cuotas-de-apuestas\/#primaryimage"},"image":{"@id":"https:\/\/www.esports-betting.pro\/es\/dota-2\/the-international-2017-ti7\/cuotas-de-apuestas\/#primaryimage"},"thumbnailUrl":"https:\/\/www.esports-betting.pro\/app\/uploads\/sites\/3\/2017\/03\/188bet-apuestas-eSports.jpg","datePublished":"2017-06-07T04:53:09+00:00","dateModified":"2017-06-07T04:53:09+00:00","description":"Informaci\u00f3n sobre las cuotas de apuestas para el The International 2017. Lee m\u00e1s sobre todos los tipos de apuestas disponibles para el TI7.","breadcrumb":{"@id":"https:\/\/www.esports-betting.pro\/es\/dota-2\/the-international-2017-ti7\/cuotas-de-apuestas\/#breadcrumb"},"inLanguage":"es","potentialAction":[{"@type":"ReadAction","target":["https:\/\/www.esports-betting.pro\/es\/dota-2\/the-international-2017-ti7\/cuotas-de-apuestas\/"]}]},{"@type":"ImageObject","inLanguage":"es","@id":"https:\/\/www.esports-betting.pro\/es\/dota-2\/the-international-2017-ti7\/cuotas-de-apuestas\/#primaryimage","url":"https:\/\/www.esports-betting.pro\/app\/uploads\/sites\/3\/2017\/03\/188bet-apuestas-eSports.jpg","contentUrl":"https:\/\/www.esports-betting.pro\/app\/uploads\/sites\/3\/2017\/03\/188bet-apuestas-eSports.jpg"},{"@type":"BreadcrumbList","@id":"https:\/\/www.esports-betting.pro\/es\/dota-2\/the-international-2017-ti7\/cuotas-de-apuestas\/#breadcrumb","itemListElement":[{"@type":"ListItem","position":1,"name":"Home","item":"https:\/\/www.esports-betting.pro\/es\/"},{"@type":"ListItem","position":2,"name":"Apuestas en Dota 2 | Sitios de apuestas y cuotas","item":"https:\/\/www.esports-betting.pro\/es\/dota-2\/"},{"@type":"ListItem","position":3,"name":"The International 2017 | Dota 2 \u2013 TI7 \u2013 Resumen del torneo","item":"https:\/\/www.esports-betting.pro\/es\/dota-2\/the-international-2017-ti7\/"},{"@type":"ListItem","position":4,"name":"Cuotas de Apuestas \u2013 The International 2017- TI7 Dota 2"}]},{"@type":"WebSite","@id":"https:\/\/www.esports-betting.pro\/es\/#website","url":"https:\/\/www.esports-betting.pro\/es\/","name":"Esports Betting - ES","description":"Just another Esports Betting Sites site","potentialAction":[{"@type":"SearchAction","target":{"@type":"EntryPoint","urlTemplate":"https:\/\/www.esports-betting.pro\/es\/?s={search_term_string}"},"query-input":"required name=search_term_string"}],"inLanguage":"es"}]}},"_links":{"self":[{"href":"https:\/\/www.esports-betting.pro\/es\/wp-json\/wp\/v2\/pages\/6293"}],"collection":[{"href":"https:\/\/www.esports-betting.pro\/es\/wp-json\/wp\/v2\/pages"}],"about":[{"href":"https:\/\/www.esports-betting.pro\/es\/wp-json\/wp\/v2\/types\/page"}],"author":[{"embeddable":true,"href":"https:\/\/www.esports-betting.pro\/es\/wp-json\/wp\/v2\/users\/24"}],"replies":[{"embeddable":true,"href":"https:\/\/www.esports-betting.pro\/es\/wp-json\/wp\/v2\/comments?post=6293"}],"version-history":[{"count":0,"href":"https:\/\/www.esports-betting.pro\/es\/wp-json\/wp\/v2\/pages\/6293\/revisions"}],"up":[{"embeddable":true,"href":"https:\/\/www.esports-betting.pro\/es\/wp-json\/wp\/v2\/pages\/4512"}],"wp:attachment":[{"href":"https:\/\/www.esports-betting.pro\/es\/wp-json\/wp\/v2\/media?parent=6293"}],"curies":[{"name":"wp","href":"https:\/\/api.w.org\/{rel}","templated":true}]}}