{"id":6252,"date":"2017-06-05T21:49:09","date_gmt":"2017-06-06T01:49:09","guid":{"rendered":"https:\/\/www.esports-betting.pro\/es\/?page_id=6252"},"modified":"2017-06-05T21:49:09","modified_gmt":"2017-06-06T01:49:09","slug":"street-fighter-sfv","status":"publish","type":"page","link":"https:\/\/www.esports-betting.pro\/es\/street-fighter-sfv\/","title":{"rendered":"Apuestas en Street Fighter V (SFV), cuotas y sitios de apuestas para el 2019"},"content":{"rendered":"<p><img loading=\"lazy\" decoding=\"async\" class=\"size-full wp-image-14520 aligncenter\" src=\"https:\/\/www.esports-betting.pro\/app\/uploads\/sites\/3\/2018\/12\/street-fighter-v-apuestas-esports.jpg\" alt=\"Street Fighter V Apuestas eSport\" width=\"700\" height=\"277\" \/><\/p>\n<p style=\"text-align: center\">\/p><\/p>\n<p style=\"text-align: justify\">Los organizadores de Capcom lanzaron Street Fighter V (SFV) 2016 para PlayStation 4 y Windows. Queremos ofrecerte una gu\u00eda de los mejores proveedores de <strong><a href=\"https:\/\/www.esports-betting.pro\/es\/\">apuestas eSports<\/a><\/strong> de SFV y algunos consejos para que tu apuesta en Street Fighter V sea exitosa. SFV sigue siendo un videojuego de palizas cl\u00e1sico, tiene m\u00e1s de 16 personajes para elegir y solo dos luchan a la vez en un duelo. Capcom hizo un gran trabajo en mantener al jugador ocupado.<\/p>\n<p style=\"text-align: justify\">Adem\u00e1s del cl\u00e1sico modo Arcade, el jugador puede luchar en un modo Versus e incluso en un modo Desaf\u00edo con condiciones m\u00e1s dif\u00edciles. Se mantuvieron fieles a sus ra\u00edces durante los 30 a\u00f1os de funcionamiento de la franquicia. Como en todos los juegos de este tipo, los mejores luchadores se enfrentan en un gran torneo. En su camino hacia la gloria, derrotan al gran mal y a los grandes villanos. La historia del juego se detalla en las escenas de corte en el modo Arcade.<\/p>\n<p style=\"text-align: justify\">Pero lo que un jugador empedernido valora m\u00e1s de este juego es su modo en l\u00ednea, donde el trigo se separa de la paja. Los mejores de los mejores compiten en torneos mundiales para determinar al verdadero Street Fighter y al jugador que ha entrenado bien los combos de sus personajes.<\/p>\n<p style=\"text-align: center\">\n<h2>Street Fighter V | Todo lo que necesitas saber sobre el juego<\/h2>\n<div class=\"title-line\">\n<div class=\"icon\"><\/div>\n<div class=\"fullWidth-line\"><\/div>\n<\/div>\n<figure id=\"attachment_14521\" aria-describedby=\"caption-attachment-14521\" style=\"width: 700px\" class=\"wp-caption aligncenter\"><img loading=\"lazy\" decoding=\"async\" class=\"wp-image-14521 size-full\" src=\"https:\/\/www.esports-betting.pro\/app\/uploads\/sites\/3\/2018\/12\/street-fighter-v-apuestas-esports-imagen.jpg\" alt=\"Street Fighter V Apuestas Esports Imagen\" width=\"700\" height=\"256\" \/><figcaption id=\"caption-attachment-14521\" class=\"wp-caption-text\">Street Fighter V Arcade Edition<\/figcaption><\/figure>\n<p style=\"text-align: justify\">Los videojuegos de pelea ya tienen un largo camino recorrido. El \u00e9xito de Street Fighter comenz\u00f3 en 1987. En ese entonces, la primera parte fue producida para el Turbo CD y el C64, pero el gran \u00e9xito mundial de la serie lleg\u00f3 con el segundo t\u00edtulo, Street Fighter II. Las consolas preferidas fueron Nintendo y Atari e incluso las computadoras personales se llevaron uno de los mejores juegos de lucha. Ahora en 2019, Street Fighter V todav\u00eda batalla con los mejores y trata de mantener una mano en la corona del trono de los videojuegos de palizas.<\/p>\n<p style=\"text-align: justify\">Adem\u00e1s, no solo est\u00e1 disponible para nuestras salas, sino tambi\u00e9n en la escena competitiva de los eSports. Por lo tanto, los proveedores de apuestas nutren a los amantes del riesgo con algunas apuestas y cuotas intrigantes. Si no est\u00e1s seguro de cu\u00e1les son los sitios de apuestas con buena reputaci\u00f3n, echa un vistazo a nuestra comparaci\u00f3n de los <strong><a href=\"https:\/\/www.esports-betting.pro\/es\/sitios-apuestas-esports\/\">sitios de apuestas eSports<\/a><\/strong>.<\/p>\n<h2>El mayor torneo de SFV<\/h2>\n<div class=\"title-line\">\n<div class=\"icon\"><\/div>\n<div class=\"fullWidth-line\"><\/div>\n<\/div>\n<figure id=\"attachment_14488\" aria-describedby=\"caption-attachment-14488\" style=\"width: 700px\" class=\"wp-caption aligncenter\"><img loading=\"lazy\" decoding=\"async\" class=\"wp-image-14488 size-full\" src=\"https:\/\/www.esports-betting.pro\/app\/uploads\/sites\/3\/2018\/12\/Capcom-Cup-2018.jpg\" alt=\"Capcom Cup 2018\" width=\"700\" height=\"292\" \/><figcaption id=\"caption-attachment-14488\" class=\"wp-caption-text\">Capcom Cup 2018<\/figcaption><\/figure>\n<p style=\"text-align: justify\">Lo \u00fanico que importa para los veteranos de <strong><a href=\"https:\/\/www.esports-betting.pro\/es\/noticias\/street-fighter-v\/capcom-cup-2018\/\">Street Fighter es la Capcom Cup que se disputa cada a\u00f1o<\/a><\/strong>. Los jugadores pueden calificarse a trav\u00e9s de una tabla de clasificaci\u00f3n especial, de la cual 32 luchadores pasar\u00e1n a la final, que consistir\u00e1 en un subcampe\u00f3n y el ganador del a\u00f1o pasado. En 2018, la Capcom Cup super\u00f3 su bolsa de premios hasta alcanzar los 500.000 USD.<\/p>\n<p style=\"text-align: center\">\n<h2>Apuestas eSports para Street Fighter V | Recomendaci\u00f3n de los 3 mejores corredores de apuestas<\/h2>\n<p style=\"text-align: justify\">Street Fighter V se ha establecido firmemente en el mercado de apuestas eSports y deleita a muchos fan\u00e1ticos de las apuestas con torneos emocionantes. Los proveedores de apuestas de bet365 y betway les ofrecen a las personas de este mundo que les gusta arriesgarse la oportunidad de apostar por sus jugadores favoritos. Sin embargo, es bueno ver que el g\u00e9nero un poco <em>niche<\/em> de los juegos de paliza tambi\u00e9n est\u00e1 provisto de apuestas. Aqu\u00ed encontrar\u00e1s un resumen de los proveedores y sitios de apuestas eSports.<\/p>\n<p style=\"text-align: center\">\n<p style=\"text-align: justify\"><em>\u201cHora de inicio mostrada en: GMT o GMT +1 durante el horario de verano. Cuotas de apuestas presentadas por Bet365.\u00a0<strong><a title=\"Bet365 \u2013 Rese\u00f1a de apuestas eSports\" href=\"https:\/\/www.esports-betting.pro\/es\/sitios-apuestas-esports\/bet365-e-sports\/\">Lee m\u00e1s acercas de las apuestas en los eSports en Bet365.<\/a><\/strong><\/em>\u00a0<em><strong>Atencion<\/strong>: Las cuotas mostradas son s\u00f3lo orientativas y est\u00e1n sujetas a cambios desde bet365. Por favor, compruebe las cuotas en el sitio bet365 antes de realizar cualquier apuesta.<\/em><\/p>\n<p style=\"text-align: center\">\/p><\/p>\n<h2>Consejos para apostar en SFV &#8211; Apuesta de forma correcta<\/h2>\n<div class=\"title-line\">\n<div class=\"icon\"><\/div>\n<div class=\"fullWidth-line\"><\/div>\n<\/div>\n<p style=\"text-align: justify\">As\u00ed como en todas las disciplinas eSports, \u00a1hay que seguir algunos consejos para que tu primera apuesta eSports en Street Fighter V sea un \u00e9xito! SVF tiene algunas particularidades, principalmente, por la popularidad de los jugadores, muchos de ellos graban videos durante el a\u00f1o y hablan bastante sobre sus t\u00e1cticas. Tal vez las fortalezas o debilidades de uno u otro jugador ya salieron a la luz. Adem\u00e1s de eso, aqu\u00ed hay tres consejos generales de apuestas para Street Fighter V:<\/p>\n<ul>\n<li style=\"text-align: justify\">Estad\u00edsticas del juego: lo mejor es echar un vistazo a las cuotas de los corredores de apuestas y buscar a los jugadores tomando en cuenta esas cuotas. Una apuesta favorita puede ser muy arriesgada, ya que la disciplina es din\u00e1mica a menudo. \u00bfC\u00f3mo se desempe\u00f1aron los jugadores con respecto a las cuotas?<\/li>\n<li style=\"text-align: justify\">El clan: el clan de un jugador tiene un papel importante en los resultados que se esperan.<\/li>\n<li style=\"text-align: justify\">\u00bfVeterano de la escena? A muchos jugadores les pasa que de repente ya nada funciona en el escenario. Los jugadores profesionales son el centro de atenci\u00f3n, yo preferir\u00eda apostar por un jugador experimentado que por uno que juegue por primera vez en un torneo as\u00ed.<\/li>\n<\/ul>\n<p style=\"text-align: center\">\n<h2>Tabla comparativa de los 5 mejores corredores de apuestas<\/h2>\n<div class=\"title-line\">\n<div class=\"icon\"><\/div>\n<div class=\"fullWidth-line\"><\/div>\n<\/div>\n<p style=\"text-align: center\">[comparison_table count=5 game_count=10]<\/p>\n","protected":false},"excerpt":{"rendered":"<p>\/p> Los organizadores de Capcom lanzaron Street Fighter V (SFV) 2016 para PlayStation 4 y Windows. Queremos ofrecerte una gu\u00eda de los mejores proveedores de apuestas eSports de SFV y algunos consejos para que tu apuesta en Street Fighter V sea exitosa. SFV sigue siendo un videojuego de palizas cl\u00e1sico, tiene m\u00e1s de 16 personajes &hellip; <a href=\"https:\/\/www.esports-betting.pro\/es\/street-fighter-sfv\/\">Continued<\/a><\/p>\n","protected":false},"author":24,"featured_media":0,"parent":0,"menu_order":0,"comment_status":"closed","ping_status":"closed","template":"","meta":{"_acf_changed":false,"footnotes":""},"acf":[],"yoast_head":"<!-- This site is optimized with the Yoast SEO plugin v22.6 - https:\/\/yoast.com\/wordpress\/plugins\/seo\/ -->\n<title>Apuestas en Street Fighter V (SFV) | Sitios de apuestas del 2026 para SFV<\/title>\n<meta name=\"description\" content=\"Conoce todas las apuestas en los torneos de Street Fighter V. La gu\u00eda que no te debes perder para estar a la \u00faltima en los eSports con tu juego favorito.\" \/>\n<meta name=\"robots\" content=\"index, follow, max-snippet:-1, max-image-preview:large, max-video-preview:-1\" \/>\n<link rel=\"canonical\" href=\"https:\/\/www.esports-betting.pro\/es\/street-fighter-sfv\/\" \/>\n<meta property=\"og:locale\" content=\"es_ES\" \/>\n<meta property=\"og:type\" content=\"article\" \/>\n<meta property=\"og:title\" content=\"Apuestas en Street Fighter V (SFV) | Sitios de apuestas del 2026 para SFV\" \/>\n<meta property=\"og:description\" content=\"Conoce todas las apuestas en los torneos de Street Fighter V. La gu\u00eda que no te debes perder para estar a la \u00faltima en los eSports con tu juego favorito.\" \/>\n<meta property=\"og:url\" content=\"https:\/\/www.esports-betting.pro\/es\/street-fighter-sfv\/\" \/>\n<meta property=\"og:site_name\" content=\"Esports Betting - ES\" \/>\n<meta name=\"twitter:card\" content=\"summary_large_image\" \/>\n<meta name=\"twitter:image\" content=\"https:\/\/www.esports-betting.pro\/app\/uploads\/sites\/3\/2017\/06\/Street-Fighter-V-Logo.jpg\" \/>\n<meta name=\"twitter:label1\" content=\"Est. reading time\" \/>\n\t<meta name=\"twitter:data1\" content=\"4 minutos\" \/>\n<script type=\"application\/ld+json\" class=\"yoast-schema-graph\">{\"@context\":\"https:\/\/schema.org\",\"@graph\":[{\"@type\":\"WebPage\",\"@id\":\"https:\/\/www.esports-betting.pro\/es\/street-fighter-sfv\/\",\"url\":\"https:\/\/www.esports-betting.pro\/es\/street-fighter-sfv\/\",\"name\":\"Apuestas en Street Fighter V (SFV) | Sitios de apuestas del 2026 para SFV\",\"isPartOf\":{\"@id\":\"https:\/\/www.esports-betting.pro\/es\/#website\"},\"primaryImageOfPage\":{\"@id\":\"https:\/\/www.esports-betting.pro\/es\/street-fighter-sfv\/#primaryimage\"},\"image\":{\"@id\":\"https:\/\/www.esports-betting.pro\/es\/street-fighter-sfv\/#primaryimage\"},\"thumbnailUrl\":\"https:\/\/www.esports-betting.pro\/app\/uploads\/sites\/3\/2018\/12\/street-fighter-v-apuestas-esports.jpg\",\"datePublished\":\"2017-06-06T01:49:09+00:00\",\"dateModified\":\"2017-06-06T01:49:09+00:00\",\"description\":\"Conoce todas las apuestas en los torneos de Street Fighter V. La gu\u00eda que no te debes perder para estar a la \u00faltima en los eSports con tu juego favorito.\",\"breadcrumb\":{\"@id\":\"https:\/\/www.esports-betting.pro\/es\/street-fighter-sfv\/#breadcrumb\"},\"inLanguage\":\"es\",\"potentialAction\":[{\"@type\":\"ReadAction\",\"target\":[\"https:\/\/www.esports-betting.pro\/es\/street-fighter-sfv\/\"]}]},{\"@type\":\"ImageObject\",\"inLanguage\":\"es\",\"@id\":\"https:\/\/www.esports-betting.pro\/es\/street-fighter-sfv\/#primaryimage\",\"url\":\"https:\/\/www.esports-betting.pro\/app\/uploads\/sites\/3\/2018\/12\/street-fighter-v-apuestas-esports.jpg\",\"contentUrl\":\"https:\/\/www.esports-betting.pro\/app\/uploads\/sites\/3\/2018\/12\/street-fighter-v-apuestas-esports.jpg\"},{\"@type\":\"BreadcrumbList\",\"@id\":\"https:\/\/www.esports-betting.pro\/es\/street-fighter-sfv\/#breadcrumb\",\"itemListElement\":[{\"@type\":\"ListItem\",\"position\":1,\"name\":\"Home\",\"item\":\"https:\/\/www.esports-betting.pro\/es\/\"},{\"@type\":\"ListItem\",\"position\":2,\"name\":\"Apuestas en Street Fighter V (SFV), cuotas y sitios de apuestas para el 2019\"}]},{\"@type\":\"WebSite\",\"@id\":\"https:\/\/www.esports-betting.pro\/es\/#website\",\"url\":\"https:\/\/www.esports-betting.pro\/es\/\",\"name\":\"Esports Betting - ES\",\"description\":\"Just another Esports Betting Sites site\",\"potentialAction\":[{\"@type\":\"SearchAction\",\"target\":{\"@type\":\"EntryPoint\",\"urlTemplate\":\"https:\/\/www.esports-betting.pro\/es\/?s={search_term_string}\"},\"query-input\":\"required name=search_term_string\"}],\"inLanguage\":\"es\"}]}<\/script>\n<!-- \/ Yoast SEO plugin. -->","yoast_head_json":{"title":"Apuestas en Street Fighter V (SFV) | Sitios de apuestas del 2026 para SFV","description":"Conoce todas las apuestas en los torneos de Street Fighter V. La gu\u00eda que no te debes perder para estar a la \u00faltima en los eSports con tu juego favorito.","robots":{"index":"index","follow":"follow","max-snippet":"max-snippet:-1","max-image-preview":"max-image-preview:large","max-video-preview":"max-video-preview:-1"},"canonical":"https:\/\/www.esports-betting.pro\/es\/street-fighter-sfv\/","og_locale":"es_ES","og_type":"article","og_title":"Apuestas en Street Fighter V (SFV) | Sitios de apuestas del 2026 para SFV","og_description":"Conoce todas las apuestas en los torneos de Street Fighter V. La gu\u00eda que no te debes perder para estar a la \u00faltima en los eSports con tu juego favorito.","og_url":"https:\/\/www.esports-betting.pro\/es\/street-fighter-sfv\/","og_site_name":"Esports Betting - ES","twitter_card":"summary_large_image","twitter_image":"https:\/\/www.esports-betting.pro\/app\/uploads\/sites\/3\/2017\/06\/Street-Fighter-V-Logo.jpg","twitter_misc":{"Est. reading time":"4 minutos"},"schema":{"@context":"https:\/\/schema.org","@graph":[{"@type":"WebPage","@id":"https:\/\/www.esports-betting.pro\/es\/street-fighter-sfv\/","url":"https:\/\/www.esports-betting.pro\/es\/street-fighter-sfv\/","name":"Apuestas en Street Fighter V (SFV) | Sitios de apuestas del 2026 para SFV","isPartOf":{"@id":"https:\/\/www.esports-betting.pro\/es\/#website"},"primaryImageOfPage":{"@id":"https:\/\/www.esports-betting.pro\/es\/street-fighter-sfv\/#primaryimage"},"image":{"@id":"https:\/\/www.esports-betting.pro\/es\/street-fighter-sfv\/#primaryimage"},"thumbnailUrl":"https:\/\/www.esports-betting.pro\/app\/uploads\/sites\/3\/2018\/12\/street-fighter-v-apuestas-esports.jpg","datePublished":"2017-06-06T01:49:09+00:00","dateModified":"2017-06-06T01:49:09+00:00","description":"Conoce todas las apuestas en los torneos de Street Fighter V. La gu\u00eda que no te debes perder para estar a la \u00faltima en los eSports con tu juego favorito.","breadcrumb":{"@id":"https:\/\/www.esports-betting.pro\/es\/street-fighter-sfv\/#breadcrumb"},"inLanguage":"es","potentialAction":[{"@type":"ReadAction","target":["https:\/\/www.esports-betting.pro\/es\/street-fighter-sfv\/"]}]},{"@type":"ImageObject","inLanguage":"es","@id":"https:\/\/www.esports-betting.pro\/es\/street-fighter-sfv\/#primaryimage","url":"https:\/\/www.esports-betting.pro\/app\/uploads\/sites\/3\/2018\/12\/street-fighter-v-apuestas-esports.jpg","contentUrl":"https:\/\/www.esports-betting.pro\/app\/uploads\/sites\/3\/2018\/12\/street-fighter-v-apuestas-esports.jpg"},{"@type":"BreadcrumbList","@id":"https:\/\/www.esports-betting.pro\/es\/street-fighter-sfv\/#breadcrumb","itemListElement":[{"@type":"ListItem","position":1,"name":"Home","item":"https:\/\/www.esports-betting.pro\/es\/"},{"@type":"ListItem","position":2,"name":"Apuestas en Street Fighter V (SFV), cuotas y sitios de apuestas para el 2019"}]},{"@type":"WebSite","@id":"https:\/\/www.esports-betting.pro\/es\/#website","url":"https:\/\/www.esports-betting.pro\/es\/","name":"Esports Betting - ES","description":"Just another Esports Betting Sites site","potentialAction":[{"@type":"SearchAction","target":{"@type":"EntryPoint","urlTemplate":"https:\/\/www.esports-betting.pro\/es\/?s={search_term_string}"},"query-input":"required name=search_term_string"}],"inLanguage":"es"}]}},"_links":{"self":[{"href":"https:\/\/www.esports-betting.pro\/es\/wp-json\/wp\/v2\/pages\/6252"}],"collection":[{"href":"https:\/\/www.esports-betting.pro\/es\/wp-json\/wp\/v2\/pages"}],"about":[{"href":"https:\/\/www.esports-betting.pro\/es\/wp-json\/wp\/v2\/types\/page"}],"author":[{"embeddable":true,"href":"https:\/\/www.esports-betting.pro\/es\/wp-json\/wp\/v2\/users\/24"}],"replies":[{"embeddable":true,"href":"https:\/\/www.esports-betting.pro\/es\/wp-json\/wp\/v2\/comments?post=6252"}],"version-history":[{"count":0,"href":"https:\/\/www.esports-betting.pro\/es\/wp-json\/wp\/v2\/pages\/6252\/revisions"}],"wp:attachment":[{"href":"https:\/\/www.esports-betting.pro\/es\/wp-json\/wp\/v2\/media?parent=6252"}],"curies":[{"name":"wp","href":"https:\/\/api.w.org\/{rel}","templated":true}]}}