{"id":602,"date":"2015-11-20T13:15:41","date_gmt":"2015-11-20T13:15:41","guid":{"rendered":"https:\/\/www.esports-betting.pro\/es\/?page_id=602"},"modified":"2015-11-20T13:15:41","modified_gmt":"2015-11-20T13:15:41","slug":"iem-san-jose-2015","status":"publish","type":"page","link":"https:\/\/www.esports-betting.pro\/es\/counter-strike-csgo\/iem-san-jose-2015\/","title":{"rendered":"IEM San Jose 2015 | Torneo de Counter-Strike CS:GO"},"content":{"rendered":"<p style=\"text-align: justify\"><a href=\"https:\/\/www.esports-betting.pro\/app\/uploads\/sites\/3\/2015\/11\/IEM-San-Jose-2015-logo.jpg\"><img loading=\"lazy\" decoding=\"async\" class=\"size-full wp-image-594 alignright\" src=\"https:\/\/www.esports-betting.pro\/app\/uploads\/sites\/3\/2015\/11\/IEM-San-Jose-2015-logo.jpg\" alt=\"IEM-San-Jose-2015-logo\" width=\"200\" height=\"116\" \/><\/a>La escena competitiva de Counter Strike: Global Offensive comienza a calentar motores con otro emocionante torneo. El Intel Extreme Masters ser\u00e1 el anfitri\u00f3n del torneo que tendr\u00e1 lugar en San Jose, California, lo que garantizar\u00e1 emocionantes partidos por parte de los mejores equipos del mundo.<\/p>\n<p style=\"text-align: justify\"><strong>Nota<\/strong>: la final de la Temporada 11 de <a href=\"https:\/\/www.esports-betting.pro\/es\/counter-strike-csgo\/iem-katowice-2017-csgo\/\">Counter-Strike Global Offensive\u00a0del IEM Katowice 2017<\/a>\u00a0ser\u00e1 llevada a cabo dentro de poco.<\/p>\n<p style=\"text-align: justify\"><strong>M\u00e1s informaci\u00f3n sobre el Intel Extreme Masters San Jose<br \/>\n<\/strong><a href=\"https:\/\/www.esports-betting.pro\/es\/league-of-legends-lol\/iem-san-jose-2015-lol\/\">&gt;&gt; Torneo de League of Legends en IEM San Jose 2015<\/a><\/p>\n<h2 style=\"text-align: justify\"><strong>Counter-Strike: IEM San Jose 2015 | Datos:<\/strong><\/h2>\n<ul style=\"text-align: justify\">\n<li><strong>Fecha: <\/strong>21\/11\/2015 \u2013 22\/11\/2015<a href=\"#transmision\"><img loading=\"lazy\" decoding=\"async\" class=\"alignright wp-image-544 size-full\" src=\"https:\/\/www.esports-betting.pro\/app\/uploads\/sites\/3\/2015\/11\/transmision_vivo_boton.jpg\" alt=\"transmision_vivo_boton\" width=\"193\" height=\"61\" \/><\/a><\/li>\n<li>Hora de Inicio: 19:45 CET (ambos d\u00edas)<\/li>\n<li>Lugar: San Jose, SAP Center (EEUU)<\/li>\n<li>Premio en Met\u00e1lico: $150.000<\/li>\n<li>8 equipos (1 equipo pendiente \u2013 al Ganador de la Copa iBUYPOWER \u2013 Cloud 9)<\/li>\n<li>Formato: Grupo de Eliminaci\u00f3n Directa; los partidos regulares ser\u00e1n al Mejor de 3<\/li>\n<\/ul>\n<p style=\"text-align: justify\">El \u00faltimo lugar ser\u00e1 para el ganador de la Copa IBP (iBUYPOWER) una semana antes de que comience el IEM. Team Liquid es el favorito mientras que CLG y compLexity tambi\u00e9n busca asegurar el \u00faltimo puesto para la IEM. Los equipos se enfrentar\u00e1n entre s\u00ed en sus respectivos grupos en una serie de partidos al Mejor de 3. Los perdedores pasar\u00e1n al grupo inferior o \u201cGrupo de Eliminaci\u00f3n Directa\u201d donde jugar\u00e1n un partido de eliminaci\u00f3n al Mejor de 1.<\/p>\n<p style=\"text-align: justify\">Fnatic tendr\u00e1 una nueva alineaci\u00f3n para este torneo ya que Markus \u2018pronax\u2019 Wallsten se retir\u00f3 y adquiriendo al ex jugador de Gamers2, Dennis \u2018dennis\u2019 Edman. Por otro lado, el antiguo jugador de Dignitas, Phillip \u2018aizy\u2019 Aistrup reemplazar\u00e1 a \u2018dennis\u2019 en Gamers2, dejando a Dignitas sin un jugador.<\/p>\n<h3 style=\"text-align: justify\"><strong>Equipos de Counter-Strike:<\/strong><\/h3>\n<ul style=\"text-align: justify\">\n<li>Team SoloMid<\/li>\n<li>Cloud9 G2A<\/li>\n<li>Luminosity Gaming<\/li>\n<li>Pro<\/li>\n<li>Natus Vincere<\/li>\n<li>Kinguin<\/li>\n<li>Team Liquid<\/li>\n<li>Counter Logic Gaming<\/li>\n<\/ul>\n<h2 style=\"text-align: justify\"><strong>IEM San Jose 2015 | Apuestas para CS:GO<\/strong><\/h2>\n<p style=\"text-align: justify\">Las apuestas para el torneo de CS:GO en el IEM San Jose 2015 ser\u00e1n colocadas tan pronto como est\u00e9n disponibles. Mientras tanto, puedes mirar nuestra secci\u00f3n de Apuestas de Counter-Strike.<\/p>\n<p style=\"text-align: center\"><em><strong>Apuestas en Counter-Strike\u00a0| IEM San Jose\u00a02015\u00a0&#8211; Bet365:<\/strong><\/em><\/p>\n<h2 style=\"text-align: justify\"><a href=\"https:\/\/www.esports-betting.pro\/es\/corredor-de-apuestas\/go_bet365\" target=\"_blank\" rel=\"noopener\"><img loading=\"lazy\" decoding=\"async\" class=\"aligncenter wp-image-63 size-full\" src=\"https:\/\/www.esports-betting.pro\/app\/uploads\/sites\/3\/2015\/08\/Apuestas_eSports_Bet365-banner.jpg\" alt=\"Apuestas eSports Bet365 banner\" width=\"450\" height=\"86\" \/><\/a><\/h2>\n<h2 style=\"text-align: justify\"><strong>CS:GO San Jose 2016 | Programaci\u00f3n y Horarios<\/strong><\/h2>\n<h3 style=\"text-align: justify\"><strong>Programaci\u00f3n de Cuartos de Final<\/strong><\/h3>\n<p style=\"text-align: justify;line-height: 8px;padding-left: 30px\"><strong>Cuartos de Final #1: G2. Kinguin <span style=\"color: #ff0000\">vs<\/span>. CLG<\/strong><\/p>\n<p style=\"text-align: justify;line-height: 8px;padding-left: 30px\">(S\u00e1bado, 21 de Noviembre, 19:45 CET)<\/p>\n<p style=\"text-align: justify;line-height: 8px;padding-left: 30px\"><strong>Cuartos de Final #2: Cloud 9 G2A <span style=\"color: #ff0000\">vs<\/span>. Team SoloMid<\/strong><\/p>\n<p style=\"text-align: justify;line-height: 8px;padding-left: 30px\">(S\u00e1bado, 21 de Noviembre, 23:15 CET)<\/p>\n<p style=\"text-align: justify;line-height: 8px;padding-left: 30px\"><strong>Cuartos de Final #3: Natus Vincere <span style=\"color: #ff0000\">vs<\/span>. Luminosity<\/strong><\/p>\n<p style=\"text-align: justify;line-height: 8px;padding-left: 30px\">(S\u00e1bado, 21 de Noviembre, 02:30 CET (al d\u00eda siguiente))<\/p>\n<p style=\"text-align: justify;line-height: 8px;padding-left: 30px\"><strong>Cuartos de Final #4: \u00a0Team Liquid <span style=\"color: #ff0000\">vs<\/span>. Virtus.Pro<\/strong><\/p>\n<p style=\"text-align: justify;line-height: 8px;padding-left: 30px\">(S\u00e1bado, 21 de Noviembre, 06:00 CET (al d\u00eda siguiente))<\/p>\n<h3 style=\"text-align: justify\"><strong>Programaci\u00f3n de las Semifinales<\/strong><\/h3>\n<p style=\"text-align: justify;line-height: 8px;padding-left: 30px\"><strong>Semifinal #1: G2.Kinguin\u00a0<span style=\"color: #ff0000\">vs<\/span>.\u00a0Team SoloMid<\/strong><\/p>\n<p style=\"text-align: justify;line-height: 8px;padding-left: 30px\">(Domingo, 22 de Noviembre, 19:45 CET)<\/p>\n<p style=\"text-align: justify;line-height: 8px;padding-left: 30px\"><strong>Semifinal #2: Natus Vincere\u00a0<span style=\"color: #ff0000\">vs<\/span>.\u00a0Team Liquid<\/strong><\/p>\n<p style=\"text-align: justify;line-height: 8px;padding-left: 30px\">(Domingo, 22 de Noviembre, 23:15 CET)<\/p>\n<h3 style=\"text-align: justify\"><strong>Final de CS:GO del EIM San Jose 2015<\/strong><\/h3>\n<p style=\"text-align: justify;line-height: 8px;padding-left: 30px\"><strong>Final: Team SoloMid<\/strong><strong>\u00a0<span style=\"color: #ff0000\">vs<\/span>. Natus Vincere<\/strong><\/p>\n<p style=\"text-align: justify;line-height: 8px;padding-left: 30px\">(Domingo, 22 de Noviembre, 04:30 CET (al d\u00eda siguiente))<\/p>\n<p style=\"text-align: center\"><em><strong>Apuestas en Counter-Strike\u00a0| IEM San Jose\u00a02015\u00a0&#8211; Pinnacle:<\/strong><\/em><\/p>\n<p style=\"text-align: center\"><a href=\"https:\/\/www.esports-betting.pro\/es\/corredor-de-apuestas\/go_pinnacle\" target=\"_blank\" rel=\"noopener\"><img loading=\"lazy\" decoding=\"async\" class=\"aligncenter wp-image-275 size-full\" src=\"https:\/\/www.esports-betting.pro\/app\/uploads\/sites\/3\/2015\/09\/apuestas-esports-pinnaclesports.jpg\" alt=\"apuestas esports pinnaclesports\" width=\"450\" height=\"57\" \/><\/a><\/p>\n<h2 id=\"transmision\" style=\"text-align: justify\">Transmisi\u00f3n en Vivo<\/h2>\n<p>Aqu\u00ed puedes mirar la transmisi\u00f3n en vivo para el torneo de Counter-Strike CS:GO.<\/p>\n<p style=\"text-align: justify\"><strong>Tambi\u00e9n podr\u00edas estar interesado en:\u00a0<\/strong><br \/>\n<a href=\"https:\/\/www.esports-betting.pro\/es\/counter-strike-csgo\/iem-katowice-2016\/\">IEM Katowice 2016 Counter Strike GO<\/a><\/p>\n<p><a href=\"https:\/\/www.esports-betting.pro\/es\/counter-strike-csgo\/\">Apuestas en Counter Strike GO<\/a><\/p>\n<p><a href=\"https:\/\/www.esports-betting.pro\/es\/\">Apuestas Esports<\/a><\/p>\n<p>&nbsp;<\/p>\n","protected":false},"excerpt":{"rendered":"<p>La escena competitiva de Counter Strike: Global Offensive comienza a calentar motores con otro emocionante torneo. El Intel Extreme Masters ser\u00e1 el anfitri\u00f3n del torneo que tendr\u00e1 lugar en San Jose, California, lo que garantizar\u00e1 emocionantes partidos por parte de los mejores equipos del mundo. Nota: la final de la Temporada 11 de Counter-Strike Global &hellip; <a href=\"https:\/\/www.esports-betting.pro\/es\/counter-strike-csgo\/iem-san-jose-2015\/\">Continued<\/a><\/p>\n","protected":false},"author":24,"featured_media":0,"parent":18,"menu_order":0,"comment_status":"closed","ping_status":"closed","template":"","meta":{"_acf_changed":false,"footnotes":""},"acf":[],"yoast_head":"<!-- This site is optimized with the Yoast SEO plugin v22.6 - https:\/\/yoast.com\/wordpress\/plugins\/seo\/ -->\n<title>IEM San Jose 2015 - Torneo de Counter-Strike: GO<\/title>\n<meta name=\"description\" content=\"\u00a1Toda la informaci\u00f3n que necesitas del IEM San Jose 2015 y el Torneo de Counter-Strike: GO\u00a1 Equipos, posiciones, transmisi\u00f3n en vivo y apuestas.\" \/>\n<meta name=\"robots\" content=\"index, follow, max-snippet:-1, max-image-preview:large, max-video-preview:-1\" \/>\n<link rel=\"canonical\" href=\"https:\/\/www.esports-betting.pro\/es\/counter-strike-csgo\/iem-san-jose-2015\/\" \/>\n<meta property=\"og:locale\" content=\"es_ES\" \/>\n<meta property=\"og:type\" content=\"article\" \/>\n<meta property=\"og:title\" content=\"IEM San Jose 2015 - Torneo de Counter-Strike: GO\" \/>\n<meta property=\"og:description\" content=\"\u00a1Toda la informaci\u00f3n que necesitas del IEM San Jose 2015 y el Torneo de Counter-Strike: GO\u00a1 Equipos, posiciones, transmisi\u00f3n en vivo y apuestas.\" \/>\n<meta property=\"og:url\" content=\"https:\/\/www.esports-betting.pro\/es\/counter-strike-csgo\/iem-san-jose-2015\/\" \/>\n<meta property=\"og:site_name\" content=\"Esports Betting - ES\" \/>\n<meta property=\"og:image\" content=\"https:\/\/www.esports-betting.pro\/app\/uploads\/sites\/3\/2015\/11\/IEM-San-Jose-2015-logo.jpg\" \/>\n<meta name=\"twitter:card\" content=\"summary_large_image\" \/>\n<meta name=\"twitter:label1\" content=\"Est. reading time\" \/>\n\t<meta name=\"twitter:data1\" content=\"3 minutos\" \/>\n<script type=\"application\/ld+json\" class=\"yoast-schema-graph\">{\"@context\":\"https:\/\/schema.org\",\"@graph\":[{\"@type\":\"WebPage\",\"@id\":\"https:\/\/www.esports-betting.pro\/es\/counter-strike-csgo\/iem-san-jose-2015\/\",\"url\":\"https:\/\/www.esports-betting.pro\/es\/counter-strike-csgo\/iem-san-jose-2015\/\",\"name\":\"IEM San Jose 2015 - Torneo de Counter-Strike: GO\",\"isPartOf\":{\"@id\":\"https:\/\/www.esports-betting.pro\/es\/#website\"},\"primaryImageOfPage\":{\"@id\":\"https:\/\/www.esports-betting.pro\/es\/counter-strike-csgo\/iem-san-jose-2015\/#primaryimage\"},\"image\":{\"@id\":\"https:\/\/www.esports-betting.pro\/es\/counter-strike-csgo\/iem-san-jose-2015\/#primaryimage\"},\"thumbnailUrl\":\"https:\/\/www.esports-betting.pro\/app\/uploads\/sites\/3\/2015\/11\/IEM-San-Jose-2015-logo.jpg\",\"datePublished\":\"2015-11-20T13:15:41+00:00\",\"dateModified\":\"2015-11-20T13:15:41+00:00\",\"description\":\"\u00a1Toda la informaci\u00f3n que necesitas del IEM San Jose 2015 y el Torneo de Counter-Strike: GO\u00a1 Equipos, posiciones, transmisi\u00f3n en vivo y apuestas.\",\"breadcrumb\":{\"@id\":\"https:\/\/www.esports-betting.pro\/es\/counter-strike-csgo\/iem-san-jose-2015\/#breadcrumb\"},\"inLanguage\":\"es\",\"potentialAction\":[{\"@type\":\"ReadAction\",\"target\":[\"https:\/\/www.esports-betting.pro\/es\/counter-strike-csgo\/iem-san-jose-2015\/\"]}]},{\"@type\":\"ImageObject\",\"inLanguage\":\"es\",\"@id\":\"https:\/\/www.esports-betting.pro\/es\/counter-strike-csgo\/iem-san-jose-2015\/#primaryimage\",\"url\":\"https:\/\/www.esports-betting.pro\/app\/uploads\/sites\/3\/2015\/11\/IEM-San-Jose-2015-logo.jpg\",\"contentUrl\":\"https:\/\/www.esports-betting.pro\/app\/uploads\/sites\/3\/2015\/11\/IEM-San-Jose-2015-logo.jpg\"},{\"@type\":\"BreadcrumbList\",\"@id\":\"https:\/\/www.esports-betting.pro\/es\/counter-strike-csgo\/iem-san-jose-2015\/#breadcrumb\",\"itemListElement\":[{\"@type\":\"ListItem\",\"position\":1,\"name\":\"Home\",\"item\":\"https:\/\/www.esports-betting.pro\/es\/\"},{\"@type\":\"ListItem\",\"position\":2,\"name\":\"Gu\u00eda para apostar a Counter Strike: Global Offensive (CS:GO): los mejores torneos y plataformas\",\"item\":\"https:\/\/www.esports-betting.pro\/es\/counter-strike-csgo\/\"},{\"@type\":\"ListItem\",\"position\":3,\"name\":\"IEM San Jose 2015 | Torneo de Counter-Strike CS:GO\"}]},{\"@type\":\"WebSite\",\"@id\":\"https:\/\/www.esports-betting.pro\/es\/#website\",\"url\":\"https:\/\/www.esports-betting.pro\/es\/\",\"name\":\"Esports Betting - ES\",\"description\":\"Just another Esports Betting Sites site\",\"potentialAction\":[{\"@type\":\"SearchAction\",\"target\":{\"@type\":\"EntryPoint\",\"urlTemplate\":\"https:\/\/www.esports-betting.pro\/es\/?s={search_term_string}\"},\"query-input\":\"required name=search_term_string\"}],\"inLanguage\":\"es\"}]}<\/script>\n<!-- \/ Yoast SEO plugin. -->","yoast_head_json":{"title":"IEM San Jose 2015 - Torneo de Counter-Strike: GO","description":"\u00a1Toda la informaci\u00f3n que necesitas del IEM San Jose 2015 y el Torneo de Counter-Strike: GO\u00a1 Equipos, posiciones, transmisi\u00f3n en vivo y apuestas.","robots":{"index":"index","follow":"follow","max-snippet":"max-snippet:-1","max-image-preview":"max-image-preview:large","max-video-preview":"max-video-preview:-1"},"canonical":"https:\/\/www.esports-betting.pro\/es\/counter-strike-csgo\/iem-san-jose-2015\/","og_locale":"es_ES","og_type":"article","og_title":"IEM San Jose 2015 - Torneo de Counter-Strike: GO","og_description":"\u00a1Toda la informaci\u00f3n que necesitas del IEM San Jose 2015 y el Torneo de Counter-Strike: GO\u00a1 Equipos, posiciones, transmisi\u00f3n en vivo y apuestas.","og_url":"https:\/\/www.esports-betting.pro\/es\/counter-strike-csgo\/iem-san-jose-2015\/","og_site_name":"Esports Betting - ES","og_image":[{"url":"https:\/\/www.esports-betting.pro\/app\/uploads\/sites\/3\/2015\/11\/IEM-San-Jose-2015-logo.jpg"}],"twitter_card":"summary_large_image","twitter_misc":{"Est. reading time":"3 minutos"},"schema":{"@context":"https:\/\/schema.org","@graph":[{"@type":"WebPage","@id":"https:\/\/www.esports-betting.pro\/es\/counter-strike-csgo\/iem-san-jose-2015\/","url":"https:\/\/www.esports-betting.pro\/es\/counter-strike-csgo\/iem-san-jose-2015\/","name":"IEM San Jose 2015 - Torneo de Counter-Strike: GO","isPartOf":{"@id":"https:\/\/www.esports-betting.pro\/es\/#website"},"primaryImageOfPage":{"@id":"https:\/\/www.esports-betting.pro\/es\/counter-strike-csgo\/iem-san-jose-2015\/#primaryimage"},"image":{"@id":"https:\/\/www.esports-betting.pro\/es\/counter-strike-csgo\/iem-san-jose-2015\/#primaryimage"},"thumbnailUrl":"https:\/\/www.esports-betting.pro\/app\/uploads\/sites\/3\/2015\/11\/IEM-San-Jose-2015-logo.jpg","datePublished":"2015-11-20T13:15:41+00:00","dateModified":"2015-11-20T13:15:41+00:00","description":"\u00a1Toda la informaci\u00f3n que necesitas del IEM San Jose 2015 y el Torneo de Counter-Strike: GO\u00a1 Equipos, posiciones, transmisi\u00f3n en vivo y apuestas.","breadcrumb":{"@id":"https:\/\/www.esports-betting.pro\/es\/counter-strike-csgo\/iem-san-jose-2015\/#breadcrumb"},"inLanguage":"es","potentialAction":[{"@type":"ReadAction","target":["https:\/\/www.esports-betting.pro\/es\/counter-strike-csgo\/iem-san-jose-2015\/"]}]},{"@type":"ImageObject","inLanguage":"es","@id":"https:\/\/www.esports-betting.pro\/es\/counter-strike-csgo\/iem-san-jose-2015\/#primaryimage","url":"https:\/\/www.esports-betting.pro\/app\/uploads\/sites\/3\/2015\/11\/IEM-San-Jose-2015-logo.jpg","contentUrl":"https:\/\/www.esports-betting.pro\/app\/uploads\/sites\/3\/2015\/11\/IEM-San-Jose-2015-logo.jpg"},{"@type":"BreadcrumbList","@id":"https:\/\/www.esports-betting.pro\/es\/counter-strike-csgo\/iem-san-jose-2015\/#breadcrumb","itemListElement":[{"@type":"ListItem","position":1,"name":"Home","item":"https:\/\/www.esports-betting.pro\/es\/"},{"@type":"ListItem","position":2,"name":"Gu\u00eda para apostar a Counter Strike: Global Offensive (CS:GO): los mejores torneos y plataformas","item":"https:\/\/www.esports-betting.pro\/es\/counter-strike-csgo\/"},{"@type":"ListItem","position":3,"name":"IEM San Jose 2015 | Torneo de Counter-Strike CS:GO"}]},{"@type":"WebSite","@id":"https:\/\/www.esports-betting.pro\/es\/#website","url":"https:\/\/www.esports-betting.pro\/es\/","name":"Esports Betting - ES","description":"Just another Esports Betting Sites site","potentialAction":[{"@type":"SearchAction","target":{"@type":"EntryPoint","urlTemplate":"https:\/\/www.esports-betting.pro\/es\/?s={search_term_string}"},"query-input":"required name=search_term_string"}],"inLanguage":"es"}]}},"_links":{"self":[{"href":"https:\/\/www.esports-betting.pro\/es\/wp-json\/wp\/v2\/pages\/602"}],"collection":[{"href":"https:\/\/www.esports-betting.pro\/es\/wp-json\/wp\/v2\/pages"}],"about":[{"href":"https:\/\/www.esports-betting.pro\/es\/wp-json\/wp\/v2\/types\/page"}],"author":[{"embeddable":true,"href":"https:\/\/www.esports-betting.pro\/es\/wp-json\/wp\/v2\/users\/24"}],"replies":[{"embeddable":true,"href":"https:\/\/www.esports-betting.pro\/es\/wp-json\/wp\/v2\/comments?post=602"}],"version-history":[{"count":0,"href":"https:\/\/www.esports-betting.pro\/es\/wp-json\/wp\/v2\/pages\/602\/revisions"}],"up":[{"embeddable":true,"href":"https:\/\/www.esports-betting.pro\/es\/wp-json\/wp\/v2\/pages\/18"}],"wp:attachment":[{"href":"https:\/\/www.esports-betting.pro\/es\/wp-json\/wp\/v2\/media?parent=602"}],"curies":[{"name":"wp","href":"https:\/\/api.w.org\/{rel}","templated":true}]}}