{"id":6,"date":"2015-07-11T08:59:06","date_gmt":"2015-07-11T08:59:06","guid":{"rendered":"https:\/\/apuestas-esports.com\/?page_id=6"},"modified":"2023-05-04T13:35:22","modified_gmt":"2023-05-04T13:35:22","slug":"apuestas-esports-realizar-apuestas-los-esports","status":"publish","type":"page","link":"https:\/\/www.esports-betting.pro\/es\/","title":{"rendered":"Esportsbetting.pro | C\u00f3mo realizar apuestas en los eSports"},"content":{"rendered":"<p style=\"text-align: justify;\">Nosotros en\u00a0<strong>esportsbetting.pro<\/strong> haremos todo lo posible para que tus apuestas en los eSports sean f\u00e1ciles y sin complicaciones. Lo haremos d\u00e1ndote toda la informaci\u00f3n m\u00e1s reciente sobre tus franquicias favoritas de eSports y sus respectivos torneos y ligas. Adem\u00e1s, ocasionalmente tendremos predicciones de <strong>apuestas eSports<\/strong> y comparaciones de cuotas para los torneos m\u00e1s importantes en los eSports. Junto a esto, tambi\u00e9n cuentas con nuestras <strong><a href=\"https:\/\/www.esports-betting.pro\/es\/sitios-apuestas-esports-2\/\">rese\u00f1as de las casas de apuestas<\/a><\/strong> que ofrecen mercados en los eSports, y te dar\u00e1s cuenta por qu\u00e9 apuestas-esports.com es tu mejor opci\u00f3n para las apuestas eSports y sus noticias a nivel mundial. Ahora que hemos hablado de qui\u00e9nes somos y qu\u00e9 podemos ofrecerte, es momento de mostrarte c\u00f3mo funcionan las apuestas en los eSports. Pero, antes de entrar en detalles, primero tenemos que aclarar qu\u00e9 son las apuestas eSports y responder algunas de las preguntas m\u00e1s comunes relacionadas con la industria.<\/p>\n<h3>Encuentra los mejores sitios de apuestas eSports<\/h3>\n<div class=\"title-line\">\n<div class=\"icon\"><\/div>\n<div class=\"fullWidth-line\"><\/div>\n<\/div>\n<p style=\"text-align: justify;\">Las apuestas en l\u00ednea es algo nuevo en el mundo de los eSports, y ya hay varios sitio web de apuestas eSports muy influyentes que ofrecen apuestas completas sobre las ligas y torneos de eSports. Por el momento, alguno de las mejores casas de apuestas son <strong>Pinnacle<\/strong>,\u00a0<strong><a href=\"https:\/\/www.esports-betting.pro\/es\/sitios-apuestas-esports-2\/arcanebet-resena-1\/\">ArcaneBet<\/a><\/strong>, <strong>Betway<\/strong>, <strong>Luckia <\/strong>y <strong>Paston<\/strong>&#8230; pero con un crecimiento tan r\u00e1pido en toda la indusfrita de apuestas eSports, no nos sorprender\u00eda en absoluto ver que este n\u00famero siga creciendo a finales de este a\u00f1o. Dicho esto, no cabe duda de que las <strong>apuestas en los eSports<\/strong> es un nicho que tiene un futuro brillante. Despu\u00e9s de todo el drama y castigos (bien merececidos) de los sitios de apuesta ilegales de skins\/aspectos, es\u00a0 muy probable que los juegos de azar entre adolescentes se reduzcan a cifras satisfatoriamente bajas, lo que siempre es una gran ventaja.\u00a0Una vez m\u00e1s, no aprobamos las apuestas ilegales y creemos que todos los que las fomentan deben enfrentarse a consecuencias legales. As\u00ed que, para todos los entusiastas de las apuestas en eSports (mayores de edad), estamos orgullosos de presentar a los mejores corredores de apuestas 100% legales de eSports! Aseg\u00farese de visitar nuestras <strong><a href=\"https:\/\/www.esports-betting.pro\/es\/sitios-apuestas-esports-2\/\">rese\u00f1as de corredores de apuestas eSports<\/a><\/strong> para encontrar una gran cantidad de informaci\u00f3n \u00fatil sobre la pregunta m\u00e1s com\u00fan, como por ejemplo, c\u00f3mo funcionan las apuestas en los eSports.<\/p>\n<h3>Juegos eSports con mercados de apuestas<\/h3>\n<div class=\"title-line\">\n<div class=\"icon\"><\/div>\n<div class=\"fullWidth-line\"><\/div>\n<\/div>\n<p style=\"text-align: justify;\">Actualmente, hay <strong>4 juegos principales que las casas de apuestas en l\u00ednea ofrecen cuotas de apuestas, estos son League of Legends, Starcraft 2, Counter Stike (CS:GO) y Dota 2<\/strong>. Adem\u00e1s hay algunas casas de apuestas que ofrecen apuestas en ligas y torneos de <strong><a href=\"https:\/\/www.esports-betting.pro\/es\/hearthstone\/\">Hearthstone<\/a><\/strong>, <strong><a href=\"https:\/\/www.esports-betting.pro\/es\/overwatch\/\">Overwatch<\/a><\/strong>, <strong><a href=\"https:\/\/www.esports-betting.pro\/es\/smite\/\">Smite<\/a><\/strong>, <strong><a href=\"https:\/\/www.esports-betting.pro\/es\/hots\/\">Heroes of the Storm (HOTS)<\/a><\/strong>, World of Tanks (WoT), <strong><a href=\"https:\/\/www.esports-betting.pro\/es\/fifa\/\">EA FIFA F\u00fatbol<\/a><\/strong> y <strong><a href=\"https:\/\/www.esports-betting.pro\/es\/pubg\/\">PlayerUnknown's Battlegrounds (PUBG)<\/a><\/strong>.<\/p>\n<h2 style=\"text-align: justify;\">Preguntas frecuentes sobre las apuestas eSports<\/h2>\n<div class=\"title-line\">\n<div class=\"icon\"><\/div>\n<div class=\"fullWidth-line\"><\/div>\n<\/div>\n<p style=\"text-align: justify;\">Teniendo en cuenta el hecho de que las apuestas en los eSports siguen siendo un t\u00e9rmino bastante nuevo para algunas personas, aqu\u00ed hay una lista r\u00e1pida de preguntas frecuentes que podr\u00eda responder a algunas de las preguntas m\u00e1s comunes:<\/p>\n<h3>\u00bfQu\u00e9 son las apuestas eSports?<\/h3>\n<div class=\"title-line\">\n<div class=\"icon\"><\/div>\n<div class=\"fullWidth-line\"><\/div>\n<\/div>\n<p style=\"text-align: justify;\">Las apuestas eSports son una forma relativamente nueva de apuestas en l\u00ednea (en su mayor\u00eda) que ha experimentado un crecimiento exponencial en los \u00faltimos tres a\u00f1os. Con varias franquicias pioneras de eSports viendo la luz del d\u00eda, las industrias de apuestas de eSports y los eSports han alcanzado nuevas alturas y parece seguir\u00e1n creciendo en un futuro pr\u00f3ximo. Estoy seguro de que tienes al menos un amigo que sigue todo lo relacionado con su escena profesional favorita de eSports. Si ese es el caso, entonces las posibilidades son altas, \u00e9l o ella ya han probado su suerte apostando en los eSports. Las apuestas CS:GO est\u00e1n entre las franquicias m\u00e1s populares en este momento, pero la competencia es muy dura y eso podr\u00eda cambiar en un momento dado. Nuevos juegos est\u00e1n llegando, especialmente el g\u00e9nero battle royale incluyendo Fortnite y PUBG. Los juegos de MOBA todav\u00eda no han perdido su encanto, as\u00ed que estamos viendo que LoL y DotA 2 todav\u00eda pueden acumular n\u00fameros altos.<\/p>\n<h3>\u00bfC\u00f3mo realizar una apuestas eSports?<\/h3>\n<div class=\"title-line\">\n<div class=\"icon\"><\/div>\n<div class=\"fullWidth-line\"><\/div>\n<\/div>\n<p style=\"text-align: justify;\">Realizar una apuestas en los eSports es bastante sencillo, de hecho, es lo mismo que las apuestas deportivas en l\u00ednea comunes. Puedes navegar a trav\u00e9s de las apuestas deportivas y echar un vistazo a los juegos y ligas de los torneos que ofrecen las cuotas de apuestas. Si est\u00e1s pensando en hacer una apuesta con uno de los sitios de apuestas, necesitas registrarte antes de poder hacer tu primera apuesta. Despu\u00e9s de registrarte, debes elegir una de las opciones de pago disponibles para hacer tu primer dep\u00f3sito. Puedes obtener una buena visi\u00f3n general acerca de qu\u00e9 sitios de apuestas ofrecen tu tipo de pago favorito mirando la descripci\u00f3n general de nuestros corredores de apuestas. \u00a1Ahora aqu\u00ed vienen las buenas noticias, algunas de las casas de apuestas ofrecen a los nuevos clientes un bono por su primer dep\u00f3sito! Esto es otra cosa que debe comprobar en nuestra visi\u00f3n general de las casas de apuestas. As\u00ed que ahora est\u00e1s registrado, realizaste tu primer dep\u00f3sito y reclamaste tu bono de bienvenida o apuesta gratis. \u00a1Es hora de tu primera apuesta!<\/p>\n<p style=\"text-align: justify;\">El sitio de apuestas de su elecci\u00f3n ofrece cuotas para los diferentes resultados de, por ejemplo, un partido de la LCS de League of Legends. Aqu\u00ed hay algunos ejemplos de c\u00f3mo calcular tus ganancias.<\/p>\n<h3>C\u00f3mo calcular lo que podr\u00edas ganar<\/h3>\n<div class=\"title-line\">\n<div class=\"icon\"><\/div>\n<div class=\"fullWidth-line\"><\/div>\n<\/div>\n<p style=\"text-align: justify;\">Digamos que el juego de la LCS al que te gustar\u00eda apostar es C9 vs. TSM. Si la cuota de apuestas para una victoria de C9 es 1.35 puedes obtener una ganacia multiplicada por 1.35 en caso de que C9 derrote el nexo enemigo. Por ejemplo &#8211; apuestas a C9 con 10 \u20ac, obtendr\u00e1 13,50 \u20ac de ganancia. Por supuesto, puedes combinar esas apuestas y en caso de que lo hagas, puede calcular tus ganancias potenciales con esta f\u00f3rmula:<\/p>\n<p style=\"text-align: justify;\">Inversi\u00f3n x Cuota 1 x Cuota 2 = Ganancia<\/p>\n<p style=\"text-align: justify;\">Por ejemplo &#8211; le apuestas 10 \u20ac en C9 vs. TSM y lo combinas con una apuesta en el <strong>IEM Katowice 2017<\/strong> apoyando a G2 Esports para la cual obtienes un cuota de 2.90. Si Cloud9 y G2 Esports ganan su respectivos encuentros, obtienes:<\/p>\n<p>10 \u20ac (inversi\u00f3n) x 1,35 (cuota 1) x 2,90 (cuota 2) = <strong>39,15 \u20ac<\/strong> (ganancia)<\/p>\n<h3>\u00bfQu\u00e9 puedes esperar de las apuestas en League of Legends?<\/h3>\n<div class=\"title-line\">\n<div class=\"icon\"><\/div>\n<div class=\"fullWidth-line\"><\/div>\n<\/div>\n<p style=\"text-align: justify;\">Hay diferentes tipos de apuestas disponibles para los partidos de Riot Games la <strong>League Championship Series LCS 2018 (8\u00aa temporada)<\/strong> que comenzar\u00e1n en enero de 2018 y tendran una pausa para los <strong>playoffs de primavera de la LCS 2018<\/strong>. Por supuesto, se puede apostar a que el equipo que est\u00e1 ganando (apuesta al equipo ganador), una apuesta con la que la gente que ya ha hecho apuestas deportivas comunes (como el f\u00fatbol) estar\u00e1 familiarizada. Adem\u00e1s, puede apostar en diferentes eventos de LoL dentro del juego: \u00bfQu\u00e9 equipo obtendr\u00e1 la &#8220;Primera Sangre&#8221;, qu\u00e9 equipo se lograr\u00e1 derrotar primero al Bar\u00f3n Nashor o el partido tendr\u00e1 un Asesinato Qu\u00edntuple\/Pentakill? Las apuestas especiales est\u00e1n disponibles durante los grandes torneos como el <strong>Campeonato Mundial de League of Legends (LoL Worlds 2018)<\/strong> o el <strong>Mid-Season Invitational 2018<\/strong>.<\/p>\n<h3>\u00bfQu\u00e9 puede esperar de las apuestas en Counter Strike: Global Offensive?<\/h3>\n<div class=\"title-line\">\n<div class=\"icon\"><\/div>\n<div class=\"fullWidth-line\"><\/div>\n<\/div>\n<p style=\"text-align: justify;\">En cuanto a las apuestas CS:GO, el panorama profesional es muy conocido y ya se ha consolidado como uno de los m\u00e1s influyentes de la industria. Los equipos de alto nivel y sus jugadores ya tienen un significado ic\u00f3nico para la comunidad, y eso s\u00f3lo se consigue con m\u00e1s y m\u00e1s torneos con premios a\u00fan mayores que nunca. Ahora mismo, <strong>ESL One Cologne 2018<\/strong> es el tema principal de conversaci\u00f3n para todos los fans de CS:GO&#8230;. Pero muy pronto dar\u00e1 lugar FACEIT Major London 2018, que est\u00e1 destinado a ser un espect\u00e1culo. No hace falta decir que los torneos de CS:GO son duros, las transferencias de jugadores son frecuentes y los cambios en el juego, los partidos son espectaculares y los resultados son dif\u00edciles de predecir&#8230; \u00bfQu\u00e9 m\u00e1s se puede pedir del juego de FPS (disparos en primera persona) m\u00e1s popular del planeta?<\/p>\n<h3>\u00bfEs legal apostar en los eSports?<\/h3>\n<div class=\"title-line\">\n<div class=\"icon\"><\/div>\n<div class=\"fullWidth-line\"><\/div>\n<\/div>\n<p style=\"text-align: justify;\">En este sentido, apostar en los eSports no difiere de apostar en otros deportes como el f\u00fatbol y el tenis. Las apuestas deportivas que ofrecen mercados de apuestas para eventos deportivos deben tener una licencia de juego v\u00e1lida para el pa\u00eds o regi\u00f3n en la que ofrecen apuestas. Encontrar\u00e1s m\u00e1s informaci\u00f3n sobre la licencia de juego de las diferentes casas de apuestas en la p\u00e1gina web de cada corredor o en nuestras rese\u00f1as detalladas. Tambi\u00e9n hemos enumerado las diferentes licencias de juegos de azar en nuestro resumen. Dado que las regulaciones legales para apostar difieren de un pa\u00eds a otro, por favor consulte las regulaciones legales de tu pa\u00eds o regi\u00f3n.<\/p>\n<h3>\u00bfExiste un bono para las apuestas en los eSports?<\/h3>\n<div class=\"title-line\">\n<div class=\"icon\"><\/div>\n<div class=\"fullWidth-line\"><\/div>\n<\/div>\n<p style=\"text-align: justify;\"><span style=\"vertical-align: inherit;\"><span style=\"vertical-align: inherit;\">Yes, there are bookmakers that offer a bonus for placing bets on eSports (for example, Bet-at-Home, Arcanebet, Betway or William Hill offer a bonus of up to 150% for all new customers on their first deposit &#8211; Please note: Bookmakers' terms and conditions apply.) <\/span><span style=\"vertical-align: inherit;\">Which betting site has the best bonus can be found in our <\/span><\/span><a href=\"https:\/\/www.esports-betting.pro\/es\/sitios-apuestas-esports-2\/bonificaciones-de-apuestas-esports\/\"><strong><span style=\"vertical-align: inherit;\"><span style=\"vertical-align: inherit;\">overview of eSports betting bon<\/span><\/span><\/strong><strong><span style=\"vertical-align: inherit;\"><span style=\"vertical-align: inherit;\">uses.<\/span><\/span><\/strong><\/a><\/p>\n","protected":false},"excerpt":{"rendered":"<p>Nosotros en\u00a0esportsbetting.pro haremos todo lo posible para que tus apuestas en los eSports sean f\u00e1ciles y sin complicaciones. Lo haremos d\u00e1ndote toda la informaci\u00f3n m\u00e1s reciente sobre tus franquicias favoritas de eSports y sus respectivos torneos y ligas. Adem\u00e1s, ocasionalmente tendremos predicciones de apuestas eSports y comparaciones de cuotas para los torneos m\u00e1s importantes en &hellip; <a href=\"https:\/\/www.esports-betting.pro\/es\/\">Continued<\/a><\/p>\n","protected":false},"author":1,"featured_media":0,"parent":0,"menu_order":0,"comment_status":"closed","ping_status":"open","template":"template-home.blade.php","meta":{"_acf_changed":false,"footnotes":""},"acf":[],"yoast_head":"<!-- This site is optimized with the Yoast SEO plugin v22.6 - https:\/\/yoast.com\/wordpress\/plugins\/seo\/ -->\n<title>Apuestas eSports | C\u00f3mo realizar apuestas en los eSports<\/title>\n<meta name=\"description\" content=\"Toda la mejor informaci\u00f3n para apostar en tus eSports favoritos: LoL, Dota2, Starcraft II, CS:GO\u2026 Predicciones, mejores cuotas, ligas y torneos, \u00a1s\u00f3lo aqu\u00ed!\" \/>\n<meta name=\"robots\" content=\"index, follow, max-snippet:-1, max-image-preview:large, max-video-preview:-1\" \/>\n<link rel=\"canonical\" href=\"https:\/\/www.esports-betting.pro\/es\/\" \/>\n<meta property=\"og:locale\" content=\"es_ES\" \/>\n<meta property=\"og:type\" content=\"article\" \/>\n<meta property=\"og:title\" content=\"Apuestas eSports | C\u00f3mo realizar apuestas en los eSports\" \/>\n<meta property=\"og:description\" content=\"Toda la mejor informaci\u00f3n para apostar en tus eSports favoritos: LoL, Dota2, Starcraft II, CS:GO\u2026 Predicciones, mejores cuotas, ligas y torneos, \u00a1s\u00f3lo aqu\u00ed!\" \/>\n<meta property=\"og:url\" content=\"https:\/\/www.esports-betting.pro\/es\/\" \/>\n<meta property=\"og:site_name\" content=\"Esports Betting - ES\" \/>\n<meta property=\"article:modified_time\" content=\"2023-05-04T13:35:22+00:00\" \/>\n<meta name=\"twitter:card\" content=\"summary_large_image\" \/>\n<meta name=\"twitter:label1\" content=\"Est. reading time\" \/>\n\t<meta name=\"twitter:data1\" content=\"7 minutos\" \/>\n<script type=\"application\/ld+json\" class=\"yoast-schema-graph\">{\"@context\":\"https:\/\/schema.org\",\"@graph\":[{\"@type\":\"WebPage\",\"@id\":\"https:\/\/www.esports-betting.pro\/es\/\",\"url\":\"https:\/\/www.esports-betting.pro\/es\/\",\"name\":\"Apuestas eSports | C\u00f3mo realizar apuestas en los eSports\",\"isPartOf\":{\"@id\":\"https:\/\/www.esports-betting.pro\/es\/#website\"},\"datePublished\":\"2015-07-11T08:59:06+00:00\",\"dateModified\":\"2023-05-04T13:35:22+00:00\",\"description\":\"Toda la mejor informaci\u00f3n para apostar en tus eSports favoritos: LoL, Dota2, Starcraft II, CS:GO\u2026 Predicciones, mejores cuotas, ligas y torneos, \u00a1s\u00f3lo aqu\u00ed!\",\"breadcrumb\":{\"@id\":\"https:\/\/www.esports-betting.pro\/es\/#breadcrumb\"},\"inLanguage\":\"es\",\"potentialAction\":[{\"@type\":\"ReadAction\",\"target\":[\"https:\/\/www.esports-betting.pro\/es\/\"]}]},{\"@type\":\"BreadcrumbList\",\"@id\":\"https:\/\/www.esports-betting.pro\/es\/#breadcrumb\",\"itemListElement\":[{\"@type\":\"ListItem\",\"position\":1,\"name\":\"Home\",\"item\":\"https:\/\/www.esports-betting.pro\/es\/\"},{\"@type\":\"ListItem\",\"position\":2,\"name\":\"Esportsbetting.pro | C\u00f3mo realizar apuestas en los eSports\"}]},{\"@type\":\"WebSite\",\"@id\":\"https:\/\/www.esports-betting.pro\/es\/#website\",\"url\":\"https:\/\/www.esports-betting.pro\/es\/\",\"name\":\"Esports Betting - ES\",\"description\":\"Just another Esports Betting Sites site\",\"potentialAction\":[{\"@type\":\"SearchAction\",\"target\":{\"@type\":\"EntryPoint\",\"urlTemplate\":\"https:\/\/www.esports-betting.pro\/es\/?s={search_term_string}\"},\"query-input\":\"required name=search_term_string\"}],\"inLanguage\":\"es\"}]}<\/script>\n<!-- \/ Yoast SEO plugin. -->","yoast_head_json":{"title":"Apuestas eSports | C\u00f3mo realizar apuestas en los eSports","description":"Toda la mejor informaci\u00f3n para apostar en tus eSports favoritos: LoL, Dota2, Starcraft II, CS:GO\u2026 Predicciones, mejores cuotas, ligas y torneos, \u00a1s\u00f3lo aqu\u00ed!","robots":{"index":"index","follow":"follow","max-snippet":"max-snippet:-1","max-image-preview":"max-image-preview:large","max-video-preview":"max-video-preview:-1"},"canonical":"https:\/\/www.esports-betting.pro\/es\/","og_locale":"es_ES","og_type":"article","og_title":"Apuestas eSports | C\u00f3mo realizar apuestas en los eSports","og_description":"Toda la mejor informaci\u00f3n para apostar en tus eSports favoritos: LoL, Dota2, Starcraft II, CS:GO\u2026 Predicciones, mejores cuotas, ligas y torneos, \u00a1s\u00f3lo aqu\u00ed!","og_url":"https:\/\/www.esports-betting.pro\/es\/","og_site_name":"Esports Betting - ES","article_modified_time":"2023-05-04T13:35:22+00:00","twitter_card":"summary_large_image","twitter_misc":{"Est. reading time":"7 minutos"},"schema":{"@context":"https:\/\/schema.org","@graph":[{"@type":"WebPage","@id":"https:\/\/www.esports-betting.pro\/es\/","url":"https:\/\/www.esports-betting.pro\/es\/","name":"Apuestas eSports | C\u00f3mo realizar apuestas en los eSports","isPartOf":{"@id":"https:\/\/www.esports-betting.pro\/es\/#website"},"datePublished":"2015-07-11T08:59:06+00:00","dateModified":"2023-05-04T13:35:22+00:00","description":"Toda la mejor informaci\u00f3n para apostar en tus eSports favoritos: LoL, Dota2, Starcraft II, CS:GO\u2026 Predicciones, mejores cuotas, ligas y torneos, \u00a1s\u00f3lo aqu\u00ed!","breadcrumb":{"@id":"https:\/\/www.esports-betting.pro\/es\/#breadcrumb"},"inLanguage":"es","potentialAction":[{"@type":"ReadAction","target":["https:\/\/www.esports-betting.pro\/es\/"]}]},{"@type":"BreadcrumbList","@id":"https:\/\/www.esports-betting.pro\/es\/#breadcrumb","itemListElement":[{"@type":"ListItem","position":1,"name":"Home","item":"https:\/\/www.esports-betting.pro\/es\/"},{"@type":"ListItem","position":2,"name":"Esportsbetting.pro | C\u00f3mo realizar apuestas en los eSports"}]},{"@type":"WebSite","@id":"https:\/\/www.esports-betting.pro\/es\/#website","url":"https:\/\/www.esports-betting.pro\/es\/","name":"Esports Betting - ES","description":"Just another Esports Betting Sites site","potentialAction":[{"@type":"SearchAction","target":{"@type":"EntryPoint","urlTemplate":"https:\/\/www.esports-betting.pro\/es\/?s={search_term_string}"},"query-input":"required name=search_term_string"}],"inLanguage":"es"}]}},"_links":{"self":[{"href":"https:\/\/www.esports-betting.pro\/es\/wp-json\/wp\/v2\/pages\/6"}],"collection":[{"href":"https:\/\/www.esports-betting.pro\/es\/wp-json\/wp\/v2\/pages"}],"about":[{"href":"https:\/\/www.esports-betting.pro\/es\/wp-json\/wp\/v2\/types\/page"}],"author":[{"embeddable":true,"href":"https:\/\/www.esports-betting.pro\/es\/wp-json\/wp\/v2\/users\/1"}],"replies":[{"embeddable":true,"href":"https:\/\/www.esports-betting.pro\/es\/wp-json\/wp\/v2\/comments?post=6"}],"version-history":[{"count":133,"href":"https:\/\/www.esports-betting.pro\/es\/wp-json\/wp\/v2\/pages\/6\/revisions"}],"predecessor-version":[{"id":51697,"href":"https:\/\/www.esports-betting.pro\/es\/wp-json\/wp\/v2\/pages\/6\/revisions\/51697"}],"wp:attachment":[{"href":"https:\/\/www.esports-betting.pro\/es\/wp-json\/wp\/v2\/media?parent=6"}],"curies":[{"name":"wp","href":"https:\/\/api.w.org\/{rel}","templated":true}]}}