{"id":5937,"date":"2017-05-23T19:21:11","date_gmt":"2017-05-23T23:21:11","guid":{"rendered":"https:\/\/www.esports-betting.pro\/es\/?page_id=5937"},"modified":"2017-05-23T19:21:11","modified_gmt":"2017-05-23T23:21:11","slug":"programacion-resultados","status":"publish","type":"page","link":"https:\/\/www.esports-betting.pro\/es\/dota-2\/manila-masters-2017\/programacion-resultados\/","title":{"rendered":"Manila Masters 2017 &#8211; Programaci\u00f3n y resultados"},"content":{"rendered":"<p style=\"text-align: justify\">El <strong><a href=\"https:\/\/www.esports-betting.pro\/es\/dota-2\/manila-masters-2017\/\">Manila Masters 2017<\/a><\/strong> comenzar\u00e1 dentro de poco, exactamente el 26 de mayo. El torneo contar\u00e1 con la modalidad de dos brackets, inferior y superior. Todos los equipos comenzar\u00e1n en el bracker superior e ir\u00e1n al bracket inferior luego de perder un partido. As\u00ed que cada equipo tendr\u00e1 una sola oportunidad si llegan a caer en el bracket inferior. Todos los juegos tendr\u00e1n un formato al mejor de 3 a excepci\u00f3n de la gran final la cu\u00e1l ser\u00e1 al mejor de 5. En conjunto, un excelente torneo nos espera con 8 grandes equipos los cuales es probable que alguno de ellos participe en el <strong><a href=\"https:\/\/www.esports-betting.pro\/es\/dota-2\/the-international-2017-ti7\/\">The International 2017<\/a><\/strong>, as\u00ed que el Manila Masters 2017 es una de las pocas oportunidades que tendr\u00e1n los equipo de definir sus estrategias en la escena competitiva mundial.<\/p>\n<h2><img loading=\"lazy\" decoding=\"async\" class=\"alignnone size-full wp-image-1695\" src=\"https:\/\/www.esports-betting.pro\/app\/uploads\/sites\/3\/2016\/06\/Dota2-Icono.png\" alt=\"Icono Dota 2\" width=\"20\" height=\"20\" \/> Programaci\u00f3n y Resultados &#8211; Manila Masters 2017<\/h2>\n<h3>Bracket Superior<\/h3>\n<p><strong><span style=\"background-color: #333333;color: #ffffff\">Bracket Superior | Cuartos de final\u00a0<\/span><\/strong><\/p>\n<p><strong>Cuartos de final #1: <img decoding=\"async\" src=\"https:\/\/www.esports-betting.pro\/app\/uploads\/sites\/3\/2015\/12\/OG-Team-Logo-Dota2-esports.jpg\" alt=\"OG Equipo Dota 2 Logo\" \/>\u00a0OG <span style=\"color: #ff0000\">vs.<\/span> <img decoding=\"async\" src=\"https:\/\/www.esports-betting.pro\/app\/uploads\/sites\/3\/2016\/10\/Team-NP-Dota-2-Equipo-Logo.jpg\" alt=\"Team NP - Equipo Dota 2 Logo\" \/>\u00a0Team NP\u00a0\u00a0 <span style=\"background-color: #000000\"><span style=\"color: #3366ff\">\u00a0 2<\/span>\u00a0<span style=\"color: #ffffff\">:<span style=\"color: #ff0000\"> 1 \u00a0<\/span><\/span><\/span><br \/>\n<\/strong><em>25 de mayo, 7:30 PM PDT \/ 10:30 PM EDT \/ 4:30 CEST<\/em><\/p>\n<p><strong>Cuartos de final #2: <img decoding=\"async\" src=\"https:\/\/www.esports-betting.pro\/app\/uploads\/sites\/3\/2015\/12\/Newbee-Team-Logo-Dota2-esports.jpg\" alt=\"Newbee Equipo Dota 2 Logo\" \/>\u00a0Newbee <span style=\"color: #ff0000\">vs.<\/span> <img decoding=\"async\" src=\"https:\/\/www.esports-betting.pro\/app\/uploads\/sites\/3\/2015\/12\/Team-Secret-Logo-Dota2-esports.jpg\" alt=\"Team Secret Equipo Dota 2 Logo\" \/>\u00a0Team Secret\u00a0\u00a0 <span style=\"background-color: #000000\"><span style=\"color: #3366ff\">\u00a0 2<\/span>\u00a0<span style=\"color: #ffffff\">:<span style=\"color: #ff0000\"> 1 \u00a0<\/span><\/span><\/span><br \/>\n<\/strong><em>25 de mayo, 7:30 PM PDT \/ 10:30 PM EDT \/ 4:30 CEST<\/em><\/p>\n<p><strong>Cuartos de final #3: <img decoding=\"async\" src=\"https:\/\/www.esports-betting.pro\/app\/uploads\/sites\/3\/2017\/02\/Invictus-Gaming-Dota-2-eSports-Equipo-Logo.jpg\" alt=\"Invictus Gaming Dota 2 eSports Equipo Logo\" \/>\u00a0Invictus Gaming <span style=\"color: #ff0000\">vs.<\/span> <img decoding=\"async\" src=\"https:\/\/www.esports-betting.pro\/app\/uploads\/sites\/3\/2017\/05\/Clutch-Gamers-Dota-2-eSports-Equipo-Logo.jpg\" alt=\"Clutch Gamers Dota 2 eSports Equipo Logo\" \/>\u00a0Clutch Gamers\u00a0\u00a0 <span style=\"background-color: #000000\"><span style=\"color: #3366ff\">\u00a0 2<\/span>\u00a0<span style=\"color: #ffffff\">:<span style=\"color: #ff0000\"> 1 \u00a0<\/span><\/span><\/span><br \/>\n<\/strong><em>25 de mayo, 11:05 PM PDT \/ 2:05 AM EDT \/ 8:05 CEST<\/em><\/p>\n<p><strong>Cuartos de final #4: <img decoding=\"async\" src=\"https:\/\/www.esports-betting.pro\/app\/uploads\/sites\/3\/2015\/12\/Evil-Genius-Team-Logo-Dota2-esports.jpg\" alt=\"Evil Geniuses Team Dota 2 Logo\" \/>\u00a0Evil Geniuses <span style=\"color: #ff0000\">vs.<\/span> <img decoding=\"async\" src=\"https:\/\/www.esports-betting.pro\/app\/uploads\/sites\/3\/2016\/10\/Team-Faceless-Dota-2-Equipo-Logo.jpg\" alt=\"Team Faceless - Equipo Dota 2 Logo\" \/>\u00a0Team Faceless\u00a0\u00a0 <span style=\"background-color: #000000\"><span style=\"color: #3366ff\">\u00a0 2<\/span>\u00a0<span style=\"color: #ffffff\">:<span style=\"color: #ff0000\">\u00a00 \u00a0<\/span><\/span><\/span><br \/>\n<\/strong><em>25 de mayo, 11:05 PM PDT\u00a0\/ 2:05 AM EDT \/ 8:05 CEST<\/em><\/p>\n<p><strong><span style=\"background-color: #333333;color: #ffffff\">Bracket Superior | Semifinales\u00a0<\/span><\/strong><\/p>\n<p><strong>Semifinales #1: <img decoding=\"async\" src=\"https:\/\/www.esports-betting.pro\/app\/uploads\/sites\/3\/2015\/12\/OG-Team-Logo-Dota2-esports.jpg\" alt=\"OG Equipo Dota 2 Logo\" \/>\u00a0OG <span style=\"color: #ff0000\">vs.<\/span> <img decoding=\"async\" src=\"https:\/\/www.esports-betting.pro\/app\/uploads\/sites\/3\/2015\/12\/Newbee-Team-Logo-Dota2-esports.jpg\" alt=\"Newbee Equipo Dota 2 Logo\" \/>\u00a0Newbee\u00a0\u00a0 <span style=\"background-color: #000000\"><span style=\"color: #3366ff\">\u00a0 0<\/span>\u00a0<span style=\"color: #ffffff\">:<span style=\"color: #ff0000\">\u00a02 \u00a0<\/span><\/span><\/span><\/strong><br \/>\n<em>26 de mayo, 02:40 AM\u00a0PDT \/ 05:40 AM EDT \/ 11:40 CEST<\/em><\/p>\n<p><strong>Semifinales #2: <img decoding=\"async\" src=\"https:\/\/www.esports-betting.pro\/app\/uploads\/sites\/3\/2017\/02\/Invictus-Gaming-Dota-2-eSports-Equipo-Logo.jpg\" alt=\"Invictus Gaming Dota 2 eSports Equipo Logo\" \/>\u00a0Invictus Gaming <span style=\"color: #ff0000\">vs.<\/span> <img decoding=\"async\" src=\"https:\/\/www.esports-betting.pro\/app\/uploads\/sites\/3\/2015\/12\/Evil-Genius-Team-Logo-Dota2-esports.jpg\" alt=\"Evil Geniuses Team Dota 2 Logo\" \/>\u00a0Evil Geniuses\u00a0\u00a0 <span style=\"background-color: #000000\"><span style=\"color: #3366ff\">\u00a0 1<\/span>\u00a0<span style=\"color: #ffffff\">:<span style=\"color: #ff0000\">\u00a02 \u00a0<\/span><\/span><\/span><\/strong><br \/>\n<em>26 de mayo, 02:40 AM\u00a0PDT \/ 05:40 AM EDT \/ 11:40 CEST<\/em><\/p>\n<p><strong><span style=\"background-color: #333333;color: #ffffff\">Bracket Superior | Final\u00a0<\/span><\/strong><\/p>\n<p><strong>Final: <img decoding=\"async\" src=\"https:\/\/www.esports-betting.pro\/app\/uploads\/sites\/3\/2015\/12\/Newbee-Team-Logo-Dota2-esports.jpg\" alt=\"Newbee Equipo Dota 2 Logo\" \/>\u00a0Newbee\u00a0<span style=\"color: #ff0000\">vs.<\/span> <img decoding=\"async\" src=\"https:\/\/www.esports-betting.pro\/app\/uploads\/sites\/3\/2015\/12\/Evil-Genius-Team-Logo-Dota2-esports.jpg\" alt=\"Evil Geniuses Team Dota 2 Logo\" \/>\u00a0Evil Geniuses\u00a0\u00a0 <span style=\"background-color: #000000\"><span style=\"color: #3366ff\">\u00a0 2<\/span>\u00a0<span style=\"color: #ffffff\">:<span style=\"color: #ff0000\">\u00a00 \u00a0<\/span><\/span><\/span><br \/>\n<\/strong><em>26 de mayo, 7:30 PM PDT \/ 10:30 PM EDT \/ 4:30 CEST<\/em><\/p>\n<h3>Bracket Inferior<\/h3>\n<p><strong><span style=\"background-color: #333333;color: #ffffff\">Ronda de Perdedores 1\u00a0<\/span><\/strong><\/p>\n<p><strong>Partido #1: <img decoding=\"async\" src=\"https:\/\/www.esports-betting.pro\/app\/uploads\/sites\/3\/2016\/10\/Team-NP-Dota-2-Equipo-Logo.jpg\" alt=\"Team NP - Equipo Dota 2 Logo\" \/>\u00a0Team NP\u00a0<span style=\"color: #ff0000\">vs.<\/span> <img decoding=\"async\" src=\"https:\/\/www.esports-betting.pro\/app\/uploads\/sites\/3\/2015\/12\/Team-Secret-Logo-Dota2-esports.jpg\" alt=\"Team Secret Equipo Dota 2 Logo\" \/>\u00a0Team Secret\u00a0\u00a0 <span style=\"background-color: #000000\"><span style=\"color: #3366ff\">\u00a0 2<\/span>\u00a0<span style=\"color: #ffffff\">:<span style=\"color: #ff0000\">\u00a01 \u00a0<\/span><\/span><\/span><br \/>\n<\/strong><em>26 de mayo, 11:05 PM PDT \/ 2:05 AM EDT \/ 8:05 CEST<\/em><\/p>\n<p><strong>Partido #2: <img decoding=\"async\" src=\"https:\/\/www.esports-betting.pro\/app\/uploads\/sites\/3\/2017\/05\/Clutch-Gamers-Dota-2-eSports-Equipo-Logo.jpg\" alt=\"Clutch Gamers Dota 2 eSports Equipo Logo\" \/>\u00a0Clutch Gamers\u00a0<span style=\"color: #ff0000\">vs.<\/span> <img decoding=\"async\" src=\"https:\/\/www.esports-betting.pro\/app\/uploads\/sites\/3\/2016\/10\/Team-Faceless-Dota-2-Equipo-Logo.jpg\" alt=\"Team Faceless - Equipo Dota 2 Logo\" \/>\u00a0Team Faceless\u00a0 \u00a0<span style=\"background-color: #000000\"><span style=\"color: #3366ff\">\u00a0 0<\/span> <span style=\"color: #ffffff\">:<span style=\"color: #ff0000\"> 2 \u00a0<\/span><\/span><\/span><br \/>\n<\/strong><em>26 de mayo, 11:05 PM PDT\u00a0\/ 2:05 AM EDT \/ 8:05 CEST<\/em><\/p>\n<p><strong><span style=\"background-color: #333333;color: #ffffff\">Ronda de Perdedores 2\u00a0<\/span><\/strong><\/p>\n<p><strong>Partido #1: <img decoding=\"async\" src=\"https:\/\/www.esports-betting.pro\/app\/uploads\/sites\/3\/2017\/02\/Invictus-Gaming-Dota-2-eSports-Equipo-Logo.jpg\" alt=\"Invictus Gaming Dota 2 eSports Equipo Logo\" \/>\u00a0Invictus Gaming <span style=\"color: #ff0000\">vs.<\/span> <img decoding=\"async\" src=\"https:\/\/www.esports-betting.pro\/app\/uploads\/sites\/3\/2016\/10\/Team-NP-Dota-2-Equipo-Logo.jpg\" alt=\"Team NP - Equipo Dota 2 Logo\" \/>\u00a0Team NP\u00a0 \u00a0<span style=\"background-color: #000000\"><span style=\"color: #3366ff\">\u00a0 0<\/span> <span style=\"color: #ffffff\">:<span style=\"color: #ff0000\"> 2 \u00a0<\/span><\/span><\/span><\/strong><br \/>\n<em>27 de mayo, 7:30 PM PDT \/ 10:30 PM EDT \/ 4:30 CEST<\/em><\/p>\n<p><strong>Partido #2: <img decoding=\"async\" src=\"https:\/\/www.esports-betting.pro\/app\/uploads\/sites\/3\/2015\/12\/OG-Team-Logo-Dota2-esports.jpg\" alt=\"OG Equipo Dota 2 Logo\" \/>\u00a0OG <span style=\"color: #ff0000\">vs.<\/span> <img decoding=\"async\" src=\"https:\/\/www.esports-betting.pro\/app\/uploads\/sites\/3\/2016\/10\/Team-Faceless-Dota-2-Equipo-Logo.jpg\" alt=\"Team Faceless - Equipo Dota 2 Logo\" \/>\u00a0Team Faceless\u00a0 \u00a0<span style=\"background-color: #000000\"><span style=\"color: #3366ff\">\u00a0 1<\/span>\u00a0<span style=\"color: #ffffff\">:<span style=\"color: #ff0000\"> 2 \u00a0<\/span><\/span><\/span><\/strong><br \/>\n<em>27 de mayo, 11:05 PM PDT\u00a0\/ 2:05 AM EDT \/ 8:05 CEST<\/em><\/p>\n<p><strong><span style=\"background-color: #333333;color: #ffffff\">Ronda de Perdedores 3\u00a0<\/span><\/strong><\/p>\n<p><strong>Partido #1: <img decoding=\"async\" src=\"https:\/\/www.esports-betting.pro\/app\/uploads\/sites\/3\/2016\/10\/Team-NP-Dota-2-Equipo-Logo.jpg\" alt=\"Team NP - Equipo Dota 2 Logo\" \/>\u00a0Team NP <span style=\"color: #ff0000\">vs.<\/span> <img decoding=\"async\" src=\"https:\/\/www.esports-betting.pro\/app\/uploads\/sites\/3\/2016\/10\/Team-Faceless-Dota-2-Equipo-Logo.jpg\" alt=\"Team Faceless - Equipo Dota 2 Logo\" \/>\u00a0Team Faceless\u00a0\u00a0 <span style=\"background-color: #000000\"><span style=\"color: #3366ff\">\u00a0 2<\/span>\u00a0<span style=\"color: #ffffff\">:<span style=\"color: #ff0000\">\u00a01 \u00a0<\/span><\/span><\/span><\/strong><br \/>\n<em>27 de mayo, 02:40 AM\u00a0PDT \/ 05:40 AM EDT \/ 11:40 CEST<\/em><\/p>\n<p><strong><span style=\"background-color: #333333;color: #ffffff\">Bracket Inferior | Final\u00a0<\/span><\/strong><\/p>\n<p><strong>Final: <img decoding=\"async\" src=\"https:\/\/www.esports-betting.pro\/app\/uploads\/sites\/3\/2015\/12\/Evil-Genius-Team-Logo-Dota2-esports.jpg\" alt=\"Evil Geniuses Team Dota 2 Logo\" \/>\u00a0Evil Geniuses <span style=\"color: #ff0000\">vs.<\/span> <img decoding=\"async\" src=\"https:\/\/www.esports-betting.pro\/app\/uploads\/sites\/3\/2016\/10\/Team-NP-Dota-2-Equipo-Logo.jpg\" alt=\"Team NP - Equipo Dota 2 Logo\" \/>\u00a0Team NP\u00a0\u00a0 <span style=\"background-color: #000000\"><span style=\"color: #3366ff\">\u00a0 2<\/span>\u00a0<span style=\"color: #ffffff\">:<span style=\"color: #ff0000\">\u00a01 \u00a0<\/span><\/span><\/span><br \/>\n<\/strong><em>28 de mayo, 8:30 PM PDT \/ 11:30 PM EDT \/ 5:30 CEST<\/em><\/p>\n<h3>Gran Final<\/h3>\n<p><strong>Gran\u00a0Final: <img decoding=\"async\" src=\"https:\/\/www.esports-betting.pro\/app\/uploads\/sites\/3\/2015\/12\/Newbee-Team-Logo-Dota2-esports.jpg\" alt=\"Newbee Equipo Dota 2 Logo\" \/>\u00a0Newbee <span style=\"color: #ff0000\">vs.<\/span> <img decoding=\"async\" src=\"https:\/\/www.esports-betting.pro\/app\/uploads\/sites\/3\/2015\/12\/Evil-Genius-Team-Logo-Dota2-esports.jpg\" alt=\"Evil Geniuses Team Dota 2 Logo\" \/>\u00a0Evil Geniuses\u00a0 \u00a0<span style=\"background-color: #000000\"><span style=\"color: #3366ff\">\u00a0 1<\/span>\u00a0<span style=\"color: #ffffff\">:<span style=\"color: #ff0000\">\u00a03 \u00a0<\/span><\/span><\/span><br \/>\n<\/strong><em>29 de mayo, 12:05 AM\u00a0PDT \/ 03:05 AM\u00a0EDT \/ 9:05 CEST<\/em><\/p>\n<p><strong>Tambi\u00e9n podr\u00edas estar interesado en:<\/strong><\/p>\n<ul>\n<li><a href=\"https:\/\/www.esports-betting.pro\/es\/dota-2\/manila-masters-2017\/\">Manila Masters 2017 &#8211;\u00a0Informaci\u00f3n del torneo<\/a><\/li>\n<li><a href=\"https:\/\/www.esports-betting.pro\/es\/dota-2\/manila-masters-2017\/cuotas-de-apuestas\/\">Manila Masters 2017 &#8211; Cuotas de apuestas<\/a><\/li>\n<li><a href=\"https:\/\/www.esports-betting.pro\/es\/dota-2\/\">Apuestas en Dota 2<\/a><\/li>\n<\/ul>\n","protected":false},"excerpt":{"rendered":"<p>El Manila Masters 2017 comenzar\u00e1 dentro de poco, exactamente el 26 de mayo. El torneo contar\u00e1 con la modalidad de dos brackets, inferior y superior. Todos los equipos comenzar\u00e1n en el bracker superior e ir\u00e1n al bracket inferior luego de perder un partido. As\u00ed que cada equipo tendr\u00e1 una sola oportunidad si llegan a caer &hellip; <a href=\"https:\/\/www.esports-betting.pro\/es\/dota-2\/manila-masters-2017\/programacion-resultados\/\">Continued<\/a><\/p>\n","protected":false},"author":24,"featured_media":0,"parent":5622,"menu_order":0,"comment_status":"closed","ping_status":"closed","template":"","meta":{"_acf_changed":false,"footnotes":""},"acf":[],"yoast_head":"<!-- This site is optimized with the Yoast SEO plugin v22.6 - https:\/\/yoast.com\/wordpress\/plugins\/seo\/ -->\n<title>Manila Masters 2017 - Programaci\u00f3n y resultado | Torneo de Dota 2<\/title>\n<meta name=\"description\" content=\"Conoce m\u00e1s sobre el horario, programaci\u00f3n, enfrentamientos y m\u00e1s del Manila Masters 2017 en nuestro art\u00edculo de la programaci\u00f3n y resultados.\" \/>\n<meta name=\"robots\" content=\"index, follow, max-snippet:-1, max-image-preview:large, max-video-preview:-1\" \/>\n<link rel=\"canonical\" href=\"https:\/\/www.esports-betting.pro\/es\/dota-2\/manila-masters-2017\/programacion-resultados\/\" \/>\n<meta property=\"og:locale\" content=\"es_ES\" \/>\n<meta property=\"og:type\" content=\"article\" \/>\n<meta property=\"og:title\" content=\"Manila Masters 2017 - Programaci\u00f3n y resultado | Torneo de Dota 2\" \/>\n<meta property=\"og:description\" content=\"Conoce m\u00e1s sobre el horario, programaci\u00f3n, enfrentamientos y m\u00e1s del Manila Masters 2017 en nuestro art\u00edculo de la programaci\u00f3n y resultados.\" \/>\n<meta property=\"og:url\" content=\"https:\/\/www.esports-betting.pro\/es\/dota-2\/manila-masters-2017\/programacion-resultados\/\" \/>\n<meta property=\"og:site_name\" content=\"Esports Betting - ES\" \/>\n<meta name=\"twitter:card\" content=\"summary_large_image\" \/>\n<meta name=\"twitter:image\" content=\"https:\/\/www.esports-betting.pro\/app\/uploads\/sites\/3\/2017\/05\/Manila-Masters-Dota-2-Logo.jpg\" \/>\n<meta name=\"twitter:label1\" content=\"Est. reading time\" \/>\n\t<meta name=\"twitter:data1\" content=\"2 minutos\" \/>\n<script type=\"application\/ld+json\" class=\"yoast-schema-graph\">{\"@context\":\"https:\/\/schema.org\",\"@graph\":[{\"@type\":\"WebPage\",\"@id\":\"https:\/\/www.esports-betting.pro\/es\/dota-2\/manila-masters-2017\/programacion-resultados\/\",\"url\":\"https:\/\/www.esports-betting.pro\/es\/dota-2\/manila-masters-2017\/programacion-resultados\/\",\"name\":\"Manila Masters 2017 - Programaci\u00f3n y resultado | Torneo de Dota 2\",\"isPartOf\":{\"@id\":\"https:\/\/www.esports-betting.pro\/es\/#website\"},\"primaryImageOfPage\":{\"@id\":\"https:\/\/www.esports-betting.pro\/es\/dota-2\/manila-masters-2017\/programacion-resultados\/#primaryimage\"},\"image\":{\"@id\":\"https:\/\/www.esports-betting.pro\/es\/dota-2\/manila-masters-2017\/programacion-resultados\/#primaryimage\"},\"thumbnailUrl\":\"https:\/\/www.esports-betting.pro\/app\/uploads\/sites\/3\/2016\/06\/Dota2-Icono.png\",\"datePublished\":\"2017-05-23T23:21:11+00:00\",\"dateModified\":\"2017-05-23T23:21:11+00:00\",\"description\":\"Conoce m\u00e1s sobre el horario, programaci\u00f3n, enfrentamientos y m\u00e1s del Manila Masters 2017 en nuestro art\u00edculo de la programaci\u00f3n y resultados.\",\"breadcrumb\":{\"@id\":\"https:\/\/www.esports-betting.pro\/es\/dota-2\/manila-masters-2017\/programacion-resultados\/#breadcrumb\"},\"inLanguage\":\"es\",\"potentialAction\":[{\"@type\":\"ReadAction\",\"target\":[\"https:\/\/www.esports-betting.pro\/es\/dota-2\/manila-masters-2017\/programacion-resultados\/\"]}]},{\"@type\":\"ImageObject\",\"inLanguage\":\"es\",\"@id\":\"https:\/\/www.esports-betting.pro\/es\/dota-2\/manila-masters-2017\/programacion-resultados\/#primaryimage\",\"url\":\"https:\/\/www.esports-betting.pro\/app\/uploads\/sites\/3\/2016\/06\/Dota2-Icono.png\",\"contentUrl\":\"https:\/\/www.esports-betting.pro\/app\/uploads\/sites\/3\/2016\/06\/Dota2-Icono.png\"},{\"@type\":\"BreadcrumbList\",\"@id\":\"https:\/\/www.esports-betting.pro\/es\/dota-2\/manila-masters-2017\/programacion-resultados\/#breadcrumb\",\"itemListElement\":[{\"@type\":\"ListItem\",\"position\":1,\"name\":\"Home\",\"item\":\"https:\/\/www.esports-betting.pro\/es\/\"},{\"@type\":\"ListItem\",\"position\":2,\"name\":\"Apuestas en Dota 2 | Sitios de apuestas y cuotas\",\"item\":\"https:\/\/www.esports-betting.pro\/es\/dota-2\/\"},{\"@type\":\"ListItem\",\"position\":3,\"name\":\"Manila Masters 2017 &#8211; Resumen del torneo y cuotas de apuestas\",\"item\":\"https:\/\/www.esports-betting.pro\/es\/dota-2\/manila-masters-2017\/\"},{\"@type\":\"ListItem\",\"position\":4,\"name\":\"Manila Masters 2017 &#8211; Programaci\u00f3n y resultados\"}]},{\"@type\":\"WebSite\",\"@id\":\"https:\/\/www.esports-betting.pro\/es\/#website\",\"url\":\"https:\/\/www.esports-betting.pro\/es\/\",\"name\":\"Esports Betting - ES\",\"description\":\"Just another Esports Betting Sites site\",\"potentialAction\":[{\"@type\":\"SearchAction\",\"target\":{\"@type\":\"EntryPoint\",\"urlTemplate\":\"https:\/\/www.esports-betting.pro\/es\/?s={search_term_string}\"},\"query-input\":\"required name=search_term_string\"}],\"inLanguage\":\"es\"}]}<\/script>\n<!-- \/ Yoast SEO plugin. -->","yoast_head_json":{"title":"Manila Masters 2017 - Programaci\u00f3n y resultado | Torneo de Dota 2","description":"Conoce m\u00e1s sobre el horario, programaci\u00f3n, enfrentamientos y m\u00e1s del Manila Masters 2017 en nuestro art\u00edculo de la programaci\u00f3n y resultados.","robots":{"index":"index","follow":"follow","max-snippet":"max-snippet:-1","max-image-preview":"max-image-preview:large","max-video-preview":"max-video-preview:-1"},"canonical":"https:\/\/www.esports-betting.pro\/es\/dota-2\/manila-masters-2017\/programacion-resultados\/","og_locale":"es_ES","og_type":"article","og_title":"Manila Masters 2017 - Programaci\u00f3n y resultado | Torneo de Dota 2","og_description":"Conoce m\u00e1s sobre el horario, programaci\u00f3n, enfrentamientos y m\u00e1s del Manila Masters 2017 en nuestro art\u00edculo de la programaci\u00f3n y resultados.","og_url":"https:\/\/www.esports-betting.pro\/es\/dota-2\/manila-masters-2017\/programacion-resultados\/","og_site_name":"Esports Betting - ES","twitter_card":"summary_large_image","twitter_image":"https:\/\/www.esports-betting.pro\/app\/uploads\/sites\/3\/2017\/05\/Manila-Masters-Dota-2-Logo.jpg","twitter_misc":{"Est. reading time":"2 minutos"},"schema":{"@context":"https:\/\/schema.org","@graph":[{"@type":"WebPage","@id":"https:\/\/www.esports-betting.pro\/es\/dota-2\/manila-masters-2017\/programacion-resultados\/","url":"https:\/\/www.esports-betting.pro\/es\/dota-2\/manila-masters-2017\/programacion-resultados\/","name":"Manila Masters 2017 - Programaci\u00f3n y resultado | Torneo de Dota 2","isPartOf":{"@id":"https:\/\/www.esports-betting.pro\/es\/#website"},"primaryImageOfPage":{"@id":"https:\/\/www.esports-betting.pro\/es\/dota-2\/manila-masters-2017\/programacion-resultados\/#primaryimage"},"image":{"@id":"https:\/\/www.esports-betting.pro\/es\/dota-2\/manila-masters-2017\/programacion-resultados\/#primaryimage"},"thumbnailUrl":"https:\/\/www.esports-betting.pro\/app\/uploads\/sites\/3\/2016\/06\/Dota2-Icono.png","datePublished":"2017-05-23T23:21:11+00:00","dateModified":"2017-05-23T23:21:11+00:00","description":"Conoce m\u00e1s sobre el horario, programaci\u00f3n, enfrentamientos y m\u00e1s del Manila Masters 2017 en nuestro art\u00edculo de la programaci\u00f3n y resultados.","breadcrumb":{"@id":"https:\/\/www.esports-betting.pro\/es\/dota-2\/manila-masters-2017\/programacion-resultados\/#breadcrumb"},"inLanguage":"es","potentialAction":[{"@type":"ReadAction","target":["https:\/\/www.esports-betting.pro\/es\/dota-2\/manila-masters-2017\/programacion-resultados\/"]}]},{"@type":"ImageObject","inLanguage":"es","@id":"https:\/\/www.esports-betting.pro\/es\/dota-2\/manila-masters-2017\/programacion-resultados\/#primaryimage","url":"https:\/\/www.esports-betting.pro\/app\/uploads\/sites\/3\/2016\/06\/Dota2-Icono.png","contentUrl":"https:\/\/www.esports-betting.pro\/app\/uploads\/sites\/3\/2016\/06\/Dota2-Icono.png"},{"@type":"BreadcrumbList","@id":"https:\/\/www.esports-betting.pro\/es\/dota-2\/manila-masters-2017\/programacion-resultados\/#breadcrumb","itemListElement":[{"@type":"ListItem","position":1,"name":"Home","item":"https:\/\/www.esports-betting.pro\/es\/"},{"@type":"ListItem","position":2,"name":"Apuestas en Dota 2 | Sitios de apuestas y cuotas","item":"https:\/\/www.esports-betting.pro\/es\/dota-2\/"},{"@type":"ListItem","position":3,"name":"Manila Masters 2017 &#8211; Resumen del torneo y cuotas de apuestas","item":"https:\/\/www.esports-betting.pro\/es\/dota-2\/manila-masters-2017\/"},{"@type":"ListItem","position":4,"name":"Manila Masters 2017 &#8211; Programaci\u00f3n y resultados"}]},{"@type":"WebSite","@id":"https:\/\/www.esports-betting.pro\/es\/#website","url":"https:\/\/www.esports-betting.pro\/es\/","name":"Esports Betting - ES","description":"Just another Esports Betting Sites site","potentialAction":[{"@type":"SearchAction","target":{"@type":"EntryPoint","urlTemplate":"https:\/\/www.esports-betting.pro\/es\/?s={search_term_string}"},"query-input":"required name=search_term_string"}],"inLanguage":"es"}]}},"_links":{"self":[{"href":"https:\/\/www.esports-betting.pro\/es\/wp-json\/wp\/v2\/pages\/5937"}],"collection":[{"href":"https:\/\/www.esports-betting.pro\/es\/wp-json\/wp\/v2\/pages"}],"about":[{"href":"https:\/\/www.esports-betting.pro\/es\/wp-json\/wp\/v2\/types\/page"}],"author":[{"embeddable":true,"href":"https:\/\/www.esports-betting.pro\/es\/wp-json\/wp\/v2\/users\/24"}],"replies":[{"embeddable":true,"href":"https:\/\/www.esports-betting.pro\/es\/wp-json\/wp\/v2\/comments?post=5937"}],"version-history":[{"count":0,"href":"https:\/\/www.esports-betting.pro\/es\/wp-json\/wp\/v2\/pages\/5937\/revisions"}],"up":[{"embeddable":true,"href":"https:\/\/www.esports-betting.pro\/es\/wp-json\/wp\/v2\/pages\/5622"}],"wp:attachment":[{"href":"https:\/\/www.esports-betting.pro\/es\/wp-json\/wp\/v2\/media?parent=5937"}],"curies":[{"name":"wp","href":"https:\/\/api.w.org\/{rel}","templated":true}]}}