{"id":5622,"date":"2017-05-07T15:46:57","date_gmt":"2017-05-07T19:46:57","guid":{"rendered":"https:\/\/www.esports-betting.pro\/es\/?page_id=5622"},"modified":"2017-05-07T15:46:57","modified_gmt":"2017-05-07T19:46:57","slug":"manila-masters-2017","status":"publish","type":"page","link":"https:\/\/www.esports-betting.pro\/es\/dota-2\/manila-masters-2017\/","title":{"rendered":"Manila Masters 2017 &#8211; Resumen del torneo y cuotas de apuestas"},"content":{"rendered":"<p style=\"text-align: justify\"><img loading=\"lazy\" decoding=\"async\" class=\"size-full wp-image-5632 alignright\" src=\"https:\/\/www.esports-betting.pro\/app\/uploads\/sites\/3\/2017\/05\/Manila-Masters-Dota-2-Logo.jpg\" alt=\"Manila Masters Dota 2 Logo\" width=\"180\" height=\"148\" \/>El torneo del Manila Masters 2017 comenzar\u00e1 dentro de poco y ser\u00e1 uno de los \u00faltimos torneos antes de que comience el m\u00e1s grande de la temporada: The International (TI7) 2017. Es una gran oportunidad para que los equipos participantes practiquen todas sus estrategias en un torneo real antes de dar lo mejor de s\u00ed mismo en contra de sus adversarios en el TI7. A pesar de que ser\u00e1n 8 equipos participantes en el torneo, no quiere decir que habr\u00e1 menos emoci\u00f3n, al contrario, los equipos son conocidos en la escena profesional de Dota 2, y nombres como: OG, Evil Geniuses, Invictus Gaming, Team Secret y Bewbee estar\u00e1n presentes y ser\u00e1 algo que no podemos perdernos.<\/p>\n<h2><img loading=\"lazy\" decoding=\"async\" class=\"alignnone size-full wp-image-1695\" src=\"https:\/\/www.esports-betting.pro\/app\/uploads\/sites\/3\/2016\/06\/Dota2-Icono.png\" alt=\"Icono Dota 2\" width=\"20\" height=\"20\" \/>\u00a0Manila Masters 2017 | Datos<\/h2>\n<div style=\"float: right;width: 200px;height: 245px;text-align: center\"><strong>Gu\u00eda R\u00e1pida<\/strong><a title=\"No te pierdas la Transmisi\u00f3n en Vivo\" href=\"#TransmisionEnVivo\"><br \/>\n<\/a><a href=\"https:\/\/www.esports-betting.pro\/es\/corredor-de-apuestas\/go_bet365\" target=\"_blank\" rel=\"nofollow noopener noreferrer\"><img loading=\"lazy\" decoding=\"async\" class=\"alignnone wp-image-3608 size-full\" src=\"https:\/\/www.esports-betting.pro\/app\/uploads\/sites\/3\/2017\/01\/Probabilidades-de-Apuestas-Boton.jpg\" alt=\"Probabilidades de Apuestas - Bot\u00f3n\" width=\"180\" height=\"50\" \/><\/a><a href=\"#transmisi\u00f3n\"><img loading=\"lazy\" decoding=\"async\" class=\"alignnone wp-image-1901 size-full\" src=\"https:\/\/www.esports-betting.pro\/app\/uploads\/sites\/3\/2016\/07\/Transmision-en-Vivo-Boton-AP.png\" alt=\"Transmisi\u00f3n en Vivo del Manila Masters 2017!\" width=\"180\" height=\"50\" \/><\/a><br \/>\n<a href=\"https:\/\/www.esports-betting.pro\/es\/corredor-de-apuestas\/go_tipbet\" target=\"_blank\" rel=\"nofollow noopener noreferrer\"><img loading=\"lazy\" decoding=\"async\" class=\"alignnone wp-image-1902 size-full\" src=\"https:\/\/www.esports-betting.pro\/app\/uploads\/sites\/3\/2016\/07\/Apuestas-Especiales-Boton-AP.png\" alt=\"Apuestas Especiales Boton\" width=\"180\" height=\"50\" \/><\/a><\/div>\n<ul>\n<li><strong>Fecha:<\/strong> 26\/05\/2017 &#8211; 28\/05\/2017<\/li>\n<li><strong>Lugar:<\/strong> Manila, Filipinas.<\/li>\n<li><strong>Bolsa de premios:<\/strong> $250,000<\/li>\n<li><strong>Formato:<\/strong>\u00a0a\u00fan por conocer<\/li>\n<li><strong>Participantes:<\/strong> 8\u00a0equipos\n<ul>\n<li>5\u00a0equipos invitados<\/li>\n<li>3 equipos clasificados<\/li>\n<\/ul>\n<\/li>\n<li>Los boletos para el evento est\u00e1n disponibles<\/li>\n<li><a href=\"https:\/\/www.esports-betting.pro\/es\/dota-2\/manila-masters-2017\/cuotas-de-apuestas\/\">Cuotas de apuestas disponibles para todos los partidos<\/a><\/li>\n<li><a href=\"https:\/\/www.esports-betting.pro\/es\/dota-2\/manila-masters-2017\/programacion-resultados\/\">Programaci\u00f3n y resultados del Manila Masters 2017<\/a><\/li>\n<li><a href=\"#transmisi\u00f3n\">Transmisi\u00f3n en vivo disponible para todos los partidos<\/a><\/li>\n<\/ul>\n<h2><img loading=\"lazy\" decoding=\"async\" class=\"alignnone size-full wp-image-1695\" src=\"https:\/\/www.esports-betting.pro\/app\/uploads\/sites\/3\/2016\/06\/Dota2-Icono.png\" alt=\"Icono Dota 2\" width=\"20\" height=\"20\" \/>\u00a0Distribuci\u00f3n de la bolsa de premios<\/h2>\n<div style=\"width: 100%;overflow: auto\">\n<table style=\"font-size: 115%;color: #000000;border: 2px solid black\" width=\"100%\">\n<tbody>\n<tr style=\"background-color: #aeaecb;color: #000000;border: 2px solid black\">\n<td style=\"text-align: center\"><strong>Lugar<\/strong><\/td>\n<td style=\"text-align: center\"><b>Premio en USD<\/b><\/td>\n<td style=\"text-align: center\"><strong>Equipo<\/strong><\/td>\n<\/tr>\n<tr>\n<td style=\"text-align: center\"><strong><img loading=\"lazy\" decoding=\"async\" class=\"alignnone size-full wp-image-3050\" src=\"https:\/\/www.esports-betting.pro\/app\/uploads\/sites\/3\/2016\/10\/Gold-Medal-Icon.jpg\" alt=\"Oro Medalla Icono\" width=\"24\" height=\"24\" \/> Campe\u00f3n<br \/>\n<\/strong><\/td>\n<td style=\"text-align: center\">$ 125,000<\/td>\n<td><strong><img decoding=\"async\" src=\"https:\/\/www.esports-betting.pro\/app\/uploads\/sites\/3\/2015\/12\/Evil-Genius-Team-Logo-Dota2-esports.jpg\" alt=\"Evil Geniuses Team Dota 2 Logo\" \/>\u00a0Evil Geniuses<\/strong><\/td>\n<\/tr>\n<tr>\n<td style=\"text-align: center\"><strong><img loading=\"lazy\" decoding=\"async\" class=\"alignnone size-full wp-image-3052\" src=\"https:\/\/www.esports-betting.pro\/app\/uploads\/sites\/3\/2016\/10\/Silver-Medal-Icon.jpg\" alt=\"Plata Medalla Icono\" width=\"24\" height=\"24\" \/> 2do lugar<br \/>\n<\/strong><\/td>\n<td style=\"text-align: center\">$ 50,000<\/td>\n<td><strong><img decoding=\"async\" src=\"https:\/\/www.esports-betting.pro\/app\/uploads\/sites\/3\/2015\/12\/Newbee-Team-Logo-Dota2-esports.jpg\" alt=\"Newbee Equipo Dota 2 Logo\" \/>\u00a0Newbee<\/strong><\/td>\n<\/tr>\n<tr style=\"vertical-align: middle\">\n<td style=\"text-align: center\" rowspan=\"2\"><strong><img loading=\"lazy\" decoding=\"async\" class=\"alignnone size-full wp-image-3051\" src=\"https:\/\/www.esports-betting.pro\/app\/uploads\/sites\/3\/2016\/10\/Semifinalist-Medal-Icon.jpg\" alt=\"Semifinalistas Medalla Icono\" width=\"24\" height=\"24\" \/><br \/>\n3er-4to<\/strong><\/td>\n<td style=\"text-align: center\" rowspan=\"2\">$ 25,000<\/td>\n<td><strong><img decoding=\"async\" src=\"https:\/\/www.esports-betting.pro\/app\/uploads\/sites\/3\/2016\/10\/Team-NP-Dota-2-Equipo-Logo.jpg\" alt=\"Team NP - Equipo Dota 2 Logo\" \/>\u00a0Team NP<\/strong><\/td>\n<\/tr>\n<tr>\n<td><strong><img loading=\"lazy\" decoding=\"async\" class=\"alignnone size-full wp-image-2989\" src=\"https:\/\/www.esports-betting.pro\/app\/uploads\/sites\/3\/2016\/10\/Team-Faceless-Dota-2-Equipo-Logo.jpg\" alt=\"Team Faceless - Equipo Dota 2 Logo\" width=\"42\" height=\"42\" \/> Team Faceless<\/strong><\/td>\n<\/tr>\n<tr style=\"vertical-align: middle\">\n<td style=\"text-align: center\" rowspan=\"2\"><strong>5to-6to<\/strong><\/td>\n<td style=\"text-align: center\" rowspan=\"2\">$ 10,000<\/td>\n<td><img loading=\"lazy\" decoding=\"async\" class=\"alignnone size-full wp-image-4625\" src=\"https:\/\/www.esports-betting.pro\/app\/uploads\/sites\/3\/2017\/02\/Invictus-Gaming-Dota-2-eSports-Equipo-Logo.jpg\" alt=\"Invictus Gaming Dota 2 eSports Equipo Logo\" width=\"42\" height=\"42\" \/> <strong>Invictus Gaming<\/strong><\/td>\n<\/tr>\n<tr>\n<td><img loading=\"lazy\" decoding=\"async\" class=\"alignnone size-full wp-image-877\" src=\"https:\/\/www.esports-betting.pro\/app\/uploads\/sites\/3\/2015\/12\/OG-Team-Logo-Dota2-esports.jpg\" alt=\"OG Equipo Dota 2 Logo\" width=\"42\" height=\"42\" \/> <strong>OG<\/strong><\/td>\n<\/tr>\n<tr style=\"vertical-align: middle\">\n<td style=\"text-align: center\" rowspan=\"8\"><strong>7mo-8vo<\/strong><\/td>\n<td style=\"text-align: center\" rowspan=\"8\">$ 5,000<\/td>\n<td><img loading=\"lazy\" decoding=\"async\" class=\"alignnone size-full wp-image-879\" src=\"https:\/\/www.esports-betting.pro\/app\/uploads\/sites\/3\/2015\/12\/Team-Secret-Logo-Dota2-esports.jpg\" alt=\"Team Secret Equipo Dota 2 Logo\" width=\"42\" height=\"42\" \/> <strong>Team Secret<\/strong><\/td>\n<\/tr>\n<tr>\n<td><b><img loading=\"lazy\" decoding=\"async\" class=\"alignnone size-full wp-image-5633\" src=\"https:\/\/www.esports-betting.pro\/app\/uploads\/sites\/3\/2017\/05\/Clutch-Gamers-Dota-2-eSports-Equipo-Logo.jpg\" alt=\"Clutch Gamers Dota 2 eSports Equipo Logo\" width=\"42\" height=\"42\" \/>\u00a0Clutch Gamers<\/b><\/td>\n<\/tr>\n<\/tbody>\n<\/table>\n<\/div>\n<h2><img loading=\"lazy\" decoding=\"async\" class=\"alignnone size-full wp-image-1695\" src=\"https:\/\/www.esports-betting.pro\/app\/uploads\/sites\/3\/2016\/06\/Dota2-Icono.png\" alt=\"Icono Dota 2\" width=\"20\" height=\"20\" \/>\u00a0Programaci\u00f3n y resultados<\/h2>\n<p style=\"text-align: justify\">El Masters de Manila contar\u00e1 con un bracket superior e inferior. Todos los equipos comenzar\u00e1n en el bracket superior durante la primera ronda, los perdedores ir\u00e1n al bracket inferior y los ganador avanzar\u00e1n a la siguiente ronda. Cada equipo que caiga en el bracket inferior tendr\u00e1 una oportunidad de continuar en el torneo, si pierden, se ir\u00e1n a casa si el trofeo. Todos los juegos ser\u00e1n en un formato al mejor de 3 a excepci\u00f3n de la gran final la cual ser\u00e1 al mejor de 5. Puedes conocer el <strong><a href=\"https:\/\/www.esports-betting.pro\/es\/dota-2\/manila-masters-2017\/programacion-resultados\/\">cronograma completo y sus resultados aqu\u00ed<\/a><\/strong>.<\/p>\n<p style=\"text-align: justify\"><img loading=\"lazy\" decoding=\"async\" class=\"size-full wp-image-5952 aligncenter\" src=\"https:\/\/www.esports-betting.pro\/app\/uploads\/sites\/3\/2017\/05\/Manila-Masters-2017-Bracket.jpg\" alt=\"Manila Masters 2017 - Bracket Superior e Inferior\" width=\"500\" height=\"409\" \/><\/p>\n<p><strong><span style=\"background-color: #333333;color: #ffffff\">Bracket Inferior | Final\u00a0<\/span><\/strong><\/p>\n<p><strong>Final: <img decoding=\"async\" src=\"https:\/\/www.esports-betting.pro\/app\/uploads\/sites\/3\/2015\/12\/Evil-Genius-Team-Logo-Dota2-esports.jpg\" alt=\"Evil Geniuses Team Dota 2 Logo\" \/>\u00a0Evil Geniuses <span style=\"color: #ff0000\">vs.<\/span> <img decoding=\"async\" src=\"https:\/\/www.esports-betting.pro\/app\/uploads\/sites\/3\/2016\/10\/Team-NP-Dota-2-Equipo-Logo.jpg\" alt=\"Team NP - Equipo Dota 2 Logo\" \/>\u00a0Team NP\u00a0\u00a0 <span style=\"background-color: #000000\"><span style=\"color: #3366ff\">\u00a0 2<\/span>\u00a0<span style=\"color: #ffffff\">:<span style=\"color: #ff0000\">\u00a01 \u00a0<\/span><\/span><\/span><br \/>\n<\/strong><em>28 de mayo, 8:30 PM PDT \/ 11:30 PM EDT \/ 5:30 CEST<\/em><\/p>\n<h3>Gran Final<\/h3>\n<p><strong>Gran\u00a0Final: <img decoding=\"async\" src=\"https:\/\/www.esports-betting.pro\/app\/uploads\/sites\/3\/2015\/12\/Newbee-Team-Logo-Dota2-esports.jpg\" alt=\"Newbee Equipo Dota 2 Logo\" \/>\u00a0Newbee <span style=\"color: #ff0000\">vs.<\/span> <img decoding=\"async\" src=\"https:\/\/www.esports-betting.pro\/app\/uploads\/sites\/3\/2015\/12\/Evil-Genius-Team-Logo-Dota2-esports.jpg\" alt=\"Evil Geniuses Team Dota 2 Logo\" \/>\u00a0Evil Geniuses\u00a0\u00a0 <span style=\"background-color: #000000\"><span style=\"color: #3366ff\">\u00a0 1<\/span>\u00a0<span style=\"color: #ffffff\">:<span style=\"color: #ff0000\">\u00a03 \u00a0<\/span><\/span><\/span><br \/>\n<\/strong><em>29 de mayo, 12:05 AM\u00a0PDT \/ 03:05 AM\u00a0EDT \/ 9:05 CEST<\/em><\/p>\n<h2><img loading=\"lazy\" decoding=\"async\" class=\"alignnone size-full wp-image-1695\" src=\"https:\/\/www.esports-betting.pro\/app\/uploads\/sites\/3\/2016\/06\/Dota2-Icono.png\" alt=\"Icono Dota 2\" width=\"20\" height=\"20\" \/>\u00a0Equipos participantes<strong><br \/>\n<\/strong><\/h2>\n<h3>Equipos Invitados<\/h3>\n<ul>\n<li><img loading=\"lazy\" decoding=\"async\" class=\"alignnone size-full wp-image-871\" src=\"https:\/\/www.esports-betting.pro\/app\/uploads\/sites\/3\/2015\/12\/Evil-Genius-Team-Logo-Dota2-esports.jpg\" alt=\"Evil Geniuses Team Dota 2 Logo\" width=\"42\" height=\"42\" \/> <strong>Evil Geniuses<\/strong>: Arteezy, Suma1L, UNiVeRsE, zai, Cr1t-.<\/li>\n<li><img loading=\"lazy\" decoding=\"async\" class=\"alignnone size-full wp-image-877\" src=\"https:\/\/www.esports-betting.pro\/app\/uploads\/sites\/3\/2015\/12\/OG-Team-Logo-Dota2-esports.jpg\" alt=\"OG Equipo Dota 2 Logo\" width=\"42\" height=\"42\" \/> <strong>OG<\/strong>: N0tail, ana, s4, JerAx, Fly.<\/li>\n<li><img loading=\"lazy\" decoding=\"async\" class=\"alignnone size-full wp-image-876\" src=\"https:\/\/www.esports-betting.pro\/app\/uploads\/sites\/3\/2015\/12\/Newbee-Team-Logo-Dota2-esports.jpg\" alt=\"Newbee Equipo Dota 2 Logo\" width=\"42\" height=\"42\" \/> <strong>Newbee<\/strong>: uuu9, Sccc, kpii, Faith, Kaka.<\/li>\n<li><img loading=\"lazy\" decoding=\"async\" class=\"alignnone size-full wp-image-879\" src=\"https:\/\/www.esports-betting.pro\/app\/uploads\/sites\/3\/2015\/12\/Team-Secret-Logo-Dota2-esports.jpg\" alt=\"Team Secret Equipo Dota 2 Logo\" width=\"42\" height=\"42\" \/> <strong>Team Secret: <\/strong>MP, MidOne, Khezu, Puppey, pieliedie.<\/li>\n<li><img loading=\"lazy\" decoding=\"async\" class=\"alignnone size-full wp-image-2990\" src=\"https:\/\/www.esports-betting.pro\/app\/uploads\/sites\/3\/2016\/10\/Team-NP-Dota-2-Equipo-Logo.jpg\" alt=\"Team NP - Equipo Dota 2 Logo\" width=\"42\" height=\"42\" \/> <strong>Team NP: <\/strong>Aui_2000, EternalEnvy, MSS, TBD, TBD.<\/li>\n<\/ul>\n<h3>Equipos clasificados<\/h3>\n<p><strong>China<\/strong><\/p>\n<ul>\n<li><img loading=\"lazy\" decoding=\"async\" class=\"alignnone size-full wp-image-4625\" src=\"https:\/\/www.esports-betting.pro\/app\/uploads\/sites\/3\/2017\/02\/Invictus-Gaming-Dota-2-eSports-Equipo-Logo.jpg\" alt=\"Invictus Gaming Dota 2 eSports Equipo Logo\" width=\"42\" height=\"42\" \/> <strong>Invictus Gaming: <\/strong>BurNIng, Op, Xxs, BoBoKa, Q.<\/li>\n<\/ul>\n<p><strong>Sudeste asi\u00e1tico<\/strong><\/p>\n<ul>\n<li><strong><img loading=\"lazy\" decoding=\"async\" class=\"alignnone size-full wp-image-2989\" src=\"https:\/\/www.esports-betting.pro\/app\/uploads\/sites\/3\/2016\/10\/Team-Faceless-Dota-2-Equipo-Logo.jpg\" alt=\"Team Faceless - Equipo Dota 2 Logo\" width=\"42\" height=\"42\" \/> Team Faceless<\/strong>: Black^, Jabz, iceiceice, xy-, NutZ.<\/li>\n<\/ul>\n<p><strong>Filipinas<\/strong><\/p>\n<ul>\n<li><b><img loading=\"lazy\" decoding=\"async\" class=\"alignnone size-full wp-image-5633\" src=\"https:\/\/www.esports-betting.pro\/app\/uploads\/sites\/3\/2017\/05\/Clutch-Gamers-Dota-2-eSports-Equipo-Logo.jpg\" alt=\"Clutch Gamers Dota 2 eSports Equipo Logo\" width=\"42\" height=\"42\" \/>\u00a0Clutch Gamers:\u00a0<\/b>Armel,\u00a0Gabbi,\u00a0Rapy,\u00a0Boombacs, flysolo.<\/li>\n<\/ul>\n<h2><img loading=\"lazy\" decoding=\"async\" class=\"alignnone size-full wp-image-1695\" src=\"https:\/\/www.esports-betting.pro\/app\/uploads\/sites\/3\/2016\/06\/Dota2-Icono.png\" alt=\"Icono Dota 2\" width=\"20\" height=\"20\" \/> Manila Masters 2017| Cuotas y apuestas<\/h2>\n<p style=\"text-align: justify\">Bet365, uno de los sitios de apuestas eSports m\u00e1s grande en el mundo ya colocaron sus cuotas de apuestas para el Manila Masters, y es muy probable que otras p\u00e1ginas lo haran. Abajo podr\u00e1s ver las cuotas de apuestas para el <strong>ganador final<\/strong> del Manila Masters 2017.<\/p>\n<p style=\"text-align: center\"><strong>Apuestas de esports \u2013 <a href=\"https:\/\/www.esports-betting.pro\/es\/sitios-apuestas-esports\/bet365-e-sports\/\">Bet365<\/a>:<br \/>\n<a href=\"https:\/\/www.esports-betting.pro\/es\/corredor-de-apuestas\/go_bet365\" target=\"_blank\" rel=\"nofollow noopener noreferrer\"><img loading=\"lazy\" decoding=\"async\" class=\"alignnone wp-image-3507 size-full\" src=\"https:\/\/www.esports-betting.pro\/app\/uploads\/sites\/3\/2017\/01\/Bet365-Banner-Logo.jpg\" alt=\"Bet365 - Banner\" width=\"500\" height=\"50\" \/><img loading=\"lazy\" decoding=\"async\" class=\"alignnone size-full wp-image-5635\" src=\"https:\/\/www.esports-betting.pro\/app\/uploads\/sites\/3\/2017\/05\/Ganador-Final-Manila-Masters-2017-Cuotas-de-Apuestas-en-Bet365.jpg\" alt=\"Ganador Final Manila Masters 2017 Cuotas de Apuestas en Bet365\" width=\"500\" height=\"177\" \/><\/a><\/strong><br \/>\n<em><strong><a href=\"https:\/\/www.esports-betting.pro\/es\/corredor-de-apuestas\/go_bet365\" target=\"_blank\" rel=\"nofollow noopener noreferrer\">Cuotas de Apuestas actuales en bet365<\/a><\/strong><\/em><\/p>\n<p style=\"text-align: center\"><strong><span style=\"color: #65cc33\">BET365<\/span>: Encuentra las apuestas de Dota 2\u00a0en el men\u00fa de la izquierda:<\/strong>\u00a0E-Sports<\/p>\n<h2><img loading=\"lazy\" decoding=\"async\" class=\"alignnone size-full wp-image-1695\" src=\"https:\/\/www.esports-betting.pro\/app\/uploads\/sites\/3\/2016\/06\/Dota2-Icono.png\" alt=\"Icono Dota 2\" width=\"20\" height=\"20\" \/><a id=\"transmisi\u00f3n\"><\/a>\u00a0Transmisi\u00f3n en vivo<\/h2>\n<p><strong>Ingl\u00e9s<\/strong><\/p>\n","protected":false},"excerpt":{"rendered":"<p>El torneo del Manila Masters 2017 comenzar\u00e1 dentro de poco y ser\u00e1 uno de los \u00faltimos torneos antes de que comience el m\u00e1s grande de la temporada: The International (TI7) 2017. Es una gran oportunidad para que los equipos participantes practiquen todas sus estrategias en un torneo real antes de dar lo mejor de s\u00ed &hellip; <a href=\"https:\/\/www.esports-betting.pro\/es\/dota-2\/manila-masters-2017\/\">Continued<\/a><\/p>\n","protected":false},"author":24,"featured_media":0,"parent":13,"menu_order":0,"comment_status":"closed","ping_status":"closed","template":"","meta":{"_acf_changed":false,"footnotes":""},"acf":[],"yoast_head":"<!-- This site is optimized with the Yoast SEO plugin v22.6 - https:\/\/yoast.com\/wordpress\/plugins\/seo\/ -->\n<title>Dota 2 Manila Masters 2017 - Informaci\u00f3n del torneo y cuotas de apuestas<\/title>\n<meta name=\"description\" content=\"El torneo del Manila Masters 2017 de Dota 2 tendr\u00e1 lugar del 26 al 28 de mayo. Lee m\u00e1s acerca de los equipos, cuotas de apuestas, transmisi\u00f3n en vivo y m\u00e1s.\" \/>\n<meta name=\"robots\" content=\"index, follow, max-snippet:-1, max-image-preview:large, max-video-preview:-1\" \/>\n<link rel=\"canonical\" href=\"https:\/\/www.esports-betting.pro\/es\/dota-2\/manila-masters-2017\/\" \/>\n<meta property=\"og:locale\" content=\"es_ES\" \/>\n<meta property=\"og:type\" content=\"article\" \/>\n<meta property=\"og:title\" content=\"Dota 2 Manila Masters 2017 - Informaci\u00f3n del torneo y cuotas de apuestas\" \/>\n<meta property=\"og:description\" content=\"El torneo del Manila Masters 2017 de Dota 2 tendr\u00e1 lugar del 26 al 28 de mayo. Lee m\u00e1s acerca de los equipos, cuotas de apuestas, transmisi\u00f3n en vivo y m\u00e1s.\" \/>\n<meta property=\"og:url\" content=\"https:\/\/www.esports-betting.pro\/es\/dota-2\/manila-masters-2017\/\" \/>\n<meta property=\"og:site_name\" content=\"Esports Betting - ES\" \/>\n<meta property=\"og:image\" content=\"https:\/\/www.esports-betting.pro\/app\/uploads\/sites\/3\/2017\/05\/Manila-Masters-Dota-2-Logo.jpg\" \/>\n<meta name=\"twitter:card\" content=\"summary_large_image\" \/>\n<meta name=\"twitter:label1\" content=\"Est. reading time\" \/>\n\t<meta name=\"twitter:data1\" content=\"2 minutos\" \/>\n<script type=\"application\/ld+json\" class=\"yoast-schema-graph\">{\"@context\":\"https:\/\/schema.org\",\"@graph\":[{\"@type\":\"WebPage\",\"@id\":\"https:\/\/www.esports-betting.pro\/es\/dota-2\/manila-masters-2017\/\",\"url\":\"https:\/\/www.esports-betting.pro\/es\/dota-2\/manila-masters-2017\/\",\"name\":\"Dota 2 Manila Masters 2017 - Informaci\u00f3n del torneo y cuotas de apuestas\",\"isPartOf\":{\"@id\":\"https:\/\/www.esports-betting.pro\/es\/#website\"},\"primaryImageOfPage\":{\"@id\":\"https:\/\/www.esports-betting.pro\/es\/dota-2\/manila-masters-2017\/#primaryimage\"},\"image\":{\"@id\":\"https:\/\/www.esports-betting.pro\/es\/dota-2\/manila-masters-2017\/#primaryimage\"},\"thumbnailUrl\":\"https:\/\/www.esports-betting.pro\/app\/uploads\/sites\/3\/2017\/05\/Manila-Masters-Dota-2-Logo.jpg\",\"datePublished\":\"2017-05-07T19:46:57+00:00\",\"dateModified\":\"2017-05-07T19:46:57+00:00\",\"description\":\"El torneo del Manila Masters 2017 de Dota 2 tendr\u00e1 lugar del 26 al 28 de mayo. Lee m\u00e1s acerca de los equipos, cuotas de apuestas, transmisi\u00f3n en vivo y m\u00e1s.\",\"breadcrumb\":{\"@id\":\"https:\/\/www.esports-betting.pro\/es\/dota-2\/manila-masters-2017\/#breadcrumb\"},\"inLanguage\":\"es\",\"potentialAction\":[{\"@type\":\"ReadAction\",\"target\":[\"https:\/\/www.esports-betting.pro\/es\/dota-2\/manila-masters-2017\/\"]}]},{\"@type\":\"ImageObject\",\"inLanguage\":\"es\",\"@id\":\"https:\/\/www.esports-betting.pro\/es\/dota-2\/manila-masters-2017\/#primaryimage\",\"url\":\"https:\/\/www.esports-betting.pro\/app\/uploads\/sites\/3\/2017\/05\/Manila-Masters-Dota-2-Logo.jpg\",\"contentUrl\":\"https:\/\/www.esports-betting.pro\/app\/uploads\/sites\/3\/2017\/05\/Manila-Masters-Dota-2-Logo.jpg\"},{\"@type\":\"BreadcrumbList\",\"@id\":\"https:\/\/www.esports-betting.pro\/es\/dota-2\/manila-masters-2017\/#breadcrumb\",\"itemListElement\":[{\"@type\":\"ListItem\",\"position\":1,\"name\":\"Home\",\"item\":\"https:\/\/www.esports-betting.pro\/es\/\"},{\"@type\":\"ListItem\",\"position\":2,\"name\":\"Apuestas en Dota 2 | Sitios de apuestas y cuotas\",\"item\":\"https:\/\/www.esports-betting.pro\/es\/dota-2\/\"},{\"@type\":\"ListItem\",\"position\":3,\"name\":\"Manila Masters 2017 &#8211; Resumen del torneo y cuotas de apuestas\"}]},{\"@type\":\"WebSite\",\"@id\":\"https:\/\/www.esports-betting.pro\/es\/#website\",\"url\":\"https:\/\/www.esports-betting.pro\/es\/\",\"name\":\"Esports Betting - ES\",\"description\":\"Just another Esports Betting Sites site\",\"potentialAction\":[{\"@type\":\"SearchAction\",\"target\":{\"@type\":\"EntryPoint\",\"urlTemplate\":\"https:\/\/www.esports-betting.pro\/es\/?s={search_term_string}\"},\"query-input\":\"required name=search_term_string\"}],\"inLanguage\":\"es\"}]}<\/script>\n<!-- \/ Yoast SEO plugin. -->","yoast_head_json":{"title":"Dota 2 Manila Masters 2017 - Informaci\u00f3n del torneo y cuotas de apuestas","description":"El torneo del Manila Masters 2017 de Dota 2 tendr\u00e1 lugar del 26 al 28 de mayo. Lee m\u00e1s acerca de los equipos, cuotas de apuestas, transmisi\u00f3n en vivo y m\u00e1s.","robots":{"index":"index","follow":"follow","max-snippet":"max-snippet:-1","max-image-preview":"max-image-preview:large","max-video-preview":"max-video-preview:-1"},"canonical":"https:\/\/www.esports-betting.pro\/es\/dota-2\/manila-masters-2017\/","og_locale":"es_ES","og_type":"article","og_title":"Dota 2 Manila Masters 2017 - Informaci\u00f3n del torneo y cuotas de apuestas","og_description":"El torneo del Manila Masters 2017 de Dota 2 tendr\u00e1 lugar del 26 al 28 de mayo. Lee m\u00e1s acerca de los equipos, cuotas de apuestas, transmisi\u00f3n en vivo y m\u00e1s.","og_url":"https:\/\/www.esports-betting.pro\/es\/dota-2\/manila-masters-2017\/","og_site_name":"Esports Betting - ES","og_image":[{"url":"https:\/\/www.esports-betting.pro\/app\/uploads\/sites\/3\/2017\/05\/Manila-Masters-Dota-2-Logo.jpg"}],"twitter_card":"summary_large_image","twitter_misc":{"Est. reading time":"2 minutos"},"schema":{"@context":"https:\/\/schema.org","@graph":[{"@type":"WebPage","@id":"https:\/\/www.esports-betting.pro\/es\/dota-2\/manila-masters-2017\/","url":"https:\/\/www.esports-betting.pro\/es\/dota-2\/manila-masters-2017\/","name":"Dota 2 Manila Masters 2017 - Informaci\u00f3n del torneo y cuotas de apuestas","isPartOf":{"@id":"https:\/\/www.esports-betting.pro\/es\/#website"},"primaryImageOfPage":{"@id":"https:\/\/www.esports-betting.pro\/es\/dota-2\/manila-masters-2017\/#primaryimage"},"image":{"@id":"https:\/\/www.esports-betting.pro\/es\/dota-2\/manila-masters-2017\/#primaryimage"},"thumbnailUrl":"https:\/\/www.esports-betting.pro\/app\/uploads\/sites\/3\/2017\/05\/Manila-Masters-Dota-2-Logo.jpg","datePublished":"2017-05-07T19:46:57+00:00","dateModified":"2017-05-07T19:46:57+00:00","description":"El torneo del Manila Masters 2017 de Dota 2 tendr\u00e1 lugar del 26 al 28 de mayo. Lee m\u00e1s acerca de los equipos, cuotas de apuestas, transmisi\u00f3n en vivo y m\u00e1s.","breadcrumb":{"@id":"https:\/\/www.esports-betting.pro\/es\/dota-2\/manila-masters-2017\/#breadcrumb"},"inLanguage":"es","potentialAction":[{"@type":"ReadAction","target":["https:\/\/www.esports-betting.pro\/es\/dota-2\/manila-masters-2017\/"]}]},{"@type":"ImageObject","inLanguage":"es","@id":"https:\/\/www.esports-betting.pro\/es\/dota-2\/manila-masters-2017\/#primaryimage","url":"https:\/\/www.esports-betting.pro\/app\/uploads\/sites\/3\/2017\/05\/Manila-Masters-Dota-2-Logo.jpg","contentUrl":"https:\/\/www.esports-betting.pro\/app\/uploads\/sites\/3\/2017\/05\/Manila-Masters-Dota-2-Logo.jpg"},{"@type":"BreadcrumbList","@id":"https:\/\/www.esports-betting.pro\/es\/dota-2\/manila-masters-2017\/#breadcrumb","itemListElement":[{"@type":"ListItem","position":1,"name":"Home","item":"https:\/\/www.esports-betting.pro\/es\/"},{"@type":"ListItem","position":2,"name":"Apuestas en Dota 2 | Sitios de apuestas y cuotas","item":"https:\/\/www.esports-betting.pro\/es\/dota-2\/"},{"@type":"ListItem","position":3,"name":"Manila Masters 2017 &#8211; Resumen del torneo y cuotas de apuestas"}]},{"@type":"WebSite","@id":"https:\/\/www.esports-betting.pro\/es\/#website","url":"https:\/\/www.esports-betting.pro\/es\/","name":"Esports Betting - ES","description":"Just another Esports Betting Sites site","potentialAction":[{"@type":"SearchAction","target":{"@type":"EntryPoint","urlTemplate":"https:\/\/www.esports-betting.pro\/es\/?s={search_term_string}"},"query-input":"required name=search_term_string"}],"inLanguage":"es"}]}},"_links":{"self":[{"href":"https:\/\/www.esports-betting.pro\/es\/wp-json\/wp\/v2\/pages\/5622"}],"collection":[{"href":"https:\/\/www.esports-betting.pro\/es\/wp-json\/wp\/v2\/pages"}],"about":[{"href":"https:\/\/www.esports-betting.pro\/es\/wp-json\/wp\/v2\/types\/page"}],"author":[{"embeddable":true,"href":"https:\/\/www.esports-betting.pro\/es\/wp-json\/wp\/v2\/users\/24"}],"replies":[{"embeddable":true,"href":"https:\/\/www.esports-betting.pro\/es\/wp-json\/wp\/v2\/comments?post=5622"}],"version-history":[{"count":0,"href":"https:\/\/www.esports-betting.pro\/es\/wp-json\/wp\/v2\/pages\/5622\/revisions"}],"up":[{"embeddable":true,"href":"https:\/\/www.esports-betting.pro\/es\/wp-json\/wp\/v2\/pages\/13"}],"wp:attachment":[{"href":"https:\/\/www.esports-betting.pro\/es\/wp-json\/wp\/v2\/media?parent=5622"}],"curies":[{"name":"wp","href":"https:\/\/api.w.org\/{rel}","templated":true}]}}