{"id":4502,"date":"2017-03-09T13:00:36","date_gmt":"2017-03-09T17:00:36","guid":{"rendered":"https:\/\/www.esports-betting.pro\/es\/?page_id=4502"},"modified":"2017-03-09T13:00:36","modified_gmt":"2017-03-09T17:00:36","slug":"cuotas-de-apuestas","status":"publish","type":"page","link":"https:\/\/www.esports-betting.pro\/es\/dota-2\/major-de-kiev-2017-dota-2\/cuotas-de-apuestas\/","title":{"rendered":"Cuotas de Apuestas &#8211; Kiev Major 2017 Dota 2"},"content":{"rendered":"<p style=\"text-align: justify\">Las clasificatorias para el torneo de <strong><a href=\"https:\/\/www.esports-betting.pro\/es\/dota-2\/major-de-kiev-2017-dota-2\/\">Dota 2 Major de Kiev 2017<\/a><\/strong>\u00a0han comenzado y tendr\u00e1n lugar a partir del 13 de marzo, adem\u00e1s de esto, vemos que las cuotas de apuestas para el Major de Kiev ya est\u00e1n disponibles. Esta es una oportunidad de obtener un puesto en el torneo para aquellos equipos que no fueron invitados directamente por Valve, y para nosotros, de\u00a0poder realizar nuestras apuestas. Los <strong><a href=\"https:\/\/www.esports-betting.pro\/es\/sitios-apuestas-esports\/\">sitios de apuestas eSports<\/a><\/strong> han anunciado las primeras cuotas de apuestas tanto para las clasificatorias y el evento principal del primer torneo Major del 2017. Hay que tomar en cuenta el cambio radical en las mec\u00e1nicas con la nueva versi\u00f3n 7.0x (la versi\u00f3n exacta en la que ser\u00e1 jugada el Major de Kiev a\u00fan se desconoce) y no ser\u00e1 f\u00e1cil determinar qui\u00e9n ser\u00e1 el ganador del Major de Kiev o a qui\u00e9n apostarle. Sin embargo, quienes hayan seguido de cerca la escena competitiva eSports de Dota 2 pueden deducir cu\u00e1les equipos se sienten c\u00f3modos con la versi\u00f3n actual del juego y qu\u00e9 equipos a\u00fan necesitar\u00e1n adaptarse. De cualquier forma, el Kiev Major 2017 ser\u00e1 un torneo emocionante para todos nosotros, los fan\u00e1ticos y los equipos participantes. Sin contar la cuantiosa bolsa de premios para los ganadores, este torneo es un gran indicativo de qu\u00e9 equipos ser\u00e1n invitados por Valve al <strong><a href=\"https:\/\/www.esports-betting.pro\/es\/dota-2\/the-international-2017-ti7\/\">The International 2017<\/a><\/strong>.<\/p>\n<h2><img loading=\"lazy\" decoding=\"async\" class=\"alignnone size-full wp-image-1695\" src=\"https:\/\/www.esports-betting.pro\/app\/uploads\/sites\/3\/2016\/06\/Dota2-Icono.png\" alt=\"Icono Dota 2\" width=\"20\" height=\"20\" \/>\u00a0Cuotas de apuestas para el evento principal del Major de Kiev<\/h2>\n<p style=\"text-align: justify\">Bet365 ya anunci\u00f3 sus cuotas de apuestas y actualmenre ofrece tres diferentes opciones para apostar, v\u00e9amos cada una de ellas, o si prefieres, leer un poco m\u00e1s acerca de las <strong><a href=\"https:\/\/www.esports-betting.pro\/es\/dota-2\/\">apuestas en Dota 2 haz clic aqu\u00ed<\/a><\/strong>.<\/p>\n<p style=\"text-align: center\">\n<h3>Ganador del torneo<\/h3>\n<p style=\"text-align: justify\">Apostar en cu\u00e1l equipo ganar\u00e1 el Major deKiev es una de las apuestas m\u00e1s dif\u00edciles pero una con las cuotas m\u00e1s altas. Para el Major de Kiev, hay tres favoritos: Evil Geniuses, OG y Team Liquid. Sin embargo, esto no significa que el ganador del torneo sea alguno de estos tres, o incluso siquiera que est\u00e9n en la gran final. Y si recuerdan el sorpresivo resultado del <strong><a href=\"https:\/\/www.esports-betting.pro\/es\/dota-2\/boston-major-2016\/\">Major de Boston 2016<\/a><\/strong>, pudimos ver que el equipo de Ad Finem, un equipo que no tuvo buenos resultados antes del evento, logr\u00f3 alcanzar el segundo lugar al perder contra OG en la final.<\/p>\n<p style=\"text-align: center\"><strong>Apuestas eSports\u00a0\u2013\u00a0<a href=\"https:\/\/www.esports-betting.pro\/es\/sitios-apuestas-esports\/bet365-e-sports\/\">Bet365<\/a>:<br \/>\n<a href=\"https:\/\/www.esports-betting.pro\/es\/corredor-de-apuestas\/go_bet365\" target=\"_blank\" rel=\"nofollow noopener noreferrer\"><img loading=\"lazy\" decoding=\"async\" class=\"alignnone wp-image-3507 size-full\" src=\"https:\/\/www.esports-betting.pro\/app\/uploads\/sites\/3\/2017\/01\/Bet365-Banner-Logo.jpg\" alt=\"Bet365 - Banner\" width=\"500\" height=\"50\" \/><img loading=\"lazy\" decoding=\"async\" class=\"alignnone size-full wp-image-4722\" src=\"https:\/\/www.esports-betting.pro\/app\/uploads\/sites\/3\/2017\/03\/Ganador-Final-Major-de-Kiev-2017-Dota-2-Cuotas-de-Apuestas-en-Bet365.jpg\" alt=\"Ganador Final - Major de Kiev 2017 Cuotas de Apuestas en Bet365\" width=\"500\" height=\"300\" \/><\/a><\/strong><br \/>\n<em><strong><a href=\"https:\/\/www.esports-betting.pro\/es\/corredor-de-apuestas\/go_bet365\" target=\"_blank\" rel=\"nofollow noopener noreferrer\">Cuotas\u00a0de Apuestas actuales en Bet365<br \/>\n<\/a><\/strong><\/em><strong><span style=\"color: #65cc33\">BET365<\/span>: Encuentra las apuestas de Dota 2\u00a0en el men\u00fa de la izquierda:<\/strong>\u00a0E-Sports<\/p>\n<h3>Regi\u00f3n del Ganador<\/h3>\n<p style=\"text-align: justify\">Aqu\u00ed tu apuesta ser\u00e1 sobre la regi\u00f3n del ganador, es una apuesta f\u00e1cil, as\u00ed que no importa si el <strong>equipo A<\/strong> o el <strong>equipo B<\/strong> ganen siempre y cuando sean de la regi\u00f3n a la que apostaste. Por otro lado, no podemos estar seguros ya que algunos de los equipos m\u00e1s fuertes en Dota 2 provienen de Europa, China e incluso Norteam\u00e9rica tiene a Evil Geniuses.<\/p>\n<p style=\"text-align: center\"><strong>Apuestas eSports\u00a0\u2013\u00a0<a href=\"https:\/\/www.esports-betting.pro\/es\/sitios-apuestas-esports\/bet365-e-sports\/\">Bet365<\/a>:<br \/>\n<img loading=\"lazy\" decoding=\"async\" class=\"alignnone wp-image-3507 size-full\" src=\"https:\/\/www.esports-betting.pro\/app\/uploads\/sites\/3\/2017\/01\/Bet365-Banner-Logo.jpg\" alt=\"Bet365 - Banner\" width=\"500\" height=\"50\" \/><a href=\"https:\/\/www.esports-betting.pro\/es\/corredor-de-apuestas\/go_bet365\" target=\"_blank\" rel=\"nofollow noopener noreferrer\"><img loading=\"lazy\" decoding=\"async\" class=\"alignnone size-full wp-image-4508\" src=\"https:\/\/www.esports-betting.pro\/app\/uploads\/sites\/3\/2017\/03\/Regi\u00f3n-de-Ganador-Major-de-Kiev-2017-Cuotas-de-Apuestas-en-Bet365.jpg\" alt=\"Regi\u00f3n del Ganador - Major de Kiev 2017 Cuotas de Apuestas en Bet365\" width=\"500\" height=\"146\" \/><\/a><\/strong><em><strong><a href=\"https:\/\/www.esports-betting.pro\/es\/corredor-de-apuestas\/go_bet365\" target=\"_blank\" rel=\"nofollow noopener noreferrer\"><br \/>\n<\/a><\/strong><\/em><strong><span style=\"color: #65cc33\">BET365<\/span>: Encuentra las apuestas de Dota 2\u00a0en el men\u00fa de la izquierda:<\/strong>\u00a0E-Sports<\/p>\n<h3>Llegar\u00e1 a la final<\/h3>\n<p style=\"text-align: justify\">Para esta apuesta puedes colocarla sobre los dos equipos que creas que llegar\u00e1n a la final. Esta es una gran oportunidad de incrementar tus ganancias si aciertas los dos equipos que lleguen a la final. O puedes apostar en tus equipos favoritos y ganar, incluso si pierden la final contra otro equipo.<\/p>\n<p style=\"text-align: center\"><strong>Apuestas eSports\u00a0\u2013\u00a0<a href=\"https:\/\/www.esports-betting.pro\/es\/sitios-apuestas-esports\/bet365-e-sports\/\">Bet365<\/a>:<br \/>\n<img loading=\"lazy\" decoding=\"async\" class=\"alignnone wp-image-3507 size-full\" src=\"https:\/\/www.esports-betting.pro\/app\/uploads\/sites\/3\/2017\/01\/Bet365-Banner-Logo.jpg\" alt=\"Bet365 - Banner\" width=\"500\" height=\"50\" \/><a href=\"https:\/\/www.esports-betting.pro\/es\/corredor-de-apuestas\/go_bet365\" target=\"_blank\" rel=\"nofollow noopener noreferrer\"><img loading=\"lazy\" decoding=\"async\" class=\"alignnone size-full wp-image-4506\" src=\"https:\/\/www.esports-betting.pro\/app\/uploads\/sites\/3\/2017\/03\/Equipo-en-llega-a-la-Final-Major-de-Kiev-2017-Cuotas-de-Apuestas-en-Bet365.jpg\" alt=\"Equipo en llegar a la final - Major de Kiev 2017 Cuotas de Apuestas en Bet365\" width=\"500\" height=\"269\" \/><\/a><\/strong><br \/>\n<em><strong><a href=\"https:\/\/www.esports-betting.pro\/es\/corredor-de-apuestas\/go_bet365\" target=\"_blank\" rel=\"nofollow noopener noreferrer\">Cuotas\u00a0de Apuestas actuales en Bet365<br \/>\n<\/a><\/strong><\/em><strong><span style=\"color: #65cc33\">BET365<\/span>: Encuentra las apuestas de Dota 2\u00a0en el men\u00fa de la izquierda:<\/strong>\u00a0E-Sports<\/p>\n<p><strong>Tambi\u00e9n podr\u00edas estar interesado en:<\/strong><\/p>\n<ul>\n<li><a href=\"https:\/\/www.esports-betting.pro\/es\/dota-2\/major-de-kiev-2017-dota-2\/\">Dota 2 &#8211; Resumen del Major de Kiev 2017<\/a><\/li>\n<li><a href=\"https:\/\/www.esports-betting.pro\/es\/dota-2\/\">Dota 2 &#8211; Sitios de apuestas eSports<\/a><\/li>\n<li><a href=\"https:\/\/www.esports-betting.pro\/es\/dota-2\/the-international-2017-ti7\/\">Dota 2 &#8211; Resumen del The International 2017<\/a><\/li>\n<\/ul>\n<h2><\/h2>\n","protected":false},"excerpt":{"rendered":"<p>Las clasificatorias para el torneo de Dota 2 Major de Kiev 2017\u00a0han comenzado y tendr\u00e1n lugar a partir del 13 de marzo, adem\u00e1s de esto, vemos que las cuotas de apuestas para el Major de Kiev ya est\u00e1n disponibles. Esta es una oportunidad de obtener un puesto en el torneo para aquellos equipos que no &hellip; <a href=\"https:\/\/www.esports-betting.pro\/es\/dota-2\/major-de-kiev-2017-dota-2\/cuotas-de-apuestas\/\">Continued<\/a><\/p>\n","protected":false},"author":24,"featured_media":0,"parent":3697,"menu_order":0,"comment_status":"closed","ping_status":"closed","template":"","meta":{"_acf_changed":false,"footnotes":""},"acf":[],"yoast_head":"<!-- This site is optimized with the Yoast SEO plugin v22.6 - https:\/\/yoast.com\/wordpress\/plugins\/seo\/ -->\n<title>Cuotas de Apuestas - Kiev Major 2017 Dota 2 - Esports Betting - ES<\/title>\n<meta name=\"robots\" content=\"index, follow, max-snippet:-1, max-image-preview:large, max-video-preview:-1\" \/>\n<link rel=\"canonical\" href=\"https:\/\/www.esports-betting.pro\/es\/dota-2\/major-de-kiev-2017-dota-2\/cuotas-de-apuestas\/\" \/>\n<meta property=\"og:locale\" content=\"es_ES\" \/>\n<meta property=\"og:type\" content=\"article\" \/>\n<meta property=\"og:title\" content=\"Cuotas de Apuestas - Kiev Major 2017 Dota 2 - Esports Betting - ES\" \/>\n<meta property=\"og:description\" content=\"Las clasificatorias para el torneo de Dota 2 Major de Kiev 2017\u00a0han comenzado y tendr\u00e1n lugar a partir del 13 de marzo, adem\u00e1s de esto, vemos que las cuotas de apuestas para el Major de Kiev ya est\u00e1n disponibles. Esta es una oportunidad de obtener un puesto en el torneo para aquellos equipos que no &hellip; Continued\" \/>\n<meta property=\"og:url\" content=\"https:\/\/www.esports-betting.pro\/es\/dota-2\/major-de-kiev-2017-dota-2\/cuotas-de-apuestas\/\" \/>\n<meta property=\"og:site_name\" content=\"Esports Betting - ES\" \/>\n<meta name=\"twitter:card\" content=\"summary_large_image\" \/>\n<meta name=\"twitter:image\" content=\"https:\/\/www.esports-betting.pro\/app\/uploads\/sites\/3\/2017\/01\/Dota-2-Kiev-Major-2017-Logo.jpg\" \/>\n<meta name=\"twitter:label1\" content=\"Est. reading time\" \/>\n\t<meta name=\"twitter:data1\" content=\"3 minutos\" \/>\n<script type=\"application\/ld+json\" class=\"yoast-schema-graph\">{\"@context\":\"https:\/\/schema.org\",\"@graph\":[{\"@type\":\"WebPage\",\"@id\":\"https:\/\/www.esports-betting.pro\/es\/dota-2\/major-de-kiev-2017-dota-2\/cuotas-de-apuestas\/\",\"url\":\"https:\/\/www.esports-betting.pro\/es\/dota-2\/major-de-kiev-2017-dota-2\/cuotas-de-apuestas\/\",\"name\":\"Cuotas de Apuestas - Kiev Major 2017 Dota 2 - Esports Betting - ES\",\"isPartOf\":{\"@id\":\"https:\/\/www.esports-betting.pro\/es\/#website\"},\"primaryImageOfPage\":{\"@id\":\"https:\/\/www.esports-betting.pro\/es\/dota-2\/major-de-kiev-2017-dota-2\/cuotas-de-apuestas\/#primaryimage\"},\"image\":{\"@id\":\"https:\/\/www.esports-betting.pro\/es\/dota-2\/major-de-kiev-2017-dota-2\/cuotas-de-apuestas\/#primaryimage\"},\"thumbnailUrl\":\"https:\/\/www.esports-betting.pro\/app\/uploads\/sites\/3\/2016\/06\/Dota2-Icono.png\",\"datePublished\":\"2017-03-09T17:00:36+00:00\",\"dateModified\":\"2017-03-09T17:00:36+00:00\",\"breadcrumb\":{\"@id\":\"https:\/\/www.esports-betting.pro\/es\/dota-2\/major-de-kiev-2017-dota-2\/cuotas-de-apuestas\/#breadcrumb\"},\"inLanguage\":\"es\",\"potentialAction\":[{\"@type\":\"ReadAction\",\"target\":[\"https:\/\/www.esports-betting.pro\/es\/dota-2\/major-de-kiev-2017-dota-2\/cuotas-de-apuestas\/\"]}]},{\"@type\":\"ImageObject\",\"inLanguage\":\"es\",\"@id\":\"https:\/\/www.esports-betting.pro\/es\/dota-2\/major-de-kiev-2017-dota-2\/cuotas-de-apuestas\/#primaryimage\",\"url\":\"https:\/\/www.esports-betting.pro\/app\/uploads\/sites\/3\/2016\/06\/Dota2-Icono.png\",\"contentUrl\":\"https:\/\/www.esports-betting.pro\/app\/uploads\/sites\/3\/2016\/06\/Dota2-Icono.png\"},{\"@type\":\"BreadcrumbList\",\"@id\":\"https:\/\/www.esports-betting.pro\/es\/dota-2\/major-de-kiev-2017-dota-2\/cuotas-de-apuestas\/#breadcrumb\",\"itemListElement\":[{\"@type\":\"ListItem\",\"position\":1,\"name\":\"Home\",\"item\":\"https:\/\/www.esports-betting.pro\/es\/\"},{\"@type\":\"ListItem\",\"position\":2,\"name\":\"Apuestas en Dota 2 | Sitios de apuestas y cuotas\",\"item\":\"https:\/\/www.esports-betting.pro\/es\/dota-2\/\"},{\"@type\":\"ListItem\",\"position\":3,\"name\":\"Dota 2 &#8211; Major de Kiev 2017 | Informaci\u00f3n del torneo y apuestas\",\"item\":\"https:\/\/www.esports-betting.pro\/es\/dota-2\/major-de-kiev-2017-dota-2\/\"},{\"@type\":\"ListItem\",\"position\":4,\"name\":\"Cuotas de Apuestas &#8211; Kiev Major 2017 Dota 2\"}]},{\"@type\":\"WebSite\",\"@id\":\"https:\/\/www.esports-betting.pro\/es\/#website\",\"url\":\"https:\/\/www.esports-betting.pro\/es\/\",\"name\":\"Esports Betting - ES\",\"description\":\"Just another Esports Betting Sites site\",\"potentialAction\":[{\"@type\":\"SearchAction\",\"target\":{\"@type\":\"EntryPoint\",\"urlTemplate\":\"https:\/\/www.esports-betting.pro\/es\/?s={search_term_string}\"},\"query-input\":\"required name=search_term_string\"}],\"inLanguage\":\"es\"}]}<\/script>\n<!-- \/ Yoast SEO plugin. -->","yoast_head_json":{"title":"Cuotas de Apuestas - Kiev Major 2017 Dota 2 - Esports Betting - ES","robots":{"index":"index","follow":"follow","max-snippet":"max-snippet:-1","max-image-preview":"max-image-preview:large","max-video-preview":"max-video-preview:-1"},"canonical":"https:\/\/www.esports-betting.pro\/es\/dota-2\/major-de-kiev-2017-dota-2\/cuotas-de-apuestas\/","og_locale":"es_ES","og_type":"article","og_title":"Cuotas de Apuestas - Kiev Major 2017 Dota 2 - Esports Betting - ES","og_description":"Las clasificatorias para el torneo de Dota 2 Major de Kiev 2017\u00a0han comenzado y tendr\u00e1n lugar a partir del 13 de marzo, adem\u00e1s de esto, vemos que las cuotas de apuestas para el Major de Kiev ya est\u00e1n disponibles. Esta es una oportunidad de obtener un puesto en el torneo para aquellos equipos que no &hellip; Continued","og_url":"https:\/\/www.esports-betting.pro\/es\/dota-2\/major-de-kiev-2017-dota-2\/cuotas-de-apuestas\/","og_site_name":"Esports Betting - ES","twitter_card":"summary_large_image","twitter_image":"https:\/\/www.esports-betting.pro\/app\/uploads\/sites\/3\/2017\/01\/Dota-2-Kiev-Major-2017-Logo.jpg","twitter_misc":{"Est. reading time":"3 minutos"},"schema":{"@context":"https:\/\/schema.org","@graph":[{"@type":"WebPage","@id":"https:\/\/www.esports-betting.pro\/es\/dota-2\/major-de-kiev-2017-dota-2\/cuotas-de-apuestas\/","url":"https:\/\/www.esports-betting.pro\/es\/dota-2\/major-de-kiev-2017-dota-2\/cuotas-de-apuestas\/","name":"Cuotas de Apuestas - Kiev Major 2017 Dota 2 - Esports Betting - ES","isPartOf":{"@id":"https:\/\/www.esports-betting.pro\/es\/#website"},"primaryImageOfPage":{"@id":"https:\/\/www.esports-betting.pro\/es\/dota-2\/major-de-kiev-2017-dota-2\/cuotas-de-apuestas\/#primaryimage"},"image":{"@id":"https:\/\/www.esports-betting.pro\/es\/dota-2\/major-de-kiev-2017-dota-2\/cuotas-de-apuestas\/#primaryimage"},"thumbnailUrl":"https:\/\/www.esports-betting.pro\/app\/uploads\/sites\/3\/2016\/06\/Dota2-Icono.png","datePublished":"2017-03-09T17:00:36+00:00","dateModified":"2017-03-09T17:00:36+00:00","breadcrumb":{"@id":"https:\/\/www.esports-betting.pro\/es\/dota-2\/major-de-kiev-2017-dota-2\/cuotas-de-apuestas\/#breadcrumb"},"inLanguage":"es","potentialAction":[{"@type":"ReadAction","target":["https:\/\/www.esports-betting.pro\/es\/dota-2\/major-de-kiev-2017-dota-2\/cuotas-de-apuestas\/"]}]},{"@type":"ImageObject","inLanguage":"es","@id":"https:\/\/www.esports-betting.pro\/es\/dota-2\/major-de-kiev-2017-dota-2\/cuotas-de-apuestas\/#primaryimage","url":"https:\/\/www.esports-betting.pro\/app\/uploads\/sites\/3\/2016\/06\/Dota2-Icono.png","contentUrl":"https:\/\/www.esports-betting.pro\/app\/uploads\/sites\/3\/2016\/06\/Dota2-Icono.png"},{"@type":"BreadcrumbList","@id":"https:\/\/www.esports-betting.pro\/es\/dota-2\/major-de-kiev-2017-dota-2\/cuotas-de-apuestas\/#breadcrumb","itemListElement":[{"@type":"ListItem","position":1,"name":"Home","item":"https:\/\/www.esports-betting.pro\/es\/"},{"@type":"ListItem","position":2,"name":"Apuestas en Dota 2 | Sitios de apuestas y cuotas","item":"https:\/\/www.esports-betting.pro\/es\/dota-2\/"},{"@type":"ListItem","position":3,"name":"Dota 2 &#8211; Major de Kiev 2017 | Informaci\u00f3n del torneo y apuestas","item":"https:\/\/www.esports-betting.pro\/es\/dota-2\/major-de-kiev-2017-dota-2\/"},{"@type":"ListItem","position":4,"name":"Cuotas de Apuestas &#8211; Kiev Major 2017 Dota 2"}]},{"@type":"WebSite","@id":"https:\/\/www.esports-betting.pro\/es\/#website","url":"https:\/\/www.esports-betting.pro\/es\/","name":"Esports Betting - ES","description":"Just another Esports Betting Sites site","potentialAction":[{"@type":"SearchAction","target":{"@type":"EntryPoint","urlTemplate":"https:\/\/www.esports-betting.pro\/es\/?s={search_term_string}"},"query-input":"required name=search_term_string"}],"inLanguage":"es"}]}},"_links":{"self":[{"href":"https:\/\/www.esports-betting.pro\/es\/wp-json\/wp\/v2\/pages\/4502"}],"collection":[{"href":"https:\/\/www.esports-betting.pro\/es\/wp-json\/wp\/v2\/pages"}],"about":[{"href":"https:\/\/www.esports-betting.pro\/es\/wp-json\/wp\/v2\/types\/page"}],"author":[{"embeddable":true,"href":"https:\/\/www.esports-betting.pro\/es\/wp-json\/wp\/v2\/users\/24"}],"replies":[{"embeddable":true,"href":"https:\/\/www.esports-betting.pro\/es\/wp-json\/wp\/v2\/comments?post=4502"}],"version-history":[{"count":0,"href":"https:\/\/www.esports-betting.pro\/es\/wp-json\/wp\/v2\/pages\/4502\/revisions"}],"up":[{"embeddable":true,"href":"https:\/\/www.esports-betting.pro\/es\/wp-json\/wp\/v2\/pages\/3697"}],"wp:attachment":[{"href":"https:\/\/www.esports-betting.pro\/es\/wp-json\/wp\/v2\/media?parent=4502"}],"curies":[{"name":"wp","href":"https:\/\/api.w.org\/{rel}","templated":true}]}}