{"id":445,"date":"2015-11-03T18:40:28","date_gmt":"2015-11-03T18:40:28","guid":{"rendered":"https:\/\/www.esports-betting.pro\/es\/?page_id=445"},"modified":"2015-11-03T18:40:28","modified_gmt":"2015-11-03T18:40:28","slug":"horarios","status":"publish","type":"page","link":"https:\/\/www.esports-betting.pro\/es\/dota-2\/el-major-de-frankfurt-2015\/horarios\/","title":{"rendered":"Horarios del Major de Frankfurt 2015"},"content":{"rendered":"<p style=\"text-align: justify\">El horario de uno de los torneos de Dota m\u00e1s importantes de este a\u00f1o ya fue anunciado. Constar\u00e1 de dos etapas:<\/p>\n<p style=\"text-align: justify\">Una <strong>etapa de grupos<\/strong> que durar\u00e1 desde el 13 al 14 de noviembre, cuyos juegos empezar\u00e1n entre las 10:30 y las 21:00 (CET) en ambos d\u00edas. Aqu\u00ed se determinar\u00e1n cu\u00e1les equipos quedaran en el cuadro superior o inferior.<\/p>\n<p style=\"text-align: justify\">Los equipos que queden en el cuadro inferior se ir\u00e1n a casa si pierden alg\u00fan enfrentamiento durante el torneo. Los equipos que queden en el cuadro superior pasar\u00e1n al cuadro inferior si pierden, por lo que tienen m\u00e1s oportunidad de finalizar entre los primeros lugares.<\/p>\n<p style=\"text-align: center\"><em><strong>Apuestas en Dota 2\u00a0&#8211; Bet365:<\/strong><\/em><\/p>\n<h2 style=\"text-align: justify\"><a href=\"https:\/\/www.esports-betting.pro\/es\/corredor-de-apuestas\/go_bet365\" target=\"_blank\" rel=\"noopener\"><img loading=\"lazy\" decoding=\"async\" class=\"aligncenter wp-image-63 size-full\" src=\"https:\/\/www.esports-betting.pro\/app\/uploads\/sites\/3\/2015\/08\/Apuestas_eSports_Bet365-banner.jpg\" alt=\"Apuestas eSports Bet365 banner\" width=\"450\" height=\"86\" \/><\/a><\/h2>\n<p style=\"text-align: justify\">Durante el primer d\u00eda de la etapa de grupos se determinar\u00e1n los primeros dos equipos que ir\u00e1n al cuadro superior. El resto se determinar\u00e1 el segundo d\u00eda.<\/p>\n<p style=\"text-align: justify\">El <strong>torneo principal <\/strong>tomar\u00e1 lugar desde el 16 al 21 de noviembre. Todos los juegos empezar\u00e1n a las 10:30 (CET) cada d\u00eda.<\/p>\n<p style=\"text-align: justify\">Los semifinalistas del cuadro superior se conocer\u00e1n durante los tres primeros d\u00edas de torneo. Luego, se enfrentar\u00e1n el viernes 20 por el primer puesto en la final.<\/p>\n<p style=\"text-align: justify\">El finalista proveniente del cuadro inferior ser\u00e1 conocido el mismo d\u00eda de la final, que ser\u00e1 el s\u00e1bado 21.<\/p>\n<p style=\"text-align: justify\">Cabe destacar que la hora de comienzo de los juegos, tanto de la etapa de grupos como la del torneo, puede variar dependiendo de la duraci\u00f3n de los juegos anteriores. Cada juego empezar\u00e1 en cuanto el anterior termine.<\/p>\n<p style=\"text-align: justify\">Recordamos que <a href=\"https:\/\/www.esports-betting.pro\/es\/dota-2\/el-major-de-frankfurt-2015\/\">el Major de Frankfurt<\/a> es uno de los torneos de mayor premiaci\u00f3n. Posee una piscina de premiaci\u00f3n de $3,000,000 y por eso se considera el m\u00e1s importante despu\u00e9s de The International.<\/p>\n<p style=\"text-align: center\"><em><strong>Apuestas en\u00a0Dota 2\u00a0&#8211; PinnacleSports:<\/strong><\/em><\/p>\n<p style=\"text-align: center\"><a href=\"https:\/\/www.esports-betting.pro\/es\/corredor-de-apuestas\/go_pinnacle\" target=\"_blank\" rel=\"noopener\"><img loading=\"lazy\" decoding=\"async\" class=\"aligncenter wp-image-275 size-full\" src=\"https:\/\/www.esports-betting.pro\/app\/uploads\/sites\/3\/2015\/09\/apuestas-esports-pinnaclesports.jpg\" alt=\"apuestas esports pinnaclesports\" width=\"450\" height=\"57\" \/><\/a><\/p>\n<p style=\"text-align: justify\">Este torneo fue anunciado por Valve hace un par de meses y forma parte de una de las cuatro ediciones anuales que prepara la compa\u00f1\u00eda.<\/p>\n","protected":false},"excerpt":{"rendered":"<p>El horario de uno de los torneos de Dota m\u00e1s importantes de este a\u00f1o ya fue anunciado. Constar\u00e1 de dos etapas: Una etapa de grupos que durar\u00e1 desde el 13 al 14 de noviembre, cuyos juegos empezar\u00e1n entre las 10:30 y las 21:00 (CET) en ambos d\u00edas. Aqu\u00ed se determinar\u00e1n cu\u00e1les equipos quedaran en el &hellip; <a href=\"https:\/\/www.esports-betting.pro\/es\/dota-2\/el-major-de-frankfurt-2015\/horarios\/\">Continued<\/a><\/p>\n","protected":false},"author":24,"featured_media":0,"parent":211,"menu_order":0,"comment_status":"closed","ping_status":"closed","template":"","meta":{"_acf_changed":false,"footnotes":""},"acf":[],"yoast_head":"<!-- This site is optimized with the Yoast SEO plugin v22.6 - https:\/\/yoast.com\/wordpress\/plugins\/seo\/ -->\n<title>Horarios del Major de Frankfurt 2015<\/title>\n<meta name=\"description\" content=\"Horarios Major de Frankfurt: El horario de uno de los torneos de Dota m\u00e1s importantes de este a\u00f1o ya fue anunciado. Conoce m\u00e1s!\" \/>\n<meta name=\"robots\" content=\"index, follow, max-snippet:-1, max-image-preview:large, max-video-preview:-1\" \/>\n<link rel=\"canonical\" href=\"https:\/\/www.esports-betting.pro\/es\/dota-2\/el-major-de-frankfurt-2015\/horarios\/\" \/>\n<meta property=\"og:locale\" content=\"es_ES\" \/>\n<meta property=\"og:type\" content=\"article\" \/>\n<meta property=\"og:title\" content=\"Horarios del Major de Frankfurt 2015\" \/>\n<meta property=\"og:description\" content=\"Horarios Major de Frankfurt: El horario de uno de los torneos de Dota m\u00e1s importantes de este a\u00f1o ya fue anunciado. Conoce m\u00e1s!\" \/>\n<meta property=\"og:url\" content=\"https:\/\/www.esports-betting.pro\/es\/dota-2\/el-major-de-frankfurt-2015\/horarios\/\" \/>\n<meta property=\"og:site_name\" content=\"Esports Betting - ES\" \/>\n<meta property=\"og:image\" content=\"https:\/\/www.esports-betting.pro\/app\/uploads\/sites\/3\/2015\/08\/Apuestas_eSports_Bet365-banner.jpg\" \/>\n<meta name=\"twitter:card\" content=\"summary_large_image\" \/>\n<meta name=\"twitter:label1\" content=\"Est. reading time\" \/>\n\t<meta name=\"twitter:data1\" content=\"2 minutos\" \/>\n<script type=\"application\/ld+json\" class=\"yoast-schema-graph\">{\"@context\":\"https:\/\/schema.org\",\"@graph\":[{\"@type\":\"WebPage\",\"@id\":\"https:\/\/www.esports-betting.pro\/es\/dota-2\/el-major-de-frankfurt-2015\/horarios\/\",\"url\":\"https:\/\/www.esports-betting.pro\/es\/dota-2\/el-major-de-frankfurt-2015\/horarios\/\",\"name\":\"Horarios del Major de Frankfurt 2015\",\"isPartOf\":{\"@id\":\"https:\/\/www.esports-betting.pro\/es\/#website\"},\"primaryImageOfPage\":{\"@id\":\"https:\/\/www.esports-betting.pro\/es\/dota-2\/el-major-de-frankfurt-2015\/horarios\/#primaryimage\"},\"image\":{\"@id\":\"https:\/\/www.esports-betting.pro\/es\/dota-2\/el-major-de-frankfurt-2015\/horarios\/#primaryimage\"},\"thumbnailUrl\":\"https:\/\/www.esports-betting.pro\/app\/uploads\/sites\/3\/2015\/08\/Apuestas_eSports_Bet365-banner.jpg\",\"datePublished\":\"2015-11-03T18:40:28+00:00\",\"dateModified\":\"2015-11-03T18:40:28+00:00\",\"description\":\"Horarios Major de Frankfurt: El horario de uno de los torneos de Dota m\u00e1s importantes de este a\u00f1o ya fue anunciado. Conoce m\u00e1s!\",\"breadcrumb\":{\"@id\":\"https:\/\/www.esports-betting.pro\/es\/dota-2\/el-major-de-frankfurt-2015\/horarios\/#breadcrumb\"},\"inLanguage\":\"es\",\"potentialAction\":[{\"@type\":\"ReadAction\",\"target\":[\"https:\/\/www.esports-betting.pro\/es\/dota-2\/el-major-de-frankfurt-2015\/horarios\/\"]}]},{\"@type\":\"ImageObject\",\"inLanguage\":\"es\",\"@id\":\"https:\/\/www.esports-betting.pro\/es\/dota-2\/el-major-de-frankfurt-2015\/horarios\/#primaryimage\",\"url\":\"https:\/\/www.esports-betting.pro\/app\/uploads\/sites\/3\/2015\/08\/Apuestas_eSports_Bet365-banner.jpg\",\"contentUrl\":\"https:\/\/www.esports-betting.pro\/app\/uploads\/sites\/3\/2015\/08\/Apuestas_eSports_Bet365-banner.jpg\"},{\"@type\":\"BreadcrumbList\",\"@id\":\"https:\/\/www.esports-betting.pro\/es\/dota-2\/el-major-de-frankfurt-2015\/horarios\/#breadcrumb\",\"itemListElement\":[{\"@type\":\"ListItem\",\"position\":1,\"name\":\"Home\",\"item\":\"https:\/\/www.esports-betting.pro\/es\/\"},{\"@type\":\"ListItem\",\"position\":2,\"name\":\"Apuestas en Dota 2 | Sitios de apuestas y cuotas\",\"item\":\"https:\/\/www.esports-betting.pro\/es\/dota-2\/\"},{\"@type\":\"ListItem\",\"position\":3,\"name\":\"El Major de Frankfurt 2015 | Dota 2\",\"item\":\"https:\/\/www.esports-betting.pro\/es\/dota-2\/el-major-de-frankfurt-2015\/\"},{\"@type\":\"ListItem\",\"position\":4,\"name\":\"Horarios del Major de Frankfurt 2015\"}]},{\"@type\":\"WebSite\",\"@id\":\"https:\/\/www.esports-betting.pro\/es\/#website\",\"url\":\"https:\/\/www.esports-betting.pro\/es\/\",\"name\":\"Esports Betting - ES\",\"description\":\"Just another Esports Betting Sites site\",\"potentialAction\":[{\"@type\":\"SearchAction\",\"target\":{\"@type\":\"EntryPoint\",\"urlTemplate\":\"https:\/\/www.esports-betting.pro\/es\/?s={search_term_string}\"},\"query-input\":\"required name=search_term_string\"}],\"inLanguage\":\"es\"}]}<\/script>\n<!-- \/ Yoast SEO plugin. -->","yoast_head_json":{"title":"Horarios del Major de Frankfurt 2015","description":"Horarios Major de Frankfurt: El horario de uno de los torneos de Dota m\u00e1s importantes de este a\u00f1o ya fue anunciado. Conoce m\u00e1s!","robots":{"index":"index","follow":"follow","max-snippet":"max-snippet:-1","max-image-preview":"max-image-preview:large","max-video-preview":"max-video-preview:-1"},"canonical":"https:\/\/www.esports-betting.pro\/es\/dota-2\/el-major-de-frankfurt-2015\/horarios\/","og_locale":"es_ES","og_type":"article","og_title":"Horarios del Major de Frankfurt 2015","og_description":"Horarios Major de Frankfurt: El horario de uno de los torneos de Dota m\u00e1s importantes de este a\u00f1o ya fue anunciado. Conoce m\u00e1s!","og_url":"https:\/\/www.esports-betting.pro\/es\/dota-2\/el-major-de-frankfurt-2015\/horarios\/","og_site_name":"Esports Betting - ES","og_image":[{"url":"https:\/\/www.esports-betting.pro\/app\/uploads\/sites\/3\/2015\/08\/Apuestas_eSports_Bet365-banner.jpg"}],"twitter_card":"summary_large_image","twitter_misc":{"Est. reading time":"2 minutos"},"schema":{"@context":"https:\/\/schema.org","@graph":[{"@type":"WebPage","@id":"https:\/\/www.esports-betting.pro\/es\/dota-2\/el-major-de-frankfurt-2015\/horarios\/","url":"https:\/\/www.esports-betting.pro\/es\/dota-2\/el-major-de-frankfurt-2015\/horarios\/","name":"Horarios del Major de Frankfurt 2015","isPartOf":{"@id":"https:\/\/www.esports-betting.pro\/es\/#website"},"primaryImageOfPage":{"@id":"https:\/\/www.esports-betting.pro\/es\/dota-2\/el-major-de-frankfurt-2015\/horarios\/#primaryimage"},"image":{"@id":"https:\/\/www.esports-betting.pro\/es\/dota-2\/el-major-de-frankfurt-2015\/horarios\/#primaryimage"},"thumbnailUrl":"https:\/\/www.esports-betting.pro\/app\/uploads\/sites\/3\/2015\/08\/Apuestas_eSports_Bet365-banner.jpg","datePublished":"2015-11-03T18:40:28+00:00","dateModified":"2015-11-03T18:40:28+00:00","description":"Horarios Major de Frankfurt: El horario de uno de los torneos de Dota m\u00e1s importantes de este a\u00f1o ya fue anunciado. Conoce m\u00e1s!","breadcrumb":{"@id":"https:\/\/www.esports-betting.pro\/es\/dota-2\/el-major-de-frankfurt-2015\/horarios\/#breadcrumb"},"inLanguage":"es","potentialAction":[{"@type":"ReadAction","target":["https:\/\/www.esports-betting.pro\/es\/dota-2\/el-major-de-frankfurt-2015\/horarios\/"]}]},{"@type":"ImageObject","inLanguage":"es","@id":"https:\/\/www.esports-betting.pro\/es\/dota-2\/el-major-de-frankfurt-2015\/horarios\/#primaryimage","url":"https:\/\/www.esports-betting.pro\/app\/uploads\/sites\/3\/2015\/08\/Apuestas_eSports_Bet365-banner.jpg","contentUrl":"https:\/\/www.esports-betting.pro\/app\/uploads\/sites\/3\/2015\/08\/Apuestas_eSports_Bet365-banner.jpg"},{"@type":"BreadcrumbList","@id":"https:\/\/www.esports-betting.pro\/es\/dota-2\/el-major-de-frankfurt-2015\/horarios\/#breadcrumb","itemListElement":[{"@type":"ListItem","position":1,"name":"Home","item":"https:\/\/www.esports-betting.pro\/es\/"},{"@type":"ListItem","position":2,"name":"Apuestas en Dota 2 | Sitios de apuestas y cuotas","item":"https:\/\/www.esports-betting.pro\/es\/dota-2\/"},{"@type":"ListItem","position":3,"name":"El Major de Frankfurt 2015 | Dota 2","item":"https:\/\/www.esports-betting.pro\/es\/dota-2\/el-major-de-frankfurt-2015\/"},{"@type":"ListItem","position":4,"name":"Horarios del Major de Frankfurt 2015"}]},{"@type":"WebSite","@id":"https:\/\/www.esports-betting.pro\/es\/#website","url":"https:\/\/www.esports-betting.pro\/es\/","name":"Esports Betting - ES","description":"Just another Esports Betting Sites site","potentialAction":[{"@type":"SearchAction","target":{"@type":"EntryPoint","urlTemplate":"https:\/\/www.esports-betting.pro\/es\/?s={search_term_string}"},"query-input":"required name=search_term_string"}],"inLanguage":"es"}]}},"_links":{"self":[{"href":"https:\/\/www.esports-betting.pro\/es\/wp-json\/wp\/v2\/pages\/445"}],"collection":[{"href":"https:\/\/www.esports-betting.pro\/es\/wp-json\/wp\/v2\/pages"}],"about":[{"href":"https:\/\/www.esports-betting.pro\/es\/wp-json\/wp\/v2\/types\/page"}],"author":[{"embeddable":true,"href":"https:\/\/www.esports-betting.pro\/es\/wp-json\/wp\/v2\/users\/24"}],"replies":[{"embeddable":true,"href":"https:\/\/www.esports-betting.pro\/es\/wp-json\/wp\/v2\/comments?post=445"}],"version-history":[{"count":0,"href":"https:\/\/www.esports-betting.pro\/es\/wp-json\/wp\/v2\/pages\/445\/revisions"}],"up":[{"embeddable":true,"href":"https:\/\/www.esports-betting.pro\/es\/wp-json\/wp\/v2\/pages\/211"}],"wp:attachment":[{"href":"https:\/\/www.esports-betting.pro\/es\/wp-json\/wp\/v2\/media?parent=445"}],"curies":[{"name":"wp","href":"https:\/\/api.w.org\/{rel}","templated":true}]}}