{"id":4109,"date":"2017-02-16T23:28:03","date_gmt":"2017-02-17T03:28:03","guid":{"rendered":"https:\/\/www.esports-betting.pro\/es\/?page_id=4109"},"modified":"2022-08-31T12:52:59","modified_gmt":"2022-08-31T12:52:59","slug":"hots","status":"publish","type":"page","link":"https:\/\/www.esports-betting.pro\/es\/hots\/","title":{"rendered":"Sitios de apuestas para Heroes of the Storm | Apuestas en HotS en el 2019"},"content":{"rendered":"<p><img loading=\"lazy\" decoding=\"async\" class=\"size-full wp-image-14557 aligncenter\" src=\"https:\/\/www.esports-betting.pro\/app\/uploads\/sites\/3\/2018\/12\/heroes-of-the-storm-apuestas-esports-imagen.jpg\" alt=\"heroes of the storm apuestas esport imagen\" width=\"800\" height=\"191\" \/><\/p>\n<p style=\"text-align: center;\">\/p><\/p>\n<p style=\"text-align: justify;\">Con Heroes of the Storm (HotS, para abreviar), Blizzard le dio un nuevo aire al g\u00e9nero de los MOBAs en 2015 y r\u00e1pidamente desarroll\u00f3 un juego de fantas\u00eda variado y orientado a la acci\u00f3n que se basa en los universos de sus propios juegos, <strong><a href=\"https:\/\/www.esports-betting.pro\/es\/world-of-warcraft-wow\/\">Warcraft<\/a><\/strong>, <strong>StarCraft<\/strong> y Diablo. No pas\u00f3 mucho tiempo hasta que los primeros corredores de <strong><a href=\"https:\/\/www.esports-betting.pro\/es\/\">apuestas eSport<\/a><\/strong> de HotS salieran al mercado. Para los reci\u00e9n llegados, describiremos el juego en general. Tambi\u00e9n presentamos a nuestros 3 mejores corredores de apuestas eSports para HotS y echaremos un vistazo a los mercados de apuestas. \u00a1Divi\u00e9rtete leyendo nuestra rese\u00f1a!<\/p>\n<h2>\u00bfQu\u00e9 es Heroes of the Storm? Tambi\u00e9n llamado HotS<\/h2>\n<div class=\"title-line\">\n<div class=\"icon\"><\/div>\n<div class=\"fullWidth-line\"><\/div>\n<\/div>\n<p><img loading=\"lazy\" decoding=\"async\" class=\"size-full wp-image-14558 aligncenter\" src=\"https:\/\/www.esports-betting.pro\/app\/uploads\/sites\/3\/2018\/12\/heroes-of-the-storm-esports-imagen.jpg\" alt=\"Heroes of the Storm eSports Apuestas Imagen\" width=\"800\" height=\"208\" \/><\/p>\n<p style=\"text-align: justify;\">Las similitudes con otros grandes juegos del g\u00e9nero MOBA son inevitables, pero Heroes of the Storm tiene su propia raz\u00f3n de ser. Hay tres carriles en los que vasallos y h\u00e9roes intentar\u00e1n paso a paso hacer una gran diferencia con League of Legends o DotA 2, esta es la omisi\u00f3n de un sistema de tiendas. Esto significa que no se pueden comprar equipos o pociones de curaci\u00f3n en el \u00e1rea del spa. La acci\u00f3n est\u00e1 dise\u00f1ada \u00fanicamente para las habilidades y la interacci\u00f3n y esto tambi\u00e9n se puede sentir en la velocidad del juego. Adem\u00e1s, los puntos de experiencia recibidos se acreditan siempre a todo el equipo. Cuanto m\u00e1s alto sea el nivel, m\u00e1s habilidades se desbloquear\u00e1n.<\/p>\n<p style=\"text-align: justify;\">HotS hace uso de todo tipo de campos de batalla, donde cada uno de estos tiene eventos at\u00edpicamente diferentes. As\u00ed que, siempre hay una posibilidad de inclinar el juego con la ayuda de los eventos, adem\u00e1s del enfoque convencional de ganar el juego.<\/p>\n<h2>Los 3 mejores proveedores de apuestas eSport para HotS<\/h2>\n<div class=\"title-line\">\n<div class=\"icon\"><\/div>\n<div class=\"fullWidth-line\"><\/div>\n<\/div>\n<p style=\"text-align: justify;\">A continuaci\u00f3n, le presentamos a las 3 mejores <strong><a href=\"https:\/\/www.esports-betting.pro\/es\/sitios-apuestas-esports-2\/\">casas de apuestas eSport<\/a><\/strong> de Heroes of the Storm. En general, los corredores de apuestas comparten el mismo nivel de cuotas, pero especialmente en las apuestas del Ganador del torneo, vale la pena comparar las cuotas con las de la competencia. Pero las apuestas especiales, como las de <strong>Bet365<\/strong>, tambi\u00e9n tienen su propio atractivo, as\u00ed como ventajas sobre las dem\u00e1s. Encuentra m\u00e1s informaci\u00f3n sobre las apuestas eSport aqu\u00ed.<\/p>\n<p style=\"text-align: center;\">\n<p style=\"text-align: justify;\"><em>\u201cHora de inicio mostrada en: GMT o GMT +1 durante el horario de verano. Cuotas de apuestas presentadas por Bet365.\u00a0<strong><a title=\"Bet365 \u2013 Rese\u00f1a de apuestas eSports\" href=\"https:\/\/www.esports-betting.pro\/es\/sitios-apuestas-esports\/bet365-e-sports\/\">Lee m\u00e1s acercas de las apuestas en los eSports en Bet365.<\/a><\/strong><\/em>\u00a0<em><strong>Atencion<\/strong>: Las cuotas mostradas son s\u00f3lo orientativas y est\u00e1n sujetas a cambios desde bet365. Por favor, compruebe las cuotas en el sitio bet365 antes de realizar cualquier apuesta.<\/em><\/p>\n<p style=\"text-align: justify;\">Mientras tanto, consulta nuestra gu\u00eda de la <strong><a href=\"https:\/\/www.esports-betting.pro\/es\/academia-de-apuestas\/\">academia de apuestas Esports<\/a><\/strong> sobre algunas frases de las apuestas Esports que deber\u00edas conocer.<\/p>\n<p style=\"text-align: center;\">\/p><\/p>\n<h2>Torneos actuales de HotS \u2013 Heroes Global Championship<\/h2>\n<div class=\"title-line\">\n<div class=\"icon\"><\/div>\n<div class=\"fullWidth-line\"><\/div>\n<\/div>\n<p><img loading=\"lazy\" decoding=\"async\" class=\"size-full wp-image-14559 aligncenter\" src=\"https:\/\/www.esports-betting.pro\/app\/uploads\/sites\/3\/2018\/12\/heroes-of-the-storm-imagen-apuestas-esports.jpg\" alt=\"heroes of he storm imagen apuestas esports\" width=\"700\" height=\"176\" \/><\/p>\n<p style=\"text-align: justify;\">Una vez al a\u00f1o, se celebran los grandes torneos de los juegos llenos de acci\u00f3n de Blizzard. El Campeonato Mundial de Heroes of the Storm se lleva a cabo en la convenci\u00f3n interna de la BlizzCon, donde las cuatro mejores regiones compiten entre s\u00ed. La edici\u00f3n 2018 del Campeonato Mundial la gan\u00f3 a Gen.G., con un mill\u00f3n de d\u00f3lares en premios.<\/p>\n<ul>\n<li style=\"text-align: justify;\"><strong>Regi\u00f3n Oeste<\/strong>: Representado por equipos de Europa y Norteam\u00e9rica.<\/li>\n<li style=\"text-align: justify;\"><strong>Regi\u00f3n Este<\/strong>: la Regi\u00f3n Este est\u00e1 formada por equipos de China y Corea del Sur.<\/li>\n<\/ul>\n<p style=\"text-align: justify;\">Pero tambi\u00e9n hay que elogiar la actitud de los organizadores de permitir que todas las regiones del mundo participen al organizar un torneo para regiones m\u00e1s peque\u00f1as (Am\u00e9rica Latina, CIS). Este torneo menor tambi\u00e9n se llevar\u00e1 a cabo en la BlizzCon y contar\u00e1 con un sutil premio en dinero.<\/p>\n<h2>\u00bfQu\u00e9 tipo de mercados de apuestas est\u00e1n disponibles?<\/h2>\n<p style=\"text-align: justify;\">Para encontrar los corredores de apuestas para cualquier apuesta, tienes que echar un vistazo m\u00e1s de cerca. Pero cuando se realiza la feria interna de Blizzard, la BlizzCon, donde se celebran el Heroes Global Championship de Heroes of the Storm, las apuestas ofrecidas se disparan.<\/p>\n<p style=\"text-align: justify;\">Los tipos de apuestas siguen siendo bastante fieles a la norma<\/p>\n<ul>\n<li style=\"text-align: justify;\"><strong>Apuestas del ganador y el perdedor<\/strong>: al igual que con el ganador del torneo final, no hay nada especial y extenso. Sin embargo, en HotS nunca es seguro a qu\u00e9 equipo apostar su dinero, ya que sus diferentes mapas siempre son buenos para una sorpresa. Sin embargo, los conocedores de la escena dan a sus favoritos una voz que se ha ido cristalizando desde el lanzamiento del juego en 2015. Al principio, el juego estaba dominado por equipos estadounidenses, pero ahora Corea del Sur con el General G. tambi\u00e9n est\u00e1 entre los primeros puestos.<\/li>\n<li style=\"text-align: justify;\"><strong>Apuestas de la regi\u00f3n de la ganadora<\/strong>: aqu\u00ed, solo tienes que determinar la regi\u00f3n del equipo que ganar\u00e1 el torneo. Por supuesto, las apuestas son un poco m\u00e1s peque\u00f1as que las cl\u00e1sicas apuestas ganadoras.<\/li>\n<li style=\"text-align: justify;\"><strong>Apuestas especiales<\/strong>: hay varias apuestas especiales para Heroes of the Storm. Puedes apostar por los monstruos \u00e9picos o por el primer derramamiento de sangre.<\/li>\n<\/ul>\n<p><img loading=\"lazy\" decoding=\"async\" class=\"size-full wp-image-14560 aligncenter\" src=\"https:\/\/www.esports-betting.pro\/app\/uploads\/sites\/3\/2018\/12\/heroes-of-the-storm-apuestas-esports-image.jpg\" alt=\"Heroes of the Storm Apuestas eSports Imagen\" width=\"700\" height=\"184\" \/><\/p>\n<h2>Nuestros consejos para hacer las apuestas eSport de Heroes of the Storm<\/h2>\n<p style=\"text-align: justify;\">Nada puede salir mal con nuestros consejos para que realices tu primera apuesta. El juego entrar\u00e1 en la cuarta temporada eSport competitiva en 2019 y ha obtenido un car\u00e1cter eSport mucho m\u00e1s alto despu\u00e9s de la gran actualizaci\u00f3n de 2017. De los expertos en juegos, HotS 2.0 suaviz\u00f3 bastante los bordes de la tabla de selecci\u00f3n de campeones. Como en todos los juegos competitivos, el enfoque debe estar en la habilidad del jugador, ya que algunas estrategias simplemente tienen demasiadas fortalezas. Por lo tanto, nuestros 3 consejos de apuestas son:<\/p>\n<ul>\n<li style=\"text-align: justify;\">An\u00e1lisis de jugadores y equipos: tenemos que admitir que puedes encontrar menos informaci\u00f3n sobre HotS que sobre otros juegos. No obstante, las estad\u00edsticas sobre las plataformas relevantes (como Liquipedia) se mantienen meticulosamente. Aqu\u00ed debes informarte sobre los \u00faltimos 5 juegos de tu favorito.<\/li>\n<li style=\"text-align: justify;\">Cambio de versiones (parches): aunque los jugadores profesionales pueden jugar con varios campeones normalmente, los pros suelen referirse a una lista regular. \u00bfQuiz\u00e1s el campe\u00f3n favorito del equipo favorito es peor que otros actualmente? Sin lugar a dudas, esta es informaci\u00f3n importante para el resultado del juego y debe ser considerada para realizar la apuesta.<\/li>\n<\/ul>\n<h2>Tabla comparativa de los 5 mejores corredores de apuestas<\/h2>\n<div class=\"title-line\">\n<div class=\"icon\"><\/div>\n<div class=\"fullWidth-line\"><\/div>\n<\/div>\n<p style=\"text-align: center;\">[comparison_table count=5 game_count=10]<\/p>\n","protected":false},"excerpt":{"rendered":"<p>\/p> Con Heroes of the Storm (HotS, para abreviar), Blizzard le dio un nuevo aire al g\u00e9nero de los MOBAs en 2015 y r\u00e1pidamente desarroll\u00f3 un juego de fantas\u00eda variado y orientado a la acci\u00f3n que se basa en los universos de sus propios juegos, Warcraft, StarCraft y Diablo. No pas\u00f3 mucho tiempo hasta que &hellip; <a href=\"https:\/\/www.esports-betting.pro\/es\/hots\/\">Continued<\/a><\/p>\n","protected":false},"author":24,"featured_media":0,"parent":0,"menu_order":0,"comment_status":"closed","ping_status":"closed","template":"","meta":{"_acf_changed":false,"footnotes":""},"acf":[],"yoast_head":"<!-- This site is optimized with the Yoast SEO plugin v22.6 - https:\/\/yoast.com\/wordpress\/plugins\/seo\/ -->\n<title>Apuestas en Heroes of the Storm en el 2026 - C\u00f3mo y d\u00f3nde apostar<\/title>\n<meta name=\"description\" content=\"C\u00f3mo y d\u00f3nde apostar en HOTS eSports. Las mejores casas de apuestas y la informaci\u00f3n m\u00e1s fiable. Adem\u00e1s, las mejores cuotas y predicciones, s\u00f3lo aqu\u00ed.\" \/>\n<meta name=\"robots\" content=\"index, follow, max-snippet:-1, max-image-preview:large, max-video-preview:-1\" \/>\n<link rel=\"canonical\" href=\"https:\/\/www.esports-betting.pro\/es\/hots\/\" \/>\n<meta property=\"og:locale\" content=\"es_ES\" \/>\n<meta property=\"og:type\" content=\"article\" \/>\n<meta property=\"og:title\" content=\"Apuestas en Heroes of the Storm en el 2026 - C\u00f3mo y d\u00f3nde apostar\" \/>\n<meta property=\"og:description\" content=\"C\u00f3mo y d\u00f3nde apostar en HOTS eSports. Las mejores casas de apuestas y la informaci\u00f3n m\u00e1s fiable. Adem\u00e1s, las mejores cuotas y predicciones, s\u00f3lo aqu\u00ed.\" \/>\n<meta property=\"og:url\" content=\"https:\/\/www.esports-betting.pro\/es\/hots\/\" \/>\n<meta property=\"og:site_name\" content=\"Esports Betting - ES\" \/>\n<meta property=\"article:modified_time\" content=\"2022-08-31T12:52:59+00:00\" \/>\n<meta property=\"og:image\" content=\"https:\/\/www.esports-betting.pro\/app\/uploads\/sites\/3\/2018\/12\/heroes-of-the-storm-apuestas-esports-imagen.jpg\" \/>\n<meta name=\"twitter:card\" content=\"summary_large_image\" \/>\n<meta name=\"twitter:label1\" content=\"Est. reading time\" \/>\n\t<meta name=\"twitter:data1\" content=\"6 minutos\" \/>\n<script type=\"application\/ld+json\" class=\"yoast-schema-graph\">{\"@context\":\"https:\/\/schema.org\",\"@graph\":[{\"@type\":\"WebPage\",\"@id\":\"https:\/\/www.esports-betting.pro\/es\/hots\/\",\"url\":\"https:\/\/www.esports-betting.pro\/es\/hots\/\",\"name\":\"Apuestas en Heroes of the Storm en el 2026 - C\u00f3mo y d\u00f3nde apostar\",\"isPartOf\":{\"@id\":\"https:\/\/www.esports-betting.pro\/es\/#website\"},\"primaryImageOfPage\":{\"@id\":\"https:\/\/www.esports-betting.pro\/es\/hots\/#primaryimage\"},\"image\":{\"@id\":\"https:\/\/www.esports-betting.pro\/es\/hots\/#primaryimage\"},\"thumbnailUrl\":\"https:\/\/www.esports-betting.pro\/app\/uploads\/sites\/3\/2018\/12\/heroes-of-the-storm-apuestas-esports-imagen.jpg\",\"datePublished\":\"2017-02-17T03:28:03+00:00\",\"dateModified\":\"2022-08-31T12:52:59+00:00\",\"description\":\"C\u00f3mo y d\u00f3nde apostar en HOTS eSports. Las mejores casas de apuestas y la informaci\u00f3n m\u00e1s fiable. Adem\u00e1s, las mejores cuotas y predicciones, s\u00f3lo aqu\u00ed.\",\"breadcrumb\":{\"@id\":\"https:\/\/www.esports-betting.pro\/es\/hots\/#breadcrumb\"},\"inLanguage\":\"es\",\"potentialAction\":[{\"@type\":\"ReadAction\",\"target\":[\"https:\/\/www.esports-betting.pro\/es\/hots\/\"]}]},{\"@type\":\"ImageObject\",\"inLanguage\":\"es\",\"@id\":\"https:\/\/www.esports-betting.pro\/es\/hots\/#primaryimage\",\"url\":\"https:\/\/www.esports-betting.pro\/app\/uploads\/sites\/3\/2018\/12\/heroes-of-the-storm-apuestas-esports-imagen.jpg\",\"contentUrl\":\"https:\/\/www.esports-betting.pro\/app\/uploads\/sites\/3\/2018\/12\/heroes-of-the-storm-apuestas-esports-imagen.jpg\"},{\"@type\":\"BreadcrumbList\",\"@id\":\"https:\/\/www.esports-betting.pro\/es\/hots\/#breadcrumb\",\"itemListElement\":[{\"@type\":\"ListItem\",\"position\":1,\"name\":\"Home\",\"item\":\"https:\/\/www.esports-betting.pro\/es\/\"},{\"@type\":\"ListItem\",\"position\":2,\"name\":\"Sitios de apuestas para Heroes of the Storm | Apuestas en HotS en el 2019\"}]},{\"@type\":\"WebSite\",\"@id\":\"https:\/\/www.esports-betting.pro\/es\/#website\",\"url\":\"https:\/\/www.esports-betting.pro\/es\/\",\"name\":\"Esports Betting - ES\",\"description\":\"Just another Esports Betting Sites site\",\"potentialAction\":[{\"@type\":\"SearchAction\",\"target\":{\"@type\":\"EntryPoint\",\"urlTemplate\":\"https:\/\/www.esports-betting.pro\/es\/?s={search_term_string}\"},\"query-input\":\"required name=search_term_string\"}],\"inLanguage\":\"es\"}]}<\/script>\n<!-- \/ Yoast SEO plugin. -->","yoast_head_json":{"title":"Apuestas en Heroes of the Storm en el 2026 - C\u00f3mo y d\u00f3nde apostar","description":"C\u00f3mo y d\u00f3nde apostar en HOTS eSports. Las mejores casas de apuestas y la informaci\u00f3n m\u00e1s fiable. Adem\u00e1s, las mejores cuotas y predicciones, s\u00f3lo aqu\u00ed.","robots":{"index":"index","follow":"follow","max-snippet":"max-snippet:-1","max-image-preview":"max-image-preview:large","max-video-preview":"max-video-preview:-1"},"canonical":"https:\/\/www.esports-betting.pro\/es\/hots\/","og_locale":"es_ES","og_type":"article","og_title":"Apuestas en Heroes of the Storm en el 2026 - C\u00f3mo y d\u00f3nde apostar","og_description":"C\u00f3mo y d\u00f3nde apostar en HOTS eSports. Las mejores casas de apuestas y la informaci\u00f3n m\u00e1s fiable. Adem\u00e1s, las mejores cuotas y predicciones, s\u00f3lo aqu\u00ed.","og_url":"https:\/\/www.esports-betting.pro\/es\/hots\/","og_site_name":"Esports Betting - ES","article_modified_time":"2022-08-31T12:52:59+00:00","og_image":[{"url":"https:\/\/www.esports-betting.pro\/app\/uploads\/sites\/3\/2018\/12\/heroes-of-the-storm-apuestas-esports-imagen.jpg"}],"twitter_card":"summary_large_image","twitter_misc":{"Est. reading time":"6 minutos"},"schema":{"@context":"https:\/\/schema.org","@graph":[{"@type":"WebPage","@id":"https:\/\/www.esports-betting.pro\/es\/hots\/","url":"https:\/\/www.esports-betting.pro\/es\/hots\/","name":"Apuestas en Heroes of the Storm en el 2026 - C\u00f3mo y d\u00f3nde apostar","isPartOf":{"@id":"https:\/\/www.esports-betting.pro\/es\/#website"},"primaryImageOfPage":{"@id":"https:\/\/www.esports-betting.pro\/es\/hots\/#primaryimage"},"image":{"@id":"https:\/\/www.esports-betting.pro\/es\/hots\/#primaryimage"},"thumbnailUrl":"https:\/\/www.esports-betting.pro\/app\/uploads\/sites\/3\/2018\/12\/heroes-of-the-storm-apuestas-esports-imagen.jpg","datePublished":"2017-02-17T03:28:03+00:00","dateModified":"2022-08-31T12:52:59+00:00","description":"C\u00f3mo y d\u00f3nde apostar en HOTS eSports. Las mejores casas de apuestas y la informaci\u00f3n m\u00e1s fiable. Adem\u00e1s, las mejores cuotas y predicciones, s\u00f3lo aqu\u00ed.","breadcrumb":{"@id":"https:\/\/www.esports-betting.pro\/es\/hots\/#breadcrumb"},"inLanguage":"es","potentialAction":[{"@type":"ReadAction","target":["https:\/\/www.esports-betting.pro\/es\/hots\/"]}]},{"@type":"ImageObject","inLanguage":"es","@id":"https:\/\/www.esports-betting.pro\/es\/hots\/#primaryimage","url":"https:\/\/www.esports-betting.pro\/app\/uploads\/sites\/3\/2018\/12\/heroes-of-the-storm-apuestas-esports-imagen.jpg","contentUrl":"https:\/\/www.esports-betting.pro\/app\/uploads\/sites\/3\/2018\/12\/heroes-of-the-storm-apuestas-esports-imagen.jpg"},{"@type":"BreadcrumbList","@id":"https:\/\/www.esports-betting.pro\/es\/hots\/#breadcrumb","itemListElement":[{"@type":"ListItem","position":1,"name":"Home","item":"https:\/\/www.esports-betting.pro\/es\/"},{"@type":"ListItem","position":2,"name":"Sitios de apuestas para Heroes of the Storm | Apuestas en HotS en el 2019"}]},{"@type":"WebSite","@id":"https:\/\/www.esports-betting.pro\/es\/#website","url":"https:\/\/www.esports-betting.pro\/es\/","name":"Esports Betting - ES","description":"Just another Esports Betting Sites site","potentialAction":[{"@type":"SearchAction","target":{"@type":"EntryPoint","urlTemplate":"https:\/\/www.esports-betting.pro\/es\/?s={search_term_string}"},"query-input":"required name=search_term_string"}],"inLanguage":"es"}]}},"_links":{"self":[{"href":"https:\/\/www.esports-betting.pro\/es\/wp-json\/wp\/v2\/pages\/4109"}],"collection":[{"href":"https:\/\/www.esports-betting.pro\/es\/wp-json\/wp\/v2\/pages"}],"about":[{"href":"https:\/\/www.esports-betting.pro\/es\/wp-json\/wp\/v2\/types\/page"}],"author":[{"embeddable":true,"href":"https:\/\/www.esports-betting.pro\/es\/wp-json\/wp\/v2\/users\/24"}],"replies":[{"embeddable":true,"href":"https:\/\/www.esports-betting.pro\/es\/wp-json\/wp\/v2\/comments?post=4109"}],"version-history":[{"count":2,"href":"https:\/\/www.esports-betting.pro\/es\/wp-json\/wp\/v2\/pages\/4109\/revisions"}],"predecessor-version":[{"id":51426,"href":"https:\/\/www.esports-betting.pro\/es\/wp-json\/wp\/v2\/pages\/4109\/revisions\/51426"}],"wp:attachment":[{"href":"https:\/\/www.esports-betting.pro\/es\/wp-json\/wp\/v2\/media?parent=4109"}],"curies":[{"name":"wp","href":"https:\/\/api.w.org\/{rel}","templated":true}]}}