{"id":3952,"date":"2017-02-07T22:37:42","date_gmt":"2017-02-08T02:37:42","guid":{"rendered":"https:\/\/www.esports-betting.pro\/es\/?page_id=3952"},"modified":"2022-09-02T07:24:57","modified_gmt":"2022-09-02T07:24:57","slug":"smite","status":"publish","type":"page","link":"https:\/\/www.esports-betting.pro\/es\/smite\/","title":{"rendered":"Apuestas de Smite | Apuestas y corredores de apuestas para Smite"},"content":{"rendered":"<p style=\"text-align: justify\"><img loading=\"lazy\" decoding=\"async\" class=\"size-full wp-image-3954 alignright\" src=\"https:\/\/www.esports-betting.pro\/app\/uploads\/sites\/3\/2017\/02\/Smite-Logo.jpg\" alt=\"Smite - Logo\" width=\"250\" height=\"83\" \/>Smite es un juego gratis de estrategia y acci\u00f3n en tiempo real publicado por Hi-Rez Studio. En el 2015 la bolsa de premios del Campeonato Mundial de Smite excedi\u00f3 los 2,5 millones de d\u00f3lares, lo que es bastante sorprendente pues el juego fue lanzado en marzo del 2014 para PC. A diferencia de otros MOBA, Smite muestra el juego en perspectiva de tercera persona. Si quieres una probada de c\u00f3mo se ve Smite, \u00e9chale un vistazo al \u00a0video aqu\u00ed debajo.<\/p>\n<h2>Sitios de apuestas para Smite | Corredores de apuestas<\/h2>\n<p style=\"text-align: justify\">Por el momento solo hay un sitio de apuestas en eSports que ofrece l\u00edneas y probabilidades para las partidas competitivas de Smite: egamingbets. Esto no es ning\u00fan misterio pues Smite es un juego bastante nuevo comparado con juegos como Dota o League of Legends, y adem\u00e1s no hay verdaderas ligas competitivas. Egamingbets introdujo apuestas para el primer Campeonato Mundial de Smite, que sucedi\u00f3 entre el 7 de enero y el 9 de enero del 2015. Puedes encontrar m\u00e1s sobre egamingbets en nuestra rese\u00f1a sobre su p\u00e1gina web. Puedes encontrar m\u00e1s sobre el Campeonato Mundial de Smite en el sitio web de eSports hireztudios.com. En el 2016 Bet365 a\u00f1adi\u00f3 apuestas para Smite en su mercado de apuestas en l\u00ednea.<\/p>\n<h2>Cuotas de apuestas para los pr\u00f3ximos Torneos de\u00a0Smite<\/h2>\n<p style=\"text-align: justify;font-size: 75%\"><em>&#8220;Hora de inicio mostrada en: GMT o GMT +1 durante el horario de verano. Cuotas de apuestas presentadas por Bet365. <a title=\"Bet365 \u2013 Rese\u00f1a de apuestas eSports\" href=\"https:\/\/www.esports-betting.pro\/es\/sitios-apuestas-esports\/bet365-e-sports\/\">Lee m\u00e1s acercas de las apuestas en los eSports en Bet365<\/a><\/em><\/p>\n<p style=\"text-align: justify\"><em><strong>Atencion<\/strong>: Las cuotas mostradas son s\u00f3lo orientativas y est\u00e1n sujetas a cambios desde bet365. Por favor, compruebe las cuotas en el sitio bet365 antes de realizar cualquier apuesta.<\/em><\/p>\n<h2>Transmisi\u00f3n en vivo Smite<\/h2>\n<p style=\"text-align: justify\">Puedes ver la transmisi\u00f3n de Smite en Twitch o aqu\u00ed en nuestro sitio web. S\u00f3lo haz clic en \u201creproducir\u201d para ver la transmisi\u00f3n y divertirte con las partidas<\/p>\n<h3>Jugabilidad de Smite<\/h3>\n<p style=\"text-align: justify\"><strong>Todos los juegos con mercados de <a href=\"https:\/\/www.esports-betting.pro\/es\/\">apuestas Esports<\/a><\/strong><\/p>\n<p style=\"text-align: left\"><a href=\"https:\/\/www.esports-betting.pro\/es\/league-of-legends-lol\/\"><img loading=\"lazy\" decoding=\"async\" class=\"alignnone size-full wp-image-4144\" src=\"https:\/\/www.esports-betting.pro\/app\/uploads\/sites\/3\/2017\/02\/League-of-Legends-\u00cdcono-Peque\u00f1o.jpg\" alt=\"League of Legends - \u00cdcono\" width=\"40\" height=\"40\" \/><\/a>\u00a0\u00a0\u00a0<a href=\"https:\/\/www.esports-betting.pro\/es\/dota-2\/\"><img loading=\"lazy\" decoding=\"async\" class=\"alignnone size-full wp-image-4140\" src=\"https:\/\/www.esports-betting.pro\/app\/uploads\/sites\/3\/2017\/02\/Dota-2-\u00cdcono-Peque\u00f1o-1.jpg\" alt=\"Dota 2 - \u00cdcono\" width=\"40\" height=\"40\" \/><\/a>\u00a0\u00a0\u00a0<a href=\"https:\/\/www.esports-betting.pro\/es\/counter-strike-csgo\/\"><img loading=\"lazy\" decoding=\"async\" class=\"alignnone size-full wp-image-4139\" src=\"https:\/\/www.esports-betting.pro\/app\/uploads\/sites\/3\/2017\/02\/CSGO-\u00cdcono-Peque\u00f1o-1.jpg\" alt=\"CSGO - \u00cdcono\" width=\"40\" height=\"40\" \/><\/a>\u00a0\u00a0\u00a0<a href=\"https:\/\/www.esports-betting.pro\/es\/starcraft-2\/\"><img loading=\"lazy\" decoding=\"async\" class=\"alignnone size-full wp-image-4147\" src=\"https:\/\/www.esports-betting.pro\/app\/uploads\/sites\/3\/2017\/02\/Starcraft-2-\u00cdcono-Peque\u00f1o-1.jpg\" alt=\"Starcraft 2 - \u00cdcono\" width=\"40\" height=\"40\" \/><\/a>\u00a0\u00a0\u00a0<a href=\"https:\/\/www.esports-betting.pro\/es\/hearthstone\/\"><img loading=\"lazy\" decoding=\"async\" class=\"alignnone size-full wp-image-4142\" src=\"https:\/\/www.esports-betting.pro\/app\/uploads\/sites\/3\/2017\/02\/Hearthstone-\u00cdcono-Peque\u00f1o-1.jpg\" alt=\"Hearthstone - \u00cdcono\" width=\"40\" height=\"40\" \/><\/a>\u00a0\u00a0\u00a0<a href=\"https:\/\/www.esports-betting.pro\/es\/hots\/\"><img loading=\"lazy\" decoding=\"async\" class=\"alignnone size-full wp-image-4143\" src=\"https:\/\/www.esports-betting.pro\/app\/uploads\/sites\/3\/2017\/02\/Heroes-Of-The-Storm-\u00cdcono-Peque\u00f1o-1.jpg\" alt=\"Heroes of the Storm - \u00cdcono\" width=\"40\" height=\"40\" \/><\/a>\u00a0 \u00a0<a href=\"https:\/\/www.esports-betting.pro\/es\/overwatch\/\"><img loading=\"lazy\" decoding=\"async\" class=\"alignnone size-full wp-image-4145\" src=\"https:\/\/www.esports-betting.pro\/app\/uploads\/sites\/3\/2017\/02\/Overwatch-\u00cdcono-Peque\u00f1o-1.jpg\" alt=\"Overwatch - \u00cdcono\" width=\"40\" height=\"40\" \/><\/a>\u00a0\u00a0\u00a0<a href=\"https:\/\/www.esports-betting.pro\/es\/fifa\/\"><img loading=\"lazy\" decoding=\"async\" class=\"alignnone size-full wp-image-4141\" src=\"https:\/\/www.esports-betting.pro\/app\/uploads\/sites\/3\/2017\/02\/FIFA-17-Icon-1.jpg\" alt=\"FIFA 17 - \u00cdcono\" width=\"40\" height=\"40\" \/><\/a>\u00a0 \u00a0<a href=\"https:\/\/www.esports-betting.pro\/es\/pubg\/\"><img loading=\"lazy\" decoding=\"async\" class=\"alignnone wp-image-8342 size-full\" src=\"https:\/\/www.esports-betting.pro\/app\/uploads\/sites\/3\/2015\/07\/PlayersUnknown-Battleground-Icon.jpg\" alt=\"PlayersUnknown Battlegrounds Icon\" width=\"40\" height=\"40\" \/><\/a>\u00a0 \u00a0<a href=\"https:\/\/www.esports-betting.pro\/es\/world-of-tanks\/\"><img loading=\"lazy\" decoding=\"async\" class=\"alignnone size-full wp-image-10067\" src=\"https:\/\/www.esports-betting.pro\/app\/uploads\/sites\/3\/2017\/11\/World-of-Tanks-Icono-Sidebar.jpg\" alt=\"World of Tanks Icon\" width=\"40\" height=\"40\" \/><\/a>\u00a0 \u00a0<a href=\"https:\/\/www.esports-betting.pro\/es\/halo-5\/\"><img loading=\"lazy\" decoding=\"async\" class=\"alignnone wp-image-10110 size-full\" src=\"https:\/\/www.esports-betting.pro\/app\/uploads\/sites\/3\/2017\/11\/Halo-5-Esports-Icono.jpg\" alt=\"Halo 5 Icono\" width=\"40\" height=\"40\" \/><\/a>\u00a0 \u00a0<a href=\"https:\/\/www.esports-betting.pro\/es\/street-fighter-sfv\/\"><img loading=\"lazy\" decoding=\"async\" class=\"alignnone size-full wp-image-10318\" src=\"https:\/\/www.esports-betting.pro\/app\/uploads\/sites\/3\/2017\/12\/Street-Fighter-V-Sidebar-Icon.jpg\" alt=\"Street Fighter V Icono\" width=\"40\" height=\"40\" \/><\/a><\/p>\n","protected":false},"excerpt":{"rendered":"<p>Smite es un juego gratis de estrategia y acci\u00f3n en tiempo real publicado por Hi-Rez Studio. En el 2015 la bolsa de premios del Campeonato Mundial de Smite excedi\u00f3 los 2,5 millones de d\u00f3lares, lo que es bastante sorprendente pues el juego fue lanzado en marzo del 2014 para PC. A diferencia de otros MOBA, &hellip; <a href=\"https:\/\/www.esports-betting.pro\/es\/smite\/\">Continued<\/a><\/p>\n","protected":false},"author":24,"featured_media":0,"parent":0,"menu_order":0,"comment_status":"closed","ping_status":"closed","template":"","meta":{"_acf_changed":false,"footnotes":""},"acf":[],"yoast_head":"<!-- This site is optimized with the Yoast SEO plugin v22.6 - https:\/\/yoast.com\/wordpress\/plugins\/seo\/ -->\n<title>Apostar a Smite | C\u00f3mo y d\u00f3nde apostar a Smite eSports<\/title>\n<meta name=\"description\" content=\"Conoce d\u00f3nde puedes realizar tus apuestas en los torneos eSports de Smite. Descubre m\u00e1s acerca de las apuestas, bonos, cuotas, torneos y promociones.\" \/>\n<meta name=\"robots\" content=\"index, follow, max-snippet:-1, max-image-preview:large, max-video-preview:-1\" \/>\n<link rel=\"canonical\" href=\"https:\/\/www.esports-betting.pro\/es\/smite\/\" \/>\n<meta property=\"og:locale\" content=\"es_ES\" \/>\n<meta property=\"og:type\" content=\"article\" \/>\n<meta property=\"og:title\" content=\"Apostar a Smite | C\u00f3mo y d\u00f3nde apostar a Smite eSports\" \/>\n<meta property=\"og:description\" content=\"Conoce d\u00f3nde puedes realizar tus apuestas en los torneos eSports de Smite. Descubre m\u00e1s acerca de las apuestas, bonos, cuotas, torneos y promociones.\" \/>\n<meta property=\"og:url\" content=\"https:\/\/www.esports-betting.pro\/es\/smite\/\" \/>\n<meta property=\"og:site_name\" content=\"Esports Betting - ES\" \/>\n<meta property=\"article:modified_time\" content=\"2022-09-02T07:24:57+00:00\" \/>\n<meta property=\"og:image\" content=\"https:\/\/www.esports-betting.pro\/app\/uploads\/sites\/3\/2017\/02\/Smite-Logo.jpg\" \/>\n<meta name=\"twitter:card\" content=\"summary_large_image\" \/>\n<meta name=\"twitter:label1\" content=\"Est. reading time\" \/>\n\t<meta name=\"twitter:data1\" content=\"5 minutos\" \/>\n<script type=\"application\/ld+json\" class=\"yoast-schema-graph\">{\"@context\":\"https:\/\/schema.org\",\"@graph\":[{\"@type\":\"WebPage\",\"@id\":\"https:\/\/www.esports-betting.pro\/es\/smite\/\",\"url\":\"https:\/\/www.esports-betting.pro\/es\/smite\/\",\"name\":\"Apostar a Smite | C\u00f3mo y d\u00f3nde apostar a Smite eSports\",\"isPartOf\":{\"@id\":\"https:\/\/www.esports-betting.pro\/es\/#website\"},\"primaryImageOfPage\":{\"@id\":\"https:\/\/www.esports-betting.pro\/es\/smite\/#primaryimage\"},\"image\":{\"@id\":\"https:\/\/www.esports-betting.pro\/es\/smite\/#primaryimage\"},\"thumbnailUrl\":\"https:\/\/www.esports-betting.pro\/app\/uploads\/sites\/3\/2017\/02\/Smite-Logo.jpg\",\"datePublished\":\"2017-02-08T02:37:42+00:00\",\"dateModified\":\"2022-09-02T07:24:57+00:00\",\"description\":\"Conoce d\u00f3nde puedes realizar tus apuestas en los torneos eSports de Smite. Descubre m\u00e1s acerca de las apuestas, bonos, cuotas, torneos y promociones.\",\"breadcrumb\":{\"@id\":\"https:\/\/www.esports-betting.pro\/es\/smite\/#breadcrumb\"},\"inLanguage\":\"es\",\"potentialAction\":[{\"@type\":\"ReadAction\",\"target\":[\"https:\/\/www.esports-betting.pro\/es\/smite\/\"]}]},{\"@type\":\"ImageObject\",\"inLanguage\":\"es\",\"@id\":\"https:\/\/www.esports-betting.pro\/es\/smite\/#primaryimage\",\"url\":\"https:\/\/www.esports-betting.pro\/app\/uploads\/sites\/3\/2017\/02\/Smite-Logo.jpg\",\"contentUrl\":\"https:\/\/www.esports-betting.pro\/app\/uploads\/sites\/3\/2017\/02\/Smite-Logo.jpg\"},{\"@type\":\"BreadcrumbList\",\"@id\":\"https:\/\/www.esports-betting.pro\/es\/smite\/#breadcrumb\",\"itemListElement\":[{\"@type\":\"ListItem\",\"position\":1,\"name\":\"Home\",\"item\":\"https:\/\/www.esports-betting.pro\/es\/\"},{\"@type\":\"ListItem\",\"position\":2,\"name\":\"Apuestas de Smite | Apuestas y corredores de apuestas para Smite\"}]},{\"@type\":\"WebSite\",\"@id\":\"https:\/\/www.esports-betting.pro\/es\/#website\",\"url\":\"https:\/\/www.esports-betting.pro\/es\/\",\"name\":\"Esports Betting - ES\",\"description\":\"Just another Esports Betting Sites site\",\"potentialAction\":[{\"@type\":\"SearchAction\",\"target\":{\"@type\":\"EntryPoint\",\"urlTemplate\":\"https:\/\/www.esports-betting.pro\/es\/?s={search_term_string}\"},\"query-input\":\"required name=search_term_string\"}],\"inLanguage\":\"es\"}]}<\/script>\n<!-- \/ Yoast SEO plugin. -->","yoast_head_json":{"title":"Apostar a Smite | C\u00f3mo y d\u00f3nde apostar a Smite eSports","description":"Conoce d\u00f3nde puedes realizar tus apuestas en los torneos eSports de Smite. Descubre m\u00e1s acerca de las apuestas, bonos, cuotas, torneos y promociones.","robots":{"index":"index","follow":"follow","max-snippet":"max-snippet:-1","max-image-preview":"max-image-preview:large","max-video-preview":"max-video-preview:-1"},"canonical":"https:\/\/www.esports-betting.pro\/es\/smite\/","og_locale":"es_ES","og_type":"article","og_title":"Apostar a Smite | C\u00f3mo y d\u00f3nde apostar a Smite eSports","og_description":"Conoce d\u00f3nde puedes realizar tus apuestas en los torneos eSports de Smite. Descubre m\u00e1s acerca de las apuestas, bonos, cuotas, torneos y promociones.","og_url":"https:\/\/www.esports-betting.pro\/es\/smite\/","og_site_name":"Esports Betting - ES","article_modified_time":"2022-09-02T07:24:57+00:00","og_image":[{"url":"https:\/\/www.esports-betting.pro\/app\/uploads\/sites\/3\/2017\/02\/Smite-Logo.jpg"}],"twitter_card":"summary_large_image","twitter_misc":{"Est. reading time":"5 minutos"},"schema":{"@context":"https:\/\/schema.org","@graph":[{"@type":"WebPage","@id":"https:\/\/www.esports-betting.pro\/es\/smite\/","url":"https:\/\/www.esports-betting.pro\/es\/smite\/","name":"Apostar a Smite | C\u00f3mo y d\u00f3nde apostar a Smite eSports","isPartOf":{"@id":"https:\/\/www.esports-betting.pro\/es\/#website"},"primaryImageOfPage":{"@id":"https:\/\/www.esports-betting.pro\/es\/smite\/#primaryimage"},"image":{"@id":"https:\/\/www.esports-betting.pro\/es\/smite\/#primaryimage"},"thumbnailUrl":"https:\/\/www.esports-betting.pro\/app\/uploads\/sites\/3\/2017\/02\/Smite-Logo.jpg","datePublished":"2017-02-08T02:37:42+00:00","dateModified":"2022-09-02T07:24:57+00:00","description":"Conoce d\u00f3nde puedes realizar tus apuestas en los torneos eSports de Smite. Descubre m\u00e1s acerca de las apuestas, bonos, cuotas, torneos y promociones.","breadcrumb":{"@id":"https:\/\/www.esports-betting.pro\/es\/smite\/#breadcrumb"},"inLanguage":"es","potentialAction":[{"@type":"ReadAction","target":["https:\/\/www.esports-betting.pro\/es\/smite\/"]}]},{"@type":"ImageObject","inLanguage":"es","@id":"https:\/\/www.esports-betting.pro\/es\/smite\/#primaryimage","url":"https:\/\/www.esports-betting.pro\/app\/uploads\/sites\/3\/2017\/02\/Smite-Logo.jpg","contentUrl":"https:\/\/www.esports-betting.pro\/app\/uploads\/sites\/3\/2017\/02\/Smite-Logo.jpg"},{"@type":"BreadcrumbList","@id":"https:\/\/www.esports-betting.pro\/es\/smite\/#breadcrumb","itemListElement":[{"@type":"ListItem","position":1,"name":"Home","item":"https:\/\/www.esports-betting.pro\/es\/"},{"@type":"ListItem","position":2,"name":"Apuestas de Smite | Apuestas y corredores de apuestas para Smite"}]},{"@type":"WebSite","@id":"https:\/\/www.esports-betting.pro\/es\/#website","url":"https:\/\/www.esports-betting.pro\/es\/","name":"Esports Betting - ES","description":"Just another Esports Betting Sites site","potentialAction":[{"@type":"SearchAction","target":{"@type":"EntryPoint","urlTemplate":"https:\/\/www.esports-betting.pro\/es\/?s={search_term_string}"},"query-input":"required name=search_term_string"}],"inLanguage":"es"}]}},"_links":{"self":[{"href":"https:\/\/www.esports-betting.pro\/es\/wp-json\/wp\/v2\/pages\/3952"}],"collection":[{"href":"https:\/\/www.esports-betting.pro\/es\/wp-json\/wp\/v2\/pages"}],"about":[{"href":"https:\/\/www.esports-betting.pro\/es\/wp-json\/wp\/v2\/types\/page"}],"author":[{"embeddable":true,"href":"https:\/\/www.esports-betting.pro\/es\/wp-json\/wp\/v2\/users\/24"}],"replies":[{"embeddable":true,"href":"https:\/\/www.esports-betting.pro\/es\/wp-json\/wp\/v2\/comments?post=3952"}],"version-history":[{"count":1,"href":"https:\/\/www.esports-betting.pro\/es\/wp-json\/wp\/v2\/pages\/3952\/revisions"}],"predecessor-version":[{"id":51500,"href":"https:\/\/www.esports-betting.pro\/es\/wp-json\/wp\/v2\/pages\/3952\/revisions\/51500"}],"wp:attachment":[{"href":"https:\/\/www.esports-betting.pro\/es\/wp-json\/wp\/v2\/media?parent=3952"}],"curies":[{"name":"wp","href":"https:\/\/api.w.org\/{rel}","templated":true}]}}