{"id":300,"date":"2015-10-06T09:59:11","date_gmt":"2015-10-06T09:59:11","guid":{"rendered":"https:\/\/www.esports-betting.pro\/es\/?page_id=300"},"modified":"2015-10-06T09:59:11","modified_gmt":"2015-10-06T09:59:11","slug":"nuevo-compendio","status":"publish","type":"page","link":"https:\/\/www.esports-betting.pro\/es\/dota-2\/el-major-de-frankfurt-2015\/nuevo-compendio\/","title":{"rendered":"Nuevo Compendio del Major de Frankfurt a la Venta"},"content":{"rendered":"<p style=\"text-align: justify\"><img loading=\"lazy\" decoding=\"async\" class=\"size-full wp-image-301 alignright\" src=\"https:\/\/www.esports-betting.pro\/app\/uploads\/sites\/3\/2015\/10\/El-compendio-de-la-temporada-de-otono-2015.jpg\" alt=\"El compendio de la temporada de otono 2015\" width=\"205\" height=\"226\" \/>Un nuevo compendio est\u00e1 disponible en la tienda de Dota 2. Esta vez hace referencia al recientemente anunciado Major de Frankfurt, donde 16 equipos competir\u00e1n por una piscina de premios de $3.000.000. Y tambi\u00e9n tendremos <strong><a href=\"https:\/\/www.esports-betting.pro\/es\/dota-2\/\">apuestas en Dota 2<\/a><\/strong> para el Major de Frankfurt.<\/p>\n<p style=\"text-align: justify\">Este nuevo compendio promete nuevas recompensas para quienes lo suban de nivel. Estar\u00e1 disponible para su compra hasta el 24 de noviembre por $3.33. Como es costumbre por parte de Valve, podr\u00e1s obtener un compendio nivel 25 directamente por $9.99.<\/p>\n<h3 style=\"text-align: justify\">Entre las recompensas y beneficios que podr\u00e1s disfrutar est\u00e1n los siguientes:<\/h3>\n<ul style=\"text-align: justify\">\n<li>Nuevos retos que podr\u00e1s completar por monedas.<\/li>\n<li>Apuesta monedas en tus propias partidas. Ganar\u00e1s monedas de acuerdo a la cantidad que hayas apostado.<\/li>\n<li>Las monedas podr\u00e1n ser utilizadas para desbloquear \u00edtems, equipo y tesoros.<\/li>\n<li>Un nuevo mensajero desbloqueado en nivel 150 y con el cual se modifica el dise\u00f1o de una de las habilidades del h\u00e9roe Tusk.<\/li>\n<\/ul>\n<p style=\"text-align: justify\"><img loading=\"lazy\" decoding=\"async\" class=\"size-full wp-image-302 alignleft\" src=\"https:\/\/www.esports-betting.pro\/app\/uploads\/sites\/3\/2015\/10\/El-compendio-de-la-temporada-de-otono.jpg\" alt=\"El compendio de la temporada de otono\" width=\"196\" height=\"145\" \/>Cada 100 puntos podr\u00e1s subir tu compendio de nivel. Obtendr\u00e1s diferentes recompensas cada 5 niveles hasta que llegues a 25. Luego, al llegar a 30 obtendr\u00e1s el nuevo tesoro del compendio cada 10 niveles.<\/p>\n<p style=\"text-align: justify\">Puedes obtener m\u00e1s niveles por los siguientes precios: 5 niveles = $2.49 \/ 11 niveles = $4.99 \/ 24 niveles = $9.99.<\/p>\n<p style=\"text-align: justify\">Cabe destacar que los \u00edtems que encontraras en el nuevo tesoro llamado Tribute of the Piercing Beak podr\u00e1n ser modificados permanentemente con \u00fanicos efectos ambientales. Esto lo podr\u00e1s hacer utilizando los Infusers, que obtendr\u00e1s cada 5 Tributes que abras y que tambi\u00e9n puedes obtener en cualquier tesoro Tribute de forma aleatoria.<\/p>\n<p style=\"text-align: justify\">Ya que las entradas al <a href=\"https:\/\/www.esports-betting.pro\/es\/dota-2\/el-major-de-frankfurt-2015\/\">Major de Frankfurt<\/a> ser\u00e1n gratis, exceptuando las de la final, esta es una buena forma para contribuir a Valve por organizar un torneo tan grande. Igualmente, es una forma divertida de involucrarse m\u00e1s en este gran torneo y recibir recompensas para disfrutar.<\/p>\n","protected":false},"excerpt":{"rendered":"<p>Un nuevo compendio est\u00e1 disponible en la tienda de Dota 2. Esta vez hace referencia al recientemente anunciado Major de Frankfurt, donde 16 equipos competir\u00e1n por una piscina de premios de $3.000.000. Y tambi\u00e9n tendremos apuestas en Dota 2 para el Major de Frankfurt. Este nuevo compendio promete nuevas recompensas para quienes lo suban de &hellip; <a href=\"https:\/\/www.esports-betting.pro\/es\/dota-2\/el-major-de-frankfurt-2015\/nuevo-compendio\/\">Continued<\/a><\/p>\n","protected":false},"author":24,"featured_media":0,"parent":211,"menu_order":0,"comment_status":"closed","ping_status":"closed","template":"","meta":{"_acf_changed":false,"footnotes":""},"acf":[],"yoast_head":"<!-- This site is optimized with the Yoast SEO plugin v22.6 - https:\/\/yoast.com\/wordpress\/plugins\/seo\/ -->\n<title>Nuevo Compendio del Major de Frankfurt a la Venta<\/title>\n<meta name=\"description\" content=\"Nuevo Compendio del Major de Frankfurt a la Venta: Un nuevo compendio est\u00e1 disponible en la tienda de Dota 2. Conoce m\u00e1s!\" \/>\n<meta name=\"robots\" content=\"index, follow, max-snippet:-1, max-image-preview:large, max-video-preview:-1\" \/>\n<link rel=\"canonical\" href=\"https:\/\/www.esports-betting.pro\/es\/dota-2\/el-major-de-frankfurt-2015\/nuevo-compendio\/\" \/>\n<meta property=\"og:locale\" content=\"es_ES\" \/>\n<meta property=\"og:type\" content=\"article\" \/>\n<meta property=\"og:title\" content=\"Nuevo Compendio del Major de Frankfurt a la Venta\" \/>\n<meta property=\"og:description\" content=\"Nuevo Compendio del Major de Frankfurt a la Venta: Un nuevo compendio est\u00e1 disponible en la tienda de Dota 2. Conoce m\u00e1s!\" \/>\n<meta property=\"og:url\" content=\"https:\/\/www.esports-betting.pro\/es\/dota-2\/el-major-de-frankfurt-2015\/nuevo-compendio\/\" \/>\n<meta property=\"og:site_name\" content=\"Esports Betting - ES\" \/>\n<meta property=\"og:image\" content=\"https:\/\/www.esports-betting.pro\/app\/uploads\/sites\/3\/2015\/10\/El-compendio-de-la-temporada-de-otono-2015.jpg\" \/>\n<meta name=\"twitter:card\" content=\"summary_large_image\" \/>\n<meta name=\"twitter:label1\" content=\"Est. reading time\" \/>\n\t<meta name=\"twitter:data1\" content=\"2 minutos\" \/>\n<script type=\"application\/ld+json\" class=\"yoast-schema-graph\">{\"@context\":\"https:\/\/schema.org\",\"@graph\":[{\"@type\":\"WebPage\",\"@id\":\"https:\/\/www.esports-betting.pro\/es\/dota-2\/el-major-de-frankfurt-2015\/nuevo-compendio\/\",\"url\":\"https:\/\/www.esports-betting.pro\/es\/dota-2\/el-major-de-frankfurt-2015\/nuevo-compendio\/\",\"name\":\"Nuevo Compendio del Major de Frankfurt a la Venta\",\"isPartOf\":{\"@id\":\"https:\/\/www.esports-betting.pro\/es\/#website\"},\"primaryImageOfPage\":{\"@id\":\"https:\/\/www.esports-betting.pro\/es\/dota-2\/el-major-de-frankfurt-2015\/nuevo-compendio\/#primaryimage\"},\"image\":{\"@id\":\"https:\/\/www.esports-betting.pro\/es\/dota-2\/el-major-de-frankfurt-2015\/nuevo-compendio\/#primaryimage\"},\"thumbnailUrl\":\"https:\/\/www.esports-betting.pro\/app\/uploads\/sites\/3\/2015\/10\/El-compendio-de-la-temporada-de-otono-2015.jpg\",\"datePublished\":\"2015-10-06T09:59:11+00:00\",\"dateModified\":\"2015-10-06T09:59:11+00:00\",\"description\":\"Nuevo Compendio del Major de Frankfurt a la Venta: Un nuevo compendio est\u00e1 disponible en la tienda de Dota 2. Conoce m\u00e1s!\",\"breadcrumb\":{\"@id\":\"https:\/\/www.esports-betting.pro\/es\/dota-2\/el-major-de-frankfurt-2015\/nuevo-compendio\/#breadcrumb\"},\"inLanguage\":\"es\",\"potentialAction\":[{\"@type\":\"ReadAction\",\"target\":[\"https:\/\/www.esports-betting.pro\/es\/dota-2\/el-major-de-frankfurt-2015\/nuevo-compendio\/\"]}]},{\"@type\":\"ImageObject\",\"inLanguage\":\"es\",\"@id\":\"https:\/\/www.esports-betting.pro\/es\/dota-2\/el-major-de-frankfurt-2015\/nuevo-compendio\/#primaryimage\",\"url\":\"https:\/\/www.esports-betting.pro\/app\/uploads\/sites\/3\/2015\/10\/El-compendio-de-la-temporada-de-otono-2015.jpg\",\"contentUrl\":\"https:\/\/www.esports-betting.pro\/app\/uploads\/sites\/3\/2015\/10\/El-compendio-de-la-temporada-de-otono-2015.jpg\"},{\"@type\":\"BreadcrumbList\",\"@id\":\"https:\/\/www.esports-betting.pro\/es\/dota-2\/el-major-de-frankfurt-2015\/nuevo-compendio\/#breadcrumb\",\"itemListElement\":[{\"@type\":\"ListItem\",\"position\":1,\"name\":\"Home\",\"item\":\"https:\/\/www.esports-betting.pro\/es\/\"},{\"@type\":\"ListItem\",\"position\":2,\"name\":\"Apuestas en Dota 2 | Sitios de apuestas y cuotas\",\"item\":\"https:\/\/www.esports-betting.pro\/es\/dota-2\/\"},{\"@type\":\"ListItem\",\"position\":3,\"name\":\"El Major de Frankfurt 2015 | Dota 2\",\"item\":\"https:\/\/www.esports-betting.pro\/es\/dota-2\/el-major-de-frankfurt-2015\/\"},{\"@type\":\"ListItem\",\"position\":4,\"name\":\"Nuevo Compendio del Major de Frankfurt a la Venta\"}]},{\"@type\":\"WebSite\",\"@id\":\"https:\/\/www.esports-betting.pro\/es\/#website\",\"url\":\"https:\/\/www.esports-betting.pro\/es\/\",\"name\":\"Esports Betting - ES\",\"description\":\"Just another Esports Betting Sites site\",\"potentialAction\":[{\"@type\":\"SearchAction\",\"target\":{\"@type\":\"EntryPoint\",\"urlTemplate\":\"https:\/\/www.esports-betting.pro\/es\/?s={search_term_string}\"},\"query-input\":\"required name=search_term_string\"}],\"inLanguage\":\"es\"}]}<\/script>\n<!-- \/ Yoast SEO plugin. -->","yoast_head_json":{"title":"Nuevo Compendio del Major de Frankfurt a la Venta","description":"Nuevo Compendio del Major de Frankfurt a la Venta: Un nuevo compendio est\u00e1 disponible en la tienda de Dota 2. Conoce m\u00e1s!","robots":{"index":"index","follow":"follow","max-snippet":"max-snippet:-1","max-image-preview":"max-image-preview:large","max-video-preview":"max-video-preview:-1"},"canonical":"https:\/\/www.esports-betting.pro\/es\/dota-2\/el-major-de-frankfurt-2015\/nuevo-compendio\/","og_locale":"es_ES","og_type":"article","og_title":"Nuevo Compendio del Major de Frankfurt a la Venta","og_description":"Nuevo Compendio del Major de Frankfurt a la Venta: Un nuevo compendio est\u00e1 disponible en la tienda de Dota 2. Conoce m\u00e1s!","og_url":"https:\/\/www.esports-betting.pro\/es\/dota-2\/el-major-de-frankfurt-2015\/nuevo-compendio\/","og_site_name":"Esports Betting - ES","og_image":[{"url":"https:\/\/www.esports-betting.pro\/app\/uploads\/sites\/3\/2015\/10\/El-compendio-de-la-temporada-de-otono-2015.jpg"}],"twitter_card":"summary_large_image","twitter_misc":{"Est. reading time":"2 minutos"},"schema":{"@context":"https:\/\/schema.org","@graph":[{"@type":"WebPage","@id":"https:\/\/www.esports-betting.pro\/es\/dota-2\/el-major-de-frankfurt-2015\/nuevo-compendio\/","url":"https:\/\/www.esports-betting.pro\/es\/dota-2\/el-major-de-frankfurt-2015\/nuevo-compendio\/","name":"Nuevo Compendio del Major de Frankfurt a la Venta","isPartOf":{"@id":"https:\/\/www.esports-betting.pro\/es\/#website"},"primaryImageOfPage":{"@id":"https:\/\/www.esports-betting.pro\/es\/dota-2\/el-major-de-frankfurt-2015\/nuevo-compendio\/#primaryimage"},"image":{"@id":"https:\/\/www.esports-betting.pro\/es\/dota-2\/el-major-de-frankfurt-2015\/nuevo-compendio\/#primaryimage"},"thumbnailUrl":"https:\/\/www.esports-betting.pro\/app\/uploads\/sites\/3\/2015\/10\/El-compendio-de-la-temporada-de-otono-2015.jpg","datePublished":"2015-10-06T09:59:11+00:00","dateModified":"2015-10-06T09:59:11+00:00","description":"Nuevo Compendio del Major de Frankfurt a la Venta: Un nuevo compendio est\u00e1 disponible en la tienda de Dota 2. Conoce m\u00e1s!","breadcrumb":{"@id":"https:\/\/www.esports-betting.pro\/es\/dota-2\/el-major-de-frankfurt-2015\/nuevo-compendio\/#breadcrumb"},"inLanguage":"es","potentialAction":[{"@type":"ReadAction","target":["https:\/\/www.esports-betting.pro\/es\/dota-2\/el-major-de-frankfurt-2015\/nuevo-compendio\/"]}]},{"@type":"ImageObject","inLanguage":"es","@id":"https:\/\/www.esports-betting.pro\/es\/dota-2\/el-major-de-frankfurt-2015\/nuevo-compendio\/#primaryimage","url":"https:\/\/www.esports-betting.pro\/app\/uploads\/sites\/3\/2015\/10\/El-compendio-de-la-temporada-de-otono-2015.jpg","contentUrl":"https:\/\/www.esports-betting.pro\/app\/uploads\/sites\/3\/2015\/10\/El-compendio-de-la-temporada-de-otono-2015.jpg"},{"@type":"BreadcrumbList","@id":"https:\/\/www.esports-betting.pro\/es\/dota-2\/el-major-de-frankfurt-2015\/nuevo-compendio\/#breadcrumb","itemListElement":[{"@type":"ListItem","position":1,"name":"Home","item":"https:\/\/www.esports-betting.pro\/es\/"},{"@type":"ListItem","position":2,"name":"Apuestas en Dota 2 | Sitios de apuestas y cuotas","item":"https:\/\/www.esports-betting.pro\/es\/dota-2\/"},{"@type":"ListItem","position":3,"name":"El Major de Frankfurt 2015 | Dota 2","item":"https:\/\/www.esports-betting.pro\/es\/dota-2\/el-major-de-frankfurt-2015\/"},{"@type":"ListItem","position":4,"name":"Nuevo Compendio del Major de Frankfurt a la Venta"}]},{"@type":"WebSite","@id":"https:\/\/www.esports-betting.pro\/es\/#website","url":"https:\/\/www.esports-betting.pro\/es\/","name":"Esports Betting - ES","description":"Just another Esports Betting Sites site","potentialAction":[{"@type":"SearchAction","target":{"@type":"EntryPoint","urlTemplate":"https:\/\/www.esports-betting.pro\/es\/?s={search_term_string}"},"query-input":"required name=search_term_string"}],"inLanguage":"es"}]}},"_links":{"self":[{"href":"https:\/\/www.esports-betting.pro\/es\/wp-json\/wp\/v2\/pages\/300"}],"collection":[{"href":"https:\/\/www.esports-betting.pro\/es\/wp-json\/wp\/v2\/pages"}],"about":[{"href":"https:\/\/www.esports-betting.pro\/es\/wp-json\/wp\/v2\/types\/page"}],"author":[{"embeddable":true,"href":"https:\/\/www.esports-betting.pro\/es\/wp-json\/wp\/v2\/users\/24"}],"replies":[{"embeddable":true,"href":"https:\/\/www.esports-betting.pro\/es\/wp-json\/wp\/v2\/comments?post=300"}],"version-history":[{"count":0,"href":"https:\/\/www.esports-betting.pro\/es\/wp-json\/wp\/v2\/pages\/300\/revisions"}],"up":[{"embeddable":true,"href":"https:\/\/www.esports-betting.pro\/es\/wp-json\/wp\/v2\/pages\/211"}],"wp:attachment":[{"href":"https:\/\/www.esports-betting.pro\/es\/wp-json\/wp\/v2\/media?parent=300"}],"curies":[{"name":"wp","href":"https:\/\/api.w.org\/{rel}","templated":true}]}}