{"id":2209,"date":"2016-09-05T06:43:18","date_gmt":"2016-09-05T06:43:18","guid":{"rendered":"https:\/\/www.esports-betting.pro\/es\/?page_id=2209"},"modified":"2016-09-05T06:43:18","modified_gmt":"2016-09-05T06:43:18","slug":"apuestas-mundial-lol-2016","status":"publish","type":"page","link":"https:\/\/www.esports-betting.pro\/es\/league-of-legends-lol\/campeonato-mundial-2016-6ta-temporada\/apuestas-mundial-lol-2016\/","title":{"rendered":"Probabilidades de apuestas \u2013 Mundial de LoL 2016"},"content":{"rendered":"<p style=\"text-align: justify\">Falta menos de un mes para que comience el <a href=\"https:\/\/www.esports-betting.pro\/es\/league-of-legends-lol\/campeonato-mundial-2016-6ta-temporada\/\">Campeonato Mundial de League of Legends 2016<\/a>, el cual, ha recibido una gran cantidad de bombo \u00faltimamente. Lo mejor de lo mejor, la cr\u00e8me de la cr\u00e8me de la escena profesional, ir\u00e1 directa a los mejores lugares\u00a0de Norte Am\u00e9rica, donde luchar\u00e1n entre s\u00ed por la oportunidad de alzar la Copa de Invocadores este a\u00f1o.<\/p>\n<p style=\"text-align: justify\">Como algunos de ustedes seguramente saben, el Campeonato Mundial de LoL 2016 se llevar\u00e1 a cabo en 4 ciudades a lo largo de Estados Unidos. La ceremonia comienza oficialmente el 29 de septiembre en San Francisco, en el famoso Auditorio C\u00edvico Bill Graham, donde los encuentros de la fase de grupo ser\u00e1n llevados a cabo.\u00a0Luego de eso, los jugadores tendr\u00e1n que viajar hasta Chicago, donde ser\u00e1n jugados los encuentros de cuartos de final. \u00c9stos comienzan el 13 de octubre y se llevar\u00e1n a cabo en el gran Teatro de Chicago.<\/p>\n<p style=\"text-align: justify\">Los cuartos de final decidir\u00e1n cu\u00e1l de los 4 equipos pasar\u00e1 a las semifinales, que comenzar\u00e1n el 21 de octubre, en el hermoso Madison Square Garden en Nueva York.\u00a0Y finalmente, las finales comenzar\u00e1n una semana despu\u00e9s de las semifinales, el 29 de octubre, para ser precisos. El encuentro ser\u00e1 en el mundialmente famoso Staples Center en Los \u00c1ngeles, hogar del equipo de la NHL, Los Angeles Kings.<\/p>\n<h2>Informaci\u00f3n y probabilidades de apuesta<\/h2>\n<p style=\"text-align: justify\">Debido al hecho de que todav\u00eda queda mucho tiempo antes del comienzo del evento principal, no hay mucha informaci\u00f3n concerniente a los mercados o probabilidades en <a href=\"https:\/\/www.esports-betting.pro\/es\/league-of-legends-lol\/\"><strong>sitios de apuestas de LoL<\/strong><\/a>. A pesar de ello, a\u00fan podemos asumir que muchos de los m\u00e1s populares <a href=\"https:\/\/www.esports-betting.pro\/es\/sitios-apuestas-esports\/\"><strong>sitios de apuestas de eSports<\/strong><\/a> tendr\u00e1n mercados generales abiertos, junto con las probabilidades de las apuestas m\u00e1s comunes. Sin duda alguna, tan pronto como el \u00faltimo equipo logre asegurar un puesto en el Campeonato, habr\u00e1 apuestas ganadoras y apuestas regionales para el Campeonato Mundial de LoL 2016.<\/p>\n<p style=\"text-align: center\"><strong>Apuestas eSports &#8211;\u00a0Bet365<br \/>\n<\/strong><img loading=\"lazy\" decoding=\"async\" class=\"aligncenter wp-image-63 size-full\" src=\"https:\/\/www.esports-betting.pro\/app\/uploads\/sites\/3\/2015\/08\/Apuestas_eSports_Bet365-banner.jpg\" alt=\"Apuestas eSports Bet365 banner\" width=\"450\" height=\"86\" \/><\/p>\n<p style=\"text-align: center\"><strong>Apuestas eSports &#8211; Tipbet<\/strong><img loading=\"lazy\" decoding=\"async\" class=\"aligncenter wp-image-2365 size-full\" src=\"https:\/\/www.esports-betting.pro\/app\/uploads\/sites\/3\/2015\/07\/Banner_Tipbet_eSports_freebet_EN.gif\" alt=\"banner tipbet esports freebet\" width=\"728\" height=\"90\" \/><\/p>\n<p style=\"text-align: justify\">En adici\u00f3n a estas apuestas, asumimos que muchos sitios de apuestas no esperar\u00e1n demasiado antes de agregar otros tipos de apuesta en sus categor\u00edas de eSports, tales como primera sangre, primer baron, n\u00famero de dragones para cada equipo, n\u00famero de barons, muertes totales y as\u00ed sucesivamente. Para apuestas bono en el Campeonato Mundial de LoL 2016, echa un vistazo a nuestra secci\u00f3n sobre <strong>bonos de apuestas en esports<\/strong>.<\/p>\n<h3>Ganador\u00a0del torneo<\/h3>\n<p style=\"text-align: justify\">Sin que sea una sorpresa para nadie, los equipos coreanos son los que poseen mayores probabilidades de victoria en el Campeonato Mundial de LoL 2016, adem\u00e1s de Edward Gaming de China. SK Telecom T1 sobrevivi\u00f3 a la \u201cmaldici\u00f3n del campeonato mundial\u201d (ni un solo equipo que haya ganado un Campeonato Mundial ha regresado el a\u00f1o siguiente. O bien se disolvieron, los\u00a0miembros se fueron y alineaciones m\u00e1s d\u00e9biles\u00a0no fueron capaces de entrar, o tuvieron un declive y una p\u00e9sima siguiente temporada).<\/p>\n<p style=\"text-align: justify\"><img loading=\"lazy\" decoding=\"async\" class=\"size-full wp-image-2345 aligncenter\" src=\"https:\/\/www.esports-betting.pro\/app\/uploads\/sites\/3\/2016\/09\/Ganador-League-of-Legends-World-Championship-2016-Probabilidades-de-Apuestas-en-Bet365.jpg\" alt=\"Ganador del Torneo de League of Legends Campeonato Mundial 2016 - Probabilidades de apuestas en Bet365\" width=\"500\" height=\"249\" \/><\/p>\n<p style=\"text-align: justify\"><img loading=\"lazy\" decoding=\"async\" class=\"aligncenter wp-image-63 size-full\" src=\"https:\/\/www.esports-betting.pro\/app\/uploads\/sites\/3\/2015\/08\/Apuestas_eSports_Bet365-banner.jpg\" alt=\"Apuestas eSports Bet365 banner\" width=\"450\" height=\"86\" \/><\/p>\n<h3>Equipos en llegar a la final<\/h3>\n<p style=\"text-align: justify\"><img loading=\"lazy\" decoding=\"async\" class=\"size-full wp-image-2347 aligncenter\" src=\"https:\/\/www.esports-betting.pro\/app\/uploads\/sites\/3\/2016\/09\/Llegar-a-la-final-League-of-Legends-World-Championship-2016-Probabilidades-de-Apuestas-en-Bet365.jpg\" alt=\"Equipos en llegar a la final del Torneo de League of Legends Campeonato Mundial 2016 - Probabilidades de apuestas en Bet365\" width=\"500\" height=\"248\" \/><\/p>\n<h3>Jugador del torneo<\/h3>\n<p style=\"text-align: justify\"><img loading=\"lazy\" decoding=\"async\" class=\"size-full wp-image-2346 aligncenter\" src=\"https:\/\/www.esports-betting.pro\/app\/uploads\/sites\/3\/2016\/09\/Jugador-del-torneo-League-of-Legends-World-Championship-2016-Probabilidades-de-apuestas-en-Bet365.jpg\" alt=\"Jugador del Torneo de League of Legends Campeonato Mundial 2016 - Probabilidades de apuestas en Bet365\" width=\"500\" height=\"564\" \/><\/p>\n<h3>Regi\u00f3n del ganador del torneo<\/h3>\n<p><img loading=\"lazy\" decoding=\"async\" class=\"size-full wp-image-2348 aligncenter\" src=\"https:\/\/www.esports-betting.pro\/app\/uploads\/sites\/3\/2016\/09\/Region-del-ganador-League-of-Legends-World-Championship-2016-Probabilidades-de-Apuestas-en-Bet365.jpg\" alt=\"Regi\u00f3n del ganador del Torneo de League of Legends Campeonato Mundial 2016 - Probabilidades de apuestas en Bet365\" width=\"500\" height=\"118\" \/><\/p>\n<h3>Team vs. Field<\/h3>\n<p><img loading=\"lazy\" decoding=\"async\" class=\"size-full wp-image-2349 aligncenter\" src=\"https:\/\/www.esports-betting.pro\/app\/uploads\/sites\/3\/2016\/09\/Team-vs-Field-League-of-Legends-World-Championship-2016-Probabilidades-de-apuestas-en-Bet365.jpg\" alt=\"Team vs. Field del Torneo de League of Legends Campeonato Mundial 2016 - Probabilidades de apuestas en Bet365\" width=\"500\" height=\"63\" \/><\/p>\n<p><img loading=\"lazy\" decoding=\"async\" class=\"aligncenter wp-image-63 size-full\" src=\"https:\/\/www.esports-betting.pro\/app\/uploads\/sites\/3\/2015\/08\/Apuestas_eSports_Bet365-banner.jpg\" alt=\"Apuestas eSports Bet365 banner\" width=\"450\" height=\"86\" \/><\/p>\n<p style=\"text-align: justify\">Habiendo dicho todo esto, no cabe duda de que en septiembre aumentar\u00e1 la expectaci\u00f3n del Campeonato Mundial 2016 incluso m\u00e1s\u2026 Pero una cosa es segura: \u00a1no podemos esperar a que el torneo comience!<\/p>\n<p>&nbsp;<\/p>\n","protected":false},"excerpt":{"rendered":"<p>Falta menos de un mes para que comience el Campeonato Mundial de League of Legends 2016, el cual, ha recibido una gran cantidad de bombo \u00faltimamente. Lo mejor de lo mejor, la cr\u00e8me de la cr\u00e8me de la escena profesional, ir\u00e1 directa a los mejores lugares\u00a0de Norte Am\u00e9rica, donde luchar\u00e1n entre s\u00ed por la oportunidad &hellip; <a href=\"https:\/\/www.esports-betting.pro\/es\/league-of-legends-lol\/campeonato-mundial-2016-6ta-temporada\/apuestas-mundial-lol-2016\/\">Continued<\/a><\/p>\n","protected":false},"author":24,"featured_media":0,"parent":1265,"menu_order":0,"comment_status":"closed","ping_status":"closed","template":"","meta":{"_acf_changed":false,"footnotes":""},"acf":[],"yoast_head":"<!-- This site is optimized with the Yoast SEO plugin v22.6 - https:\/\/yoast.com\/wordpress\/plugins\/seo\/ -->\n<title>Probabilidades de Apuestas en el Mundial de League of Legends 2016<\/title>\n<meta name=\"description\" content=\"Toda la informaci\u00f3n de las probabilidades, apuestas especiales y m\u00e1s del Campeonato Mundial de League of Legends 2016. \u00a1No te pierdas esta oportunidad!\" \/>\n<meta name=\"robots\" content=\"index, follow, max-snippet:-1, max-image-preview:large, max-video-preview:-1\" \/>\n<link rel=\"canonical\" href=\"https:\/\/www.esports-betting.pro\/es\/league-of-legends-lol\/campeonato-mundial-2016-6ta-temporada\/apuestas-mundial-lol-2016\/\" \/>\n<meta property=\"og:locale\" content=\"es_ES\" \/>\n<meta property=\"og:type\" content=\"article\" \/>\n<meta property=\"og:title\" content=\"Probabilidades de Apuestas en el Mundial de League of Legends 2016\" \/>\n<meta property=\"og:description\" content=\"Toda la informaci\u00f3n de las probabilidades, apuestas especiales y m\u00e1s del Campeonato Mundial de League of Legends 2016. \u00a1No te pierdas esta oportunidad!\" \/>\n<meta property=\"og:url\" content=\"https:\/\/www.esports-betting.pro\/es\/league-of-legends-lol\/campeonato-mundial-2016-6ta-temporada\/apuestas-mundial-lol-2016\/\" \/>\n<meta property=\"og:site_name\" content=\"Esports Betting - ES\" \/>\n<meta property=\"og:image\" content=\"https:\/\/www.esports-betting.pro\/app\/uploads\/sites\/3\/2016\/08\/Campeonato-Mundial-de-League-of-Legends-2016-Logo.jpg\" \/>\n<meta name=\"twitter:card\" content=\"summary_large_image\" \/>\n<meta name=\"twitter:label1\" content=\"Est. reading time\" \/>\n\t<meta name=\"twitter:data1\" content=\"3 minutos\" \/>\n<script type=\"application\/ld+json\" class=\"yoast-schema-graph\">{\"@context\":\"https:\/\/schema.org\",\"@graph\":[{\"@type\":\"WebPage\",\"@id\":\"https:\/\/www.esports-betting.pro\/es\/league-of-legends-lol\/campeonato-mundial-2016-6ta-temporada\/apuestas-mundial-lol-2016\/\",\"url\":\"https:\/\/www.esports-betting.pro\/es\/league-of-legends-lol\/campeonato-mundial-2016-6ta-temporada\/apuestas-mundial-lol-2016\/\",\"name\":\"Probabilidades de Apuestas en el Mundial de League of Legends 2016\",\"isPartOf\":{\"@id\":\"https:\/\/www.esports-betting.pro\/es\/#website\"},\"primaryImageOfPage\":{\"@id\":\"https:\/\/www.esports-betting.pro\/es\/league-of-legends-lol\/campeonato-mundial-2016-6ta-temporada\/apuestas-mundial-lol-2016\/#primaryimage\"},\"image\":{\"@id\":\"https:\/\/www.esports-betting.pro\/es\/league-of-legends-lol\/campeonato-mundial-2016-6ta-temporada\/apuestas-mundial-lol-2016\/#primaryimage\"},\"thumbnailUrl\":\"https:\/\/www.esports-betting.pro\/app\/uploads\/sites\/3\/2015\/08\/Apuestas_eSports_Bet365-banner.jpg\",\"datePublished\":\"2016-09-05T06:43:18+00:00\",\"dateModified\":\"2016-09-05T06:43:18+00:00\",\"description\":\"Toda la informaci\u00f3n de las probabilidades, apuestas especiales y m\u00e1s del Campeonato Mundial de League of Legends 2016. \u00a1No te pierdas esta oportunidad!\",\"breadcrumb\":{\"@id\":\"https:\/\/www.esports-betting.pro\/es\/league-of-legends-lol\/campeonato-mundial-2016-6ta-temporada\/apuestas-mundial-lol-2016\/#breadcrumb\"},\"inLanguage\":\"es\",\"potentialAction\":[{\"@type\":\"ReadAction\",\"target\":[\"https:\/\/www.esports-betting.pro\/es\/league-of-legends-lol\/campeonato-mundial-2016-6ta-temporada\/apuestas-mundial-lol-2016\/\"]}]},{\"@type\":\"ImageObject\",\"inLanguage\":\"es\",\"@id\":\"https:\/\/www.esports-betting.pro\/es\/league-of-legends-lol\/campeonato-mundial-2016-6ta-temporada\/apuestas-mundial-lol-2016\/#primaryimage\",\"url\":\"https:\/\/www.esports-betting.pro\/app\/uploads\/sites\/3\/2015\/08\/Apuestas_eSports_Bet365-banner.jpg\",\"contentUrl\":\"https:\/\/www.esports-betting.pro\/app\/uploads\/sites\/3\/2015\/08\/Apuestas_eSports_Bet365-banner.jpg\"},{\"@type\":\"BreadcrumbList\",\"@id\":\"https:\/\/www.esports-betting.pro\/es\/league-of-legends-lol\/campeonato-mundial-2016-6ta-temporada\/apuestas-mundial-lol-2016\/#breadcrumb\",\"itemListElement\":[{\"@type\":\"ListItem\",\"position\":1,\"name\":\"Home\",\"item\":\"https:\/\/www.esports-betting.pro\/es\/\"},{\"@type\":\"ListItem\",\"position\":2,\"name\":\"Apuestas en League of Legends (LoL) | Sitios de apuestas y cuotas\",\"item\":\"https:\/\/www.esports-betting.pro\/es\/league-of-legends-lol\/\"},{\"@type\":\"ListItem\",\"position\":3,\"name\":\"Campeonato Mundial de League of Legends 2016 | 6ta Temporada\",\"item\":\"https:\/\/www.esports-betting.pro\/es\/league-of-legends-lol\/campeonato-mundial-2016-6ta-temporada\/\"},{\"@type\":\"ListItem\",\"position\":4,\"name\":\"Probabilidades de apuestas \u2013 Mundial de LoL 2016\"}]},{\"@type\":\"WebSite\",\"@id\":\"https:\/\/www.esports-betting.pro\/es\/#website\",\"url\":\"https:\/\/www.esports-betting.pro\/es\/\",\"name\":\"Esports Betting - ES\",\"description\":\"Just another Esports Betting Sites site\",\"potentialAction\":[{\"@type\":\"SearchAction\",\"target\":{\"@type\":\"EntryPoint\",\"urlTemplate\":\"https:\/\/www.esports-betting.pro\/es\/?s={search_term_string}\"},\"query-input\":\"required name=search_term_string\"}],\"inLanguage\":\"es\"}]}<\/script>\n<!-- \/ Yoast SEO plugin. -->","yoast_head_json":{"title":"Probabilidades de Apuestas en el Mundial de League of Legends 2016","description":"Toda la informaci\u00f3n de las probabilidades, apuestas especiales y m\u00e1s del Campeonato Mundial de League of Legends 2016. \u00a1No te pierdas esta oportunidad!","robots":{"index":"index","follow":"follow","max-snippet":"max-snippet:-1","max-image-preview":"max-image-preview:large","max-video-preview":"max-video-preview:-1"},"canonical":"https:\/\/www.esports-betting.pro\/es\/league-of-legends-lol\/campeonato-mundial-2016-6ta-temporada\/apuestas-mundial-lol-2016\/","og_locale":"es_ES","og_type":"article","og_title":"Probabilidades de Apuestas en el Mundial de League of Legends 2016","og_description":"Toda la informaci\u00f3n de las probabilidades, apuestas especiales y m\u00e1s del Campeonato Mundial de League of Legends 2016. \u00a1No te pierdas esta oportunidad!","og_url":"https:\/\/www.esports-betting.pro\/es\/league-of-legends-lol\/campeonato-mundial-2016-6ta-temporada\/apuestas-mundial-lol-2016\/","og_site_name":"Esports Betting - ES","og_image":[{"url":"https:\/\/www.esports-betting.pro\/app\/uploads\/sites\/3\/2016\/08\/Campeonato-Mundial-de-League-of-Legends-2016-Logo.jpg"}],"twitter_card":"summary_large_image","twitter_misc":{"Est. reading time":"3 minutos"},"schema":{"@context":"https:\/\/schema.org","@graph":[{"@type":"WebPage","@id":"https:\/\/www.esports-betting.pro\/es\/league-of-legends-lol\/campeonato-mundial-2016-6ta-temporada\/apuestas-mundial-lol-2016\/","url":"https:\/\/www.esports-betting.pro\/es\/league-of-legends-lol\/campeonato-mundial-2016-6ta-temporada\/apuestas-mundial-lol-2016\/","name":"Probabilidades de Apuestas en el Mundial de League of Legends 2016","isPartOf":{"@id":"https:\/\/www.esports-betting.pro\/es\/#website"},"primaryImageOfPage":{"@id":"https:\/\/www.esports-betting.pro\/es\/league-of-legends-lol\/campeonato-mundial-2016-6ta-temporada\/apuestas-mundial-lol-2016\/#primaryimage"},"image":{"@id":"https:\/\/www.esports-betting.pro\/es\/league-of-legends-lol\/campeonato-mundial-2016-6ta-temporada\/apuestas-mundial-lol-2016\/#primaryimage"},"thumbnailUrl":"https:\/\/www.esports-betting.pro\/app\/uploads\/sites\/3\/2015\/08\/Apuestas_eSports_Bet365-banner.jpg","datePublished":"2016-09-05T06:43:18+00:00","dateModified":"2016-09-05T06:43:18+00:00","description":"Toda la informaci\u00f3n de las probabilidades, apuestas especiales y m\u00e1s del Campeonato Mundial de League of Legends 2016. \u00a1No te pierdas esta oportunidad!","breadcrumb":{"@id":"https:\/\/www.esports-betting.pro\/es\/league-of-legends-lol\/campeonato-mundial-2016-6ta-temporada\/apuestas-mundial-lol-2016\/#breadcrumb"},"inLanguage":"es","potentialAction":[{"@type":"ReadAction","target":["https:\/\/www.esports-betting.pro\/es\/league-of-legends-lol\/campeonato-mundial-2016-6ta-temporada\/apuestas-mundial-lol-2016\/"]}]},{"@type":"ImageObject","inLanguage":"es","@id":"https:\/\/www.esports-betting.pro\/es\/league-of-legends-lol\/campeonato-mundial-2016-6ta-temporada\/apuestas-mundial-lol-2016\/#primaryimage","url":"https:\/\/www.esports-betting.pro\/app\/uploads\/sites\/3\/2015\/08\/Apuestas_eSports_Bet365-banner.jpg","contentUrl":"https:\/\/www.esports-betting.pro\/app\/uploads\/sites\/3\/2015\/08\/Apuestas_eSports_Bet365-banner.jpg"},{"@type":"BreadcrumbList","@id":"https:\/\/www.esports-betting.pro\/es\/league-of-legends-lol\/campeonato-mundial-2016-6ta-temporada\/apuestas-mundial-lol-2016\/#breadcrumb","itemListElement":[{"@type":"ListItem","position":1,"name":"Home","item":"https:\/\/www.esports-betting.pro\/es\/"},{"@type":"ListItem","position":2,"name":"Apuestas en League of Legends (LoL) | Sitios de apuestas y cuotas","item":"https:\/\/www.esports-betting.pro\/es\/league-of-legends-lol\/"},{"@type":"ListItem","position":3,"name":"Campeonato Mundial de League of Legends 2016 | 6ta Temporada","item":"https:\/\/www.esports-betting.pro\/es\/league-of-legends-lol\/campeonato-mundial-2016-6ta-temporada\/"},{"@type":"ListItem","position":4,"name":"Probabilidades de apuestas \u2013 Mundial de LoL 2016"}]},{"@type":"WebSite","@id":"https:\/\/www.esports-betting.pro\/es\/#website","url":"https:\/\/www.esports-betting.pro\/es\/","name":"Esports Betting - ES","description":"Just another Esports Betting Sites site","potentialAction":[{"@type":"SearchAction","target":{"@type":"EntryPoint","urlTemplate":"https:\/\/www.esports-betting.pro\/es\/?s={search_term_string}"},"query-input":"required name=search_term_string"}],"inLanguage":"es"}]}},"_links":{"self":[{"href":"https:\/\/www.esports-betting.pro\/es\/wp-json\/wp\/v2\/pages\/2209"}],"collection":[{"href":"https:\/\/www.esports-betting.pro\/es\/wp-json\/wp\/v2\/pages"}],"about":[{"href":"https:\/\/www.esports-betting.pro\/es\/wp-json\/wp\/v2\/types\/page"}],"author":[{"embeddable":true,"href":"https:\/\/www.esports-betting.pro\/es\/wp-json\/wp\/v2\/users\/24"}],"replies":[{"embeddable":true,"href":"https:\/\/www.esports-betting.pro\/es\/wp-json\/wp\/v2\/comments?post=2209"}],"version-history":[{"count":0,"href":"https:\/\/www.esports-betting.pro\/es\/wp-json\/wp\/v2\/pages\/2209\/revisions"}],"up":[{"embeddable":true,"href":"https:\/\/www.esports-betting.pro\/es\/wp-json\/wp\/v2\/pages\/1265"}],"wp:attachment":[{"href":"https:\/\/www.esports-betting.pro\/es\/wp-json\/wp\/v2\/media?parent=2209"}],"curies":[{"name":"wp","href":"https:\/\/api.w.org\/{rel}","templated":true}]}}