{"id":2160,"date":"2016-08-30T03:34:00","date_gmt":"2016-08-30T07:34:00","guid":{"rendered":"https:\/\/www.esports-betting.pro\/es\/?page_id=2160"},"modified":"2016-08-30T03:34:00","modified_gmt":"2016-08-30T07:34:00","slug":"resena-draftkings","status":"publish","type":"page","link":"https:\/\/www.esports-betting.pro\/es\/sitios-apuestas-esports-2\/resena-draftkings\/","title":{"rendered":"Rese\u00f1a de DraftKings &#8211; eSports de fantas\u00eda"},"content":{"rendered":"<p style=\"text-align: justify\"><a href=\"https:\/\/www.esports-betting.pro\/es\/corredor-de-apuestas\/go_draftkings\" target=\"_blank\" rel=\"noopener\"><img loading=\"lazy\" decoding=\"async\" class=\"alignright wp-image-2162 size-full\" src=\"https:\/\/www.esports-betting.pro\/app\/uploads\/sites\/3\/2016\/08\/DraftKings-Logo-Apuestas-eSports.jpg\" alt=\"DraftsKings Logo\" width=\"250\" height=\"135\" \/><\/a>Los deportes de fantas\u00eda\u00a0 (daily fantasy sports, DFS) son un gran \u00e9xito en todo el mundo. Sin embargo, DraftKings se limita a jugadores de EE. UU. y Canad\u00e1 por los momentos. Estamos seguros de que muchos seguidores de eSports tambi\u00e9n apoyan las apuestas de fantas\u00eda de vez en cuando.\u00a0 En momentos necesarios (Vulcum reci\u00e9n cerr\u00f3 las apuestas de fantas\u00eda con dinero real), uno de los sitios de apuestas de DFS m\u00e1s grandes de EE. UU., DraftKings, ofrece competencias de eSports. En este resumen podr\u00e1n saber m\u00e1s acerca de los mercados de eSports diarios de fantas\u00eda en DraftKings.<\/p>\n<p style=\"text-align: center\">\n<h2>Mercados de eSports de fantas\u00eda en DraftKings<\/h2>\n<p style=\"text-align: justify\"><img loading=\"lazy\" decoding=\"async\" class=\"size-full wp-image-2165 alignleft\" src=\"https:\/\/www.esports-betting.pro\/app\/uploads\/sites\/3\/2016\/08\/DraftKings-eSports-de-Fantasia.jpg\" alt=\"DraftKings eSports de Fantasia\" width=\"160\" height=\"148\" \/>La cantidad de competencias en DraftKings es inigualable, pero la compa\u00f1\u00eda decidi\u00f3 entrar al mercado pensado solo en League of Legend. Si consideramos la popularidad de LoL, esa decisi\u00f3n no es una sorpresa; aunque gran parte de los jugadores de eSports estar\u00e1n decepcionados. En la actualidad, la compa\u00f1\u00eda tiene ligas diarias de fantas\u00eda para la <a href=\"https:\/\/www.esports-betting.pro\/es\/league-of-legends-lol\/lcs-temporada-6-2016\/\">LCS de League of Legends<\/a>.<\/p>\n<p style=\"text-align: justify\">Al crear su equipo de fantas\u00eda, tendr\u00e1n en sus manos $500.000 virtuales. Deber\u00e1n elegir una alineaci\u00f3n que consista en 8 jugadores por un m\u00ednimo de 2 juegos diferentes. El n\u00famero m\u00e1ximo de jugadores que se pueden elegir por equipo es 4.\u00a0 Las competencias DFS tienen tarifas de entrada flexibles, distintas bolsas de premios y varios tipos de torneos para arrancar.<\/p>\n<h3>\u00bfC\u00f3mo \u00a0encontrar\u00a0 eSports en DraftKings?<\/h3>\n<p style=\"text-align: justify\">DraftKings ha hecho justicia en los eSports y la ha mostrado en un lugar importante de su sitio web. Tan pronto como entran a la p\u00e1gina de inicio, pueden encontrar los eSports en la parte superior derecha en su pantalla.\u00a0 El sitio tambi\u00e9n tiene una secci\u00f3n dedicada a las <a href=\"https:\/\/www.esports-betting.pro\/es\/\">apuestas de eSports<\/a> con diferentes consejos y noticias sobre estas.<\/p>\n<p style=\"text-align: justify\"><a href=\"https:\/\/www.esports-betting.pro\/es\/corredor-de-apuestas\/go_draftkings\" target=\"_blank\" rel=\"noopener\"><img loading=\"lazy\" decoding=\"async\" class=\"aligncenter wp-image-2164 size-full\" src=\"https:\/\/www.esports-betting.pro\/app\/uploads\/sites\/3\/2016\/08\/C\u00f3mo-encontrar-los-eSports-en-DraftKings.jpg\" alt=\"C\u00f3mo encontrar los eSports en DraftKings\" width=\"700\" height=\"89\" \/><\/a><\/p>\n<h3>Bonos de apuestas de fantas\u00eda de DraftKings<\/h3>\n<p style=\"text-align: justify\">El sitio virtual les da la bienvenida a todos los jugadores nuevos al 100% con un bono de hasta $600. El bono se libera en incrementos peque\u00f1os a medida que juegan en torneos con dinero real, en vez de recibir de forma inmediata la suma total.<\/p>\n<p style=\"text-align: justify\"><a href=\"https:\/\/www.esports-betting.pro\/es\/corredor-de-apuestas\/go_draftkings\" target=\"_blank\" rel=\"nofollow noopener\"><img loading=\"lazy\" decoding=\"async\" class=\"aligncenter wp-image-2168 size-full\" src=\"https:\/\/www.esports-betting.pro\/app\/uploads\/sites\/3\/2015\/07\/DraftKings-Bonificacion-Fantasy-eSports.jpg\" alt=\"DraftKings eSports de Fantas\u00eda - Bono\" width=\"450\" height=\"60\" \/><\/a><\/p>\n<p style=\"text-align: center\">\n<p style=\"text-align: justify\">Al participar en un concurso de dinero real, si ganan o pierden ganar\u00e1n FPP (frequent player points; puntos de jugador frecuente). 100 FPP equivale a $1 de su bono liberado.<\/p>\n<h3>Opciones de pago<\/h3>\n<ul>\n<li style=\"text-align: justify\">DiscoverCard<\/li>\n<li style=\"text-align: justify\">American Express<\/li>\n<li style=\"text-align: justify\">Mastercard<\/li>\n<li style=\"text-align: justify\">VISA<\/li>\n<li style=\"text-align: justify\">Paypal<\/li>\n<\/ul>\n<p style=\"text-align: justify\">Esas son todas las opciones que pueden utilizar para depositar y retirar dinero. Adem\u00e1s, es posible retirar con cheques.<\/p>\n<h3>Licencia, bienvenidos jugadores de EE. UU.<\/h3>\n<p style=\"text-align: justify\">De acuerdo con las declaraciones de los representantes de DraftKings, la pr\u00e1ctica de deportes de fantas\u00eda t\u00e9cnicamente no se incluye dentro de apuestas o juegos de azar, por lo tanto, es legal en todo EE. UU. La compa\u00f1\u00eda tiene entre sus planes expandirse a latino am\u00e9rica, espa\u00f1a y otros pa\u00edses en el 2016. \u00a0La compa\u00f1\u00eda tiene su sede y licencia de empresa en los Estados Unidos. DraftKings paga sumas enormes cada d\u00eda que pasa y es uno de los sitios l\u00edderes de DFS en todo el pa\u00eds, es por ello que no deber\u00edan preocuparse\u00a0 por la seguridad de su dinero en estos momentos.<\/p>\n<p style=\"text-align: justify\"><a href=\"https:\/\/www.esports-betting.pro\/es\/corredor-de-apuestas\/go_draftkings\" target=\"_blank\" rel=\"noopener\"><img loading=\"lazy\" decoding=\"async\" class=\"aligncenter wp-image-2171 size-full\" src=\"https:\/\/www.esports-betting.pro\/app\/uploads\/sites\/3\/2016\/08\/DraftKings-Legaen-Estados-Unidos-y-Latinoamerica.jpg\" alt=\"DraftKings es legal en Estados Unidos y Latino Am\u00e9rica\" width=\"450\" height=\"60\" \/><\/a><\/p>\n<h3>Equipos y jugadores patrocinados de LoL<\/h3>\n<p style=\"text-align: justify\">Al entrar en el mercado de fantas\u00eda de dinero real de League of Legend, DraftKings anunci\u00f3 su asociaci\u00f3n con algunos de los equipos m\u00e1s populares de eSports, como CLG, TSM, Cloud9 y muchos m\u00e1s. El siguiente video fue publicado para mostrar estas nuevas alianzas.<\/p>\n<p><iframe loading=\"lazy\" title=\"Welcome to Fantasy eSports at DraftKings\" width=\"500\" height=\"281\" src=\"https:\/\/www.youtube.com\/embed\/ZYcDd2ov72Q?feature=oembed\" frameborder=\"0\" allow=\"accelerometer; autoplay; clipboard-write; encrypted-media; gyroscope; picture-in-picture; web-share\" referrerpolicy=\"strict-origin-when-cross-origin\" allowfullscreen><\/iframe><\/p>\n<h3>Atenci\u00f3n al cliente de DraftKings<\/h3>\n<p style=\"text-align: justify\">La p\u00e1gina web no ofrece un chat en vivo ni el soporte telef\u00f3nico al que todos hemos estado acostumbrados en los corredores de apuestas. Si tienen alguna consulta, deber\u00e1n recurrir al correo electr\u00f3nico o enviar una carta. Los horarios de atenci\u00f3n al cliente son\u00a0 9:00 am \u2013 11:00 pm de lunes a viernes y 10:00 am \u2013 7:00 pm EST los fines de semana.<\/p>\n<h3>Resumen general de las apuestas de fantas\u00eda de eSports en DraftKings<\/h3>\n<p style=\"text-align: justify\">DraftKings es el mejor sitio para deportes de fantas\u00eda, con una amplia variedad en todos los aspectos, excepto en uno, los mercados de eSports. Estamos esperanzados en que agregar\u00e1n m\u00e1s juegos en un futuro pr\u00f3ximo, a medida que la p\u00e1gina web ofrezca todo lo que los jugadores de fantas\u00eda necesitan.<\/p>\n<p style=\"text-align: center\">\n","protected":false},"excerpt":{"rendered":"<p>Los deportes de fantas\u00eda\u00a0 (daily fantasy sports, DFS) son un gran \u00e9xito en todo el mundo. Sin embargo, DraftKings se limita a jugadores de EE. UU. y Canad\u00e1 por los momentos. Estamos seguros de que muchos seguidores de eSports tambi\u00e9n apoyan las apuestas de fantas\u00eda de vez en cuando.\u00a0 En momentos necesarios (Vulcum reci\u00e9n cerr\u00f3 &hellip; <a href=\"https:\/\/www.esports-betting.pro\/es\/sitios-apuestas-esports-2\/resena-draftkings\/\">Continued<\/a><\/p>\n","protected":false},"author":24,"featured_media":0,"parent":689,"menu_order":0,"comment_status":"closed","ping_status":"closed","template":"","meta":{"_acf_changed":false,"footnotes":""},"acf":[],"yoast_head":"<!-- This site is optimized with the Yoast SEO plugin v22.6 - https:\/\/yoast.com\/wordpress\/plugins\/seo\/ -->\n<title>Rese\u00f1a de DraftKings - eSports de Fantas\u00eda | Apuestas eSports<\/title>\n<meta name=\"description\" content=\"Toda la informaci\u00f3n que necesitas saber de DraftKings y sus eSports de Fantas\u00eda, apuestas, premios, formas de pago, bonos y mucho m\u00e1s.\" \/>\n<meta name=\"robots\" content=\"index, follow, max-snippet:-1, max-image-preview:large, max-video-preview:-1\" \/>\n<link rel=\"canonical\" href=\"https:\/\/www.esports-betting.pro\/es\/sitios-apuestas-esports-2\/resena-draftkings\/\" \/>\n<meta property=\"og:locale\" content=\"es_ES\" \/>\n<meta property=\"og:type\" content=\"article\" \/>\n<meta property=\"og:title\" content=\"Rese\u00f1a de DraftKings - eSports de Fantas\u00eda | Apuestas eSports\" \/>\n<meta property=\"og:description\" content=\"Toda la informaci\u00f3n que necesitas saber de DraftKings y sus eSports de Fantas\u00eda, apuestas, premios, formas de pago, bonos y mucho m\u00e1s.\" \/>\n<meta property=\"og:url\" content=\"https:\/\/www.esports-betting.pro\/es\/sitios-apuestas-esports-2\/resena-draftkings\/\" \/>\n<meta property=\"og:site_name\" content=\"Esports Betting - ES\" \/>\n<meta property=\"og:image\" content=\"https:\/\/www.esports-betting.pro\/app\/uploads\/sites\/3\/2016\/08\/DraftKings-Logo-Apuestas-eSports.jpg\" \/>\n<meta name=\"twitter:card\" content=\"summary_large_image\" \/>\n<meta name=\"twitter:label1\" content=\"Est. reading time\" \/>\n\t<meta name=\"twitter:data1\" content=\"4 minutos\" \/>\n<script type=\"application\/ld+json\" class=\"yoast-schema-graph\">{\"@context\":\"https:\/\/schema.org\",\"@graph\":[{\"@type\":\"WebPage\",\"@id\":\"https:\/\/www.esports-betting.pro\/es\/sitios-apuestas-esports-2\/resena-draftkings\/\",\"url\":\"https:\/\/www.esports-betting.pro\/es\/sitios-apuestas-esports-2\/resena-draftkings\/\",\"name\":\"Rese\u00f1a de DraftKings - eSports de Fantas\u00eda | Apuestas eSports\",\"isPartOf\":{\"@id\":\"https:\/\/www.esports-betting.pro\/es\/#website\"},\"primaryImageOfPage\":{\"@id\":\"https:\/\/www.esports-betting.pro\/es\/sitios-apuestas-esports-2\/resena-draftkings\/#primaryimage\"},\"image\":{\"@id\":\"https:\/\/www.esports-betting.pro\/es\/sitios-apuestas-esports-2\/resena-draftkings\/#primaryimage\"},\"thumbnailUrl\":\"https:\/\/www.esports-betting.pro\/app\/uploads\/sites\/3\/2016\/08\/DraftKings-Logo-Apuestas-eSports.jpg\",\"datePublished\":\"2016-08-30T07:34:00+00:00\",\"dateModified\":\"2016-08-30T07:34:00+00:00\",\"description\":\"Toda la informaci\u00f3n que necesitas saber de DraftKings y sus eSports de Fantas\u00eda, apuestas, premios, formas de pago, bonos y mucho m\u00e1s.\",\"breadcrumb\":{\"@id\":\"https:\/\/www.esports-betting.pro\/es\/sitios-apuestas-esports-2\/resena-draftkings\/#breadcrumb\"},\"inLanguage\":\"es\",\"potentialAction\":[{\"@type\":\"ReadAction\",\"target\":[\"https:\/\/www.esports-betting.pro\/es\/sitios-apuestas-esports-2\/resena-draftkings\/\"]}]},{\"@type\":\"ImageObject\",\"inLanguage\":\"es\",\"@id\":\"https:\/\/www.esports-betting.pro\/es\/sitios-apuestas-esports-2\/resena-draftkings\/#primaryimage\",\"url\":\"https:\/\/www.esports-betting.pro\/app\/uploads\/sites\/3\/2016\/08\/DraftKings-Logo-Apuestas-eSports.jpg\",\"contentUrl\":\"https:\/\/www.esports-betting.pro\/app\/uploads\/sites\/3\/2016\/08\/DraftKings-Logo-Apuestas-eSports.jpg\"},{\"@type\":\"BreadcrumbList\",\"@id\":\"https:\/\/www.esports-betting.pro\/es\/sitios-apuestas-esports-2\/resena-draftkings\/#breadcrumb\",\"itemListElement\":[{\"@type\":\"ListItem\",\"position\":1,\"name\":\"Home\",\"item\":\"https:\/\/www.esports-betting.pro\/es\/\"},{\"@type\":\"ListItem\",\"position\":2,\"name\":\"Rese\u00f1as de Corredores de Apuestas\",\"item\":\"https:\/\/www.esports-betting.pro\/es\/sitios-apuestas-esports-2\/\"},{\"@type\":\"ListItem\",\"position\":3,\"name\":\"Rese\u00f1a de DraftKings &#8211; eSports de fantas\u00eda\"}]},{\"@type\":\"WebSite\",\"@id\":\"https:\/\/www.esports-betting.pro\/es\/#website\",\"url\":\"https:\/\/www.esports-betting.pro\/es\/\",\"name\":\"Esports Betting - ES\",\"description\":\"Just another Esports Betting Sites site\",\"potentialAction\":[{\"@type\":\"SearchAction\",\"target\":{\"@type\":\"EntryPoint\",\"urlTemplate\":\"https:\/\/www.esports-betting.pro\/es\/?s={search_term_string}\"},\"query-input\":\"required name=search_term_string\"}],\"inLanguage\":\"es\"}]}<\/script>\n<!-- \/ Yoast SEO plugin. -->","yoast_head_json":{"title":"Rese\u00f1a de DraftKings - eSports de Fantas\u00eda | Apuestas eSports","description":"Toda la informaci\u00f3n que necesitas saber de DraftKings y sus eSports de Fantas\u00eda, apuestas, premios, formas de pago, bonos y mucho m\u00e1s.","robots":{"index":"index","follow":"follow","max-snippet":"max-snippet:-1","max-image-preview":"max-image-preview:large","max-video-preview":"max-video-preview:-1"},"canonical":"https:\/\/www.esports-betting.pro\/es\/sitios-apuestas-esports-2\/resena-draftkings\/","og_locale":"es_ES","og_type":"article","og_title":"Rese\u00f1a de DraftKings - eSports de Fantas\u00eda | Apuestas eSports","og_description":"Toda la informaci\u00f3n que necesitas saber de DraftKings y sus eSports de Fantas\u00eda, apuestas, premios, formas de pago, bonos y mucho m\u00e1s.","og_url":"https:\/\/www.esports-betting.pro\/es\/sitios-apuestas-esports-2\/resena-draftkings\/","og_site_name":"Esports Betting - ES","og_image":[{"url":"https:\/\/www.esports-betting.pro\/app\/uploads\/sites\/3\/2016\/08\/DraftKings-Logo-Apuestas-eSports.jpg"}],"twitter_card":"summary_large_image","twitter_misc":{"Est. reading time":"4 minutos"},"schema":{"@context":"https:\/\/schema.org","@graph":[{"@type":"WebPage","@id":"https:\/\/www.esports-betting.pro\/es\/sitios-apuestas-esports-2\/resena-draftkings\/","url":"https:\/\/www.esports-betting.pro\/es\/sitios-apuestas-esports-2\/resena-draftkings\/","name":"Rese\u00f1a de DraftKings - eSports de Fantas\u00eda | Apuestas eSports","isPartOf":{"@id":"https:\/\/www.esports-betting.pro\/es\/#website"},"primaryImageOfPage":{"@id":"https:\/\/www.esports-betting.pro\/es\/sitios-apuestas-esports-2\/resena-draftkings\/#primaryimage"},"image":{"@id":"https:\/\/www.esports-betting.pro\/es\/sitios-apuestas-esports-2\/resena-draftkings\/#primaryimage"},"thumbnailUrl":"https:\/\/www.esports-betting.pro\/app\/uploads\/sites\/3\/2016\/08\/DraftKings-Logo-Apuestas-eSports.jpg","datePublished":"2016-08-30T07:34:00+00:00","dateModified":"2016-08-30T07:34:00+00:00","description":"Toda la informaci\u00f3n que necesitas saber de DraftKings y sus eSports de Fantas\u00eda, apuestas, premios, formas de pago, bonos y mucho m\u00e1s.","breadcrumb":{"@id":"https:\/\/www.esports-betting.pro\/es\/sitios-apuestas-esports-2\/resena-draftkings\/#breadcrumb"},"inLanguage":"es","potentialAction":[{"@type":"ReadAction","target":["https:\/\/www.esports-betting.pro\/es\/sitios-apuestas-esports-2\/resena-draftkings\/"]}]},{"@type":"ImageObject","inLanguage":"es","@id":"https:\/\/www.esports-betting.pro\/es\/sitios-apuestas-esports-2\/resena-draftkings\/#primaryimage","url":"https:\/\/www.esports-betting.pro\/app\/uploads\/sites\/3\/2016\/08\/DraftKings-Logo-Apuestas-eSports.jpg","contentUrl":"https:\/\/www.esports-betting.pro\/app\/uploads\/sites\/3\/2016\/08\/DraftKings-Logo-Apuestas-eSports.jpg"},{"@type":"BreadcrumbList","@id":"https:\/\/www.esports-betting.pro\/es\/sitios-apuestas-esports-2\/resena-draftkings\/#breadcrumb","itemListElement":[{"@type":"ListItem","position":1,"name":"Home","item":"https:\/\/www.esports-betting.pro\/es\/"},{"@type":"ListItem","position":2,"name":"Rese\u00f1as de Corredores de Apuestas","item":"https:\/\/www.esports-betting.pro\/es\/sitios-apuestas-esports-2\/"},{"@type":"ListItem","position":3,"name":"Rese\u00f1a de DraftKings &#8211; eSports de fantas\u00eda"}]},{"@type":"WebSite","@id":"https:\/\/www.esports-betting.pro\/es\/#website","url":"https:\/\/www.esports-betting.pro\/es\/","name":"Esports Betting - ES","description":"Just another Esports Betting Sites site","potentialAction":[{"@type":"SearchAction","target":{"@type":"EntryPoint","urlTemplate":"https:\/\/www.esports-betting.pro\/es\/?s={search_term_string}"},"query-input":"required name=search_term_string"}],"inLanguage":"es"}]}},"_links":{"self":[{"href":"https:\/\/www.esports-betting.pro\/es\/wp-json\/wp\/v2\/pages\/2160"}],"collection":[{"href":"https:\/\/www.esports-betting.pro\/es\/wp-json\/wp\/v2\/pages"}],"about":[{"href":"https:\/\/www.esports-betting.pro\/es\/wp-json\/wp\/v2\/types\/page"}],"author":[{"embeddable":true,"href":"https:\/\/www.esports-betting.pro\/es\/wp-json\/wp\/v2\/users\/24"}],"replies":[{"embeddable":true,"href":"https:\/\/www.esports-betting.pro\/es\/wp-json\/wp\/v2\/comments?post=2160"}],"version-history":[{"count":0,"href":"https:\/\/www.esports-betting.pro\/es\/wp-json\/wp\/v2\/pages\/2160\/revisions"}],"up":[{"embeddable":true,"href":"https:\/\/www.esports-betting.pro\/es\/wp-json\/wp\/v2\/pages\/689"}],"wp:attachment":[{"href":"https:\/\/www.esports-betting.pro\/es\/wp-json\/wp\/v2\/media?parent=2160"}],"curies":[{"name":"wp","href":"https:\/\/api.w.org\/{rel}","templated":true}]}}