{"id":2115,"date":"2016-08-25T08:59:13","date_gmt":"2016-08-25T08:59:13","guid":{"rendered":"https:\/\/www.esports-betting.pro\/es\/?page_id=2115"},"modified":"2016-08-25T08:59:13","modified_gmt":"2016-08-25T08:59:13","slug":"gran-final-y-3er-lugar","status":"publish","type":"page","link":"https:\/\/www.esports-betting.pro\/es\/league-of-legends-lol\/lcs-temporada-6-2016\/playoffs-split-de-verano\/gran-final-y-3er-lugar\/","title":{"rendered":"LCS Playoffs del Split de Verano 2016 | Final y 3er Lugar"},"content":{"rendered":"<p style=\"text-align: justify\"><img loading=\"lazy\" decoding=\"async\" class=\"alignright wp-image-539\" src=\"https:\/\/www.esports-betting.pro\/app\/uploads\/sites\/3\/2015\/11\/LCS-6ta-Temporada-Logo-2016.jpg\" alt=\"LCS 6ta Temporada Logo 2016\" width=\"211\" height=\"87\" \/>Luego de unos incre\u00edbles partidos durante los cuartos de final de los Playoffs del Split de Verano de la LCS 2016, ya sabemos qu\u00e9 equipos participar\u00e1n en la final y el partido por el 3er lugar. En la EU LCS, los finalistas son G2 Esports y Splyce, estoy seguro que ambos equipos dar\u00e1n lo mejor de s\u00ed mismo; \u00bfpodr\u00e1 G2 Esports volver a coronarse nuevamente como campe\u00f3n de la EU LCS?<\/p>\n<p style=\"text-align: justify\">Al otro lado del charco en la NA LCS, los finalistas son Cloud9 y Team SoloMid, recordemos que Cloud9 pas\u00f3 a la gran final derrotando a Immortals, que al igual que los Playoffs del Split de Primavera, quedaron en 3er lugar. En el caso de TSM derrot\u00f3 con facilidad a Counter Logic Gaming.<\/p>\n<p style=\"text-align: justify\">El ganador de los Playoffs de Verano de la \u00a0EU LCS y NA LCS clasificar\u00e1 directamente al <a href=\"https:\/\/www.esports-betting.pro\/es\/league-of-legends-lol\/campeonato-mundial-2016-6ta-temporada\/\">Campeonato Mundial de League of Legends 2016<\/a>, los equipos que no logren clasificar por esta v\u00eda a\u00fan podr\u00e1n hacerlo a trav\u00e9s del acumulado que tengan de los Puntos Campeonato o a trav\u00e9s de Torneo de Clasificatorias Regionales.<\/p>\n<p style=\"text-align: justify\">\u00a1No te pierdas la transmisi\u00f3n en vivo, programaci\u00f3n, hora de inicio, probabilidades de apuestas, estad\u00edsticas de los jugadores y mucho m\u00e1s, aqu\u00ed, en Apuestas-Esports!<\/p>\n<p><a href=\"https:\/\/www.esports-betting.pro\/es\/league-of-legends-lol\/lcs-temporada-6-2016\/playoffs-split-de-verano\/\">Playoffs del Split de\u00a0Verano\u00a02016<\/a> &gt; <strong>Final<\/strong><\/p>\n<h2><img loading=\"lazy\" decoding=\"async\" class=\"alignnone size-full wp-image-1261\" src=\"https:\/\/www.esports-betting.pro\/app\/uploads\/sites\/3\/2016\/03\/League-of-Legends-Icono-Boton.jpg\" alt=\"League of Legends Icono\" width=\"20\" height=\"20\" \/>\u00a0Playoffs de Verano\u00a0\u2013 Final y 3er Lugar\u00a0| Datos:<\/h2>\n<h3><span style=\"color: #ffffff;background-color: #333333\">EU LCS\u00a0\u2013 Playoffs<\/span><\/h3>\n<h3 style=\"text-align: justify\"><img loading=\"lazy\" decoding=\"async\" class=\"alignright wp-image-538\" src=\"https:\/\/www.esports-betting.pro\/app\/uploads\/sites\/3\/2015\/11\/LCS-6ta-Temporada-EU-Logo-2016-300x144.jpg\" alt=\"LCS-6ta-Temporada-EU-Logo-2016\" width=\"250\" height=\"120\" \/><\/h3>\n<ul>\n<li><strong>Fecha:<\/strong> 08\/27\/2016 \u2013 08\/28\/2016<\/li>\n<li><strong>Hora de Inicio:<\/strong> 08:00 AM PDT\/ 11:00 AM EDT\/ 17:00 CEST<\/li>\n<li><strong>Formato:<\/strong> 2 partidos\u00a0|\u00a0Una seria al mejor de 5 por partido<\/li>\n<li><strong>Localizaci\u00f3n:<\/strong> EU LCS Studio \/ Arena \u2013 Krakau,\u00a0Poland<\/li>\n<li><strong>Parche:<\/strong> LoL 6.15<\/li>\n<li><a href=\"https:\/\/www.esports-betting.pro\/es\/league-of-legends-lol\/\">Apuestas en League of Legends<\/a><\/li>\n<li style=\"text-align: justify\"><a href=\"#TransmisionEnVivo\">Transmisi\u00f3n en vivo<\/a> para todos los partidos<\/li>\n<li style=\"text-align: justify\">Probabilidades de Apuestas disponibles para todos los partidos<\/li>\n<li style=\"text-align: justify\">Hashtags: #LCS<\/li>\n<li style=\"text-align: justify\">Hashtags de las Mejores Jugadas: #LCSBigPlays<\/li>\n<\/ul>\n<h3><span style=\"color: #ffffff;background-color: #333333\">NA LCS\u00a0\u2013 Playoffs<\/span><\/h3>\n<h3 style=\"text-align: justify\"><img loading=\"lazy\" decoding=\"async\" class=\"alignright wp-image-540\" src=\"https:\/\/www.esports-betting.pro\/app\/uploads\/sites\/3\/2015\/11\/LCS-6ta-Temporada-NA-Logo-2016-300x143.jpg\" alt=\"LCS-6ta-Temporada-NA-Logo-2016\" width=\"250\" height=\"119\" \/><\/h3>\n<ul>\n<li><strong>Fecha:<\/strong> 08\/27\/2016 \u2013 08\/28\/2016<\/li>\n<li><strong>Hora de Inicio:<\/strong> 12:00 PM PDT\/ 03:00 PM EDT\/ 21:00 CEST<\/li>\n<li><strong>Formato:<\/strong> 2 partidos\u00a0|\u00a0Una seria al mejor de 5 por partido<\/li>\n<li><strong>Localizaci\u00f3n:<\/strong> NA LCS Studio \u2013 Toronto, Canada<\/li>\n<li><strong>Parche:<\/strong> LoL 6.15<\/li>\n<li style=\"text-align: justify\"><a href=\"#TransmisionEnVivo\">Transmisi\u00f3n en vivo<\/a> para todos los partidos<\/li>\n<li style=\"text-align: justify\">Probabilidades de Apuestas disponibles para todos los partidos<\/li>\n<li style=\"text-align: justify\">Hashtags: #LCS<\/li>\n<li style=\"text-align: justify\">Hashtags de las Mejores Jugadas: #LCSBigPlays<\/li>\n<\/ul>\n<h2 style=\"text-align: left\"><img loading=\"lazy\" decoding=\"async\" class=\"alignnone size-full wp-image-1261\" src=\"https:\/\/www.esports-betting.pro\/app\/uploads\/sites\/3\/2016\/03\/League-of-Legends-Icono-Boton.jpg\" alt=\"League of Legends Icono\" width=\"20\" height=\"20\" \/>\u00a0Programaci\u00f3n y Resultados<\/h2>\n<h3><span style=\"color: #ffffff;background-color: #333333\">EU LCS\u00a0\u2013 Playoffs<\/span><\/h3>\n<p><strong>Tercer Lugar: <img loading=\"lazy\" decoding=\"async\" class=\"alignnone wp-image-510 size-full\" src=\"https:\/\/www.esports-betting.pro\/app\/uploads\/sites\/3\/2015\/11\/logo-lcs-eu-equipo-unicorns-of-love-2016-pequeno.png\" alt=\"Unicorns of Love EU LCS Equipo Logo LoL\" width=\"32\" height=\"32\" \/>\u00a0Unicorns of Love\u00a0<span style=\"color: #ff0000\">vs.<\/span>\u00a0<img loading=\"lazy\" decoding=\"async\" class=\"alignnone size-full wp-image-1602\" src=\"https:\/\/www.esports-betting.pro\/app\/uploads\/sites\/3\/2015\/11\/H2K-Gaming-EU-LCS-Equipo-Logo-LoL.jpg\" alt=\"H2K Gaming EU LCS Equipo Logo LoL\" width=\"32\" height=\"32\" \/>\u00a0<\/strong><strong>H2K Gaming\u00a0 <span style=\"background-color: #000000\"><span style=\"color: #3366ff\">\u00a0 1<\/span>\u00a0 <span style=\"color: #ffffff\">:\u00a0<\/span> <span style=\"color: #ff0000\">3 \u00a0<\/span><\/span><br \/>\n<\/strong>Hora de Inicio: 27 de agosto, 08:00 AM PDT \/ 11:00 AM EDT \/ 17:00 CEST<\/p>\n<p><strong>Gran Final:\u00a0<img loading=\"lazy\" decoding=\"async\" class=\"alignnone wp-image-743 size-full\" src=\"https:\/\/www.esports-betting.pro\/app\/uploads\/sites\/3\/2015\/11\/Splyce-EU-LCS-Team-Logo-small.jpg\" alt=\"Splyce EU LCS Equipo Logo LoL\" width=\"32\" height=\"32\" \/>\u00a0Splyce<\/strong><strong>\u00a0<span style=\"color: #ff0000\">vs.<\/span>\u00a0<img loading=\"lazy\" decoding=\"async\" class=\"alignnone wp-image-767 size-full\" src=\"https:\/\/www.esports-betting.pro\/app\/uploads\/sites\/3\/2015\/11\/G2-Esports-EU-Team-LCS-2016-small.jpg\" alt=\"G2 Esports EU LCS Equipo Logo LoL\" width=\"32\" height=\"32\" \/><\/strong><strong>\u00a0G2 Esports<br \/>\n<\/strong>Hora de Inicio: 28 de agosto, 08:00 AM PDT \/ 11:00 AM EDT \/ 17:00 CEST<strong>\u00a0 <span style=\"background-color: #000000\"><span style=\"color: #3366ff\">\u00a0 1<\/span>\u00a0\u00a0<span style=\"color: #ffffff\">:\u00a0<\/span> <span style=\"color: #ff0000\">3\u00a0\u00a0<\/span><\/span><\/strong><\/p>\n<h3><span style=\"color: #ffffff;background-color: #333333\">NA LCS\u00a0\u2013 Playoffs<\/span><\/h3>\n<p style=\"text-align: justify\"><strong>Tercer Lugar: <img loading=\"lazy\" decoding=\"async\" class=\"alignnone size-full wp-image-1612\" src=\"https:\/\/www.esports-betting.pro\/app\/uploads\/sites\/3\/2016\/05\/Immortals-NA-LCS-Equipo-Logo-LoL-.jpg\" alt=\"Immortals NA LCS Equipo Logo LoL\" width=\"32\" height=\"32\" data-pin-nopin=\"true\" \/>\u00a0Immortals\u00a0<span style=\"color: #ff0000\">vs.<\/span>\u00a0<img loading=\"lazy\" decoding=\"async\" class=\"alignnone size-full wp-image-468\" src=\"https:\/\/www.esports-betting.pro\/app\/uploads\/sites\/3\/2015\/11\/logo-lcs-equipo-clg-2016-pequeno.png\" alt=\"Counter Logic Gaming NA LCS Equipo Logo LoL\" width=\"32\" height=\"32\" \/>\u00a0Counter Logic Gaming\u00a0 <span style=\"background-color: #000000\"><span style=\"color: #3366ff\">\u00a0 3<\/span>\u00a0\u00a0<span style=\"color: #ffffff\">:\u00a0<\/span> <span style=\"color: #ff0000\">2\u00a0\u00a0<\/span><\/span><br \/>\n<\/strong>Hora de Inicio: 27 de agosto, 12:00 PM PDT \/ 15:00 PM EDT \/\u00a021:00 CEST<\/p>\n<p style=\"text-align: justify\"><strong>Final: <img loading=\"lazy\" decoding=\"async\" class=\"alignnone size-full wp-image-469\" src=\"https:\/\/www.esports-betting.pro\/app\/uploads\/sites\/3\/2015\/11\/logo-lcs-equipo-cloud9-2016-pequeno.png\" alt=\"Cloud9 NA LCS Equipo Logo LoL\" width=\"32\" height=\"32\" \/>\u00a0Cloud9<strong>\u00a0<span style=\"color: #ff0000\">vs.<\/span>\u00a0<img loading=\"lazy\" decoding=\"async\" class=\"alignnone size-full wp-image-477\" src=\"https:\/\/www.esports-betting.pro\/app\/uploads\/sites\/3\/2015\/11\/logo-lcs-equipo-tsm-2016-pequeno.png\" alt=\"Team SoloMid NA LCS Equipo Logo LoL\" width=\"32\" height=\"32\" \/>\u00a0Team SoloMid<\/strong><\/strong><br \/>\nHora de Inicio: 28 de agosto, 12:00 PM PDT \/ 15:00 PM EDT \/\u00a021:00 CEST<strong>\u00a0 <span style=\"background-color: #000000\"><span style=\"color: #3366ff\">\u00a0 1<\/span>\u00a0\u00a0<span style=\"color: #ffffff\">:\u00a0<\/span> <span style=\"color: #ff0000\">3\u00a0\u00a0<\/span><\/span><\/strong><\/p>\n<h2 style=\"text-align: left\"><img loading=\"lazy\" decoding=\"async\" class=\"alignnone size-full wp-image-1261\" src=\"https:\/\/www.esports-betting.pro\/app\/uploads\/sites\/3\/2016\/03\/League-of-Legends-Icono-Boton.jpg\" alt=\"League of Legends Icono\" width=\"20\" height=\"20\" \/>Probabilidades de Apuestas &#8211;\u00a0Gran Final y 3er lugar<\/h2>\n<p style=\"text-align: justify\">Bet365 ofrece probabilidades de apuestas para los partidos de la final de los Playoffs del Split de Verano 2016. \u00bfQu\u00e9 esperas? \u00a1An\u00edmate y apu\u00e9stale a tu equipo favorito!<\/p>\n<p style=\"text-align: justify\"><a href=\"https:\/\/www.esports-betting.pro\/es\/corredor-de-apuestas\/go_bet365\" target=\"_blank\" rel=\"noopener\"><img loading=\"lazy\" decoding=\"async\" class=\"aligncenter wp-image-63 size-full\" src=\"https:\/\/www.esports-betting.pro\/app\/uploads\/sites\/3\/2015\/08\/Apuestas_eSports_Bet365-banner.jpg\" alt=\"Apuestas eSports Bet365 banner\" width=\"450\" height=\"86\" \/><\/a><\/p>\n<p style=\"text-align: justify\"><a href=\"https:\/\/www.esports-betting.pro\/es\/corredor-de-apuestas\/go_bet365\" target=\"_blank\" rel=\"noopener\"><img loading=\"lazy\" decoding=\"async\" class=\"aligncenter wp-image-2120 size-full\" src=\"https:\/\/www.esports-betting.pro\/app\/uploads\/sites\/3\/2016\/08\/EU-LCS-2016-Split-de-Verano-Playoffs-Final-Probabilidades-de-Apuestas-en-Bet365.jpg\" alt=\"EU LCS 2016 Split de Verano Playoffs Final Probabilidades de Apuestas en Bet365\" width=\"480\" height=\"146\" \/><\/a><\/p>\n<p style=\"text-align: justify\"><a href=\"https:\/\/www.esports-betting.pro\/es\/corredor-de-apuestas\/go_bet365\" target=\"_blank\" rel=\"noopener\"><img loading=\"lazy\" decoding=\"async\" class=\"aligncenter wp-image-2121 size-full\" src=\"https:\/\/www.esports-betting.pro\/app\/uploads\/sites\/3\/2016\/08\/NA-LCS-2016-Split-de-Verano-Playoffs-Final-Probabilidades-de-Apuestas-en-Bet365.jpg\" alt=\"NA LCS 2016 Split de Verano Playoffs Final Probabilidades de Apuestas en Bet365\" width=\"480\" height=\"146\" \/><\/a><\/p>\n<h2 style=\"text-align: left\">Predicciones<\/h2>\n<p>En estos enlaces podr\u00e1s leer las predicciones para la gran final y tercer lugar de los Playoffs de Verano 2016 de la\u00a0EU LCS y para la NA LCS (ambos enlaces en ingl\u00e9s)<\/p>\n<h2><a name=\"TransmisionEnVivo\"><\/a>Transmisi\u00f3n en Vivo<\/h2>\n<p style=\"text-align: justify\">Todos los partidos de la 6ta Temporada de la LCS ser\u00e1n transmitidos en vivo por Youtube, Twitch y Azubu. \u00a1Tambi\u00e9n puedes ver la transmisi\u00f3n de los partidos aqu\u00ed en nuestra p\u00e1gina web, solo debes hacer clic en el bot\u00f3n de \u201cplay\u201d mientras la luz roja est\u00e9 encendida! M\u00e1s informaci\u00f3n sobre la transmisi\u00f3n en vivo, programaci\u00f3n y horas de transmisi\u00f3n ser\u00e1n publicados cuando est\u00e9n confirmados.<\/p>\n<p style=\"text-align: justify\"><strong>Tambi\u00e9n podr\u00edas estar interesado en:<\/strong><\/p>\n<p style=\"text-align: justify\"><a href=\"https:\/\/www.esports-betting.pro\/es\/league-of-legends-lol\/campeonato-mundial-2016-6ta-temporada\/\">Mundial de LoL 2016 \u2013 Resumen del torneo<br \/>\n<\/a><a href=\"https:\/\/www.esports-betting.pro\/es\/league-of-legends-lol\/campeonato-mundial-2016-6ta-temporada\/apuestas-mundial-lol-2016\/\">Mundial de LoL 2016 \u2013 Probabilidades de Apuestas<\/a><br \/>\n<a href=\"https:\/\/www.esports-betting.pro\/es\/\">Apuestas Esports<\/a><\/p>\n","protected":false},"excerpt":{"rendered":"<p>Luego de unos incre\u00edbles partidos durante los cuartos de final de los Playoffs del Split de Verano de la LCS 2016, ya sabemos qu\u00e9 equipos participar\u00e1n en la final y el partido por el 3er lugar. En la EU LCS, los finalistas son G2 Esports y Splyce, estoy seguro que ambos equipos dar\u00e1n lo mejor &hellip; <a href=\"https:\/\/www.esports-betting.pro\/es\/league-of-legends-lol\/lcs-temporada-6-2016\/playoffs-split-de-verano\/gran-final-y-3er-lugar\/\">Continued<\/a><\/p>\n","protected":false},"author":24,"featured_media":0,"parent":1945,"menu_order":0,"comment_status":"closed","ping_status":"closed","template":"","meta":{"_acf_changed":false,"footnotes":""},"acf":[],"yoast_head":"<!-- This site is optimized with the Yoast SEO plugin v22.6 - https:\/\/yoast.com\/wordpress\/plugins\/seo\/ -->\n<title>LCS Playoff del Split de Verano 2016 | Final y 3er Lugar<\/title>\n<meta name=\"description\" content=\"\u00a1Toda la informaci\u00f3n que necesitas de la Final y el 3er lugar de los Playoffs del Split de Verano 2016; horarios, equipos, fechas, transmisi\u00f3n en vivo!\" \/>\n<meta name=\"robots\" content=\"index, follow, max-snippet:-1, max-image-preview:large, max-video-preview:-1\" \/>\n<link rel=\"canonical\" href=\"https:\/\/www.esports-betting.pro\/es\/league-of-legends-lol\/lcs-temporada-6-2016\/playoffs-split-de-verano\/gran-final-y-3er-lugar\/\" \/>\n<meta property=\"og:locale\" content=\"es_ES\" \/>\n<meta property=\"og:type\" content=\"article\" \/>\n<meta property=\"og:title\" content=\"LCS Playoff del Split de Verano 2016 | Final y 3er Lugar\" \/>\n<meta property=\"og:description\" content=\"\u00a1Toda la informaci\u00f3n que necesitas de la Final y el 3er lugar de los Playoffs del Split de Verano 2016; horarios, equipos, fechas, transmisi\u00f3n en vivo!\" \/>\n<meta property=\"og:url\" content=\"https:\/\/www.esports-betting.pro\/es\/league-of-legends-lol\/lcs-temporada-6-2016\/playoffs-split-de-verano\/gran-final-y-3er-lugar\/\" \/>\n<meta property=\"og:site_name\" content=\"Esports Betting - ES\" \/>\n<meta property=\"og:image\" content=\"https:\/\/www.esports-betting.pro\/app\/uploads\/sites\/3\/2015\/11\/LCS-6ta-Temporada-Logo-2016.jpg\" \/>\n<meta name=\"twitter:card\" content=\"summary_large_image\" \/>\n<meta name=\"twitter:label1\" content=\"Est. reading time\" \/>\n\t<meta name=\"twitter:data1\" content=\"3 minutos\" \/>\n<script type=\"application\/ld+json\" class=\"yoast-schema-graph\">{\"@context\":\"https:\/\/schema.org\",\"@graph\":[{\"@type\":\"WebPage\",\"@id\":\"https:\/\/www.esports-betting.pro\/es\/league-of-legends-lol\/lcs-temporada-6-2016\/playoffs-split-de-verano\/gran-final-y-3er-lugar\/\",\"url\":\"https:\/\/www.esports-betting.pro\/es\/league-of-legends-lol\/lcs-temporada-6-2016\/playoffs-split-de-verano\/gran-final-y-3er-lugar\/\",\"name\":\"LCS Playoff del Split de Verano 2016 | Final y 3er Lugar\",\"isPartOf\":{\"@id\":\"https:\/\/www.esports-betting.pro\/es\/#website\"},\"primaryImageOfPage\":{\"@id\":\"https:\/\/www.esports-betting.pro\/es\/league-of-legends-lol\/lcs-temporada-6-2016\/playoffs-split-de-verano\/gran-final-y-3er-lugar\/#primaryimage\"},\"image\":{\"@id\":\"https:\/\/www.esports-betting.pro\/es\/league-of-legends-lol\/lcs-temporada-6-2016\/playoffs-split-de-verano\/gran-final-y-3er-lugar\/#primaryimage\"},\"thumbnailUrl\":\"https:\/\/www.esports-betting.pro\/app\/uploads\/sites\/3\/2015\/11\/LCS-6ta-Temporada-Logo-2016.jpg\",\"datePublished\":\"2016-08-25T08:59:13+00:00\",\"dateModified\":\"2016-08-25T08:59:13+00:00\",\"description\":\"\u00a1Toda la informaci\u00f3n que necesitas de la Final y el 3er lugar de los Playoffs del Split de Verano 2016; horarios, equipos, fechas, transmisi\u00f3n en vivo!\",\"breadcrumb\":{\"@id\":\"https:\/\/www.esports-betting.pro\/es\/league-of-legends-lol\/lcs-temporada-6-2016\/playoffs-split-de-verano\/gran-final-y-3er-lugar\/#breadcrumb\"},\"inLanguage\":\"es\",\"potentialAction\":[{\"@type\":\"ReadAction\",\"target\":[\"https:\/\/www.esports-betting.pro\/es\/league-of-legends-lol\/lcs-temporada-6-2016\/playoffs-split-de-verano\/gran-final-y-3er-lugar\/\"]}]},{\"@type\":\"ImageObject\",\"inLanguage\":\"es\",\"@id\":\"https:\/\/www.esports-betting.pro\/es\/league-of-legends-lol\/lcs-temporada-6-2016\/playoffs-split-de-verano\/gran-final-y-3er-lugar\/#primaryimage\",\"url\":\"https:\/\/www.esports-betting.pro\/app\/uploads\/sites\/3\/2015\/11\/LCS-6ta-Temporada-Logo-2016.jpg\",\"contentUrl\":\"https:\/\/www.esports-betting.pro\/app\/uploads\/sites\/3\/2015\/11\/LCS-6ta-Temporada-Logo-2016.jpg\"},{\"@type\":\"BreadcrumbList\",\"@id\":\"https:\/\/www.esports-betting.pro\/es\/league-of-legends-lol\/lcs-temporada-6-2016\/playoffs-split-de-verano\/gran-final-y-3er-lugar\/#breadcrumb\",\"itemListElement\":[{\"@type\":\"ListItem\",\"position\":1,\"name\":\"Home\",\"item\":\"https:\/\/www.esports-betting.pro\/es\/\"},{\"@type\":\"ListItem\",\"position\":2,\"name\":\"Apuestas en League of Legends (LoL) | Sitios de apuestas y cuotas\",\"item\":\"https:\/\/www.esports-betting.pro\/es\/league-of-legends-lol\/\"},{\"@type\":\"ListItem\",\"position\":3,\"name\":\"LCS 6ta Temporada | League of Legends LCS 2016\",\"item\":\"https:\/\/www.esports-betting.pro\/es\/league-of-legends-lol\/lcs-temporada-6-2016\/\"},{\"@type\":\"ListItem\",\"position\":4,\"name\":\"LCS Playoffs de Verano 2016 | NA LCS &#8211; EU LCS\",\"item\":\"https:\/\/www.esports-betting.pro\/es\/league-of-legends-lol\/lcs-temporada-6-2016\/playoffs-split-de-verano\/\"},{\"@type\":\"ListItem\",\"position\":5,\"name\":\"LCS Playoffs del Split de Verano 2016 | Final y 3er Lugar\"}]},{\"@type\":\"WebSite\",\"@id\":\"https:\/\/www.esports-betting.pro\/es\/#website\",\"url\":\"https:\/\/www.esports-betting.pro\/es\/\",\"name\":\"Esports Betting - ES\",\"description\":\"Just another Esports Betting Sites site\",\"potentialAction\":[{\"@type\":\"SearchAction\",\"target\":{\"@type\":\"EntryPoint\",\"urlTemplate\":\"https:\/\/www.esports-betting.pro\/es\/?s={search_term_string}\"},\"query-input\":\"required name=search_term_string\"}],\"inLanguage\":\"es\"}]}<\/script>\n<!-- \/ Yoast SEO plugin. -->","yoast_head_json":{"title":"LCS Playoff del Split de Verano 2016 | Final y 3er Lugar","description":"\u00a1Toda la informaci\u00f3n que necesitas de la Final y el 3er lugar de los Playoffs del Split de Verano 2016; horarios, equipos, fechas, transmisi\u00f3n en vivo!","robots":{"index":"index","follow":"follow","max-snippet":"max-snippet:-1","max-image-preview":"max-image-preview:large","max-video-preview":"max-video-preview:-1"},"canonical":"https:\/\/www.esports-betting.pro\/es\/league-of-legends-lol\/lcs-temporada-6-2016\/playoffs-split-de-verano\/gran-final-y-3er-lugar\/","og_locale":"es_ES","og_type":"article","og_title":"LCS Playoff del Split de Verano 2016 | Final y 3er Lugar","og_description":"\u00a1Toda la informaci\u00f3n que necesitas de la Final y el 3er lugar de los Playoffs del Split de Verano 2016; horarios, equipos, fechas, transmisi\u00f3n en vivo!","og_url":"https:\/\/www.esports-betting.pro\/es\/league-of-legends-lol\/lcs-temporada-6-2016\/playoffs-split-de-verano\/gran-final-y-3er-lugar\/","og_site_name":"Esports Betting - ES","og_image":[{"url":"https:\/\/www.esports-betting.pro\/app\/uploads\/sites\/3\/2015\/11\/LCS-6ta-Temporada-Logo-2016.jpg"}],"twitter_card":"summary_large_image","twitter_misc":{"Est. reading time":"3 minutos"},"schema":{"@context":"https:\/\/schema.org","@graph":[{"@type":"WebPage","@id":"https:\/\/www.esports-betting.pro\/es\/league-of-legends-lol\/lcs-temporada-6-2016\/playoffs-split-de-verano\/gran-final-y-3er-lugar\/","url":"https:\/\/www.esports-betting.pro\/es\/league-of-legends-lol\/lcs-temporada-6-2016\/playoffs-split-de-verano\/gran-final-y-3er-lugar\/","name":"LCS Playoff del Split de Verano 2016 | Final y 3er Lugar","isPartOf":{"@id":"https:\/\/www.esports-betting.pro\/es\/#website"},"primaryImageOfPage":{"@id":"https:\/\/www.esports-betting.pro\/es\/league-of-legends-lol\/lcs-temporada-6-2016\/playoffs-split-de-verano\/gran-final-y-3er-lugar\/#primaryimage"},"image":{"@id":"https:\/\/www.esports-betting.pro\/es\/league-of-legends-lol\/lcs-temporada-6-2016\/playoffs-split-de-verano\/gran-final-y-3er-lugar\/#primaryimage"},"thumbnailUrl":"https:\/\/www.esports-betting.pro\/app\/uploads\/sites\/3\/2015\/11\/LCS-6ta-Temporada-Logo-2016.jpg","datePublished":"2016-08-25T08:59:13+00:00","dateModified":"2016-08-25T08:59:13+00:00","description":"\u00a1Toda la informaci\u00f3n que necesitas de la Final y el 3er lugar de los Playoffs del Split de Verano 2016; horarios, equipos, fechas, transmisi\u00f3n en vivo!","breadcrumb":{"@id":"https:\/\/www.esports-betting.pro\/es\/league-of-legends-lol\/lcs-temporada-6-2016\/playoffs-split-de-verano\/gran-final-y-3er-lugar\/#breadcrumb"},"inLanguage":"es","potentialAction":[{"@type":"ReadAction","target":["https:\/\/www.esports-betting.pro\/es\/league-of-legends-lol\/lcs-temporada-6-2016\/playoffs-split-de-verano\/gran-final-y-3er-lugar\/"]}]},{"@type":"ImageObject","inLanguage":"es","@id":"https:\/\/www.esports-betting.pro\/es\/league-of-legends-lol\/lcs-temporada-6-2016\/playoffs-split-de-verano\/gran-final-y-3er-lugar\/#primaryimage","url":"https:\/\/www.esports-betting.pro\/app\/uploads\/sites\/3\/2015\/11\/LCS-6ta-Temporada-Logo-2016.jpg","contentUrl":"https:\/\/www.esports-betting.pro\/app\/uploads\/sites\/3\/2015\/11\/LCS-6ta-Temporada-Logo-2016.jpg"},{"@type":"BreadcrumbList","@id":"https:\/\/www.esports-betting.pro\/es\/league-of-legends-lol\/lcs-temporada-6-2016\/playoffs-split-de-verano\/gran-final-y-3er-lugar\/#breadcrumb","itemListElement":[{"@type":"ListItem","position":1,"name":"Home","item":"https:\/\/www.esports-betting.pro\/es\/"},{"@type":"ListItem","position":2,"name":"Apuestas en League of Legends (LoL) | Sitios de apuestas y cuotas","item":"https:\/\/www.esports-betting.pro\/es\/league-of-legends-lol\/"},{"@type":"ListItem","position":3,"name":"LCS 6ta Temporada | League of Legends LCS 2016","item":"https:\/\/www.esports-betting.pro\/es\/league-of-legends-lol\/lcs-temporada-6-2016\/"},{"@type":"ListItem","position":4,"name":"LCS Playoffs de Verano 2016 | NA LCS &#8211; EU LCS","item":"https:\/\/www.esports-betting.pro\/es\/league-of-legends-lol\/lcs-temporada-6-2016\/playoffs-split-de-verano\/"},{"@type":"ListItem","position":5,"name":"LCS Playoffs del Split de Verano 2016 | Final y 3er Lugar"}]},{"@type":"WebSite","@id":"https:\/\/www.esports-betting.pro\/es\/#website","url":"https:\/\/www.esports-betting.pro\/es\/","name":"Esports Betting - ES","description":"Just another Esports Betting Sites site","potentialAction":[{"@type":"SearchAction","target":{"@type":"EntryPoint","urlTemplate":"https:\/\/www.esports-betting.pro\/es\/?s={search_term_string}"},"query-input":"required name=search_term_string"}],"inLanguage":"es"}]}},"_links":{"self":[{"href":"https:\/\/www.esports-betting.pro\/es\/wp-json\/wp\/v2\/pages\/2115"}],"collection":[{"href":"https:\/\/www.esports-betting.pro\/es\/wp-json\/wp\/v2\/pages"}],"about":[{"href":"https:\/\/www.esports-betting.pro\/es\/wp-json\/wp\/v2\/types\/page"}],"author":[{"embeddable":true,"href":"https:\/\/www.esports-betting.pro\/es\/wp-json\/wp\/v2\/users\/24"}],"replies":[{"embeddable":true,"href":"https:\/\/www.esports-betting.pro\/es\/wp-json\/wp\/v2\/comments?post=2115"}],"version-history":[{"count":0,"href":"https:\/\/www.esports-betting.pro\/es\/wp-json\/wp\/v2\/pages\/2115\/revisions"}],"up":[{"embeddable":true,"href":"https:\/\/www.esports-betting.pro\/es\/wp-json\/wp\/v2\/pages\/1945"}],"wp:attachment":[{"href":"https:\/\/www.esports-betting.pro\/es\/wp-json\/wp\/v2\/media?parent=2115"}],"curies":[{"name":"wp","href":"https:\/\/api.w.org\/{rel}","templated":true}]}}