{"id":1690,"date":"2016-06-02T04:16:06","date_gmt":"2016-06-02T04:16:06","guid":{"rendered":"https:\/\/www.esports-betting.pro\/es\/?page_id=1690"},"modified":"2016-06-02T04:16:06","modified_gmt":"2016-06-02T04:16:06","slug":"manila-major-2016","status":"publish","type":"page","link":"https:\/\/www.esports-betting.pro\/es\/dota-2\/manila-major-2016\/","title":{"rendered":"Major de Manila 2016 | Dota 2 Informaci\u00f3n General"},"content":{"rendered":"<p style=\"text-align: justify\"><img loading=\"lazy\" decoding=\"async\" class=\"size-full wp-image-1691 alignright\" src=\"https:\/\/www.esports-betting.pro\/app\/uploads\/sites\/3\/2016\/06\/Manila-Major-Torneo-Dota2-Logo.jpg\" alt=\"Major de Manila 2016 Dota 2 Logo\" width=\"300\" height=\"145\" \/>El primer Major de Primavera llega este a\u00f1o 2016 con un premio de 3 millones de d\u00f3lares. Como ha sido usual hasta ahora, este Major consistir\u00e1 de una fase de grupos y una de playoffs en donde 16 equipos luchar\u00e1n por ganar una parte del premio. Este Major toma lugar en Manila, Filipinas, lugar que se incluye en la regi\u00f3n del sureste asi\u00e1tico, y de donde est\u00e1n surgiendo muchos equipos prometedores como MVP Phoenix y Fnatic. Sin embargo, equipos de todas partes del mundo tendr\u00e1n oportunidad de participar en este torneo.<\/p>\n<p style=\"text-align: justify\">Se espera que este Major traiga menos sorpresas que el Major de Shangh\u00e1i, en donde hubo muchos problemas de producci\u00f3n que incluso llevaron a la expulsi\u00f3n de muchos de sus trabajadores. Sin embargo, s\u00ed se quieren m\u00e1s sorpresas en cuanto a la actuaci\u00f3n de cada equipo. Recordemos que el Shanghai llev\u00f3 a un cambio interno por completo entre los equipos chinos, quienes tuvieron probablemente su peor torneo hasta la fecha. Igualmente, se espera que los equipos que descubrieron su potencial en China, como MVP, Complexity y Fnatic, puedan llevar las cosas al siguiente nivel obteniendo una mejor posici\u00f3n.<\/p>\n<p style=\"text-align: justify\">Pronto se llevar\u00e1 a cabo el torneo <strong><a href=\"https:\/\/www.esports-betting.pro\/es\/dota-2\/the-international-2017-ti7\/\">The International 2017<\/a><\/strong>, no te pierdas toda la informaci\u00f3n referente al pr\u00f3ximo torneo de Dota 2, equipos, transmisi\u00f3n en vivo, bolsa de premios y m\u00e1s.<\/p>\n<h2><img loading=\"lazy\" decoding=\"async\" class=\"alignnone size-full wp-image-1695\" src=\"https:\/\/www.esports-betting.pro\/app\/uploads\/sites\/3\/2016\/06\/Dota2-Icono.png\" alt=\"Icono Dota 2\" width=\"20\" height=\"20\" \/>\u00a0Major de Manila\u00a02016 | Datos:<\/h2>\n<ul>\n<li><strong>Fecha<\/strong>: 06\/03\/ \u2013 06\/12\/2016<\/li>\n<li><strong>Locaci\u00f3n<\/strong>: Mall of Asia Arena en Manila, Filipinas<\/li>\n<li><strong>Premio<\/strong>: $3,000,000<\/li>\n<li><strong><a href=\"https:\/\/www.esports-betting.pro\/es\/dota-2\/\">Apuestas en Dota 2<\/a><\/strong><\/li>\n<li><strong>Formato<\/strong>: Clasificatorias en L\u00ednea\u00a0\u2013 LAN Playoffs<\/li>\n<li>16 equipos<\/li>\n<\/ul>\n<h2><img loading=\"lazy\" decoding=\"async\" class=\"alignnone size-full wp-image-1695\" src=\"https:\/\/www.esports-betting.pro\/app\/uploads\/sites\/3\/2016\/06\/Dota2-Icono.png\" alt=\"Icono Dota 2\" width=\"20\" height=\"20\" \/>\u00a0Major de Manila\u00a02016 | Equipos Invitados:<\/h2>\n<p style=\"text-align: justify\">Anteriormente Valve se hab\u00eda limitado a invitar hasta 8 equipos, pero esta vez han decidido invitar directamente a 12. Esta es una decisi\u00f3n positiva para aquellos equipos que todav\u00eda no est\u00e1n establecidos, pues tendr\u00e1n mejor oportunidad al tener que clasificar con equipos m\u00e1s d\u00e9biles. Los equipos que fueron invitados usualmente ganaban las clasificatorias por su alto nivel de juego, as\u00ed que esta es una manera de abrir las posibilidades a otros equipos. Adicionalmente, esto suma importancia a los torneos que no son organizados por Valve, pues de los resultados que los equipos tengan en estos torneos depender\u00e1 si son invitados a los pr\u00f3ximos Majors e Internacionales.<\/p>\n<p><strong>Los 12 equipos invitados son los siguientes:<\/strong><\/p>\n<ul>\n<li><img loading=\"lazy\" decoding=\"async\" class=\"alignnone wp-image-871 size-full\" src=\"https:\/\/www.esports-betting.pro\/app\/uploads\/sites\/3\/2015\/12\/Evil-Genius-Team-Logo-Dota2-esports.jpg\" alt=\"Evil Geniuses Equipo Dota 2 Logo\" width=\"42\" height=\"42\" \/>\u00a0Evil Geniuses<\/li>\n<li><img loading=\"lazy\" decoding=\"async\" class=\"alignnone size-full wp-image-877\" src=\"https:\/\/www.esports-betting.pro\/app\/uploads\/sites\/3\/2015\/12\/OG-Team-Logo-Dota2-esports.jpg\" alt=\"OG Equipo Dota 2 Logo\" width=\"42\" height=\"42\" \/>\u00a0OG<\/li>\n<li><img loading=\"lazy\" decoding=\"async\" class=\"alignnone size-full wp-image-879\" src=\"https:\/\/www.esports-betting.pro\/app\/uploads\/sites\/3\/2015\/12\/Team-Secret-Logo-Dota2-esports.jpg\" alt=\"Team Secret Equipo Dota 2 Logo\" width=\"42\" height=\"42\" \/>\u00a0Team Secret<\/li>\n<li><img loading=\"lazy\" decoding=\"async\" class=\"alignnone size-full wp-image-875\" src=\"https:\/\/www.esports-betting.pro\/app\/uploads\/sites\/3\/2015\/12\/MVP-Phoenix-Team-Logo-Dota2-esports.jpg\" alt=\"MVP Phoenix Equipo Dota 2 Logo\" width=\"42\" height=\"42\" \/>\u00a0MVP Phoenix<\/li>\n<li><img loading=\"lazy\" decoding=\"async\" class=\"alignnone size-full wp-image-1692\" src=\"https:\/\/www.esports-betting.pro\/app\/uploads\/sites\/3\/2016\/06\/compLexity-Gaming-Dota2-Team-Logo.jpg\" alt=\"compLexity Gaming Equipo Dota 2 Logo\" width=\"42\" height=\"42\" \/>\u00a0compLexity<\/li>\n<li><img loading=\"lazy\" decoding=\"async\" class=\"alignnone size-full wp-image-1693\" src=\"https:\/\/www.esports-betting.pro\/app\/uploads\/sites\/3\/2016\/06\/Vici-Gaming-Reborn-Team-Dota2-Logo.jpg\" alt=\"Vici Gaming Reborn Equipo Dota 2 Logo\" width=\"42\" height=\"42\" \/>\u00a0Vici Gaming Reborn<\/li>\n<li><img loading=\"lazy\" decoding=\"async\" class=\"alignnone size-full wp-image-872\" src=\"https:\/\/www.esports-betting.pro\/app\/uploads\/sites\/3\/2015\/12\/Fnatic-Team-Logo-Dota2-esports.jpg\" alt=\"Fnatic Equipo Dota 2 Logo\" width=\"42\" height=\"42\" \/>\u00a0Fnatic<\/li>\n<li><img loading=\"lazy\" decoding=\"async\" class=\"alignnone size-full wp-image-866\" src=\"https:\/\/www.esports-betting.pro\/app\/uploads\/sites\/3\/2015\/12\/Alliance-Team-Logo-Dota2-esports.jpg\" alt=\"Alliance Equipo Dota 2 Logo\" width=\"42\" height=\"42\" \/>\u00a0Alliance<\/li>\n<li><img loading=\"lazy\" decoding=\"async\" class=\"alignnone size-full wp-image-1694\" src=\"https:\/\/www.esports-betting.pro\/app\/uploads\/sites\/3\/2016\/06\/Natus-Vincere-Team-Dota2-Logo.jpg\" alt=\"Natus Vincere Equipo Dota 2 Logo\" width=\"42\" height=\"42\" \/>\u00a0Natus Vincere<\/li>\n<li><img loading=\"lazy\" decoding=\"async\" class=\"alignnone size-full wp-image-873\" src=\"https:\/\/www.esports-betting.pro\/app\/uploads\/sites\/3\/2015\/12\/LGD-Gaming-Team-Logo-Dota2-esports.jpg\" alt=\"LGD Gaming Equipo Dota 2 Logo\" width=\"42\" height=\"42\" \/>LGD Gaming<\/li>\n<li><img loading=\"lazy\" decoding=\"async\" class=\"alignnone size-full wp-image-874\" src=\"https:\/\/www.esports-betting.pro\/app\/uploads\/sites\/3\/2015\/12\/Liquid-Team-Logo-Dota2-esports.jpg\" alt=\"Team Liquid Equipo Dota 2 Logo\" width=\"42\" height=\"42\" \/>\u00a0Team Liquid<\/li>\n<li><img loading=\"lazy\" decoding=\"async\" class=\"alignnone size-full wp-image-1405\" src=\"https:\/\/www.esports-betting.pro\/app\/uploads\/sites\/3\/2016\/04\/Wings-Gaming-Team-Logo-Dota2.jpg\" alt=\"Wings Gaming Equipo Dota 2 Logo\" width=\"42\" height=\"42\" \/>\u00a0Wings Gaming<\/li>\n<\/ul>\n<p style=\"text-align: justify\">En esta lista se observan nuevos nombres como el de Wings Gamings. He aqu\u00ed la importancia que han tomado el resto de los torneos con esta decisi\u00f3n de Valve de otorgar 12 invitaciones. Wings Gaming era pr\u00e1cticamente desconocido, especialmente en occidente, antes de entrar al ESL One Manila y finalizar en primer lugar. Ahora se han merecido una invitaci\u00f3n con la cual tienen una oportunidad de convertirse en uno de los equipos m\u00e1s importantes del mundo.<\/p>\n<h2><img loading=\"lazy\" decoding=\"async\" class=\"alignnone size-full wp-image-1695\" src=\"https:\/\/www.esports-betting.pro\/app\/uploads\/sites\/3\/2016\/06\/Dota2-Icono.png\" alt=\"Icono Dota 2\" width=\"20\" height=\"20\" \/>\u00a0Major de Manila\u00a02016 | Clasificatorias:<\/h2>\n<p>Para este torneo, se dieron dos clasificatorias:<\/p>\n<p style=\"text-align: justify\">Las primeras fueron l<strong>as clasificatorias abiertas<\/strong>, que se dieron desde el 29 de abril hasta el 5 de mayo. Se presentaron como la oportunidad para equipos amateur de hacerse un nombre en la escena profesional. Cualquier equipo pod\u00eda participar en estas clasificatorias.\u00a0 A pesar de estar dirigidas a equipos novatos, algunos de los inscritos ya ten\u00edan experiencia profesional en Dota 2. Un ejemplo fue Kaipi y Vici Gaming, que son nombres ya conocidos pero que no fueron invitados a las clasificatorias regionales. Los ganadores de esta etapa pasaron a las clasificatorias regionales.<\/p>\n<p><strong>Los equipos que lograron pasar esta fase fueron<\/strong>:<\/p>\n<ul>\n<li><strong>Americas<\/strong>: Dragneel, FDL<\/li>\n<li><strong>China<\/strong>: <img loading=\"lazy\" decoding=\"async\" class=\"alignnone size-full wp-image-880\" src=\"https:\/\/www.esports-betting.pro\/app\/uploads\/sites\/3\/2015\/12\/Vici-Gaming-Team-Logo-Dota2-esports.jpg\" alt=\"Vici Gaming Equipo Dota 2 Logo\" width=\"42\" height=\"42\" \/>\u00a0Vici Gaming, <img loading=\"lazy\" decoding=\"async\" class=\"alignnone size-full wp-image-876\" src=\"https:\/\/www.esports-betting.pro\/app\/uploads\/sites\/3\/2015\/12\/Newbee-Team-Logo-Dota2-esports.jpg\" alt=\"Newbee Equipo Dota 2 Logo\" width=\"42\" height=\"42\" \/>\u00a0Newbee Young<\/li>\n<li><strong>Europa<\/strong>: <img loading=\"lazy\" decoding=\"async\" class=\"alignnone size-full wp-image-1696\" src=\"https:\/\/www.esports-betting.pro\/app\/uploads\/sites\/3\/2016\/06\/Kaipi-Team-Dota2-Logo.jpg\" alt=\"Kaipi Equipo Dota 2 Logo\" width=\"42\" height=\"42\" \/>\u00a0Kaipi, <img loading=\"lazy\" decoding=\"async\" class=\"alignnone size-full wp-image-1698\" src=\"https:\/\/www.esports-betting.pro\/app\/uploads\/sites\/3\/2016\/06\/Rebels-Team-Dota2-Logo.jpg\" alt=\"Rebels Equipo Dota 2 Logo\" width=\"42\" height=\"42\" \/>\u00a0Rebels<\/li>\n<li><strong>SEA<\/strong>: <img loading=\"lazy\" decoding=\"async\" class=\"alignnone size-full wp-image-1699\" src=\"https:\/\/www.esports-betting.pro\/app\/uploads\/sites\/3\/2016\/06\/TnC-Gaming-Team-Dota2-Logo.jpg\" alt=\"TnC Gaming Equipo Dota 2 Logo\" width=\"42\" height=\"42\" \/>\u00a0TnC Gaming, <img loading=\"lazy\" decoding=\"async\" class=\"alignnone size-full wp-image-1697\" src=\"https:\/\/www.esports-betting.pro\/app\/uploads\/sites\/3\/2016\/06\/Next-Generation-Team-Dota2-Logo.jpg\" alt=\"Next Generation Equipo Dota 2 Logo\" width=\"42\" height=\"42\" \/>\u00a0Next Generation<\/li>\n<\/ul>\n<p style=\"text-align: justify\">Las <strong>clasificatorias regionales<\/strong> tomaron lugar desde el 3 al 6 de mayo. Fueron organizados como un torneo online por separado que incluy\u00f3 una fase de grupos y otra de eliminaci\u00f3n de doble nivel.<\/p>\n<p>Los equipos que ganaron estas clasificatorias fueron:<\/p>\n<ul>\n<li><img loading=\"lazy\" decoding=\"async\" class=\"alignnone size-full wp-image-1700\" src=\"https:\/\/www.esports-betting.pro\/app\/uploads\/sites\/3\/2016\/06\/Digital-Chaos-Equipo-Dota-2-Logo.png\" alt=\"Digital Chaos Equipo Dota 2 Logo\" width=\"42\" height=\"42\" \/>Digital Chaos<\/li>\n<li><img loading=\"lazy\" decoding=\"async\" class=\"alignnone size-full wp-image-876\" src=\"https:\/\/www.esports-betting.pro\/app\/uploads\/sites\/3\/2015\/12\/Newbee-Team-Logo-Dota2-esports.jpg\" alt=\"Newbee Equipo Dota 2 Logo\" width=\"42\" height=\"42\" \/>\u00a0Newbee<\/li>\n<li><img loading=\"lazy\" decoding=\"async\" class=\"alignnone size-full wp-image-1404\" src=\"https:\/\/www.esports-betting.pro\/app\/uploads\/sites\/3\/2016\/04\/Team-Empire-Logo-Team-Dota2.jpg\" alt=\"Team Empire Equipo Dota 2 Logo\" width=\"42\" height=\"42\" \/>\u00a0Team Empire<\/li>\n<li><img loading=\"lazy\" decoding=\"async\" class=\"alignnone size-full wp-image-891\" src=\"https:\/\/www.esports-betting.pro\/app\/uploads\/sites\/3\/2015\/12\/Mineski-team-logo-dota2.jpg\" alt=\"Mineski Equipo Dota 2 Logo\" width=\"42\" height=\"42\" \/>Mineski.<\/li>\n<\/ul>\n<p style=\"text-align: justify\">A pesar de que estos equipos no fueron invitados directamente, no son de tomar a la ligera. Esto es especialmente cierto para Newbee, que ahora se encuentra entre los favoritos para ganar el torneo. La \u00fanica raz\u00f3n por la que no fueron invitados fue debido al intercambio de jugadores que sufrieron los equipos chinos, y que adem\u00e1s Newbee hab\u00eda tenido malos resultados con su composici\u00f3n anterior. Sin embargo, ahora han demostrado una habilidad impresionante y muchos creen que finalizar\u00e1n al menos entre los 3 primeros lugares.<\/p>\n<h3>Major de Manila\u00a02016 | Programaci\u00f3n:<\/h3>\n<p style=\"text-align: justify\">Como ya se ha especificado, el torneo estar\u00e1 formado de una etapa de grupos y unas eliminatorias o <em>Playoffs<\/em>. Todos los juegos tomar\u00e1n lugar de manera offline en el Mall of Asia Arena en Manila, Filipinas.<\/p>\n<p style=\"text-align: justify\">Informaci\u00f3n sobre las entradas y pases podr\u00e1s encontrarlas <a href=\"https:\/\/smtickets.com\/events\/view\/4183\" target=\"_blank\" rel=\"noopener noreferrer\">aqu\u00ed<\/a>.<\/p>\n<p style=\"text-align: justify\"><strong>El cronograma para el Major de Manila\u00a02016 est\u00e1 programado de la siguiente manera:<\/strong><\/p>\n<ul>\n<li style=\"text-align: justify\">La <strong>etapa de grupos <\/strong>va del 3 de Junio al 4 y todos los juegos comienzan a partir de las 10:00 UTC +8.<\/li>\n<li style=\"text-align: justify\">Las <strong>eliminatorias o <em>Playoffs <\/em><\/strong>tomar\u00e1n lugar luego de dos d\u00edas de descanso, desde el 7 al 12 de junio. Igualmente, los juegos comenzar\u00e1n a partir de las 10:00 UTC +8.<\/li>\n<\/ul>\n<h3>Major de Manila\u00a02016 | Etapa de Grupos:<\/h3>\n<p style=\"text-align: justify\">En esta etapa, los equipos ser\u00e1n divididos en cuatro grupo de cuatro en un formato de GSL. Los mejores dos de cada grupo avanzar\u00e1n a la parte alta de las eliminatorias, con lo cual contar\u00e1n con una oportunidad adicional si llegan a perder una serie. El resto de los equipos tendr\u00e1n que comenzar en la parte baja de las eliminatorias en donde se ir\u00e1n a casa si llegan a perder un solo juego.<\/p>\n<p style=\"text-align: justify\">Todos los juegos de esta etapa de grupos ser\u00e1n series donde ganar\u00e1 el mejor de 3 partidas.<\/p>\n<h3>Major de Manila\u00a02016 | Playoffs:<\/h3>\n<p style=\"text-align: justify\">Esta \u00faltima etapa consiste en una eliminaci\u00f3n de doble nivel. Ocho equipos comenzar\u00e1n en la parte alta y el resto en la parte baja. Los equipos que comiencen en la plantilla superior\u00a0pasar\u00e1n a la parte baja si pierden alguna serie, mientras que los que comiencen en la parte inferior\u00a0se ir\u00e1n a casa.<\/p>\n<p style=\"text-align: justify\">Las primeras dos rondas de la parte inferior\u00a0consistir\u00e1n en un solo juego por enfrentamiento. El resto de los juegos consistir\u00e1n en series donde ganar\u00e1 el mejor de 3 juegos. Por \u00faltimo, la gran final consistir\u00e1 en una serie donde ganar\u00e1 el mejor de 5 juegos.<\/p>\n<p style=\"text-align: justify\"><strong>Tambi\u00e9n podr\u00eda interesarte:<\/strong><\/p>\n<ul>\n<li><a href=\"https:\/\/www.esports-betting.pro\/es\/dota-2\/major-de-kiev-2017-dota-2\/\">Major de Kiev 2017 | Resumen del torneo<\/a> &#8211; (27\/04\/2017 \u2013 30\/04\/<strong>2017<\/strong>)<\/li>\n<li><a href=\"https:\/\/www.esports-betting.pro\/es\/dota-2\/the-international-2017-ti7\/\">The International 2017 (TI7) | Resumen del torneo<\/a><\/li>\n<li><a href=\"https:\/\/www.esports-betting.pro\/es\/\">Apuestas Esports<\/a><\/li>\n<\/ul>\n","protected":false},"excerpt":{"rendered":"<p>El primer Major de Primavera llega este a\u00f1o 2016 con un premio de 3 millones de d\u00f3lares. Como ha sido usual hasta ahora, este Major consistir\u00e1 de una fase de grupos y una de playoffs en donde 16 equipos luchar\u00e1n por ganar una parte del premio. Este Major toma lugar en Manila, Filipinas, lugar que &hellip; <a href=\"https:\/\/www.esports-betting.pro\/es\/dota-2\/manila-major-2016\/\">Continued<\/a><\/p>\n","protected":false},"author":24,"featured_media":0,"parent":13,"menu_order":0,"comment_status":"closed","ping_status":"closed","template":"","meta":{"_acf_changed":false,"footnotes":""},"acf":[],"yoast_head":"<!-- This site is optimized with the Yoast SEO plugin v22.6 - https:\/\/yoast.com\/wordpress\/plugins\/seo\/ -->\n<title>Major de Manila 2016 | Programaci\u00f3n, Resultados e informaci\u00f3n<\/title>\n<meta name=\"description\" content=\"\u00a1Ya se acerca el torneo el Major de Manila 2016, no te pierdas la transmisi\u00f3n en vivo, equipos, clasificaciones, probabilidades de apuestas y mucho m\u00e1s!\" \/>\n<meta name=\"robots\" content=\"index, follow, max-snippet:-1, max-image-preview:large, max-video-preview:-1\" \/>\n<link rel=\"canonical\" href=\"https:\/\/www.esports-betting.pro\/es\/dota-2\/manila-major-2016\/\" \/>\n<meta property=\"og:locale\" content=\"es_ES\" \/>\n<meta property=\"og:type\" content=\"article\" \/>\n<meta property=\"og:title\" content=\"Major de Manila 2016 | Programaci\u00f3n, Resultados e informaci\u00f3n\" \/>\n<meta property=\"og:description\" content=\"\u00a1Ya se acerca el torneo el Major de Manila 2016, no te pierdas la transmisi\u00f3n en vivo, equipos, clasificaciones, probabilidades de apuestas y mucho m\u00e1s!\" \/>\n<meta property=\"og:url\" content=\"https:\/\/www.esports-betting.pro\/es\/dota-2\/manila-major-2016\/\" \/>\n<meta property=\"og:site_name\" content=\"Esports Betting - ES\" \/>\n<meta property=\"og:image\" content=\"https:\/\/www.esports-betting.pro\/app\/uploads\/sites\/3\/2016\/06\/Manila-Major-Torneo-Dota2-Logo.jpg\" \/>\n<meta name=\"twitter:card\" content=\"summary_large_image\" \/>\n<meta name=\"twitter:label1\" content=\"Est. reading time\" \/>\n\t<meta name=\"twitter:data1\" content=\"5 minutos\" \/>\n<script type=\"application\/ld+json\" class=\"yoast-schema-graph\">{\"@context\":\"https:\/\/schema.org\",\"@graph\":[{\"@type\":\"WebPage\",\"@id\":\"https:\/\/www.esports-betting.pro\/es\/dota-2\/manila-major-2016\/\",\"url\":\"https:\/\/www.esports-betting.pro\/es\/dota-2\/manila-major-2016\/\",\"name\":\"Major de Manila 2016 | Programaci\u00f3n, Resultados e informaci\u00f3n\",\"isPartOf\":{\"@id\":\"https:\/\/www.esports-betting.pro\/es\/#website\"},\"primaryImageOfPage\":{\"@id\":\"https:\/\/www.esports-betting.pro\/es\/dota-2\/manila-major-2016\/#primaryimage\"},\"image\":{\"@id\":\"https:\/\/www.esports-betting.pro\/es\/dota-2\/manila-major-2016\/#primaryimage\"},\"thumbnailUrl\":\"https:\/\/www.esports-betting.pro\/app\/uploads\/sites\/3\/2016\/06\/Manila-Major-Torneo-Dota2-Logo.jpg\",\"datePublished\":\"2016-06-02T04:16:06+00:00\",\"dateModified\":\"2016-06-02T04:16:06+00:00\",\"description\":\"\u00a1Ya se acerca el torneo el Major de Manila 2016, no te pierdas la transmisi\u00f3n en vivo, equipos, clasificaciones, probabilidades de apuestas y mucho m\u00e1s!\",\"breadcrumb\":{\"@id\":\"https:\/\/www.esports-betting.pro\/es\/dota-2\/manila-major-2016\/#breadcrumb\"},\"inLanguage\":\"es\",\"potentialAction\":[{\"@type\":\"ReadAction\",\"target\":[\"https:\/\/www.esports-betting.pro\/es\/dota-2\/manila-major-2016\/\"]}]},{\"@type\":\"ImageObject\",\"inLanguage\":\"es\",\"@id\":\"https:\/\/www.esports-betting.pro\/es\/dota-2\/manila-major-2016\/#primaryimage\",\"url\":\"https:\/\/www.esports-betting.pro\/app\/uploads\/sites\/3\/2016\/06\/Manila-Major-Torneo-Dota2-Logo.jpg\",\"contentUrl\":\"https:\/\/www.esports-betting.pro\/app\/uploads\/sites\/3\/2016\/06\/Manila-Major-Torneo-Dota2-Logo.jpg\"},{\"@type\":\"BreadcrumbList\",\"@id\":\"https:\/\/www.esports-betting.pro\/es\/dota-2\/manila-major-2016\/#breadcrumb\",\"itemListElement\":[{\"@type\":\"ListItem\",\"position\":1,\"name\":\"Home\",\"item\":\"https:\/\/www.esports-betting.pro\/es\/\"},{\"@type\":\"ListItem\",\"position\":2,\"name\":\"Apuestas en Dota 2 | Sitios de apuestas y cuotas\",\"item\":\"https:\/\/www.esports-betting.pro\/es\/dota-2\/\"},{\"@type\":\"ListItem\",\"position\":3,\"name\":\"Major de Manila 2016 | Dota 2 Informaci\u00f3n General\"}]},{\"@type\":\"WebSite\",\"@id\":\"https:\/\/www.esports-betting.pro\/es\/#website\",\"url\":\"https:\/\/www.esports-betting.pro\/es\/\",\"name\":\"Esports Betting - ES\",\"description\":\"Just another Esports Betting Sites site\",\"potentialAction\":[{\"@type\":\"SearchAction\",\"target\":{\"@type\":\"EntryPoint\",\"urlTemplate\":\"https:\/\/www.esports-betting.pro\/es\/?s={search_term_string}\"},\"query-input\":\"required name=search_term_string\"}],\"inLanguage\":\"es\"}]}<\/script>\n<!-- \/ Yoast SEO plugin. -->","yoast_head_json":{"title":"Major de Manila 2016 | Programaci\u00f3n, Resultados e informaci\u00f3n","description":"\u00a1Ya se acerca el torneo el Major de Manila 2016, no te pierdas la transmisi\u00f3n en vivo, equipos, clasificaciones, probabilidades de apuestas y mucho m\u00e1s!","robots":{"index":"index","follow":"follow","max-snippet":"max-snippet:-1","max-image-preview":"max-image-preview:large","max-video-preview":"max-video-preview:-1"},"canonical":"https:\/\/www.esports-betting.pro\/es\/dota-2\/manila-major-2016\/","og_locale":"es_ES","og_type":"article","og_title":"Major de Manila 2016 | Programaci\u00f3n, Resultados e informaci\u00f3n","og_description":"\u00a1Ya se acerca el torneo el Major de Manila 2016, no te pierdas la transmisi\u00f3n en vivo, equipos, clasificaciones, probabilidades de apuestas y mucho m\u00e1s!","og_url":"https:\/\/www.esports-betting.pro\/es\/dota-2\/manila-major-2016\/","og_site_name":"Esports Betting - ES","og_image":[{"url":"https:\/\/www.esports-betting.pro\/app\/uploads\/sites\/3\/2016\/06\/Manila-Major-Torneo-Dota2-Logo.jpg"}],"twitter_card":"summary_large_image","twitter_misc":{"Est. reading time":"5 minutos"},"schema":{"@context":"https:\/\/schema.org","@graph":[{"@type":"WebPage","@id":"https:\/\/www.esports-betting.pro\/es\/dota-2\/manila-major-2016\/","url":"https:\/\/www.esports-betting.pro\/es\/dota-2\/manila-major-2016\/","name":"Major de Manila 2016 | Programaci\u00f3n, Resultados e informaci\u00f3n","isPartOf":{"@id":"https:\/\/www.esports-betting.pro\/es\/#website"},"primaryImageOfPage":{"@id":"https:\/\/www.esports-betting.pro\/es\/dota-2\/manila-major-2016\/#primaryimage"},"image":{"@id":"https:\/\/www.esports-betting.pro\/es\/dota-2\/manila-major-2016\/#primaryimage"},"thumbnailUrl":"https:\/\/www.esports-betting.pro\/app\/uploads\/sites\/3\/2016\/06\/Manila-Major-Torneo-Dota2-Logo.jpg","datePublished":"2016-06-02T04:16:06+00:00","dateModified":"2016-06-02T04:16:06+00:00","description":"\u00a1Ya se acerca el torneo el Major de Manila 2016, no te pierdas la transmisi\u00f3n en vivo, equipos, clasificaciones, probabilidades de apuestas y mucho m\u00e1s!","breadcrumb":{"@id":"https:\/\/www.esports-betting.pro\/es\/dota-2\/manila-major-2016\/#breadcrumb"},"inLanguage":"es","potentialAction":[{"@type":"ReadAction","target":["https:\/\/www.esports-betting.pro\/es\/dota-2\/manila-major-2016\/"]}]},{"@type":"ImageObject","inLanguage":"es","@id":"https:\/\/www.esports-betting.pro\/es\/dota-2\/manila-major-2016\/#primaryimage","url":"https:\/\/www.esports-betting.pro\/app\/uploads\/sites\/3\/2016\/06\/Manila-Major-Torneo-Dota2-Logo.jpg","contentUrl":"https:\/\/www.esports-betting.pro\/app\/uploads\/sites\/3\/2016\/06\/Manila-Major-Torneo-Dota2-Logo.jpg"},{"@type":"BreadcrumbList","@id":"https:\/\/www.esports-betting.pro\/es\/dota-2\/manila-major-2016\/#breadcrumb","itemListElement":[{"@type":"ListItem","position":1,"name":"Home","item":"https:\/\/www.esports-betting.pro\/es\/"},{"@type":"ListItem","position":2,"name":"Apuestas en Dota 2 | Sitios de apuestas y cuotas","item":"https:\/\/www.esports-betting.pro\/es\/dota-2\/"},{"@type":"ListItem","position":3,"name":"Major de Manila 2016 | Dota 2 Informaci\u00f3n General"}]},{"@type":"WebSite","@id":"https:\/\/www.esports-betting.pro\/es\/#website","url":"https:\/\/www.esports-betting.pro\/es\/","name":"Esports Betting - ES","description":"Just another Esports Betting Sites site","potentialAction":[{"@type":"SearchAction","target":{"@type":"EntryPoint","urlTemplate":"https:\/\/www.esports-betting.pro\/es\/?s={search_term_string}"},"query-input":"required name=search_term_string"}],"inLanguage":"es"}]}},"_links":{"self":[{"href":"https:\/\/www.esports-betting.pro\/es\/wp-json\/wp\/v2\/pages\/1690"}],"collection":[{"href":"https:\/\/www.esports-betting.pro\/es\/wp-json\/wp\/v2\/pages"}],"about":[{"href":"https:\/\/www.esports-betting.pro\/es\/wp-json\/wp\/v2\/types\/page"}],"author":[{"embeddable":true,"href":"https:\/\/www.esports-betting.pro\/es\/wp-json\/wp\/v2\/users\/24"}],"replies":[{"embeddable":true,"href":"https:\/\/www.esports-betting.pro\/es\/wp-json\/wp\/v2\/comments?post=1690"}],"version-history":[{"count":0,"href":"https:\/\/www.esports-betting.pro\/es\/wp-json\/wp\/v2\/pages\/1690\/revisions"}],"up":[{"embeddable":true,"href":"https:\/\/www.esports-betting.pro\/es\/wp-json\/wp\/v2\/pages\/13"}],"wp:attachment":[{"href":"https:\/\/www.esports-betting.pro\/es\/wp-json\/wp\/v2\/media?parent=1690"}],"curies":[{"name":"wp","href":"https:\/\/api.w.org\/{rel}","templated":true}]}}