{"id":14538,"date":"2018-12-25T19:31:33","date_gmt":"2018-12-25T23:31:33","guid":{"rendered":"https:\/\/www.esports-betting.pro\/es\/?page_id=14538"},"modified":"2018-12-25T19:31:33","modified_gmt":"2018-12-25T23:31:33","slug":"nba-2k","status":"publish","type":"page","link":"https:\/\/www.esports-betting.pro\/es\/nba-2k\/","title":{"rendered":"NBA 2K &#8211; Cuotas y sitios de Apuestas eSports &#8211; C\u00f3mo y d\u00f3nde apostar en la NBA 2019"},"content":{"rendered":"<p><img loading=\"lazy\" decoding=\"async\" class=\"size-full wp-image-14539 aligncenter\" src=\"https:\/\/www.esports-betting.pro\/app\/uploads\/sites\/3\/2018\/12\/nba-2k-apuestas-esports-imagen.jpg\" alt=\"NBA 2k Apuestas Esports Imagen\" width=\"700\" height=\"176\" \/><\/p>\n<p style=\"text-align: center\">\/p><\/p>\n<p style=\"text-align: justify\">La NBA 2K siempre ser\u00e1 una de las mejores simulaciones de baloncesto de la obra humana. Queremos proporcionarle un an\u00e1lisis profundo sobre los mejores proveedores de <strong><a href=\"https:\/\/www.esports-betting.pro\/es\/\">apuestas eSports<\/a><\/strong> de la NBA 2k 2019 y las cuotas que hay. Es probable que le debamos al juego el hecho de que muchos j\u00f3venes descubrieron el baloncesto gracias a esta simulaci\u00f3n. El juego se hizo popular cuando fue dirigido por Sega Sports. Sin embargo, poco despu\u00e9s del milenio, la empresa estadounidense 2K Sports compr\u00f3 los derechos y ha difundido el juego con gran \u00e9xito a lo largo de los a\u00f1os.<\/p>\n<p style=\"text-align: justify\">La famosa Liga Americana de Baloncesto, NBA, tambi\u00e9n juega un papel importante en el desarrollo de la NBA 2K y proporciona a los organizadores del juego un conocimiento aut\u00e9ntico y decisivo sobre el baloncesto &#8220;real&#8221; en la cancha. La experiencia ha demostrado que el n\u00famero de jugadores de la NBA 2K ha permanecido constante durante muchos a\u00f1os. Muchos han dudado del \u00e9xito de la simulaci\u00f3n, pero se les ha demostrado que se equivocan. Para una muestra de ello tenemos el \u00e9xito que ha tenido <strong><a href=\"https:\/\/www.esports-betting.pro\/es\/fifa\/\">FIFA eSports<\/a><\/strong> en los torneos este \u00faltimo a\u00f1o, es que adem\u00e1s muchos equipos profesionales est\u00e1n apostando por los eSports. En nuestro an\u00e1lisis, no s\u00f3lo queremos brindar una rese\u00f1a sobre los mejores corredores de apuestas, las cuotas y la informaci\u00f3n general del juego, sino que tambi\u00e9n queremos mostrar algunos consejos de apuestas.<\/p>\n<p style=\"text-align: center\">\n<h2>La NBA 2K | Una gran simulaci\u00f3n que se puede jugar en muchas plataformas<\/h2>\n<div class=\"title-line\">\n<div class=\"icon\"><\/div>\n<div class=\"fullWidth-line\"><\/div>\n<\/div>\n<figure id=\"attachment_14540\" aria-describedby=\"caption-attachment-14540\" style=\"width: 700px\" class=\"wp-caption aligncenter\"><img loading=\"lazy\" decoding=\"async\" class=\"wp-image-14540 size-full\" src=\"https:\/\/www.esports-betting.pro\/app\/uploads\/sites\/3\/2018\/12\/nba-2k-league-apuestas-esports-imagen.jpg\" alt=\"NBA 2K League Apuestas eSports Imagen\" width=\"700\" height=\"243\" \/><figcaption id=\"caption-attachment-14540\" class=\"wp-caption-text\">NBA 2K League<\/figcaption><\/figure>\n<p style=\"text-align: justify\">La NBA 2K quiere ser ante todo una simulaci\u00f3n real de baloncesto. El juego se basa, principalmente, en las reglas de la liga de la NBA y solo se desv\u00eda de ciertos factores de juego dependientes de los puntos. Es t\u00edpico de todas las simulaciones que los organizadores traten de tener en cuenta los cambios de jugador de cada a\u00f1o. Por lo tanto, la versi\u00f3n anual siempre est\u00e1 disponible una vez finalizado el mercado de fichajes. El hecho de que el juego est\u00e9 disponible en tantas plataformas tambi\u00e9n habla de su gran \u00e9xito; la NBA 2K se puede jugar en Playstation 4, Xbox One, Microsoft, Nintendo, Wii y, por supuesto, en todos los sistemas Android.<\/p>\n<p style=\"text-align: justify\">La simulaci\u00f3n se puede jugar con amigos en el juego libre. Desde hace algunos a\u00f1os, el modo Carrera le da un nuevo aire al juego, donde los jugadores pueden entrar en el papel del entrenador. Aqu\u00ed, puedes lidiar con todos los problemas de un entrenador de la NBA: cambios de jugadores, contratos publicitarios, planificaci\u00f3n de torneos y mucho m\u00e1s. Para el modo NBA 2K eSports el juego gratuito 1v1 es adecuado. Aqu\u00ed, solo cuenta la habilidad individual del jugador, independientemente de su carrera.<\/p>\n<p style=\"text-align: center\">\n<h2>Los 3 mejores corredores de apuestas eSports para la NBA 2K<\/h2>\n<div class=\"title-line\">\n<div class=\"icon\"><\/div>\n<div class=\"fullWidth-line\"><\/div>\n<\/div>\n<p style=\"text-align: justify\">La NBA 2K sigue siendo un deporte <em>niche<\/em> sin duda. El juego tiene mucho que ofrecer y la nueva edici\u00f3n anual es m\u00e1s que un simple cambio de nombres. Desafortunadamente, no muchas casas de apuestas ofrecen apuestas eSports para la NBA 2K, as\u00ed que no nos result\u00f3 tan dif\u00edcil presentar la selecci\u00f3n correcta. Aqu\u00ed est\u00e1n los tres mejores corredores de apuestas que no solo cuentan con las mejores cuotas, sino que tambi\u00e9n pueden darles una impresi\u00f3n general. \u00a1Navega por los mercados de apuestas y compara las cuotas una vez que hayas visto tu favorito!<\/p>\n<p style=\"text-align: center\">\/p><\/p>\n<div class=\"comparisonTable-wrapper\">\n<div class=\"col-lg-12 col-md-12 col-sm-12\">\n<div class=\"col-lg-4 col-md-6 col-sm-6 col-xs-12\">\n<div class=\"comparison-Table-container\"><\/div>\n<\/div>\n<\/div>\n<\/div>\n<p>\u00a1Ah! Una \u00faltima cosa. Si tienes alguna duda sobre la jerga de las apuestas Esports, \u00a1no dejes de\u00a0<strong><a href=\"https:\/\/www.esports-betting.pro\/es\/academia-de-apuestas\/\">leer nuestra gu\u00eda en la academia de apuestas Esports<\/a><\/strong>!<\/p>\n<h2>\u00bfQu\u00e9 tipos de apuestas eSports hay para la NBA 2K y c\u00f3mo son sus cuotas?<\/h2>\n<div class=\"title-line\">\n<div class=\"icon\"><\/div>\n<div class=\"fullWidth-line\"><\/div>\n<\/div>\n<p style=\"text-align: justify\">Hay que tener expectativas realistas del juego. Por supuesto, no se trata de League of Legends o Counter Strike: Ofensiva Global. El juego sigue siendo <em>niche<\/em> y, por lo tanto, los corredores de apuestas corren algo de riesgo al ofrecer las cuotas. Sin embargo, las cuotas de nuestros tres corredores de apuestas son relativamente bajas y no son peores que en el mediocampo.<\/p>\n<p style=\"text-align: justify\">En cuanto a los tipos de apuestas, desafortunadamente parece escaso. La mayor\u00eda de las apuestas se limitan al ganador del partido o al ganador del torneo y hay algunas opciones de apuestas en vivo. Aun as\u00ed, sigue siendo emocionante ver si con el viento en contra habr\u00e1 m\u00e1s apuestas en vivo para 2019. En cualquier caso, ser\u00edan bienvenidas.<\/p>\n<p style=\"text-align: center\">\n<p style=\"text-align: justify\"><em>\u201cHora de inicio mostrada en: GMT o GMT +1 durante el horario de verano. Cuotas de apuestas presentadas por Bet365.\u00a0<strong><a title=\"Bet365 \u2013 Rese\u00f1a de apuestas eSports\" href=\"https:\/\/www.esports-betting.pro\/es\/sitios-apuestas-esports\/bet365-e-sports\/\">Lee m\u00e1s acercas de las apuestas en los eSports en Bet365.<\/a><\/strong><\/em>\u00a0<em><strong>Atencion<\/strong>: Las cuotas mostradas son s\u00f3lo orientativas y est\u00e1n sujetas a cambios desde bet365. Por favor, compruebe las cuotas en el sitio bet365 antes de realizar cualquier apuesta.<\/em><\/p>\n<h2>Nuestros consejos para una apuesta exitosa<\/h2>\n<div class=\"title-line\">\n<div class=\"icon\"><\/div>\n<div class=\"fullWidth-line\"><\/div>\n<\/div>\n<p style=\"text-align: justify\">Para que tu apuesta eSport en la NBA 2K sea un \u00e9xito, hay que tener en cuenta algunos puntos. Con estos consejos de apuestas estar\u00e1s listo para el pr\u00f3ximo torneo:<\/p>\n<ul>\n<li style=\"text-align: justify\"><strong>Estad\u00edsticas<\/strong>: \u00bfel favorito del a\u00f1o pasado puede mantener la cabeza fuera del agua este a\u00f1o? Puedes encontrar este t\u00e9rmino, por desgracia, en cada gu\u00eda de apuestas y es f\u00e1cil de decir. Todo buen apostador de los eSport conoce bien las estad\u00edsticas de su juego favorito. As\u00ed que nadie deber\u00eda dudar de que este punto es muy cierto. Ve a las p\u00e1ginas pertinentes y recapitula los datos de al menos los \u00faltimos cinco partidos.<\/li>\n<li style=\"text-align: justify\"><strong>Formulario del torneo<\/strong>: as\u00ed como hace una diferencia si duermes en un hotel de 5 estrellas o en una tienda frente al lugar del torneo, tambi\u00e9n hace una diferencia el clan con el que est\u00e1s inscrito para el torneo. Los grandes clanes tienen posibilidades financieras muy diferentes para los jugadores. No solo tienen excelentes entrenadores y estrategas, sino que tambi\u00e9n psic\u00f3logos del juego que apoyan a los jugadores profesionales en su primer gran torneo. La emoci\u00f3n ahoga el rendimiento y, por lo tanto, \u00a1es mejor mirar muy de cerca a los nuevos jugadores!<\/li>\n<li style=\"text-align: justify\"><strong>Apuestas en vivo<\/strong>: las apuestas en vivo se ofrecen cada vez m\u00e1s para simulaciones deportivas. En especial, si eres un jugador, usa la opci\u00f3n y haz (en caso necesario) un retiro de dinero.<\/li>\n<\/ul>\n<p style=\"text-align: center\">\n<h2>Tabla comparativa de los 5 mejores corredores de apuestas<\/h2>\n<p style=\"text-align: center\">[comparison_table count=5 game_count=10]<\/p>\n","protected":false},"excerpt":{"rendered":"<p>\/p> La NBA 2K siempre ser\u00e1 una de las mejores simulaciones de baloncesto de la obra humana. Queremos proporcionarle un an\u00e1lisis profundo sobre los mejores proveedores de apuestas eSports de la NBA 2k 2019 y las cuotas que hay. Es probable que le debamos al juego el hecho de que muchos j\u00f3venes descubrieron el baloncesto &hellip; <a href=\"https:\/\/www.esports-betting.pro\/es\/nba-2k\/\">Continued<\/a><\/p>\n","protected":false},"author":24,"featured_media":0,"parent":0,"menu_order":0,"comment_status":"closed","ping_status":"closed","template":"","meta":{"_acf_changed":false,"footnotes":""},"acf":[],"yoast_head":"<!-- This site is optimized with the Yoast SEO plugin v22.6 - https:\/\/yoast.com\/wordpress\/plugins\/seo\/ -->\n<title>Apuestas eSports en NBA 2K - Consejos y sitios de apuestas para el 2026<\/title>\n<meta name=\"description\" content=\"\u00bfEst\u00e1s buscando las mejores cuotas de apuestas para la NBA2k? No busques m\u00e1s porque tenemos los mejores consejos para el 2026 aqu\u00ed.\" \/>\n<meta name=\"robots\" content=\"index, follow, max-snippet:-1, max-image-preview:large, max-video-preview:-1\" \/>\n<link rel=\"canonical\" href=\"https:\/\/www.esports-betting.pro\/es\/nba-2k\/\" \/>\n<meta property=\"og:locale\" content=\"es_ES\" \/>\n<meta property=\"og:type\" content=\"article\" \/>\n<meta property=\"og:title\" content=\"Apuestas eSports en NBA 2K - Consejos y sitios de apuestas para el 2026\" \/>\n<meta property=\"og:description\" content=\"\u00bfEst\u00e1s buscando las mejores cuotas de apuestas para la NBA2k? No busques m\u00e1s porque tenemos los mejores consejos para el 2026 aqu\u00ed.\" \/>\n<meta property=\"og:url\" content=\"https:\/\/www.esports-betting.pro\/es\/nba-2k\/\" \/>\n<meta property=\"og:site_name\" content=\"Esports Betting - ES\" \/>\n<meta property=\"og:image\" content=\"https:\/\/www.esports-betting.pro\/app\/uploads\/sites\/3\/2018\/12\/nba-2k-apuestas-esports-imagen.jpg\" \/>\n<meta name=\"twitter:card\" content=\"summary_large_image\" \/>\n<meta name=\"twitter:label1\" content=\"Est. reading time\" \/>\n\t<meta name=\"twitter:data1\" content=\"5 minutos\" \/>\n<script type=\"application\/ld+json\" class=\"yoast-schema-graph\">{\"@context\":\"https:\/\/schema.org\",\"@graph\":[{\"@type\":\"WebPage\",\"@id\":\"https:\/\/www.esports-betting.pro\/es\/nba-2k\/\",\"url\":\"https:\/\/www.esports-betting.pro\/es\/nba-2k\/\",\"name\":\"Apuestas eSports en NBA 2K - Consejos y sitios de apuestas para el 2026\",\"isPartOf\":{\"@id\":\"https:\/\/www.esports-betting.pro\/es\/#website\"},\"primaryImageOfPage\":{\"@id\":\"https:\/\/www.esports-betting.pro\/es\/nba-2k\/#primaryimage\"},\"image\":{\"@id\":\"https:\/\/www.esports-betting.pro\/es\/nba-2k\/#primaryimage\"},\"thumbnailUrl\":\"https:\/\/www.esports-betting.pro\/app\/uploads\/sites\/3\/2018\/12\/nba-2k-apuestas-esports-imagen.jpg\",\"datePublished\":\"2018-12-25T23:31:33+00:00\",\"dateModified\":\"2018-12-25T23:31:33+00:00\",\"description\":\"\u00bfEst\u00e1s buscando las mejores cuotas de apuestas para la NBA2k? No busques m\u00e1s porque tenemos los mejores consejos para el 2026 aqu\u00ed.\",\"breadcrumb\":{\"@id\":\"https:\/\/www.esports-betting.pro\/es\/nba-2k\/#breadcrumb\"},\"inLanguage\":\"es\",\"potentialAction\":[{\"@type\":\"ReadAction\",\"target\":[\"https:\/\/www.esports-betting.pro\/es\/nba-2k\/\"]}]},{\"@type\":\"ImageObject\",\"inLanguage\":\"es\",\"@id\":\"https:\/\/www.esports-betting.pro\/es\/nba-2k\/#primaryimage\",\"url\":\"https:\/\/www.esports-betting.pro\/app\/uploads\/sites\/3\/2018\/12\/nba-2k-apuestas-esports-imagen.jpg\",\"contentUrl\":\"https:\/\/www.esports-betting.pro\/app\/uploads\/sites\/3\/2018\/12\/nba-2k-apuestas-esports-imagen.jpg\"},{\"@type\":\"BreadcrumbList\",\"@id\":\"https:\/\/www.esports-betting.pro\/es\/nba-2k\/#breadcrumb\",\"itemListElement\":[{\"@type\":\"ListItem\",\"position\":1,\"name\":\"Home\",\"item\":\"https:\/\/www.esports-betting.pro\/es\/\"},{\"@type\":\"ListItem\",\"position\":2,\"name\":\"NBA 2K &#8211; Cuotas y sitios de Apuestas eSports &#8211; C\u00f3mo y d\u00f3nde apostar en la NBA 2019\"}]},{\"@type\":\"WebSite\",\"@id\":\"https:\/\/www.esports-betting.pro\/es\/#website\",\"url\":\"https:\/\/www.esports-betting.pro\/es\/\",\"name\":\"Esports Betting - ES\",\"description\":\"Just another Esports Betting Sites site\",\"potentialAction\":[{\"@type\":\"SearchAction\",\"target\":{\"@type\":\"EntryPoint\",\"urlTemplate\":\"https:\/\/www.esports-betting.pro\/es\/?s={search_term_string}\"},\"query-input\":\"required name=search_term_string\"}],\"inLanguage\":\"es\"}]}<\/script>\n<!-- \/ Yoast SEO plugin. -->","yoast_head_json":{"title":"Apuestas eSports en NBA 2K - Consejos y sitios de apuestas para el 2026","description":"\u00bfEst\u00e1s buscando las mejores cuotas de apuestas para la NBA2k? No busques m\u00e1s porque tenemos los mejores consejos para el 2026 aqu\u00ed.","robots":{"index":"index","follow":"follow","max-snippet":"max-snippet:-1","max-image-preview":"max-image-preview:large","max-video-preview":"max-video-preview:-1"},"canonical":"https:\/\/www.esports-betting.pro\/es\/nba-2k\/","og_locale":"es_ES","og_type":"article","og_title":"Apuestas eSports en NBA 2K - Consejos y sitios de apuestas para el 2026","og_description":"\u00bfEst\u00e1s buscando las mejores cuotas de apuestas para la NBA2k? No busques m\u00e1s porque tenemos los mejores consejos para el 2026 aqu\u00ed.","og_url":"https:\/\/www.esports-betting.pro\/es\/nba-2k\/","og_site_name":"Esports Betting - ES","og_image":[{"url":"https:\/\/www.esports-betting.pro\/app\/uploads\/sites\/3\/2018\/12\/nba-2k-apuestas-esports-imagen.jpg"}],"twitter_card":"summary_large_image","twitter_misc":{"Est. reading time":"5 minutos"},"schema":{"@context":"https:\/\/schema.org","@graph":[{"@type":"WebPage","@id":"https:\/\/www.esports-betting.pro\/es\/nba-2k\/","url":"https:\/\/www.esports-betting.pro\/es\/nba-2k\/","name":"Apuestas eSports en NBA 2K - Consejos y sitios de apuestas para el 2026","isPartOf":{"@id":"https:\/\/www.esports-betting.pro\/es\/#website"},"primaryImageOfPage":{"@id":"https:\/\/www.esports-betting.pro\/es\/nba-2k\/#primaryimage"},"image":{"@id":"https:\/\/www.esports-betting.pro\/es\/nba-2k\/#primaryimage"},"thumbnailUrl":"https:\/\/www.esports-betting.pro\/app\/uploads\/sites\/3\/2018\/12\/nba-2k-apuestas-esports-imagen.jpg","datePublished":"2018-12-25T23:31:33+00:00","dateModified":"2018-12-25T23:31:33+00:00","description":"\u00bfEst\u00e1s buscando las mejores cuotas de apuestas para la NBA2k? No busques m\u00e1s porque tenemos los mejores consejos para el 2026 aqu\u00ed.","breadcrumb":{"@id":"https:\/\/www.esports-betting.pro\/es\/nba-2k\/#breadcrumb"},"inLanguage":"es","potentialAction":[{"@type":"ReadAction","target":["https:\/\/www.esports-betting.pro\/es\/nba-2k\/"]}]},{"@type":"ImageObject","inLanguage":"es","@id":"https:\/\/www.esports-betting.pro\/es\/nba-2k\/#primaryimage","url":"https:\/\/www.esports-betting.pro\/app\/uploads\/sites\/3\/2018\/12\/nba-2k-apuestas-esports-imagen.jpg","contentUrl":"https:\/\/www.esports-betting.pro\/app\/uploads\/sites\/3\/2018\/12\/nba-2k-apuestas-esports-imagen.jpg"},{"@type":"BreadcrumbList","@id":"https:\/\/www.esports-betting.pro\/es\/nba-2k\/#breadcrumb","itemListElement":[{"@type":"ListItem","position":1,"name":"Home","item":"https:\/\/www.esports-betting.pro\/es\/"},{"@type":"ListItem","position":2,"name":"NBA 2K &#8211; Cuotas y sitios de Apuestas eSports &#8211; C\u00f3mo y d\u00f3nde apostar en la NBA 2019"}]},{"@type":"WebSite","@id":"https:\/\/www.esports-betting.pro\/es\/#website","url":"https:\/\/www.esports-betting.pro\/es\/","name":"Esports Betting - ES","description":"Just another Esports Betting Sites site","potentialAction":[{"@type":"SearchAction","target":{"@type":"EntryPoint","urlTemplate":"https:\/\/www.esports-betting.pro\/es\/?s={search_term_string}"},"query-input":"required name=search_term_string"}],"inLanguage":"es"}]}},"_links":{"self":[{"href":"https:\/\/www.esports-betting.pro\/es\/wp-json\/wp\/v2\/pages\/14538"}],"collection":[{"href":"https:\/\/www.esports-betting.pro\/es\/wp-json\/wp\/v2\/pages"}],"about":[{"href":"https:\/\/www.esports-betting.pro\/es\/wp-json\/wp\/v2\/types\/page"}],"author":[{"embeddable":true,"href":"https:\/\/www.esports-betting.pro\/es\/wp-json\/wp\/v2\/users\/24"}],"replies":[{"embeddable":true,"href":"https:\/\/www.esports-betting.pro\/es\/wp-json\/wp\/v2\/comments?post=14538"}],"version-history":[{"count":0,"href":"https:\/\/www.esports-betting.pro\/es\/wp-json\/wp\/v2\/pages\/14538\/revisions"}],"wp:attachment":[{"href":"https:\/\/www.esports-betting.pro\/es\/wp-json\/wp\/v2\/media?parent=14538"}],"curies":[{"name":"wp","href":"https:\/\/api.w.org\/{rel}","templated":true}]}}