{"id":14525,"date":"2018-12-25T13:26:58","date_gmt":"2018-12-25T17:26:58","guid":{"rendered":"https:\/\/www.esports-betting.pro\/es\/?page_id=14525"},"modified":"2018-12-25T13:26:58","modified_gmt":"2018-12-25T17:26:58","slug":"world-of-warcraft-wow","status":"publish","type":"page","link":"https:\/\/www.esports-betting.pro\/es\/world-of-warcraft-wow\/","title":{"rendered":"World of Warcraft &#8211; WoW &#8211; Informaci\u00f3n sobre las apuestas eSports en el 2019"},"content":{"rendered":"<p><img loading=\"lazy\" decoding=\"async\" class=\"size-full wp-image-14526 aligncenter\" src=\"https:\/\/www.esports-betting.pro\/app\/uploads\/sites\/3\/2018\/12\/world-of-warcraft-apuestas-esports.jpg\" alt=\"World of Warcraft Apuestas Esports\" width=\"700\" height=\"168\" \/><\/p>\n<p style=\"text-align: center\">\/p><\/p>\n<p style=\"text-align: justify\">WoW ha dado forma a toda una generaci\u00f3n. Todo el mundo conoce el juego y lo ha jugado o ha o\u00eddo hablar mucho de el en las redes sociales. Pero, \u00bfqu\u00e9 hay de las <strong><a href=\"https:\/\/www.esports-betting.pro\/es\/\">apuestas eSport<\/a><\/strong> para World of Warcraft 2018\/2019? Por supuesto, nos centraremos en el juego definitivo del g\u00e9nero que lo llev\u00f3 a las masas y mostr\u00f3 al mundo c\u00f3mo debe ser un buen MMORPG (en espa\u00f1ol, videojuegos de rol multijugador masivos en l\u00ednea) pagado. Es obvio que me refiero a World of Warcraft, un viejo MMORPG de 2004. El mundo de este videojuego es a\u00fan m\u00e1s antiguo, pues la serie Warcraft es de 1994.<\/p>\n<p style=\"text-align: justify\">Este fant\u00e1stico universo tiene lugar en el mundo del juego de Azeroth y siempre ha consistido en dos grandes grupos de jugadores. As\u00ed que cada jugador tiene que decidir desde el principio si quiere unirse a la Horda o a la Alianza y tiene que vivir con su decisi\u00f3n. Las apuestas eSport siempre han sido dif\u00edciles de hacer en World of Warcraft debido a la necesidad de encontrar <strong><a href=\"https:\/\/www.esports-betting.pro\/es\/sitios-apuestas-esports\/\">mercados de apuestas<\/a><\/strong> innovadores. Sin embargo, muchos corredores de apuestas han pensado en ello y a lo largo de los a\u00f1os se han establecido el modo PVE (en espa\u00f1ol, jugador contra el entorno) y el PVP (en espa\u00f1ol, jugador contra jugador).<\/p>\n<p style=\"text-align: center\">\n<h2>\u00bfQu\u00e9 es World of Warcraft?<\/h2>\n<div class=\"title-line\">\n<div class=\"icon\"><\/div>\n<div class=\"fullWidth-line\"><\/div>\n<\/div>\n<p><img loading=\"lazy\" decoding=\"async\" class=\"size-full wp-image-14530 aligncenter\" src=\"https:\/\/www.esports-betting.pro\/app\/uploads\/sites\/3\/2018\/12\/world-of-warcraft-apuestas-esports-imagen.jpg\" alt=\"World of Warcraft Apuestas Esports Imagen\" width=\"700\" height=\"173\" \/><\/p>\n<p style=\"text-align: justify\">Como se mencion\u00f3 antes, World of Warcraft es un juego de rol masivo multijugador en l\u00ednea que alcanz\u00f3 su punto m\u00e1ximo en octubre de 2010. Con 12 millones de suscriptores activos y m\u00e1s de 100 millones de cuentas creadas desde su inicio, actualmente, WoW tiene el R\u00e9cord Guinness como el MMORPG m\u00e1s popular. Sin embargo, con desarrollos anuales el organizador, Blizzard, pudo de mantener juego estable en cuando al n\u00famero de jugadores en cual ronda los 10 millones. Adem\u00e1s de otros t\u00edtulos como <strong><a href=\"https:\/\/www.esports-betting.pro\/es\/overwatch\/\">Overwatch<\/a><\/strong>, WoW a\u00fan se clasifica entre los mejores juegos.<\/p>\n<p style=\"text-align: justify\">En cuanto al juego en s\u00ed, se trata b\u00e1sicamente de dos facciones: Horda y Alianza. Lo adivinaste: la Alianza son los buenos y la Horda los malos; eso es lo que el precursor de Warcraft hizo obligatorio. Cada facci\u00f3n tiene varias razas diferentes para elegir, cada una con sus propias habilidades \u00fanicas que la distinguen de las dem\u00e1s. Aunque el concepto b\u00e1sico puede parecer simple al principio, el juego contiene mecanismos complejos que vinculan a los jugadores con sus personajes.<\/p>\n<p style=\"text-align: center\">\n<p style=\"text-align: justify\">M\u00e1s adelante en el juego, los jugadores suelen decidir si quieren derrotar a &#8220;Radio&#8221; juntos en un gran grupo de personajes no jugadores que s\u00f3lo pueden ser derrotados en una sola redada. Otros jugadores eligen el camino de los guerreros y juegan en el modo PVP en los campos de batalla y en la Arena (2v2, 3v3 y 5v5). Los personajes se nivelan cada vez m\u00e1s, a diferencia de <strong><a href=\"https:\/\/www.esports-betting.pro\/es\/league-of-legends-lol\/\">League of Legends<\/a><\/strong> o <strong><a href=\"https:\/\/www.esports-betting.pro\/es\/counter-strike-csgo\/\">Counter Strike: Global Offensive<\/a><\/strong>, donde los jugadores ganan experiencia, pero los personajes del juego siempre empiezan desde 0.<\/p>\n<p style=\"text-align: justify\">Blizzard ha creado un servidor de torneos de WoW donde todos los jugadores tienen los mismos prerrequisitos para que World of Warcraft se enfoque m\u00e1s en la habilidad del jugador que en el equipo.<\/p>\n<h3>World of Warcraft en los eSports<\/h3>\n<p style=\"text-align: justify\">A pesar de que WoW parece estar por debajo de su cubre de popularidad, la industria de los eSports y de las <strong><a href=\"https:\/\/www.esports-betting.pro\/es\/\">apuestas eSports<\/a><\/strong> est\u00e1 experimentando un auge en este juego. Hoy en d\u00eda, los jugadores m\u00e1s j\u00f3venes prefieren los MOBAs y los juegos de <em>Battle Royale<\/em>, mientras que los jugadores de m\u00e1s edad se quedan en el mundo conocido de los juego de rol&#8230; y WoW es el campe\u00f3n absoluto en este departamento. Dicho esto, hay algunos torneos y ligas en WoW que podr\u00edan ganar mucha popularidad recientemente.<\/p>\n<h2>Recomendaciones sobre las apuestas eSports para World of Warcraft &#8211; \u00bfC\u00f3mo apostar correctamente?<\/h2>\n<div class=\"title-line\">\n<div class=\"icon\"><\/div>\n<div class=\"fullWidth-line\"><\/div>\n<\/div>\n<h3><img loading=\"lazy\" decoding=\"async\" class=\"size-full wp-image-14531 aligncenter\" src=\"https:\/\/www.esports-betting.pro\/app\/uploads\/sites\/3\/2018\/12\/world-of-warcraft-apuestas-esports-battle-for-azeroth.jpg\" alt=\"World of Warcraft Battle for Azeroth Apuestas eSports\" width=\"700\" height=\"183\" \/><\/h3>\n<h3>Los 3 mejores proveedores de apuestas para World of Warcraft 2018\/2019<\/h3>\n<p style=\"text-align: justify\">En la actualidad, solo hay unos pocos <strong><a href=\"https:\/\/www.esports-betting.pro\/es\/sitios-apuestas-esports\/\">sitios de apuestas eSports<\/a><\/strong> que han reconocido a WoW como un eSport en todo el sentido de la palabra. Sin embargo, es sorprendente que todav\u00eda haya tanto inter\u00e9s en un juego que tiene m\u00e1s de 10 a\u00f1os de antig\u00fcedad y que a\u00fan se ofrezcan apuestas. Vale la pena echar un vistazo a los sitios de apuestas habituales, ah\u00ed encontrar\u00e1s las apuestas eSports para WoW.<\/p>\n<p style=\"text-align: justify\">En cuanto a las apuestas eSport y torneos de WoW, te sorprender\u00e1 ver que muchos torneos se hayan celebrado en los \u00faltimos meses. Por ejemplo, ha habido una cobertura total de los torneos recientes, incluyendo el <em>Mythic Dungeon Invitational<\/em> y los Campeonatos de Norteam\u00e9rica y Europa. Gente de todo el mundo vio estos eventos en vivo, lo que dice mucho sobre el inter\u00e9s de WoW y su potencial de apuestas. La escena profesional de WoW no parece inclinarse ante la competencia y es probable que contin\u00fae prosperando con los a\u00f1os.<\/p>\n<p style=\"text-align: center\">\/p><\/p>\n<div class=\"comparisonTable-wrapper\">\n<div class=\"col-lg-12 col-md-12 col-sm-12\">\n<div class=\"col-lg-4 col-md-6 col-sm-6 col-xs-12\">\n<div class=\"comparison-Table-container\"><\/div>\n<\/div>\n<\/div>\n<\/div>\n<p style=\"text-align: justify\">\u00a1Ah! Una \u00faltima cosa. Si tienes alguna duda sobre la jerga de las apuestas Esports, \u00a1no dejes de\u00a0<strong><a href=\"https:\/\/www.esports-betting.pro\/es\/academia-de-apuestas\/\">leer nuestra gu\u00eda en la academia de apuestas Esports<\/a><\/strong>!<\/p>\n<h2>Apuestas de WoW PVP- Jugador contra jugador en las arenas de Azeroth<\/h2>\n<p style=\"text-align: justify\">Mientras tanto, las apuestas de PVP se han establecido firmemente y el modo Arena se explica f\u00e1cil. Cada jugador es libre de participar en las peleas de Arena en un grupo de 2, 3 o 5 jugadores en el nivel m\u00e1ximo del juego regular; el equipamiento individual juega un papel importante. Ahora, cada juego tiene una puntuaci\u00f3n. Los equipos se enfrentan a equipos que tambi\u00e9n tienen una clasificaci\u00f3n similar. Los mejores equipos y jugadores reciben t\u00edtulos especiales al final de la temporada. Este t\u00edtulo de &#8220;Gladiador&#8221; puede ser usado durante toda la pr\u00f3xima temporada.<\/p>\n<p style=\"text-align: center\">\n<p style=\"text-align: justify\"><em>\u201cHora de inicio mostrada en: GMT o GMT +1 durante el horario de verano. Cuotas de apuestas presentadas por Bet365.\u00a0<strong><a title=\"Bet365 \u2013 Rese\u00f1a de apuestas eSports\" href=\"https:\/\/www.esports-betting.pro\/es\/sitios-apuestas-esports\/bet365-e-sports\/\">Lee m\u00e1s acercas de las apuestas en los eSports en Bet365.<\/a><\/strong><\/em>\u00a0<em><strong>Atencion<\/strong>: Las cuotas mostradas son s\u00f3lo orientativas y est\u00e1n sujetas a cambios desde bet365. Por favor, compruebe las cuotas en el sitio bet365 antes de realizar cualquier apuesta.<\/em><\/p>\n<h2>Mercado de apuestas de WoW \u2013 C\u00f3mo apostar<\/h2>\n<p>Para las apuestas eSport de World of Warcraft se ofrecen los siguientes mercados:<\/p>\n<ul>\n<li>El ganador del partido: en esta, se eval\u00faan partidas individuales en los principales torneos. Aqu\u00ed, es donde se pueden medir las diferencias m\u00e1s grandes entre las cuotas porque hay algunos candidatos sorpresa cada a\u00f1o.<\/li>\n<li>El ganador del torneo: aqu\u00ed, hay proveedores de apuestas individuales que crean cuotas para los favoritos del partido antes de que se anuncien los equipos, que en un caso remoto, no pueden participar en el torneo.<\/li>\n<li>La regi\u00f3n del ganador: esta siempre es una apuesta bienvenida, en la que solo tienes que determinar el continente del equipo ganador.<\/li>\n<li>Apuestas H\u00e1ndicap: se refiere a una constelaci\u00f3n de victorias y derrotas. Por lo general, las apuestas H\u00e1ndicap son recomendadas por fan\u00e1ticos experimentados de las apuestas, ya que incluso peque\u00f1os errores pueden hacer que la pierdas. Pero por otro lado, las H\u00e1ndicap traen ganancias altas incluso con apuestas bajas, ya que la siguiente apuesta se realiza casi inmediatamente con el dinero ganado.<\/li>\n<\/ul>\n<div style=\"text-align: center\"><\/div>\n<h2>Torneos de World of Warcraft \u2013 Campeonato Mundial de la BlizzCon<\/h2>\n<div class=\"title-line\">\n<div class=\"icon\"><\/div>\n<div class=\"fullWidth-line\"><\/div>\n<\/div>\n<p><img loading=\"lazy\" decoding=\"async\" class=\"size-full wp-image-14533 aligncenter\" src=\"https:\/\/www.esports-betting.pro\/app\/uploads\/sites\/3\/2018\/12\/world-of-warcraft-batalla-por-azeroth-apuestas-esports.jpg\" alt=\"World of Warcraft Batalla por Azeroth Apuestas eSports\" width=\"700\" height=\"147\" \/><\/p>\n<p style=\"text-align: justify\">Como se mencion\u00f3 antes, Blizzard ha pensado en algo para poner la experiencia del jugador en primer plano. Los torneos de eSport se juegan en servidores de torneos profesionales. Todos los equipos, objetos y encantos est\u00e1n disponibles para los jugadores en los servidores. Es literalmente la tierra de la leche y la miel para todos los jugadores de World of Warcraft. Cada a\u00f1o, en el tercer trimestre, la BlizzCon tiene lugar en los Estados Unidos de Am\u00e9rica e invita a los mejores equipos de todas las regiones. Aqu\u00ed, juegas en el modo tres contra tres (3v3).<\/p>\n<p style=\"text-align: justify\">Ocho equipos de todo el mundo juegan por un premio de medio mill\u00f3n de d\u00f3lares en el espect\u00e1culo de Blizzard. Por eso, en el mundo de las apuestas eSport para WoW todo se trata del Campeonato Mundial. Hay algunos torneos de clasificaci\u00f3n, as\u00ed como torneos secundarios m\u00e1s peque\u00f1os con algunas reglas. Hemos resumido los torneos m\u00e1s importantes.<\/p>\n<ul>\n<li style=\"text-align: justify\">Campeonato Mundial de la BlizzCon: una vez al a\u00f1o, los 8 mejores equipos de todo el mundo compiten entre s\u00ed en un modo 3v3 en el pabell\u00f3n de Blizzard. Cientos de miles de d\u00f3lares en premio est\u00e1n en juego.<\/li>\n<li style=\"text-align: justify\">Clasificatorias regionales: un equipo de Europa y uno de Estados Unidos.<\/li>\n<li style=\"text-align: justify\">Varios torneos paralelos, como el Dreamhack, etc.<\/li>\n<\/ul>\n<p style=\"text-align: center\">\n<h2>Consejos para hacer una apuesta eSports exitosa 2018\/2019<\/h2>\n<p>Por supuesto, para los grandes torneos hay muchas cuotas de apuestas. Tan pronto como se han determinado los equipos participantes, los analistas nos presentan las primeras cuotas. Damos algunos consejos para que tu primera apuesta sea un \u00e9xito.<\/p>\n<ul>\n<li style=\"text-align: justify\">Tan pronto como todos los equipos participantes hayan sido determinados, debes chequear las estad\u00edsticas. Mira las combinaciones de equipos en particular. \u00bfQu\u00e9 clases han jugado juntas? \u00bfCu\u00e1l es su reacci\u00f3n con otra combinaci\u00f3n? \u00bfQu\u00e9 hay de la experiencia individual de un jugador? Es posible que un jugador haya completado un ascenso de clase y no tenga tanta experiencia en una clase fuerte actualmente.<\/li>\n<li style=\"text-align: justify\">Todo acerca de la preparaci\u00f3n: \u00bfqu\u00e9 hay de la preparaci\u00f3n individual del equipo? A menudo, los equipos ya dan impresiones a sus fan\u00e1ticos en las p\u00e1ginas de sus clanes. \u00bfMis favoritos est\u00e1n ocupados entrenando o quiz\u00e1s est\u00e1n de luna de miel?<\/li>\n<li style=\"text-align: justify\">Ahora, hay cuotas de cambio para el cambio de alineaci\u00f3n. Presta atenci\u00f3n a la alineaci\u00f3n de los jugadores porque un cambio a corto plazo (a menudo, con un anuncio estrat\u00e9gicamente tard\u00edo) puede traer una ventaja enorme. Esto tambi\u00e9n se notar\u00eda muy r\u00e1pidamente en las cuotas.<\/li>\n<\/ul>\n","protected":false},"excerpt":{"rendered":"<p>\/p> WoW ha dado forma a toda una generaci\u00f3n. Todo el mundo conoce el juego y lo ha jugado o ha o\u00eddo hablar mucho de el en las redes sociales. Pero, \u00bfqu\u00e9 hay de las apuestas eSport para World of Warcraft 2018\/2019? Por supuesto, nos centraremos en el juego definitivo del g\u00e9nero que lo llev\u00f3 &hellip; <a href=\"https:\/\/www.esports-betting.pro\/es\/world-of-warcraft-wow\/\">Continued<\/a><\/p>\n","protected":false},"author":24,"featured_media":0,"parent":0,"menu_order":0,"comment_status":"closed","ping_status":"closed","template":"","meta":{"_acf_changed":false,"footnotes":""},"acf":[],"yoast_head":"<!-- This site is optimized with the Yoast SEO plugin v22.6 - https:\/\/yoast.com\/wordpress\/plugins\/seo\/ -->\n<title>World of Warcraft - Informaci\u00f3n de sitios de apuestas Esports para el 2026<\/title>\n<meta name=\"description\" content=\"World of Warcraft est\u00e1 creciendo en el mundo de los eSports, conoce m\u00e1s sobre las casas de apuestas eSports, sus cuotas y toda la informaci\u00f3n disponible.\" \/>\n<meta name=\"robots\" content=\"index, follow, max-snippet:-1, max-image-preview:large, max-video-preview:-1\" \/>\n<link rel=\"canonical\" href=\"https:\/\/www.esports-betting.pro\/es\/world-of-warcraft-wow\/\" \/>\n<meta property=\"og:locale\" content=\"es_ES\" \/>\n<meta property=\"og:type\" content=\"article\" \/>\n<meta property=\"og:title\" content=\"World of Warcraft - Informaci\u00f3n de sitios de apuestas Esports para el 2026\" \/>\n<meta property=\"og:description\" content=\"World of Warcraft est\u00e1 creciendo en el mundo de los eSports, conoce m\u00e1s sobre las casas de apuestas eSports, sus cuotas y toda la informaci\u00f3n disponible.\" \/>\n<meta property=\"og:url\" content=\"https:\/\/www.esports-betting.pro\/es\/world-of-warcraft-wow\/\" \/>\n<meta property=\"og:site_name\" content=\"Esports Betting - ES\" \/>\n<meta property=\"og:image\" content=\"https:\/\/www.esports-betting.pro\/app\/uploads\/sites\/3\/2018\/12\/world-of-warcraft-apuestas-esports.jpg\" \/>\n<meta name=\"twitter:card\" content=\"summary_large_image\" \/>\n<meta name=\"twitter:label1\" content=\"Est. reading time\" \/>\n\t<meta name=\"twitter:data1\" content=\"8 minutos\" \/>\n<script type=\"application\/ld+json\" class=\"yoast-schema-graph\">{\"@context\":\"https:\/\/schema.org\",\"@graph\":[{\"@type\":\"WebPage\",\"@id\":\"https:\/\/www.esports-betting.pro\/es\/world-of-warcraft-wow\/\",\"url\":\"https:\/\/www.esports-betting.pro\/es\/world-of-warcraft-wow\/\",\"name\":\"World of Warcraft - Informaci\u00f3n de sitios de apuestas Esports para el 2026\",\"isPartOf\":{\"@id\":\"https:\/\/www.esports-betting.pro\/es\/#website\"},\"primaryImageOfPage\":{\"@id\":\"https:\/\/www.esports-betting.pro\/es\/world-of-warcraft-wow\/#primaryimage\"},\"image\":{\"@id\":\"https:\/\/www.esports-betting.pro\/es\/world-of-warcraft-wow\/#primaryimage\"},\"thumbnailUrl\":\"https:\/\/www.esports-betting.pro\/app\/uploads\/sites\/3\/2018\/12\/world-of-warcraft-apuestas-esports.jpg\",\"datePublished\":\"2018-12-25T17:26:58+00:00\",\"dateModified\":\"2018-12-25T17:26:58+00:00\",\"description\":\"World of Warcraft est\u00e1 creciendo en el mundo de los eSports, conoce m\u00e1s sobre las casas de apuestas eSports, sus cuotas y toda la informaci\u00f3n disponible.\",\"breadcrumb\":{\"@id\":\"https:\/\/www.esports-betting.pro\/es\/world-of-warcraft-wow\/#breadcrumb\"},\"inLanguage\":\"es\",\"potentialAction\":[{\"@type\":\"ReadAction\",\"target\":[\"https:\/\/www.esports-betting.pro\/es\/world-of-warcraft-wow\/\"]}]},{\"@type\":\"ImageObject\",\"inLanguage\":\"es\",\"@id\":\"https:\/\/www.esports-betting.pro\/es\/world-of-warcraft-wow\/#primaryimage\",\"url\":\"https:\/\/www.esports-betting.pro\/app\/uploads\/sites\/3\/2018\/12\/world-of-warcraft-apuestas-esports.jpg\",\"contentUrl\":\"https:\/\/www.esports-betting.pro\/app\/uploads\/sites\/3\/2018\/12\/world-of-warcraft-apuestas-esports.jpg\"},{\"@type\":\"BreadcrumbList\",\"@id\":\"https:\/\/www.esports-betting.pro\/es\/world-of-warcraft-wow\/#breadcrumb\",\"itemListElement\":[{\"@type\":\"ListItem\",\"position\":1,\"name\":\"Home\",\"item\":\"https:\/\/www.esports-betting.pro\/es\/\"},{\"@type\":\"ListItem\",\"position\":2,\"name\":\"World of Warcraft &#8211; WoW &#8211; Informaci\u00f3n sobre las apuestas eSports en el 2019\"}]},{\"@type\":\"WebSite\",\"@id\":\"https:\/\/www.esports-betting.pro\/es\/#website\",\"url\":\"https:\/\/www.esports-betting.pro\/es\/\",\"name\":\"Esports Betting - ES\",\"description\":\"Just another Esports Betting Sites site\",\"potentialAction\":[{\"@type\":\"SearchAction\",\"target\":{\"@type\":\"EntryPoint\",\"urlTemplate\":\"https:\/\/www.esports-betting.pro\/es\/?s={search_term_string}\"},\"query-input\":\"required name=search_term_string\"}],\"inLanguage\":\"es\"}]}<\/script>\n<!-- \/ Yoast SEO plugin. -->","yoast_head_json":{"title":"World of Warcraft - Informaci\u00f3n de sitios de apuestas Esports para el 2026","description":"World of Warcraft est\u00e1 creciendo en el mundo de los eSports, conoce m\u00e1s sobre las casas de apuestas eSports, sus cuotas y toda la informaci\u00f3n disponible.","robots":{"index":"index","follow":"follow","max-snippet":"max-snippet:-1","max-image-preview":"max-image-preview:large","max-video-preview":"max-video-preview:-1"},"canonical":"https:\/\/www.esports-betting.pro\/es\/world-of-warcraft-wow\/","og_locale":"es_ES","og_type":"article","og_title":"World of Warcraft - Informaci\u00f3n de sitios de apuestas Esports para el 2026","og_description":"World of Warcraft est\u00e1 creciendo en el mundo de los eSports, conoce m\u00e1s sobre las casas de apuestas eSports, sus cuotas y toda la informaci\u00f3n disponible.","og_url":"https:\/\/www.esports-betting.pro\/es\/world-of-warcraft-wow\/","og_site_name":"Esports Betting - ES","og_image":[{"url":"https:\/\/www.esports-betting.pro\/app\/uploads\/sites\/3\/2018\/12\/world-of-warcraft-apuestas-esports.jpg"}],"twitter_card":"summary_large_image","twitter_misc":{"Est. reading time":"8 minutos"},"schema":{"@context":"https:\/\/schema.org","@graph":[{"@type":"WebPage","@id":"https:\/\/www.esports-betting.pro\/es\/world-of-warcraft-wow\/","url":"https:\/\/www.esports-betting.pro\/es\/world-of-warcraft-wow\/","name":"World of Warcraft - Informaci\u00f3n de sitios de apuestas Esports para el 2026","isPartOf":{"@id":"https:\/\/www.esports-betting.pro\/es\/#website"},"primaryImageOfPage":{"@id":"https:\/\/www.esports-betting.pro\/es\/world-of-warcraft-wow\/#primaryimage"},"image":{"@id":"https:\/\/www.esports-betting.pro\/es\/world-of-warcraft-wow\/#primaryimage"},"thumbnailUrl":"https:\/\/www.esports-betting.pro\/app\/uploads\/sites\/3\/2018\/12\/world-of-warcraft-apuestas-esports.jpg","datePublished":"2018-12-25T17:26:58+00:00","dateModified":"2018-12-25T17:26:58+00:00","description":"World of Warcraft est\u00e1 creciendo en el mundo de los eSports, conoce m\u00e1s sobre las casas de apuestas eSports, sus cuotas y toda la informaci\u00f3n disponible.","breadcrumb":{"@id":"https:\/\/www.esports-betting.pro\/es\/world-of-warcraft-wow\/#breadcrumb"},"inLanguage":"es","potentialAction":[{"@type":"ReadAction","target":["https:\/\/www.esports-betting.pro\/es\/world-of-warcraft-wow\/"]}]},{"@type":"ImageObject","inLanguage":"es","@id":"https:\/\/www.esports-betting.pro\/es\/world-of-warcraft-wow\/#primaryimage","url":"https:\/\/www.esports-betting.pro\/app\/uploads\/sites\/3\/2018\/12\/world-of-warcraft-apuestas-esports.jpg","contentUrl":"https:\/\/www.esports-betting.pro\/app\/uploads\/sites\/3\/2018\/12\/world-of-warcraft-apuestas-esports.jpg"},{"@type":"BreadcrumbList","@id":"https:\/\/www.esports-betting.pro\/es\/world-of-warcraft-wow\/#breadcrumb","itemListElement":[{"@type":"ListItem","position":1,"name":"Home","item":"https:\/\/www.esports-betting.pro\/es\/"},{"@type":"ListItem","position":2,"name":"World of Warcraft &#8211; WoW &#8211; Informaci\u00f3n sobre las apuestas eSports en el 2019"}]},{"@type":"WebSite","@id":"https:\/\/www.esports-betting.pro\/es\/#website","url":"https:\/\/www.esports-betting.pro\/es\/","name":"Esports Betting - ES","description":"Just another Esports Betting Sites site","potentialAction":[{"@type":"SearchAction","target":{"@type":"EntryPoint","urlTemplate":"https:\/\/www.esports-betting.pro\/es\/?s={search_term_string}"},"query-input":"required name=search_term_string"}],"inLanguage":"es"}]}},"_links":{"self":[{"href":"https:\/\/www.esports-betting.pro\/es\/wp-json\/wp\/v2\/pages\/14525"}],"collection":[{"href":"https:\/\/www.esports-betting.pro\/es\/wp-json\/wp\/v2\/pages"}],"about":[{"href":"https:\/\/www.esports-betting.pro\/es\/wp-json\/wp\/v2\/types\/page"}],"author":[{"embeddable":true,"href":"https:\/\/www.esports-betting.pro\/es\/wp-json\/wp\/v2\/users\/24"}],"replies":[{"embeddable":true,"href":"https:\/\/www.esports-betting.pro\/es\/wp-json\/wp\/v2\/comments?post=14525"}],"version-history":[{"count":0,"href":"https:\/\/www.esports-betting.pro\/es\/wp-json\/wp\/v2\/pages\/14525\/revisions"}],"wp:attachment":[{"href":"https:\/\/www.esports-betting.pro\/es\/wp-json\/wp\/v2\/media?parent=14525"}],"curies":[{"name":"wp","href":"https:\/\/api.w.org\/{rel}","templated":true}]}}