{"id":14497,"date":"2018-12-22T20:19:37","date_gmt":"2018-12-23T00:19:37","guid":{"rendered":"https:\/\/www.esports-betting.pro\/es\/?page_id=14497"},"modified":"2018-12-22T20:19:37","modified_gmt":"2018-12-23T00:19:37","slug":"fortnite","status":"publish","type":"page","link":"https:\/\/www.esports-betting.pro\/es\/fortnite\/","title":{"rendered":"Apuestas eSports en Fortnite \u2013 Sitios para realizar tus apuestas en Fornite"},"content":{"rendered":"<p><img loading=\"lazy\" decoding=\"async\" class=\"size-full wp-image-14500 aligncenter\" src=\"https:\/\/www.esports-betting.pro\/app\/uploads\/sites\/3\/2018\/12\/fortnite-battle-royale-picture-apuestas-esports.jpg\" alt=\"Fortnite Battle Royale Picture Apuestas eSports\" width=\"700\" height=\"397\" \/><\/p>\n<p style=\"text-align: center\">\/p><\/p>\n<p style=\"text-align: justify\">Los juegos <em>Battle Royale <\/em>se han apoderado de la comunidad de jugadores. S\u00ed, algunos de sus primeros ejemplares datan del 2015, pero se volvieron extremadamente populares en la segunda mitad del 2017. Para ser m\u00e1s precisos, lo que lo propici\u00f3 fue el r\u00e1pido crecimiento de popularidad de un solo juego: <strong><a href=\"https:\/\/www.esports-betting.pro\/es\/pubg\/\">PUBG<\/a><\/strong>. Despu\u00e9s de alcanzar una fama inmensa y ser compartido en todas las redes sociales, varios imitadores con ideas interesantes (pero no innovadoras) aparecieron para llevarse su trozo de pastel.<\/p>\n<p style=\"text-align: justify\">Sin embargo, ninguno de ellos gan\u00f3 fan\u00e1ticos, \u00a1hasta que apareci\u00f3 Fortnite! Una cosa es segura, los juegos <em>battle royale<\/em> tienen expectativas muy altas y buscan convertirse en el pr\u00f3ximo tipo de juego m\u00e1s grande de la industria de las <strong><a href=\"https:\/\/www.esports-betting.pro\/es\/\">Apuestas eSports<\/a><\/strong>. No obstante, hay un aspecto con el que tendr\u00e1n muchos problemas: hacer que los espectadores siempre tengan una experiencia entretenida viendo los juegos, lo que podr\u00eda promover las apuestas eSports para Fortnite, pero hablaremos de eso m\u00e1s adelante. Por ahora, \u00a1veamos qu\u00e9 es Fortnite exactamente y como puedes jugarlo!<\/p>\n<p style=\"text-align: center\">\n<h2>Fortnite 101 | Todo lo que necesitas saber del juego<\/h2>\n<div class=\"title-line\">\n<div class=\"icon\"><\/div>\n<div class=\"fullWidth-line\"><\/div>\n<\/div>\n<p style=\"text-align: justify\">Al principio, Fortnite ser\u00eda un juego de defensa de torres con el modo Salvar al Mundo como base de su existencia. De hecho, este modo todav\u00eda goza de bastante popularidad, pero est\u00e1 muy lejos de la publicidad que ha tenido el modo <em>battle royale<\/em> de Fortnite. Entonces, \u00bfde qu\u00e9 se trata todo esto? Pues todos los juegos <em>battle royale <\/em>(incluso PUBG y Fortnite) se basan en un concepto simple, colocar a 100 jugadores en un solo mapa y que gane el \u00faltimo hombre en pie, \u00a1tan simple como eso!<\/p>\n<p style=\"text-align: justify\">En cuanto a Fortnite, el asunto se adereza con mecanismos de construcci\u00f3n cuidadosamente equilibrados, que hacen que evolucione de un videojuego de disparos en 3era persona a un h\u00edbrido maravilloso. B\u00e1sicamente, esta es la parte m\u00e1s divertida, el punto no es ser solo un tirador letal en el mapa, sino tambi\u00e9n un constructor admirable. Si obtienes un nivel alto en ambas habilidades, podr\u00edas ganar esa dulce Victoria Royale al final de la partida.<\/p>\n<p style=\"text-align: justify\">Si te agrada lo que has visto hasta ahora, tal vez que gustar\u00eda intentar jugar Fortnite. Est\u00e1 disponible para diferentes plataformas, que incluyen PC, Xbox, PS y hasta tel\u00e9fonos inteligentes. Lo mejor de todo es que Fortnite es un videojuego gratuito que solo tiene micro transacciones vinculadas a los cambios de apariencia.<\/p>\n<p style=\"text-align: center\">\n<h2>Recomendaciones sobre las apuestas eSports para Fortnite<\/h2>\n<div class=\"title-line\">\n<div class=\"icon\"><\/div>\n<div class=\"fullWidth-line\"><\/div>\n<\/div>\n<p style=\"text-align: justify\">En lo que respecta a los <strong><a href=\"https:\/\/www.esports-betting.pro\/es\/sitios-apuestas-esports\/\">sitios de apuestas eSports para Fortnite<\/a><\/strong>, todav\u00eda no hay torneos en marcha (o por venir) que valgan la pena mencionar. Sin embargo, todo se trata de cambiar, considerando el anuncio m\u00e1s reciente de los creadores de este videojuego, Epic Games. Lo creas o no, han anunciado una enorme bolsa de premios de 1 mill\u00f3n de d\u00f3lares para la primera temporada competitiva de Fortnite.<\/p>\n<p style=\"text-align: justify\">Aunque todav\u00eda no hay mucha informaci\u00f3n sobre esta temporada, una cosa es segura, Epic Games estar\u00e1 comprometido con todo esto y se asegurar\u00e1 de que la temporada inaugural alcance sus alt\u00edsimas expectativas. Para m\u00e1s informaci\u00f3n sobre este tema, por favor, <strong><a href=\"https:\/\/www.esports-betting.pro\/es\/noticias\/epic-games-bolsa-premios-100-millones-usd-fornite\/\">consulta nuestro art\u00edculo de noticias de los anuncios de Epic Games sobre la bolsa de premios Fortnite eSport<\/a><\/strong>.<\/p>\n<p style=\"text-align: center\">\n<p style=\"text-align: justify\"><em>\u201cHora de inicio mostrada en: GMT o GMT +1 durante el horario de verano. Cuotas de apuestas presentadas por Bet365.\u00a0<strong><a title=\"Bet365 \u2013 Rese\u00f1a de apuestas eSports\" href=\"https:\/\/www.esports-betting.pro\/es\/sitios-apuestas-esports\/bet365-e-sports\/\">Lee m\u00e1s acercas de las apuestas en los eSports en Bet365.<\/a><\/strong><\/em>\u00a0<em><strong>Atencion<\/strong>: Las cuotas mostradas son s\u00f3lo orientativas y est\u00e1n sujetas a cambios desde bet365. Por favor, compruebe las cuotas en el sitio bet365 antes de realizar cualquier apuesta.<\/em><\/p>\n<p style=\"text-align: center\">\/p><\/p>\n<h2>\u00bfC\u00f3mo ser\u00e1n las apuestas de Fortnite?<\/h2>\n<div class=\"title-line\">\n<div class=\"icon\"><\/div>\n<div class=\"fullWidth-line\"><\/div>\n<\/div>\n<p style=\"text-align: justify\">A\u00fan hay mucha confusi\u00f3n acerca de c\u00f3mo ser\u00e1n exactamente las apuestas de Fortnite. Ser\u00e1 un tema complicado al principio, en especial, si consideramos el hecho de que los juegos <em>battle royale<\/em> no encajan en ning\u00fan tipo de eSport convencional. No son partidos de equipos 5v5, ni tampoco de un solo jugador 1v1.<\/p>\n<p style=\"text-align: justify\">En vez de eso, son 100 jugadores luchando entre ellos. Sin duda, tambi\u00e9n veremos torneos de equipos, pero aun as\u00ed, ser\u00e1 un comienzo dif\u00edcil hasta que Epic Games y sus colaboradores elaboren una f\u00f3rmula del \u00e9xito la cual va a influir en la franquicia de los eSports, as\u00ed como en las apuestas eSports.<\/p>\n<p style=\"text-align: justify\">Sin embargo, una cosa es segura, los fan\u00e1ticos de las apuestas eSports disfrutar\u00e1n apostando en Fortnite, pero tendr\u00e1n que esperar un poco m\u00e1s hasta que el primer torneo significativo comience.<\/p>\n<p style=\"text-align: center\">\n<h2>Tabla de comparaci\u00f3n de los 5 mejores corredores de apuestas<\/h2>\n<p style=\"text-align: center\">[comparison_table count=5 game_count=10]<\/p>\n","protected":false},"excerpt":{"rendered":"<p>\/p> Los juegos Battle Royale se han apoderado de la comunidad de jugadores. S\u00ed, algunos de sus primeros ejemplares datan del 2015, pero se volvieron extremadamente populares en la segunda mitad del 2017. Para ser m\u00e1s precisos, lo que lo propici\u00f3 fue el r\u00e1pido crecimiento de popularidad de un solo juego: PUBG. Despu\u00e9s de alcanzar &hellip; <a href=\"https:\/\/www.esports-betting.pro\/es\/fortnite\/\">Continued<\/a><\/p>\n","protected":false},"author":24,"featured_media":0,"parent":0,"menu_order":0,"comment_status":"closed","ping_status":"closed","template":"","meta":{"_acf_changed":false,"footnotes":""},"acf":[],"yoast_head":"<!-- This site is optimized with the Yoast SEO plugin v22.6 - https:\/\/yoast.com\/wordpress\/plugins\/seo\/ -->\n<title>Apuestas eSports en Fornite | C\u00f3mo apostar en Fornite en el 2026<\/title>\n<meta name=\"description\" content=\"Si est\u00e1s interesado en las apuestas eSports en Fornite, aqu\u00ed podr\u00e1s leer varias opciones y la mejor manera de obtener una ganancia en este Battle Royale.\" \/>\n<meta name=\"robots\" content=\"index, follow, max-snippet:-1, max-image-preview:large, max-video-preview:-1\" \/>\n<link rel=\"canonical\" href=\"https:\/\/www.esports-betting.pro\/es\/fortnite\/\" \/>\n<meta property=\"og:locale\" content=\"es_ES\" \/>\n<meta property=\"og:type\" content=\"article\" \/>\n<meta property=\"og:title\" content=\"Apuestas eSports en Fornite | C\u00f3mo apostar en Fornite en el 2026\" \/>\n<meta property=\"og:description\" content=\"Si est\u00e1s interesado en las apuestas eSports en Fornite, aqu\u00ed podr\u00e1s leer varias opciones y la mejor manera de obtener una ganancia en este Battle Royale.\" \/>\n<meta property=\"og:url\" content=\"https:\/\/www.esports-betting.pro\/es\/fortnite\/\" \/>\n<meta property=\"og:site_name\" content=\"Esports Betting - ES\" \/>\n<meta property=\"og:image\" content=\"https:\/\/www.esports-betting.pro\/app\/uploads\/sites\/3\/2018\/12\/fortnite-battle-royale-picture-apuestas-esports.jpg\" \/>\n<meta name=\"twitter:card\" content=\"summary_large_image\" \/>\n<meta name=\"twitter:label1\" content=\"Est. reading time\" \/>\n\t<meta name=\"twitter:data1\" content=\"4 minutos\" \/>\n<script type=\"application\/ld+json\" class=\"yoast-schema-graph\">{\"@context\":\"https:\/\/schema.org\",\"@graph\":[{\"@type\":\"WebPage\",\"@id\":\"https:\/\/www.esports-betting.pro\/es\/fortnite\/\",\"url\":\"https:\/\/www.esports-betting.pro\/es\/fortnite\/\",\"name\":\"Apuestas eSports en Fornite | C\u00f3mo apostar en Fornite en el 2026\",\"isPartOf\":{\"@id\":\"https:\/\/www.esports-betting.pro\/es\/#website\"},\"primaryImageOfPage\":{\"@id\":\"https:\/\/www.esports-betting.pro\/es\/fortnite\/#primaryimage\"},\"image\":{\"@id\":\"https:\/\/www.esports-betting.pro\/es\/fortnite\/#primaryimage\"},\"thumbnailUrl\":\"https:\/\/www.esports-betting.pro\/app\/uploads\/sites\/3\/2018\/12\/fortnite-battle-royale-picture-apuestas-esports.jpg\",\"datePublished\":\"2018-12-23T00:19:37+00:00\",\"dateModified\":\"2018-12-23T00:19:37+00:00\",\"description\":\"Si est\u00e1s interesado en las apuestas eSports en Fornite, aqu\u00ed podr\u00e1s leer varias opciones y la mejor manera de obtener una ganancia en este Battle Royale.\",\"breadcrumb\":{\"@id\":\"https:\/\/www.esports-betting.pro\/es\/fortnite\/#breadcrumb\"},\"inLanguage\":\"es\",\"potentialAction\":[{\"@type\":\"ReadAction\",\"target\":[\"https:\/\/www.esports-betting.pro\/es\/fortnite\/\"]}]},{\"@type\":\"ImageObject\",\"inLanguage\":\"es\",\"@id\":\"https:\/\/www.esports-betting.pro\/es\/fortnite\/#primaryimage\",\"url\":\"https:\/\/www.esports-betting.pro\/app\/uploads\/sites\/3\/2018\/12\/fortnite-battle-royale-picture-apuestas-esports.jpg\",\"contentUrl\":\"https:\/\/www.esports-betting.pro\/app\/uploads\/sites\/3\/2018\/12\/fortnite-battle-royale-picture-apuestas-esports.jpg\"},{\"@type\":\"BreadcrumbList\",\"@id\":\"https:\/\/www.esports-betting.pro\/es\/fortnite\/#breadcrumb\",\"itemListElement\":[{\"@type\":\"ListItem\",\"position\":1,\"name\":\"Home\",\"item\":\"https:\/\/www.esports-betting.pro\/es\/\"},{\"@type\":\"ListItem\",\"position\":2,\"name\":\"Apuestas eSports en Fortnite \u2013 Sitios para realizar tus apuestas en Fornite\"}]},{\"@type\":\"WebSite\",\"@id\":\"https:\/\/www.esports-betting.pro\/es\/#website\",\"url\":\"https:\/\/www.esports-betting.pro\/es\/\",\"name\":\"Esports Betting - ES\",\"description\":\"Just another Esports Betting Sites site\",\"potentialAction\":[{\"@type\":\"SearchAction\",\"target\":{\"@type\":\"EntryPoint\",\"urlTemplate\":\"https:\/\/www.esports-betting.pro\/es\/?s={search_term_string}\"},\"query-input\":\"required name=search_term_string\"}],\"inLanguage\":\"es\"}]}<\/script>\n<!-- \/ Yoast SEO plugin. -->","yoast_head_json":{"title":"Apuestas eSports en Fornite | C\u00f3mo apostar en Fornite en el 2026","description":"Si est\u00e1s interesado en las apuestas eSports en Fornite, aqu\u00ed podr\u00e1s leer varias opciones y la mejor manera de obtener una ganancia en este Battle Royale.","robots":{"index":"index","follow":"follow","max-snippet":"max-snippet:-1","max-image-preview":"max-image-preview:large","max-video-preview":"max-video-preview:-1"},"canonical":"https:\/\/www.esports-betting.pro\/es\/fortnite\/","og_locale":"es_ES","og_type":"article","og_title":"Apuestas eSports en Fornite | C\u00f3mo apostar en Fornite en el 2026","og_description":"Si est\u00e1s interesado en las apuestas eSports en Fornite, aqu\u00ed podr\u00e1s leer varias opciones y la mejor manera de obtener una ganancia en este Battle Royale.","og_url":"https:\/\/www.esports-betting.pro\/es\/fortnite\/","og_site_name":"Esports Betting - ES","og_image":[{"url":"https:\/\/www.esports-betting.pro\/app\/uploads\/sites\/3\/2018\/12\/fortnite-battle-royale-picture-apuestas-esports.jpg"}],"twitter_card":"summary_large_image","twitter_misc":{"Est. reading time":"4 minutos"},"schema":{"@context":"https:\/\/schema.org","@graph":[{"@type":"WebPage","@id":"https:\/\/www.esports-betting.pro\/es\/fortnite\/","url":"https:\/\/www.esports-betting.pro\/es\/fortnite\/","name":"Apuestas eSports en Fornite | C\u00f3mo apostar en Fornite en el 2026","isPartOf":{"@id":"https:\/\/www.esports-betting.pro\/es\/#website"},"primaryImageOfPage":{"@id":"https:\/\/www.esports-betting.pro\/es\/fortnite\/#primaryimage"},"image":{"@id":"https:\/\/www.esports-betting.pro\/es\/fortnite\/#primaryimage"},"thumbnailUrl":"https:\/\/www.esports-betting.pro\/app\/uploads\/sites\/3\/2018\/12\/fortnite-battle-royale-picture-apuestas-esports.jpg","datePublished":"2018-12-23T00:19:37+00:00","dateModified":"2018-12-23T00:19:37+00:00","description":"Si est\u00e1s interesado en las apuestas eSports en Fornite, aqu\u00ed podr\u00e1s leer varias opciones y la mejor manera de obtener una ganancia en este Battle Royale.","breadcrumb":{"@id":"https:\/\/www.esports-betting.pro\/es\/fortnite\/#breadcrumb"},"inLanguage":"es","potentialAction":[{"@type":"ReadAction","target":["https:\/\/www.esports-betting.pro\/es\/fortnite\/"]}]},{"@type":"ImageObject","inLanguage":"es","@id":"https:\/\/www.esports-betting.pro\/es\/fortnite\/#primaryimage","url":"https:\/\/www.esports-betting.pro\/app\/uploads\/sites\/3\/2018\/12\/fortnite-battle-royale-picture-apuestas-esports.jpg","contentUrl":"https:\/\/www.esports-betting.pro\/app\/uploads\/sites\/3\/2018\/12\/fortnite-battle-royale-picture-apuestas-esports.jpg"},{"@type":"BreadcrumbList","@id":"https:\/\/www.esports-betting.pro\/es\/fortnite\/#breadcrumb","itemListElement":[{"@type":"ListItem","position":1,"name":"Home","item":"https:\/\/www.esports-betting.pro\/es\/"},{"@type":"ListItem","position":2,"name":"Apuestas eSports en Fortnite \u2013 Sitios para realizar tus apuestas en Fornite"}]},{"@type":"WebSite","@id":"https:\/\/www.esports-betting.pro\/es\/#website","url":"https:\/\/www.esports-betting.pro\/es\/","name":"Esports Betting - ES","description":"Just another Esports Betting Sites site","potentialAction":[{"@type":"SearchAction","target":{"@type":"EntryPoint","urlTemplate":"https:\/\/www.esports-betting.pro\/es\/?s={search_term_string}"},"query-input":"required name=search_term_string"}],"inLanguage":"es"}]}},"_links":{"self":[{"href":"https:\/\/www.esports-betting.pro\/es\/wp-json\/wp\/v2\/pages\/14497"}],"collection":[{"href":"https:\/\/www.esports-betting.pro\/es\/wp-json\/wp\/v2\/pages"}],"about":[{"href":"https:\/\/www.esports-betting.pro\/es\/wp-json\/wp\/v2\/types\/page"}],"author":[{"embeddable":true,"href":"https:\/\/www.esports-betting.pro\/es\/wp-json\/wp\/v2\/users\/24"}],"replies":[{"embeddable":true,"href":"https:\/\/www.esports-betting.pro\/es\/wp-json\/wp\/v2\/comments?post=14497"}],"version-history":[{"count":0,"href":"https:\/\/www.esports-betting.pro\/es\/wp-json\/wp\/v2\/pages\/14497\/revisions"}],"wp:attachment":[{"href":"https:\/\/www.esports-betting.pro\/es\/wp-json\/wp\/v2\/media?parent=14497"}],"curies":[{"name":"wp","href":"https:\/\/api.w.org\/{rel}","templated":true}]}}