{"id":14202,"date":"2018-11-26T20:53:06","date_gmt":"2018-11-27T00:53:06","guid":{"rendered":"https:\/\/www.esports-betting.pro\/es\/?page_id=14202"},"modified":"2022-09-02T13:10:40","modified_gmt":"2022-09-02T13:10:40","slug":"analisis-trustly","status":"publish","type":"page","link":"https:\/\/www.esports-betting.pro\/es\/metodos-pago\/analisis-trustly\/","title":{"rendered":"M\u00e9todos de pago en las apuestas eSports: An\u00e1lisis de Trustly"},"content":{"rendered":"<p style=\"text-align: justify\"><img loading=\"lazy\" decoding=\"async\" class=\"size-full wp-image-14204 alignright\" src=\"https:\/\/www.esports-betting.pro\/app\/uploads\/sites\/3\/2018\/11\/Trustly-M\u00e9todo-Pago-Logo.png\" alt=\"Trustly Metodo Pago Logo\" width=\"150\" height=\"150\" \/>El an\u00e1lisis de Trustly en las apuestas eSports es, al menos en nuestra opini\u00f3n, la mejor manera de contarles m\u00e1s a nuestros lectores acerca de esta forma ultrarr\u00e1pida, simple y segura de hacer pagos en l\u00ednea. Trustly es del a\u00f1o 2008 y sigue creciendo hasta la fecha. De hecho, se ha convertido en el <strong><a href=\"https:\/\/www.esports-betting.pro\/es\/metodos-pago\/\">m\u00e9todo de pago en l\u00ednea preferido<\/a><\/strong> por millones de europeos, para ser m\u00e1s precisos, un total de 29 pa\u00edses de Europa lo usan.<\/p>\n<p style=\"text-align: justify\">Funciona de manera que permite a sus usuarios dirigir las transacciones en l\u00ednea directamente desde su cuenta bancaria. El proceso es instant\u00e1neo, en su mayor\u00eda automatizado y, b\u00e1sicamente, no requiere ning\u00fan conocimiento de TI. Dicho eso, \u00bfqu\u00e9 tipo de conexi\u00f3n tiene Trustly con las <strong><a href=\"https:\/\/www.esports-betting.pro\/es\/\">apuestas eSports<\/a><\/strong>? Bueno, eso es exactamente lo que queremos decirles en la siguiente secci\u00f3n de este art\u00edculo.<\/p>\n<h2>\u00bfSe puede apostar con Trustly en los eSports?<\/h2>\n<div class=\"title-line\">\n<div class=\"icon\"><\/div>\n<div class=\"fullWidth-line\"><\/div>\n<\/div>\n<p style=\"text-align: justify\">Primero lo primero: \u00bflos usuarios pueden apostar en los eSports utilizando Trustly como su m\u00e9todo de pago predeterminado? Bueno, aunque ese no es su uso principal, la gente puede utilizar Trustly en todo tipo de sitios web de apuestas eSports. \u00bfY por qu\u00e9 no? Es un m\u00e9todo de pago en l\u00ednea conveniente que tambi\u00e9n es r\u00e1pido y f\u00e1cil de utilizar para los usuarios nuevos con poco o ning\u00fan conocimiento de TI. Adem\u00e1s, Trustly est\u00e1 disponible en 29 pa\u00edses europeos, lo que lo convierte en un negocio muy amplio con muchos posibles clientes para los corredores de apuestas eSports. La ecuaci\u00f3n es muy simple ahora, \u00bfno es as\u00ed?&#8230; No te preocupes, incluso si no lo entiendes en este momento, \u00a1nuestro an\u00e1lisis de Trustly en las apuesta eSports seguro aclarar\u00e1 un poco el tema!<\/p>\n<h2>Los corredores de apuestas eSports que ofrecen pagos con Trustly<\/h2>\n<div class=\"title-line\">\n<div class=\"icon\"><\/div>\n<div class=\"fullWidth-line\"><\/div>\n<\/div>\n<p>En lo que se refiere a los corredores de apuestas m\u00e1s populares que ofrecen pagos con Trustly, aqu\u00ed est\u00e1 nuestra lista de los mejores 5 que sin duda te van a impresionar. Teniendo eso en cuenta, al elegir cualquiera de los 5 sitios de apuestas eSports que se enumeran a continuaci\u00f3n tienes garantizada una gran experiencia de apuestas eSports usando Trustly:<\/p>\n<p>Adem\u00e1s de las casas de apuestas que se muestran arriba, tambi\u00e9n nos gustar\u00eda mencionar que Pinnacle y Betstars trabajan con la plataforma de billetera electr\u00f3nica de Trustly.<\/p>\n<ul>\n<li><a href=\"https:\/\/www.esports-betting.pro\/es\/sitios-apuestas-esports\/pinnacle-esports\/\"><strong>Pinnacle<\/strong><\/a><\/li>\n<li><strong>Betstars<\/strong><\/li>\n<\/ul>\n<h2>An\u00e1lisis de Trustly en las apuestas eSports| \u00bfEs rentable?<\/h2>\n<div class=\"title-line\">\n<div class=\"icon\"><\/div>\n<div class=\"fullWidth-line\"><\/div>\n<\/div>\n<p style=\"text-align: justify\">En cuanto a la rentabilidad, Trustly es uno de esos m\u00e9todos de pago que les gustan a todos sus clientes. Esto se debe a que no tienen grandes comisiones en sus transacciones, ni en los ingresos ni en los egresos. Mejor a\u00fan, los corredores de apuestas por lo general tampoco implementan tarifas adicionales para los pagos de Trustly. Combina estos dos datos y comenzar\u00e1s a entender exactamente por qu\u00e9 Trustly se encuentra entre los m\u00e9todos de pago en l\u00ednea m\u00e1s populares de la UE.<\/p>\n<h2>\u00bfC\u00f3mo configurar Trustly?<\/h2>\n<div class=\"title-line\">\n<div class=\"icon\"><\/div>\n<div class=\"fullWidth-line\"><\/div>\n<\/div>\n<p style=\"text-align: justify\">La configuraci\u00f3n de Trustly es en realidad mucho m\u00e1s simple que la mayor\u00eda de los otros m\u00e9todos de pago en l\u00ednea. De hecho, no hay que hacer absolutamente nada en su sitio web. La mayor\u00eda de las veces, estar\u00e1s haciendo todo el trabajo directamente desde la p\u00e1gina de dep\u00f3sito de tu corredor de apuestas. Tomemos a Pinnacle como ejemplo perfecto, si deseas depositar dinero en Pinnacle a trav\u00e9s de Trustly, esto es lo que tendr\u00e1s que hacer para que aparezcan en tu cuenta inmediatamente:<\/p>\n<ol>\n<li style=\"text-align: justify\">Accede a tu cuenta de Pinnacle y haz clic en el bot\u00f3n \u201cDepositar\u201d que te llevar\u00e1 a la p\u00e1gina de dep\u00f3sito de Pinnacle.<\/li>\n<li style=\"text-align: justify\">Una vez all\u00ed, ve a la secci\u00f3n \u201cCajero\u201d y selecciona Trustly de la lista de m\u00e9todos de dep\u00f3sito disponibles.<\/li>\n<li style=\"text-align: justify\">Ahora todo lo que tienes que hacer es seguir las instrucciones en pantalla. Esto incluir\u00e1 escribir toda tu informaci\u00f3n personal, as\u00ed como las credenciales de tu cuenta bancaria.<\/li>\n<li style=\"text-align: justify\">Despu\u00e9s de que hayas terminado con todo eso, en solo unos minutos recibir\u00e1s un correo electr\u00f3nico de confirmaci\u00f3n indicando que tu transacci\u00f3n ha sido procesada. Tan pronto como lo recibas notar\u00e1s que tu balance de Pinnacle ha aumentado.<\/li>\n<li style=\"text-align: justify\">Sin embargo, hay que tener en cuenta una cosa, no cierres ninguna ventana de Pinnacle durante el proceso de dep\u00f3sito, ya que esto podr\u00eda poner tu dep\u00f3sito en espera por un tiempo.<\/li>\n<\/ol>\n<h2>\u00bfSe puede utilizar Trustly tanto para depositar como para retirar fondos?<\/h2>\n<div class=\"title-line\">\n<div class=\"icon\"><\/div>\n<div class=\"fullWidth-line\"><\/div>\n<\/div>\n<p style=\"text-align: justify\">Si te gusta lo que has visto sobre Trustly hasta este punto, es muy probable que desees transferir todas tus transacciones relacionadas con las apuestas a esta plataforma. Despu\u00e9s de todo, no todos los d\u00edas encuentras un m\u00e9todo de pago en l\u00ednea tan r\u00e1pido, sencillo y sin complicaciones. Si realmente ese es el caso, entre las primeras preguntas que te har\u00e1s est\u00e1 la siguiente: \u00bfpuedo retirar mis ganancias a Trustly? Por suerte, la respuesta a esa pregunta es s\u00ed. \u00a1S\u00ed puedes! En este caso, Trustly redirigir\u00e1 el dinero directamente a tu cuenta bancaria. Una vez m\u00e1s, habr\u00e1 algunas comisiones en la operaci\u00f3n, pero nada demasiado costoso para arruinar tu experiencia con Trustly.<\/p>\n<p style=\"text-align: justify\">Con eso dicho, \u00a1tememos que nuestro an\u00e1lisis de Trustly en las apuestas eSports est\u00e1 llegando a su fin! Gracias a todos por leer y quedarse hasta el final. Esperamos sinceramente que toda la informaci\u00f3n que se mostr\u00f3 haya sido \u00fatil y que les sea de ayuda una vez que empiecen a explorar sus opciones de apuestas eSports.<\/p>\n","protected":false},"excerpt":{"rendered":"<p>El an\u00e1lisis de Trustly en las apuestas eSports es, al menos en nuestra opini\u00f3n, la mejor manera de contarles m\u00e1s a nuestros lectores acerca de esta forma ultrarr\u00e1pida, simple y segura de hacer pagos en l\u00ednea. Trustly es del a\u00f1o 2008 y sigue creciendo hasta la fecha. De hecho, se ha convertido en el m\u00e9todo &hellip; <a href=\"https:\/\/www.esports-betting.pro\/es\/metodos-pago\/analisis-trustly\/\">Continued<\/a><\/p>\n","protected":false},"author":24,"featured_media":0,"parent":14103,"menu_order":0,"comment_status":"closed","ping_status":"closed","template":"","meta":{"_acf_changed":false,"footnotes":""},"acf":[],"yoast_head":"<!-- This site is optimized with the Yoast SEO plugin v22.6 - https:\/\/yoast.com\/wordpress\/plugins\/seo\/ -->\n<title>An\u00e1lisis de apuestas eSports con Trustly | Gu\u00eda de m\u00e9todo de pagos<\/title>\n<meta name=\"description\" content=\"Trustly es otro m\u00e9todo de pago que promete grandes cosas. Conoce m\u00e1s sobre esta plataforma y c\u00f3mo puedes utilizarlo con las apuestas eSports.\" \/>\n<meta name=\"robots\" content=\"index, follow, max-snippet:-1, max-image-preview:large, max-video-preview:-1\" \/>\n<link rel=\"canonical\" href=\"https:\/\/www.esports-betting.pro\/es\/metodos-pago\/analisis-trustly\/\" \/>\n<meta property=\"og:locale\" content=\"es_ES\" \/>\n<meta property=\"og:type\" content=\"article\" \/>\n<meta property=\"og:title\" content=\"An\u00e1lisis de apuestas eSports con Trustly | Gu\u00eda de m\u00e9todo de pagos\" \/>\n<meta property=\"og:description\" content=\"Trustly es otro m\u00e9todo de pago que promete grandes cosas. Conoce m\u00e1s sobre esta plataforma y c\u00f3mo puedes utilizarlo con las apuestas eSports.\" \/>\n<meta property=\"og:url\" content=\"https:\/\/www.esports-betting.pro\/es\/metodos-pago\/analisis-trustly\/\" \/>\n<meta property=\"og:site_name\" content=\"Esports Betting - ES\" \/>\n<meta property=\"article:modified_time\" content=\"2022-09-02T13:10:40+00:00\" \/>\n<meta name=\"twitter:card\" content=\"summary_large_image\" \/>\n<meta name=\"twitter:label1\" content=\"Est. reading time\" \/>\n\t<meta name=\"twitter:data1\" content=\"5 minutos\" \/>\n<script type=\"application\/ld+json\" class=\"yoast-schema-graph\">{\"@context\":\"https:\/\/schema.org\",\"@graph\":[{\"@type\":\"WebPage\",\"@id\":\"https:\/\/www.esports-betting.pro\/es\/metodos-pago\/analisis-trustly\/\",\"url\":\"https:\/\/www.esports-betting.pro\/es\/metodos-pago\/analisis-trustly\/\",\"name\":\"An\u00e1lisis de apuestas eSports con Trustly | Gu\u00eda de m\u00e9todo de pagos\",\"isPartOf\":{\"@id\":\"https:\/\/www.esports-betting.pro\/es\/#website\"},\"datePublished\":\"2018-11-27T00:53:06+00:00\",\"dateModified\":\"2022-09-02T13:10:40+00:00\",\"description\":\"Trustly es otro m\u00e9todo de pago que promete grandes cosas. Conoce m\u00e1s sobre esta plataforma y c\u00f3mo puedes utilizarlo con las apuestas eSports.\",\"breadcrumb\":{\"@id\":\"https:\/\/www.esports-betting.pro\/es\/metodos-pago\/analisis-trustly\/#breadcrumb\"},\"inLanguage\":\"es\",\"potentialAction\":[{\"@type\":\"ReadAction\",\"target\":[\"https:\/\/www.esports-betting.pro\/es\/metodos-pago\/analisis-trustly\/\"]}]},{\"@type\":\"BreadcrumbList\",\"@id\":\"https:\/\/www.esports-betting.pro\/es\/metodos-pago\/analisis-trustly\/#breadcrumb\",\"itemListElement\":[{\"@type\":\"ListItem\",\"position\":1,\"name\":\"Home\",\"item\":\"https:\/\/www.esports-betting.pro\/es\/\"},{\"@type\":\"ListItem\",\"position\":2,\"name\":\"An\u00e1lisis de los m\u00e9todos de pago de las apuestas eSports\",\"item\":\"https:\/\/www.esports-betting.pro\/es\/metodos-pago\/\"},{\"@type\":\"ListItem\",\"position\":3,\"name\":\"M\u00e9todos de pago en las apuestas eSports: An\u00e1lisis de Trustly\"}]},{\"@type\":\"WebSite\",\"@id\":\"https:\/\/www.esports-betting.pro\/es\/#website\",\"url\":\"https:\/\/www.esports-betting.pro\/es\/\",\"name\":\"Esports Betting - ES\",\"description\":\"Just another Esports Betting Sites site\",\"potentialAction\":[{\"@type\":\"SearchAction\",\"target\":{\"@type\":\"EntryPoint\",\"urlTemplate\":\"https:\/\/www.esports-betting.pro\/es\/?s={search_term_string}\"},\"query-input\":\"required name=search_term_string\"}],\"inLanguage\":\"es\"}]}<\/script>\n<!-- \/ Yoast SEO plugin. -->","yoast_head_json":{"title":"An\u00e1lisis de apuestas eSports con Trustly | Gu\u00eda de m\u00e9todo de pagos","description":"Trustly es otro m\u00e9todo de pago que promete grandes cosas. Conoce m\u00e1s sobre esta plataforma y c\u00f3mo puedes utilizarlo con las apuestas eSports.","robots":{"index":"index","follow":"follow","max-snippet":"max-snippet:-1","max-image-preview":"max-image-preview:large","max-video-preview":"max-video-preview:-1"},"canonical":"https:\/\/www.esports-betting.pro\/es\/metodos-pago\/analisis-trustly\/","og_locale":"es_ES","og_type":"article","og_title":"An\u00e1lisis de apuestas eSports con Trustly | Gu\u00eda de m\u00e9todo de pagos","og_description":"Trustly es otro m\u00e9todo de pago que promete grandes cosas. Conoce m\u00e1s sobre esta plataforma y c\u00f3mo puedes utilizarlo con las apuestas eSports.","og_url":"https:\/\/www.esports-betting.pro\/es\/metodos-pago\/analisis-trustly\/","og_site_name":"Esports Betting - ES","article_modified_time":"2022-09-02T13:10:40+00:00","twitter_card":"summary_large_image","twitter_misc":{"Est. reading time":"5 minutos"},"schema":{"@context":"https:\/\/schema.org","@graph":[{"@type":"WebPage","@id":"https:\/\/www.esports-betting.pro\/es\/metodos-pago\/analisis-trustly\/","url":"https:\/\/www.esports-betting.pro\/es\/metodos-pago\/analisis-trustly\/","name":"An\u00e1lisis de apuestas eSports con Trustly | Gu\u00eda de m\u00e9todo de pagos","isPartOf":{"@id":"https:\/\/www.esports-betting.pro\/es\/#website"},"datePublished":"2018-11-27T00:53:06+00:00","dateModified":"2022-09-02T13:10:40+00:00","description":"Trustly es otro m\u00e9todo de pago que promete grandes cosas. Conoce m\u00e1s sobre esta plataforma y c\u00f3mo puedes utilizarlo con las apuestas eSports.","breadcrumb":{"@id":"https:\/\/www.esports-betting.pro\/es\/metodos-pago\/analisis-trustly\/#breadcrumb"},"inLanguage":"es","potentialAction":[{"@type":"ReadAction","target":["https:\/\/www.esports-betting.pro\/es\/metodos-pago\/analisis-trustly\/"]}]},{"@type":"BreadcrumbList","@id":"https:\/\/www.esports-betting.pro\/es\/metodos-pago\/analisis-trustly\/#breadcrumb","itemListElement":[{"@type":"ListItem","position":1,"name":"Home","item":"https:\/\/www.esports-betting.pro\/es\/"},{"@type":"ListItem","position":2,"name":"An\u00e1lisis de los m\u00e9todos de pago de las apuestas eSports","item":"https:\/\/www.esports-betting.pro\/es\/metodos-pago\/"},{"@type":"ListItem","position":3,"name":"M\u00e9todos de pago en las apuestas eSports: An\u00e1lisis de Trustly"}]},{"@type":"WebSite","@id":"https:\/\/www.esports-betting.pro\/es\/#website","url":"https:\/\/www.esports-betting.pro\/es\/","name":"Esports Betting - ES","description":"Just another Esports Betting Sites site","potentialAction":[{"@type":"SearchAction","target":{"@type":"EntryPoint","urlTemplate":"https:\/\/www.esports-betting.pro\/es\/?s={search_term_string}"},"query-input":"required name=search_term_string"}],"inLanguage":"es"}]}},"_links":{"self":[{"href":"https:\/\/www.esports-betting.pro\/es\/wp-json\/wp\/v2\/pages\/14202"}],"collection":[{"href":"https:\/\/www.esports-betting.pro\/es\/wp-json\/wp\/v2\/pages"}],"about":[{"href":"https:\/\/www.esports-betting.pro\/es\/wp-json\/wp\/v2\/types\/page"}],"author":[{"embeddable":true,"href":"https:\/\/www.esports-betting.pro\/es\/wp-json\/wp\/v2\/users\/24"}],"replies":[{"embeddable":true,"href":"https:\/\/www.esports-betting.pro\/es\/wp-json\/wp\/v2\/comments?post=14202"}],"version-history":[{"count":1,"href":"https:\/\/www.esports-betting.pro\/es\/wp-json\/wp\/v2\/pages\/14202\/revisions"}],"predecessor-version":[{"id":51588,"href":"https:\/\/www.esports-betting.pro\/es\/wp-json\/wp\/v2\/pages\/14202\/revisions\/51588"}],"up":[{"embeddable":true,"href":"https:\/\/www.esports-betting.pro\/es\/wp-json\/wp\/v2\/pages\/14103"}],"wp:attachment":[{"href":"https:\/\/www.esports-betting.pro\/es\/wp-json\/wp\/v2\/media?parent=14202"}],"curies":[{"name":"wp","href":"https:\/\/api.w.org\/{rel}","templated":true}]}}