{"id":14195,"date":"2018-11-26T19:18:48","date_gmt":"2018-11-26T23:18:48","guid":{"rendered":"https:\/\/www.esports-betting.pro\/es\/?page_id=14195"},"modified":"2022-09-02T13:11:08","modified_gmt":"2022-09-02T13:11:08","slug":"analisis-tarjetas-de-credito","status":"publish","type":"page","link":"https:\/\/www.esports-betting.pro\/es\/metodos-pago\/analisis-tarjetas-de-credito\/","title":{"rendered":"M\u00e9todo de pago en las apuestas eSports: An\u00e1lisis de Tarjetas de Cr\u00e9dito"},"content":{"rendered":"<p style=\"text-align: justify\"><img loading=\"lazy\" decoding=\"async\" class=\"size-full wp-image-14197 alignright\" src=\"https:\/\/www.esports-betting.pro\/app\/uploads\/sites\/3\/2018\/11\/Tarjeta-Credito-Logo.png\" alt=\"Tarjeta Credito Logo\" width=\"150\" height=\"150\" \/>Hoy en d\u00eda estamos echando un vistazo m\u00e1s de cerca a otro <strong><a href=\"https:\/\/www.esports-betting.pro\/es\/metodos-pago\/\">m\u00e9todo de pago muy popular<\/a><\/strong> para las apuestas en l\u00ednea. Para ser m\u00e1s exactos, las <strong><a href=\"https:\/\/www.esports-betting.pro\/es\/\">apuestas eSports en l\u00ednea<\/a><\/strong>. Como el t\u00edtulo sugiere, vamos a hablar sobre las tarjetas de cr\u00e9dito. Y por tarjetas de cr\u00e9dito nos referimos b\u00e1sicamente a todas las opciones viables que son reconocidas a nivel internacional. No hace falta decir que esto incluye las dos m\u00e1s populares: Visa y MasterCard. La mayor\u00eda de las personas que leen esto terminar\u00e1n usando uno de esas dos de todos modos. Teniendo eso en cuenta, \u00a1es hora de empezar con nuestro an\u00e1lisis de las Tarjetas de Cr\u00e9dito en las apuestas eSports!<\/p>\n<p style=\"text-align: justify\">Como todos saben, las tarjetas de cr\u00e9dito son las que est\u00e1n impulsando las finanzas de casi todos los hombres y mujeres civilizados en la faz de la Tierra. La gente las usa para todo tipo de cosas: salarios, pr\u00e9stamos bancarios, compras de comestibles, pago de seguros de coche, facturas, env\u00edo de dinero, recepci\u00f3n de dinero&#8230; y lo m\u00e1s importante, \u00a1en las apuestas en l\u00ednea! Las tarjetas de cr\u00e9dito se han convertido en una parte irremplazable de nuestra vida diaria. Pong\u00e1moslo de esta manera: si de repente dejaran de existir, la econom\u00eda global se colapsar\u00eda en cuesti\u00f3n de minutos.<\/p>\n<p style=\"text-align: justify\">Sin embargo, cuando la gente piensa en tarjetas de cr\u00e9dito, por lo general, piensan en todo tipo de tarjetas que tienen chips dentro de ellas conectados a su respectiva cuenta bancaria. Pero no solo hay tarjetas de cr\u00e9dito, tambi\u00e9n hay tarjetas de d\u00e9bito, tarjetas de cliente, tarjetas de cajero autom\u00e1tico, tarjetas prepago y muchas m\u00e1s. En este art\u00edculo, en particular, nos centraremos principalmente en los dos tipos m\u00e1s comunes: las tarjetas de cr\u00e9dito y de d\u00e9bito, pero nos referiremos a ellas como tarjetas de cr\u00e9dito porque as\u00ed es como las personas las llaman hoy en d\u00eda.<\/p>\n<h2>\u00bfSe puede apostar con Tarjetas de Cr\u00e9dito en los eSports?<\/h2>\n<div class=\"title-line\">\n<div class=\"icon\"><\/div>\n<div class=\"fullWidth-line\"><\/div>\n<\/div>\n<p style=\"text-align: justify\">Es probable que esto sea lo primero que venga a tu mente cuando empieces a pensar en las apuestas eSports en l\u00ednea con tu tarjeta de cr\u00e9dito. Consid\u00e9rate afortunado porque la respuesta a la pregunta anterior es s\u00ed, puedes apostar en los eSports usando tarjetas de cr\u00e9dito y hacerlo es bastante f\u00e1cil \u00bfC\u00f3mo? Bueno, en primer lugar, m\u00e1s del 90% de los corredores de apuestas eSports en l\u00ednea permiten todo tipo de tarjetas de cr\u00e9dito. Esto incluye las m\u00e1s populares como Visa, MasterCard y Maestro y a menudo alternativas menos conocidas como Skrill y UnionPay.<\/p>\n<p style=\"text-align: justify\">Mientras que Visa, MasterCard y Maestro est\u00e1n presentes t\u00e9cnicamente en todas partes, Skrill, UnionPay y otras alternativas aparecer\u00e1n aqu\u00ed y all\u00e1. Sin embargo, no te preocupes, \u00a0si est\u00e1s apuntando a uno de los corredores de apuestas m\u00e1s populares que ofrecen dep\u00f3sitos con tarjeta de cr\u00e9dito, sin duda tienes una buena lista de opciones. Ya que hablamos de los corredores de apuestas que ofrecen dep\u00f3sitos con tarjeta de cr\u00e9dito, \u00bfpor qu\u00e9 no echamos un vistazo m\u00e1s de cerca y vemos los nombres?<\/p>\n<p style=\"text-align: justify\">B\u00e1sicamente, los \u00fanicos corredores de apuestas que no ofrecen tarjetas de cr\u00e9dito en absoluto (ni un solo tipo de tarjetas de cr\u00e9dito) son aquellos que manejan criptomonedas las cuales se est\u00e1n convirtiendo en algo com\u00fan de ver hoy en d\u00eda. Estos corredores se centran en solo en criptomonedas, lo que significa que no ver\u00e1s ning\u00fan otro m\u00e9todo de pago disponible en sus sitios.<\/p>\n<h2>Los casas de apuestas m\u00e1s populares que ofrecen dep\u00f3sitos con tarjeta de cr\u00e9dito<\/h2>\n<p style=\"text-align: justify\">Adem\u00e1s de las casas de apuestas que se muestran arriba, tambi\u00e9n nos gustar\u00eda mencionar que Pinnacle y Betstars trabajan con tarjetas de cr\u00e9dito.<\/p>\n<ul>\n<li><a href=\"https:\/\/www.esports-betting.pro\/es\/sitios-apuestas-esports\/pinnacle-esports\/\"><strong>Pinnacle<\/strong><\/a><\/li>\n<li><strong>Betstars<\/strong><\/li>\n<\/ul>\n<h2>An\u00e1lisis de las Tarjetas de Cr\u00e9dito en las apuestas eSports | \u00bfSon rentables?<\/h2>\n<div class=\"title-line\">\n<div class=\"icon\"><\/div>\n<div class=\"fullWidth-line\"><\/div>\n<\/div>\n<p style=\"text-align: justify\">Vamos a empezar con una respuesta muy corta y directa a esta pregunta, \u00a1S\u00cd, LO SON! Es probable que las tarjetas de cr\u00e9dito sean el m\u00e9todo de pago m\u00e1s rentable que existe actualmente para las apuestas en l\u00ednea. S\u00ed, esto incluye las criptomonedas y todas las otras formas de billeteras en l\u00ednea. Solo que no pueden compararse con las tarjetas de cr\u00e9dito.<\/p>\n<p style=\"text-align: justify\">Sin embargo, hay dos peque\u00f1as cosas que debes saber acerca de las tarjetas de cr\u00e9dito antes de empezar a usarlas como tu m\u00e9todo de pago predeterminado. En primer lugar, el retiro con tarjetas de cr\u00e9dito puede tardar entre 1 y 5 d\u00edas h\u00e1biles. Segundo, aunque los corredores de apuestas generalmente no tienen cargos por dep\u00f3sitos o retiros con tarjeta de cr\u00e9dito, es muy probable que tu banco s\u00ed los tenga. Pregunta y verifica cu\u00e1n altas son las comisiones de tu banco. Si son demasiado altas, tal vez deber\u00edas buscar otra alternativa espec\u00edfica para las apuestas en l\u00ednea.<\/p>\n<h2>\u00bfC\u00f3mo configurar los pagos con tarjeta de cr\u00e9dito?<\/h2>\n<div class=\"title-line\">\n<div class=\"icon\"><\/div>\n<div class=\"fullWidth-line\"><\/div>\n<\/div>\n<p style=\"text-align: justify\">La configuraci\u00f3n de los pagos con tarjeta de cr\u00e9dito var\u00eda mucho seg\u00fan tu aliado bancario de preferencia. Cada pa\u00eds tiene su propia opci\u00f3n, por lo que generalizar el asunto de cualquier forma o manera no dar\u00e1 ninguna informaci\u00f3n \u00fatil. Lo que podemos hacer desde donde estamos es brindarte algunos de los procesos habituales incluidos en los pagos con tarjeta de cr\u00e9dito para las apuestas eSports en l\u00ednea:<\/p>\n<h3>1.\u00a0\u00a0\u00a0\u00a0 C\u00f3mo obtener una tarjeta de cr\u00e9dito de tu banco<\/h3>\n<p style=\"text-align: justify\">El primer paso es el m\u00e1s obvio: obtener una tarjeta de cr\u00e9dito de tu aliado bancario preferido. El proceso probablemente no te quitar\u00e1 mucho tiempo, pero eso depende en gran medida del lugar donde vivas. Algunos pa\u00edses incluso tienen formularios en l\u00ednea para tarjetas de cr\u00e9dito y llegan en una semana luego de tu pedido. Poco despu\u00e9s, recibir\u00e1s un c\u00f3digo PIN en tu correo y eso es todo. A continuaci\u00f3n, tendr\u00e1s que ir a la oficina bancaria para obtener tu tarjeta y establecer un m\u00e9todo de autentificaci\u00f3n\/verificaci\u00f3n.<\/p>\n<h3>2.\u00a0\u00a0\u00a0\u00a0 Configuraci\u00f3n del m\u00e9todo de verificaci\u00f3n<\/h3>\n<p style=\"text-align: justify\">El segundo paso gira en torno al m\u00e9todo de verificaci\u00f3n proporcionado por su aliado bancario preferido. En la mayor\u00eda de los casos, se refieren a fichas de seguridad, lectores de tarjetas USB o aplicaciones seguras para tel\u00e9fonos inteligentes como dispositivos de autenticaci\u00f3n y verificaci\u00f3n de 2 factores. Tu aliado bancario preferido explicar\u00e1 con m\u00e1s detalle el proceso de verificaci\u00f3n, ya que depende en gran medida de su pr\u00e1ctica comercial. Es por eso que no podemos decirte m\u00e1s sobre este tema.<\/p>\n<h3>3.\u00a0\u00a0\u00a0\u00a0 Dep\u00f3sito de tu primer pago en el corredor de apuestas eSports en l\u00ednea<\/h3>\n<p style=\"text-align: justify\">Despu\u00e9s de recibir tu tarjeta de cr\u00e9dito y establecer un m\u00e9todo de verificaci\u00f3n, ahora solo te queda por delante el \u00faltimo paso&#8230; y ese es depositar tu primer pago en tu billetera de apuestas en l\u00ednea. Es muy sencillo, todo lo que tienes que hacer es seleccionar la cantidad de dinero que deseas, introducir los datos de tu tarjeta de cr\u00e9dito, verificar tu titularidad y \u00a1ya est\u00e1! La transacci\u00f3n ser\u00e1 instant\u00e1nea (la mayor\u00eda de las veces) y podr\u00e1s apostar en los eSports antes de que puedas deletrear <em>B-E-T<\/em>.<\/p>\n<h2>\u00bfSe pueden utilizar las tarjetas de cr\u00e9dito tanto para depositar como para retirar fondos?<\/h2>\n<div class=\"title-line\">\n<div class=\"icon\"><\/div>\n<div class=\"fullWidth-line\"><\/div>\n<\/div>\n<p style=\"text-align: justify\">\u00a1S\u00ed! Otro aspecto positivo del uso de tarjetas de cr\u00e9dito para las apuestas eSports es el hecho de que puedes depositar y retirar fondos de estas. No necesitar\u00e1s un m\u00e9todo de pago de apuestas alternativas si ganas en grande. Puedes hacer la transacci\u00f3n directamente a tu tarjeta de cr\u00e9dito o a la cuenta bancaria vinculada a esta. Sin embargo, ten en cuenta que las transacciones con tarjeta de cr\u00e9dito pueden ser particularmente lentas en algunas partes del mundo. Depende en gran medida de d\u00f3nde vivas, as\u00ed que presta atenci\u00f3n a la pesta\u00f1a de tiempo estimado de la transacci\u00f3n antes de hacer tu operaci\u00f3n.<\/p>\n","protected":false},"excerpt":{"rendered":"<p>Hoy en d\u00eda estamos echando un vistazo m\u00e1s de cerca a otro m\u00e9todo de pago muy popular para las apuestas en l\u00ednea. Para ser m\u00e1s exactos, las apuestas eSports en l\u00ednea. Como el t\u00edtulo sugiere, vamos a hablar sobre las tarjetas de cr\u00e9dito. Y por tarjetas de cr\u00e9dito nos referimos b\u00e1sicamente a todas las opciones &hellip; <a href=\"https:\/\/www.esports-betting.pro\/es\/metodos-pago\/analisis-tarjetas-de-credito\/\">Continued<\/a><\/p>\n","protected":false},"author":24,"featured_media":0,"parent":14103,"menu_order":0,"comment_status":"closed","ping_status":"closed","template":"","meta":{"_acf_changed":false,"footnotes":""},"acf":[],"yoast_head":"<!-- This site is optimized with the Yoast SEO plugin v22.6 - https:\/\/yoast.com\/wordpress\/plugins\/seo\/ -->\n<title>An\u00e1lisis de apuestas eSports con Tarjetas de Cr\u00e9dito | M\u00e9todo de pagos<\/title>\n<meta name=\"description\" content=\"Lee nuestro an\u00e1lisis de apuestas eSports con tarjeta de cr\u00e9dito, encontrar\u00e1s toda la informaci\u00f3n que necesitas para poder comenzar a apostar.\" \/>\n<meta name=\"robots\" content=\"index, follow, max-snippet:-1, max-image-preview:large, max-video-preview:-1\" \/>\n<link rel=\"canonical\" href=\"https:\/\/www.esports-betting.pro\/es\/metodos-pago\/analisis-tarjetas-de-credito\/\" \/>\n<meta property=\"og:locale\" content=\"es_ES\" \/>\n<meta property=\"og:type\" content=\"article\" \/>\n<meta property=\"og:title\" content=\"An\u00e1lisis de apuestas eSports con Tarjetas de Cr\u00e9dito | M\u00e9todo de pagos\" \/>\n<meta property=\"og:description\" content=\"Lee nuestro an\u00e1lisis de apuestas eSports con tarjeta de cr\u00e9dito, encontrar\u00e1s toda la informaci\u00f3n que necesitas para poder comenzar a apostar.\" \/>\n<meta property=\"og:url\" content=\"https:\/\/www.esports-betting.pro\/es\/metodos-pago\/analisis-tarjetas-de-credito\/\" \/>\n<meta property=\"og:site_name\" content=\"Esports Betting - ES\" \/>\n<meta property=\"article:modified_time\" content=\"2022-09-02T13:11:08+00:00\" \/>\n<meta property=\"og:image\" content=\"https:\/\/www.esports-betting.pro\/app\/uploads\/sites\/3\/2018\/11\/Tarjeta-Credito-Logo.png\" \/>\n<meta name=\"twitter:card\" content=\"summary_large_image\" \/>\n<meta name=\"twitter:label1\" content=\"Est. reading time\" \/>\n\t<meta name=\"twitter:data1\" content=\"6 minutos\" \/>\n<script type=\"application\/ld+json\" class=\"yoast-schema-graph\">{\"@context\":\"https:\/\/schema.org\",\"@graph\":[{\"@type\":\"WebPage\",\"@id\":\"https:\/\/www.esports-betting.pro\/es\/metodos-pago\/analisis-tarjetas-de-credito\/\",\"url\":\"https:\/\/www.esports-betting.pro\/es\/metodos-pago\/analisis-tarjetas-de-credito\/\",\"name\":\"An\u00e1lisis de apuestas eSports con Tarjetas de Cr\u00e9dito | M\u00e9todo de pagos\",\"isPartOf\":{\"@id\":\"https:\/\/www.esports-betting.pro\/es\/#website\"},\"primaryImageOfPage\":{\"@id\":\"https:\/\/www.esports-betting.pro\/es\/metodos-pago\/analisis-tarjetas-de-credito\/#primaryimage\"},\"image\":{\"@id\":\"https:\/\/www.esports-betting.pro\/es\/metodos-pago\/analisis-tarjetas-de-credito\/#primaryimage\"},\"thumbnailUrl\":\"https:\/\/www.esports-betting.pro\/app\/uploads\/sites\/3\/2018\/11\/Tarjeta-Credito-Logo.png\",\"datePublished\":\"2018-11-26T23:18:48+00:00\",\"dateModified\":\"2022-09-02T13:11:08+00:00\",\"description\":\"Lee nuestro an\u00e1lisis de apuestas eSports con tarjeta de cr\u00e9dito, encontrar\u00e1s toda la informaci\u00f3n que necesitas para poder comenzar a apostar.\",\"breadcrumb\":{\"@id\":\"https:\/\/www.esports-betting.pro\/es\/metodos-pago\/analisis-tarjetas-de-credito\/#breadcrumb\"},\"inLanguage\":\"es\",\"potentialAction\":[{\"@type\":\"ReadAction\",\"target\":[\"https:\/\/www.esports-betting.pro\/es\/metodos-pago\/analisis-tarjetas-de-credito\/\"]}]},{\"@type\":\"ImageObject\",\"inLanguage\":\"es\",\"@id\":\"https:\/\/www.esports-betting.pro\/es\/metodos-pago\/analisis-tarjetas-de-credito\/#primaryimage\",\"url\":\"https:\/\/www.esports-betting.pro\/app\/uploads\/sites\/3\/2018\/11\/Tarjeta-Credito-Logo.png\",\"contentUrl\":\"https:\/\/www.esports-betting.pro\/app\/uploads\/sites\/3\/2018\/11\/Tarjeta-Credito-Logo.png\"},{\"@type\":\"BreadcrumbList\",\"@id\":\"https:\/\/www.esports-betting.pro\/es\/metodos-pago\/analisis-tarjetas-de-credito\/#breadcrumb\",\"itemListElement\":[{\"@type\":\"ListItem\",\"position\":1,\"name\":\"Home\",\"item\":\"https:\/\/www.esports-betting.pro\/es\/\"},{\"@type\":\"ListItem\",\"position\":2,\"name\":\"An\u00e1lisis de los m\u00e9todos de pago de las apuestas eSports\",\"item\":\"https:\/\/www.esports-betting.pro\/es\/metodos-pago\/\"},{\"@type\":\"ListItem\",\"position\":3,\"name\":\"M\u00e9todo de pago en las apuestas eSports: An\u00e1lisis de Tarjetas de Cr\u00e9dito\"}]},{\"@type\":\"WebSite\",\"@id\":\"https:\/\/www.esports-betting.pro\/es\/#website\",\"url\":\"https:\/\/www.esports-betting.pro\/es\/\",\"name\":\"Esports Betting - ES\",\"description\":\"Just another Esports Betting Sites site\",\"potentialAction\":[{\"@type\":\"SearchAction\",\"target\":{\"@type\":\"EntryPoint\",\"urlTemplate\":\"https:\/\/www.esports-betting.pro\/es\/?s={search_term_string}\"},\"query-input\":\"required name=search_term_string\"}],\"inLanguage\":\"es\"}]}<\/script>\n<!-- \/ Yoast SEO plugin. -->","yoast_head_json":{"title":"An\u00e1lisis de apuestas eSports con Tarjetas de Cr\u00e9dito | M\u00e9todo de pagos","description":"Lee nuestro an\u00e1lisis de apuestas eSports con tarjeta de cr\u00e9dito, encontrar\u00e1s toda la informaci\u00f3n que necesitas para poder comenzar a apostar.","robots":{"index":"index","follow":"follow","max-snippet":"max-snippet:-1","max-image-preview":"max-image-preview:large","max-video-preview":"max-video-preview:-1"},"canonical":"https:\/\/www.esports-betting.pro\/es\/metodos-pago\/analisis-tarjetas-de-credito\/","og_locale":"es_ES","og_type":"article","og_title":"An\u00e1lisis de apuestas eSports con Tarjetas de Cr\u00e9dito | M\u00e9todo de pagos","og_description":"Lee nuestro an\u00e1lisis de apuestas eSports con tarjeta de cr\u00e9dito, encontrar\u00e1s toda la informaci\u00f3n que necesitas para poder comenzar a apostar.","og_url":"https:\/\/www.esports-betting.pro\/es\/metodos-pago\/analisis-tarjetas-de-credito\/","og_site_name":"Esports Betting - ES","article_modified_time":"2022-09-02T13:11:08+00:00","og_image":[{"url":"https:\/\/www.esports-betting.pro\/app\/uploads\/sites\/3\/2018\/11\/Tarjeta-Credito-Logo.png"}],"twitter_card":"summary_large_image","twitter_misc":{"Est. reading time":"6 minutos"},"schema":{"@context":"https:\/\/schema.org","@graph":[{"@type":"WebPage","@id":"https:\/\/www.esports-betting.pro\/es\/metodos-pago\/analisis-tarjetas-de-credito\/","url":"https:\/\/www.esports-betting.pro\/es\/metodos-pago\/analisis-tarjetas-de-credito\/","name":"An\u00e1lisis de apuestas eSports con Tarjetas de Cr\u00e9dito | M\u00e9todo de pagos","isPartOf":{"@id":"https:\/\/www.esports-betting.pro\/es\/#website"},"primaryImageOfPage":{"@id":"https:\/\/www.esports-betting.pro\/es\/metodos-pago\/analisis-tarjetas-de-credito\/#primaryimage"},"image":{"@id":"https:\/\/www.esports-betting.pro\/es\/metodos-pago\/analisis-tarjetas-de-credito\/#primaryimage"},"thumbnailUrl":"https:\/\/www.esports-betting.pro\/app\/uploads\/sites\/3\/2018\/11\/Tarjeta-Credito-Logo.png","datePublished":"2018-11-26T23:18:48+00:00","dateModified":"2022-09-02T13:11:08+00:00","description":"Lee nuestro an\u00e1lisis de apuestas eSports con tarjeta de cr\u00e9dito, encontrar\u00e1s toda la informaci\u00f3n que necesitas para poder comenzar a apostar.","breadcrumb":{"@id":"https:\/\/www.esports-betting.pro\/es\/metodos-pago\/analisis-tarjetas-de-credito\/#breadcrumb"},"inLanguage":"es","potentialAction":[{"@type":"ReadAction","target":["https:\/\/www.esports-betting.pro\/es\/metodos-pago\/analisis-tarjetas-de-credito\/"]}]},{"@type":"ImageObject","inLanguage":"es","@id":"https:\/\/www.esports-betting.pro\/es\/metodos-pago\/analisis-tarjetas-de-credito\/#primaryimage","url":"https:\/\/www.esports-betting.pro\/app\/uploads\/sites\/3\/2018\/11\/Tarjeta-Credito-Logo.png","contentUrl":"https:\/\/www.esports-betting.pro\/app\/uploads\/sites\/3\/2018\/11\/Tarjeta-Credito-Logo.png"},{"@type":"BreadcrumbList","@id":"https:\/\/www.esports-betting.pro\/es\/metodos-pago\/analisis-tarjetas-de-credito\/#breadcrumb","itemListElement":[{"@type":"ListItem","position":1,"name":"Home","item":"https:\/\/www.esports-betting.pro\/es\/"},{"@type":"ListItem","position":2,"name":"An\u00e1lisis de los m\u00e9todos de pago de las apuestas eSports","item":"https:\/\/www.esports-betting.pro\/es\/metodos-pago\/"},{"@type":"ListItem","position":3,"name":"M\u00e9todo de pago en las apuestas eSports: An\u00e1lisis de Tarjetas de Cr\u00e9dito"}]},{"@type":"WebSite","@id":"https:\/\/www.esports-betting.pro\/es\/#website","url":"https:\/\/www.esports-betting.pro\/es\/","name":"Esports Betting - ES","description":"Just another Esports Betting Sites site","potentialAction":[{"@type":"SearchAction","target":{"@type":"EntryPoint","urlTemplate":"https:\/\/www.esports-betting.pro\/es\/?s={search_term_string}"},"query-input":"required name=search_term_string"}],"inLanguage":"es"}]}},"_links":{"self":[{"href":"https:\/\/www.esports-betting.pro\/es\/wp-json\/wp\/v2\/pages\/14195"}],"collection":[{"href":"https:\/\/www.esports-betting.pro\/es\/wp-json\/wp\/v2\/pages"}],"about":[{"href":"https:\/\/www.esports-betting.pro\/es\/wp-json\/wp\/v2\/types\/page"}],"author":[{"embeddable":true,"href":"https:\/\/www.esports-betting.pro\/es\/wp-json\/wp\/v2\/users\/24"}],"replies":[{"embeddable":true,"href":"https:\/\/www.esports-betting.pro\/es\/wp-json\/wp\/v2\/comments?post=14195"}],"version-history":[{"count":1,"href":"https:\/\/www.esports-betting.pro\/es\/wp-json\/wp\/v2\/pages\/14195\/revisions"}],"predecessor-version":[{"id":51589,"href":"https:\/\/www.esports-betting.pro\/es\/wp-json\/wp\/v2\/pages\/14195\/revisions\/51589"}],"up":[{"embeddable":true,"href":"https:\/\/www.esports-betting.pro\/es\/wp-json\/wp\/v2\/pages\/14103"}],"wp:attachment":[{"href":"https:\/\/www.esports-betting.pro\/es\/wp-json\/wp\/v2\/media?parent=14195"}],"curies":[{"name":"wp","href":"https:\/\/api.w.org\/{rel}","templated":true}]}}