{"id":14187,"date":"2018-11-26T18:34:05","date_gmt":"2018-11-26T22:34:05","guid":{"rendered":"https:\/\/www.esports-betting.pro\/es\/?page_id=14187"},"modified":"2018-11-26T18:34:05","modified_gmt":"2018-11-26T22:34:05","slug":"analisis-paysafecard","status":"publish","type":"page","link":"https:\/\/www.esports-betting.pro\/es\/metodos-pago\/analisis-paysafecard\/","title":{"rendered":"M\u00e9todo de pago en las apuestas eSports: An\u00e1lisis de Paysafecard"},"content":{"rendered":"<p style=\"text-align: justify\"><img loading=\"lazy\" decoding=\"async\" class=\"size-full wp-image-14191 alignright\" src=\"https:\/\/www.esports-betting.pro\/app\/uploads\/sites\/3\/2018\/11\/Paysafecard-Logo.png\" alt=\"Paysafecard Logo\" width=\"150\" height=\"150\" \/>Sin lugar a dudas, Paysafecard se ha convertido en una potencia en los pagos en l\u00ednea. Desde su lanzamiento en el a\u00f1o 2000, este <strong><a href=\"https:\/\/www.esports-betting.pro\/es\/metodos-pago\/\">m\u00e9todo de pago<\/a><\/strong> ha sido considerado un \u00e9xito. Primero, estableci\u00f3 sus pagos en Austria pero se traslad\u00f3 r\u00e1pidamente a Alemania tambi\u00e9n. M\u00e1s tarde, se extendi\u00f3 por todo el globo y actualmente llega a 46 pa\u00edses de todo el mundo. En cuanto a las monedas que admite, Paysafecard tiene 26 diferentes divisas disponibles, incluyendo las opciones m\u00e1s populares como USD y EUR. Lo mejor de Paysafecard es que no necesita una tarjeta de cr\u00e9dito o una cuenta bancaria para funcionar correctamente. \u00a1Cielos! Todo lo que tienes que hacer es introducir algunos de tus datos b\u00e1sicos como tu nombre y apellido, tu direcci\u00f3n y est\u00e1s listo para entrar en lo que se refiere a los pagos en l\u00ednea. Paysafecard se ha venido utilizando para todo tipo de cosas, pero su objetivo principal era ofrecer una forma r\u00e1pida, sencilla y segura de realizar pagos en l\u00ednea. Las <strong><a href=\"https:\/\/www.esports-betting.pro\/es\/\">apuestas eSports<\/a><\/strong>, para ser m\u00e1s precisos, nunca estuvieron en su objetivo principal. Entonces, ahora la pregunta es: \u00bfse puede utilizar Paysafecard para apostar en los partidos de eSports?<\/p>\n<h2>\u00bfSe puede usar Paysafecard para apostar en los eSports?<\/h2>\n<div class=\"title-line\">\n<div class=\"icon\"><\/div>\n<div class=\"fullWidth-line\"><\/div>\n<\/div>\n<p style=\"text-align: justify\">Ser\u00eda una sorpresa desagradable descubrir que Paysafecard no se puede utilizar para apostar en los eSports. Sin embargo, este no es el caso, Paysafecard es uno de los m\u00e9todos de pago m\u00e1s utilizados en las apuestas eSports. De hecho, tambi\u00e9n es uno de los m\u00e9todos de pago m\u00e1s destacados. No solo es aceptado por los mejores corredores de apuestas eSports, sino que tambi\u00e9n por casi todos los corredores viables de la actualidad. Sobra decir que esta es una gran noticia porque tendr\u00e1s un gran n\u00famero de opciones entre las que elegir. Aun as\u00ed, puede ser dif\u00edcil encontrar un buen corredor de apuestas eSports&#8230; pero no se preocupe, chicos, \u00a1lo tenemos todo cubierto con una peque\u00f1a lista de nuestras casas de apuestas favoritas que vienen a continuaci\u00f3n!<\/p>\n<h2>Los corredores de apuestas m\u00e1s populares que ofrecen pagos con Paysafecard<\/h2>\n<div class=\"title-line\">\n<div class=\"icon\"><\/div>\n<div class=\"fullWidth-line\"><\/div>\n<\/div>\n<p style=\"text-align: justify\">Como hemos mencionado antes, Paysafecard es uno de los m\u00e9todos de pago m\u00e1s utilizados en t\u00e9rminos de apuestas eSports. Considerando eso, no hace falta ser un genio para darse cuenta de que los corredores de apuestas eSports m\u00e1s populares ofrecer\u00e1n este m\u00e9todo. Por lo tanto, echemos un vistazo a una peque\u00f1a lista de ellos para tu comodidad:<\/p>\n<h2>An\u00e1lisis de Paysafecard en las apuestas eSports | \u00bfEs rentable?<\/h2>\n<div class=\"title-line\">\n<div class=\"icon\"><\/div>\n<div class=\"fullWidth-line\"><\/div>\n<\/div>\n<p style=\"text-align: justify\">S\u00ed, Paysafecard es uno de los m\u00e9todos de pago de apuestas eSports m\u00e1s rentables, ya que no tiene comisiones de transacci\u00f3n. Bueno, no es de extra\u00f1arse considerando que este art\u00edculo se titula \u201cAn\u00e1lisis de Paysafecard en las apuestas eSports\u201d. Adem\u00e1s, \u00bfnecesitamos recordarte que las transacciones con Paysafecard est\u00e1n disponibles instant\u00e1neamente en tu cuenta de apuestas en l\u00ednea? Tampoco olvidemos que no necesita una tarjeta de cr\u00e9dito ni una cuenta bancaria para funcionar y, sin embargo, disfrutar\u00e1s de una seguridad de transacci\u00f3n inigualable. En resumen, si deseas un m\u00e9todo de pago r\u00e1pido, seguro y sencillo para las apuestas eSports, Paysafecard es tu mejor opci\u00f3n&#8230;. si te encuentras en un pa\u00eds que lo admite, por supuesto.<\/p>\n<h2>\u00bfC\u00f3mo configurar los pagos con Paysafecard?<\/h2>\n<div class=\"title-line\">\n<div class=\"icon\"><\/div>\n<div class=\"fullWidth-line\"><\/div>\n<\/div>\n<p style=\"text-align: justify\">La forma m\u00e1s sencilla (y r\u00e1pida) de establecer Paysafecard como tu m\u00e9todo de pago de apuestas eSports ni siquiera requiere que crees una cuenta. Todo lo que tienes que hacer es encontrar la tienda m\u00e1s cercana que venda vales de Paysafecard. Hay varios vales para elegir dependiendo de la cantidad de dinero que quieras tener en tu Paysafecard. Las cantidades usuales son de 10, 25, 50, 75 o 100, expresadas en tu moneda local (la mayor\u00eda de las veces), as\u00ed que escoge sabiamente.<\/p>\n<p style=\"text-align: justify\">Una vez que recibas el vale de Paysafecard, notar\u00e1s una gran cantidad de n\u00fameros que forman un PIN. Luego de seleccionar Paysafecard como el m\u00e9todo de dep\u00f3sito de tu elecci\u00f3n (en tu corredor de apuestas eSports deseado), el siguiente paso ser\u00e1 introducir ese pin y estar\u00e1s listo. Otra cosa, Paysafecard tambi\u00e9n admite registros en su sitio web para rastrear y guardar el cambio de tus vales ya comprados. Si planeas usar Paysafecard con frecuencia, tal vez registrarte te ahorrar\u00e1 mucho dinero a largo plazo. Una \u00faltima cosa, es importante mencionar que los corredores de apuestas suelen tener alg\u00fan tipo de dep\u00f3sito m\u00ednimo establecido para Paysafecard, por lo que vale la pena examinarlo antes de realizar la compra.<\/p>\n<h2>\u00bfSe puede utilizar Paysafecard tanto para depositar como para retirar fondos?<\/h2>\n<div class=\"title-line\">\n<div class=\"icon\"><\/div>\n<div class=\"fullWidth-line\"><\/div>\n<\/div>\n<p style=\"text-align: justify\">Aunque la base de las cuentas de Paysafecard da un atisbo de esperanza tanto para depositar como para retirar dinero, desafortunadamente la verdad est\u00e1 lejos de eso. Ver\u00e1s, todos los sitios web de apuestas eSports que incluyen Paysafecard como uno de sus m\u00e9todos de pago, no lo tienen configurado para los retiros. Esto no es algo nuevo, ya que los retiros a Paysafecard no son aceptados por la propia plataforma Paysafecard. Solo puedes depositar a trav\u00e9s de este m\u00e9todo de pago, pero los retiros est\u00e1n fuera del panorama. Es por eso que, si terminas ganando algo de dinero te ver\u00e1s obligado a utilizar otra opci\u00f3n de pago para retirarlo a tu cuenta bancaria.<\/p>\n","protected":false},"excerpt":{"rendered":"<p>Sin lugar a dudas, Paysafecard se ha convertido en una potencia en los pagos en l\u00ednea. Desde su lanzamiento en el a\u00f1o 2000, este m\u00e9todo de pago ha sido considerado un \u00e9xito. Primero, estableci\u00f3 sus pagos en Austria pero se traslad\u00f3 r\u00e1pidamente a Alemania tambi\u00e9n. M\u00e1s tarde, se extendi\u00f3 por todo el globo y actualmente &hellip; <a href=\"https:\/\/www.esports-betting.pro\/es\/metodos-pago\/analisis-paysafecard\/\">Continued<\/a><\/p>\n","protected":false},"author":24,"featured_media":0,"parent":14103,"menu_order":0,"comment_status":"closed","ping_status":"closed","template":"","meta":{"_acf_changed":false,"footnotes":""},"acf":[],"yoast_head":"<!-- This site is optimized with the Yoast SEO plugin v22.6 - https:\/\/yoast.com\/wordpress\/plugins\/seo\/ -->\n<title>An\u00e1lisis de apuestas eSports con Paysafecard | Gu\u00eda de m\u00e9todo de pagos<\/title>\n<meta name=\"description\" content=\"Para los que buscan un an\u00e1lisis de apuestas eSports con Paysafecard haz clic aqu\u00ed y conoce todo sobre este famoso m\u00e9todo de pago a nivel mundial.\" \/>\n<meta name=\"robots\" content=\"index, follow, max-snippet:-1, max-image-preview:large, max-video-preview:-1\" \/>\n<link rel=\"canonical\" href=\"https:\/\/www.esports-betting.pro\/es\/metodos-pago\/analisis-paysafecard\/\" \/>\n<meta property=\"og:locale\" content=\"es_ES\" \/>\n<meta property=\"og:type\" content=\"article\" \/>\n<meta property=\"og:title\" content=\"An\u00e1lisis de apuestas eSports con Paysafecard | Gu\u00eda de m\u00e9todo de pagos\" \/>\n<meta property=\"og:description\" content=\"Para los que buscan un an\u00e1lisis de apuestas eSports con Paysafecard haz clic aqu\u00ed y conoce todo sobre este famoso m\u00e9todo de pago a nivel mundial.\" \/>\n<meta property=\"og:url\" content=\"https:\/\/www.esports-betting.pro\/es\/metodos-pago\/analisis-paysafecard\/\" \/>\n<meta property=\"og:site_name\" content=\"Esports Betting - ES\" \/>\n<meta property=\"og:image\" content=\"https:\/\/www.esports-betting.pro\/app\/uploads\/sites\/3\/2018\/11\/Paysafecard-Logo.png\" \/>\n<meta name=\"twitter:card\" content=\"summary_large_image\" \/>\n<meta name=\"twitter:label1\" content=\"Est. reading time\" \/>\n\t<meta name=\"twitter:data1\" content=\"5 minutos\" \/>\n<script type=\"application\/ld+json\" class=\"yoast-schema-graph\">{\"@context\":\"https:\/\/schema.org\",\"@graph\":[{\"@type\":\"WebPage\",\"@id\":\"https:\/\/www.esports-betting.pro\/es\/metodos-pago\/analisis-paysafecard\/\",\"url\":\"https:\/\/www.esports-betting.pro\/es\/metodos-pago\/analisis-paysafecard\/\",\"name\":\"An\u00e1lisis de apuestas eSports con Paysafecard | Gu\u00eda de m\u00e9todo de pagos\",\"isPartOf\":{\"@id\":\"https:\/\/www.esports-betting.pro\/es\/#website\"},\"primaryImageOfPage\":{\"@id\":\"https:\/\/www.esports-betting.pro\/es\/metodos-pago\/analisis-paysafecard\/#primaryimage\"},\"image\":{\"@id\":\"https:\/\/www.esports-betting.pro\/es\/metodos-pago\/analisis-paysafecard\/#primaryimage\"},\"thumbnailUrl\":\"https:\/\/www.esports-betting.pro\/app\/uploads\/sites\/3\/2018\/11\/Paysafecard-Logo.png\",\"datePublished\":\"2018-11-26T22:34:05+00:00\",\"dateModified\":\"2018-11-26T22:34:05+00:00\",\"description\":\"Para los que buscan un an\u00e1lisis de apuestas eSports con Paysafecard haz clic aqu\u00ed y conoce todo sobre este famoso m\u00e9todo de pago a nivel mundial.\",\"breadcrumb\":{\"@id\":\"https:\/\/www.esports-betting.pro\/es\/metodos-pago\/analisis-paysafecard\/#breadcrumb\"},\"inLanguage\":\"es\",\"potentialAction\":[{\"@type\":\"ReadAction\",\"target\":[\"https:\/\/www.esports-betting.pro\/es\/metodos-pago\/analisis-paysafecard\/\"]}]},{\"@type\":\"ImageObject\",\"inLanguage\":\"es\",\"@id\":\"https:\/\/www.esports-betting.pro\/es\/metodos-pago\/analisis-paysafecard\/#primaryimage\",\"url\":\"https:\/\/www.esports-betting.pro\/app\/uploads\/sites\/3\/2018\/11\/Paysafecard-Logo.png\",\"contentUrl\":\"https:\/\/www.esports-betting.pro\/app\/uploads\/sites\/3\/2018\/11\/Paysafecard-Logo.png\"},{\"@type\":\"BreadcrumbList\",\"@id\":\"https:\/\/www.esports-betting.pro\/es\/metodos-pago\/analisis-paysafecard\/#breadcrumb\",\"itemListElement\":[{\"@type\":\"ListItem\",\"position\":1,\"name\":\"Home\",\"item\":\"https:\/\/www.esports-betting.pro\/es\/\"},{\"@type\":\"ListItem\",\"position\":2,\"name\":\"An\u00e1lisis de los m\u00e9todos de pago de las apuestas eSports\",\"item\":\"https:\/\/www.esports-betting.pro\/es\/metodos-pago\/\"},{\"@type\":\"ListItem\",\"position\":3,\"name\":\"M\u00e9todo de pago en las apuestas eSports: An\u00e1lisis de Paysafecard\"}]},{\"@type\":\"WebSite\",\"@id\":\"https:\/\/www.esports-betting.pro\/es\/#website\",\"url\":\"https:\/\/www.esports-betting.pro\/es\/\",\"name\":\"Esports Betting - ES\",\"description\":\"Just another Esports Betting Sites site\",\"potentialAction\":[{\"@type\":\"SearchAction\",\"target\":{\"@type\":\"EntryPoint\",\"urlTemplate\":\"https:\/\/www.esports-betting.pro\/es\/?s={search_term_string}\"},\"query-input\":\"required name=search_term_string\"}],\"inLanguage\":\"es\"}]}<\/script>\n<!-- \/ Yoast SEO plugin. -->","yoast_head_json":{"title":"An\u00e1lisis de apuestas eSports con Paysafecard | Gu\u00eda de m\u00e9todo de pagos","description":"Para los que buscan un an\u00e1lisis de apuestas eSports con Paysafecard haz clic aqu\u00ed y conoce todo sobre este famoso m\u00e9todo de pago a nivel mundial.","robots":{"index":"index","follow":"follow","max-snippet":"max-snippet:-1","max-image-preview":"max-image-preview:large","max-video-preview":"max-video-preview:-1"},"canonical":"https:\/\/www.esports-betting.pro\/es\/metodos-pago\/analisis-paysafecard\/","og_locale":"es_ES","og_type":"article","og_title":"An\u00e1lisis de apuestas eSports con Paysafecard | Gu\u00eda de m\u00e9todo de pagos","og_description":"Para los que buscan un an\u00e1lisis de apuestas eSports con Paysafecard haz clic aqu\u00ed y conoce todo sobre este famoso m\u00e9todo de pago a nivel mundial.","og_url":"https:\/\/www.esports-betting.pro\/es\/metodos-pago\/analisis-paysafecard\/","og_site_name":"Esports Betting - ES","og_image":[{"url":"https:\/\/www.esports-betting.pro\/app\/uploads\/sites\/3\/2018\/11\/Paysafecard-Logo.png"}],"twitter_card":"summary_large_image","twitter_misc":{"Est. reading time":"5 minutos"},"schema":{"@context":"https:\/\/schema.org","@graph":[{"@type":"WebPage","@id":"https:\/\/www.esports-betting.pro\/es\/metodos-pago\/analisis-paysafecard\/","url":"https:\/\/www.esports-betting.pro\/es\/metodos-pago\/analisis-paysafecard\/","name":"An\u00e1lisis de apuestas eSports con Paysafecard | Gu\u00eda de m\u00e9todo de pagos","isPartOf":{"@id":"https:\/\/www.esports-betting.pro\/es\/#website"},"primaryImageOfPage":{"@id":"https:\/\/www.esports-betting.pro\/es\/metodos-pago\/analisis-paysafecard\/#primaryimage"},"image":{"@id":"https:\/\/www.esports-betting.pro\/es\/metodos-pago\/analisis-paysafecard\/#primaryimage"},"thumbnailUrl":"https:\/\/www.esports-betting.pro\/app\/uploads\/sites\/3\/2018\/11\/Paysafecard-Logo.png","datePublished":"2018-11-26T22:34:05+00:00","dateModified":"2018-11-26T22:34:05+00:00","description":"Para los que buscan un an\u00e1lisis de apuestas eSports con Paysafecard haz clic aqu\u00ed y conoce todo sobre este famoso m\u00e9todo de pago a nivel mundial.","breadcrumb":{"@id":"https:\/\/www.esports-betting.pro\/es\/metodos-pago\/analisis-paysafecard\/#breadcrumb"},"inLanguage":"es","potentialAction":[{"@type":"ReadAction","target":["https:\/\/www.esports-betting.pro\/es\/metodos-pago\/analisis-paysafecard\/"]}]},{"@type":"ImageObject","inLanguage":"es","@id":"https:\/\/www.esports-betting.pro\/es\/metodos-pago\/analisis-paysafecard\/#primaryimage","url":"https:\/\/www.esports-betting.pro\/app\/uploads\/sites\/3\/2018\/11\/Paysafecard-Logo.png","contentUrl":"https:\/\/www.esports-betting.pro\/app\/uploads\/sites\/3\/2018\/11\/Paysafecard-Logo.png"},{"@type":"BreadcrumbList","@id":"https:\/\/www.esports-betting.pro\/es\/metodos-pago\/analisis-paysafecard\/#breadcrumb","itemListElement":[{"@type":"ListItem","position":1,"name":"Home","item":"https:\/\/www.esports-betting.pro\/es\/"},{"@type":"ListItem","position":2,"name":"An\u00e1lisis de los m\u00e9todos de pago de las apuestas eSports","item":"https:\/\/www.esports-betting.pro\/es\/metodos-pago\/"},{"@type":"ListItem","position":3,"name":"M\u00e9todo de pago en las apuestas eSports: An\u00e1lisis de Paysafecard"}]},{"@type":"WebSite","@id":"https:\/\/www.esports-betting.pro\/es\/#website","url":"https:\/\/www.esports-betting.pro\/es\/","name":"Esports Betting - ES","description":"Just another Esports Betting Sites site","potentialAction":[{"@type":"SearchAction","target":{"@type":"EntryPoint","urlTemplate":"https:\/\/www.esports-betting.pro\/es\/?s={search_term_string}"},"query-input":"required name=search_term_string"}],"inLanguage":"es"}]}},"_links":{"self":[{"href":"https:\/\/www.esports-betting.pro\/es\/wp-json\/wp\/v2\/pages\/14187"}],"collection":[{"href":"https:\/\/www.esports-betting.pro\/es\/wp-json\/wp\/v2\/pages"}],"about":[{"href":"https:\/\/www.esports-betting.pro\/es\/wp-json\/wp\/v2\/types\/page"}],"author":[{"embeddable":true,"href":"https:\/\/www.esports-betting.pro\/es\/wp-json\/wp\/v2\/users\/24"}],"replies":[{"embeddable":true,"href":"https:\/\/www.esports-betting.pro\/es\/wp-json\/wp\/v2\/comments?post=14187"}],"version-history":[{"count":0,"href":"https:\/\/www.esports-betting.pro\/es\/wp-json\/wp\/v2\/pages\/14187\/revisions"}],"up":[{"embeddable":true,"href":"https:\/\/www.esports-betting.pro\/es\/wp-json\/wp\/v2\/pages\/14103"}],"wp:attachment":[{"href":"https:\/\/www.esports-betting.pro\/es\/wp-json\/wp\/v2\/media?parent=14187"}],"curies":[{"name":"wp","href":"https:\/\/api.w.org\/{rel}","templated":true}]}}