{"id":14158,"date":"2018-11-26T17:39:40","date_gmt":"2018-11-26T21:39:40","guid":{"rendered":"https:\/\/www.esports-betting.pro\/es\/?page_id=14158"},"modified":"2018-11-26T17:39:40","modified_gmt":"2018-11-26T21:39:40","slug":"analisis-paypal","status":"publish","type":"page","link":"https:\/\/www.esports-betting.pro\/es\/metodos-pago\/analisis-paypal\/","title":{"rendered":"M\u00e9todos de pago en las apuestas eSports: An\u00e1lisis de Paypal"},"content":{"rendered":"<p style=\"text-align: justify\"><img loading=\"lazy\" decoding=\"async\" class=\"size-full wp-image-14159 alignright\" src=\"https:\/\/www.esports-betting.pro\/app\/uploads\/sites\/3\/2018\/11\/PayPal-logo.png\" alt=\"Paypal Logo\" width=\"150\" height=\"150\" \/>Los m\u00e9todos de pago son una parte muy importante en la industria de las apuestas eSports. Su calidad y cantidad puede crear o poner fin a <a href=\"https:\/\/www.esports-betting.pro\/es\/sitios-apuestas-esports\/\"><strong>los corredores de apuestas en l\u00ednea<\/strong><\/a> y eso es un hecho del que no podemos huir. \u00bfPero qu\u00e9 es lo que los hace tan importantes en primer lugar? Pues bien, ante todo, los corredores de apuestas en l\u00ednea deben ser 100% transparentes en lo que respecta a la normativa internacional. Esto es muy importante en el aspecto financiero de la transacci\u00f3n. Pagos, dep\u00f3sitos y b\u00e1sicamente todo lo que est\u00e1 relacionado con el dinero tiene que pasar por controles de seguridad rigurosos. Al final, esto significa que los corredores de apuestas en l\u00ednea s\u00f3lo pueden ofrecer aquellos m\u00e9todos de pago que no generen problemas con las leyes internacionales. Sin duda, \u00a1uno de ellos es PayPal! El\u00a0<strong><a href=\"https:\/\/www.esports-betting.pro\/es\/metodos-pago\/\">m\u00e9todo de pago en l\u00ednea m\u00e1s popular<\/a><\/strong> de Elon Musk tambi\u00e9n ha encontrado su camino en la <a href=\"https:\/\/www.esports-betting.pro\/es\/\"><strong>industria de las apuestas eSports<\/strong><\/a>. Paypal es el monedero electr\u00f3nico m\u00e1s antiguo que existe, por lo que no es de extra\u00f1ar que tambi\u00e9n se utilice en las apuestas eSports. En este sentido, \u00a1te brindaremos nuestro an\u00e1lisis detallado de Paypal en las apuestas eSports a lo largo de los siguientes p\u00e1rrafos!<\/p>\n<p style=\"text-align: justify\">As\u00ed que, sin m\u00e1s pre\u00e1mbulos, esto es lo que tenemos reservado para ustedes:<\/p>\n<h2>\u00bfPuedo usar Paypal para apostar en los eSports?<\/h2>\n<div class=\"title-line\">\n<div class=\"icon\"><\/div>\n<div class=\"fullWidth-line\"><\/div>\n<\/div>\n<p style=\"text-align: justify\">S\u00ed, sin lugar a dudas puedes apostar en los eSports usando tu billetera electr\u00f3nica de PayPal. El asunto es muy sencillo. Ver\u00e1s, PayPal es el monedero electr\u00f3nico m\u00e1s antiguo que existe, ha estado en el juego desde que surgi\u00f3 (bueno, t\u00e9cnicamente, PayPal cre\u00f3 el juego), por lo que es l\u00f3gico que tenga experiencia. Las tendencias tecnol\u00f3gicas son una parte importante de la identidad de PayPal&#8230; y de su \u00e9xito. Esta plataforma es pionera en todo el sentido de la palabra, sigue todas las medidas de seguridad y las precauciones para ofrecer a sus clientes solo la mejor experiencia posible.<\/p>\n<p style=\"text-align: justify\">En lo que respecta a los corredores de apuestas particulares, PayPal es aceptado por muchos de los mejores corredores. A continuaci\u00f3n, encontrar\u00e1s una lista detallada:<\/p>\n<h2>Los corredores de apuestas m\u00e1s populares que utilizan pagos de PayPal<\/h2>\n<div class=\"title-line\">\n<div class=\"icon\"><\/div>\n<div class=\"fullWidth-line\"><\/div>\n<\/div>\n<p style=\"text-align: justify\">Estos son los sitios de apuestas m\u00e1s populares de eSports que ofrecen dep\u00f3sitos y retiros a trav\u00e9s de PayPal. Ten en cuenta que algunos de ellos pueden ser limitados debido a su ubicaci\u00f3n. Por ejemplo, Bet365, BetWay y Pinnacle tienen pol\u00edticas regionales diferentes para los que son residentes en EE.UU. y para los que no lo son, as\u00ed que no est\u00e9s muy decepcionado si no ves PayPal en las opciones para tu pa\u00eds.<\/p>\n<h2>An\u00e1lisis de PayPal en las apuestas eSports | \u00bfEs rentable?<\/h2>\n<div class=\"title-line\">\n<div class=\"icon\"><\/div>\n<div class=\"fullWidth-line\"><\/div>\n<\/div>\n<p style=\"text-align: justify\">Las transacciones de PayPal suelen tener alg\u00fan tipo de tarifa. Cuando se trata de retirar dinero directamente de tu cuenta PayPal a tu tarjeta, las tarifas suelen ser de 5 d\u00f3lares o un importe equivalente en tu divisa de preferencia. En cuanto a los corredores de apuestas y sus tarifas, \u00e9stas tienden a variar dr\u00e1sticamente de un sitio web a otro. Otro factor que hay que considerar en lo que respecta a nuestro an\u00e1lisis de Paypal en las apuestas eSports es que encontrar\u00e1s diferentes cantidades m\u00ednimas para depositar o retirar. No hace falta decir que este es otro de esos factores que var\u00edan de un corredor de apuestas a otro. Aseg\u00farate de sentirte c\u00f3modo con esas cantidades m\u00ednimas antes de hacer tu primera apuesta, de lo contrario podr\u00edas lamentarlo m\u00e1s tarde.<\/p>\n<h2>\u00bfC\u00f3mo configurar PayPal para las apuestas eSports?<\/h2>\n<div class=\"title-line\">\n<div class=\"icon\"><\/div>\n<div class=\"fullWidth-line\"><\/div>\n<\/div>\n<p>Configurar tu propia cuenta PayPal es una tarea bastante f\u00e1cil para cualquiera que tenga conocimientos b\u00e1sicos de navegaci\u00f3n por Internet. El proceso no tomar\u00e1 m\u00e1s de 5 minutos de tu tiempo. Dicho esto, nuestro an\u00e1lisis de Paypal en las apuestas eSports no podr\u00eda estar completo sin una gu\u00eda r\u00e1pida paso a paso. Aqu\u00ed va:<\/p>\n<h3>Paso 1<\/h3>\n<p style=\"text-align: justify\">Para configurar PayPal como tu m\u00e9todo de pago predeterminado, primero deber\u00e1s crear una cuenta en el <u>Sitio Web oficial de PayPal<\/u>. Una vez all\u00ed, solo haz clic en registrarse y ser\u00e1s redirigido a la siguiente p\u00e1gina.<\/p>\n<h3>Paso 2<\/h3>\n<p style=\"text-align: justify\">El primer obst\u00e1culo que se encontrar\u00e1s es la opci\u00f3n de elegir entre una cuenta personal y una de negocios. Por supuesto, escoger\u00e1s una cuenta personal ya que no har\u00e1s ninguna transacci\u00f3n relacionada con los negocios, solo de apuestas eSports.<\/p>\n<h3>Paso 3<\/h3>\n<p style=\"text-align: justify\">A continuaci\u00f3n, tendr\u00e1s que seleccionar tu pa\u00eds, dar tu informaci\u00f3n personal (nombre, DOB, direcci\u00f3n, n\u00famero de tel\u00e9fono y dem\u00e1s datos) y b\u00e1sicamente eso es todo.<\/p>\n<h3>Paso 4<\/h3>\n<p style=\"text-align: justify\">Una vez que hayas creado tu cuenta (puede que tengas que confirmar tu direcci\u00f3n de correo electr\u00f3nico o n\u00famero de tel\u00e9fono para que tu cuenta est\u00e9 100% completa), tendr\u00e1s que a\u00f1adir una tarjeta y depositar fondos a tu cuenta PayPal antes de que puedas empezar a utilizarla en las apuestas de eSports.<\/p>\n<h3>Paso 5<\/h3>\n<p style=\"text-align: justify\">\u00a1Es todo, chicos! Han creado con \u00e9xito su cuenta PayPal, han depositado algo de dinero en ella y ahora pueden utilizarla para apostar en varios sitios de apuestas de eSports que admiten transacciones de PayPal.<\/p>\n<h2>\u00bfSe puede utilizar PayPal tanto para depositar como para retirar fondos?<\/h2>\n<div class=\"title-line\">\n<div class=\"icon\"><\/div>\n<div class=\"fullWidth-line\"><\/div>\n<\/div>\n<p style=\"text-align: justify\">Esto depender\u00e1 en gran medida de tu corredor de apuestas. Algunos lo admiten, otros no, todo se reduce a sus preferencias personales y normativas. Por lo general, es probable que los corredores de apuestas que admiten PayPal como m\u00e9todo de dep\u00f3sito, tambi\u00e9n lo admitan para retirar fondos. No sucede as\u00ed en todos los casos, pero vale la pena mencionarlo. Por \u00faltimo, los corredores de apuestas que no ofrecen PayPal como m\u00e9todo de dep\u00f3sito tampoco permitir\u00e1n que sus clientes retiren sus fondos a sus cuentas PayPal.<\/p>\n","protected":false},"excerpt":{"rendered":"<p>Los m\u00e9todos de pago son una parte muy importante en la industria de las apuestas eSports. Su calidad y cantidad puede crear o poner fin a los corredores de apuestas en l\u00ednea y eso es un hecho del que no podemos huir. \u00bfPero qu\u00e9 es lo que los hace tan importantes en primer lugar? Pues &hellip; <a href=\"https:\/\/www.esports-betting.pro\/es\/metodos-pago\/analisis-paypal\/\">Continued<\/a><\/p>\n","protected":false},"author":24,"featured_media":0,"parent":14103,"menu_order":0,"comment_status":"closed","ping_status":"closed","template":"","meta":{"_acf_changed":false,"footnotes":""},"acf":[],"yoast_head":"<!-- This site is optimized with the Yoast SEO plugin v22.6 - https:\/\/yoast.com\/wordpress\/plugins\/seo\/ -->\n<title>An\u00e1lisis de apuestas eSports con Paypal | Gu\u00eda de m\u00e9todo de pagos<\/title>\n<meta name=\"description\" content=\"Nuestro an\u00e1lisis de apuestas eSports con PayPal es el lugar ideal para aprender sobre este m\u00e9todo de pago, incluyendo una gu\u00eda sobre c\u00f3mo crear una cuenta.\" \/>\n<meta name=\"robots\" content=\"index, follow, max-snippet:-1, max-image-preview:large, max-video-preview:-1\" \/>\n<link rel=\"canonical\" href=\"https:\/\/www.esports-betting.pro\/es\/metodos-pago\/analisis-paypal\/\" \/>\n<meta property=\"og:locale\" content=\"es_ES\" \/>\n<meta property=\"og:type\" content=\"article\" \/>\n<meta property=\"og:title\" content=\"An\u00e1lisis de apuestas eSports con Paypal | Gu\u00eda de m\u00e9todo de pagos\" \/>\n<meta property=\"og:description\" content=\"Nuestro an\u00e1lisis de apuestas eSports con PayPal es el lugar ideal para aprender sobre este m\u00e9todo de pago, incluyendo una gu\u00eda sobre c\u00f3mo crear una cuenta.\" \/>\n<meta property=\"og:url\" content=\"https:\/\/www.esports-betting.pro\/es\/metodos-pago\/analisis-paypal\/\" \/>\n<meta property=\"og:site_name\" content=\"Esports Betting - ES\" \/>\n<meta property=\"og:image\" content=\"https:\/\/www.esports-betting.pro\/app\/uploads\/sites\/3\/2018\/11\/PayPal-logo.png\" \/>\n<meta name=\"twitter:card\" content=\"summary_large_image\" \/>\n<meta name=\"twitter:label1\" content=\"Est. reading time\" \/>\n\t<meta name=\"twitter:data1\" content=\"5 minutos\" \/>\n<script type=\"application\/ld+json\" class=\"yoast-schema-graph\">{\"@context\":\"https:\/\/schema.org\",\"@graph\":[{\"@type\":\"WebPage\",\"@id\":\"https:\/\/www.esports-betting.pro\/es\/metodos-pago\/analisis-paypal\/\",\"url\":\"https:\/\/www.esports-betting.pro\/es\/metodos-pago\/analisis-paypal\/\",\"name\":\"An\u00e1lisis de apuestas eSports con Paypal | Gu\u00eda de m\u00e9todo de pagos\",\"isPartOf\":{\"@id\":\"https:\/\/www.esports-betting.pro\/es\/#website\"},\"primaryImageOfPage\":{\"@id\":\"https:\/\/www.esports-betting.pro\/es\/metodos-pago\/analisis-paypal\/#primaryimage\"},\"image\":{\"@id\":\"https:\/\/www.esports-betting.pro\/es\/metodos-pago\/analisis-paypal\/#primaryimage\"},\"thumbnailUrl\":\"https:\/\/www.esports-betting.pro\/app\/uploads\/sites\/3\/2018\/11\/PayPal-logo.png\",\"datePublished\":\"2018-11-26T21:39:40+00:00\",\"dateModified\":\"2018-11-26T21:39:40+00:00\",\"description\":\"Nuestro an\u00e1lisis de apuestas eSports con PayPal es el lugar ideal para aprender sobre este m\u00e9todo de pago, incluyendo una gu\u00eda sobre c\u00f3mo crear una cuenta.\",\"breadcrumb\":{\"@id\":\"https:\/\/www.esports-betting.pro\/es\/metodos-pago\/analisis-paypal\/#breadcrumb\"},\"inLanguage\":\"es\",\"potentialAction\":[{\"@type\":\"ReadAction\",\"target\":[\"https:\/\/www.esports-betting.pro\/es\/metodos-pago\/analisis-paypal\/\"]}]},{\"@type\":\"ImageObject\",\"inLanguage\":\"es\",\"@id\":\"https:\/\/www.esports-betting.pro\/es\/metodos-pago\/analisis-paypal\/#primaryimage\",\"url\":\"https:\/\/www.esports-betting.pro\/app\/uploads\/sites\/3\/2018\/11\/PayPal-logo.png\",\"contentUrl\":\"https:\/\/www.esports-betting.pro\/app\/uploads\/sites\/3\/2018\/11\/PayPal-logo.png\"},{\"@type\":\"BreadcrumbList\",\"@id\":\"https:\/\/www.esports-betting.pro\/es\/metodos-pago\/analisis-paypal\/#breadcrumb\",\"itemListElement\":[{\"@type\":\"ListItem\",\"position\":1,\"name\":\"Home\",\"item\":\"https:\/\/www.esports-betting.pro\/es\/\"},{\"@type\":\"ListItem\",\"position\":2,\"name\":\"An\u00e1lisis de los m\u00e9todos de pago de las apuestas eSports\",\"item\":\"https:\/\/www.esports-betting.pro\/es\/metodos-pago\/\"},{\"@type\":\"ListItem\",\"position\":3,\"name\":\"M\u00e9todos de pago en las apuestas eSports: An\u00e1lisis de Paypal\"}]},{\"@type\":\"WebSite\",\"@id\":\"https:\/\/www.esports-betting.pro\/es\/#website\",\"url\":\"https:\/\/www.esports-betting.pro\/es\/\",\"name\":\"Esports Betting - ES\",\"description\":\"Just another Esports Betting Sites site\",\"potentialAction\":[{\"@type\":\"SearchAction\",\"target\":{\"@type\":\"EntryPoint\",\"urlTemplate\":\"https:\/\/www.esports-betting.pro\/es\/?s={search_term_string}\"},\"query-input\":\"required name=search_term_string\"}],\"inLanguage\":\"es\"}]}<\/script>\n<!-- \/ Yoast SEO plugin. -->","yoast_head_json":{"title":"An\u00e1lisis de apuestas eSports con Paypal | Gu\u00eda de m\u00e9todo de pagos","description":"Nuestro an\u00e1lisis de apuestas eSports con PayPal es el lugar ideal para aprender sobre este m\u00e9todo de pago, incluyendo una gu\u00eda sobre c\u00f3mo crear una cuenta.","robots":{"index":"index","follow":"follow","max-snippet":"max-snippet:-1","max-image-preview":"max-image-preview:large","max-video-preview":"max-video-preview:-1"},"canonical":"https:\/\/www.esports-betting.pro\/es\/metodos-pago\/analisis-paypal\/","og_locale":"es_ES","og_type":"article","og_title":"An\u00e1lisis de apuestas eSports con Paypal | Gu\u00eda de m\u00e9todo de pagos","og_description":"Nuestro an\u00e1lisis de apuestas eSports con PayPal es el lugar ideal para aprender sobre este m\u00e9todo de pago, incluyendo una gu\u00eda sobre c\u00f3mo crear una cuenta.","og_url":"https:\/\/www.esports-betting.pro\/es\/metodos-pago\/analisis-paypal\/","og_site_name":"Esports Betting - ES","og_image":[{"url":"https:\/\/www.esports-betting.pro\/app\/uploads\/sites\/3\/2018\/11\/PayPal-logo.png"}],"twitter_card":"summary_large_image","twitter_misc":{"Est. reading time":"5 minutos"},"schema":{"@context":"https:\/\/schema.org","@graph":[{"@type":"WebPage","@id":"https:\/\/www.esports-betting.pro\/es\/metodos-pago\/analisis-paypal\/","url":"https:\/\/www.esports-betting.pro\/es\/metodos-pago\/analisis-paypal\/","name":"An\u00e1lisis de apuestas eSports con Paypal | Gu\u00eda de m\u00e9todo de pagos","isPartOf":{"@id":"https:\/\/www.esports-betting.pro\/es\/#website"},"primaryImageOfPage":{"@id":"https:\/\/www.esports-betting.pro\/es\/metodos-pago\/analisis-paypal\/#primaryimage"},"image":{"@id":"https:\/\/www.esports-betting.pro\/es\/metodos-pago\/analisis-paypal\/#primaryimage"},"thumbnailUrl":"https:\/\/www.esports-betting.pro\/app\/uploads\/sites\/3\/2018\/11\/PayPal-logo.png","datePublished":"2018-11-26T21:39:40+00:00","dateModified":"2018-11-26T21:39:40+00:00","description":"Nuestro an\u00e1lisis de apuestas eSports con PayPal es el lugar ideal para aprender sobre este m\u00e9todo de pago, incluyendo una gu\u00eda sobre c\u00f3mo crear una cuenta.","breadcrumb":{"@id":"https:\/\/www.esports-betting.pro\/es\/metodos-pago\/analisis-paypal\/#breadcrumb"},"inLanguage":"es","potentialAction":[{"@type":"ReadAction","target":["https:\/\/www.esports-betting.pro\/es\/metodos-pago\/analisis-paypal\/"]}]},{"@type":"ImageObject","inLanguage":"es","@id":"https:\/\/www.esports-betting.pro\/es\/metodos-pago\/analisis-paypal\/#primaryimage","url":"https:\/\/www.esports-betting.pro\/app\/uploads\/sites\/3\/2018\/11\/PayPal-logo.png","contentUrl":"https:\/\/www.esports-betting.pro\/app\/uploads\/sites\/3\/2018\/11\/PayPal-logo.png"},{"@type":"BreadcrumbList","@id":"https:\/\/www.esports-betting.pro\/es\/metodos-pago\/analisis-paypal\/#breadcrumb","itemListElement":[{"@type":"ListItem","position":1,"name":"Home","item":"https:\/\/www.esports-betting.pro\/es\/"},{"@type":"ListItem","position":2,"name":"An\u00e1lisis de los m\u00e9todos de pago de las apuestas eSports","item":"https:\/\/www.esports-betting.pro\/es\/metodos-pago\/"},{"@type":"ListItem","position":3,"name":"M\u00e9todos de pago en las apuestas eSports: An\u00e1lisis de Paypal"}]},{"@type":"WebSite","@id":"https:\/\/www.esports-betting.pro\/es\/#website","url":"https:\/\/www.esports-betting.pro\/es\/","name":"Esports Betting - ES","description":"Just another Esports Betting Sites site","potentialAction":[{"@type":"SearchAction","target":{"@type":"EntryPoint","urlTemplate":"https:\/\/www.esports-betting.pro\/es\/?s={search_term_string}"},"query-input":"required name=search_term_string"}],"inLanguage":"es"}]}},"_links":{"self":[{"href":"https:\/\/www.esports-betting.pro\/es\/wp-json\/wp\/v2\/pages\/14158"}],"collection":[{"href":"https:\/\/www.esports-betting.pro\/es\/wp-json\/wp\/v2\/pages"}],"about":[{"href":"https:\/\/www.esports-betting.pro\/es\/wp-json\/wp\/v2\/types\/page"}],"author":[{"embeddable":true,"href":"https:\/\/www.esports-betting.pro\/es\/wp-json\/wp\/v2\/users\/24"}],"replies":[{"embeddable":true,"href":"https:\/\/www.esports-betting.pro\/es\/wp-json\/wp\/v2\/comments?post=14158"}],"version-history":[{"count":0,"href":"https:\/\/www.esports-betting.pro\/es\/wp-json\/wp\/v2\/pages\/14158\/revisions"}],"up":[{"embeddable":true,"href":"https:\/\/www.esports-betting.pro\/es\/wp-json\/wp\/v2\/pages\/14103"}],"wp:attachment":[{"href":"https:\/\/www.esports-betting.pro\/es\/wp-json\/wp\/v2\/media?parent=14158"}],"curies":[{"name":"wp","href":"https:\/\/api.w.org\/{rel}","templated":true}]}}