{"id":14147,"date":"2018-11-26T17:01:05","date_gmt":"2018-11-26T21:01:05","guid":{"rendered":"https:\/\/www.esports-betting.pro\/es\/?page_id=14147"},"modified":"2022-09-02T13:11:41","modified_gmt":"2022-09-02T13:11:41","slug":"analisis-neteller","status":"publish","type":"page","link":"https:\/\/www.esports-betting.pro\/es\/metodos-pago\/analisis-neteller\/","title":{"rendered":"M\u00e9todo de pago de las apuestas eSports: An\u00e1lisis de Neteller"},"content":{"rendered":"<p style=\"text-align: justify\"><img loading=\"lazy\" decoding=\"async\" class=\"size-full wp-image-14151 alignright\" src=\"https:\/\/www.esports-betting.pro\/app\/uploads\/sites\/3\/2018\/11\/Neteller-Logo.png\" alt=\"Neteller Logo\" width=\"150\" height=\"150\" \/>Hoy, se\u00f1oras y se\u00f1ores, ni\u00f1os y ni\u00f1as, \u00a1hablaremos de otro <strong><a href=\"https:\/\/www.esports-betting.pro\/es\/metodos-pago\/\">m\u00e9todo de pago en las apuestas eSports<\/a><\/strong>! Para ser m\u00e1s exactos, nuestro an\u00e1lisis de Neteller en las <strong><a href=\"https:\/\/www.esports-betting.pro\/es\/\">apuestas eSports<\/a><\/strong> explicar\u00e1 detalladamente todo lo que necesitas saber para empezar a apostar en los partidos de eSports a trav\u00e9s de este m\u00e9todo de pago en l\u00ednea innovador. En el transcurso de los \u00faltimos dos a\u00f1os, Neteller se ha convertido en una de las mayores y m\u00e1s populares alternativas de pago a la banca en l\u00ednea. Sin embargo, no es de extra\u00f1ar que Neteller sea propiedad de <em>Paysafe Group Limited<\/em> que tambi\u00e9n tiene sistemas de pagos como Skrill y Paysafecard en sus listas. En cuanto a su uso, Neteller es b\u00e1sicamente otro servicio de transacci\u00f3n electr\u00f3nica de fondos que permite operaciones r\u00e1pidas y seguras hacia y desde operadores de divisas, comerciantes, etc. Recientemente, se ha convertido en una alternativa viable en la industria de las apuestas en l\u00ednea. Sin embargo, incluso en este momento, hay personas que no est\u00e1n seguras de si pueden utilizar o no Neteller para apostar en los eSports. Bueno, \u00bfpor qu\u00e9 no empezamos nuestro an\u00e1lisisde Neteller en las apuestas eSports respondiendo esa simple pregunta?<\/p>\n<h2>\u00bfPuedes usar Neteller para apostar en los eSports?<\/h2>\n<div class=\"title-line\">\n<div class=\"icon\"><\/div>\n<div class=\"fullWidth-line\"><\/div>\n<\/div>\n<p style=\"text-align: justify\">Tal y como hemos dicho en el p\u00e1rrafo de introducci\u00f3n anterior, Neteller se ha convertido en un servicio atractivo para depositar y retirar fondos en lo que respecta a las apuestas en l\u00ednea. Teniendo en cuenta el hecho de que las apuestas eSports solo son una subcategor\u00eda de las apuestas en l\u00ednea, la respuesta l\u00f3gica es s\u00ed, puedes usar Neteller para apostar en los eSports. Adem\u00e1s, hay muchas opciones para Neteller&#8230; Si est\u00e1s interesado en los <strong><a href=\"https:\/\/www.esports-betting.pro\/es\/sitios-apuestas-esports\/\">corredores de apuestas eSports<\/a><\/strong> que ofrecen dep\u00f3sitos y retiros a trav\u00e9s de Neteller, aqu\u00ed hay una peque\u00f1a lista a continuaci\u00f3n:<\/p>\n<h2>Los corredores de apuestas m\u00e1s populares que ofrecen dep\u00f3sitos de Neteller<\/h2>\n<p style=\"text-align: justify\">Adem\u00e1s de las casas de apuestas que se muestran arriba, tambi\u00e9n nos gustar\u00eda mencionar que Pinnacle y Bet-at-Home trabajan con la plataforma de billetera electr\u00f3nica de Neteller y la utilizan.<\/p>\n<ul>\n<li><a href=\"https:\/\/www.esports-betting.pro\/es\/sitios-apuestas-esports\/pinnacle-esports\/\"><strong>Pinnacle<\/strong><\/a><\/li>\n<li><strong>Betstars<\/strong><\/li>\n<\/ul>\n<h2>An\u00e1lisis de Neteller en las apuestas eSports | \u00bfEs rentable?<\/h2>\n<div class=\"title-line\">\n<div class=\"icon\"><\/div>\n<div class=\"fullWidth-line\"><\/div>\n<\/div>\n<p style=\"text-align: justify\">Parte del \u00e9xito reciente de Neteller en lo que respecta a las apuestas en l\u00ednea (incluyendo las apuestas eSports) se debe a su rentabilidad. Bueno, rentabilidad, seguridad y rapidez. Ver\u00e1s, adem\u00e1s de no tener que pagar ninguna tarifa por dep\u00f3sitos y retiros desde y hacia tu cuenta Neteller, los dep\u00f3sitos estar\u00e1n disponibles de inmediato en tu billetera de apuestas en l\u00ednea. Por otro lado, una vez que retires tus fondos,\u00a0 tememos que tendr\u00e1s que esperar un poco para que el dinero se haga efectivo en tu cuenta. Esta transacci\u00f3n no suele tardar mucho tiempo; la mayor\u00eda de las veces, aparecer\u00e1 en tu cuenta en un plazo de 24 horas. Sin embargo, ten en cuenta que esto depende en gran medida de tu moneda, el pa\u00eds de origen, entre otros factores. En resumen, Neteller es una gran opci\u00f3n en lo que respecta a la rentabilidad, \u00a1de eso no hay duda!<\/p>\n<h2>\u00bfC\u00f3mo crear una cuenta Neteller para las apuestas eSports?<\/h2>\n<div class=\"title-line\">\n<div class=\"icon\"><\/div>\n<div class=\"fullWidth-line\"><\/div>\n<\/div>\n<p>Crear una cuenta Neteller es una tarea bastante sencilla. Todo se reduce a varios pasos, que no requieren \u00a0de mucho conocimiento sobre\u00a0 TI para seguirlos. As\u00ed que, a continuaci\u00f3n le explicamos paso a paso el proceso de crear tu propia cuenta Neteller y utilizarla en \u00a0las apuestas \u00a0eSports.<\/p>\n<ol>\n<li style=\"text-align: justify\">Visita el sitio<strong><a href=\"https:\/\/www.neteller.com\/es\" target=\"_blank\" rel=\"noopener\"> web oficial de Neteller<\/a><\/strong> y haz clic en el bot\u00f3n Unirse, que te redirigir\u00e1 a la p\u00e1gina de registro.<\/li>\n<li style=\"text-align: justify\">Una vez ah\u00ed, rellena el formulario de registro y haz clic en el bot\u00f3n &#8220;Crear cuenta&#8221; situado debajo del formulario.<\/li>\n<li style=\"text-align: justify\">Aseg\u00farate de escribir cuidadosamente tu ID de seguridad de Neteller que aparecer\u00e1 en la siguiente pantalla justo despu\u00e9s de confirmar la cuenta de correo electr\u00f3nico que introdujiste en el paso anterior.<\/li>\n<li style=\"text-align: justify\">Despu\u00e9s de hacer todo eso, simplemente ingresa de nuevo a tu cuenta Neteller, haz clic en \u201cDepositar Dinero\u201d para depositar fondos de tu cuenta bancaria a Neteller.<\/li>\n<li style=\"text-align: justify\">Ahora todo lo que queda por hacer es encontrar un corredor de apuestas adecuado y utilizar tu cuenta Neteller para depositar los fondos en tu billetera de apuestas en l\u00ednea&#8230; \u00a1despu\u00e9s de eso, \u00a1estar\u00e1s listo para apostar en los eSports a trav\u00e9s de Neteller!<\/li>\n<\/ol>\n<p style=\"text-align: justify\">Esta es una nota r\u00e1pida dentro de nuestro an\u00e1lisis de Neteller en las apuestas eSports que est\u00e1 vinculada para ayudarte a crear tu cuenta y depositar fondos; Neteller te preguntar\u00e1 si deseas que tu dinero est\u00e9 disponible para hacer transacciones de apuestas o no. Aseg\u00farate de hacer clic en \u201cApuesta\u201d, de lo contrario no podr\u00e1s depositar fondos en los sitios web de apuestas en l\u00ednea.<\/p>\n<h2>\u00bfSe puede utilizar Neteller \u00a0tanto para depositar como para retirar fondos?<\/h2>\n<div class=\"title-line\">\n<div class=\"icon\"><\/div>\n<div class=\"fullWidth-line\"><\/div>\n<\/div>\n<p style=\"text-align: justify\">Como todos saben, muchos de los m\u00e9todos de pago que se utilizan com\u00fanmente en las apuestas eSports no tienen la opci\u00f3n de retirar dinero de sus sistemas. Dem\u00e1s est\u00e1 decir que esto crea problemas para sus usuarios, ya que tienen que encontrar soluciones de pago alternativas para obtener su dinero. Sin embargo, en lo que respecta a Neteller, no hay nada de qu\u00e9 preocuparse porque incluye tanto dep\u00f3sitos como retiros. Aunque debes tener \u00a0en cuenta que los retiros tardan un poco en aparecer en tu cuenta bancaria. Todo depende de tu pa\u00eds, pero por general, deber\u00edas esperar un peque\u00f1o retraso.<\/p>\n","protected":false},"excerpt":{"rendered":"<p>Hoy, se\u00f1oras y se\u00f1ores, ni\u00f1os y ni\u00f1as, \u00a1hablaremos de otro m\u00e9todo de pago en las apuestas eSports! Para ser m\u00e1s exactos, nuestro an\u00e1lisis de Neteller en las apuestas eSports explicar\u00e1 detalladamente todo lo que necesitas saber para empezar a apostar en los partidos de eSports a trav\u00e9s de este m\u00e9todo de pago en l\u00ednea innovador. &hellip; <a href=\"https:\/\/www.esports-betting.pro\/es\/metodos-pago\/analisis-neteller\/\">Continued<\/a><\/p>\n","protected":false},"author":24,"featured_media":0,"parent":14103,"menu_order":0,"comment_status":"closed","ping_status":"closed","template":"","meta":{"_acf_changed":false,"footnotes":""},"acf":[],"yoast_head":"<!-- This site is optimized with the Yoast SEO plugin v22.6 - https:\/\/yoast.com\/wordpress\/plugins\/seo\/ -->\n<title>An\u00e1lisis de apuestas eSports con Neteller | Gu\u00eda de m\u00e9todo de pagos<\/title>\n<meta name=\"description\" content=\"Haz clic aqu\u00ed y conoce nuestro an\u00e1lisis de apuestas eSports con Neteller, el cual busca aclarar dudas y brindar informaci\u00f3n al respecto.\" \/>\n<meta name=\"robots\" content=\"index, follow, max-snippet:-1, max-image-preview:large, max-video-preview:-1\" \/>\n<link rel=\"canonical\" href=\"https:\/\/www.esports-betting.pro\/es\/metodos-pago\/analisis-neteller\/\" \/>\n<meta property=\"og:locale\" content=\"es_ES\" \/>\n<meta property=\"og:type\" content=\"article\" \/>\n<meta property=\"og:title\" content=\"An\u00e1lisis de apuestas eSports con Neteller | Gu\u00eda de m\u00e9todo de pagos\" \/>\n<meta property=\"og:description\" content=\"Haz clic aqu\u00ed y conoce nuestro an\u00e1lisis de apuestas eSports con Neteller, el cual busca aclarar dudas y brindar informaci\u00f3n al respecto.\" \/>\n<meta property=\"og:url\" content=\"https:\/\/www.esports-betting.pro\/es\/metodos-pago\/analisis-neteller\/\" \/>\n<meta property=\"og:site_name\" content=\"Esports Betting - ES\" \/>\n<meta property=\"article:modified_time\" content=\"2022-09-02T13:11:41+00:00\" \/>\n<meta property=\"og:image\" content=\"https:\/\/www.esports-betting.pro\/app\/uploads\/sites\/3\/2018\/11\/Neteller-Logo.png\" \/>\n<meta name=\"twitter:card\" content=\"summary_large_image\" \/>\n<meta name=\"twitter:label1\" content=\"Est. reading time\" \/>\n\t<meta name=\"twitter:data1\" content=\"5 minutos\" \/>\n<script type=\"application\/ld+json\" class=\"yoast-schema-graph\">{\"@context\":\"https:\/\/schema.org\",\"@graph\":[{\"@type\":\"WebPage\",\"@id\":\"https:\/\/www.esports-betting.pro\/es\/metodos-pago\/analisis-neteller\/\",\"url\":\"https:\/\/www.esports-betting.pro\/es\/metodos-pago\/analisis-neteller\/\",\"name\":\"An\u00e1lisis de apuestas eSports con Neteller | Gu\u00eda de m\u00e9todo de pagos\",\"isPartOf\":{\"@id\":\"https:\/\/www.esports-betting.pro\/es\/#website\"},\"primaryImageOfPage\":{\"@id\":\"https:\/\/www.esports-betting.pro\/es\/metodos-pago\/analisis-neteller\/#primaryimage\"},\"image\":{\"@id\":\"https:\/\/www.esports-betting.pro\/es\/metodos-pago\/analisis-neteller\/#primaryimage\"},\"thumbnailUrl\":\"https:\/\/www.esports-betting.pro\/app\/uploads\/sites\/3\/2018\/11\/Neteller-Logo.png\",\"datePublished\":\"2018-11-26T21:01:05+00:00\",\"dateModified\":\"2022-09-02T13:11:41+00:00\",\"description\":\"Haz clic aqu\u00ed y conoce nuestro an\u00e1lisis de apuestas eSports con Neteller, el cual busca aclarar dudas y brindar informaci\u00f3n al respecto.\",\"breadcrumb\":{\"@id\":\"https:\/\/www.esports-betting.pro\/es\/metodos-pago\/analisis-neteller\/#breadcrumb\"},\"inLanguage\":\"es\",\"potentialAction\":[{\"@type\":\"ReadAction\",\"target\":[\"https:\/\/www.esports-betting.pro\/es\/metodos-pago\/analisis-neteller\/\"]}]},{\"@type\":\"ImageObject\",\"inLanguage\":\"es\",\"@id\":\"https:\/\/www.esports-betting.pro\/es\/metodos-pago\/analisis-neteller\/#primaryimage\",\"url\":\"https:\/\/www.esports-betting.pro\/app\/uploads\/sites\/3\/2018\/11\/Neteller-Logo.png\",\"contentUrl\":\"https:\/\/www.esports-betting.pro\/app\/uploads\/sites\/3\/2018\/11\/Neteller-Logo.png\"},{\"@type\":\"BreadcrumbList\",\"@id\":\"https:\/\/www.esports-betting.pro\/es\/metodos-pago\/analisis-neteller\/#breadcrumb\",\"itemListElement\":[{\"@type\":\"ListItem\",\"position\":1,\"name\":\"Home\",\"item\":\"https:\/\/www.esports-betting.pro\/es\/\"},{\"@type\":\"ListItem\",\"position\":2,\"name\":\"An\u00e1lisis de los m\u00e9todos de pago de las apuestas eSports\",\"item\":\"https:\/\/www.esports-betting.pro\/es\/metodos-pago\/\"},{\"@type\":\"ListItem\",\"position\":3,\"name\":\"M\u00e9todo de pago de las apuestas eSports: An\u00e1lisis de Neteller\"}]},{\"@type\":\"WebSite\",\"@id\":\"https:\/\/www.esports-betting.pro\/es\/#website\",\"url\":\"https:\/\/www.esports-betting.pro\/es\/\",\"name\":\"Esports Betting - ES\",\"description\":\"Just another Esports Betting Sites site\",\"potentialAction\":[{\"@type\":\"SearchAction\",\"target\":{\"@type\":\"EntryPoint\",\"urlTemplate\":\"https:\/\/www.esports-betting.pro\/es\/?s={search_term_string}\"},\"query-input\":\"required name=search_term_string\"}],\"inLanguage\":\"es\"}]}<\/script>\n<!-- \/ Yoast SEO plugin. -->","yoast_head_json":{"title":"An\u00e1lisis de apuestas eSports con Neteller | Gu\u00eda de m\u00e9todo de pagos","description":"Haz clic aqu\u00ed y conoce nuestro an\u00e1lisis de apuestas eSports con Neteller, el cual busca aclarar dudas y brindar informaci\u00f3n al respecto.","robots":{"index":"index","follow":"follow","max-snippet":"max-snippet:-1","max-image-preview":"max-image-preview:large","max-video-preview":"max-video-preview:-1"},"canonical":"https:\/\/www.esports-betting.pro\/es\/metodos-pago\/analisis-neteller\/","og_locale":"es_ES","og_type":"article","og_title":"An\u00e1lisis de apuestas eSports con Neteller | Gu\u00eda de m\u00e9todo de pagos","og_description":"Haz clic aqu\u00ed y conoce nuestro an\u00e1lisis de apuestas eSports con Neteller, el cual busca aclarar dudas y brindar informaci\u00f3n al respecto.","og_url":"https:\/\/www.esports-betting.pro\/es\/metodos-pago\/analisis-neteller\/","og_site_name":"Esports Betting - ES","article_modified_time":"2022-09-02T13:11:41+00:00","og_image":[{"url":"https:\/\/www.esports-betting.pro\/app\/uploads\/sites\/3\/2018\/11\/Neteller-Logo.png"}],"twitter_card":"summary_large_image","twitter_misc":{"Est. reading time":"5 minutos"},"schema":{"@context":"https:\/\/schema.org","@graph":[{"@type":"WebPage","@id":"https:\/\/www.esports-betting.pro\/es\/metodos-pago\/analisis-neteller\/","url":"https:\/\/www.esports-betting.pro\/es\/metodos-pago\/analisis-neteller\/","name":"An\u00e1lisis de apuestas eSports con Neteller | Gu\u00eda de m\u00e9todo de pagos","isPartOf":{"@id":"https:\/\/www.esports-betting.pro\/es\/#website"},"primaryImageOfPage":{"@id":"https:\/\/www.esports-betting.pro\/es\/metodos-pago\/analisis-neteller\/#primaryimage"},"image":{"@id":"https:\/\/www.esports-betting.pro\/es\/metodos-pago\/analisis-neteller\/#primaryimage"},"thumbnailUrl":"https:\/\/www.esports-betting.pro\/app\/uploads\/sites\/3\/2018\/11\/Neteller-Logo.png","datePublished":"2018-11-26T21:01:05+00:00","dateModified":"2022-09-02T13:11:41+00:00","description":"Haz clic aqu\u00ed y conoce nuestro an\u00e1lisis de apuestas eSports con Neteller, el cual busca aclarar dudas y brindar informaci\u00f3n al respecto.","breadcrumb":{"@id":"https:\/\/www.esports-betting.pro\/es\/metodos-pago\/analisis-neteller\/#breadcrumb"},"inLanguage":"es","potentialAction":[{"@type":"ReadAction","target":["https:\/\/www.esports-betting.pro\/es\/metodos-pago\/analisis-neteller\/"]}]},{"@type":"ImageObject","inLanguage":"es","@id":"https:\/\/www.esports-betting.pro\/es\/metodos-pago\/analisis-neteller\/#primaryimage","url":"https:\/\/www.esports-betting.pro\/app\/uploads\/sites\/3\/2018\/11\/Neteller-Logo.png","contentUrl":"https:\/\/www.esports-betting.pro\/app\/uploads\/sites\/3\/2018\/11\/Neteller-Logo.png"},{"@type":"BreadcrumbList","@id":"https:\/\/www.esports-betting.pro\/es\/metodos-pago\/analisis-neteller\/#breadcrumb","itemListElement":[{"@type":"ListItem","position":1,"name":"Home","item":"https:\/\/www.esports-betting.pro\/es\/"},{"@type":"ListItem","position":2,"name":"An\u00e1lisis de los m\u00e9todos de pago de las apuestas eSports","item":"https:\/\/www.esports-betting.pro\/es\/metodos-pago\/"},{"@type":"ListItem","position":3,"name":"M\u00e9todo de pago de las apuestas eSports: An\u00e1lisis de Neteller"}]},{"@type":"WebSite","@id":"https:\/\/www.esports-betting.pro\/es\/#website","url":"https:\/\/www.esports-betting.pro\/es\/","name":"Esports Betting - ES","description":"Just another Esports Betting Sites site","potentialAction":[{"@type":"SearchAction","target":{"@type":"EntryPoint","urlTemplate":"https:\/\/www.esports-betting.pro\/es\/?s={search_term_string}"},"query-input":"required name=search_term_string"}],"inLanguage":"es"}]}},"_links":{"self":[{"href":"https:\/\/www.esports-betting.pro\/es\/wp-json\/wp\/v2\/pages\/14147"}],"collection":[{"href":"https:\/\/www.esports-betting.pro\/es\/wp-json\/wp\/v2\/pages"}],"about":[{"href":"https:\/\/www.esports-betting.pro\/es\/wp-json\/wp\/v2\/types\/page"}],"author":[{"embeddable":true,"href":"https:\/\/www.esports-betting.pro\/es\/wp-json\/wp\/v2\/users\/24"}],"replies":[{"embeddable":true,"href":"https:\/\/www.esports-betting.pro\/es\/wp-json\/wp\/v2\/comments?post=14147"}],"version-history":[{"count":1,"href":"https:\/\/www.esports-betting.pro\/es\/wp-json\/wp\/v2\/pages\/14147\/revisions"}],"predecessor-version":[{"id":51590,"href":"https:\/\/www.esports-betting.pro\/es\/wp-json\/wp\/v2\/pages\/14147\/revisions\/51590"}],"up":[{"embeddable":true,"href":"https:\/\/www.esports-betting.pro\/es\/wp-json\/wp\/v2\/pages\/14103"}],"wp:attachment":[{"href":"https:\/\/www.esports-betting.pro\/es\/wp-json\/wp\/v2\/media?parent=14147"}],"curies":[{"name":"wp","href":"https:\/\/api.w.org\/{rel}","templated":true}]}}