{"id":14126,"date":"2018-11-26T11:42:06","date_gmt":"2018-11-26T15:42:06","guid":{"rendered":"https:\/\/www.esports-betting.pro\/es\/?page_id=14126"},"modified":"2018-11-26T11:42:06","modified_gmt":"2018-11-26T15:42:06","slug":"analisis-klarna","status":"publish","type":"page","link":"https:\/\/www.esports-betting.pro\/es\/metodos-pago\/analisis-klarna\/","title":{"rendered":"M\u00e9todo de pago en las apuestas eSports: An\u00e1lisis de Klarna"},"content":{"rendered":"<p style=\"text-align: justify\"><img loading=\"lazy\" decoding=\"async\" class=\"size-full wp-image-14128 alignright\" src=\"https:\/\/www.esports-betting.pro\/app\/uploads\/sites\/3\/2018\/11\/Klarna-Metodo-Pago-Logo.png\" alt=\"Klarna Metodo Pago Logo\" width=\"150\" height=\"150\" \/>El <strong><a href=\"https:\/\/www.esports-betting.pro\/es\/metodos-pago\/\">m\u00e9todo de pago<\/a><\/strong> para nuestro an\u00e1lisis del d\u00eda de hoy es Klarna. No es tan popular como Skrill o las tarjetas de cr\u00e9dito, pero Klarna todav\u00eda toma una buena parte de los pagos para las <strong><a href=\"https:\/\/www.esports-betting.pro\/es\/\">apuestas eSports<\/a><\/strong>. Es exactamente por eso que estamos orgullosos de presentar nuestro propio an\u00e1lisis de apuestas eSports con Klarna. En \u00e9l, le presentaremos un mont\u00f3n de informaci\u00f3n sobre este m\u00e9todo de pago y le daremos una lista de los corredores de apuestas en los que puede utilizarlo. As\u00ed que, sin m\u00e1s pre\u00e1mbulo, comencemos con la pregunta b\u00e1sica, \u00bfQu\u00e9 es Klarna?<\/p>\n<p style=\"text-align: justify\">Klarna es una pasarela de pago en l\u00ednea que gira en torno a transacciones directas con la base de los sistemas bancarios en l\u00ednea. Cuenta con un cifrado impecable y una seguridad sin precedentes, que son de suma importancia en el mundo actual de los sistemas bancarios en l\u00ednea. Mejor a\u00fan, su facilidad de uso tambi\u00e9n est\u00e1 en otro nivel. Con todo esto en mente, no es de extra\u00f1ar que Klarna sea uno de los m\u00e9todos de pago m\u00e1s populares en t\u00e9rminos de apuestas eSports en l\u00ednea. Las apuestas en l\u00ednea son una de las primeras que nos vienen a la mente y, considerando que somos un sitio web orientado a las apuestas en los eSports, es l\u00f3gico que investiguemos este asunto m\u00e1s a fondo. Primera pregunta, la m\u00e1s obvia, \u00bfpuede apostar en los eSports usando el sistema de pago en l\u00ednea de Klarna?<\/p>\n<h2>\u00bfPuede apostar en los eSports utilizando Klarna?<\/h2>\n<div class=\"title-line\">\n<div class=\"icon\"><\/div>\n<div class=\"fullWidth-line\"><\/div>\n<\/div>\n<p style=\"text-align: justify\">Aunque el papel principal de Klarna no est\u00e1 relacionado con las apuestas en l\u00ednea, es definitivamente uno de los m\u00e9todos de pago m\u00e1s populares para esa industria espec\u00edfica. Tanto si hablamos de deportes como de eSports, Klarna parece estar siempre entre los m\u00e9todos de pago disponibles. Como ver\u00e1 abajo, los mejores corredores de apuestas de eSports actualmente disponibles incluyen a Klarna como m\u00e9todo de pago. Dicho esto, tenga la seguridad de que su experiencia de apuestas en l\u00ednea de eSports ser\u00e1 r\u00e1pida y segura si opta por utilizar Klarna.<\/p>\n<h2>\u00bfQu\u00e9 monedas soporta Klarna?<\/h2>\n<div class=\"title-line\">\n<div class=\"icon\"><\/div>\n<div class=\"fullWidth-line\"><\/div>\n<\/div>\n<p style=\"text-align: justify\">En cuanto a las divisas, Klarna s\u00f3lo acepta transacciones realizadas en euros. Sin embargo, no tome esto como un factor limitante, ya que el EUR es una divisa internacional de gran potencia, cara a cara con el USD. Dicho esto, Klarna est\u00e1 siendo utilizado por m\u00e1s de 12 millones de personas en todo el mundo. De hecho, actualmente est\u00e1 disponible en 13 pa\u00edses de Europa con grandes posibilidades de que vivas en uno de ellos.<\/p>\n<p style=\"text-align: justify\">Aqu\u00ed est\u00e1 la lista de los pa\u00edses que aceptan Klarna como pasarela de pagos:<\/p>\n<ul>\n<li><strong><img loading=\"lazy\" decoding=\"async\" class=\"alignnone size-full wp-image-14129\" src=\"https:\/\/www.esports-betting.pro\/app\/uploads\/sites\/3\/2018\/11\/Alemania-Bandera-Icono.png\" alt=\"Alemania Bandera Icono\" width=\"20\" height=\"20\" \/>\u00a0Alemania<\/strong><\/li>\n<li><strong><img loading=\"lazy\" decoding=\"async\" class=\"alignnone size-full wp-image-14130\" src=\"https:\/\/www.esports-betting.pro\/app\/uploads\/sites\/3\/2018\/11\/Austria-Bandera-Icono.png\" alt=\"Austria Bandera Icono\" width=\"20\" height=\"20\" \/>\u00a0Austria<\/strong><\/li>\n<li><strong><img loading=\"lazy\" decoding=\"async\" class=\"alignnone size-full wp-image-14131\" src=\"https:\/\/www.esports-betting.pro\/app\/uploads\/sites\/3\/2018\/11\/B\u00e9lgica-Bandera-Icono.png\" alt=\"B\u00e9lgica Bandera Icono\" width=\"20\" height=\"20\" \/>\u00a0B\u00e9lgica<\/strong><\/li>\n<li><strong><img loading=\"lazy\" decoding=\"async\" class=\"alignnone size-full wp-image-14132\" src=\"https:\/\/www.esports-betting.pro\/app\/uploads\/sites\/3\/2018\/11\/Eslovaquia-Bandera-Icono.png\" alt=\"Eslovaquia Bandera Icono\" width=\"20\" height=\"20\" \/>\u00a0Eslovaquia<\/strong><\/li>\n<li><strong><img loading=\"lazy\" decoding=\"async\" class=\"alignnone size-full wp-image-14133\" src=\"https:\/\/www.esports-betting.pro\/app\/uploads\/sites\/3\/2018\/11\/Espa\u00f1a-Bandera-Icono.png\" alt=\"Espa\u00f1a Bandera Icono\" width=\"20\" height=\"20\" \/>\u00a0Espa\u00f1a<\/strong><\/li>\n<li><strong><img loading=\"lazy\" decoding=\"async\" class=\"alignnone size-full wp-image-14134\" src=\"https:\/\/www.esports-betting.pro\/app\/uploads\/sites\/3\/2018\/11\/Francia-Bandera-Icono.png\" alt=\"Francia Bandera Icono\" width=\"20\" height=\"20\" \/>Francia<\/strong><\/li>\n<li><strong><img loading=\"lazy\" decoding=\"async\" class=\"alignnone size-full wp-image-14135\" src=\"https:\/\/www.esports-betting.pro\/app\/uploads\/sites\/3\/2018\/11\/Hungr\u00eda-Bandera-Icono.png\" alt=\"Hungr\u00eda Bandera Icono\" width=\"20\" height=\"20\" \/>\u00a0Hungr\u00eda<\/strong><\/li>\n<li><strong><img loading=\"lazy\" decoding=\"async\" class=\"alignnone size-full wp-image-14136\" src=\"https:\/\/www.esports-betting.pro\/app\/uploads\/sites\/3\/2018\/11\/Italia-Bandera-Icono.png\" alt=\"Italia Bandera Icono\" width=\"20\" height=\"20\" \/>\u00a0Italia<\/strong><\/li>\n<li><strong><img loading=\"lazy\" decoding=\"async\" class=\"alignnone size-full wp-image-14137\" src=\"https:\/\/www.esports-betting.pro\/app\/uploads\/sites\/3\/2018\/11\/Paises-Bajos-Bandera-Icono.png\" alt=\"Paises Bajos Bandera Icono\" width=\"20\" height=\"20\" \/>\u00a0Pa\u00edses Bajos<\/strong><\/li>\n<li><strong><img loading=\"lazy\" decoding=\"async\" class=\"alignnone size-full wp-image-14138\" src=\"https:\/\/www.esports-betting.pro\/app\/uploads\/sites\/3\/2018\/11\/Polonia-Bandera-Icono.png\" alt=\"Polonia Bandera Icono\" width=\"20\" height=\"20\" \/>\u00a0Polonia<\/strong><\/li>\n<li><strong><img loading=\"lazy\" decoding=\"async\" class=\"alignnone size-full wp-image-14139\" src=\"https:\/\/www.esports-betting.pro\/app\/uploads\/sites\/3\/2018\/11\/Reino-Unido-Bandera-Icono.png\" alt=\"Reino Unido Bandera Icono\" width=\"20\" height=\"20\" \/>\u00a0Reino Unido<\/strong><\/li>\n<li><strong><img loading=\"lazy\" decoding=\"async\" class=\"alignnone size-full wp-image-14140\" src=\"https:\/\/www.esports-betting.pro\/app\/uploads\/sites\/3\/2018\/11\/Rep\u00fablica-Checa-Bandera-Icono.png\" alt=\"Rep\u00fablica Checa Bandera Icono\" width=\"20\" height=\"20\" \/>\u00a0Rep\u00fablica Checa<\/strong><\/li>\n<li><strong><img loading=\"lazy\" decoding=\"async\" class=\"alignnone size-full wp-image-14141\" src=\"https:\/\/www.esports-betting.pro\/app\/uploads\/sites\/3\/2018\/11\/Suiza-Bandera-Icono.png\" alt=\"Suiza Bandera Icono\" width=\"20\" height=\"20\" \/>\u00a0Suiza<\/strong><\/li>\n<\/ul>\n<p style=\"text-align: justify\">Si usted se encuentra en uno de estos 13 pa\u00edses y le gustar\u00eda utilizar Klarna para las apuestas en l\u00ednea de eSports, aqu\u00ed hay m\u00e1s informaci\u00f3n que puede ser de su inter\u00e9s: En 2014 Sofort fue adquirida por Klarna y se estableci\u00f3 el Klarna Group. El nombre &#8220;Sofort \u00dcberweisung&#8221; cambi\u00f3 a &#8220;Sofort&#8221; con traducciones locales para cada pa\u00eds respectivamente (por ejemplo, &#8220;Payez ici&#8221; en Franc\u00e9s). As\u00ed que no hay necesidad de preocuparse o sorprenderse despu\u00e9s de ver que el nombre de Sofort\/Klarna puede variar dependiendo del pa\u00eds en el que se encuentre, as\u00ed que no se preocupe, \u00a1no est\u00e1 en la p\u00e1gina equivocada!<\/p>\n<h2>Los corredores de apuestas m\u00e1s populares que aceptan pagos de Klarna<\/h2>\n<div class=\"title-line\">\n<div class=\"icon\"><\/div>\n<div class=\"fullWidth-line\"><\/div>\n<\/div>\n<p style=\"text-align: justify\">Lo creas o no, hay numerosos sitios web de apuestas eSports que ofrecen Klarna como uno de sus m\u00e9todos de pago. Sin embargo, no es de extra\u00f1ar, especialmente despu\u00e9s de que descubrimos que es aceptado en 13 pa\u00edses europeos (y ese n\u00famero est\u00e1 en constante aumento) con m\u00e1s de 12 millones de clientes satisfechos en este momento.<\/p>\n<p style=\"text-align: justify\">Sin embargo, si usted est\u00e1 buscando s\u00f3lo la cr\u00e8me de la cr\u00e8me de los corredores de apuestas de esports, entonces aqu\u00ed le diremos cu\u00e1les son los 3 corredores de apuestas de eSports que hemos etiquetado como los m\u00e1s populares. Las tarifas m\u00e1s bajas, las cuotas m\u00e1s altas de apuestas y la interfaz del sitio web limpia, algo que como usuarios agradecemos totalmente:<\/p>\n<h2>An\u00e1lisis de apuestas eSports con Klarna | \u00bfEs rentable?<\/h2>\n<div class=\"title-line\">\n<div class=\"icon\"><\/div>\n<div class=\"fullWidth-line\"><\/div>\n<\/div>\n<p style=\"text-align: justify\">En primer lugar, dejemos a un lado las comisiones de Klarna, ya que var\u00edan dependiendo del sitio de apuestas.<\/p>\n<p style=\"text-align: justify\">En segundo lugar, otra gran cosa acerca de Klarna es el hecho de que l\u00edmites de dep\u00f3sito bastante altas. Este n\u00famero var\u00eda de un corredor de apuestas a otro (aunque no tanto), pero generalmente es bastante alto. Pong\u00e1moslo en perspectiva, la cantidad m\u00e1xima de dep\u00f3sito a trav\u00e9s de Paysafecard es de aproximadamente 250 \u20ac, mientras que la mayor\u00eda de los corredores de apuestas limitan a Klarna con 5.000 \u20ac, lo que es, huelga decir, una diferencia masiva. Especialmente para apostadores experimentados de eSports que no temen asumir mayores riesgos para obtener mayores beneficios.<\/p>\n<h2>\u00bfC\u00f3mo crear una cuenta en Klarna?<\/h2>\n<div class=\"title-line\">\n<div class=\"icon\"><\/div>\n<div class=\"fullWidth-line\"><\/div>\n<\/div>\n<p style=\"text-align: justify\">Ahora hablemos de c\u00f3mo crear tu propia cuenta de Klarna. Si est\u00e1 interesado en las apuestas eSports con Klarna y se encuentra en uno de los 13 pa\u00edses mencionados anteriormente, no deber\u00eda tener ning\u00fan problema para crear su cuenta. El proceso es algo as\u00ed:<\/p>\n<ol>\n<li style=\"text-align: justify\">Aseg\u00farese de tener credenciales de banca por Internet en un banco que acepte pagos de Klarna.<\/li>\n<li style=\"text-align: justify\">Reg\u00edstrese o inicie sesi\u00f3n en el corredor de apuestas eSports de su elecci\u00f3n, vaya a la secci\u00f3n de dep\u00f3sito y seleccione Klarna.<\/li>\n<li style=\"text-align: justify\">Introduzca la cantidad de dinero que desee y los datos de su cuenta bancaria.<\/li>\n<li style=\"text-align: justify\">\u00a1Termine el proceso de verificaci\u00f3n y disfrute de su apuesta!<\/li>\n<\/ol>\n<h2>\u00bfSe puede utilizar Klarna tanto para depositar como para retirar fondos?<\/h2>\n<div class=\"title-line\">\n<div class=\"icon\"><\/div>\n<div class=\"fullWidth-line\"><\/div>\n<\/div>\n<p style=\"text-align: justify\">En el momento de redactar nuestro an\u00e1lisis de apuestas eSports con Klarna, no hemos podido encontrar ning\u00fan corredor de apuestas de eSports que ofrezca retiros a la cuenta de Klarna. Por el lado positivo, todos los corredores de apuestas m\u00e1s importantes incluyen a Klarna en su l\u00ednea de dep\u00f3sitos, lo que significa que no tendr\u00e1 que limitar su b\u00fasqueda a un pu\u00f1ado de opciones.<\/p>\n","protected":false},"excerpt":{"rendered":"<p>El m\u00e9todo de pago para nuestro an\u00e1lisis del d\u00eda de hoy es Klarna. No es tan popular como Skrill o las tarjetas de cr\u00e9dito, pero Klarna todav\u00eda toma una buena parte de los pagos para las apuestas eSports. Es exactamente por eso que estamos orgullosos de presentar nuestro propio an\u00e1lisis de apuestas eSports con Klarna. &hellip; <a href=\"https:\/\/www.esports-betting.pro\/es\/metodos-pago\/analisis-klarna\/\">Continued<\/a><\/p>\n","protected":false},"author":24,"featured_media":0,"parent":14103,"menu_order":0,"comment_status":"closed","ping_status":"closed","template":"","meta":{"_acf_changed":false,"footnotes":""},"acf":[],"yoast_head":"<!-- This site is optimized with the Yoast SEO plugin v22.6 - https:\/\/yoast.com\/wordpress\/plugins\/seo\/ -->\n<title>An\u00e1lisis de apuestas eSports con Klarna| Gu\u00eda de m\u00e9todo de pagos<\/title>\n<meta name=\"description\" content=\"Aqu\u00ed tenemos otra de nuestras gu\u00edas de m\u00e9todos de pago. En nuestro an\u00e1lisis de apuestas eSports de Klarna encontrar\u00e1s mucha informaci\u00f3n al respecto.\" \/>\n<meta name=\"robots\" content=\"index, follow, max-snippet:-1, max-image-preview:large, max-video-preview:-1\" \/>\n<link rel=\"canonical\" href=\"https:\/\/www.esports-betting.pro\/es\/metodos-pago\/analisis-klarna\/\" \/>\n<meta property=\"og:locale\" content=\"es_ES\" \/>\n<meta property=\"og:type\" content=\"article\" \/>\n<meta property=\"og:title\" content=\"An\u00e1lisis de apuestas eSports con Klarna| Gu\u00eda de m\u00e9todo de pagos\" \/>\n<meta property=\"og:description\" content=\"Aqu\u00ed tenemos otra de nuestras gu\u00edas de m\u00e9todos de pago. En nuestro an\u00e1lisis de apuestas eSports de Klarna encontrar\u00e1s mucha informaci\u00f3n al respecto.\" \/>\n<meta property=\"og:url\" content=\"https:\/\/www.esports-betting.pro\/es\/metodos-pago\/analisis-klarna\/\" \/>\n<meta property=\"og:site_name\" content=\"Esports Betting - ES\" \/>\n<meta property=\"og:image\" content=\"https:\/\/www.esports-betting.pro\/app\/uploads\/sites\/3\/2018\/11\/Klarna-Metodo-Pago-Logo.png\" \/>\n<meta name=\"twitter:card\" content=\"summary_large_image\" \/>\n<meta name=\"twitter:label1\" content=\"Est. reading time\" \/>\n\t<meta name=\"twitter:data1\" content=\"5 minutos\" \/>\n<script type=\"application\/ld+json\" class=\"yoast-schema-graph\">{\"@context\":\"https:\/\/schema.org\",\"@graph\":[{\"@type\":\"WebPage\",\"@id\":\"https:\/\/www.esports-betting.pro\/es\/metodos-pago\/analisis-klarna\/\",\"url\":\"https:\/\/www.esports-betting.pro\/es\/metodos-pago\/analisis-klarna\/\",\"name\":\"An\u00e1lisis de apuestas eSports con Klarna| Gu\u00eda de m\u00e9todo de pagos\",\"isPartOf\":{\"@id\":\"https:\/\/www.esports-betting.pro\/es\/#website\"},\"primaryImageOfPage\":{\"@id\":\"https:\/\/www.esports-betting.pro\/es\/metodos-pago\/analisis-klarna\/#primaryimage\"},\"image\":{\"@id\":\"https:\/\/www.esports-betting.pro\/es\/metodos-pago\/analisis-klarna\/#primaryimage\"},\"thumbnailUrl\":\"https:\/\/www.esports-betting.pro\/app\/uploads\/sites\/3\/2018\/11\/Klarna-Metodo-Pago-Logo.png\",\"datePublished\":\"2018-11-26T15:42:06+00:00\",\"dateModified\":\"2018-11-26T15:42:06+00:00\",\"description\":\"Aqu\u00ed tenemos otra de nuestras gu\u00edas de m\u00e9todos de pago. En nuestro an\u00e1lisis de apuestas eSports de Klarna encontrar\u00e1s mucha informaci\u00f3n al respecto.\",\"breadcrumb\":{\"@id\":\"https:\/\/www.esports-betting.pro\/es\/metodos-pago\/analisis-klarna\/#breadcrumb\"},\"inLanguage\":\"es\",\"potentialAction\":[{\"@type\":\"ReadAction\",\"target\":[\"https:\/\/www.esports-betting.pro\/es\/metodos-pago\/analisis-klarna\/\"]}]},{\"@type\":\"ImageObject\",\"inLanguage\":\"es\",\"@id\":\"https:\/\/www.esports-betting.pro\/es\/metodos-pago\/analisis-klarna\/#primaryimage\",\"url\":\"https:\/\/www.esports-betting.pro\/app\/uploads\/sites\/3\/2018\/11\/Klarna-Metodo-Pago-Logo.png\",\"contentUrl\":\"https:\/\/www.esports-betting.pro\/app\/uploads\/sites\/3\/2018\/11\/Klarna-Metodo-Pago-Logo.png\"},{\"@type\":\"BreadcrumbList\",\"@id\":\"https:\/\/www.esports-betting.pro\/es\/metodos-pago\/analisis-klarna\/#breadcrumb\",\"itemListElement\":[{\"@type\":\"ListItem\",\"position\":1,\"name\":\"Home\",\"item\":\"https:\/\/www.esports-betting.pro\/es\/\"},{\"@type\":\"ListItem\",\"position\":2,\"name\":\"An\u00e1lisis de los m\u00e9todos de pago de las apuestas eSports\",\"item\":\"https:\/\/www.esports-betting.pro\/es\/metodos-pago\/\"},{\"@type\":\"ListItem\",\"position\":3,\"name\":\"M\u00e9todo de pago en las apuestas eSports: An\u00e1lisis de Klarna\"}]},{\"@type\":\"WebSite\",\"@id\":\"https:\/\/www.esports-betting.pro\/es\/#website\",\"url\":\"https:\/\/www.esports-betting.pro\/es\/\",\"name\":\"Esports Betting - ES\",\"description\":\"Just another Esports Betting Sites site\",\"potentialAction\":[{\"@type\":\"SearchAction\",\"target\":{\"@type\":\"EntryPoint\",\"urlTemplate\":\"https:\/\/www.esports-betting.pro\/es\/?s={search_term_string}\"},\"query-input\":\"required name=search_term_string\"}],\"inLanguage\":\"es\"}]}<\/script>\n<!-- \/ Yoast SEO plugin. -->","yoast_head_json":{"title":"An\u00e1lisis de apuestas eSports con Klarna| Gu\u00eda de m\u00e9todo de pagos","description":"Aqu\u00ed tenemos otra de nuestras gu\u00edas de m\u00e9todos de pago. En nuestro an\u00e1lisis de apuestas eSports de Klarna encontrar\u00e1s mucha informaci\u00f3n al respecto.","robots":{"index":"index","follow":"follow","max-snippet":"max-snippet:-1","max-image-preview":"max-image-preview:large","max-video-preview":"max-video-preview:-1"},"canonical":"https:\/\/www.esports-betting.pro\/es\/metodos-pago\/analisis-klarna\/","og_locale":"es_ES","og_type":"article","og_title":"An\u00e1lisis de apuestas eSports con Klarna| Gu\u00eda de m\u00e9todo de pagos","og_description":"Aqu\u00ed tenemos otra de nuestras gu\u00edas de m\u00e9todos de pago. En nuestro an\u00e1lisis de apuestas eSports de Klarna encontrar\u00e1s mucha informaci\u00f3n al respecto.","og_url":"https:\/\/www.esports-betting.pro\/es\/metodos-pago\/analisis-klarna\/","og_site_name":"Esports Betting - ES","og_image":[{"url":"https:\/\/www.esports-betting.pro\/app\/uploads\/sites\/3\/2018\/11\/Klarna-Metodo-Pago-Logo.png"}],"twitter_card":"summary_large_image","twitter_misc":{"Est. reading time":"5 minutos"},"schema":{"@context":"https:\/\/schema.org","@graph":[{"@type":"WebPage","@id":"https:\/\/www.esports-betting.pro\/es\/metodos-pago\/analisis-klarna\/","url":"https:\/\/www.esports-betting.pro\/es\/metodos-pago\/analisis-klarna\/","name":"An\u00e1lisis de apuestas eSports con Klarna| Gu\u00eda de m\u00e9todo de pagos","isPartOf":{"@id":"https:\/\/www.esports-betting.pro\/es\/#website"},"primaryImageOfPage":{"@id":"https:\/\/www.esports-betting.pro\/es\/metodos-pago\/analisis-klarna\/#primaryimage"},"image":{"@id":"https:\/\/www.esports-betting.pro\/es\/metodos-pago\/analisis-klarna\/#primaryimage"},"thumbnailUrl":"https:\/\/www.esports-betting.pro\/app\/uploads\/sites\/3\/2018\/11\/Klarna-Metodo-Pago-Logo.png","datePublished":"2018-11-26T15:42:06+00:00","dateModified":"2018-11-26T15:42:06+00:00","description":"Aqu\u00ed tenemos otra de nuestras gu\u00edas de m\u00e9todos de pago. En nuestro an\u00e1lisis de apuestas eSports de Klarna encontrar\u00e1s mucha informaci\u00f3n al respecto.","breadcrumb":{"@id":"https:\/\/www.esports-betting.pro\/es\/metodos-pago\/analisis-klarna\/#breadcrumb"},"inLanguage":"es","potentialAction":[{"@type":"ReadAction","target":["https:\/\/www.esports-betting.pro\/es\/metodos-pago\/analisis-klarna\/"]}]},{"@type":"ImageObject","inLanguage":"es","@id":"https:\/\/www.esports-betting.pro\/es\/metodos-pago\/analisis-klarna\/#primaryimage","url":"https:\/\/www.esports-betting.pro\/app\/uploads\/sites\/3\/2018\/11\/Klarna-Metodo-Pago-Logo.png","contentUrl":"https:\/\/www.esports-betting.pro\/app\/uploads\/sites\/3\/2018\/11\/Klarna-Metodo-Pago-Logo.png"},{"@type":"BreadcrumbList","@id":"https:\/\/www.esports-betting.pro\/es\/metodos-pago\/analisis-klarna\/#breadcrumb","itemListElement":[{"@type":"ListItem","position":1,"name":"Home","item":"https:\/\/www.esports-betting.pro\/es\/"},{"@type":"ListItem","position":2,"name":"An\u00e1lisis de los m\u00e9todos de pago de las apuestas eSports","item":"https:\/\/www.esports-betting.pro\/es\/metodos-pago\/"},{"@type":"ListItem","position":3,"name":"M\u00e9todo de pago en las apuestas eSports: An\u00e1lisis de Klarna"}]},{"@type":"WebSite","@id":"https:\/\/www.esports-betting.pro\/es\/#website","url":"https:\/\/www.esports-betting.pro\/es\/","name":"Esports Betting - ES","description":"Just another Esports Betting Sites site","potentialAction":[{"@type":"SearchAction","target":{"@type":"EntryPoint","urlTemplate":"https:\/\/www.esports-betting.pro\/es\/?s={search_term_string}"},"query-input":"required name=search_term_string"}],"inLanguage":"es"}]}},"_links":{"self":[{"href":"https:\/\/www.esports-betting.pro\/es\/wp-json\/wp\/v2\/pages\/14126"}],"collection":[{"href":"https:\/\/www.esports-betting.pro\/es\/wp-json\/wp\/v2\/pages"}],"about":[{"href":"https:\/\/www.esports-betting.pro\/es\/wp-json\/wp\/v2\/types\/page"}],"author":[{"embeddable":true,"href":"https:\/\/www.esports-betting.pro\/es\/wp-json\/wp\/v2\/users\/24"}],"replies":[{"embeddable":true,"href":"https:\/\/www.esports-betting.pro\/es\/wp-json\/wp\/v2\/comments?post=14126"}],"version-history":[{"count":0,"href":"https:\/\/www.esports-betting.pro\/es\/wp-json\/wp\/v2\/pages\/14126\/revisions"}],"up":[{"embeddable":true,"href":"https:\/\/www.esports-betting.pro\/es\/wp-json\/wp\/v2\/pages\/14103"}],"wp:attachment":[{"href":"https:\/\/www.esports-betting.pro\/es\/wp-json\/wp\/v2\/media?parent=14126"}],"curies":[{"name":"wp","href":"https:\/\/api.w.org\/{rel}","templated":true}]}}