{"id":14121,"date":"2018-11-26T10:45:57","date_gmt":"2018-11-26T14:45:57","guid":{"rendered":"https:\/\/www.esports-betting.pro\/es\/?page_id=14121"},"modified":"2022-09-02T13:12:09","modified_gmt":"2022-09-02T13:12:09","slug":"analisis-entropay","status":"publish","type":"page","link":"https:\/\/www.esports-betting.pro\/es\/metodos-pago\/analisis-entropay\/","title":{"rendered":"M\u00e9todo de pago en las apuestas eSports: An\u00e1lisis de Entropay"},"content":{"rendered":"<p style=\"text-align: justify\"><img loading=\"lazy\" decoding=\"async\" class=\"size-full wp-image-14122 alignright\" src=\"https:\/\/www.esports-betting.pro\/app\/uploads\/sites\/3\/2018\/11\/Entropay-Metodo-Pago-Logo.png\" alt=\"Entropay Metodo de Pago Logo\" width=\"150\" height=\"150\" \/>Las apuestas en los eSports son un aspecto crucial de la industria actual de los videojuegos. Los <strong><a href=\"https:\/\/www.esports-betting.pro\/es\/metodos-pago\/\">m\u00e9todos de pago<\/a><\/strong>, por otro lado, son el factor clave que hace que todo esto suceda. Todos sabemos que los pagos en l\u00ednea han avanzado mucho en el transcurso de la \u00faltima d\u00e9cada. Dicho esto, si usted est\u00e1 listo para llevar sus h\u00e1bitos de apuestas al mundo en l\u00ednea, las <strong><a href=\"https:\/\/www.esports-betting.pro\/es\/\">apuestas eSports<\/a><\/strong> son la mejor manera de hacerlo. No s\u00f3lo disfrutar\u00e1 de las plataformas de apuestas en l\u00ednea m\u00e1s seguras, sino que tambi\u00e9n obtendr\u00e1 lo mejor en t\u00e9rminos de cuotas y opciones de apuestas.<\/p>\n<p style=\"text-align: justify\">Hoy, vamos a echar un vistazo m\u00e1s de cerca a uno de estos m\u00e9todos de pago que se utiliza con frecuencia para los <strong><a href=\"https:\/\/www.esports-betting.pro\/es\/sitios-apuestas-esports\/\">sitios de apuestas eSports<\/a><\/strong>. Como el t\u00edtulo implica, estoy hablando de Entropay. Puede que ya lo haya visto en alguna parte. Es un m\u00e9todo de pago relativamente popular que ha consolidado su lugar en las apuestas eSports. \u00a1Es por eso que estamos presentando este an\u00e1lisis de Entropay para las apuestas eSports! As\u00ed que, \u00bfpor qu\u00e9 no empezamos y comprobamos lo que Entropay tiene para ofrecer a los apostadores de eSports de todo el mundo?<\/p>\n<p style=\"text-align: justify\">En primer lugar, vale la pena decir que Entropay es una plataforma en l\u00ednea que le da acceso directo a una tarjeta Entropay Visa virtual. El concepto detr\u00e1s de Entropay es bastante simple en realidad, usted deposita fondos en su tarjeta virtual Entropay Visa directamente desde su tarjeta de cr\u00e9dito o d\u00e9bito. Diablos, incluso puedes usar dep\u00f3sitos bancarios directos. El truco es, Entropay mantiene la informaci\u00f3n de su cuenta bancaria\/tarjeta a salvo y segura, por lo que es b\u00e1sicamente la mejor soluci\u00f3n para las personas preocupadas por la seguridad.<\/p>\n<h2>\u00bfPuedo apostar en los eSports utilizando Entropay?<\/h2>\n<div class=\"title-line\">\n<div class=\"icon\"><\/div>\n<div class=\"fullWidth-line\"><\/div>\n<\/div>\n<p style=\"text-align: justify\">Si a\u00fan no se ha dado cuenta de esto, la respuesta es s\u00ed. Puede apostar en los eSports usando Entropay. De hecho, Entropay se est\u00e1 convirtiendo en uno de los m\u00e9todos de pago m\u00e1s populares que aparecen en varios sitios web de apuestas de eSports. \u00a1Eso es porque permite dep\u00f3sitos simples, r\u00e1pidos y sin preocupaciones, y todos sabemos que eso es lo que son los apostadores de los eSports!<\/p>\n<h2>Las casas de apuestas m\u00e1s populares que utilizan Entropay<\/h2>\n<div class=\"title-line\">\n<div class=\"icon\"><\/div>\n<div class=\"fullWidth-line\"><\/div>\n<\/div>\n<p style=\"text-align: justify\">Ahora echemos un vistazo m\u00e1s de cerca a los corredores de apuestas m\u00e1s populares que ofrecen pagos con Entropay. Hay un mont\u00f3n de ellos, as\u00ed que s\u00f3lo listaremos los principales que deber\u00edas revisar:<\/p>\n<p style=\"text-align: justify\">Adem\u00e1s de las casas de apuestas que se muestran arriba, tambi\u00e9n nos gustar\u00eda mencionar que Pinnacle y Betstars trabajan con y utilizan la plataforma de billetera electr\u00f3nica de Entropay.<\/p>\n<ul>\n<li><a href=\"https:\/\/www.esports-betting.pro\/es\/sitios-apuestas-esports\/pinnacle-esports\/\"><strong>Pinnacle<\/strong><\/a><\/li>\n<li><strong>Betstars<\/strong><\/li>\n<\/ul>\n<h2>An\u00e1lisis de las apuestas eSports con Entropay | \u00bfEs rentable?<\/h2>\n<div class=\"title-line\">\n<div class=\"icon\"><\/div>\n<div class=\"fullWidth-line\"><\/div>\n<\/div>\n<p style=\"text-align: justify\">En lo que respecta a la rentabilidad, le agradar\u00e1 saber que los corredores de apuestas de eSports normalmente no tienen tarifas establecidas para los dep\u00f3sitos o retiros que se realizan a trav\u00e9s de Entropay. Pero no se haga ilusiones demasiado pronto, ya que eso no significa que no haya tarifas asociadas a Entropay en absoluto. Ver\u00e1s, hay peque\u00f1os cargos que tendr\u00e1s que pagar cuando transfieras los fondos a tu cuenta de Entropay y luego a la cuenta o tarjeta de cr\u00e9dito que desees.<\/p>\n<p style=\"text-align: justify\">Agregue a eso un peque\u00f1o cargo por conversi\u00f3n tambi\u00e9n y definitivamente ver\u00e1 una diferencia s\u00f3lida entre el dinero que ten\u00eda en su cuenta y el dinero que obtendr\u00e1 en su tarjeta de cr\u00e9dito o cuenta bancaria. Aunque este no es un gran problema para las transacciones \u00fanicas, si est\u00e1 planeando utilizar Entropay como su m\u00e9todo de pago para las apuestas de eSports, esas tarifas pueden irse r\u00e1pidamente de la mano. Por eso, si est\u00e1 preocupado por cada centavo, tal vez ser\u00eda una buena idea buscar un m\u00e9todo de pago alternativo.<\/p>\n<h2>\u00bfC\u00f3mo utilizar Entropay para las apuestas eSports?<\/h2>\n<div class=\"title-line\">\n<div class=\"icon\"><\/div>\n<div class=\"fullWidth-line\"><\/div>\n<\/div>\n<ol>\n<li style=\"text-align: justify\">Para utilizar Entropay para depositar dinero para las apuestas eSports, primero deber\u00e1 crear una cuenta en su <a href=\"https:\/\/entropay.com\/\" target=\"_blank\" rel=\"noopener\"><strong>sitio web oficial<\/strong><\/a>.<\/li>\n<li style=\"text-align: justify\">Una vez que hayas terminado con eso, el siguiente paso es iniciar sesi\u00f3n en tu cuenta donde te estar\u00e1 esperando tu propia Visa virtual Entropay.<\/li>\n<li style=\"text-align: justify\">Ahora para la parte divertida, recargando su Visa virtual y entrar en el mundo de las apuestas con Entropay.<\/li>\n<li style=\"text-align: justify\">Una vez que haya iniciado sesi\u00f3n, haga clic en el icono <strong>Mi cuenta<\/strong>. Se encuentra en la esquina superior derecha del sitio web.<\/li>\n<li style=\"text-align: justify\">Haga clic en el bot\u00f3n <strong>A\u00f1adir dinero<\/strong> y rellene la informaci\u00f3n necesaria. Necesitar\u00e1 una tarjeta de cr\u00e9dito\/d\u00e9bito o la informaci\u00f3n de su cuenta bancaria.<\/li>\n<li style=\"text-align: justify\">Una vez que haya terminado con esto, simplemente ingrese la cantidad deseada con la que desea cargar su tarjeta Entropay.<\/li>\n<li style=\"text-align: justify\">Ahora, el paso final: depositar el dinero que tiene en su tarjeta Entropay Visa en el corredor de apuestas eSports de su elecci\u00f3n. Este proceso variar\u00e1 ligeramente dependiendo del corredor de apuestas que escoja&#8230; pero la gu\u00eda general debe ser m\u00e1s o menos la misma. Todo lo que tienes que hacer es hacer clic en depositar, introducir los datos de tu tarjeta Entropay e introducir la cantidad de dinero que te gustar\u00eda depositar. La transacci\u00f3n debe hacerse instant\u00e1neamente (en la mayor\u00eda de los casos) y usted debe ver el dinero aparecer en la billetera en l\u00ednea de su corredor de apuestas. Y eso es b\u00e1sicamente todo lo que concierne a nuestro an\u00e1lisis de Entropay.<\/li>\n<\/ol>\n<h2>\u00bfSe puede utilizar Entropay tanto para depositar como para retirar fondos?<\/h2>\n<div class=\"title-line\">\n<div class=\"icon\"><\/div>\n<div class=\"fullWidth-line\"><\/div>\n<\/div>\n<p style=\"text-align: justify\">Ahora estamos llegando a la mayor ventaja de Entropay en contraste con un par de otros m\u00e9todos de pago populares que se utilizan con frecuencia para las apuestas de eSports. Ver\u00e1, Entropay no s\u00f3lo es una gran opci\u00f3n para depositar, sino que tambi\u00e9n es una opci\u00f3n s\u00f3lida para retirar dinero. S\u00ed, hay algunas tarifas de las que hablamos antes, pero aun as\u00ed se considera una opci\u00f3n r\u00e1pida y f\u00e1cil. Por lo tanto, si est\u00e1 buscando un m\u00e9todo de pago \u00fanico todo en uno, no hay necesidad de mirar m\u00e1s all\u00e1 de este&#8230; Y esperamos sinceramente que nuestro an\u00e1lisis sobre Entropay arroje algo de luz sobre el tema.<\/p>\n","protected":false},"excerpt":{"rendered":"<p>Las apuestas en los eSports son un aspecto crucial de la industria actual de los videojuegos. Los m\u00e9todos de pago, por otro lado, son el factor clave que hace que todo esto suceda. Todos sabemos que los pagos en l\u00ednea han avanzado mucho en el transcurso de la \u00faltima d\u00e9cada. Dicho esto, si usted est\u00e1 &hellip; <a href=\"https:\/\/www.esports-betting.pro\/es\/metodos-pago\/analisis-entropay\/\">Continued<\/a><\/p>\n","protected":false},"author":24,"featured_media":0,"parent":14103,"menu_order":0,"comment_status":"closed","ping_status":"closed","template":"","meta":{"_acf_changed":false,"footnotes":""},"acf":[],"yoast_head":"<!-- This site is optimized with the Yoast SEO plugin v22.6 - https:\/\/yoast.com\/wordpress\/plugins\/seo\/ -->\n<title>An\u00e1lisis de apuestas eSports con Entropay | Gu\u00eda de m\u00e9todo de pagos<\/title>\n<meta name=\"robots\" content=\"index, follow, max-snippet:-1, max-image-preview:large, max-video-preview:-1\" \/>\n<link rel=\"canonical\" href=\"https:\/\/www.esports-betting.pro\/es\/metodos-pago\/analisis-entropay\/\" \/>\n<meta property=\"og:locale\" content=\"es_ES\" \/>\n<meta property=\"og:type\" content=\"article\" \/>\n<meta property=\"og:title\" content=\"An\u00e1lisis de apuestas eSports con Entropay | Gu\u00eda de m\u00e9todo de pagos\" \/>\n<meta property=\"og:description\" content=\"Las apuestas en los eSports son un aspecto crucial de la industria actual de los videojuegos. Los m\u00e9todos de pago, por otro lado, son el factor clave que hace que todo esto suceda. Todos sabemos que los pagos en l\u00ednea han avanzado mucho en el transcurso de la \u00faltima d\u00e9cada. Dicho esto, si usted est\u00e1 &hellip; Continued\" \/>\n<meta property=\"og:url\" content=\"https:\/\/www.esports-betting.pro\/es\/metodos-pago\/analisis-entropay\/\" \/>\n<meta property=\"og:site_name\" content=\"Esports Betting - ES\" \/>\n<meta property=\"article:modified_time\" content=\"2022-09-02T13:12:09+00:00\" \/>\n<meta property=\"og:image\" content=\"https:\/\/www.esports-betting.pro\/app\/uploads\/sites\/3\/2018\/11\/Entropay-Metodo-Pago-Logo.png\" \/>\n<meta name=\"twitter:card\" content=\"summary_large_image\" \/>\n<meta name=\"twitter:label1\" content=\"Est. reading time\" \/>\n\t<meta name=\"twitter:data1\" content=\"5 minutos\" \/>\n<script type=\"application\/ld+json\" class=\"yoast-schema-graph\">{\"@context\":\"https:\/\/schema.org\",\"@graph\":[{\"@type\":\"WebPage\",\"@id\":\"https:\/\/www.esports-betting.pro\/es\/metodos-pago\/analisis-entropay\/\",\"url\":\"https:\/\/www.esports-betting.pro\/es\/metodos-pago\/analisis-entropay\/\",\"name\":\"An\u00e1lisis de apuestas eSports con Entropay | Gu\u00eda de m\u00e9todo de pagos\",\"isPartOf\":{\"@id\":\"https:\/\/www.esports-betting.pro\/es\/#website\"},\"primaryImageOfPage\":{\"@id\":\"https:\/\/www.esports-betting.pro\/es\/metodos-pago\/analisis-entropay\/#primaryimage\"},\"image\":{\"@id\":\"https:\/\/www.esports-betting.pro\/es\/metodos-pago\/analisis-entropay\/#primaryimage\"},\"thumbnailUrl\":\"https:\/\/www.esports-betting.pro\/app\/uploads\/sites\/3\/2018\/11\/Entropay-Metodo-Pago-Logo.png\",\"datePublished\":\"2018-11-26T14:45:57+00:00\",\"dateModified\":\"2022-09-02T13:12:09+00:00\",\"breadcrumb\":{\"@id\":\"https:\/\/www.esports-betting.pro\/es\/metodos-pago\/analisis-entropay\/#breadcrumb\"},\"inLanguage\":\"es\",\"potentialAction\":[{\"@type\":\"ReadAction\",\"target\":[\"https:\/\/www.esports-betting.pro\/es\/metodos-pago\/analisis-entropay\/\"]}]},{\"@type\":\"ImageObject\",\"inLanguage\":\"es\",\"@id\":\"https:\/\/www.esports-betting.pro\/es\/metodos-pago\/analisis-entropay\/#primaryimage\",\"url\":\"https:\/\/www.esports-betting.pro\/app\/uploads\/sites\/3\/2018\/11\/Entropay-Metodo-Pago-Logo.png\",\"contentUrl\":\"https:\/\/www.esports-betting.pro\/app\/uploads\/sites\/3\/2018\/11\/Entropay-Metodo-Pago-Logo.png\"},{\"@type\":\"BreadcrumbList\",\"@id\":\"https:\/\/www.esports-betting.pro\/es\/metodos-pago\/analisis-entropay\/#breadcrumb\",\"itemListElement\":[{\"@type\":\"ListItem\",\"position\":1,\"name\":\"Home\",\"item\":\"https:\/\/www.esports-betting.pro\/es\/\"},{\"@type\":\"ListItem\",\"position\":2,\"name\":\"An\u00e1lisis de los m\u00e9todos de pago de las apuestas eSports\",\"item\":\"https:\/\/www.esports-betting.pro\/es\/metodos-pago\/\"},{\"@type\":\"ListItem\",\"position\":3,\"name\":\"M\u00e9todo de pago en las apuestas eSports: An\u00e1lisis de Entropay\"}]},{\"@type\":\"WebSite\",\"@id\":\"https:\/\/www.esports-betting.pro\/es\/#website\",\"url\":\"https:\/\/www.esports-betting.pro\/es\/\",\"name\":\"Esports Betting - ES\",\"description\":\"Just another Esports Betting Sites site\",\"potentialAction\":[{\"@type\":\"SearchAction\",\"target\":{\"@type\":\"EntryPoint\",\"urlTemplate\":\"https:\/\/www.esports-betting.pro\/es\/?s={search_term_string}\"},\"query-input\":\"required name=search_term_string\"}],\"inLanguage\":\"es\"}]}<\/script>\n<!-- \/ Yoast SEO plugin. -->","yoast_head_json":{"title":"An\u00e1lisis de apuestas eSports con Entropay | Gu\u00eda de m\u00e9todo de pagos","robots":{"index":"index","follow":"follow","max-snippet":"max-snippet:-1","max-image-preview":"max-image-preview:large","max-video-preview":"max-video-preview:-1"},"canonical":"https:\/\/www.esports-betting.pro\/es\/metodos-pago\/analisis-entropay\/","og_locale":"es_ES","og_type":"article","og_title":"An\u00e1lisis de apuestas eSports con Entropay | Gu\u00eda de m\u00e9todo de pagos","og_description":"Las apuestas en los eSports son un aspecto crucial de la industria actual de los videojuegos. Los m\u00e9todos de pago, por otro lado, son el factor clave que hace que todo esto suceda. Todos sabemos que los pagos en l\u00ednea han avanzado mucho en el transcurso de la \u00faltima d\u00e9cada. Dicho esto, si usted est\u00e1 &hellip; Continued","og_url":"https:\/\/www.esports-betting.pro\/es\/metodos-pago\/analisis-entropay\/","og_site_name":"Esports Betting - ES","article_modified_time":"2022-09-02T13:12:09+00:00","og_image":[{"url":"https:\/\/www.esports-betting.pro\/app\/uploads\/sites\/3\/2018\/11\/Entropay-Metodo-Pago-Logo.png"}],"twitter_card":"summary_large_image","twitter_misc":{"Est. reading time":"5 minutos"},"schema":{"@context":"https:\/\/schema.org","@graph":[{"@type":"WebPage","@id":"https:\/\/www.esports-betting.pro\/es\/metodos-pago\/analisis-entropay\/","url":"https:\/\/www.esports-betting.pro\/es\/metodos-pago\/analisis-entropay\/","name":"An\u00e1lisis de apuestas eSports con Entropay | Gu\u00eda de m\u00e9todo de pagos","isPartOf":{"@id":"https:\/\/www.esports-betting.pro\/es\/#website"},"primaryImageOfPage":{"@id":"https:\/\/www.esports-betting.pro\/es\/metodos-pago\/analisis-entropay\/#primaryimage"},"image":{"@id":"https:\/\/www.esports-betting.pro\/es\/metodos-pago\/analisis-entropay\/#primaryimage"},"thumbnailUrl":"https:\/\/www.esports-betting.pro\/app\/uploads\/sites\/3\/2018\/11\/Entropay-Metodo-Pago-Logo.png","datePublished":"2018-11-26T14:45:57+00:00","dateModified":"2022-09-02T13:12:09+00:00","breadcrumb":{"@id":"https:\/\/www.esports-betting.pro\/es\/metodos-pago\/analisis-entropay\/#breadcrumb"},"inLanguage":"es","potentialAction":[{"@type":"ReadAction","target":["https:\/\/www.esports-betting.pro\/es\/metodos-pago\/analisis-entropay\/"]}]},{"@type":"ImageObject","inLanguage":"es","@id":"https:\/\/www.esports-betting.pro\/es\/metodos-pago\/analisis-entropay\/#primaryimage","url":"https:\/\/www.esports-betting.pro\/app\/uploads\/sites\/3\/2018\/11\/Entropay-Metodo-Pago-Logo.png","contentUrl":"https:\/\/www.esports-betting.pro\/app\/uploads\/sites\/3\/2018\/11\/Entropay-Metodo-Pago-Logo.png"},{"@type":"BreadcrumbList","@id":"https:\/\/www.esports-betting.pro\/es\/metodos-pago\/analisis-entropay\/#breadcrumb","itemListElement":[{"@type":"ListItem","position":1,"name":"Home","item":"https:\/\/www.esports-betting.pro\/es\/"},{"@type":"ListItem","position":2,"name":"An\u00e1lisis de los m\u00e9todos de pago de las apuestas eSports","item":"https:\/\/www.esports-betting.pro\/es\/metodos-pago\/"},{"@type":"ListItem","position":3,"name":"M\u00e9todo de pago en las apuestas eSports: An\u00e1lisis de Entropay"}]},{"@type":"WebSite","@id":"https:\/\/www.esports-betting.pro\/es\/#website","url":"https:\/\/www.esports-betting.pro\/es\/","name":"Esports Betting - ES","description":"Just another Esports Betting Sites site","potentialAction":[{"@type":"SearchAction","target":{"@type":"EntryPoint","urlTemplate":"https:\/\/www.esports-betting.pro\/es\/?s={search_term_string}"},"query-input":"required name=search_term_string"}],"inLanguage":"es"}]}},"_links":{"self":[{"href":"https:\/\/www.esports-betting.pro\/es\/wp-json\/wp\/v2\/pages\/14121"}],"collection":[{"href":"https:\/\/www.esports-betting.pro\/es\/wp-json\/wp\/v2\/pages"}],"about":[{"href":"https:\/\/www.esports-betting.pro\/es\/wp-json\/wp\/v2\/types\/page"}],"author":[{"embeddable":true,"href":"https:\/\/www.esports-betting.pro\/es\/wp-json\/wp\/v2\/users\/24"}],"replies":[{"embeddable":true,"href":"https:\/\/www.esports-betting.pro\/es\/wp-json\/wp\/v2\/comments?post=14121"}],"version-history":[{"count":1,"href":"https:\/\/www.esports-betting.pro\/es\/wp-json\/wp\/v2\/pages\/14121\/revisions"}],"predecessor-version":[{"id":51591,"href":"https:\/\/www.esports-betting.pro\/es\/wp-json\/wp\/v2\/pages\/14121\/revisions\/51591"}],"up":[{"embeddable":true,"href":"https:\/\/www.esports-betting.pro\/es\/wp-json\/wp\/v2\/pages\/14103"}],"wp:attachment":[{"href":"https:\/\/www.esports-betting.pro\/es\/wp-json\/wp\/v2\/media?parent=14121"}],"curies":[{"name":"wp","href":"https:\/\/api.w.org\/{rel}","templated":true}]}}