{"id":14103,"date":"2018-11-26T10:01:16","date_gmt":"2018-11-26T14:01:16","guid":{"rendered":"https:\/\/www.esports-betting.pro\/es\/?page_id=14103"},"modified":"2018-11-26T10:01:16","modified_gmt":"2018-11-26T14:01:16","slug":"metodos-pago","status":"publish","type":"page","link":"https:\/\/www.esports-betting.pro\/es\/metodos-pago\/","title":{"rendered":"An\u00e1lisis de los m\u00e9todos de pago de las apuestas eSports"},"content":{"rendered":"<p style=\"text-align: justify\">Las apuestas en l\u00ednea son una industria en r\u00e1pido crecimiento que est\u00e1 acumulando n\u00fameros impresionantes con cada a\u00f1o que pasa. Con \u00e9l, la industria de <strong><a href=\"https:\/\/www.esports-betting.pro\/es\/\">apuestas eSports<\/a><\/strong> sigue floreciendo tambi\u00e9n&#8230; y todo esto no estar\u00eda sucediendo si no fuera por una gran cantidad existente de m\u00e9todos de pago en l\u00ednea. Los m\u00e9todos de pago garantizan una integraci\u00f3n perfecta de las transacciones en l\u00ednea con las <strong><a href=\"https:\/\/www.esports-betting.pro\/es\/sitios-apuestas-esports\/\">casas de apuestas eSports<\/a><\/strong>. Si te encuentras confundido y no est\u00e1s seguro de qu\u00e9 m\u00e9todo de pago utilizar, no busques m\u00e1s, ya que este art\u00edculo puede ser tu propia gu\u00eda de m\u00e9todos de pago.<\/p>\n<p style=\"text-align: justify\">De hecho, si est\u00e1 dispuesto a echar un vistazo a uno de nuestros muchos an\u00e1lisis de m\u00e9todos de pago, estamos seguros de que podr\u00e1 hacer la elecci\u00f3n despu\u00e9s. As\u00ed que, con todo lo que se ha dicho, \u00a1supongo que es hora de ir directamente al grano y comprobar qu\u00e9 hace que una plataforma de m\u00e9todo de pagos sea excelente!<\/p>\n<h2>\u00bfQu\u00e9 es lo que hace que los m\u00e9todos de pago en l\u00ednea sean buenos?<\/h2>\n<div class=\"title-line\">\n<div class=\"icon\"><\/div>\n<div class=\"fullWidth-line\"><\/div>\n<\/div>\n<p style=\"text-align: justify\">Hay muchos m\u00e9todos de pago en l\u00ednea para elegir, pero la clave est\u00e1 en conseguir el correcto. Por lo tanto, aqu\u00ed est\u00e1n los 3 factores principales que destacan una excelente plataforma de m\u00e9todos de pagos, a otros, y vale la pena comprobar cu\u00e1les son:<\/p>\n<h3>Seguridad<\/h3>\n<p style=\"text-align: justify\">Lo primero y m\u00e1s importante: La seguridad es de suma importancia para todos los negocios de pago en l\u00ednea. Ya sea que estemos hablando de billeteras en l\u00ednea, pasarelas de pago o b\u00e1sicamente de cualquier otro tipo, la seguridad es la m\u00e1xima prioridad. La encriptaci\u00f3n, la seguridad certificada y las pruebas de penetraci\u00f3n frecuentes es lo que garantiza la seguridad \u00f3ptima que proporcionan estos m\u00e9todos de pago en l\u00ednea.<\/p>\n<h3>Simplicidad<\/h3>\n<p style=\"text-align: justify\">Si la seguridad es excelente, el segundo factor que hay que tener en cuenta es la simplicidad. La interfaz de usuario y la navegaci\u00f3n fluida en la p\u00e1gina son m\u00e1s importantes de lo que la mayor\u00eda de la gente piensa. Especialmente para aquellas personas que pueden tenerle miedo a una p\u00e1gina web debido a lo complicado que resulta su interface, es por ello que muchas p\u00e1ginas optan por la simplicidad con el fin de atraer visualmente a m\u00e1s clientes.<\/p>\n<h3>Tarifas bajas<\/h3>\n<p style=\"text-align: justify\">La tercera es la vencida, \u00bfno? En cuanto a todos los m\u00e9todos y pasarelas de pago en l\u00ednea, las tarifas bajas se encuentran seguramente entre los 3 factores principales para todos los usuarios. Enfrent\u00e9moslo: cuanto m\u00e1s bajos sean, mayores ser\u00e1n las posibilidades de conseguir nuevos clientes. No hay nada m\u00e1s simple que eso, \u00bfverdad?<\/p>\n<p style=\"text-align: justify\">Ahora que conoce los 3 factores que entran en juego, vayamos directamente a los an\u00e1lisis de los m\u00e9todos de pago, \u00bfde acuerdo?<\/p>\n<h2>An\u00e1lisis de M\u00e9todos de Pago | \u00bfCu\u00e1les son las mejores opciones para las Apuestas eSports?<\/h2>\n<div class=\"title-line\">\n<div class=\"icon\"><\/div>\n<div class=\"fullWidth-line\"><\/div>\n<\/div>\n<h3>PayPal<\/h3>\n<p style=\"text-align: justify\"><img loading=\"lazy\" decoding=\"async\" class=\"size-full wp-image-13670 alignleft\" src=\"https:\/\/www.esports-betting.pro\/app\/uploads\/sites\/3\/2018\/08\/paypal.png\" alt=\"Paypal Logo\" width=\"120\" height=\"75\" \/>PayPal se est\u00e1 convirtiendo en la opci\u00f3n preferida no s\u00f3lo para los eSports, sino tambi\u00e9n para los sitios de apuestas en l\u00ednea y las p\u00e1ginas web de compras en general. Con tarifas bajas, transacciones instant\u00e1neas y sistemas ultra-seguros, PayPal es muy sencillo si est\u00e1 empezando a realizar apuestas en los eSports.<\/p>\n<p style=\"text-align: center\">\n<h3>Skrill<\/h3>\n<p style=\"text-align: justify\"><img loading=\"lazy\" decoding=\"async\" class=\"size-full wp-image-13674 alignleft\" src=\"https:\/\/www.esports-betting.pro\/app\/uploads\/sites\/3\/2018\/08\/skrill.png\" alt=\"Skrill Logo\" width=\"120\" height=\"75\" \/>Al igual que PayPal, Skrill es otra opci\u00f3n de pago bien posicionado. Funciona en muchos pa\u00edses de todo el mundo y soporta una gran cantidad de divisas. Para obtener m\u00e1s informaci\u00f3n acerca de este m\u00e9todo de pago, aseg\u00farese de comprobar nuestra rese\u00f1a completa haciendo clic en el enlace de abajo.<\/p>\n<p style=\"text-align: center\">\n<h3>Neteller<\/h3>\n<p style=\"text-align: justify\"><img loading=\"lazy\" decoding=\"async\" class=\"size-full wp-image-13669 alignleft\" src=\"https:\/\/www.esports-betting.pro\/app\/uploads\/sites\/3\/2018\/08\/neteller-logo.png\" alt=\"Neteller Logo\" width=\"120\" height=\"75\" \/>Neteller es otro m\u00e9todo de pago muy popular para todo tipo de apuestas en l\u00ednea. A pesar de que ese no es su uso principal, Neteller se est\u00e1 utilizando para apostar en todo el mundo, ya que tiene muchas ventajas sobre las opciones convencionales. Haga clic en el enlace de abajo para m\u00e1s informaci\u00f3n. Qui\u00e9n sabe, tal vez usted har\u00e1 de Neteller su pr\u00f3ximo m\u00e9todo de pago de elecci\u00f3n.<\/p>\n<p style=\"text-align: center\">\n<h3>Entropay<\/h3>\n<p style=\"text-align: justify\"><img loading=\"lazy\" decoding=\"async\" class=\"size-full wp-image-13657 alignleft\" src=\"https:\/\/www.esports-betting.pro\/app\/uploads\/sites\/3\/2018\/08\/entropay.png\" alt=\"Entropay Logo\" width=\"120\" height=\"75\" \/>Entropay es un negocio de pago en l\u00ednea que le permite obtener su propia tarjeta VISA virtual. Una interfaz tan sencilla combinada con protocolos de seguridad de primer nivel es una de las mejores soluciones para las apuestas en los eSports. Tenga en cuenta, sin embargo, que hay peque\u00f1os gastos de transacci\u00f3n con los que tendr\u00e1 que lidiar&#8230; pero aparte de eso, Entropay es una plataforma excelente para las apuestas eSports.<\/p>\n<p style=\"text-align: center\">\n<h3>Tarjetas de cr\u00e9dito<\/h3>\n<p style=\"text-align: justify\"><img loading=\"lazy\" decoding=\"async\" class=\"size-full wp-image-14107 alignleft\" src=\"https:\/\/www.esports-betting.pro\/app\/uploads\/sites\/3\/2018\/11\/Tarjeta-Cr\u00e9dito-Logo.png\" alt=\"Tarjeta Cr\u00e9dito Logo\" width=\"120\" height=\"75\" \/>Las tarjetas de cr\u00e9dito son los t\u00edpicos m\u00e9todos de pago en l\u00ednea utilizados para una gran variedad de servicios. Entre ellas, por supuesto, est\u00e1n las apuestas eSports. Estamos seguros de que la mayor\u00eda de ustedes ya est\u00e1n bien familiarizados con los pagos en l\u00ednea a trav\u00e9s de tarjetas de cr\u00e9dito, por lo que no tiene sentido entrar en demasiada profundidad aqu\u00ed. Por eso, para m\u00e1s informaci\u00f3n, haga clic en el enlace de abajo.<\/p>\n<p style=\"text-align: center\">\n<h3>Tarjeta Paysafecard<\/h3>\n<p style=\"text-align: justify\"><img loading=\"lazy\" decoding=\"async\" class=\"size-full wp-image-13671 alignleft\" src=\"https:\/\/www.esports-betting.pro\/app\/uploads\/sites\/3\/2018\/08\/paysafecard.png\" alt=\"Paysafecard Logo\" width=\"120\" height=\"75\" \/>Las tarjetas f\u00edsicas de paysafecard est\u00e1n disponibles en 46 pa\u00edses de todo el mundo, y es la forma m\u00e1s f\u00e1cil de presentar Paysafecard a su consumidor promedio. Y es cierto, este m\u00e9todo de pago en l\u00ednea es m\u00e1s apreciado debido al hecho de que se puede comprar pr\u00e1cticamente en cualquier lugar y una de sus grandes ventajas es que no requiere informaci\u00f3n personal o datos bancarios, perfecto para los que desean mantener su privacidad en internet. Excelente para todos los juegos&#8230; incluyendo las apuestas eSports, por supuesto.<\/p>\n<p style=\"text-align: center\">\n<h3>Klarna<\/h3>\n<p style=\"text-align: justify\"><img loading=\"lazy\" decoding=\"async\" class=\"size-full wp-image-14105 alignleft\" src=\"https:\/\/www.esports-betting.pro\/app\/uploads\/sites\/3\/2018\/11\/Klarna-Logo.png\" alt=\"Klarna Logo\" width=\"120\" height=\"75\" \/>Sofort cambi\u00f3 su nombre y ahora se llama Klarna, utilizado por m\u00e1s de 12 millones de personas en todo el mundo, no se puede negar el hecho de que Klarna es uno de los m\u00e9todos de pago en l\u00ednea m\u00e1s utilizados a nivel mundial. De hecho, en todos nuestros an\u00e1lisis de m\u00e9todos de pago, s\u00f3lo hay un pu\u00f1ado de opciones que pueden rivalizar con Klarna. La \u00fanica &#8220;desventaja&#8221; es el sistema monetario que s\u00f3lo soporta transacciones en euros. Si puede vivir con ello sin problema, entonces Klarna definitivamente es una s\u00f3lida opci\u00f3n para las apuestas eSports.<\/p>\n<p style=\"text-align: center\">\n<h3>Trustly<\/h3>\n<p style=\"text-align: justify\"><img loading=\"lazy\" decoding=\"async\" class=\"size-full wp-image-14104 alignleft\" src=\"https:\/\/www.esports-betting.pro\/app\/uploads\/sites\/3\/2018\/11\/trustly-logo.png\" alt=\"Trustly Logo\" width=\"120\" height=\"75\" \/>Trustly es una forma r\u00e1pida y conveniente de pagos en l\u00ednea estrictamente para los europeos. Trustly funciona perfectamente en 29 pa\u00edses europeos, convirti\u00e9ndose en un est\u00e1ndar para los pagos en l\u00ednea. Si usted se encuentra en Europa y est\u00e1 buscando una forma r\u00e1pida y f\u00e1cil de pagar en l\u00ednea, Trustly sin duda alguna debe estar en lo m\u00e1s alto de su lista.<\/p>\n<p style=\"text-align: center\">\n<h3>Bitcoin<\/h3>\n<p style=\"text-align: justify\"><img loading=\"lazy\" decoding=\"async\" class=\"size-full wp-image-13653 alignleft\" src=\"https:\/\/www.esports-betting.pro\/app\/uploads\/sites\/3\/2018\/08\/bitcoin.png\" alt=\"Bitcoin Logo\" width=\"120\" height=\"75\" \/>Para aquellos que no lo sepan, Bitcoin es la criptomoneda m\u00e1s popular del mundo. Aparte de eso, tambi\u00e9n es digno de menci\u00f3n mencionar que el Bitcoin est\u00e1 siendo muy utilizado para las apuestas en l\u00ednea. Las apuestas eSports tambi\u00e9n est\u00e1n ah\u00ed, acumulando grandes n\u00fameros en cuanto a las apuestas con Bitcoin se refiere. Por lo tanto, si busca un m\u00e9todo de pago totalmente an\u00f3nimo, irrastreable y ultra seguro, no hay necesidad de mirar m\u00e1s all\u00e1 de Bitcoin.<\/p>\n<p style=\"text-align: center\">\n<h2>M\u00e9todos de pago para las apuestas eSports | Preguntas frecuentes<\/h2>\n<div class=\"title-line\">\n<div class=\"icon\"><\/div>\n<div class=\"fullWidth-line\"><\/div>\n<\/div>\n<h3>\u00bfNecesito ingresar mi informaci\u00f3n personal para apostar en l\u00ednea?<\/h3>\n<p style=\"text-align: justify\">Bueno, todos los corredores de apuestas (y\/o m\u00e9todos de pago) requerir\u00e1n parte de su informaci\u00f3n personal. Esta es la norma en Internet, por lo que no debe preocuparse por ello. Este tipo de sitios web se consideran seguros, protegidos y sus datos estar\u00e1n resguardados en todo momento, por lo que no hay lugar para el p\u00e1nico si le piden que ingrese su n\u00famero de Seguro Social o informaci\u00f3n personal similar.<\/p>\n<h3>\u00bfSon altas las tarifas de los pagos en l\u00ednea?<\/h3>\n<p style=\"text-align: justify\">En cuanto a las comisiones, usted no tendr\u00e1 que preocuparse por ellos&#8230; siempre y cuando no se tropiece con un corredor de apuestas que le saque todo su dinero por medio de las comisiones. Normalmente, usted tendr\u00e1 algunos cargos asociados a sus transacciones. \u00c9stos van generalmente entre el 1% y el 7% de la cantidad total de la transacci\u00f3n. Por lo general, se encuentran en la letra peque\u00f1a, as\u00ed que t\u00f3mese su tiempo y lea atentamente antes de terminar siendo desplumado por los sitios de apuestas eSports.<\/p>\n<h3>\u00bfQu\u00e9 pasa si gano dinero apostando en eSports?<\/h3>\n<p style=\"text-align: justify\">Si gana dinero apostando en eSports, querr\u00e1 volver a apostar la cantidad para aumentar a\u00fan m\u00e1s sus ganancias&#8230; o, si es un apostador de bajo riesgo, querr\u00e1 retirarlas a su cuenta bancaria o tarjeta de cr\u00e9dito. Si ese es el caso, usted tendr\u00e1 que realizar elproceso de retiro que es diferente para cada m\u00e9todo de pago y el corredor de apuestas que usted utiliza. La mayor\u00eda de las veces, los procesos son sencillos y tardan poco tiempo en completarse.<\/p>\n<h3>\u00bfExisten l\u00edmites para retirar dinero en los corredores de apuestas de eSports?<\/h3>\n<p style=\"text-align: justify\">\u00a1S\u00ed y no! En cuanto a los l\u00edmites, los culpables m\u00e1s probables ser\u00e1n su m\u00e9todo de pago en l\u00ednea y no el corredor de apuestas eSports de su elecci\u00f3n. Sin embargo, a menos que usted sea un apostador experimentado al que le guste apostar (y ganar) a lo grande, dudamos que se encuentre con l\u00edmites tan a menudo. Por lo general, se colocan en alrededor de un par de miles de euros, d\u00f3lares o el valor equivalente en su moneda nativa.<\/p>\n<p style=\"text-align: justify\">Eso es todo en lo que se refiere a nuestro art\u00edculo de an\u00e1lisis de m\u00e9todos de pago. Esperamos sinceramente que se divirtiera ley\u00e9ndolo y que le haya ayudado a tomar la decisi\u00f3n correcta. Como ya hemos dicho anteriormente, encontrar el corredor de apuestas \u00f3ptimo de eSports que funcione con el m\u00e9todo de pago que mejor se adapte a sus necesidades puede ser bastante complicado. Pero no se preocupe, tods nuestros An\u00e1lisis de M\u00e9todos de Pago anteriores seguramente han arrojado algo de luz sobre el asunto.<\/p>\n<p>&nbsp;<\/p>\n","protected":false},"excerpt":{"rendered":"<p>Las apuestas en l\u00ednea son una industria en r\u00e1pido crecimiento que est\u00e1 acumulando n\u00fameros impresionantes con cada a\u00f1o que pasa. Con \u00e9l, la industria de apuestas eSports sigue floreciendo tambi\u00e9n&#8230; y todo esto no estar\u00eda sucediendo si no fuera por una gran cantidad existente de m\u00e9todos de pago en l\u00ednea. Los m\u00e9todos de pago garantizan &hellip; <a href=\"https:\/\/www.esports-betting.pro\/es\/metodos-pago\/\">Continued<\/a><\/p>\n","protected":false},"author":24,"featured_media":0,"parent":0,"menu_order":0,"comment_status":"closed","ping_status":"closed","template":"","meta":{"_acf_changed":false,"footnotes":""},"acf":[],"yoast_head":"<!-- This site is optimized with the Yoast SEO plugin v22.6 - https:\/\/yoast.com\/wordpress\/plugins\/seo\/ -->\n<title>M\u00e9todos de pago para apuestas eSports | Todo lo que necesitas saber<\/title>\n<meta name=\"description\" content=\"Haz clic para aprender sobre los distintos m\u00e9todos de pago en l\u00ednea para las apuestas eSports, incluyendo an\u00e1lisis sobre cada uno de ellos.\" \/>\n<meta name=\"robots\" content=\"index, follow, max-snippet:-1, max-image-preview:large, max-video-preview:-1\" \/>\n<link rel=\"canonical\" href=\"https:\/\/www.esports-betting.pro\/es\/metodos-pago\/\" \/>\n<meta property=\"og:locale\" content=\"es_ES\" \/>\n<meta property=\"og:type\" content=\"article\" \/>\n<meta property=\"og:title\" content=\"M\u00e9todos de pago para apuestas eSports | Todo lo que necesitas saber\" \/>\n<meta property=\"og:description\" content=\"Haz clic para aprender sobre los distintos m\u00e9todos de pago en l\u00ednea para las apuestas eSports, incluyendo an\u00e1lisis sobre cada uno de ellos.\" \/>\n<meta property=\"og:url\" content=\"https:\/\/www.esports-betting.pro\/es\/metodos-pago\/\" \/>\n<meta property=\"og:site_name\" content=\"Esports Betting - ES\" \/>\n<meta property=\"og:image\" content=\"https:\/\/www.esports-betting.pro\/app\/uploads\/sites\/3\/2018\/08\/paypal.png\" \/>\n<meta name=\"twitter:card\" content=\"summary_large_image\" \/>\n<meta name=\"twitter:label1\" content=\"Est. reading time\" \/>\n\t<meta name=\"twitter:data1\" content=\"9 minutos\" \/>\n<script type=\"application\/ld+json\" class=\"yoast-schema-graph\">{\"@context\":\"https:\/\/schema.org\",\"@graph\":[{\"@type\":\"WebPage\",\"@id\":\"https:\/\/www.esports-betting.pro\/es\/metodos-pago\/\",\"url\":\"https:\/\/www.esports-betting.pro\/es\/metodos-pago\/\",\"name\":\"M\u00e9todos de pago para apuestas eSports | Todo lo que necesitas saber\",\"isPartOf\":{\"@id\":\"https:\/\/www.esports-betting.pro\/es\/#website\"},\"primaryImageOfPage\":{\"@id\":\"https:\/\/www.esports-betting.pro\/es\/metodos-pago\/#primaryimage\"},\"image\":{\"@id\":\"https:\/\/www.esports-betting.pro\/es\/metodos-pago\/#primaryimage\"},\"thumbnailUrl\":\"https:\/\/www.esports-betting.pro\/app\/uploads\/sites\/3\/2018\/08\/paypal.png\",\"datePublished\":\"2018-11-26T14:01:16+00:00\",\"dateModified\":\"2018-11-26T14:01:16+00:00\",\"description\":\"Haz clic para aprender sobre los distintos m\u00e9todos de pago en l\u00ednea para las apuestas eSports, incluyendo an\u00e1lisis sobre cada uno de ellos.\",\"breadcrumb\":{\"@id\":\"https:\/\/www.esports-betting.pro\/es\/metodos-pago\/#breadcrumb\"},\"inLanguage\":\"es\",\"potentialAction\":[{\"@type\":\"ReadAction\",\"target\":[\"https:\/\/www.esports-betting.pro\/es\/metodos-pago\/\"]}]},{\"@type\":\"ImageObject\",\"inLanguage\":\"es\",\"@id\":\"https:\/\/www.esports-betting.pro\/es\/metodos-pago\/#primaryimage\",\"url\":\"https:\/\/www.esports-betting.pro\/app\/uploads\/sites\/3\/2018\/08\/paypal.png\",\"contentUrl\":\"https:\/\/www.esports-betting.pro\/app\/uploads\/sites\/3\/2018\/08\/paypal.png\"},{\"@type\":\"BreadcrumbList\",\"@id\":\"https:\/\/www.esports-betting.pro\/es\/metodos-pago\/#breadcrumb\",\"itemListElement\":[{\"@type\":\"ListItem\",\"position\":1,\"name\":\"Home\",\"item\":\"https:\/\/www.esports-betting.pro\/es\/\"},{\"@type\":\"ListItem\",\"position\":2,\"name\":\"An\u00e1lisis de los m\u00e9todos de pago de las apuestas eSports\"}]},{\"@type\":\"WebSite\",\"@id\":\"https:\/\/www.esports-betting.pro\/es\/#website\",\"url\":\"https:\/\/www.esports-betting.pro\/es\/\",\"name\":\"Esports Betting - ES\",\"description\":\"Just another Esports Betting Sites site\",\"potentialAction\":[{\"@type\":\"SearchAction\",\"target\":{\"@type\":\"EntryPoint\",\"urlTemplate\":\"https:\/\/www.esports-betting.pro\/es\/?s={search_term_string}\"},\"query-input\":\"required name=search_term_string\"}],\"inLanguage\":\"es\"}]}<\/script>\n<!-- \/ Yoast SEO plugin. -->","yoast_head_json":{"title":"M\u00e9todos de pago para apuestas eSports | Todo lo que necesitas saber","description":"Haz clic para aprender sobre los distintos m\u00e9todos de pago en l\u00ednea para las apuestas eSports, incluyendo an\u00e1lisis sobre cada uno de ellos.","robots":{"index":"index","follow":"follow","max-snippet":"max-snippet:-1","max-image-preview":"max-image-preview:large","max-video-preview":"max-video-preview:-1"},"canonical":"https:\/\/www.esports-betting.pro\/es\/metodos-pago\/","og_locale":"es_ES","og_type":"article","og_title":"M\u00e9todos de pago para apuestas eSports | Todo lo que necesitas saber","og_description":"Haz clic para aprender sobre los distintos m\u00e9todos de pago en l\u00ednea para las apuestas eSports, incluyendo an\u00e1lisis sobre cada uno de ellos.","og_url":"https:\/\/www.esports-betting.pro\/es\/metodos-pago\/","og_site_name":"Esports Betting - ES","og_image":[{"url":"https:\/\/www.esports-betting.pro\/app\/uploads\/sites\/3\/2018\/08\/paypal.png"}],"twitter_card":"summary_large_image","twitter_misc":{"Est. reading time":"9 minutos"},"schema":{"@context":"https:\/\/schema.org","@graph":[{"@type":"WebPage","@id":"https:\/\/www.esports-betting.pro\/es\/metodos-pago\/","url":"https:\/\/www.esports-betting.pro\/es\/metodos-pago\/","name":"M\u00e9todos de pago para apuestas eSports | Todo lo que necesitas saber","isPartOf":{"@id":"https:\/\/www.esports-betting.pro\/es\/#website"},"primaryImageOfPage":{"@id":"https:\/\/www.esports-betting.pro\/es\/metodos-pago\/#primaryimage"},"image":{"@id":"https:\/\/www.esports-betting.pro\/es\/metodos-pago\/#primaryimage"},"thumbnailUrl":"https:\/\/www.esports-betting.pro\/app\/uploads\/sites\/3\/2018\/08\/paypal.png","datePublished":"2018-11-26T14:01:16+00:00","dateModified":"2018-11-26T14:01:16+00:00","description":"Haz clic para aprender sobre los distintos m\u00e9todos de pago en l\u00ednea para las apuestas eSports, incluyendo an\u00e1lisis sobre cada uno de ellos.","breadcrumb":{"@id":"https:\/\/www.esports-betting.pro\/es\/metodos-pago\/#breadcrumb"},"inLanguage":"es","potentialAction":[{"@type":"ReadAction","target":["https:\/\/www.esports-betting.pro\/es\/metodos-pago\/"]}]},{"@type":"ImageObject","inLanguage":"es","@id":"https:\/\/www.esports-betting.pro\/es\/metodos-pago\/#primaryimage","url":"https:\/\/www.esports-betting.pro\/app\/uploads\/sites\/3\/2018\/08\/paypal.png","contentUrl":"https:\/\/www.esports-betting.pro\/app\/uploads\/sites\/3\/2018\/08\/paypal.png"},{"@type":"BreadcrumbList","@id":"https:\/\/www.esports-betting.pro\/es\/metodos-pago\/#breadcrumb","itemListElement":[{"@type":"ListItem","position":1,"name":"Home","item":"https:\/\/www.esports-betting.pro\/es\/"},{"@type":"ListItem","position":2,"name":"An\u00e1lisis de los m\u00e9todos de pago de las apuestas eSports"}]},{"@type":"WebSite","@id":"https:\/\/www.esports-betting.pro\/es\/#website","url":"https:\/\/www.esports-betting.pro\/es\/","name":"Esports Betting - ES","description":"Just another Esports Betting Sites site","potentialAction":[{"@type":"SearchAction","target":{"@type":"EntryPoint","urlTemplate":"https:\/\/www.esports-betting.pro\/es\/?s={search_term_string}"},"query-input":"required name=search_term_string"}],"inLanguage":"es"}]}},"_links":{"self":[{"href":"https:\/\/www.esports-betting.pro\/es\/wp-json\/wp\/v2\/pages\/14103"}],"collection":[{"href":"https:\/\/www.esports-betting.pro\/es\/wp-json\/wp\/v2\/pages"}],"about":[{"href":"https:\/\/www.esports-betting.pro\/es\/wp-json\/wp\/v2\/types\/page"}],"author":[{"embeddable":true,"href":"https:\/\/www.esports-betting.pro\/es\/wp-json\/wp\/v2\/users\/24"}],"replies":[{"embeddable":true,"href":"https:\/\/www.esports-betting.pro\/es\/wp-json\/wp\/v2\/comments?post=14103"}],"version-history":[{"count":1,"href":"https:\/\/www.esports-betting.pro\/es\/wp-json\/wp\/v2\/pages\/14103\/revisions"}],"predecessor-version":[{"id":51413,"href":"https:\/\/www.esports-betting.pro\/es\/wp-json\/wp\/v2\/pages\/14103\/revisions\/51413"}],"wp:attachment":[{"href":"https:\/\/www.esports-betting.pro\/es\/wp-json\/wp\/v2\/media?parent=14103"}],"curies":[{"name":"wp","href":"https:\/\/api.w.org\/{rel}","templated":true}]}}