{"id":13789,"date":"2018-09-16T18:35:18","date_gmt":"2018-09-16T22:35:18","guid":{"rendered":"https:\/\/www.esports-betting.pro\/es\/?page_id=13789"},"modified":"2022-09-12T12:48:31","modified_gmt":"2022-09-12T12:48:31","slug":"pixelbet","status":"publish","type":"page","link":"https:\/\/www.esports-betting.pro\/es\/sitios-apuestas-esports-2\/pixelbet\/","title":{"rendered":"Pixel.Bet"},"content":{"rendered":"<h2>Apuestas en Pixel.Bet | Rese\u00f1a del Bookmaker<\/h2>\n<p style=\"text-align: justify\">Pixel.bet es una de las plataformas de eSports m\u00e1s r\u00e1pidas, vers\u00e1tiles y divertidas del mercado. Es una plataforma de apuestas de videojuegos fundada por expertos de la industria del gaming, es decir, dise\u00f1ada por gamers para gamers, y cuyo objetivo principal es ofrecer la m\u00e1s satisfactoria experiencia de eSports a sus usuarios. Nos atrevemos a decir que Pixel.bet ofrece las mejores probabilidades de apuestas en los torneos, ligas y otros eventos de eSports de renombre, entre los cuales destacan DOTA 2 y CS:GO. Conoce m\u00e1s sobre los eSports disponibles en Pixel.bet en el resto del art\u00edculo.<\/p>\n<p style=\"text-align: justify\">Ahora en modo beta, la plataforma Pixel.bet, la primera plataforma m\u00f3vil de eSports, cubrir\u00e1 una serie de importantes concursos deportivos de todo el mundo ofreciendo la modalidad de apuestas en vivo. Asimismo, a todos sus usuarios, Pixel.bet ofrece bonos de bienvenida de 2\u20ac. Te invitamos a continuar leyendo el siguiente art\u00edculo para que conozcas m\u00e1s de Pixel.bet con informaci\u00f3n de primera mano dada por su director ejecutivo, as\u00ed como otras informaciones relevantes acerca de los eSports disponibles en Pixel.bet, tipos de apuestas y sus m\u00e9todos de pago.<\/p>\n<h2>eSports disponibles en Pixel.bet<\/h2>\n<div style=\"width: 100%;overflow: auto\">\n<div style=\"float: left;width: 150px;height: 200px;text-align: left\"><img loading=\"lazy\" decoding=\"async\" class=\"alignnone size-full wp-image-13649\" src=\"https:\/\/www.esports-betting.pro\/app\/uploads\/sites\/3\/2018\/08\/Pixel.Bet-Apuestas-Esports-Logo.png\" alt=\"Pixel.Bet Apuestas Esports Logo\" width=\"200\" height=\"200\" \/><br \/>\nVer cuotas actuales<\/div>\n<div style=\"float: left;padding: 10px\">\n<ul>\n<li><a href=\"https:\/\/www.esports-betting.pro\/es\/dota-2\/\"><strong><span style=\"font-size: 14pt\"><img loading=\"lazy\" decoding=\"async\" class=\"alignnone size-full wp-image-13390\" src=\"https:\/\/www.esports-betting.pro\/app\/uploads\/sites\/3\/2018\/07\/Dota-2-Logo-Icon.png\" alt=\"Dota 2 Logo Icono\" width=\"40\" height=\"40\" \/>Dota 2<\/span><\/strong><\/a><\/li>\n<li><a href=\"https:\/\/www.esports-betting.pro\/es\/league-of-legends-lol\/\"><strong><span style=\"font-size: 14pt\"><img loading=\"lazy\" decoding=\"async\" class=\"alignnone size-full wp-image-13396\" src=\"https:\/\/www.esports-betting.pro\/app\/uploads\/sites\/3\/2018\/07\/League-of-Legends-Logo-Icon-1.png\" alt=\"League of Legends Logo Icono\" width=\"40\" height=\"40\" \/>\u00a0LoL<\/span><\/strong><\/a><\/li>\n<li><a href=\"https:\/\/www.esports-betting.pro\/es\/counter-strike-csgo\/\"><strong><span style=\"font-size: 14pt\"><img loading=\"lazy\" decoding=\"async\" class=\"alignnone size-full wp-image-13389\" src=\"https:\/\/www.esports-betting.pro\/app\/uploads\/sites\/3\/2018\/07\/Counter-Strike-Global-Offensive-Logo-Icon.png\" alt=\"Counter Strike Global Offensive Logo Icono\" width=\"40\" height=\"40\" \/>\u00a0CS:GO<\/span><\/strong><\/a><\/li>\n<li><strong><span style=\"font-size: 14pt\"><img loading=\"lazy\" decoding=\"async\" class=\"alignnone size-full wp-image-13790\" src=\"https:\/\/www.esports-betting.pro\/app\/uploads\/sites\/3\/2018\/09\/Starcraft-Logo-Icon.png\" alt=\"\" width=\"40\" height=\"40\" \/>Starcraft<\/span><\/strong><\/li>\n<li><a href=\"https:\/\/www.esports-betting.pro\/es\/starcraft-2\/\"><strong><span style=\"font-size: 14pt\"><img loading=\"lazy\" decoding=\"async\" class=\"alignnone size-full wp-image-13403\" src=\"https:\/\/www.esports-betting.pro\/app\/uploads\/sites\/3\/2018\/07\/Stacraft-2-Logo-Icon.png\" alt=\"Starcraft 2 Logo Icono\" width=\"40\" height=\"40\" \/>\u00a0Starcraft 2<\/span><\/strong><\/a><\/li>\n<li><a href=\"https:\/\/www.esports-betting.pro\/es\/hearthstone\/\"><strong><span style=\"font-size: 14pt\"><img loading=\"lazy\" decoding=\"async\" class=\"alignnone size-full wp-image-13394\" src=\"https:\/\/www.esports-betting.pro\/app\/uploads\/sites\/3\/2018\/07\/Hearthstone-Logo-Icon.png\" alt=\"Hearthstone Logo Icono\" width=\"40\" height=\"40\" \/>\u00a0Hearthstone<\/span><\/strong><\/a><\/li>\n<\/ul>\n<\/div>\n<div style=\"float: left;padding: 10px\">\n<ul>\n<li><a href=\"https:\/\/www.esports-betting.pro\/es\/fifa\/\"><strong><span style=\"font-size: 14pt\"><img loading=\"lazy\" decoding=\"async\" class=\"alignnone size-full wp-image-13391\" src=\"https:\/\/www.esports-betting.pro\/app\/uploads\/sites\/3\/2018\/07\/FIFA-Logo-Icon.png\" alt=\"FIFA Logo Icono\" width=\"40\" height=\"40\" \/>\u00a0FIFA<\/span><\/strong><\/a><\/li>\n<li><strong><span style=\"font-size: 14pt\"><img loading=\"lazy\" decoding=\"async\" class=\"alignnone size-full wp-image-13407\" src=\"https:\/\/www.esports-betting.pro\/app\/uploads\/sites\/3\/2018\/07\/World-of-Warcraft-Logo-Icon.png\" alt=\"World of Warcraft Logo Icono\" width=\"40\" height=\"40\" \/>\u00a0Warcraft 3<\/span><\/strong><\/li>\n<li><a href=\"https:\/\/www.esports-betting.pro\/es\/overwatch\/\"><strong><span style=\"font-size: 14pt\"><img loading=\"lazy\" decoding=\"async\" class=\"alignnone size-full wp-image-13398\" src=\"https:\/\/www.esports-betting.pro\/app\/uploads\/sites\/3\/2018\/07\/Overwatch-Logo-Icon.png\" alt=\"Overwatch Logo Icono\" width=\"40\" height=\"40\" \/>\u00a0Overwatch<\/span><\/strong><\/a><\/li>\n<li><a href=\"https:\/\/www.esports-betting.pro\/es\/hots\/\"><strong><span style=\"font-size: 14pt\"><img loading=\"lazy\" decoding=\"async\" class=\"alignnone size-full wp-image-13395\" src=\"https:\/\/www.esports-betting.pro\/app\/uploads\/sites\/3\/2018\/07\/Heroes-of-the-Storm-Logo-Icon.png\" alt=\"Heroes of the Storm Logo Icono\" width=\"40\" height=\"40\" \/>\u00a0HotS<\/span><\/strong><\/a><\/li>\n<li><strong><span style=\"font-size: 14pt\"><img loading=\"lazy\" decoding=\"async\" class=\"alignnone size-full wp-image-13387\" src=\"https:\/\/www.esports-betting.pro\/app\/uploads\/sites\/3\/2018\/07\/Arena-of-Valor-Logo-Icon.png\" alt=\"Arena of Valor Logo Icono\" width=\"40\" height=\"40\" \/>\u00a0Arena of Valor<\/span><\/strong><\/li>\n<li><strong><span style=\"font-size: 14pt\"><img loading=\"lazy\" decoding=\"async\" class=\"alignnone size-full wp-image-13400\" src=\"https:\/\/www.esports-betting.pro\/app\/uploads\/sites\/3\/2018\/07\/Rainbow-Six-Logo-Icon.png\" alt=\"Rainbow 6 Logo Icono\" width=\"40\" height=\"40\" \/>\u00a0Rainbow 6<\/span><\/strong><\/li>\n<\/ul>\n<\/div>\n<\/div>\n<p style=\"text-align: justify\">Richard Smith, director ejecutivo de Pixel.bet, mencion\u00f3 que: &#8220;En la actualidad, los aficionados al esport no est\u00e1n siendo atendidos como se merecen; sus juegos favoritos est\u00e1n escondidos en un peque\u00f1o rinc\u00f3n de una enorme plataforma de apuestas deportivas donde el centro de atenci\u00f3n es el f\u00fatbol o el tenis. [\u2026] Pixel.bet ha sido dise\u00f1ado para ofrecer a los aficionados de eSports una plataforma sencilla, r\u00e1pida y sin fisuras. Pasamos mucho tiempo optimizando el UX, haciendo una soluci\u00f3n que ser\u00eda f\u00e1cil de apostar mientras ve\u00edas a tu equipo favorito jugar en vivo en Twitch&#8221;.<\/p>\n<p style=\"text-align: justify\">Ya que Pixel.bet es una plataforma exclusiva para gamers, los usuarios pueden apostar en juegos como DOTA 2, CS:GO\u00a0 y League of Legends, que aparecen regularmente en torneos como ESL One, War Gaming League y StarLadder.<\/p>\n<h2>Tipos de apuestas disponibles en Pixel.bet<\/h2>\n<p style=\"text-align: justify\">La innovadora plataforma de eSports ofrecer\u00e1 el servicio de apuestas m\u00e1s completo de casas de apuestas de videojuegos vista hasta ahora, ofreciendo mercados de apuestas que cubren torneos completos, partidos y juegos individuales y maps. En total, podr\u00e1s elegir entre los siguientes tipos de apuesta para el eSport de tu preferencia:<\/p>\n<ul>\n<li>Apuestas en mapas<\/li>\n<li>Total de rondas (CS:GO)<\/li>\n<li>Probabilidades\/n\u00famero par de rondas (CS:GO)<\/li>\n<\/ul>\n<p style=\"text-align: justify\">El potencial de las apuestas en eSports muestra, seg\u00fan una encuesta realizada por Newzoo, que habr\u00e1 286 millones de jugadores y alrededor de 300 millones de seguidores ocasionales para 2020. Asimismo, Newzoo afirm\u00f3 que los ingresos totales del sector ascender\u00e1n a 1.490 millones de d\u00f3lares esa fecha. Tambi\u00e9n explic\u00f3 que las apuestas en eSports por s\u00ed solas podr\u00edan ser mayores que la propia econom\u00eda de eSports. Es importante destacar que Pixel.bet ofrece un bono de bienvenida de 2\u20ac a sus nuevos usuarios, el cual solo podr\u00e1s recibir si verificas tu cuenta durante el plazo BETA ya que son ofertas limitadas.<\/p>\n<h2>\u00bfSon posibles las apuestas en vivo o s\u00f3lo las apuestas antes del evento?<\/h2>\n<p style=\"text-align: justify\">La parte m\u00e1s emocionante de las apuestas esports en pixel.bet es la apuesta por EVENTOS en directo. Los torneos est\u00e1n ocurriendo en este momento y puedes apostar por ellos mientras los est\u00e1s viendo. De esta manera, puedes hacer que tu decisi\u00f3n de apuestas esports sea a\u00fan m\u00e1s precisa y que el partido sea a\u00fan m\u00e1s emocionante. Afortunadamente, nuestro defensor de los esports, Pixel.bet, tambi\u00e9n ofrece apuestas en vivo. Eso te permite ser a\u00fan m\u00e1s parte del torneo. Las apuestas en vivo se pueden encontrar bajo el juego espec\u00edfico, y Pixel.bet hace que sea f\u00e1cil encontrar las mejores cuotas tambi\u00e9n.<\/p>\n<h2>\u00bfPixel.bet s\u00f3lo ofrece apuestas en eSports u otros tipos de deportes tambi\u00e9n?<\/h2>\n<p style=\"text-align: justify\">Pixel.bet tiene un \u00fanico foco, que es el de las apuestas esports. El corredor de apuestas es uno de los pocos que realmente elige la dedicaci\u00f3n al mundo de los esports. Hay muchas opciones que ofrecen apuestas esports. Incluyendo grandes cuotas, ofertas de bonos, y otras cosas interesantes, que hacen que las apuestas esports en Pixel.bet sean a\u00fan m\u00e1s interesantes. Pero si quieres apostar al f\u00fatbol o al hockey, no es tu corredor de apuestas.<\/p>\n<h2>\u00bfQu\u00e9 tan f\u00e1cil es encontrar las apuestas eSports en Pixel.bet?<\/h2>\n<p style=\"text-align: justify\">No hay nada m\u00e1s natural que encontrar las apuestas esports en el sitio web Pixel.bet. Est\u00e1n en todas partes ya que la casa de apuestas s\u00f3lo ofrece esports. No ofrecen otras apuestas deportivas y se centran principalmente en los esports. Esto hace que sea f\u00e1cil encontrar sus deportes favoritos con s\u00f3lo unos pocos clics en el sitio web limpio y atractivo de Pixel.bet. En el men\u00fa principal s\u00f3lo tienes que elegir el juego al que quieres apostar y hacer clic en \u00e9l, \u00a1y ya est\u00e1!<\/p>\n<h2>\u00bfQu\u00e9 tan buenas son sus cuotas para los eSports?<\/h2>\n<p>No es de extra\u00f1ar, que pixel.bet ofrece grandes posibilidades para las apuestas esports. Su enfoque no s\u00f3lo se centra en los eventos deportivos m\u00e1s importantes y en los torneos m\u00e1s importantes. Tambi\u00e9n cubren eventos m\u00e1s peque\u00f1os y menos famosos y siempre tienen altas probabilidades para sus apuestas esports.<\/p>\n<h2>Bonificaci\u00f3n de bienvenida<\/h2>\n<p style=\"text-align: justify\">Pixel.bet ofrece un bono de bienvenida del 100% hasta 50 euros en su primer dep\u00f3sito. Al registrarse, tambi\u00e9n ofrecen un bono gratuito de 2 euros. Este bono es excelente para probar las apuestas y mirar a su alrededor, ya que no requiere un dep\u00f3sito y es s\u00f3lo para que usted pruebe sus apuestas esports. Para la bonificaci\u00f3n del 100%, se aplican algunos t\u00e9rminos y condiciones. Usted tiene que darle la vuelta 10 veces hasta que pueda acceder a sus fondos de bonificaci\u00f3n y retirar sus ganancias. S\u00f3lo ten en cuenta que tienes que utilizar el bono para las apuestas con cuotas superiores a 1,7 para seguir a\u00f1adiendo a la facturaci\u00f3n.<\/p>\n<h2>M\u00e9todos de pago<\/h2>\n<p>Pixel.bet a\u00fan no se caracteriza por una amplia variedad de m\u00e9todos de pago, sin embargo, esta plataforma te ofrece la posibilidad de realizar tus dep\u00f3sitos y retiros a trav\u00e9s de Skrill, una de las alternativas electr\u00f3nicas a los m\u00e9todos tradicionales en papel m\u00e1s seguras y usadas del mundo entero.<\/p>\n<div style=\"width: 100%;overflow: auto\" align=\"center\"><img loading=\"lazy\" decoding=\"async\" class=\"alignnone size-full wp-image-13674\" src=\"https:\/\/www.esports-betting.pro\/app\/uploads\/sites\/3\/2018\/08\/skrill.png\" alt=\"\" width=\"120\" height=\"75\" \/> <img loading=\"lazy\" decoding=\"async\" class=\"alignnone size-full wp-image-13669\" src=\"https:\/\/www.esports-betting.pro\/app\/uploads\/sites\/3\/2018\/08\/neteller-logo.png\" alt=\"\" width=\"120\" height=\"75\" \/> <img loading=\"lazy\" decoding=\"async\" class=\"alignnone size-full wp-image-13675\" src=\"https:\/\/www.esports-betting.pro\/app\/uploads\/sites\/3\/2018\/08\/trustly.png\" alt=\"\" width=\"120\" height=\"75\" \/> <img loading=\"lazy\" decoding=\"async\" class=\"alignnone size-full wp-image-13666\" src=\"https:\/\/www.esports-betting.pro\/app\/uploads\/sites\/3\/2018\/08\/mastercard.png\" alt=\"\" width=\"120\" height=\"75\" \/> <img loading=\"lazy\" decoding=\"async\" class=\"alignnone size-full wp-image-13676\" src=\"https:\/\/www.esports-betting.pro\/app\/uploads\/sites\/3\/2018\/08\/visa.png\" alt=\"\" width=\"120\" height=\"75\" \/> <img loading=\"lazy\" decoding=\"async\" class=\"alignnone size-full wp-image-13665\" src=\"https:\/\/www.esports-betting.pro\/app\/uploads\/sites\/3\/2018\/08\/maestro.png\" alt=\"\" width=\"120\" height=\"75\" \/><\/div>\n<h2>Canales de atenci\u00f3n al cliente<\/h2>\n<p style=\"text-align: justify\">Una vez que te registres en la p\u00e1gina, puedes contactar con el soporte t\u00e9cnico de pixel.bet directamente desde la pesta\u00f1a ubicada al final de la p\u00e1gina \u201ccontactar soporte\u201d en el cual te otorgar\u00e1n un ticket de soporte que ser\u00e1 enviado a tu correo luego de que ingreses el mismo, seguido de tus dudas o inquietudes respecto a la p\u00e1gina, tipos de apuestas, pol\u00edtica de privacidad, licencias de Pixel.bet, etc.<\/p>\n<p style=\"text-align: justify\">Asimismo, Pixel.bet te ofrece disponibilidad para solventar tus dudas respecto a cualquier tema en la p\u00e1gina mediante su chat en vivo que funciona las 24 horas del d\u00eda, los 7 d\u00edas a la semana.<\/p>\n<div style=\"width: 100%;overflow: auto\" align=\"center\"><img loading=\"lazy\" decoding=\"async\" class=\"alignnone size-full wp-image-13684\" src=\"https:\/\/www.esports-betting.pro\/app\/uploads\/sites\/3\/2018\/08\/Email-Icon.png\" alt=\"\" width=\"65\" height=\"65\" \/> <img loading=\"lazy\" decoding=\"async\" class=\"alignnone size-full wp-image-13685\" src=\"https:\/\/www.esports-betting.pro\/app\/uploads\/sites\/3\/2018\/08\/Phone-Call-Icon.png\" alt=\"\" width=\"65\" height=\"65\" \/><\/div>\n<h2>Licencias de Pixel.bet<\/h2>\n<p style=\"text-align: justify\">Pixel.bet tiene su licencia en Cura\u00e7ao. Todos los productos pixel.bet son operados por Pixel Gaming Group Ltd BV con direcci\u00f3n registrada Dr. MJ Hugenholtzweg Z \/ N, UTS-Gebouw, Curacao, Antillas Holandesas, una compa\u00f1\u00eda autorizada y regulada por las leyes de Curazao bajo Curazao eGaming n\u00famero de licencia 1668 \/ JAZ. Los pagos son procesados \u200b\u200bpor APCO Systems con direcci\u00f3n registrada, Nineteen Twenty Three, Valletta Road Marsa, MRS 3000, Malta, seg\u00fan el acuerdo entre las dos compa\u00f1\u00edas.<\/p>\n<h2>Disponibilidad en pa\u00edses hispanohablantes<\/h2>\n<p style=\"text-align: justify\">De momento, Pixel.bet se lanzar\u00e1 inicialmente en los pa\u00edses de la Uni\u00f3n Europea, siendo Espa\u00f1a el \u00fanico pa\u00eds de habla hispana disponible de momento, aunque muy probablemente expandan su mercado tambi\u00e9n a otros pa\u00edses del mundo, incluyendo Latinoam\u00e9rica, esperemos que en un no muy largo plazo.<\/p>\n","protected":false},"excerpt":{"rendered":"<p>Apuestas en Pixel.Bet | Rese\u00f1a del Bookmaker Pixel.bet es una de las plataformas de eSports m\u00e1s r\u00e1pidas, vers\u00e1tiles y divertidas del mercado. Es una plataforma de apuestas de videojuegos fundada por expertos de la industria del gaming, es decir, dise\u00f1ada por gamers para gamers, y cuyo objetivo principal es ofrecer la m\u00e1s satisfactoria experiencia de &hellip; <a href=\"https:\/\/www.esports-betting.pro\/es\/sitios-apuestas-esports-2\/pixelbet\/\">Continued<\/a><\/p>\n","protected":false},"author":24,"featured_media":0,"parent":689,"menu_order":0,"comment_status":"closed","ping_status":"closed","template":"","meta":{"_acf_changed":false,"footnotes":""},"acf":[],"yoast_head":"<!-- This site is optimized with the Yoast SEO plugin v22.6 - https:\/\/yoast.com\/wordpress\/plugins\/seo\/ -->\n<title>Pixel.bet, la plataforma exclusiva de eSports para todos los gamers.<\/title>\n<meta name=\"description\" content=\"Te invitamos a conocer Pixel.bet, una plataforma de apuestas online exclusiva para los entusiastas eSports, aqu\u00ed te ense\u00f1aremos sobre las apuestas eSports.\" \/>\n<meta name=\"robots\" content=\"index, follow, max-snippet:-1, max-image-preview:large, max-video-preview:-1\" \/>\n<link rel=\"canonical\" href=\"https:\/\/www.esports-betting.pro\/es\/sitios-apuestas-esports-2\/pixelbet\/\" \/>\n<meta property=\"og:locale\" content=\"es_ES\" \/>\n<meta property=\"og:type\" content=\"article\" \/>\n<meta property=\"og:title\" content=\"Pixel.bet, la plataforma exclusiva de eSports para todos los gamers.\" \/>\n<meta property=\"og:description\" content=\"Te invitamos a conocer Pixel.bet, una plataforma de apuestas online exclusiva para los entusiastas eSports, aqu\u00ed te ense\u00f1aremos sobre las apuestas eSports.\" \/>\n<meta property=\"og:url\" content=\"https:\/\/www.esports-betting.pro\/es\/sitios-apuestas-esports-2\/pixelbet\/\" \/>\n<meta property=\"og:site_name\" content=\"Esports Betting - ES\" \/>\n<meta property=\"article:modified_time\" content=\"2022-09-12T12:48:31+00:00\" \/>\n<meta property=\"og:image\" content=\"https:\/\/www.esports-betting.pro\/app\/uploads\/sites\/3\/2018\/08\/Pixel.Bet-Apuestas-Esports-Logo.png\" \/>\n<meta name=\"twitter:card\" content=\"summary_large_image\" \/>\n<meta name=\"twitter:label1\" content=\"Est. reading time\" \/>\n\t<meta name=\"twitter:data1\" content=\"11 minutos\" \/>\n<script type=\"application\/ld+json\" class=\"yoast-schema-graph\">{\"@context\":\"https:\/\/schema.org\",\"@graph\":[{\"@type\":\"WebPage\",\"@id\":\"https:\/\/www.esports-betting.pro\/es\/sitios-apuestas-esports-2\/pixelbet\/\",\"url\":\"https:\/\/www.esports-betting.pro\/es\/sitios-apuestas-esports-2\/pixelbet\/\",\"name\":\"Pixel.bet, la plataforma exclusiva de eSports para todos los gamers.\",\"isPartOf\":{\"@id\":\"https:\/\/www.esports-betting.pro\/es\/#website\"},\"primaryImageOfPage\":{\"@id\":\"https:\/\/www.esports-betting.pro\/es\/sitios-apuestas-esports-2\/pixelbet\/#primaryimage\"},\"image\":{\"@id\":\"https:\/\/www.esports-betting.pro\/es\/sitios-apuestas-esports-2\/pixelbet\/#primaryimage\"},\"thumbnailUrl\":\"https:\/\/www.esports-betting.pro\/app\/uploads\/sites\/3\/2018\/08\/Pixel.Bet-Apuestas-Esports-Logo.png\",\"datePublished\":\"2018-09-16T22:35:18+00:00\",\"dateModified\":\"2022-09-12T12:48:31+00:00\",\"description\":\"Te invitamos a conocer Pixel.bet, una plataforma de apuestas online exclusiva para los entusiastas eSports, aqu\u00ed te ense\u00f1aremos sobre las apuestas eSports.\",\"breadcrumb\":{\"@id\":\"https:\/\/www.esports-betting.pro\/es\/sitios-apuestas-esports-2\/pixelbet\/#breadcrumb\"},\"inLanguage\":\"es\",\"potentialAction\":[{\"@type\":\"ReadAction\",\"target\":[\"https:\/\/www.esports-betting.pro\/es\/sitios-apuestas-esports-2\/pixelbet\/\"]}]},{\"@type\":\"ImageObject\",\"inLanguage\":\"es\",\"@id\":\"https:\/\/www.esports-betting.pro\/es\/sitios-apuestas-esports-2\/pixelbet\/#primaryimage\",\"url\":\"https:\/\/www.esports-betting.pro\/app\/uploads\/sites\/3\/2018\/08\/Pixel.Bet-Apuestas-Esports-Logo.png\",\"contentUrl\":\"https:\/\/www.esports-betting.pro\/app\/uploads\/sites\/3\/2018\/08\/Pixel.Bet-Apuestas-Esports-Logo.png\"},{\"@type\":\"BreadcrumbList\",\"@id\":\"https:\/\/www.esports-betting.pro\/es\/sitios-apuestas-esports-2\/pixelbet\/#breadcrumb\",\"itemListElement\":[{\"@type\":\"ListItem\",\"position\":1,\"name\":\"Home\",\"item\":\"https:\/\/www.esports-betting.pro\/es\/\"},{\"@type\":\"ListItem\",\"position\":2,\"name\":\"Rese\u00f1as de Corredores de Apuestas\",\"item\":\"https:\/\/www.esports-betting.pro\/es\/sitios-apuestas-esports-2\/\"},{\"@type\":\"ListItem\",\"position\":3,\"name\":\"Pixel.Bet\"}]},{\"@type\":\"WebSite\",\"@id\":\"https:\/\/www.esports-betting.pro\/es\/#website\",\"url\":\"https:\/\/www.esports-betting.pro\/es\/\",\"name\":\"Esports Betting - ES\",\"description\":\"Just another Esports Betting Sites site\",\"potentialAction\":[{\"@type\":\"SearchAction\",\"target\":{\"@type\":\"EntryPoint\",\"urlTemplate\":\"https:\/\/www.esports-betting.pro\/es\/?s={search_term_string}\"},\"query-input\":\"required name=search_term_string\"}],\"inLanguage\":\"es\"}]}<\/script>\n<!-- \/ Yoast SEO plugin. -->","yoast_head_json":{"title":"Pixel.bet, la plataforma exclusiva de eSports para todos los gamers.","description":"Te invitamos a conocer Pixel.bet, una plataforma de apuestas online exclusiva para los entusiastas eSports, aqu\u00ed te ense\u00f1aremos sobre las apuestas eSports.","robots":{"index":"index","follow":"follow","max-snippet":"max-snippet:-1","max-image-preview":"max-image-preview:large","max-video-preview":"max-video-preview:-1"},"canonical":"https:\/\/www.esports-betting.pro\/es\/sitios-apuestas-esports-2\/pixelbet\/","og_locale":"es_ES","og_type":"article","og_title":"Pixel.bet, la plataforma exclusiva de eSports para todos los gamers.","og_description":"Te invitamos a conocer Pixel.bet, una plataforma de apuestas online exclusiva para los entusiastas eSports, aqu\u00ed te ense\u00f1aremos sobre las apuestas eSports.","og_url":"https:\/\/www.esports-betting.pro\/es\/sitios-apuestas-esports-2\/pixelbet\/","og_site_name":"Esports Betting - ES","article_modified_time":"2022-09-12T12:48:31+00:00","og_image":[{"url":"https:\/\/www.esports-betting.pro\/app\/uploads\/sites\/3\/2018\/08\/Pixel.Bet-Apuestas-Esports-Logo.png"}],"twitter_card":"summary_large_image","twitter_misc":{"Est. reading time":"11 minutos"},"schema":{"@context":"https:\/\/schema.org","@graph":[{"@type":"WebPage","@id":"https:\/\/www.esports-betting.pro\/es\/sitios-apuestas-esports-2\/pixelbet\/","url":"https:\/\/www.esports-betting.pro\/es\/sitios-apuestas-esports-2\/pixelbet\/","name":"Pixel.bet, la plataforma exclusiva de eSports para todos los gamers.","isPartOf":{"@id":"https:\/\/www.esports-betting.pro\/es\/#website"},"primaryImageOfPage":{"@id":"https:\/\/www.esports-betting.pro\/es\/sitios-apuestas-esports-2\/pixelbet\/#primaryimage"},"image":{"@id":"https:\/\/www.esports-betting.pro\/es\/sitios-apuestas-esports-2\/pixelbet\/#primaryimage"},"thumbnailUrl":"https:\/\/www.esports-betting.pro\/app\/uploads\/sites\/3\/2018\/08\/Pixel.Bet-Apuestas-Esports-Logo.png","datePublished":"2018-09-16T22:35:18+00:00","dateModified":"2022-09-12T12:48:31+00:00","description":"Te invitamos a conocer Pixel.bet, una plataforma de apuestas online exclusiva para los entusiastas eSports, aqu\u00ed te ense\u00f1aremos sobre las apuestas eSports.","breadcrumb":{"@id":"https:\/\/www.esports-betting.pro\/es\/sitios-apuestas-esports-2\/pixelbet\/#breadcrumb"},"inLanguage":"es","potentialAction":[{"@type":"ReadAction","target":["https:\/\/www.esports-betting.pro\/es\/sitios-apuestas-esports-2\/pixelbet\/"]}]},{"@type":"ImageObject","inLanguage":"es","@id":"https:\/\/www.esports-betting.pro\/es\/sitios-apuestas-esports-2\/pixelbet\/#primaryimage","url":"https:\/\/www.esports-betting.pro\/app\/uploads\/sites\/3\/2018\/08\/Pixel.Bet-Apuestas-Esports-Logo.png","contentUrl":"https:\/\/www.esports-betting.pro\/app\/uploads\/sites\/3\/2018\/08\/Pixel.Bet-Apuestas-Esports-Logo.png"},{"@type":"BreadcrumbList","@id":"https:\/\/www.esports-betting.pro\/es\/sitios-apuestas-esports-2\/pixelbet\/#breadcrumb","itemListElement":[{"@type":"ListItem","position":1,"name":"Home","item":"https:\/\/www.esports-betting.pro\/es\/"},{"@type":"ListItem","position":2,"name":"Rese\u00f1as de Corredores de Apuestas","item":"https:\/\/www.esports-betting.pro\/es\/sitios-apuestas-esports-2\/"},{"@type":"ListItem","position":3,"name":"Pixel.Bet"}]},{"@type":"WebSite","@id":"https:\/\/www.esports-betting.pro\/es\/#website","url":"https:\/\/www.esports-betting.pro\/es\/","name":"Esports Betting - ES","description":"Just another Esports Betting Sites site","potentialAction":[{"@type":"SearchAction","target":{"@type":"EntryPoint","urlTemplate":"https:\/\/www.esports-betting.pro\/es\/?s={search_term_string}"},"query-input":"required name=search_term_string"}],"inLanguage":"es"}]}},"_links":{"self":[{"href":"https:\/\/www.esports-betting.pro\/es\/wp-json\/wp\/v2\/pages\/13789"}],"collection":[{"href":"https:\/\/www.esports-betting.pro\/es\/wp-json\/wp\/v2\/pages"}],"about":[{"href":"https:\/\/www.esports-betting.pro\/es\/wp-json\/wp\/v2\/types\/page"}],"author":[{"embeddable":true,"href":"https:\/\/www.esports-betting.pro\/es\/wp-json\/wp\/v2\/users\/24"}],"replies":[{"embeddable":true,"href":"https:\/\/www.esports-betting.pro\/es\/wp-json\/wp\/v2\/comments?post=13789"}],"version-history":[{"count":1,"href":"https:\/\/www.esports-betting.pro\/es\/wp-json\/wp\/v2\/pages\/13789\/revisions"}],"predecessor-version":[{"id":51661,"href":"https:\/\/www.esports-betting.pro\/es\/wp-json\/wp\/v2\/pages\/13789\/revisions\/51661"}],"up":[{"embeddable":true,"href":"https:\/\/www.esports-betting.pro\/es\/wp-json\/wp\/v2\/pages\/689"}],"wp:attachment":[{"href":"https:\/\/www.esports-betting.pro\/es\/wp-json\/wp\/v2\/media?parent=13789"}],"curies":[{"name":"wp","href":"https:\/\/api.w.org\/{rel}","templated":true}]}}