{"id":13728,"date":"2018-09-04T18:42:43","date_gmt":"2018-09-04T22:42:43","guid":{"rendered":"https:\/\/www.esports-betting.pro\/es\/?page_id=13728"},"modified":"2018-09-04T18:42:43","modified_gmt":"2018-09-04T22:42:43","slug":"betstars-espana","status":"publish","type":"page","link":"https:\/\/www.esports-betting.pro\/es\/sitios-apuestas-esports-2\/betstars-espana\/","title":{"rendered":"BetStars &#8211; Espa\u00f1a"},"content":{"rendered":"<h2>Apuestas en Betstars Espa\u00f1a | Rese\u00f1a del Bookmaker<\/h2>\n<p style=\"text-align: justify\">BetStars es un servicio de apuestas online en el que puedes obtener hasta 20\u20ac en apuestas gratis. Es una de las plataformas de eSports que ofrece m\u00e1s posibilidades de apuesta y m\u00e9todos de pago, tanto en dep\u00f3sitos como en retiro de fondos.<\/p>\n<p style=\"text-align: justify\">Si ya eres miembro de la secci\u00f3n de p\u00f3ker puedes ingresar f\u00e1cilmente con tu nombre de usuario y contrase\u00f1a existentes. Si eres un nuevo usuario, m\u00e1s f\u00e1cil, solo tienes que descargar su programa para ordenador o, si prefieres tenerlo en tu tel\u00e9fono m\u00f3vil, descargar la <em>aplicaci\u00f3n para Android de Betstars<\/em>.\u00a0 En esta ocasi\u00f3n hemos preparado un review sobre los procesos generales de eSports en Betstars, \u00a1A jugar!<\/p>\n<p style=\"text-align: justify\">Por si fuera poco, Betstars Espa\u00f1a ofrece hasta 100\u20ac en apuestas como bono de bienvenida, el cual puedes aprovechar con su modalidad de apuestas en vivo las 24 horas del d\u00eda.<\/p>\n<p style=\"text-align: center\">\n<h2>Juegos ofrecidos por Betstars<\/h2>\n<div style=\"width: 100%;overflow: auto\">\n<div style=\"float: left;width: 150px;height: 200px;text-align: left\"><img loading=\"lazy\" decoding=\"async\" class=\"alignnone size-full wp-image-13641\" src=\"https:\/\/www.esports-betting.pro\/app\/uploads\/sites\/3\/2018\/08\/Betstars-Pokerstars-Apuestas-Esports-Logo.jpg\" alt=\"BetStars Apuestas Esports Logo\" width=\"200\" height=\"200\" \/><br \/>\nVer cuotas actuales<\/div>\n<div style=\"float: left;padding: 10px\">\n<ul>\n<li><a href=\"https:\/\/www.esports-betting.pro\/es\/dota-2\/\"><strong><span style=\"font-size: 14pt\"><img loading=\"lazy\" decoding=\"async\" class=\"alignnone size-full wp-image-13390\" src=\"https:\/\/www.esports-betting.pro\/app\/uploads\/sites\/3\/2018\/07\/Dota-2-Logo-Icon.png\" alt=\"Dota 2 Logo Icono\" width=\"40\" height=\"40\" \/>Dota 2<\/span><\/strong><\/a><\/li>\n<li><a href=\"https:\/\/www.esports-betting.pro\/es\/league-of-legends-lol\/\"><strong><span style=\"font-size: 14pt\"><img loading=\"lazy\" decoding=\"async\" class=\"alignnone size-full wp-image-13396\" src=\"https:\/\/www.esports-betting.pro\/app\/uploads\/sites\/3\/2018\/07\/League-of-Legends-Logo-Icon-1.png\" alt=\"League of Legends Logo Icono\" width=\"40\" height=\"40\" \/>\u00a0LoL<\/span><\/strong><\/a><\/li>\n<li><a href=\"https:\/\/www.esports-betting.pro\/es\/counter-strike-csgo\/\"><strong><span style=\"font-size: 14pt\"><img loading=\"lazy\" decoding=\"async\" class=\"alignnone size-full wp-image-13389\" src=\"https:\/\/www.esports-betting.pro\/app\/uploads\/sites\/3\/2018\/07\/Counter-Strike-Global-Offensive-Logo-Icon.png\" alt=\"Counter Strike Global Offensive Logo Icono\" width=\"40\" height=\"40\" \/>\u00a0CS:GO<\/span><\/strong><\/a><\/li>\n<\/ul>\n<\/div>\n<div style=\"float: left;padding: 10px\"><\/div>\n<\/div>\n<p style=\"text-align: justify\">Entre los videojuegos ofrecidos por Betstars se encuentran Dota2, CS:GO, League of Legends, los cuales, a su vez, ofrecen diferentes ligas en las que puedes participar. Puede que no sea una vasta variedad, pero se posicionan como los eSports m\u00e1s jugados en las plataformas de apuestas online por el momento.<\/p>\n<p>Esperemos que con el tiempo incluyan otros eSports como Overwatch II o Call of Duty, de manera de hacerle frente a la demanda y posicionarse mejor respecto a otras p\u00e1ginas de apuestas en Espa\u00f1a.<\/p>\n<h2>Apuestas disponibles en Betstars<\/h2>\n<p style=\"text-align: justify\">La satisfacci\u00f3n de las demandas de sus usuarios es primordial para Betstars, por esto, ofrece determinados tipos de apuestas en los eSports mencionados a fin de cumplir con su cometido, hemos presentado una lista:<\/p>\n<ul>\n<li>Apuestas simples<\/li>\n<li>Apuestas m\u00faltiples<\/li>\n<li>Apuestas dobles<\/li>\n<li>Apuestas triples<\/li>\n<li>Trixie<\/li>\n<li>Patent<\/li>\n<li>Apuesta acumuladas<\/li>\n<li>Lucky<\/li>\n<li>Yankee<\/li>\n<li>Goliath<\/li>\n<\/ul>\n<h3>Descubre m\u00e1s apuestas ofrecidas por Betstars Espa\u00f1a<\/h3>\n<p style=\"text-align: justify\">Todo lo que debes hacer para comenzar a apostar en tu eSport favorito es elegir un evento, escoger el mercado, las probabilidades ofrecidas, fijar tu apuesta\u2026 y cruzar los dedos.<\/p>\n<p style=\"text-align: justify\">Si bien BetStars tiene como principio valorar las apuestas de sus usuarios lo m\u00e1s r\u00e1pido posible, puede que una u otra vez demoren un poco m\u00e1s de lo usual, en especial con eventos importantes como por ejemplo el Grand National o alguna Copa Mundial. Sin embargo, la mejor forma de confirmar si una apuesta fue valorada es consultar el Historial de tu cuenta.<\/p>\n<p style=\"text-align: justify\">Ya que Betstars tambi\u00e9n te brinda la opci\u00f3n de apuestas gratis, en caso de que quieras corroborar que tienes una apuesta gratis, puedes ir a la secci\u00f3n \u201capuestas gratis\u201d despu\u00e9s de iniciar sesi\u00f3n y leer la referencia.<\/p>\n<h2>Bono de bienvenida<\/h2>\n<p style=\"text-align: justify\">Los bonos son una gran fuerza de BetStars. Ofrecen un mont\u00f3n de promociones y diferentes bonos para cualquier aficionado a las apuestas. Su bono de bienvenida actual es de dos apuestas gratis de 10 euros cada una en su primera apuesta de 20 euros. Eso no es un bono especial de apuestas esports, pero puede ser usado para apuestas CS:GO o para una apuesta LoL a\u00fan m\u00e1s emocionante. S\u00f3lo ten en cuenta que el bono viene con algunos t\u00e9rminos y condiciones. Tienes que apostar un m\u00ednimo de 20 euros para recibir el bono de bienvenida. La oferta s\u00f3lo se aplica a una combinaci\u00f3n de apuestas con probabilidades de No ser\u00e1s elegible para esta promoci\u00f3n cuando deposites a trav\u00e9s de Neteller o Skrill, pero hay muchos otros m\u00e9todos de pago que puedes utilizar. BetStar recompensa a los clientes regulares y ofrece grandes bonos.<\/p>\n<p style=\"text-align: center\">\n<h2>M\u00e9todos de pago<\/h2>\n<p style=\"text-align: justify\">Venga, que son much\u00edsimos. Hemos hecho una recapitulaci\u00f3n para que no os perd\u00e1is:<\/p>\n<p>Dep\u00f3sito:<\/p>\n<ul>\n<li>EntroPay<\/li>\n<li>MasterCard<\/li>\n<li>Neosurf<\/li>\n<li>Neteller<\/li>\n<li>PayPal<\/li>\n<li>Paysafecard<\/li>\n<li>Skrill<\/li>\n<li>Transferencia Bancaria<\/li>\n<li>Trustly<\/li>\n<li>Visa<\/li>\n<\/ul>\n<p style=\"text-align: justify\">Adem\u00e1s de ofrecer una amplia selecci\u00f3n de partidas en euros, Betstars brinda la posibilidad de realizar dep\u00f3sitos, retirar fondos y jugar con USD (d\u00f3lares estadounidenses), CAD (d\u00f3lares canadienses) y GBP (libras esterlinas).<\/p>\n<div style=\"width: 100%;overflow: auto\" align=\"center\"><img loading=\"lazy\" decoding=\"async\" class=\"alignnone size-full wp-image-13666\" src=\"https:\/\/www.esports-betting.pro\/app\/uploads\/sites\/3\/2018\/08\/mastercard.png\" alt=\"\" width=\"120\" height=\"75\" \/> <img loading=\"lazy\" decoding=\"async\" class=\"alignnone size-full wp-image-13676\" src=\"https:\/\/www.esports-betting.pro\/app\/uploads\/sites\/3\/2018\/08\/visa.png\" alt=\"\" width=\"120\" height=\"75\" \/> <img loading=\"lazy\" decoding=\"async\" class=\"alignnone size-full wp-image-13674\" src=\"https:\/\/www.esports-betting.pro\/app\/uploads\/sites\/3\/2018\/08\/skrill.png\" alt=\"\" width=\"120\" height=\"75\" \/> <img loading=\"lazy\" decoding=\"async\" class=\"alignnone size-full wp-image-13669\" src=\"https:\/\/www.esports-betting.pro\/app\/uploads\/sites\/3\/2018\/08\/neteller-logo.png\" alt=\"\" width=\"120\" height=\"75\" \/> <img loading=\"lazy\" decoding=\"async\" class=\"alignnone size-full wp-image-13671\" src=\"https:\/\/www.esports-betting.pro\/app\/uploads\/sites\/3\/2018\/08\/paysafecard.png\" alt=\"\" width=\"120\" height=\"75\" \/> <img loading=\"lazy\" decoding=\"async\" class=\"alignnone size-full wp-image-13660\" src=\"https:\/\/www.esports-betting.pro\/app\/uploads\/sites\/3\/2018\/08\/giropay.png\" alt=\"\" width=\"120\" height=\"75\" \/> <img loading=\"lazy\" decoding=\"async\" class=\"alignnone size-full wp-image-13665\" src=\"https:\/\/www.esports-betting.pro\/app\/uploads\/sites\/3\/2018\/08\/maestro.png\" alt=\"\" width=\"120\" height=\"75\" \/> <img loading=\"lazy\" decoding=\"async\" class=\"alignnone size-full wp-image-13663\" src=\"https:\/\/www.esports-betting.pro\/app\/uploads\/sites\/3\/2018\/08\/instadebit.png\" alt=\"\" width=\"120\" height=\"75\" \/> <img loading=\"lazy\" decoding=\"async\" class=\"alignnone size-full wp-image-13668\" src=\"https:\/\/www.esports-betting.pro\/app\/uploads\/sites\/3\/2018\/08\/MuchBetter.png\" alt=\"\" width=\"120\" height=\"75\" \/> <img loading=\"lazy\" decoding=\"async\" class=\"alignnone size-full wp-image-13657\" src=\"https:\/\/www.esports-betting.pro\/app\/uploads\/sites\/3\/2018\/08\/entropay.png\" alt=\"\" width=\"120\" height=\"75\" \/> <img loading=\"lazy\" decoding=\"async\" class=\"alignnone size-full wp-image-13655\" src=\"https:\/\/www.esports-betting.pro\/app\/uploads\/sites\/3\/2018\/08\/ecopayz.png\" alt=\"\" width=\"120\" height=\"75\" \/><\/div>\n<h3>Opci\u00f3n de sistemas prepago:<\/h3>\n<p style=\"text-align: justify\">Ya hemos dicho que Betstars es una de las plataformas m\u00e1s vers\u00e1tiles en cuanto a sus m\u00e9todos de pago, as\u00ed que, naturalmente, tambi\u00e9n ofrece sistemas prepagos, tales como Paysafecard, los vales de Neosurf y Entropay. En relaci\u00f3n a este \u00faltimo, se proporciona un proceso r\u00e1pido de reintegro de dinero, con la condici\u00f3n de que se haya realizado un dep\u00f3sito con el mismo sistema durante los \u00faltimos seis meses.<\/p>\n<h3>\u00bfC\u00f3mo registrar un m\u00e9todo de pago?<\/h3>\n<p style=\"text-align: justify\">En Betstars los dep\u00f3sitos m\u00ednimos son de \u20ac10 y el m\u00e1ximo de: 600\u20ac al d\u00eda, 1500\u20ac a la semana y 3000\u20ac al mes.<\/p>\n<p style=\"text-align: justify\">El procedimiento para registrar los m\u00e9todos de pago es muy simple, basta con abrir la cuenta personal, ir al cajero y all\u00ed elegir el m\u00e9todo de tu preferencia. Ya que te encuentres all\u00ed, justo como cualquier otro formulario, deber\u00e1s rellenar el espacio que se te muestre con tu n\u00famero de tarjeta, el reverso y la cantidad a depositar.<\/p>\n<h2>Canales de atenci\u00f3n al cliente<\/h2>\n<p style=\"text-align: justify\">Cualquier jugador de eSports en Betstars puede resolver sus dudas, preguntas e inquietudes a trav\u00e9s de support@betstars.com. Es cierto que no poseen un chat en vivo, pero vaya que te ayudan a resolver dudas a la brevedad posible. Usualmente no tardan m\u00e1s de tres horas en hacerlo.<\/p>\n<div style=\"width: 100%;overflow: auto\" align=\"center\"><img loading=\"lazy\" decoding=\"async\" class=\"alignnone size-full wp-image-13683\" src=\"https:\/\/www.esports-betting.pro\/app\/uploads\/sites\/3\/2018\/08\/Chat-Icon.png\" alt=\"\" width=\"65\" height=\"65\" \/> <img loading=\"lazy\" decoding=\"async\" class=\"alignnone size-full wp-image-13684\" src=\"https:\/\/www.esports-betting.pro\/app\/uploads\/sites\/3\/2018\/08\/Email-Icon.png\" alt=\"\" width=\"65\" height=\"65\" \/><\/div>\n<h2>\u00a1Encontrar los eSports en Betstars es muy sencillo!<\/h2>\n<p style=\"text-align: justify\">Para los nuevos usuarios de Betstars, basta solo con descargar su software en la computadora o m\u00f3vil. Aquellos que ya est\u00e1n registrados en su secci\u00f3n de p\u00f3ker pueden ingresar su username y contrase\u00f1a establecidos. Seguido a esto, solo debes ir a la secci\u00f3n de inicio y cliquear en eSports.<\/p>\n<h2>Licencias de Betstars<\/h2>\n<p style=\"text-align: justify\">BetStars tiene licencia de apuestas en Malta por la Autoridad de Juegos de Malta. Ellos aseguran que el corredor de apuestas cumple con las normas internacionales y las directrices de juego. Tambi\u00e9n son auditados por organizaciones independientes de terceros que se aseguran de que las cosas se mantengan justas y seguras. BetStars hace un gran trabajo, y no hay necesidad de preocuparse si desea realizar una apuesta esports all\u00ed. Ellos realmente merecen su licencia, y tendr\u00e1s una gran experiencia apostando en lo esports en BetStars.<\/p>\n","protected":false},"excerpt":{"rendered":"<p>Apuestas en Betstars Espa\u00f1a | Rese\u00f1a del Bookmaker BetStars es un servicio de apuestas online en el que puedes obtener hasta 20\u20ac en apuestas gratis. Es una de las plataformas de eSports que ofrece m\u00e1s posibilidades de apuesta y m\u00e9todos de pago, tanto en dep\u00f3sitos como en retiro de fondos. Si ya eres miembro de &hellip; <a href=\"https:\/\/www.esports-betting.pro\/es\/sitios-apuestas-esports-2\/betstars-espana\/\">Continued<\/a><\/p>\n","protected":false},"author":24,"featured_media":0,"parent":689,"menu_order":0,"comment_status":"closed","ping_status":"closed","template":"","meta":{"_acf_changed":false,"footnotes":""},"acf":[],"yoast_head":"<!-- This site is optimized with the Yoast SEO plugin v22.6 - https:\/\/yoast.com\/wordpress\/plugins\/seo\/ -->\n<title>Apuestas eSports Betstars Espa\u00f1a | Lee nuestra rese\u00f1a de Betstars<\/title>\n<meta name=\"description\" content=\"La plataforma de apuestas en eSports m\u00e1s grande ha llegado a Espa\u00f1a, conoce todo lo que necesitas saber acerca de sus servicios y ventajas!\" \/>\n<meta name=\"robots\" content=\"index, follow, max-snippet:-1, max-image-preview:large, max-video-preview:-1\" \/>\n<link rel=\"canonical\" href=\"https:\/\/www.esports-betting.pro\/es\/sitios-apuestas-esports-2\/betstars-espana\/\" \/>\n<meta property=\"og:locale\" content=\"es_ES\" \/>\n<meta property=\"og:type\" content=\"article\" \/>\n<meta property=\"og:title\" content=\"Apuestas eSports Betstars Espa\u00f1a | Lee nuestra rese\u00f1a de Betstars\" \/>\n<meta property=\"og:description\" content=\"La plataforma de apuestas en eSports m\u00e1s grande ha llegado a Espa\u00f1a, conoce todo lo que necesitas saber acerca de sus servicios y ventajas!\" \/>\n<meta property=\"og:url\" content=\"https:\/\/www.esports-betting.pro\/es\/sitios-apuestas-esports-2\/betstars-espana\/\" \/>\n<meta property=\"og:site_name\" content=\"Esports Betting - ES\" \/>\n<meta property=\"og:image\" content=\"https:\/\/www.esports-betting.pro\/app\/uploads\/sites\/3\/2018\/08\/Betstars-Pokerstars-Apuestas-Esports-Logo.jpg\" \/>\n<meta name=\"twitter:card\" content=\"summary_large_image\" \/>\n<meta name=\"twitter:label1\" content=\"Est. reading time\" \/>\n\t<meta name=\"twitter:data1\" content=\"5 minutos\" \/>\n<script type=\"application\/ld+json\" class=\"yoast-schema-graph\">{\"@context\":\"https:\/\/schema.org\",\"@graph\":[{\"@type\":\"WebPage\",\"@id\":\"https:\/\/www.esports-betting.pro\/es\/sitios-apuestas-esports-2\/betstars-espana\/\",\"url\":\"https:\/\/www.esports-betting.pro\/es\/sitios-apuestas-esports-2\/betstars-espana\/\",\"name\":\"Apuestas eSports Betstars Espa\u00f1a | Lee nuestra rese\u00f1a de Betstars\",\"isPartOf\":{\"@id\":\"https:\/\/www.esports-betting.pro\/es\/#website\"},\"primaryImageOfPage\":{\"@id\":\"https:\/\/www.esports-betting.pro\/es\/sitios-apuestas-esports-2\/betstars-espana\/#primaryimage\"},\"image\":{\"@id\":\"https:\/\/www.esports-betting.pro\/es\/sitios-apuestas-esports-2\/betstars-espana\/#primaryimage\"},\"thumbnailUrl\":\"https:\/\/www.esports-betting.pro\/app\/uploads\/sites\/3\/2018\/08\/Betstars-Pokerstars-Apuestas-Esports-Logo.jpg\",\"datePublished\":\"2018-09-04T22:42:43+00:00\",\"dateModified\":\"2018-09-04T22:42:43+00:00\",\"description\":\"La plataforma de apuestas en eSports m\u00e1s grande ha llegado a Espa\u00f1a, conoce todo lo que necesitas saber acerca de sus servicios y ventajas!\",\"breadcrumb\":{\"@id\":\"https:\/\/www.esports-betting.pro\/es\/sitios-apuestas-esports-2\/betstars-espana\/#breadcrumb\"},\"inLanguage\":\"es\",\"potentialAction\":[{\"@type\":\"ReadAction\",\"target\":[\"https:\/\/www.esports-betting.pro\/es\/sitios-apuestas-esports-2\/betstars-espana\/\"]}]},{\"@type\":\"ImageObject\",\"inLanguage\":\"es\",\"@id\":\"https:\/\/www.esports-betting.pro\/es\/sitios-apuestas-esports-2\/betstars-espana\/#primaryimage\",\"url\":\"https:\/\/www.esports-betting.pro\/app\/uploads\/sites\/3\/2018\/08\/Betstars-Pokerstars-Apuestas-Esports-Logo.jpg\",\"contentUrl\":\"https:\/\/www.esports-betting.pro\/app\/uploads\/sites\/3\/2018\/08\/Betstars-Pokerstars-Apuestas-Esports-Logo.jpg\"},{\"@type\":\"BreadcrumbList\",\"@id\":\"https:\/\/www.esports-betting.pro\/es\/sitios-apuestas-esports-2\/betstars-espana\/#breadcrumb\",\"itemListElement\":[{\"@type\":\"ListItem\",\"position\":1,\"name\":\"Home\",\"item\":\"https:\/\/www.esports-betting.pro\/es\/\"},{\"@type\":\"ListItem\",\"position\":2,\"name\":\"Rese\u00f1as de Corredores de Apuestas\",\"item\":\"https:\/\/www.esports-betting.pro\/es\/sitios-apuestas-esports-2\/\"},{\"@type\":\"ListItem\",\"position\":3,\"name\":\"BetStars &#8211; Espa\u00f1a\"}]},{\"@type\":\"WebSite\",\"@id\":\"https:\/\/www.esports-betting.pro\/es\/#website\",\"url\":\"https:\/\/www.esports-betting.pro\/es\/\",\"name\":\"Esports Betting - ES\",\"description\":\"Just another Esports Betting Sites site\",\"potentialAction\":[{\"@type\":\"SearchAction\",\"target\":{\"@type\":\"EntryPoint\",\"urlTemplate\":\"https:\/\/www.esports-betting.pro\/es\/?s={search_term_string}\"},\"query-input\":\"required name=search_term_string\"}],\"inLanguage\":\"es\"}]}<\/script>\n<!-- \/ Yoast SEO plugin. -->","yoast_head_json":{"title":"Apuestas eSports Betstars Espa\u00f1a | Lee nuestra rese\u00f1a de Betstars","description":"La plataforma de apuestas en eSports m\u00e1s grande ha llegado a Espa\u00f1a, conoce todo lo que necesitas saber acerca de sus servicios y ventajas!","robots":{"index":"index","follow":"follow","max-snippet":"max-snippet:-1","max-image-preview":"max-image-preview:large","max-video-preview":"max-video-preview:-1"},"canonical":"https:\/\/www.esports-betting.pro\/es\/sitios-apuestas-esports-2\/betstars-espana\/","og_locale":"es_ES","og_type":"article","og_title":"Apuestas eSports Betstars Espa\u00f1a | Lee nuestra rese\u00f1a de Betstars","og_description":"La plataforma de apuestas en eSports m\u00e1s grande ha llegado a Espa\u00f1a, conoce todo lo que necesitas saber acerca de sus servicios y ventajas!","og_url":"https:\/\/www.esports-betting.pro\/es\/sitios-apuestas-esports-2\/betstars-espana\/","og_site_name":"Esports Betting - ES","og_image":[{"url":"https:\/\/www.esports-betting.pro\/app\/uploads\/sites\/3\/2018\/08\/Betstars-Pokerstars-Apuestas-Esports-Logo.jpg"}],"twitter_card":"summary_large_image","twitter_misc":{"Est. reading time":"5 minutos"},"schema":{"@context":"https:\/\/schema.org","@graph":[{"@type":"WebPage","@id":"https:\/\/www.esports-betting.pro\/es\/sitios-apuestas-esports-2\/betstars-espana\/","url":"https:\/\/www.esports-betting.pro\/es\/sitios-apuestas-esports-2\/betstars-espana\/","name":"Apuestas eSports Betstars Espa\u00f1a | Lee nuestra rese\u00f1a de Betstars","isPartOf":{"@id":"https:\/\/www.esports-betting.pro\/es\/#website"},"primaryImageOfPage":{"@id":"https:\/\/www.esports-betting.pro\/es\/sitios-apuestas-esports-2\/betstars-espana\/#primaryimage"},"image":{"@id":"https:\/\/www.esports-betting.pro\/es\/sitios-apuestas-esports-2\/betstars-espana\/#primaryimage"},"thumbnailUrl":"https:\/\/www.esports-betting.pro\/app\/uploads\/sites\/3\/2018\/08\/Betstars-Pokerstars-Apuestas-Esports-Logo.jpg","datePublished":"2018-09-04T22:42:43+00:00","dateModified":"2018-09-04T22:42:43+00:00","description":"La plataforma de apuestas en eSports m\u00e1s grande ha llegado a Espa\u00f1a, conoce todo lo que necesitas saber acerca de sus servicios y ventajas!","breadcrumb":{"@id":"https:\/\/www.esports-betting.pro\/es\/sitios-apuestas-esports-2\/betstars-espana\/#breadcrumb"},"inLanguage":"es","potentialAction":[{"@type":"ReadAction","target":["https:\/\/www.esports-betting.pro\/es\/sitios-apuestas-esports-2\/betstars-espana\/"]}]},{"@type":"ImageObject","inLanguage":"es","@id":"https:\/\/www.esports-betting.pro\/es\/sitios-apuestas-esports-2\/betstars-espana\/#primaryimage","url":"https:\/\/www.esports-betting.pro\/app\/uploads\/sites\/3\/2018\/08\/Betstars-Pokerstars-Apuestas-Esports-Logo.jpg","contentUrl":"https:\/\/www.esports-betting.pro\/app\/uploads\/sites\/3\/2018\/08\/Betstars-Pokerstars-Apuestas-Esports-Logo.jpg"},{"@type":"BreadcrumbList","@id":"https:\/\/www.esports-betting.pro\/es\/sitios-apuestas-esports-2\/betstars-espana\/#breadcrumb","itemListElement":[{"@type":"ListItem","position":1,"name":"Home","item":"https:\/\/www.esports-betting.pro\/es\/"},{"@type":"ListItem","position":2,"name":"Rese\u00f1as de Corredores de Apuestas","item":"https:\/\/www.esports-betting.pro\/es\/sitios-apuestas-esports-2\/"},{"@type":"ListItem","position":3,"name":"BetStars &#8211; Espa\u00f1a"}]},{"@type":"WebSite","@id":"https:\/\/www.esports-betting.pro\/es\/#website","url":"https:\/\/www.esports-betting.pro\/es\/","name":"Esports Betting - ES","description":"Just another Esports Betting Sites site","potentialAction":[{"@type":"SearchAction","target":{"@type":"EntryPoint","urlTemplate":"https:\/\/www.esports-betting.pro\/es\/?s={search_term_string}"},"query-input":"required name=search_term_string"}],"inLanguage":"es"}]}},"_links":{"self":[{"href":"https:\/\/www.esports-betting.pro\/es\/wp-json\/wp\/v2\/pages\/13728"}],"collection":[{"href":"https:\/\/www.esports-betting.pro\/es\/wp-json\/wp\/v2\/pages"}],"about":[{"href":"https:\/\/www.esports-betting.pro\/es\/wp-json\/wp\/v2\/types\/page"}],"author":[{"embeddable":true,"href":"https:\/\/www.esports-betting.pro\/es\/wp-json\/wp\/v2\/users\/24"}],"replies":[{"embeddable":true,"href":"https:\/\/www.esports-betting.pro\/es\/wp-json\/wp\/v2\/comments?post=13728"}],"version-history":[{"count":0,"href":"https:\/\/www.esports-betting.pro\/es\/wp-json\/wp\/v2\/pages\/13728\/revisions"}],"up":[{"embeddable":true,"href":"https:\/\/www.esports-betting.pro\/es\/wp-json\/wp\/v2\/pages\/689"}],"wp:attachment":[{"href":"https:\/\/www.esports-betting.pro\/es\/wp-json\/wp\/v2\/media?parent=13728"}],"curies":[{"name":"wp","href":"https:\/\/api.w.org\/{rel}","templated":true}]}}