{"id":13690,"date":"2018-08-25T20:49:12","date_gmt":"2018-08-26T00:49:12","guid":{"rendered":"https:\/\/www.esports-betting.pro\/es\/?page_id=13690"},"modified":"2018-08-25T20:49:12","modified_gmt":"2018-08-26T00:49:12","slug":"888sport","status":"publish","type":"page","link":"https:\/\/www.esports-betting.pro\/es\/sitios-apuestas-esports-2\/888sport\/","title":{"rendered":"888sport"},"content":{"rendered":"<h2>Apuestas en 888sport | Rese\u00f1a del Bookmaker<\/h2>\n<p style=\"text-align: justify\">888Sport es una de las plataformas de apuestas online m\u00e1s vers\u00e1tiles y comprometidas con sus usuarios a nivel mundial. Fundada en 2008, sus servicios est\u00e1n disponibles no solo en Espa\u00f1a, sino en otros pa\u00edses como Dinamarca, Reino Unido e Italia en sus versiones de escritorio y app disponibles para Android, iPad, iPod y iPhone en tu Tablet o m\u00f3vil. 888sport.es se posiciona entre los primeros cinco bookies de apuestas m\u00e1s confiables y seguros del mercado. Desde esta plataforma online l\u00edder en el mercado podr\u00e1s apostar en una gran variedad de eSports mundialmente reconocidos, como StarCraft 2, DotA 2, CS:GO, League of Legends y m\u00e1s. A pesar de que sea relativamente nuevo en el mercado en relaci\u00f3n con su \u00e9xito rotundo en 888sport sportsbook, con su modalidad de apuestas en vivo las 24 horas del d\u00eda, 888sport eSports se posiciona como uno de los sitios de apuestas online m\u00e1s confiables y f\u00e1ciles de usar en la actualidad.<\/p>\n<p style=\"text-align: justify\">Al completar tu proceso de registro en 888sport podr\u00e1s comenzar a apostar en una variedad de videojuegos que, si bien temporalmente limitada, \u00a0es brindada por una plataforma altamente confiable. Definitivamente es un lugar en el que se multiplican tus posibilidades de ganar.<\/p>\n<p style=\"text-align: center\">\n<h2>Juegos ofrecidos por 888sport<\/h2>\n<div style=\"width: 100%;overflow: auto\">\n<div style=\"float: left;width: 150px;height: 220px;text-align: left\"><img loading=\"lazy\" decoding=\"async\" class=\"alignnone wp-image-13635 size-full\" src=\"https:\/\/www.esports-betting.pro\/app\/uploads\/sites\/3\/2018\/08\/888sport-Apuestas-Esports-Logo.png\" alt=\"888sport Apuestas Esports Logo\" width=\"200\" height=\"200\" \/><br \/>\nVer cuotas actuales<\/div>\n<div style=\"float: left;padding: 10px\">\n<ul>\n<li><a href=\"https:\/\/www.esports-betting.pro\/es\/dota-2\/\"><strong><span style=\"font-size: 14pt\"><img loading=\"lazy\" decoding=\"async\" class=\"alignnone size-full wp-image-13390\" src=\"https:\/\/www.esports-betting.pro\/app\/uploads\/sites\/3\/2018\/07\/Dota-2-Logo-Icon.png\" alt=\"Dota 2 Logo Icono\" width=\"40\" height=\"40\" \/>Dota 2<\/span><\/strong><\/a><\/li>\n<li><a href=\"https:\/\/www.esports-betting.pro\/es\/league-of-legends-lol\/\"><strong><span style=\"font-size: 14pt\"><img loading=\"lazy\" decoding=\"async\" class=\"alignnone size-full wp-image-13396\" src=\"https:\/\/www.esports-betting.pro\/app\/uploads\/sites\/3\/2018\/07\/League-of-Legends-Logo-Icon-1.png\" alt=\"League of Legends Logo Icono\" width=\"40\" height=\"40\" \/>\u00a0LoL<\/span><\/strong><\/a><\/li>\n<li><a href=\"https:\/\/www.esports-betting.pro\/es\/counter-strike-csgo\/\"><strong><span style=\"font-size: 14pt\"><img loading=\"lazy\" decoding=\"async\" class=\"alignnone size-full wp-image-13389\" src=\"https:\/\/www.esports-betting.pro\/app\/uploads\/sites\/3\/2018\/07\/Counter-Strike-Global-Offensive-Logo-Icon.png\" alt=\"Counter Strike Global Offensive Logo Icono\" width=\"40\" height=\"40\" \/>\u00a0CS:GO<\/span><\/strong><\/a><\/li>\n<li><a href=\"https:\/\/www.esports-betting.pro\/es\/starcraft-2\/\"><strong><span style=\"font-size: 14pt\"><img loading=\"lazy\" decoding=\"async\" class=\"alignnone size-full wp-image-13403\" src=\"https:\/\/www.esports-betting.pro\/app\/uploads\/sites\/3\/2018\/07\/Stacraft-2-Logo-Icon.png\" alt=\"Starcraft 2 Logo Icono\" width=\"40\" height=\"40\" \/>\u00a0Starcraft 2<\/span><\/strong><\/a><\/li>\n<\/ul>\n<\/div>\n<div style=\"float: left;padding: 10px\">\n<ul>\n<li><a href=\"https:\/\/www.esports-betting.pro\/es\/overwatch\/\"><strong><span style=\"font-size: 14pt\"><img loading=\"lazy\" decoding=\"async\" class=\"alignnone size-full wp-image-13398\" src=\"https:\/\/www.esports-betting.pro\/app\/uploads\/sites\/3\/2018\/07\/Overwatch-Logo-Icon.png\" alt=\"Overwatch Logo Icono\" width=\"40\" height=\"40\" \/>\u00a0Overwatch<\/span><\/strong><\/a><\/li>\n<li><a href=\"https:\/\/www.esports-betting.pro\/es\/fifa\/\"><strong><span style=\"font-size: 14pt\"><img loading=\"lazy\" decoding=\"async\" class=\"alignnone size-full wp-image-13391\" src=\"https:\/\/www.esports-betting.pro\/app\/uploads\/sites\/3\/2018\/07\/FIFA-Logo-Icon.png\" alt=\"FIFA Logo Icono\" width=\"40\" height=\"40\" \/>\u00a0FIFA<\/span><\/strong><\/a><\/li>\n<li><span style=\"font-size: 14pt\"><strong><img loading=\"lazy\" decoding=\"async\" class=\"alignnone size-full wp-image-13397\" src=\"https:\/\/www.esports-betting.pro\/app\/uploads\/sites\/3\/2018\/07\/NBA2K-Logo-Icon.png\" alt=\"NBA 2K Logo Icono\" width=\"40\" height=\"40\" \/>\u00a0NBA 2K<\/strong><\/span><\/li>\n<\/ul>\n<\/div>\n<\/div>\n<p style=\"text-align: justify\">888Sport es m\u00e1s conocido por su \u00e9xito como sportsbook, principalmente en deportes como f\u00fatbol, carreras de caballos, galgos, Copa Mundial, Champions League, p\u00f3ker y gran cantidad de casino games. Recientemente, la plataforma decidi\u00f3 continuar con las innovaciones e incursionar tambi\u00e9n en los siguientes eSports: Dota 2, LoL, CS:GO y Starcraft 2. Esperemos que eventualmente en la lista de pr\u00f3ximos videojuegos incluyan Call of Duty o World of Tanks.<\/p>\n<p style=\"text-align: justify\">Asimismo, 888sport te permite realizar apuestas en vivo para que no te pierdas ni un segundo de la transmisi\u00f3n de tu juego preferido.<\/p>\n<h2>Apuestas disponibles<\/h2>\n<p style=\"text-align: justify\">Ya que la modalidad online es una de las m\u00e1s populares en el mundo de las apuestas hoy en d\u00eda, 888sport ofrece apuestas a toda hora, todo el d\u00eda. Desde la app 888sport, puedes llevar un registro de las puntuaciones con actualizaciones en mil\u00e9simas de segundo.<\/p>\n<p style=\"text-align: justify\">Para los nuevos clientes de eSports se ofrecen premios con probabilidades triples en las primeras apuestas. Asimismo, la plataforma tambi\u00e9n otorga bonos de hasta \u20ac5 y realizan promociones especiales, no solo en eSports, sino tambi\u00e9n en otros deportes y en su secci\u00f3n de Casino.<\/p>\n<p style=\"text-align: justify\">En este sentido, ya que las cuotas de las apuestas en vivo cambian constantemente, puedes utilizar tus propias estrategias y elegir el momento perfecto para ti y ser el ganador. 888sport tambi\u00e9n te ofrece la posibilidad de retirar tu apuesta en cualquier momento del partido, sin importar que este haya culminado o no, sin que esto afecte tus ganancias, gracias a su opci\u00f3n de cash-in y cash-out.<\/p>\n<h2>Bono de bienvenida: 100% hasta 100\u20ac para nuevos clientes<\/h2>\n<p style=\"text-align: justify\">En 888sport, los nuevos clientes se benefician de una bonificaci\u00f3n del 100 por ciento en el primer dep\u00f3sito de hasta 100 euros. Adem\u00e1s, cada principiante tiene la posibilidad de obtener un bono adicional de 10 euros para el 888casino con una apuesta deportiva de al menos 10 euros. El <em>Bono de Apuestas Deportivas<\/em> no se activa s\u00f3lo con el primer dep\u00f3sito. La primera apuesta es decisiva para la bonificaci\u00f3n. Para la primera apuesta, las probabilidades m\u00ednimas son de 1,5 y la apuesta se duplica hasta 100 euros con un bono.<\/p>\n<p style=\"text-align: justify\">El bono debe ser apostado 6 veces en un plazo de 60 d\u00edas. Tambi\u00e9n se aplica una cuota m\u00ednima de 1,5, que es un objetivo de ventas justo. Nos gustar\u00eda que el bono de bienvenida fuera a\u00fan mejor si no tuviera que activarse con una apuesta de dinero real. Sin embargo, el resultado final es: el bono de bienvenida de 888sport vale la pena. Las apuestas eSports en 888sport tambi\u00e9n se pueden utilizar sin restricciones para esta oferta de bonificaci\u00f3n.<\/p>\n<p style=\"text-align: center\">\n<h2>M\u00e9todos de pago<\/h2>\n<p style=\"text-align: justify\">Antes de comenzar a apostar en tus juegos favoritos, debes completar el proceso de registro. Es muy sencillo y no suele tomar mucho tiempo: lo primero que tienes que hacer introducir tu informaci\u00f3n b\u00e1sica de contacto, la cual, por tu seguridad, se verificar\u00e1 mediante el correo electr\u00f3nico que registres. Todo esto es posible bajo la \u00fanica condici\u00f3n de que seas mayor de edad. En 888Sport puedes tener total seguridad de tus transacciones, ya que est\u00e1n protegidas por el encriptado p\u00fablico\/privado RSA proporcionado por 888 Spain PLC, para garantizar que las transferencias sean seguras y confiables.<\/p>\n<p style=\"text-align: justify\">Los m\u00e9todos de pago de 888Sports se adaptan a tus requerimientos, entre ellos est\u00e1n las tarjetas de cr\u00e9dito, Sofort, PaysafeCards, Ewire, Neteller, Skrill, E-wallets, transferencias bancarias (Chile, Per\u00fa y M\u00e9xico), tarjeta de d\u00e9bito Visa, Mastercard, Eurocard, Diners Club, ToditoCash (M\u00e9xico).\u00a0 AstroPay, Boleto Banc\u00e1rio, Citadel Direct, DineroMail, Diners Club, EPS, Electronic Check (e-Checks), Entropay, Euteller, INSTADEBIT , Inpay, Instant Banking, Laser Card, Lobanet, Maestro, MasterCard, Moneta.ru, Multibanco, NETELLER, Nordea, POLi, PayPal, Postepay, Przelewy24, SOFORT \u00dcberweisung, Skrill, Solo card, Ticket Premuim, Trustly, Ukash , UseMyFunds, Visa, WebMoney , Wire Transfer, abaqoos, eKonto, eNETS, ecoPayz, giropay, iDEAL, iDebit, paysafecard. La disponibilidad var\u00eda de acuerdo a cada pa\u00eds. Con esta plataforma puedes tener total seguridad de que tus cobros se realizar\u00e1n de manera r\u00e1pida y segura: tu dinero nunca quedar\u00e1 atrapado por una larga cantidad de tiempo, as\u00ed como tampoco tendr\u00e1s problemas con los bonos y apuestas gratis.<\/p>\n<div style=\"width: 100%;overflow: auto\" align=\"center\"><img loading=\"lazy\" decoding=\"async\" class=\"alignnone size-full wp-image-13666\" src=\"https:\/\/www.esports-betting.pro\/app\/uploads\/sites\/3\/2018\/08\/mastercard.png\" alt=\"\" width=\"120\" height=\"75\" \/> <img loading=\"lazy\" decoding=\"async\" class=\"alignnone size-full wp-image-13676\" src=\"https:\/\/www.esports-betting.pro\/app\/uploads\/sites\/3\/2018\/08\/visa.png\" alt=\"\" width=\"120\" height=\"75\" \/> <img loading=\"lazy\" decoding=\"async\" class=\"alignnone size-full wp-image-13665\" src=\"https:\/\/www.esports-betting.pro\/app\/uploads\/sites\/3\/2018\/08\/maestro.png\" alt=\"\" width=\"120\" height=\"75\" \/> <img loading=\"lazy\" decoding=\"async\" class=\"alignnone size-full wp-image-13657\" src=\"https:\/\/www.esports-betting.pro\/app\/uploads\/sites\/3\/2018\/08\/entropay.png\" alt=\"\" width=\"120\" height=\"75\" \/> <img loading=\"lazy\" decoding=\"async\" class=\"alignnone size-full wp-image-13650\" src=\"https:\/\/www.esports-betting.pro\/app\/uploads\/sites\/3\/2018\/08\/astropay.png\" alt=\"\" width=\"120\" height=\"75\" \/> <img loading=\"lazy\" decoding=\"async\" class=\"alignnone size-full wp-image-13672\" src=\"https:\/\/www.esports-betting.pro\/app\/uploads\/sites\/3\/2018\/08\/qiwiwallet.png\" alt=\"\" width=\"120\" height=\"75\" \/> <img loading=\"lazy\" decoding=\"async\" class=\"alignnone size-full wp-image-13655\" src=\"https:\/\/www.esports-betting.pro\/app\/uploads\/sites\/3\/2018\/08\/ecopayz.png\" alt=\"\" width=\"120\" height=\"75\" \/> <img loading=\"lazy\" decoding=\"async\" class=\"alignnone size-full wp-image-13668\" src=\"https:\/\/www.esports-betting.pro\/app\/uploads\/sites\/3\/2018\/08\/MuchBetter.png\" alt=\"\" width=\"120\" height=\"75\" \/> <img loading=\"lazy\" decoding=\"async\" class=\"alignnone size-full wp-image-13670\" src=\"https:\/\/www.esports-betting.pro\/app\/uploads\/sites\/3\/2018\/08\/paypal.png\" alt=\"\" width=\"120\" height=\"75\" \/> <img loading=\"lazy\" decoding=\"async\" class=\"alignnone size-full wp-image-13669\" src=\"https:\/\/www.esports-betting.pro\/app\/uploads\/sites\/3\/2018\/08\/neteller-logo.png\" alt=\"\" width=\"120\" height=\"75\" \/> <img loading=\"lazy\" decoding=\"async\" class=\"alignnone size-full wp-image-13674\" src=\"https:\/\/www.esports-betting.pro\/app\/uploads\/sites\/3\/2018\/08\/skrill.png\" alt=\"\" width=\"120\" height=\"75\" \/> <img loading=\"lazy\" decoding=\"async\" class=\"alignnone size-full wp-image-13654\" src=\"https:\/\/www.esports-betting.pro\/app\/uploads\/sites\/3\/2018\/08\/boleto.png\" alt=\"\" width=\"120\" height=\"75\" \/> <img loading=\"lazy\" decoding=\"async\" class=\"alignnone size-full wp-image-13658\" src=\"https:\/\/www.esports-betting.pro\/app\/uploads\/sites\/3\/2018\/08\/eps.png\" alt=\"\" width=\"120\" height=\"75\" \/> <img loading=\"lazy\" decoding=\"async\" class=\"alignnone size-full wp-image-13661\" src=\"https:\/\/www.esports-betting.pro\/app\/uploads\/sites\/3\/2018\/08\/idebit.png\" alt=\"\" width=\"120\" height=\"75\" \/> <img loading=\"lazy\" decoding=\"async\" class=\"alignnone size-full wp-image-13663\" src=\"https:\/\/www.esports-betting.pro\/app\/uploads\/sites\/3\/2018\/08\/instadebit.png\" alt=\"\" width=\"120\" height=\"75\" \/> <img loading=\"lazy\" decoding=\"async\" class=\"alignnone size-full wp-image-13664\" src=\"https:\/\/www.esports-betting.pro\/app\/uploads\/sites\/3\/2018\/08\/klarna.png\" alt=\"\" width=\"120\" height=\"75\" \/> <img loading=\"lazy\" decoding=\"async\" class=\"alignnone size-full wp-image-13675\" src=\"https:\/\/www.esports-betting.pro\/app\/uploads\/sites\/3\/2018\/08\/trustly.png\" alt=\"\" width=\"120\" height=\"75\" \/> <img loading=\"lazy\" decoding=\"async\" class=\"alignnone size-full wp-image-13681\" src=\"https:\/\/www.esports-betting.pro\/app\/uploads\/sites\/3\/2018\/08\/yandex.png\" alt=\"\" width=\"120\" height=\"75\" \/><\/div>\n<h2>Canales de atenci\u00f3n al cliente<\/h2>\n<p style=\"text-align: justify\">Gracias a esta opci\u00f3n los usuarios podr\u00e1n contactar al soporte t\u00e9cnico de 888Sport a fin de solventar cualquier duda o informaci\u00f3n extra que deseen obtener respecto a sus apuestas. A trav\u00e9s del correo electr\u00f3nico o tel\u00e9fono, los miembros de atenci\u00f3n al cliente del s<em>taff<\/em> podr\u00e1n responder directamente a los usuarios. Desafortunadamente, por el momento no se dispone de un <em>Live chat o <\/em>chat en vivo. Si bien es un poco inusual que no se ofrezca un chat en vivo para los eSports en 888sports, los otros m\u00e9todos explicados un poco m\u00e1s arriba suelen ser suficientemente r\u00e1pidos y eficaces para todos sus usuarios.<\/p>\n<div style=\"width: 100%;overflow: auto\" align=\"center\"><img loading=\"lazy\" decoding=\"async\" class=\"alignnone size-full wp-image-13684\" src=\"https:\/\/www.esports-betting.pro\/app\/uploads\/sites\/3\/2018\/08\/Email-Icon.png\" alt=\"\" width=\"65\" height=\"65\" \/> <img loading=\"lazy\" decoding=\"async\" class=\"alignnone size-full wp-image-13685\" src=\"https:\/\/www.esports-betting.pro\/app\/uploads\/sites\/3\/2018\/08\/Phone-Call-Icon.png\" alt=\"\" width=\"65\" height=\"65\" \/><\/div>\n<h2>\u00bfC\u00f3mo encontrar los eSports en 888sport?<\/h2>\n<p style=\"text-align: justify\">\u00a1Pan comido! Todo lo que debes hacer es ir a \u201ctodos los deportes\u201d en la secci\u00f3n principal y luego cliquear en eSports y autom\u00e1ticamente ver\u00e1s todo lo que 888sport tiene para ofrecer.<\/p>\n<h2>Licencias de 888Sport<\/h2>\n<p style=\"text-align: justify\">Para asegurar tus transacciones, esta casa de apuestas l\u00edder en el mercado te brinda seguridad en tus juegos y transacciones, ya que cuenta con licencias oficiales en Gibraltar y en el Reino Unido. 888sport corre sus apuestas cotizando en la bolsa de Londres.<\/p>\n<h2>Disponibilidad fuera de Espa\u00f1a<\/h2>\n<p style=\"text-align: justify\">Si te preguntas por la disponibilidad de 888Sports en Latinoam\u00e9rica, debes saber que est\u00e1n presentes principalmente en M\u00e9xico, Chile y Per\u00fa.<\/p>\n","protected":false},"excerpt":{"rendered":"<p>Apuestas en 888sport | Rese\u00f1a del Bookmaker 888Sport es una de las plataformas de apuestas online m\u00e1s vers\u00e1tiles y comprometidas con sus usuarios a nivel mundial. Fundada en 2008, sus servicios est\u00e1n disponibles no solo en Espa\u00f1a, sino en otros pa\u00edses como Dinamarca, Reino Unido e Italia en sus versiones de escritorio y app disponibles &hellip; <a href=\"https:\/\/www.esports-betting.pro\/es\/sitios-apuestas-esports-2\/888sport\/\">Continued<\/a><\/p>\n","protected":false},"author":24,"featured_media":0,"parent":689,"menu_order":0,"comment_status":"closed","ping_status":"closed","template":"","meta":{"_acf_changed":false,"footnotes":""},"acf":[],"yoast_head":"<!-- This site is optimized with the Yoast SEO plugin v22.6 - https:\/\/yoast.com\/wordpress\/plugins\/seo\/ -->\n<title>Apuestas eSports en 888sports | Lee la rese\u00f1a completa aqu\u00ed<\/title>\n<meta name=\"description\" content=\"Conoce 888Sport, la plataforma online ideal para realizar apuestas, mientras disfrutas de tus juegos favoritos como Dota 2, League of Legends, CS:GO y m\u00e1s.\" \/>\n<meta name=\"robots\" content=\"index, follow, max-snippet:-1, max-image-preview:large, max-video-preview:-1\" \/>\n<link rel=\"canonical\" href=\"https:\/\/www.esports-betting.pro\/es\/sitios-apuestas-esports-2\/888sport\/\" \/>\n<meta property=\"og:locale\" content=\"es_ES\" \/>\n<meta property=\"og:type\" content=\"article\" \/>\n<meta property=\"og:title\" content=\"Apuestas eSports en 888sports | Lee la rese\u00f1a completa aqu\u00ed\" \/>\n<meta property=\"og:description\" content=\"Conoce 888Sport, la plataforma online ideal para realizar apuestas, mientras disfrutas de tus juegos favoritos como Dota 2, League of Legends, CS:GO y m\u00e1s.\" \/>\n<meta property=\"og:url\" content=\"https:\/\/www.esports-betting.pro\/es\/sitios-apuestas-esports-2\/888sport\/\" \/>\n<meta property=\"og:site_name\" content=\"Esports Betting - ES\" \/>\n<meta property=\"og:image\" content=\"https:\/\/www.esports-betting.pro\/app\/uploads\/sites\/3\/2018\/08\/888sport-Apuestas-Esports-Logo.png\" \/>\n<meta name=\"twitter:card\" content=\"summary_large_image\" \/>\n<meta name=\"twitter:label1\" content=\"Est. reading time\" \/>\n\t<meta name=\"twitter:data1\" content=\"6 minutos\" \/>\n<script type=\"application\/ld+json\" class=\"yoast-schema-graph\">{\"@context\":\"https:\/\/schema.org\",\"@graph\":[{\"@type\":\"WebPage\",\"@id\":\"https:\/\/www.esports-betting.pro\/es\/sitios-apuestas-esports-2\/888sport\/\",\"url\":\"https:\/\/www.esports-betting.pro\/es\/sitios-apuestas-esports-2\/888sport\/\",\"name\":\"Apuestas eSports en 888sports | Lee la rese\u00f1a completa aqu\u00ed\",\"isPartOf\":{\"@id\":\"https:\/\/www.esports-betting.pro\/es\/#website\"},\"primaryImageOfPage\":{\"@id\":\"https:\/\/www.esports-betting.pro\/es\/sitios-apuestas-esports-2\/888sport\/#primaryimage\"},\"image\":{\"@id\":\"https:\/\/www.esports-betting.pro\/es\/sitios-apuestas-esports-2\/888sport\/#primaryimage\"},\"thumbnailUrl\":\"https:\/\/www.esports-betting.pro\/app\/uploads\/sites\/3\/2018\/08\/888sport-Apuestas-Esports-Logo.png\",\"datePublished\":\"2018-08-26T00:49:12+00:00\",\"dateModified\":\"2018-08-26T00:49:12+00:00\",\"description\":\"Conoce 888Sport, la plataforma online ideal para realizar apuestas, mientras disfrutas de tus juegos favoritos como Dota 2, League of Legends, CS:GO y m\u00e1s.\",\"breadcrumb\":{\"@id\":\"https:\/\/www.esports-betting.pro\/es\/sitios-apuestas-esports-2\/888sport\/#breadcrumb\"},\"inLanguage\":\"es\",\"potentialAction\":[{\"@type\":\"ReadAction\",\"target\":[\"https:\/\/www.esports-betting.pro\/es\/sitios-apuestas-esports-2\/888sport\/\"]}]},{\"@type\":\"ImageObject\",\"inLanguage\":\"es\",\"@id\":\"https:\/\/www.esports-betting.pro\/es\/sitios-apuestas-esports-2\/888sport\/#primaryimage\",\"url\":\"https:\/\/www.esports-betting.pro\/app\/uploads\/sites\/3\/2018\/08\/888sport-Apuestas-Esports-Logo.png\",\"contentUrl\":\"https:\/\/www.esports-betting.pro\/app\/uploads\/sites\/3\/2018\/08\/888sport-Apuestas-Esports-Logo.png\"},{\"@type\":\"BreadcrumbList\",\"@id\":\"https:\/\/www.esports-betting.pro\/es\/sitios-apuestas-esports-2\/888sport\/#breadcrumb\",\"itemListElement\":[{\"@type\":\"ListItem\",\"position\":1,\"name\":\"Home\",\"item\":\"https:\/\/www.esports-betting.pro\/es\/\"},{\"@type\":\"ListItem\",\"position\":2,\"name\":\"Rese\u00f1as de Corredores de Apuestas\",\"item\":\"https:\/\/www.esports-betting.pro\/es\/sitios-apuestas-esports-2\/\"},{\"@type\":\"ListItem\",\"position\":3,\"name\":\"888sport\"}]},{\"@type\":\"WebSite\",\"@id\":\"https:\/\/www.esports-betting.pro\/es\/#website\",\"url\":\"https:\/\/www.esports-betting.pro\/es\/\",\"name\":\"Esports Betting - ES\",\"description\":\"Just another Esports Betting Sites site\",\"potentialAction\":[{\"@type\":\"SearchAction\",\"target\":{\"@type\":\"EntryPoint\",\"urlTemplate\":\"https:\/\/www.esports-betting.pro\/es\/?s={search_term_string}\"},\"query-input\":\"required name=search_term_string\"}],\"inLanguage\":\"es\"}]}<\/script>\n<!-- \/ Yoast SEO plugin. -->","yoast_head_json":{"title":"Apuestas eSports en 888sports | Lee la rese\u00f1a completa aqu\u00ed","description":"Conoce 888Sport, la plataforma online ideal para realizar apuestas, mientras disfrutas de tus juegos favoritos como Dota 2, League of Legends, CS:GO y m\u00e1s.","robots":{"index":"index","follow":"follow","max-snippet":"max-snippet:-1","max-image-preview":"max-image-preview:large","max-video-preview":"max-video-preview:-1"},"canonical":"https:\/\/www.esports-betting.pro\/es\/sitios-apuestas-esports-2\/888sport\/","og_locale":"es_ES","og_type":"article","og_title":"Apuestas eSports en 888sports | Lee la rese\u00f1a completa aqu\u00ed","og_description":"Conoce 888Sport, la plataforma online ideal para realizar apuestas, mientras disfrutas de tus juegos favoritos como Dota 2, League of Legends, CS:GO y m\u00e1s.","og_url":"https:\/\/www.esports-betting.pro\/es\/sitios-apuestas-esports-2\/888sport\/","og_site_name":"Esports Betting - ES","og_image":[{"url":"https:\/\/www.esports-betting.pro\/app\/uploads\/sites\/3\/2018\/08\/888sport-Apuestas-Esports-Logo.png"}],"twitter_card":"summary_large_image","twitter_misc":{"Est. reading time":"6 minutos"},"schema":{"@context":"https:\/\/schema.org","@graph":[{"@type":"WebPage","@id":"https:\/\/www.esports-betting.pro\/es\/sitios-apuestas-esports-2\/888sport\/","url":"https:\/\/www.esports-betting.pro\/es\/sitios-apuestas-esports-2\/888sport\/","name":"Apuestas eSports en 888sports | Lee la rese\u00f1a completa aqu\u00ed","isPartOf":{"@id":"https:\/\/www.esports-betting.pro\/es\/#website"},"primaryImageOfPage":{"@id":"https:\/\/www.esports-betting.pro\/es\/sitios-apuestas-esports-2\/888sport\/#primaryimage"},"image":{"@id":"https:\/\/www.esports-betting.pro\/es\/sitios-apuestas-esports-2\/888sport\/#primaryimage"},"thumbnailUrl":"https:\/\/www.esports-betting.pro\/app\/uploads\/sites\/3\/2018\/08\/888sport-Apuestas-Esports-Logo.png","datePublished":"2018-08-26T00:49:12+00:00","dateModified":"2018-08-26T00:49:12+00:00","description":"Conoce 888Sport, la plataforma online ideal para realizar apuestas, mientras disfrutas de tus juegos favoritos como Dota 2, League of Legends, CS:GO y m\u00e1s.","breadcrumb":{"@id":"https:\/\/www.esports-betting.pro\/es\/sitios-apuestas-esports-2\/888sport\/#breadcrumb"},"inLanguage":"es","potentialAction":[{"@type":"ReadAction","target":["https:\/\/www.esports-betting.pro\/es\/sitios-apuestas-esports-2\/888sport\/"]}]},{"@type":"ImageObject","inLanguage":"es","@id":"https:\/\/www.esports-betting.pro\/es\/sitios-apuestas-esports-2\/888sport\/#primaryimage","url":"https:\/\/www.esports-betting.pro\/app\/uploads\/sites\/3\/2018\/08\/888sport-Apuestas-Esports-Logo.png","contentUrl":"https:\/\/www.esports-betting.pro\/app\/uploads\/sites\/3\/2018\/08\/888sport-Apuestas-Esports-Logo.png"},{"@type":"BreadcrumbList","@id":"https:\/\/www.esports-betting.pro\/es\/sitios-apuestas-esports-2\/888sport\/#breadcrumb","itemListElement":[{"@type":"ListItem","position":1,"name":"Home","item":"https:\/\/www.esports-betting.pro\/es\/"},{"@type":"ListItem","position":2,"name":"Rese\u00f1as de Corredores de Apuestas","item":"https:\/\/www.esports-betting.pro\/es\/sitios-apuestas-esports-2\/"},{"@type":"ListItem","position":3,"name":"888sport"}]},{"@type":"WebSite","@id":"https:\/\/www.esports-betting.pro\/es\/#website","url":"https:\/\/www.esports-betting.pro\/es\/","name":"Esports Betting - ES","description":"Just another Esports Betting Sites site","potentialAction":[{"@type":"SearchAction","target":{"@type":"EntryPoint","urlTemplate":"https:\/\/www.esports-betting.pro\/es\/?s={search_term_string}"},"query-input":"required name=search_term_string"}],"inLanguage":"es"}]}},"_links":{"self":[{"href":"https:\/\/www.esports-betting.pro\/es\/wp-json\/wp\/v2\/pages\/13690"}],"collection":[{"href":"https:\/\/www.esports-betting.pro\/es\/wp-json\/wp\/v2\/pages"}],"about":[{"href":"https:\/\/www.esports-betting.pro\/es\/wp-json\/wp\/v2\/types\/page"}],"author":[{"embeddable":true,"href":"https:\/\/www.esports-betting.pro\/es\/wp-json\/wp\/v2\/users\/24"}],"replies":[{"embeddable":true,"href":"https:\/\/www.esports-betting.pro\/es\/wp-json\/wp\/v2\/comments?post=13690"}],"version-history":[{"count":0,"href":"https:\/\/www.esports-betting.pro\/es\/wp-json\/wp\/v2\/pages\/13690\/revisions"}],"up":[{"embeddable":true,"href":"https:\/\/www.esports-betting.pro\/es\/wp-json\/wp\/v2\/pages\/689"}],"wp:attachment":[{"href":"https:\/\/www.esports-betting.pro\/es\/wp-json\/wp\/v2\/media?parent=13690"}],"curies":[{"name":"wp","href":"https:\/\/api.w.org\/{rel}","templated":true}]}}