{"id":13490,"date":"2018-08-11T13:41:50","date_gmt":"2018-08-11T17:41:50","guid":{"rendered":"https:\/\/www.esports-betting.pro\/es\/?page_id=13490"},"modified":"2018-08-11T13:41:50","modified_gmt":"2018-08-11T17:41:50","slug":"cuotas-de-apuestas","status":"publish","type":"page","link":"https:\/\/www.esports-betting.pro\/es\/dota-2\/the-international-2018-ti8\/cuotas-de-apuestas\/","title":{"rendered":"Cuotas de Apuestas \u2013 The International 2018 &#8211; TI8 Dota 2"},"content":{"rendered":"<p style=\"text-align: justify\">Por fin, el TI8 est\u00e1 a la vuelta de la esquina, ya tenemos disponible algunas cuotas de apuestas concretas de parte de los mejores corredores de apuestas eSports del momento. Por supuesto, esto no es un hecho sorprendente ya que <a href=\"https:\/\/www.esports-betting.pro\/es\/dota-2\/the-international-2018-ti8\/\"><strong>The International 2018<\/strong><\/a> es el evento de los eSports m\u00e1s popular y tambi\u00e9n el que m\u00e1s paga, pero supongo que ya todos saben eso. No cabe duda de que este torneo es como la Copa Mundial de los eSports; millones de aficionados sintonizar\u00e1n el espect\u00e1culo.<\/p>\n<p>Con millones de d\u00f3lares en juego y nada m\u00e1s que un orgullo fr\u00edo y firme por el cual luchar, sin duda los jugadores dar\u00e1n lo mejor de s\u00ed mismos para salir victoriosos. A eso hay que sumarle una tonelada de fan\u00e1ticos de las <a href=\"https:\/\/www.esports-betting.pro\/es\/\"><strong>apuestas eSports<\/strong><\/a> que exigen solo las mejores cuotas de apuestas para The International 2018 y se dar\u00e1n cuenta por qu\u00e9 existe este art\u00edculo\u2026 \u00a1pues para contarles m\u00e1s sobre estas!<\/p>\n<p style=\"text-align: center\">\n<p><img loading=\"lazy\" decoding=\"async\" class=\"aligncenter size-full wp-image-15428\" src=\"https:\/\/www.esports-betting.pro\/app\/uploads\/sites\/3\/2019\/04\/DOTA-2-21-e1555696799794.jpg\" alt=\"\" width=\"491\" height=\"300\" \/><\/p>\n<h2><img loading=\"lazy\" decoding=\"async\" class=\"alignnone size-full wp-image-1695\" src=\"https:\/\/www.esports-betting.pro\/app\/uploads\/sites\/3\/2016\/06\/Dota2-Icono.png\" alt=\"Icono Dota 2\" width=\"20\" height=\"20\" \/>\u00a0<strong>TI8 cuotas de apuestas para el ganador absoluto<\/strong><\/h2>\n<p style=\"text-align: justify\">Por supuesto, la opci\u00f3n m\u00e1s destacada de las cuotas de apuestas que ya est\u00e1 disponible es la del Ganador Absoluto. Esta apuesta funciona de una manera bastante simple: apuestan por un equipo determinado que crean que ganar\u00e1 el torneo, si su elecci\u00f3n es correcta, su boleto es el ganador. Tambi\u00e9n hay una peque\u00f1a variaci\u00f3n en este tipo de apuesta llamada Quien llega a la final. La historia es parecida: apuestan por un equipo que crean que llegar\u00e1 a la final. Esto significa que, si el equipo que eligieron jug\u00f3 en la final, sin importar el resultado de esta, su boleto de apuestas tiene una victoria.<\/p>\n<p style=\"text-align: center\"><strong>Apuestas\u00a0de\u00a0esports\u00a0\u2013\u00a0<a href=\"https:\/\/www.esports-betting.pro\/es\/sitios-apuestas-esports\/pinnacle-esports\/\">Pinnacle eSports<\/a>:<br \/>\n<\/strong><a href=\"https:\/\/www.esports-betting.pro\/es\/corredor-de-apuestas\/go_pinnacle\" target=\"_blank\" rel=\"nofollow noopener noreferrer\"><img loading=\"lazy\" decoding=\"async\" class=\"alignnone wp-image-6057 size-full\" src=\"https:\/\/www.esports-betting.pro\/app\/uploads\/sites\/3\/2017\/05\/Pinnacle-Esports-Banner.jpg\" alt=\"Pinnacle Esports Banner\" width=\"500\" height=\"50\" \/><\/a><a href=\"https:\/\/www.esports-betting.pro\/app\/uploads\/sites\/3\/2018\/08\/TI8-cuotas-de-apuestas-para-el-ganador-absoluto-pinnacle.jpg\"><img loading=\"lazy\" decoding=\"async\" class=\"wp-image-13493 size-full aligncenter\" src=\"https:\/\/www.esports-betting.pro\/app\/uploads\/sites\/3\/2018\/08\/TI8-cuotas-de-apuestas-para-el-ganador-absoluto-pinnacle.jpg\" alt=\"TI8 cuotas de apuestas para el ganador absoluto pinnacle\" width=\"500\" height=\"408\" \/><\/a><\/p>\n<p style=\"text-align: center\"><em><strong><a href=\"https:\/\/www.esports-betting.pro\/es\/corredor-de-apuestas\/go_pinnacle\" target=\"_blank\" rel=\"nofollow noopener noreferrer\">Cuotas\u00a0de Apuestas actuales en Pinnacle<\/a><\/strong><\/em><\/p>\n<p style=\"text-align: center\"><strong>Apuestas\u00a0de\u00a0esports\u00a0\u2013\u00a0<a href=\"https:\/\/www.esports-betting.pro\/es\/sitios-apuestas-esports\/arcanebet-resena\/\">Arcanebet<\/a>:<br \/>\n<a href=\"https:\/\/www.esports-betting.pro\/es\/corredor-de-apuestas\/go_arcanebet\" target=\"_blank\" rel=\"nofollow noopener\"><img loading=\"lazy\" decoding=\"async\" class=\"alignnone wp-image-9662 size-full\" src=\"https:\/\/www.esports-betting.pro\/app\/uploads\/sites\/3\/2017\/10\/ArcaneBet-Banner-Cuotas.jpg\" alt=\"ArcaneBet Banner Cuotas\" width=\"500\" height=\"50\" \/><\/a><\/strong><br \/>\n<img loading=\"lazy\" decoding=\"async\" class=\"wp-image-13494 size-full aligncenter\" src=\"https:\/\/www.esports-betting.pro\/app\/uploads\/sites\/3\/2018\/08\/TI8-cuotas-de-apuestas-para-el-ganador-absoluto-arcanebet.jpg\" alt=\"TI8 cuotas de apuestas para el ganador absoluto arcanebet\" width=\"500\" height=\"389\" \/><\/p>\n<p style=\"text-align: center\"><strong><em><a href=\"https:\/\/www.esports-betting.pro\/es\/corredor-de-apuestas\/go_arcanebet\" target=\"_blank\" rel=\"nofollow noopener noreferrer\">Cuotas\u00a0de Apuestas actuales en Arcanebet<\/a><\/em><\/strong><\/p>\n<h2><img loading=\"lazy\" decoding=\"async\" class=\"alignnone size-full wp-image-1695\" src=\"https:\/\/www.esports-betting.pro\/app\/uploads\/sites\/3\/2016\/06\/Dota2-Icono.png\" alt=\"Icono Dota 2\" width=\"20\" height=\"20\" \/>\u00a0<strong>TI8 cuotas de apuestas para la regi\u00f3n del ganador<\/strong><\/h2>\n<p style=\"text-align: justify\">Esta es otra opci\u00f3n de apuestas muy popular que se diferencia bastante de las dos primeras. En lugar de elegir un solo equipo, las opciones de apuestas para la Regi\u00f3n del Ganador les permiten elegir la regi\u00f3n entera de la que creen que ser\u00e1 el ganador. S\u00ed, las posibilidades de tener \u00e9xito con esta apuesta son muy superiores a las de los Ganadores Absolutos, pero tambi\u00e9n suelen ser \u00a0apuestas bastante reducidas. A continuaci\u00f3n, pueden encontrar las cuotas actuales en <a href=\"https:\/\/www.esports-betting.pro\/es\/sitios-apuestas-esports\/\"><strong>los mejores sitios web de apuestas esports<\/strong><\/a> que hay.<\/p>\n<p style=\"text-align: center\"><strong>Apuestas\u00a0de\u00a0esports\u00a0\u2013\u00a0<a href=\"https:\/\/www.esports-betting.pro\/es\/sitios-apuestas-esports\/pinnacle-esports\/\">Pinnacle eSports<\/a>:<br \/>\n<\/strong><a href=\"https:\/\/www.esports-betting.pro\/es\/corredor-de-apuestas\/go_pinnacle\" target=\"_blank\" rel=\"nofollow noopener noreferrer\"><img loading=\"lazy\" decoding=\"async\" class=\"alignnone wp-image-6057 size-full\" src=\"https:\/\/www.esports-betting.pro\/app\/uploads\/sites\/3\/2017\/05\/Pinnacle-Esports-Banner.jpg\" alt=\"Pinnacle Esports Banner\" width=\"500\" height=\"50\" \/><\/a><img loading=\"lazy\" decoding=\"async\" class=\"wp-image-13492 size-full aligncenter\" src=\"https:\/\/www.esports-betting.pro\/app\/uploads\/sites\/3\/2018\/08\/TI8-cuotas-de-apuestas-para-la-regi\u00f3n-del-ganador-pinnacle.jpg\" alt=\"TI8 cuotas de apuestas para la regi\u00f3n del ganador pinnacle\" width=\"500\" height=\"234\" \/><\/p>\n<p style=\"text-align: center\"><em><strong><a href=\"https:\/\/www.esports-betting.pro\/es\/corredor-de-apuestas\/go_pinnacle\" target=\"_blank\" rel=\"nofollow noopener noreferrer\">Cuotas\u00a0de Apuestas actuales en Pinnacle<\/a><\/strong><\/em><\/p>\n<h2><img loading=\"lazy\" decoding=\"async\" class=\"alignnone size-full wp-image-1695\" src=\"https:\/\/www.esports-betting.pro\/app\/uploads\/sites\/3\/2016\/06\/Dota2-Icono.png\" alt=\"Icono Dota 2\" width=\"20\" height=\"20\" \/>\u00a0<strong>Apuestas en el juego<\/strong><\/h2>\n<p style=\"text-align: justify\">El a\u00f1o pasado, Valve public\u00f3 apuestas para todos los que tuvieran pases de batalla. No es una apuesta t\u00edpica ya que implica las fichas recibidas semanalmente; los que tienen pases de batalla pueden apostar hasta 1000 fichas por semana y duplican la cantidad en juego por cada apuesta acertada que realicen.<\/p>\n<p><img loading=\"lazy\" decoding=\"async\" class=\"aligncenter size-full wp-image-15429\" src=\"https:\/\/www.esports-betting.pro\/app\/uploads\/sites\/3\/2019\/04\/DOTA-2-22-e1555696837117.jpg\" alt=\"\" width=\"491\" height=\"300\" \/><br \/>\nS\u00ed, esto significa que pueden acumular hasta 2000 puntos de batalla por semana si sus predicciones tienen \u00e9xito. Se necesitan 1000 puntos de batalla para ganar un nivel que luego desbloquee poco a poco varios objetos cosm\u00e9ticos en el juego.<\/p>\n<p><a href=\"https:\/\/www.esports-betting.pro\/app\/uploads\/sites\/3\/2018\/08\/the-international-2017-battlepass-dota2-apuestas-en-el-juego.jpg\"><img loading=\"lazy\" decoding=\"async\" class=\"aligncenter wp-image-13491 size-full\" src=\"https:\/\/www.esports-betting.pro\/app\/uploads\/sites\/3\/2018\/08\/the-international-2017-battlepass-dota2-apuestas-en-el-juego.jpg\" alt=\"the-international-2018-battlepass-dota2-apuestas en el juego\" width=\"549\" height=\"144\" \/><\/a><\/p>\n<p style=\"text-align: center\">\n<p><img loading=\"lazy\" decoding=\"async\" class=\"aligncenter size-full wp-image-15427\" src=\"https:\/\/www.esports-betting.pro\/app\/uploads\/sites\/3\/2019\/04\/DOTA-2-20-e1555696772693.jpg\" alt=\"\" width=\"533\" height=\"300\" \/><\/p>\n","protected":false},"excerpt":{"rendered":"<p>Por fin, el TI8 est\u00e1 a la vuelta de la esquina, ya tenemos disponible algunas cuotas de apuestas concretas de parte de los mejores corredores de apuestas eSports del momento. Por supuesto, esto no es un hecho sorprendente ya que The International 2018 es el evento de los eSports m\u00e1s popular y tambi\u00e9n el que &hellip; <a href=\"https:\/\/www.esports-betting.pro\/es\/dota-2\/the-international-2018-ti8\/cuotas-de-apuestas\/\">Continued<\/a><\/p>\n","protected":false},"author":24,"featured_media":12769,"parent":13311,"menu_order":0,"comment_status":"closed","ping_status":"closed","template":"","meta":{"_acf_changed":false,"footnotes":""},"acf":[],"yoast_head":"<!-- This site is optimized with the Yoast SEO plugin v22.6 - https:\/\/yoast.com\/wordpress\/plugins\/seo\/ -->\n<title>Cuotas de Apuestas \u2013 The International 2018 - TI8 Dota 2<\/title>\n<meta name=\"robots\" content=\"index, follow, max-snippet:-1, max-image-preview:large, max-video-preview:-1\" \/>\n<link rel=\"canonical\" href=\"https:\/\/www.esports-betting.pro\/es\/dota-2\/the-international-2018-ti8\/cuotas-de-apuestas\/\" \/>\n<meta property=\"og:locale\" content=\"es_ES\" \/>\n<meta property=\"og:type\" content=\"article\" \/>\n<meta property=\"og:title\" content=\"Cuotas de Apuestas \u2013 The International 2018 - TI8 Dota 2\" \/>\n<meta property=\"og:description\" content=\"Por fin, el TI8 est\u00e1 a la vuelta de la esquina, ya tenemos disponible algunas cuotas de apuestas concretas de parte de los mejores corredores de apuestas eSports del momento. Por supuesto, esto no es un hecho sorprendente ya que The International 2018 es el evento de los eSports m\u00e1s popular y tambi\u00e9n el que &hellip; Continued\" \/>\n<meta property=\"og:url\" content=\"https:\/\/www.esports-betting.pro\/es\/dota-2\/the-international-2018-ti8\/cuotas-de-apuestas\/\" \/>\n<meta property=\"og:site_name\" content=\"Esports Betting - ES\" \/>\n<meta name=\"twitter:card\" content=\"summary_large_image\" \/>\n<meta name=\"twitter:label1\" content=\"Est. reading time\" \/>\n\t<meta name=\"twitter:data1\" content=\"3 minutos\" \/>\n<script type=\"application\/ld+json\" class=\"yoast-schema-graph\">{\"@context\":\"https:\/\/schema.org\",\"@graph\":[{\"@type\":\"WebPage\",\"@id\":\"https:\/\/www.esports-betting.pro\/es\/dota-2\/the-international-2018-ti8\/cuotas-de-apuestas\/\",\"url\":\"https:\/\/www.esports-betting.pro\/es\/dota-2\/the-international-2018-ti8\/cuotas-de-apuestas\/\",\"name\":\"Cuotas de Apuestas \u2013 The International 2018 - TI8 Dota 2\",\"isPartOf\":{\"@id\":\"https:\/\/www.esports-betting.pro\/es\/#website\"},\"primaryImageOfPage\":{\"@id\":\"https:\/\/www.esports-betting.pro\/es\/dota-2\/the-international-2018-ti8\/cuotas-de-apuestas\/#primaryimage\"},\"image\":{\"@id\":\"https:\/\/www.esports-betting.pro\/es\/dota-2\/the-international-2018-ti8\/cuotas-de-apuestas\/#primaryimage\"},\"thumbnailUrl\":\"\",\"datePublished\":\"2018-08-11T17:41:50+00:00\",\"dateModified\":\"2018-08-11T17:41:50+00:00\",\"breadcrumb\":{\"@id\":\"https:\/\/www.esports-betting.pro\/es\/dota-2\/the-international-2018-ti8\/cuotas-de-apuestas\/#breadcrumb\"},\"inLanguage\":\"es\",\"potentialAction\":[{\"@type\":\"ReadAction\",\"target\":[\"https:\/\/www.esports-betting.pro\/es\/dota-2\/the-international-2018-ti8\/cuotas-de-apuestas\/\"]}]},{\"@type\":\"ImageObject\",\"inLanguage\":\"es\",\"@id\":\"https:\/\/www.esports-betting.pro\/es\/dota-2\/the-international-2018-ti8\/cuotas-de-apuestas\/#primaryimage\",\"url\":\"\",\"contentUrl\":\"\"},{\"@type\":\"BreadcrumbList\",\"@id\":\"https:\/\/www.esports-betting.pro\/es\/dota-2\/the-international-2018-ti8\/cuotas-de-apuestas\/#breadcrumb\",\"itemListElement\":[{\"@type\":\"ListItem\",\"position\":1,\"name\":\"Home\",\"item\":\"https:\/\/www.esports-betting.pro\/es\/\"},{\"@type\":\"ListItem\",\"position\":2,\"name\":\"Apuestas en Dota 2 | Sitios de apuestas y cuotas\",\"item\":\"https:\/\/www.esports-betting.pro\/es\/dota-2\/\"},{\"@type\":\"ListItem\",\"position\":3,\"name\":\"The International 2018 Informaci\u00f3n del torneo | Dota 2\",\"item\":\"https:\/\/www.esports-betting.pro\/es\/dota-2\/the-international-2018-ti8\/\"},{\"@type\":\"ListItem\",\"position\":4,\"name\":\"Cuotas de Apuestas \u2013 The International 2018 &#8211; TI8 Dota 2\"}]},{\"@type\":\"WebSite\",\"@id\":\"https:\/\/www.esports-betting.pro\/es\/#website\",\"url\":\"https:\/\/www.esports-betting.pro\/es\/\",\"name\":\"Esports Betting - ES\",\"description\":\"Just another Esports Betting Sites site\",\"potentialAction\":[{\"@type\":\"SearchAction\",\"target\":{\"@type\":\"EntryPoint\",\"urlTemplate\":\"https:\/\/www.esports-betting.pro\/es\/?s={search_term_string}\"},\"query-input\":\"required name=search_term_string\"}],\"inLanguage\":\"es\"}]}<\/script>\n<!-- \/ Yoast SEO plugin. -->","yoast_head_json":{"title":"Cuotas de Apuestas \u2013 The International 2018 - TI8 Dota 2","robots":{"index":"index","follow":"follow","max-snippet":"max-snippet:-1","max-image-preview":"max-image-preview:large","max-video-preview":"max-video-preview:-1"},"canonical":"https:\/\/www.esports-betting.pro\/es\/dota-2\/the-international-2018-ti8\/cuotas-de-apuestas\/","og_locale":"es_ES","og_type":"article","og_title":"Cuotas de Apuestas \u2013 The International 2018 - TI8 Dota 2","og_description":"Por fin, el TI8 est\u00e1 a la vuelta de la esquina, ya tenemos disponible algunas cuotas de apuestas concretas de parte de los mejores corredores de apuestas eSports del momento. Por supuesto, esto no es un hecho sorprendente ya que The International 2018 es el evento de los eSports m\u00e1s popular y tambi\u00e9n el que &hellip; Continued","og_url":"https:\/\/www.esports-betting.pro\/es\/dota-2\/the-international-2018-ti8\/cuotas-de-apuestas\/","og_site_name":"Esports Betting - ES","twitter_card":"summary_large_image","twitter_misc":{"Est. reading time":"3 minutos"},"schema":{"@context":"https:\/\/schema.org","@graph":[{"@type":"WebPage","@id":"https:\/\/www.esports-betting.pro\/es\/dota-2\/the-international-2018-ti8\/cuotas-de-apuestas\/","url":"https:\/\/www.esports-betting.pro\/es\/dota-2\/the-international-2018-ti8\/cuotas-de-apuestas\/","name":"Cuotas de Apuestas \u2013 The International 2018 - TI8 Dota 2","isPartOf":{"@id":"https:\/\/www.esports-betting.pro\/es\/#website"},"primaryImageOfPage":{"@id":"https:\/\/www.esports-betting.pro\/es\/dota-2\/the-international-2018-ti8\/cuotas-de-apuestas\/#primaryimage"},"image":{"@id":"https:\/\/www.esports-betting.pro\/es\/dota-2\/the-international-2018-ti8\/cuotas-de-apuestas\/#primaryimage"},"thumbnailUrl":"","datePublished":"2018-08-11T17:41:50+00:00","dateModified":"2018-08-11T17:41:50+00:00","breadcrumb":{"@id":"https:\/\/www.esports-betting.pro\/es\/dota-2\/the-international-2018-ti8\/cuotas-de-apuestas\/#breadcrumb"},"inLanguage":"es","potentialAction":[{"@type":"ReadAction","target":["https:\/\/www.esports-betting.pro\/es\/dota-2\/the-international-2018-ti8\/cuotas-de-apuestas\/"]}]},{"@type":"ImageObject","inLanguage":"es","@id":"https:\/\/www.esports-betting.pro\/es\/dota-2\/the-international-2018-ti8\/cuotas-de-apuestas\/#primaryimage","url":"","contentUrl":""},{"@type":"BreadcrumbList","@id":"https:\/\/www.esports-betting.pro\/es\/dota-2\/the-international-2018-ti8\/cuotas-de-apuestas\/#breadcrumb","itemListElement":[{"@type":"ListItem","position":1,"name":"Home","item":"https:\/\/www.esports-betting.pro\/es\/"},{"@type":"ListItem","position":2,"name":"Apuestas en Dota 2 | Sitios de apuestas y cuotas","item":"https:\/\/www.esports-betting.pro\/es\/dota-2\/"},{"@type":"ListItem","position":3,"name":"The International 2018 Informaci\u00f3n del torneo | Dota 2","item":"https:\/\/www.esports-betting.pro\/es\/dota-2\/the-international-2018-ti8\/"},{"@type":"ListItem","position":4,"name":"Cuotas de Apuestas \u2013 The International 2018 &#8211; TI8 Dota 2"}]},{"@type":"WebSite","@id":"https:\/\/www.esports-betting.pro\/es\/#website","url":"https:\/\/www.esports-betting.pro\/es\/","name":"Esports Betting - ES","description":"Just another Esports Betting Sites site","potentialAction":[{"@type":"SearchAction","target":{"@type":"EntryPoint","urlTemplate":"https:\/\/www.esports-betting.pro\/es\/?s={search_term_string}"},"query-input":"required name=search_term_string"}],"inLanguage":"es"}]}},"_links":{"self":[{"href":"https:\/\/www.esports-betting.pro\/es\/wp-json\/wp\/v2\/pages\/13490"}],"collection":[{"href":"https:\/\/www.esports-betting.pro\/es\/wp-json\/wp\/v2\/pages"}],"about":[{"href":"https:\/\/www.esports-betting.pro\/es\/wp-json\/wp\/v2\/types\/page"}],"author":[{"embeddable":true,"href":"https:\/\/www.esports-betting.pro\/es\/wp-json\/wp\/v2\/users\/24"}],"replies":[{"embeddable":true,"href":"https:\/\/www.esports-betting.pro\/es\/wp-json\/wp\/v2\/comments?post=13490"}],"version-history":[{"count":0,"href":"https:\/\/www.esports-betting.pro\/es\/wp-json\/wp\/v2\/pages\/13490\/revisions"}],"up":[{"embeddable":true,"href":"https:\/\/www.esports-betting.pro\/es\/wp-json\/wp\/v2\/pages\/13311"}],"wp:featuredmedia":[{"embeddable":true,"href":"https:\/\/www.esports-betting.pro\/es\/wp-json\/wp\/v2\/media\/12769"}],"wp:attachment":[{"href":"https:\/\/www.esports-betting.pro\/es\/wp-json\/wp\/v2\/media?parent=13490"}],"curies":[{"name":"wp","href":"https:\/\/api.w.org\/{rel}","templated":true}]}}