{"id":13455,"date":"2018-08-03T14:41:56","date_gmt":"2018-08-03T18:41:56","guid":{"rendered":"https:\/\/www.esports-betting.pro\/es\/?page_id=13455"},"modified":"2018-08-03T14:41:56","modified_gmt":"2018-08-03T18:41:56","slug":"fifa-eworld-cup-2018","status":"publish","type":"page","link":"https:\/\/www.esports-betting.pro\/es\/fifa\/fifa-eworld-cup-2018\/","title":{"rendered":"FIFA eWorld Cup 2018 | Cuotas de apuestas e informaci\u00f3n del torneo"},"content":{"rendered":"<p style=\"text-align: justify\"><img loading=\"lazy\" decoding=\"async\" class=\"size-full wp-image-13456 alignright\" src=\"https:\/\/www.esports-betting.pro\/app\/uploads\/sites\/3\/2018\/08\/FIFA-eWorld-Cup-2018-Logo.png\" alt=\"FIFA eWorld Cup 2018 Logo\" width=\"200\" height=\"200\" \/>La Copa Mundial de la FIFA 2018 en Rusia termin\u00f3 hace unos d\u00edas y Francia gan\u00f3 su segunda Copa Mundial, exactamente 20 a\u00f1os despu\u00e9s de su victoria anterior. Durante ese tiempo, Francia estaba en su tierra natal y, por m\u00e1s peque\u00f1a que fuera, ten\u00eda una peque\u00f1a, peque\u00f1a ventaja (como muchos dir\u00edan). Sin embargo, este a\u00f1o tom\u00f3 el trofeo que era de Alemania y seguro continuar\u00e1 con su estructura actual. Muchos han empezado a apostar por qui\u00e9nes ser\u00e1n los campeones antes de que comience el torneo, \u00a1pero ahora es el momento de los aficionados a las apuestas de la FIFA eWorld Cup 2018! S\u00ed, \u00a1as\u00ed es! Hay otro mundial que se divisa en el horizonte y es la repetici\u00f3n virtual de la verdadera Copa del Mundo: \u00a1la FIFA eWorld Cup 2018! Durante un par de meses, los jugadores han estado compitiendo intensamente para conseguir un lugar en la Gran Final de esta copa virtual (que se celebrar\u00e1 en Londres dentro de unas semanas). Las apuestas eSports sin duda aumentar\u00e1n, como lo demuestra su situaci\u00f3n actual. Pero primero, echemos un vistazo a lo que deber\u00edamos esperar de las cuotas de apuestas para la FIFA eWorld Cup 2018, \u00a1ya que la mayor\u00eda de ustedes ya deben ser grandes fan\u00e1ticos de las <a href=\"https:\/\/www.esports-betting.pro\/es\/fifa\/\"><strong>apuestas de FIFA<\/strong><\/a>!<\/p>\n<p style=\"text-align: center\">\n<p><img loading=\"lazy\" decoding=\"async\" class=\"aligncenter wp-image-15446 size-full\" src=\"https:\/\/www.esports-betting.pro\/app\/uploads\/sites\/3\/2019\/04\/f-e1555702722140.png\" alt=\"\" width=\"533\" height=\"300\" \/><\/p>\n<h2>FIFA eWorld Cup 2018 | Informaci\u00f3n<\/h2>\n<div style=\"float: right;width: 200px;height: 200px;text-align: center\"><strong>Gu\u00eda R\u00e1pida<\/strong><br \/>\n<a href=\"https:\/\/www.esports-betting.pro\/es\/corredor-de-apuestas\/go_pinnacle\" target=\"_blank\" rel=\"nofollow noopener\"><img loading=\"lazy\" decoding=\"async\" class=\"alignnone wp-image-3608 size-full\" src=\"https:\/\/www.esports-betting.pro\/app\/uploads\/sites\/3\/2017\/01\/Probabilidades-de-Apuestas-Boton.jpg\" alt=\"Cuotas de Apuestas - Bot\u00f3n\" width=\"180\" height=\"50\" \/><\/a><a href=\"#transmision\"><img loading=\"lazy\" decoding=\"async\" class=\"alignnone wp-image-1901 size-full\" src=\"https:\/\/www.esports-betting.pro\/app\/uploads\/sites\/3\/2016\/07\/Transmision-en-Vivo-Boton-AP.png\" alt=\"Transmisi\u00f3n en vivo del FIFA eWorld Cup 2018!\" width=\"180\" height=\"50\" \/><\/a><br \/>\n<a href=\"https:\/\/www.esports-betting.pro\/es\/corredor-de-apuestas\/go_arcanebet\" target=\"_blank\" rel=\"nofollow noopener noreferrer\"><img loading=\"lazy\" decoding=\"async\" class=\"alignnone wp-image-1902 size-full\" src=\"https:\/\/www.esports-betting.pro\/app\/uploads\/sites\/3\/2016\/07\/Apuestas-Especiales-Boton-AP.png\" alt=\"Apuestas Especiales Boton\" width=\"180\" height=\"50\" \/><\/a><\/div>\n<ul>\n<li><strong>Fechas:<\/strong> 02\/08\/2018 &#8211; 04\/08\/2018<\/li>\n<li><strong>Tipo de torneo: <\/strong>Offline<\/li>\n<li><strong>Localizaci\u00f3n: <\/strong>The O2, Londr\u00e9s<\/li>\n<li><strong>Cantidad de jugadores: <\/strong>32<\/li>\n<li><strong>Bolsa de premios: <\/strong>$400,000<\/li>\n<li><strong>Formato:<\/strong>\n<ul>\n<li>Fase Grupal\n<ul>\n<li>4 grupos con 8 jugadores cada uno<\/li>\n<\/ul>\n<\/li>\n<li>Playoffs \/ Eliminatorias\n<ul>\n<li>Llave de eliminaci\u00f3n simple<\/li>\n<\/ul>\n<\/li>\n<\/ul>\n<\/li>\n<li><a href=\"#cuotas\">Cuotas de apuestas disponible para todos los partidos<\/a><\/li>\n<li><a href=\"#transmision\">Transmisi\u00f3n en vivo<\/a> para todos los partidos<\/li>\n<\/ul>\n<p><img loading=\"lazy\" decoding=\"async\" class=\"aligncenter size-full wp-image-15448\" src=\"https:\/\/www.esports-betting.pro\/app\/uploads\/sites\/3\/2019\/04\/FIFA-eWorld-Cup-2018-4th-August-2018-by-Luke-Dyson-IMG_0075-7e3271b566-e1555702832934.jpg\" alt=\"\" width=\"514\" height=\"300\" \/><\/p>\n<h2>FIFA eWorld Cup 2018 | Formato del Torneo<\/h2>\n<p style=\"text-align: justify\">No sabemos mucho sobre el formato en este momento, excepto que el primer paso es pasar la fase de grupos. Es probable que haya un encuentro de un solo partido entre cada uno de los jugadores. Los 4 mejores equipos\/jugadores pasar\u00e1n a los octavos de final, de los cuales no hay informaci\u00f3n acerca de si ser\u00e1n uno o dos partidos entre los equipos, pero nos inclinamos a pensar que ser\u00e1 un \u00fanico juego eliminatorio. Despu\u00e9s de los octavos de final, tenemos los cuartos de final, las semifinales y la gran final. En este momento, no se sabe si habr\u00e1 una eliminatoria por el tercer lugar, pero como no hay diferencia en el dinero del premio asignado para el tercer y cuarto puesto (se le otorga la misma cantidad a ambos semifinalistas), creo que no se necesitar\u00e1 esa la eliminatoria.<\/p>\n<h2>Cuotas de apuestas del FIFA eWorld Cup 2018<\/h2>\n<p style=\"text-align: justify\">Pas\u00f3 alg\u00fan tiempo antes de que tuvi\u00e9ramos las <strong>cuotas de apuestas de FIFA eWorld Cup 2018<\/strong> adecuadas para los fan\u00e1ticos de las apuestas eSports, pero por fin llegaron. Cada partido de cualquier deporte puede tener cobertura y cuotas de apuestas y lo mismo sucede en el mundo virtual. Sin lugar a dudas, esta copa mundial ser\u00e1 una experiencia muy emocionante, tanto para los jugadores como para los espectadores.<\/p>\n<p><img loading=\"lazy\" decoding=\"async\" class=\"aligncenter size-full wp-image-15452\" src=\"https:\/\/www.esports-betting.pro\/app\/uploads\/sites\/3\/2019\/04\/maxresdefault-e1555704341458.jpg\" alt=\"\" width=\"533\" height=\"300\" \/><br \/>\nCada espectador que apueste querr\u00e1 ganar mucho en esta copa del mundo virtual y solo pueden hacerlo si las cuotas de apuestas son las que ellos prefieren. As\u00ed que, aqu\u00ed est\u00e1n algunas de las mejores cuotas de apuestas por el momento. Tambi\u00e9n hay una comparaci\u00f3n m\u00e1s detallada de los <strong><a href=\"https:\/\/www.esports-betting.pro\/es\/sitios-apuestas-esports\/\">mejores corredores de apuestas del mundo de los eSports<\/a>.<\/strong><\/p>\n<div style=\"width: 100%;height: 130px;overflow: auto\">\n<div style=\"width: 100px;height: 107px;float: left;margin-right: 5px;margin-bottom: 10px;background-color: #e0e0e0;text-align: center\"><span style=\"font-family: georgia, palatino, serif;font-size: 11pt\"><img loading=\"lazy\" decoding=\"async\" class=\" alignnone\" style=\"margin-left: 0px;margin-right: 10px\" src=\"https:\/\/www.esports-betting.pro\/app\/uploads\/sites\/3\/2015\/12\/Bet365-apuestas-esports-Logo.jpg\" alt=\"Bet365 apuestas esports Logo\" width=\"100\" height=\"31\" \/><strong style=\"color: #000000;text-align: center\"><span style=\"color: #000000\"><a style=\"color: #000000\" title=\"Resumen de Bet365\" href=\"https:\/\/www.esports-betting.pro\/es\/sitios-apuestas-esports\/bet365-e-sports\/\">Rese\u00f1a<\/a><\/span><br \/>\n<a href=\"https:\/\/www.esports-betting.pro\/es\/corredor-de-apuestas\/go_bet365_1\"><span style=\"color: #ff0000\">Ver cuotas en FIFA<\/span><\/a><\/strong><\/span><\/div>\n<div style=\"width: 100px;height: 107px;float: left;margin-left: 10px;margin-right: 10px;margin-bottom: 10px;background-color: #e0e0e0\">\n<p style=\"text-align: center\"><span style=\"font-family: georgia, palatino, serif;font-size: 11pt\"><img loading=\"lazy\" decoding=\"async\" class=\" alignnone\" style=\"margin-left: 0px;margin-right: 20px\" src=\"https:\/\/www.esports-betting.pro\/app\/uploads\/sites\/3\/2015\/12\/Pinnacle-apuestas-esports-Logo.jpg\" alt=\"Pinnacle apuestas eSports\" width=\"100\" height=\"30\" \/> <strong><span style=\"color: #000000\"><a style=\"color: #000000\" title=\"Resumen de Pinnacle\" href=\"https:\/\/www.esports-betting.pro\/es\/sitios-apuestas-esports\/pinnacle-esports\/\">Rese\u00f1a<\/a><span style=\"color: #ff0000\">*<br \/>\n<\/span><a href=\"https:\/\/www.esports-betting.pro\/es\/corredor-de-apuestas\/go_pinnacle_1\"><span style=\"color: #ff0000\">Ver cuotas en FIFA<\/span><\/a><\/span><\/strong><\/span><\/p>\n<\/div>\n<div style=\"width: 100px;height: 107px;float: left;margin-right: 10px;margin-bottom: 10px;background-color: #e0e0e0\">\n<p style=\"text-align: center\"><span style=\"font-family: georgia, palatino, serif;font-size: 11pt\"><img loading=\"lazy\" decoding=\"async\" class=\" alignnone\" style=\"margin-left: 0px;margin-right: 20px\" src=\"https:\/\/www.esports-betting.pro\/app\/uploads\/sites\/3\/2015\/07\/ArcaneBet-Logo-Div.jpg\" alt=\"ArcaneBet Logo Div\" width=\"100\" height=\"30\" \/> <strong><a title=\"Resumen de ArcaneBet\" href=\"https:\/\/www.esports-betting.pro\/es\/sitios-apuestas-esports\/arcanebet-resena\/\"><span style=\"color: #000000\">Rese\u00f1a<\/span><\/a><span style=\"color: #000000\"><span style=\"color: #ff0000\">*<br \/>\n<\/span><a href=\"https:\/\/www.esports-betting.pro\/es\/corredor-de-apuestas\/go_arcanebet_1\"><span style=\"color: #ff0000\">Ver cuotas en FIFA<\/span><\/a><\/span><\/strong><\/span><\/p>\n<\/div>\n<div style=\"width: 100px;height: 107px;float: left;margin-left: 5px;margin-right: 10px;margin-bottom: 10px;background-color: #e0e0e0\">\n<p style=\"text-align: center\"><span style=\"font-family: georgia, palatino, serif;font-size: 11pt\"><img loading=\"lazy\" decoding=\"async\" class=\" alignnone\" style=\"margin-left: 0px;margin-right: 10px\" src=\"https:\/\/www.esports-betting.pro\/app\/uploads\/sites\/3\/2017\/10\/Nitrogen-Sports-Logo-Div.jpg\" alt=\"Nitrogen Sports Logo\" width=\"100\" height=\"31\" \/><span style=\"color: #000000\"><strong><a style=\"color: #000000\" href=\"https:\/\/www.esports-betting.pro\/es\/sitios-apuestas-esports\/resena-nitrogen-bitcoin\/\">Rese\u00f1a<\/a><\/strong><\/span> <span style=\"color: #ff0000\"><strong><a style=\"color: #ff0000\" href=\"https:\/\/www.esports-betting.pro\/es\/corredor-de-apuestas\/go_nitrogen\" target=\"_blank\" rel=\"noopener\">Apuestas con Bitcoin <img loading=\"lazy\" decoding=\"async\" class=\"alignnone size-full wp-image-9719\" src=\"https:\/\/www.esports-betting.pro\/app\/uploads\/sites\/3\/2017\/10\/Bitcoin-Logo-Pequeno.png\" alt=\"Bitcoin Logo\" width=\"20\" height=\"20\" \/><\/a><\/strong><\/span><\/span><\/p>\n<\/div>\n<\/div>\n<p style=\"text-align: justify\"><span style=\"font-size: 10pt\"><span style=\"color: #ff0000\"><strong>*<\/strong><\/span>). Pinnacle y ArcaneBet no aceptan clientes de Espa\u00f1a, pero Bet365 S\u00cd.<\/span><\/p>\n<h3>Comparaci\u00f3n de cuotas de apuestas<\/h3>\n<p style=\"text-align: justify\">Es seguro decir que las apuestas, en general, pueden volverse bastante extravagantes, pero en el caso de las cuotas de apuestas para la FIFA eWorld Cup 2018, estas son a\u00fan m\u00e1s alocadas. No hay ning\u00fan favorito absoluto o un posible ganador (aunque hay bastantes que est\u00e1n entre los mejores del grupo). Adem\u00e1s, ya hemos visto a los m\u00e1s d\u00e9biles llegar muy lejos (en la Copa Mundial y durante las clasificatoria para la FIFA eWorld Cup 2018). Sin embargo, las comparaciones de las cuotas de apuestas son importantes para los fan\u00e1ticos y espectadores, as\u00ed tienen una idea m\u00e1s clara de cu\u00e1les son sus opciones y qu\u00e9 equipo\/jugador podr\u00eda pasar. Estas son las siguientes:<\/p>\n<p style=\"text-align: center\"><strong>Apuestas\u00a0eSports de League of Legends \u2013\u00a0Bet365:<br \/>\n<a href=\"https:\/\/www.esports-betting.pro\/es\/sitios-apuestas-esports\/bet365-e-sports\/\" target=\"_blank\" rel=\"nofollow noopener noreferrer\"><img loading=\"lazy\" decoding=\"async\" class=\"alignnone wp-image-3507 size-full\" src=\"https:\/\/www.esports-betting.pro\/app\/uploads\/sites\/3\/2017\/01\/Bet365-Banner-Logo.jpg\" alt=\"Bet365 - Banner\" width=\"500\" height=\"50\" \/><br \/>\n<\/a><\/strong><\/p>\n<p style=\"text-align: justify\"><em>\u201cHora de inicio mostrada en: GMT o GMT +1 durante el horario de verano. Cuotas de apuestas presentadas por Bet365.\u00a0<strong><a title=\"Bet365 \u2013 Rese\u00f1a de apuestas eSports\" href=\"https:\/\/www.esports-betting.pro\/es\/sitios-apuestas-esports\/bet365-e-sports\/\">Lee m\u00e1s acercas de las apuestas en los eSports en Bet365<\/a><\/strong>.<\/em><strong>:<\/strong>\u00a0E-Sports<br \/>\n<em><strong>Atencion<\/strong>: Las cuotas mostradas son s\u00f3lo orientativas y est\u00e1n sujetas a cambios desde bet365. Por favor, compruebe las cuotas en el sitio bet365 antes de realizar cualquier apuesta.<\/em><\/p>\n<p style=\"text-align: center\"><strong>Apuestas\u00a0de\u00a0esports\u00a0\u2013\u00a0<a href=\"https:\/\/www.esports-betting.pro\/es\/sitios-apuestas-esports\/pinnacle-esports\/\">Pinnacle eSports<\/a>:<br \/>\n<\/strong><a href=\"https:\/\/www.esports-betting.pro\/es\/corredor-de-apuestas\/go_pinnacle\" target=\"_blank\" rel=\"nofollow noopener noreferrer\"><img loading=\"lazy\" decoding=\"async\" class=\"alignnone wp-image-6057 size-full\" src=\"https:\/\/www.esports-betting.pro\/app\/uploads\/sites\/3\/2017\/05\/Pinnacle-Esports-Banner.jpg\" alt=\"Pinnacle Esports Banner\" width=\"500\" height=\"50\" \/><\/a><br \/>\n<em><strong><a href=\"https:\/\/www.esports-betting.pro\/es\/corredor-de-apuestas\/go_pinnacle\" target=\"_blank\" rel=\"nofollow noopener noreferrer\">Cuotas\u00a0de Apuestas actuales en Pinnacle<\/a><\/strong><\/em><\/p>\n<p style=\"text-align: center\"><strong>Apuestas\u00a0de\u00a0esports\u00a0\u2013\u00a0<a href=\"https:\/\/www.esports-betting.pro\/es\/sitios-apuestas-esports\/arcanebet-resena\/\">Arcanebet<\/a>:<br \/>\n<a href=\"https:\/\/www.esports-betting.pro\/es\/corredor-de-apuestas\/go_arcanebet\" target=\"_blank\" rel=\"nofollow noopener\"><img loading=\"lazy\" decoding=\"async\" class=\"alignnone wp-image-9662 size-full\" src=\"https:\/\/www.esports-betting.pro\/app\/uploads\/sites\/3\/2017\/10\/ArcaneBet-Banner-Cuotas.jpg\" alt=\"ArcaneBet Banner Cuotas\" width=\"500\" height=\"50\" \/><\/a><br \/>\n<\/strong><strong><img loading=\"lazy\" decoding=\"async\" class=\"alignnone size-full wp-image-13458\" src=\"https:\/\/www.esports-betting.pro\/app\/uploads\/sites\/3\/2018\/08\/FIFA-eWorld-Cup-Cuotas-Apuestas-Ganador-Final-ArcaneBet.jpg\" alt=\"FIFA eWorld Cup Cuotas de Apuestas al Ganador Final en ArcaneBet\" width=\"480\" height=\"529\" \/><\/strong><\/p>\n<p style=\"text-align: center\"><strong><em><a href=\"https:\/\/www.esports-betting.pro\/es\/corredor-de-apuestas\/go_arcanebet\" target=\"_blank\" rel=\"nofollow noopener noreferrer\">Cuotas\u00a0de Apuestas actuales en Arcanebet<\/a><\/em><\/strong><\/p>\n<h2>Equipos y jugadores<\/h2>\n<p style=\"text-align: justify\">Hay 32 jugadores en esta copa mundial, todos juegan en un equipo diferente (que probablemente van a ser equilibrados para ser justos). Aqu\u00ed est\u00e1 la lista de los 32 jugadores:<\/p>\n<div style=\"width: 100%;overflow: auto\">\n<div style=\"float: left;padding: 10px\">\n<p style=\"text-align: center\"><span style=\"text-decoration: underline;font-size: 16pt\">GRUPO A<\/span><\/p>\n<ul>\n<li style=\"text-align: justify\">Megabit<\/li>\n<li>Dani Hagabeuk<\/li>\n<li>Kurt0411<\/li>\n<li>Alekzandur<\/li>\n<li>AeroFIFA<\/li>\n<li>Ichor RESENDE7<\/li>\n<li>Fabio Denuzzo<\/li>\n<li>Hashtag dreamR<\/li>\n<\/ul>\n<\/div>\n<div style=\"float: left;padding: 10px\">\n<p style=\"text-align: center\"><span style=\"text-decoration: underline;font-size: 16pt\">GRUPO B<\/span><\/p>\n<ul>\n<li>Rafsou<\/li>\n<li>Gorilla<\/li>\n<li>MSDossary<\/li>\n<li>Nraseck<\/li>\n<li>GoalMachine21<\/li>\n<li>Sakul<\/li>\n<li>JSSF107<\/li>\n<li>Crafty<\/li>\n<\/ul>\n<\/div>\n<div style=\"float: left;padding: 10px\">\n<p style=\"text-align: center\"><span style=\"text-decoration: underline;font-size: 16pt\">GRUPO C<\/span><\/p>\n<ul>\n<li>NICOLAS99FC<\/li>\n<li>Web<\/li>\n<li>StefanoPinna<\/li>\n<li>Deto<\/li>\n<li>Eisvogel<\/li>\n<li>Honey Badger<\/li>\n<li>Hashtag Boras<\/li>\n<li>YimmieHD<\/li>\n<\/ul>\n<\/div>\n<div style=\"float: left;padding: 10px\">\n<p style=\"text-align: center\"><span style=\"text-decoration: underline;font-size: 16pt\">GRUPO D<\/span><\/p>\n<ul>\n<li>B04 M4RV<\/li>\n<li>Marcuzzo<\/li>\n<li>FCB TheStrxngeR<\/li>\n<li>Damie<\/li>\n<li>MoAubameyang<\/li>\n<li>MaestroSquad<\/li>\n<li>AndoniiPM<\/li>\n<li>Hashtag Agge<\/li>\n<\/ul>\n<\/div>\n<\/div>\n<p style=\"text-align: center\">\n<p><img loading=\"lazy\" decoding=\"async\" class=\"aligncenter wp-image-15449 size-full\" src=\"https:\/\/www.esports-betting.pro\/app\/uploads\/sites\/3\/2019\/04\/fifaeworldcup-e1555703131941.png\" alt=\"\" width=\"533\" height=\"300\" \/><\/p>\n<h2><a id=\"transmision\"><\/a>Transmisi\u00f3n en vio de la FIFA \u00a0eWorld Cup 2018<\/h2>\n<p>Disfruta de la transmisi\u00f3n en vivo del FIFA eWorld Cup 2018 con comentaristas en espa\u00f1ol.<\/p>\n<p><iframe loading=\"lazy\" title=\"FIFA eWorld Cup 2018 - Play-offs (Spanish Commentary)\" width=\"500\" height=\"281\" src=\"https:\/\/www.youtube.com\/embed\/VnKMWEBfNuU?feature=oembed\" frameborder=\"0\" allow=\"accelerometer; autoplay; clipboard-write; encrypted-media; gyroscope; picture-in-picture; web-share\" referrerpolicy=\"strict-origin-when-cross-origin\" allowfullscreen><\/iframe><\/p>\n","protected":false},"excerpt":{"rendered":"<p>La Copa Mundial de la FIFA 2018 en Rusia termin\u00f3 hace unos d\u00edas y Francia gan\u00f3 su segunda Copa Mundial, exactamente 20 a\u00f1os despu\u00e9s de su victoria anterior. Durante ese tiempo, Francia estaba en su tierra natal y, por m\u00e1s peque\u00f1a que fuera, ten\u00eda una peque\u00f1a, peque\u00f1a ventaja (como muchos dir\u00edan). Sin embargo, este a\u00f1o &hellip; <a href=\"https:\/\/www.esports-betting.pro\/es\/fifa\/fifa-eworld-cup-2018\/\">Continued<\/a><\/p>\n","protected":false},"author":24,"featured_media":0,"parent":4121,"menu_order":0,"comment_status":"closed","ping_status":"closed","template":"","meta":{"_acf_changed":false,"footnotes":""},"acf":[],"yoast_head":"<!-- This site is optimized with the Yoast SEO plugin v22.6 - https:\/\/yoast.com\/wordpress\/plugins\/seo\/ -->\n<title>FIFA eWorld Cup 2018 | Informaci\u00f3n del torneo y cuotas de apuestas<\/title>\n<meta name=\"description\" content=\"Haz click ac\u00e1 para m\u00e1s informaci\u00f3n respecto al FIFA eWorld Cup 2018, cuotas de apuestas, jugadores, transmisi\u00f3n en vivo y m\u00e1s.\" \/>\n<meta name=\"robots\" content=\"index, follow, max-snippet:-1, max-image-preview:large, max-video-preview:-1\" \/>\n<link rel=\"canonical\" href=\"https:\/\/www.esports-betting.pro\/es\/fifa\/fifa-eworld-cup-2018\/\" \/>\n<meta property=\"og:locale\" content=\"es_ES\" \/>\n<meta property=\"og:type\" content=\"article\" \/>\n<meta property=\"og:title\" content=\"FIFA eWorld Cup 2018 | Informaci\u00f3n del torneo y cuotas de apuestas\" \/>\n<meta property=\"og:description\" content=\"Haz click ac\u00e1 para m\u00e1s informaci\u00f3n respecto al FIFA eWorld Cup 2018, cuotas de apuestas, jugadores, transmisi\u00f3n en vivo y m\u00e1s.\" \/>\n<meta property=\"og:url\" content=\"https:\/\/www.esports-betting.pro\/es\/fifa\/fifa-eworld-cup-2018\/\" \/>\n<meta property=\"og:site_name\" content=\"Esports Betting - ES\" \/>\n<meta property=\"og:image\" content=\"https:\/\/www.esports-betting.pro\/app\/uploads\/sites\/3\/2018\/08\/FIFA-eWorld-Cup-2018-Logo.png\" \/>\n<meta name=\"twitter:card\" content=\"summary_large_image\" \/>\n<meta name=\"twitter:label1\" content=\"Est. reading time\" \/>\n\t<meta name=\"twitter:data1\" content=\"5 minutos\" \/>\n<script type=\"application\/ld+json\" class=\"yoast-schema-graph\">{\"@context\":\"https:\/\/schema.org\",\"@graph\":[{\"@type\":\"WebPage\",\"@id\":\"https:\/\/www.esports-betting.pro\/es\/fifa\/fifa-eworld-cup-2018\/\",\"url\":\"https:\/\/www.esports-betting.pro\/es\/fifa\/fifa-eworld-cup-2018\/\",\"name\":\"FIFA eWorld Cup 2018 | Informaci\u00f3n del torneo y cuotas de apuestas\",\"isPartOf\":{\"@id\":\"https:\/\/www.esports-betting.pro\/es\/#website\"},\"primaryImageOfPage\":{\"@id\":\"https:\/\/www.esports-betting.pro\/es\/fifa\/fifa-eworld-cup-2018\/#primaryimage\"},\"image\":{\"@id\":\"https:\/\/www.esports-betting.pro\/es\/fifa\/fifa-eworld-cup-2018\/#primaryimage\"},\"thumbnailUrl\":\"https:\/\/www.esports-betting.pro\/app\/uploads\/sites\/3\/2018\/08\/FIFA-eWorld-Cup-2018-Logo.png\",\"datePublished\":\"2018-08-03T18:41:56+00:00\",\"dateModified\":\"2018-08-03T18:41:56+00:00\",\"description\":\"Haz click ac\u00e1 para m\u00e1s informaci\u00f3n respecto al FIFA eWorld Cup 2018, cuotas de apuestas, jugadores, transmisi\u00f3n en vivo y m\u00e1s.\",\"breadcrumb\":{\"@id\":\"https:\/\/www.esports-betting.pro\/es\/fifa\/fifa-eworld-cup-2018\/#breadcrumb\"},\"inLanguage\":\"es\",\"potentialAction\":[{\"@type\":\"ReadAction\",\"target\":[\"https:\/\/www.esports-betting.pro\/es\/fifa\/fifa-eworld-cup-2018\/\"]}]},{\"@type\":\"ImageObject\",\"inLanguage\":\"es\",\"@id\":\"https:\/\/www.esports-betting.pro\/es\/fifa\/fifa-eworld-cup-2018\/#primaryimage\",\"url\":\"https:\/\/www.esports-betting.pro\/app\/uploads\/sites\/3\/2018\/08\/FIFA-eWorld-Cup-2018-Logo.png\",\"contentUrl\":\"https:\/\/www.esports-betting.pro\/app\/uploads\/sites\/3\/2018\/08\/FIFA-eWorld-Cup-2018-Logo.png\"},{\"@type\":\"BreadcrumbList\",\"@id\":\"https:\/\/www.esports-betting.pro\/es\/fifa\/fifa-eworld-cup-2018\/#breadcrumb\",\"itemListElement\":[{\"@type\":\"ListItem\",\"position\":1,\"name\":\"Home\",\"item\":\"https:\/\/www.esports-betting.pro\/es\/\"},{\"@type\":\"ListItem\",\"position\":2,\"name\":\"EA FIFA F\u00fatbol &#8211; Sitios de apuestas eSports para el a\u00f1o 2019\",\"item\":\"https:\/\/www.esports-betting.pro\/es\/fifa\/\"},{\"@type\":\"ListItem\",\"position\":3,\"name\":\"FIFA eWorld Cup 2018 | Cuotas de apuestas e informaci\u00f3n del torneo\"}]},{\"@type\":\"WebSite\",\"@id\":\"https:\/\/www.esports-betting.pro\/es\/#website\",\"url\":\"https:\/\/www.esports-betting.pro\/es\/\",\"name\":\"Esports Betting - ES\",\"description\":\"Just another Esports Betting Sites site\",\"potentialAction\":[{\"@type\":\"SearchAction\",\"target\":{\"@type\":\"EntryPoint\",\"urlTemplate\":\"https:\/\/www.esports-betting.pro\/es\/?s={search_term_string}\"},\"query-input\":\"required name=search_term_string\"}],\"inLanguage\":\"es\"}]}<\/script>\n<!-- \/ Yoast SEO plugin. -->","yoast_head_json":{"title":"FIFA eWorld Cup 2018 | Informaci\u00f3n del torneo y cuotas de apuestas","description":"Haz click ac\u00e1 para m\u00e1s informaci\u00f3n respecto al FIFA eWorld Cup 2018, cuotas de apuestas, jugadores, transmisi\u00f3n en vivo y m\u00e1s.","robots":{"index":"index","follow":"follow","max-snippet":"max-snippet:-1","max-image-preview":"max-image-preview:large","max-video-preview":"max-video-preview:-1"},"canonical":"https:\/\/www.esports-betting.pro\/es\/fifa\/fifa-eworld-cup-2018\/","og_locale":"es_ES","og_type":"article","og_title":"FIFA eWorld Cup 2018 | Informaci\u00f3n del torneo y cuotas de apuestas","og_description":"Haz click ac\u00e1 para m\u00e1s informaci\u00f3n respecto al FIFA eWorld Cup 2018, cuotas de apuestas, jugadores, transmisi\u00f3n en vivo y m\u00e1s.","og_url":"https:\/\/www.esports-betting.pro\/es\/fifa\/fifa-eworld-cup-2018\/","og_site_name":"Esports Betting - ES","og_image":[{"url":"https:\/\/www.esports-betting.pro\/app\/uploads\/sites\/3\/2018\/08\/FIFA-eWorld-Cup-2018-Logo.png"}],"twitter_card":"summary_large_image","twitter_misc":{"Est. reading time":"5 minutos"},"schema":{"@context":"https:\/\/schema.org","@graph":[{"@type":"WebPage","@id":"https:\/\/www.esports-betting.pro\/es\/fifa\/fifa-eworld-cup-2018\/","url":"https:\/\/www.esports-betting.pro\/es\/fifa\/fifa-eworld-cup-2018\/","name":"FIFA eWorld Cup 2018 | Informaci\u00f3n del torneo y cuotas de apuestas","isPartOf":{"@id":"https:\/\/www.esports-betting.pro\/es\/#website"},"primaryImageOfPage":{"@id":"https:\/\/www.esports-betting.pro\/es\/fifa\/fifa-eworld-cup-2018\/#primaryimage"},"image":{"@id":"https:\/\/www.esports-betting.pro\/es\/fifa\/fifa-eworld-cup-2018\/#primaryimage"},"thumbnailUrl":"https:\/\/www.esports-betting.pro\/app\/uploads\/sites\/3\/2018\/08\/FIFA-eWorld-Cup-2018-Logo.png","datePublished":"2018-08-03T18:41:56+00:00","dateModified":"2018-08-03T18:41:56+00:00","description":"Haz click ac\u00e1 para m\u00e1s informaci\u00f3n respecto al FIFA eWorld Cup 2018, cuotas de apuestas, jugadores, transmisi\u00f3n en vivo y m\u00e1s.","breadcrumb":{"@id":"https:\/\/www.esports-betting.pro\/es\/fifa\/fifa-eworld-cup-2018\/#breadcrumb"},"inLanguage":"es","potentialAction":[{"@type":"ReadAction","target":["https:\/\/www.esports-betting.pro\/es\/fifa\/fifa-eworld-cup-2018\/"]}]},{"@type":"ImageObject","inLanguage":"es","@id":"https:\/\/www.esports-betting.pro\/es\/fifa\/fifa-eworld-cup-2018\/#primaryimage","url":"https:\/\/www.esports-betting.pro\/app\/uploads\/sites\/3\/2018\/08\/FIFA-eWorld-Cup-2018-Logo.png","contentUrl":"https:\/\/www.esports-betting.pro\/app\/uploads\/sites\/3\/2018\/08\/FIFA-eWorld-Cup-2018-Logo.png"},{"@type":"BreadcrumbList","@id":"https:\/\/www.esports-betting.pro\/es\/fifa\/fifa-eworld-cup-2018\/#breadcrumb","itemListElement":[{"@type":"ListItem","position":1,"name":"Home","item":"https:\/\/www.esports-betting.pro\/es\/"},{"@type":"ListItem","position":2,"name":"EA FIFA F\u00fatbol &#8211; Sitios de apuestas eSports para el a\u00f1o 2019","item":"https:\/\/www.esports-betting.pro\/es\/fifa\/"},{"@type":"ListItem","position":3,"name":"FIFA eWorld Cup 2018 | Cuotas de apuestas e informaci\u00f3n del torneo"}]},{"@type":"WebSite","@id":"https:\/\/www.esports-betting.pro\/es\/#website","url":"https:\/\/www.esports-betting.pro\/es\/","name":"Esports Betting - ES","description":"Just another Esports Betting Sites site","potentialAction":[{"@type":"SearchAction","target":{"@type":"EntryPoint","urlTemplate":"https:\/\/www.esports-betting.pro\/es\/?s={search_term_string}"},"query-input":"required name=search_term_string"}],"inLanguage":"es"}]}},"_links":{"self":[{"href":"https:\/\/www.esports-betting.pro\/es\/wp-json\/wp\/v2\/pages\/13455"}],"collection":[{"href":"https:\/\/www.esports-betting.pro\/es\/wp-json\/wp\/v2\/pages"}],"about":[{"href":"https:\/\/www.esports-betting.pro\/es\/wp-json\/wp\/v2\/types\/page"}],"author":[{"embeddable":true,"href":"https:\/\/www.esports-betting.pro\/es\/wp-json\/wp\/v2\/users\/24"}],"replies":[{"embeddable":true,"href":"https:\/\/www.esports-betting.pro\/es\/wp-json\/wp\/v2\/comments?post=13455"}],"version-history":[{"count":0,"href":"https:\/\/www.esports-betting.pro\/es\/wp-json\/wp\/v2\/pages\/13455\/revisions"}],"up":[{"embeddable":true,"href":"https:\/\/www.esports-betting.pro\/es\/wp-json\/wp\/v2\/pages\/4121"}],"wp:attachment":[{"href":"https:\/\/www.esports-betting.pro\/es\/wp-json\/wp\/v2\/media?parent=13455"}],"curies":[{"name":"wp","href":"https:\/\/api.w.org\/{rel}","templated":true}]}}