{"id":1307,"date":"2016-03-28T22:21:30","date_gmt":"2016-03-28T22:21:30","guid":{"rendered":"https:\/\/www.esports-betting.pro\/es\/?page_id=1307"},"modified":"2016-03-28T22:21:30","modified_gmt":"2016-03-28T22:21:30","slug":"cuartos-de-final","status":"publish","type":"page","link":"https:\/\/www.esports-betting.pro\/es\/league-of-legends-lol\/lcs-temporada-6-2016\/playoffs-split-de-primavera\/cuartos-de-final\/","title":{"rendered":"LCS Playoffs del Split de Primavera 2016 | Cuartos de Final"},"content":{"rendered":"<p style=\"text-align: justify\"><img loading=\"lazy\" decoding=\"async\" class=\"alignright wp-image-539\" src=\"https:\/\/www.esports-betting.pro\/app\/uploads\/sites\/3\/2015\/11\/LCS-6ta-Temporada-Logo-2016.jpg\" alt=\"LCS 6ta Temporada Logo 2016\" width=\"211\" height=\"87\" \/>Los playoffs del Split de Primavera de la LCS comenzar\u00e1n con los cuartos de final. En la primera ronda de los playoffs, los equipos que durante la temporada regular del Split de Primavera terminaron entre la 3ra y 6ta posici\u00f3n luchar\u00e1n por avanzar a la siguiente ronda donde los dos mejores equipos de la temporada los esperan. Mientras que los ganadores de esta ronda avanzar\u00e1n a la siguiente, los perdedores ser\u00e1n eliminados del torneo y solo obtendr\u00e1n 10 Puntos de Campeonatos (para el Campeonato Mundial de League of Legends 2016). Todos los partidos de los cuartos de final ser\u00e1n jugados en una serie del Mejor de 5 y una serie por d\u00eda. Podr\u00e1s encontrar la programaci\u00f3n de los partidos, horas de inicio, transmisi\u00f3n en vivo y probabilidades de apuestas.<\/p>\n<p style=\"text-align: justify\"><a href=\"https:\/\/www.esports-betting.pro\/es\/league-of-legends-lol\/lcs-temporada-6-2016\/playoffs-split-de-primavera\/\">Playoffs de Primavera 2016<\/a> &gt; <strong>Cuartos de Final<\/strong> &gt; <a href=\"https:\/\/www.esports-betting.pro\/es\/league-of-legends-lol\/lcs-temporada-6-2016\/playoffs-split-de-primavera\/semifinales\/\">Semifinales<\/a> &gt; <a href=\"https:\/\/www.esports-betting.pro\/es\/league-of-legends-lol\/lcs-temporada-6-2016\/playoffs-split-de-primavera\/gran-final-y-3er-lugar\/\">Final<\/a><\/p>\n<h2>LCS \u2013\u00a0Playoffs de Primavera \u2013 Cuartos de Final | Datos:<\/h2>\n<ul>\n<li style=\"text-align: justify\"><strong>Norteam\u00e9rica:<\/strong>04\/02\/ \u2013 04\/03\/2016<\/li>\n<li><strong>Hora de Inicio:<\/strong>12:00 PM\u00a0PDT\/ 15:00 PM EDT\/ 21:00 CEST<\/li>\n<li><strong>Lugar:<\/strong>Los \u00c1ngeles,\u00a0EE.UU.<\/li>\n<li><strong>Europa:<\/strong> 04\/02\/ &#8211; 04\/03\/2016<\/li>\n<li><strong>Hora de Inicio:<\/strong> 09:00 AM PDT\/ 12:00 PM EDT\/ 18:00 CEST<\/li>\n<li><strong>Lugar:<\/strong> Berl\u00edn, Alemania<\/li>\n<li><strong><a href=\"https:\/\/www.esports-betting.pro\/es\/league-of-legends-lol\/\">Apuestas en League of Legends<\/a><\/strong><\/li>\n<li>2 partidos | Una serie al Mejor de 5 por d\u00eda<\/li>\n<li><strong>Parche:\u00a0<\/strong>LoL 6.6<\/li>\n<li><a href=\"#transmision\">Transmisi\u00f3n en vivo para todos los partidos<\/a><\/li>\n<li>Probabilidades de apuestas para todos los partidos<\/li>\n<li>Predicciones y Consejos de Apuestas<\/li>\n<li>Hashtags: #LCS #NALCS<\/li>\n<li>Hashtag Mejores Jugadas: #LCSBigPlays<\/li>\n<\/ul>\n<h2>Programaci\u00f3n y Resultados \u2013 LCS Primavera Cuartos de Final<\/h2>\n<h3><span style=\"color: #ffffff;background-color: #000000\">Cuartos de Final \u2013 NA LCS Playoffs<\/span><\/h3>\n<p style=\"text-align: justify\"><strong>Cuartos de Final #1: <img loading=\"lazy\" decoding=\"async\" class=\"alignnone wp-image-469 size-full\" src=\"https:\/\/www.esports-betting.pro\/app\/uploads\/sites\/3\/2015\/11\/logo-lcs-equipo-cloud9-2016-pequeno.png\" alt=\"Cloud9 NA LCS equipo logo\" width=\"32\" height=\"32\" \/>\u00a0Cloud9 <span style=\"color: #ff0000\">vs.<\/span> <img loading=\"lazy\" decoding=\"async\" class=\"alignnone wp-image-1016 size-full\" src=\"https:\/\/www.esports-betting.pro\/app\/uploads\/sites\/3\/2016\/02\/TSM-Equipo-LoL-logo.jpg\" alt=\"TSM NA LCS equipo logo\" width=\"32\" height=\"32\" \/>\u00a0Team SoloMid \u00a0 <span style=\"background-color: #000000\">\u00a0 <span style=\"color: #3366ff\">1<\/span> \u00a0<span style=\"color: #ffffff\">:<\/span> \u00a0<span style=\"color: #ff0000\">3<\/span> \u00a0<\/span><img loading=\"lazy\" decoding=\"async\" class=\"alignright wp-image-540\" src=\"https:\/\/www.esports-betting.pro\/app\/uploads\/sites\/3\/2015\/11\/LCS-6ta-Temporada-NA-Logo-2016.jpg\" alt=\"LCS 6ta Temporada NA Logo 2016\" width=\"211\" height=\"100\" \/><\/strong><br \/>\nHora de Inicio: 2 de abril, 12:00 PM PDT\/ 15:00 PM EDT\/\u00a021:00 CEST<\/p>\n<p style=\"text-align: justify\"><strong>Cuartos de Final #2: <img loading=\"lazy\" decoding=\"async\" class=\"alignnone wp-image-474 size-full\" src=\"https:\/\/www.esports-betting.pro\/app\/uploads\/sites\/3\/2015\/11\/logo-lcs-equipo-liquid-2016-pequeno.png\" alt=\"Team Liquid NA LCS equipo logo\" width=\"32\" height=\"32\" \/>\u00a0Team Liquid <span style=\"color: #ff0000\">vs.<\/span> <img loading=\"lazy\" decoding=\"async\" class=\"alignnone wp-image-577 size-full\" src=\"https:\/\/www.esports-betting.pro\/app\/uploads\/sites\/3\/2015\/11\/NRG-Gaming-NA-LCS-equipo-Logo-e1450205311930.png\" alt=\"NRG eSports NA LCS equipo Logo\" width=\"32\" height=\"32\" \/>\u00a0NRG eSports \u00a0 <span style=\"background-color: #000000\">\u00a0 <span style=\"color: #3366ff\">3<\/span>\u00a0\u00a0<span style=\"color: #ffffff\">:<\/span>\u00a0 <span style=\"color: #ff0000\">0<\/span>\u00a0\u00a0<\/span><\/strong><br \/>\nHora de Inicio: 3 de abril, 12:00 PM PDT \/ 15:00 PM EDT \/\u00a021:00 CEST<\/p>\n<h3><span style=\"color: #ffffff;background-color: #000000\">Cuartos de Final \u2013 EU LCS Playoffs<\/span><\/h3>\n<p style=\"text-align: justify\"><strong><img loading=\"lazy\" decoding=\"async\" class=\"wp-image-538 alignright\" src=\"https:\/\/www.esports-betting.pro\/app\/uploads\/sites\/3\/2015\/11\/LCS-6ta-Temporada-EU-Logo-2016.jpg\" alt=\"LCS 6ta Temporada EU Logo 2016\" width=\"211\" height=\"101\" \/>Cuartos de Final #1: <img loading=\"lazy\" decoding=\"async\" class=\"alignnone wp-image-714 size-full\" src=\"https:\/\/www.esports-betting.pro\/app\/uploads\/sites\/3\/2015\/11\/Team-Vitality-EU-LCS-2016-small.jpg\" alt=\"Team Vitality EU LCS equipo logo\" width=\"32\" height=\"32\" \/>\u00a0Vitality <span style=\"color: #ff0000\">vs.<\/span> <img loading=\"lazy\" decoding=\"async\" class=\"alignnone wp-image-1011 size-full\" src=\"https:\/\/www.esports-betting.pro\/app\/uploads\/sites\/3\/2016\/02\/Fnatic-Equipo-LoL-logo.jpg\" alt=\"Fnatic EU LCS equipo logo\" width=\"32\" height=\"32\" \/>\u00a0Fnatic \u00a0 <span style=\"background-color: #000000\">\u00a0 <span style=\"color: #3366ff\">1<\/span> \u00a0<span style=\"color: #ffffff\">:<\/span> \u00a0<span style=\"color: #ff0000\">3<\/span> \u00a0<\/span><\/strong><br \/>\nHora de Inicio: 2 de abril, 09:00 AM PDT\/ 12:00 PM EDT\/ 18:00 CEST<\/p>\n<p style=\"text-align: justify\"><strong>Cuartos de Final #2: <img loading=\"lazy\" decoding=\"async\" class=\"alignnone wp-image-1012 size-full\" src=\"https:\/\/www.esports-betting.pro\/app\/uploads\/sites\/3\/2016\/02\/Origen-Equipo-LoL-logo.jpg\" alt=\"Origen EU LCS equipo logo\" width=\"32\" height=\"32\" \/>\u00a0Origen <span style=\"color: #ff0000\">\u00a0vs.<\/span> <img loading=\"lazy\" decoding=\"async\" class=\"alignnone wp-image-510 size-full\" src=\"https:\/\/www.esports-betting.pro\/app\/uploads\/sites\/3\/2015\/11\/logo-lcs-eu-equipo-unicorns-of-love-2016-pequeno.png\" alt=\"Unicorns of Love EU LCS equipo logo\" width=\"32\" height=\"32\" \/>\u00a0Unicorns of Love \u00a0 <span style=\"background-color: #000000\">\u00a0 <span style=\"color: #3366ff\">3<\/span>\u00a0\u00a0<span style=\"color: #ffffff\">:<\/span>\u00a0 <span style=\"color: #ff0000\">0<\/span>\u00a0\u00a0<\/span><\/strong><br \/>\nHora de Inicio: 3 de abril, 09:00 AM PDT\/ 12:00 PM EDT\/ 18:00 CEST<\/p>\n<h2>Probabilidades de Apuestas de los Cuartos de Final, Playoffs<\/h2>\n<p><a href=\"https:\/\/www.esports-betting.pro\/es\/corredor-de-apuestas\/go_bet365\" target=\"_blank\" rel=\"noopener\"><img loading=\"lazy\" decoding=\"async\" class=\"aligncenter wp-image-63 size-full\" src=\"https:\/\/www.esports-betting.pro\/app\/uploads\/sites\/3\/2015\/08\/Apuestas_eSports_Bet365-banner.jpg\" alt=\"Apuestas eSports Bet365 banner\" width=\"450\" height=\"86\" \/><\/a><\/p>\n<p><a href=\"https:\/\/www.esports-betting.pro\/es\/corredor-de-apuestas\/go_bet365\" target=\"_blank\" rel=\"noopener\"><img loading=\"lazy\" decoding=\"async\" class=\"aligncenter wp-image-1309 size-full\" src=\"https:\/\/www.esports-betting.pro\/app\/uploads\/sites\/3\/2016\/03\/Cuartos-de-final-NA-LCS-Playoff-Split-de-Primavera-2016-Bet365.jpg\" alt=\"Cuartos de final NA LCS Playoff Split de Primavera 2016 Bet365\" width=\"480\" height=\"134\" \/><\/a><\/p>\n<p><a href=\"https:\/\/www.esports-betting.pro\/es\/corredor-de-apuestas\/go_bet365\" target=\"_blank\" rel=\"noopener\"><img loading=\"lazy\" decoding=\"async\" class=\"aligncenter wp-image-1308 size-full\" src=\"https:\/\/www.esports-betting.pro\/app\/uploads\/sites\/3\/2016\/03\/Cuartos-de-final-EU-LCS-Playoff-Split-de-Primavera-2016-Bet365.jpg\" alt=\"Cuartos de final EU LCS Playoff Split de Primavera 2016 Bet365\" width=\"480\" height=\"147\" \/><\/a><\/p>\n<h2>Predicciones<\/h2>\n<p style=\"text-align: justify\"><strong><a href=\"https:\/\/www.esports-betting.pro\/es\/corredor-de-apuestas\/go_pinnacle\" target=\"_blank\" rel=\"noopener\"><img loading=\"lazy\" decoding=\"async\" class=\"alignright\" src=\"https:\/\/www.esports-betting.pro\/app\/uploads\/sites\/3\/2015\/11\/pinnacle-spanish-esports-banner.gif\" alt=\"pinnacle spanish esports banner\" width=\"200\" height=\"200\" \/><\/a><\/strong>Aqu\u00ed podr\u00e1s ver las predicciones de los Cuartos de Final de los Playoffs del Split de Primavera 2016 tan pronto como est\u00e9n disponibles.<\/p>\n<h2 id=\"transmision\">Transmisi\u00f3n en Vivo<\/h2>\n<p style=\"text-align: justify\">Todos los partidos de la 6ta Temporada de la LCS ser\u00e1n transmitidos en vivo por Youtube, Twitch y Azubu. \u00a1Tambi\u00e9n puedes ver la transmisi\u00f3n de los partidos aqu\u00ed en nuestra p\u00e1gina web, solo debes hacer clic en el bot\u00f3n de \u201cplay\u201d mientras la luz roja est\u00e1 encendida! M\u00e1s informaci\u00f3n sobre la transmisi\u00f3n en vivo, programaci\u00f3n y horas de transmisi\u00f3n ser\u00e1n publicados cuando est\u00e9n confirmados.<\/p>\n<p style=\"text-align: justify\">\n","protected":false},"excerpt":{"rendered":"<p>Los playoffs del Split de Primavera de la LCS comenzar\u00e1n con los cuartos de final. En la primera ronda de los playoffs, los equipos que durante la temporada regular del Split de Primavera terminaron entre la 3ra y 6ta posici\u00f3n luchar\u00e1n por avanzar a la siguiente ronda donde los dos mejores equipos de la temporada &hellip; <a href=\"https:\/\/www.esports-betting.pro\/es\/league-of-legends-lol\/lcs-temporada-6-2016\/playoffs-split-de-primavera\/cuartos-de-final\/\">Continued<\/a><\/p>\n","protected":false},"author":24,"featured_media":0,"parent":1274,"menu_order":0,"comment_status":"closed","ping_status":"closed","template":"","meta":{"_acf_changed":false,"footnotes":""},"acf":[],"yoast_head":"<!-- This site is optimized with the Yoast SEO plugin v22.6 - https:\/\/yoast.com\/wordpress\/plugins\/seo\/ -->\n<title>LCS Playoff del Split de Primavera | Cuartos de Final<\/title>\n<meta name=\"description\" content=\"\u00a1Toda la informaci\u00f3n que necesitas de los Cuartos de Final de los Playoffs del Split de Primavera 2016; horarios, equipos, fechas, transmisi\u00f3n en vivo!\" \/>\n<meta name=\"robots\" content=\"index, follow, max-snippet:-1, max-image-preview:large, max-video-preview:-1\" \/>\n<link rel=\"canonical\" href=\"https:\/\/www.esports-betting.pro\/es\/league-of-legends-lol\/lcs-temporada-6-2016\/playoffs-split-de-primavera\/cuartos-de-final\/\" \/>\n<meta property=\"og:locale\" content=\"es_ES\" \/>\n<meta property=\"og:type\" content=\"article\" \/>\n<meta property=\"og:title\" content=\"LCS Playoff del Split de Primavera | Cuartos de Final\" \/>\n<meta property=\"og:description\" content=\"\u00a1Toda la informaci\u00f3n que necesitas de los Cuartos de Final de los Playoffs del Split de Primavera 2016; horarios, equipos, fechas, transmisi\u00f3n en vivo!\" \/>\n<meta property=\"og:url\" content=\"https:\/\/www.esports-betting.pro\/es\/league-of-legends-lol\/lcs-temporada-6-2016\/playoffs-split-de-primavera\/cuartos-de-final\/\" \/>\n<meta property=\"og:site_name\" content=\"Esports Betting - ES\" \/>\n<meta property=\"og:image\" content=\"https:\/\/www.esports-betting.pro\/app\/uploads\/sites\/3\/2015\/11\/LCS-6ta-Temporada-Logo-2016.jpg\" \/>\n<meta name=\"twitter:card\" content=\"summary_large_image\" \/>\n<meta name=\"twitter:label1\" content=\"Est. reading time\" \/>\n\t<meta name=\"twitter:data1\" content=\"2 minutos\" \/>\n<script type=\"application\/ld+json\" class=\"yoast-schema-graph\">{\"@context\":\"https:\/\/schema.org\",\"@graph\":[{\"@type\":\"WebPage\",\"@id\":\"https:\/\/www.esports-betting.pro\/es\/league-of-legends-lol\/lcs-temporada-6-2016\/playoffs-split-de-primavera\/cuartos-de-final\/\",\"url\":\"https:\/\/www.esports-betting.pro\/es\/league-of-legends-lol\/lcs-temporada-6-2016\/playoffs-split-de-primavera\/cuartos-de-final\/\",\"name\":\"LCS Playoff del Split de Primavera | Cuartos de Final\",\"isPartOf\":{\"@id\":\"https:\/\/www.esports-betting.pro\/es\/#website\"},\"primaryImageOfPage\":{\"@id\":\"https:\/\/www.esports-betting.pro\/es\/league-of-legends-lol\/lcs-temporada-6-2016\/playoffs-split-de-primavera\/cuartos-de-final\/#primaryimage\"},\"image\":{\"@id\":\"https:\/\/www.esports-betting.pro\/es\/league-of-legends-lol\/lcs-temporada-6-2016\/playoffs-split-de-primavera\/cuartos-de-final\/#primaryimage\"},\"thumbnailUrl\":\"https:\/\/www.esports-betting.pro\/app\/uploads\/sites\/3\/2015\/11\/LCS-6ta-Temporada-Logo-2016.jpg\",\"datePublished\":\"2016-03-28T22:21:30+00:00\",\"dateModified\":\"2016-03-28T22:21:30+00:00\",\"description\":\"\u00a1Toda la informaci\u00f3n que necesitas de los Cuartos de Final de los Playoffs del Split de Primavera 2016; horarios, equipos, fechas, transmisi\u00f3n en vivo!\",\"breadcrumb\":{\"@id\":\"https:\/\/www.esports-betting.pro\/es\/league-of-legends-lol\/lcs-temporada-6-2016\/playoffs-split-de-primavera\/cuartos-de-final\/#breadcrumb\"},\"inLanguage\":\"es\",\"potentialAction\":[{\"@type\":\"ReadAction\",\"target\":[\"https:\/\/www.esports-betting.pro\/es\/league-of-legends-lol\/lcs-temporada-6-2016\/playoffs-split-de-primavera\/cuartos-de-final\/\"]}]},{\"@type\":\"ImageObject\",\"inLanguage\":\"es\",\"@id\":\"https:\/\/www.esports-betting.pro\/es\/league-of-legends-lol\/lcs-temporada-6-2016\/playoffs-split-de-primavera\/cuartos-de-final\/#primaryimage\",\"url\":\"https:\/\/www.esports-betting.pro\/app\/uploads\/sites\/3\/2015\/11\/LCS-6ta-Temporada-Logo-2016.jpg\",\"contentUrl\":\"https:\/\/www.esports-betting.pro\/app\/uploads\/sites\/3\/2015\/11\/LCS-6ta-Temporada-Logo-2016.jpg\"},{\"@type\":\"BreadcrumbList\",\"@id\":\"https:\/\/www.esports-betting.pro\/es\/league-of-legends-lol\/lcs-temporada-6-2016\/playoffs-split-de-primavera\/cuartos-de-final\/#breadcrumb\",\"itemListElement\":[{\"@type\":\"ListItem\",\"position\":1,\"name\":\"Home\",\"item\":\"https:\/\/www.esports-betting.pro\/es\/\"},{\"@type\":\"ListItem\",\"position\":2,\"name\":\"Apuestas en League of Legends (LoL) | Sitios de apuestas y cuotas\",\"item\":\"https:\/\/www.esports-betting.pro\/es\/league-of-legends-lol\/\"},{\"@type\":\"ListItem\",\"position\":3,\"name\":\"LCS 6ta Temporada | League of Legends LCS 2016\",\"item\":\"https:\/\/www.esports-betting.pro\/es\/league-of-legends-lol\/lcs-temporada-6-2016\/\"},{\"@type\":\"ListItem\",\"position\":4,\"name\":\"LCS Playoffs del Split de Primavera 2016 | 6ta Temporada\",\"item\":\"https:\/\/www.esports-betting.pro\/es\/league-of-legends-lol\/lcs-temporada-6-2016\/playoffs-split-de-primavera\/\"},{\"@type\":\"ListItem\",\"position\":5,\"name\":\"LCS Playoffs del Split de Primavera 2016 | Cuartos de Final\"}]},{\"@type\":\"WebSite\",\"@id\":\"https:\/\/www.esports-betting.pro\/es\/#website\",\"url\":\"https:\/\/www.esports-betting.pro\/es\/\",\"name\":\"Esports Betting - ES\",\"description\":\"Just another Esports Betting Sites site\",\"potentialAction\":[{\"@type\":\"SearchAction\",\"target\":{\"@type\":\"EntryPoint\",\"urlTemplate\":\"https:\/\/www.esports-betting.pro\/es\/?s={search_term_string}\"},\"query-input\":\"required name=search_term_string\"}],\"inLanguage\":\"es\"}]}<\/script>\n<!-- \/ Yoast SEO plugin. -->","yoast_head_json":{"title":"LCS Playoff del Split de Primavera | Cuartos de Final","description":"\u00a1Toda la informaci\u00f3n que necesitas de los Cuartos de Final de los Playoffs del Split de Primavera 2016; horarios, equipos, fechas, transmisi\u00f3n en vivo!","robots":{"index":"index","follow":"follow","max-snippet":"max-snippet:-1","max-image-preview":"max-image-preview:large","max-video-preview":"max-video-preview:-1"},"canonical":"https:\/\/www.esports-betting.pro\/es\/league-of-legends-lol\/lcs-temporada-6-2016\/playoffs-split-de-primavera\/cuartos-de-final\/","og_locale":"es_ES","og_type":"article","og_title":"LCS Playoff del Split de Primavera | Cuartos de Final","og_description":"\u00a1Toda la informaci\u00f3n que necesitas de los Cuartos de Final de los Playoffs del Split de Primavera 2016; horarios, equipos, fechas, transmisi\u00f3n en vivo!","og_url":"https:\/\/www.esports-betting.pro\/es\/league-of-legends-lol\/lcs-temporada-6-2016\/playoffs-split-de-primavera\/cuartos-de-final\/","og_site_name":"Esports Betting - ES","og_image":[{"url":"https:\/\/www.esports-betting.pro\/app\/uploads\/sites\/3\/2015\/11\/LCS-6ta-Temporada-Logo-2016.jpg"}],"twitter_card":"summary_large_image","twitter_misc":{"Est. reading time":"2 minutos"},"schema":{"@context":"https:\/\/schema.org","@graph":[{"@type":"WebPage","@id":"https:\/\/www.esports-betting.pro\/es\/league-of-legends-lol\/lcs-temporada-6-2016\/playoffs-split-de-primavera\/cuartos-de-final\/","url":"https:\/\/www.esports-betting.pro\/es\/league-of-legends-lol\/lcs-temporada-6-2016\/playoffs-split-de-primavera\/cuartos-de-final\/","name":"LCS Playoff del Split de Primavera | Cuartos de Final","isPartOf":{"@id":"https:\/\/www.esports-betting.pro\/es\/#website"},"primaryImageOfPage":{"@id":"https:\/\/www.esports-betting.pro\/es\/league-of-legends-lol\/lcs-temporada-6-2016\/playoffs-split-de-primavera\/cuartos-de-final\/#primaryimage"},"image":{"@id":"https:\/\/www.esports-betting.pro\/es\/league-of-legends-lol\/lcs-temporada-6-2016\/playoffs-split-de-primavera\/cuartos-de-final\/#primaryimage"},"thumbnailUrl":"https:\/\/www.esports-betting.pro\/app\/uploads\/sites\/3\/2015\/11\/LCS-6ta-Temporada-Logo-2016.jpg","datePublished":"2016-03-28T22:21:30+00:00","dateModified":"2016-03-28T22:21:30+00:00","description":"\u00a1Toda la informaci\u00f3n que necesitas de los Cuartos de Final de los Playoffs del Split de Primavera 2016; horarios, equipos, fechas, transmisi\u00f3n en vivo!","breadcrumb":{"@id":"https:\/\/www.esports-betting.pro\/es\/league-of-legends-lol\/lcs-temporada-6-2016\/playoffs-split-de-primavera\/cuartos-de-final\/#breadcrumb"},"inLanguage":"es","potentialAction":[{"@type":"ReadAction","target":["https:\/\/www.esports-betting.pro\/es\/league-of-legends-lol\/lcs-temporada-6-2016\/playoffs-split-de-primavera\/cuartos-de-final\/"]}]},{"@type":"ImageObject","inLanguage":"es","@id":"https:\/\/www.esports-betting.pro\/es\/league-of-legends-lol\/lcs-temporada-6-2016\/playoffs-split-de-primavera\/cuartos-de-final\/#primaryimage","url":"https:\/\/www.esports-betting.pro\/app\/uploads\/sites\/3\/2015\/11\/LCS-6ta-Temporada-Logo-2016.jpg","contentUrl":"https:\/\/www.esports-betting.pro\/app\/uploads\/sites\/3\/2015\/11\/LCS-6ta-Temporada-Logo-2016.jpg"},{"@type":"BreadcrumbList","@id":"https:\/\/www.esports-betting.pro\/es\/league-of-legends-lol\/lcs-temporada-6-2016\/playoffs-split-de-primavera\/cuartos-de-final\/#breadcrumb","itemListElement":[{"@type":"ListItem","position":1,"name":"Home","item":"https:\/\/www.esports-betting.pro\/es\/"},{"@type":"ListItem","position":2,"name":"Apuestas en League of Legends (LoL) | Sitios de apuestas y cuotas","item":"https:\/\/www.esports-betting.pro\/es\/league-of-legends-lol\/"},{"@type":"ListItem","position":3,"name":"LCS 6ta Temporada | League of Legends LCS 2016","item":"https:\/\/www.esports-betting.pro\/es\/league-of-legends-lol\/lcs-temporada-6-2016\/"},{"@type":"ListItem","position":4,"name":"LCS Playoffs del Split de Primavera 2016 | 6ta Temporada","item":"https:\/\/www.esports-betting.pro\/es\/league-of-legends-lol\/lcs-temporada-6-2016\/playoffs-split-de-primavera\/"},{"@type":"ListItem","position":5,"name":"LCS Playoffs del Split de Primavera 2016 | Cuartos de Final"}]},{"@type":"WebSite","@id":"https:\/\/www.esports-betting.pro\/es\/#website","url":"https:\/\/www.esports-betting.pro\/es\/","name":"Esports Betting - ES","description":"Just another Esports Betting Sites site","potentialAction":[{"@type":"SearchAction","target":{"@type":"EntryPoint","urlTemplate":"https:\/\/www.esports-betting.pro\/es\/?s={search_term_string}"},"query-input":"required name=search_term_string"}],"inLanguage":"es"}]}},"_links":{"self":[{"href":"https:\/\/www.esports-betting.pro\/es\/wp-json\/wp\/v2\/pages\/1307"}],"collection":[{"href":"https:\/\/www.esports-betting.pro\/es\/wp-json\/wp\/v2\/pages"}],"about":[{"href":"https:\/\/www.esports-betting.pro\/es\/wp-json\/wp\/v2\/types\/page"}],"author":[{"embeddable":true,"href":"https:\/\/www.esports-betting.pro\/es\/wp-json\/wp\/v2\/users\/24"}],"replies":[{"embeddable":true,"href":"https:\/\/www.esports-betting.pro\/es\/wp-json\/wp\/v2\/comments?post=1307"}],"version-history":[{"count":0,"href":"https:\/\/www.esports-betting.pro\/es\/wp-json\/wp\/v2\/pages\/1307\/revisions"}],"up":[{"embeddable":true,"href":"https:\/\/www.esports-betting.pro\/es\/wp-json\/wp\/v2\/pages\/1274"}],"wp:attachment":[{"href":"https:\/\/www.esports-betting.pro\/es\/wp-json\/wp\/v2\/media?parent=1307"}],"curies":[{"name":"wp","href":"https:\/\/api.w.org\/{rel}","templated":true}]}}