{"id":1246,"date":"2016-03-21T13:40:52","date_gmt":"2016-03-21T13:40:52","guid":{"rendered":"https:\/\/www.esports-betting.pro\/es\/?page_id=1246"},"modified":"2016-03-21T13:40:52","modified_gmt":"2016-03-21T13:40:52","slug":"promocion-verano","status":"publish","type":"page","link":"https:\/\/www.esports-betting.pro\/es\/league-of-legends-lol\/lcs-temporada-6-2016\/promocion-verano\/","title":{"rendered":"Torneo LCS Promoci\u00f3n de Verano 2016"},"content":{"rendered":"<p style=\"text-align: justify\"><img loading=\"lazy\" decoding=\"async\" class=\"alignright wp-image-539\" src=\"https:\/\/www.esports-betting.pro\/app\/uploads\/sites\/3\/2015\/11\/LCS-6ta-Temporada-Logo-2016.jpg\" alt=\"LCS 6ta Temporada Logo 2016\" width=\"210\" height=\"87\" \/>Es hora de volver a promover o relegar equipos en la LCS: \u00a1Bienvenidos a la LCS Promoci\u00f3n de Verano 2016! El torneo LCS Promoci\u00f3n de Verano de este a\u00f1o enfrentar\u00e1 a los \u00faltimos tres equipos de la LCS (EU LCS \/ NA LCS) y los dos mejores equipos de la Challenger Series (EU CS \/ NA CS). Pelear\u00e1n por las 3 posiciones disponibles en la LCS Split de Verano 2016. Los equipos ser\u00e1n colocados en la plantilla de acuerdo a sus resultados del Split de Primavera (Ver: <a href=\"https:\/\/www.esports-betting.pro\/es\/league-of-legends-lol\/lcs-temporada-6-2016\/#posicion-eu\">Posiciones en EU<\/a> \/ <a href=\"https:\/\/www.esports-betting.pro\/es\/league-of-legends-lol\/lcs-temporada-6-2016\/#posicion-na\">Posiciones en NA<\/a>). La Promoci\u00f3n de Verano tendr\u00e1 lugar durante 4 d\u00edas continuos desde el 24 de marzo, finalizando el 27 de marzo. Ser\u00e1n jugados 4 partidos al Mejor de 5 en cada regi\u00f3n, los ganadores de los Partidos B, C avanzar\u00e1n a la LCS Split de Verano. Los perdedores de los Partidos A y D ser\u00e1n relegados, o continuar\u00e1n jugando en la Challenger Series.<\/p>\n<h2>Programaci\u00f3n EU LCS &#8211; Promoci\u00f3n de Verano 2016<\/h2>\n<p style=\"text-align: justify\"><strong><span style=\"color: #ffffff;background-color: #000000\">LCS EU 2016 \u2013 Promoci\u00f3n de Verano\u00a0| D\u00eda 1\u00a0<\/span><\/strong><\/p>\n<p style=\"text-align: justify\"><strong>Partido\u00a0#A: <img loading=\"lazy\" decoding=\"async\" class=\"alignnone wp-image-501 size-full\" src=\"https:\/\/www.esports-betting.pro\/app\/uploads\/sites\/3\/2015\/11\/logo-lcs-eu-equipo-giants-2016-pequeno.png\" alt=\"Giants LoL LCS EU Equipo Logo\" width=\"32\" height=\"32\" \/>\u00a0Giant<\/strong><strong>\u00a0<\/strong><span style=\"color: #ff0000\"><strong>vs.<\/strong><\/span><strong>\u00a0<img loading=\"lazy\" decoding=\"async\" class=\"alignnone wp-image-1251 size-full\" src=\"https:\/\/www.esports-betting.pro\/app\/uploads\/sites\/3\/2016\/03\/Copenhagen-Wolves-LoL-LCS-EU-Equipo-Logo.jpg\" alt=\"Copenhagen Wolves LoL LCS EU Equipo Logo\" width=\"32\" height=\"32\" \/>\u00a0Copenhagen Wolves \u00a0\u00a0<span style=\"background-color: #000000\">\u00a0\u00a0<span style=\"color: #3366ff\">3\u00a0<\/span> <span style=\"color: #ffffff\">:<\/span>\u00a0\u00a0<span style=\"color: #ff0000\">2\u00a0<\/span>\u00a0<\/span><\/strong><br \/>\n(Marzo\u00a024, 09:00 AM PDT\/ 12:00 PM\u00a0EDT\/ 17:00 CET)<\/p>\n<p style=\"text-align: justify\"><strong><span style=\"color: #ffffff;background-color: #000000\">LCS EU 2016 \u2013 Promoci\u00f3n de Verano\u00a0| D\u00eda 2\u00a0<\/span><\/strong><\/p>\n<p style=\"text-align: justify\"><strong>Partido\u00a0#B: <img loading=\"lazy\" decoding=\"async\" class=\"alignnone wp-image-501 size-full\" src=\"https:\/\/www.esports-betting.pro\/app\/uploads\/sites\/3\/2015\/11\/logo-lcs-eu-equipo-giants-2016-pequeno.png\" alt=\"Giants LoL LCS EU Equipo Logo\" width=\"32\" height=\"32\" \/>\u00a0Giant <\/strong><strong>\u00a0<\/strong><span style=\"color: #ff0000\"><strong>vs.<\/strong><\/span><strong>\u00a0<img loading=\"lazy\" decoding=\"async\" class=\"alignnone wp-image-743 size-full\" src=\"https:\/\/www.esports-betting.pro\/app\/uploads\/sites\/3\/2015\/11\/Splyce-EU-LCS-Team-Logo-small.jpg\" alt=\"Splyce LoL LCS EU Equipo Logo\" width=\"32\" height=\"32\" \/>\u00a0Splyce \u00a0\u00a0<span style=\"background-color: #000000\">\u00a0\u00a0<span style=\"color: #0000ff\"><span style=\"color: #3366ff\">2<\/span>\u00a0<\/span>\u00a0<span style=\"color: #ffffff\">:<\/span>\u00a0\u00a0<span style=\"color: #ff0000\">3\u00a0<\/span>\u00a0<\/span><\/strong><br \/>\n(Marzo\u00a026, 06:00 AM PDT\/ 09:00 AM\u00a0EDT\/ 14:00 CET)<\/p>\n<p style=\"text-align: justify\"><strong>Partido\u00a0#C: <img loading=\"lazy\" decoding=\"async\" class=\"alignnone wp-image-507 size-full\" src=\"https:\/\/www.esports-betting.pro\/app\/uploads\/sites\/3\/2015\/11\/logo-lcs-eu-equipo-roccat-2016-pequeno.png\" alt=\"Roccat LoL LCS EU Equipo Logo\" width=\"32\" height=\"32\" \/>\u00a0Roccat<\/strong><strong>\u00a0<\/strong><span style=\"color: #ff0000\"><strong>vs.<\/strong><\/span><strong>\u00a0<img loading=\"lazy\" decoding=\"async\" class=\"alignnone wp-image-1253 size-full\" src=\"https:\/\/www.esports-betting.pro\/app\/uploads\/sites\/3\/2016\/03\/Team-Huma-LoL-LCS-EU-Equipo-Logo.jpg\" alt=\"Team Huma LoL LCS EU Equipo Logo\" width=\"32\" height=\"32\" \/>\u00a0Team Huma \u00a0\u00a0<span style=\"background-color: #000000\">\u00a0\u00a0<span style=\"color: #0000ff\"><span style=\"color: #3366ff\">3<\/span>\u00a0<\/span> <span style=\"color: #ffffff\">:<\/span>\u00a0\u00a0<span style=\"color: #ff0000\">1\u00a0<\/span>\u00a0<\/span><\/strong><br \/>\n(Marzo\u00a026, 11:00 AM PDT\/ 02:00 PM EDT\/ 19:00 CET)<\/p>\n<p style=\"text-align: justify\"><strong><span style=\"color: #ffffff;background-color: #000000\">LCS EU 2016 \u2013 Promoci\u00f3n de Verano\u00a0| D\u00eda 3\u00a0<\/span><\/strong><\/p>\n<p style=\"text-align: justify\"><strong>Partido\u00a0#D: <img loading=\"lazy\" decoding=\"async\" class=\"alignnone wp-image-501 size-full\" src=\"https:\/\/www.esports-betting.pro\/app\/uploads\/sites\/3\/2015\/11\/logo-lcs-eu-equipo-giants-2016-pequeno.png\" alt=\"Giants LoL LCS EU Equipo Logo\" width=\"32\" height=\"32\" \/>\u00a0Giant<\/strong>\u00a0<span style=\"color: #ff0000\"><strong>vs.<\/strong><\/span><strong> <img loading=\"lazy\" decoding=\"async\" class=\"alignnone wp-image-1253 size-full\" src=\"https:\/\/www.esports-betting.pro\/app\/uploads\/sites\/3\/2016\/03\/Team-Huma-LoL-LCS-EU-Equipo-Logo.jpg\" alt=\"Team Huma LoL LCS EU Equipo Logo\" width=\"32\" height=\"32\" \/>\u00a0Team Huma \u00a0\u00a0<span style=\"background-color: #000000\">\u00a0\u00a0<span style=\"color: #0000ff\"><span style=\"color: #3366ff\">3<\/span>\u00a0<\/span> <span style=\"color: #ffffff\">:<\/span>\u00a0\u00a0<span style=\"color: #ff0000\">1\u00a0<\/span>\u00a0<\/span><\/strong><br \/>\n(Marzo\u00a027, 09:00 AM PDT\/ 12:00 PM\u00a0EDT\/ 17:00 CET)<\/p>\n<h2>Probabilidades de Apuestas para la Promoci\u00f3n de Verano EU LCS 2016<\/h2>\n<p style=\"text-align: justify\"><a href=\"https:\/\/www.esports-betting.pro\/es\/corredor-de-apuestas\/go_bet365\" target=\"_blank\" rel=\"noopener\"><img loading=\"lazy\" decoding=\"async\" class=\"aligncenter wp-image-63 size-full\" src=\"https:\/\/www.esports-betting.pro\/app\/uploads\/sites\/3\/2015\/08\/Apuestas_eSports_Bet365-banner.jpg\" alt=\"Apuestas eSports Bet365 banner\" width=\"450\" height=\"86\" \/><\/a><\/p>\n<p style=\"text-align: justify\"><a href=\"https:\/\/www.esports-betting.pro\/es\/corredor-de-apuestas\/go_bet365\" target=\"_blank\" rel=\"noopener\"><img loading=\"lazy\" decoding=\"async\" class=\"aligncenter wp-image-1292 size-full\" src=\"https:\/\/www.esports-betting.pro\/app\/uploads\/sites\/3\/2016\/03\/EU-LCS-Promocion-de-Verano-2016-Probabilidades-de-Apuestas.jpg\" alt=\"EU LCS Promocion de Verano 2016 Probabilidades de Apuestas\" width=\"500\" height=\"118\" \/><\/a><\/p>\n<h2>Programaci\u00f3n NA LCS &#8211; Promoci\u00f3n de Verano 2016<\/h2>\n<p style=\"text-align: justify\"><strong><span style=\"color: #ffffff;background-color: #000000\">LCS NA\u00a0 2016 \u2013 Promoci\u00f3n de Verano\u00a0| D\u00eda 1\u00a0<\/span><\/strong><\/p>\n<p style=\"text-align: justify\"><strong>Partido\u00a0#A: <img loading=\"lazy\" decoding=\"async\" class=\"alignnone wp-image-489 size-full\" src=\"https:\/\/www.esports-betting.pro\/app\/uploads\/sites\/3\/2015\/11\/logo-lcs-eu-equipo-dignitas-2016-pequeno.png\" alt=\"Team Dignitas LoL LCS NA Equipo Logo\" width=\"32\" height=\"32\" \/>\u00a0Team Dignitas\u00a0<\/strong><span style=\"color: #ff0000\"><strong>vs.<\/strong><\/span><strong> <img loading=\"lazy\" decoding=\"async\" class=\"alignnone wp-image-1252 size-full\" src=\"https:\/\/www.esports-betting.pro\/app\/uploads\/sites\/3\/2016\/03\/Team-Dragon-Knight-LoL-LCS-NA-Equipo-Logo.jpg\" alt=\"Team Dragon Knight LoL LCS NA Equipo Logo\" width=\"32\" height=\"32\" \/>\u00a0Team Dragon Knight \u00a0\u00a0<span style=\"background-color: #000000\">\u00a0 <span style=\"color: #3366ff\">0<\/span><span style=\"color: #0000ff\">\u00a0<\/span> <span style=\"color: #ffffff\">:<\/span>\u00a0 <span style=\"color: #ff0000\">3\u00a0<\/span>\u00a0<\/span><\/strong><br \/>\n(Marzo\u00a024, 05:00 PM\u00a0PDT\/ 08:00 PM\u00a0EDT\/ 01:00 CET al d\u00eda siguiente)<\/p>\n<p style=\"text-align: justify\"><strong><span style=\"color: #ffffff;background-color: #000000\">LCS NA\u00a0 2016 \u2013 Promoci\u00f3n de Verano\u00a0| D\u00eda 2 \u00a0<\/span><\/strong><\/p>\n<p style=\"text-align: justify\"><strong>Partido\u00a0#B: <img loading=\"lazy\" decoding=\"async\" class=\"alignnone wp-image-1252 size-full\" src=\"https:\/\/www.esports-betting.pro\/app\/uploads\/sites\/3\/2016\/03\/Team-Dragon-Knight-LoL-LCS-NA-Equipo-Logo.jpg\" alt=\"Team Dragon Knight LoL LCS NA Equipo Logo\" width=\"32\" height=\"32\" \/>\u00a0Team Dragon Knight <\/strong><strong>\u00a0<\/strong><span style=\"color: #ff0000\"><strong>vs.<\/strong><\/span><strong>\u00a0<img loading=\"lazy\" decoding=\"async\" class=\"alignnone wp-image-461 size-full\" src=\"https:\/\/www.esports-betting.pro\/app\/uploads\/sites\/3\/2015\/11\/logo-lcs-equipo-Renegades-2016-pequeno.png\" alt=\"Renegades LoL LCS NA Equipo Logo\" width=\"32\" height=\"32\" \/>\u00a0Renegades\u00a0\u00a0<span style=\"background-color: #000000\">\u00a0 <span style=\"color: #3366ff\">0<\/span><span style=\"color: #0000ff\">\u00a0<\/span> <span style=\"color: #ffffff\">:<\/span>\u00a0 <span style=\"color: #ff0000\">3\u00a0<\/span>\u00a0<\/span><\/strong><br \/>\n(Marzo\u00a0 25, 12:00 PM\u00a0PDT\/ 03:00 PM\u00a0EDT\/ 20:00 CET)<\/p>\n<p style=\"text-align: justify\"><strong>Partido\u00a0#C: <img loading=\"lazy\" decoding=\"async\" class=\"alignnone wp-image-476 size-full\" src=\"https:\/\/www.esports-betting.pro\/app\/uploads\/sites\/3\/2015\/11\/logo-lcs-equipo-tip-2016-pequeno.png\" alt=\"Team Impulse LoL LCS NA Equipo Logo\" width=\"32\" height=\"32\" \/>\u00a0Team Impulse\u00a0<\/strong><span style=\"color: #ff0000\"><strong>vs.\u00a0<img loading=\"lazy\" decoding=\"async\" class=\"alignnone wp-image-1250 size-full\" src=\"https:\/\/www.esports-betting.pro\/app\/uploads\/sites\/3\/2016\/03\/Apex-LoL-LCS-NA-Equipo-Logo.jpg\" alt=\"Apex LoL LCS NA Equipo Logo\" width=\"32\" height=\"32\" \/><\/strong><\/span><strong>\u00a0Apex\u00a0\u00a0<span style=\"background-color: #000000\">\u00a0 <span style=\"color: #3366ff\">3<\/span><span style=\"color: #0000ff\">\u00a0<\/span> <span style=\"color: #ffffff\">:<\/span>\u00a0 <span style=\"color: #ff0000\">1\u00a0<\/span>\u00a0<\/span><\/strong><br \/>\n(Marzo\u00a025, 05:00 PM PDT\/ 08:00 PM EDT\/ 01:00 CET al d\u00eda siguiente)<\/p>\n<p style=\"text-align: justify\"><strong><span style=\"color: #ffffff;background-color: #000000\">LCS NA\u00a0 2016 \u2013 Promoci\u00f3n de Verano\u00a0| D\u00eda 3 \u00a0<\/span><\/strong><\/p>\n<p style=\"text-align: justify\"><strong>Partido\u00a0#D: <img loading=\"lazy\" decoding=\"async\" class=\"alignnone wp-image-1252 size-full\" src=\"https:\/\/www.esports-betting.pro\/app\/uploads\/sites\/3\/2016\/03\/Team-Dragon-Knight-LoL-LCS-NA-Equipo-Logo.jpg\" alt=\"Team Dragon Knight LoL LCS NA Equipo Logo\" width=\"32\" height=\"32\" \/>\u00a0Team Dragon Knight <\/strong>\u00a0<span style=\"color: #ff0000\"><strong>vs.<\/strong><\/span><strong> <span style=\"color: #ff0000\"><img loading=\"lazy\" decoding=\"async\" class=\"alignnone wp-image-1250 size-full\" src=\"https:\/\/www.esports-betting.pro\/app\/uploads\/sites\/3\/2016\/03\/Apex-LoL-LCS-NA-Equipo-Logo.jpg\" alt=\"Apex LoL LCS NA Equipo Logo\" width=\"32\" height=\"32\" \/><\/span><strong>\u00a0Apex\u00a0\u00a0<span style=\"background-color: #000000\">\u00a0 <span style=\"color: #3366ff\">0<\/span><span style=\"color: #0000ff\">\u00a0<\/span> <span style=\"color: #ffffff\">:<\/span>\u00a0 <span style=\"color: #ff0000\">3\u00a0<\/span>\u00a0<\/span><\/strong><\/strong><br \/>\n(Marzo\u00a027, 12:00 PM PDT\/ 03:00 PM EDT\/ 20:00 CET)<\/p>\n<h2>Probabilidades de Apuestas para la Promoci\u00f3n de Verano NA LCS 2016<\/h2>\n<p style=\"text-align: justify\"><a href=\"https:\/\/www.esports-betting.pro\/es\/corredor-de-apuestas\/go_bet365\" target=\"_blank\" rel=\"noopener\"><img loading=\"lazy\" decoding=\"async\" class=\"aligncenter wp-image-63 size-full\" src=\"https:\/\/www.esports-betting.pro\/app\/uploads\/sites\/3\/2015\/08\/Apuestas_eSports_Bet365-banner.jpg\" alt=\"Apuestas eSports Bet365 banner\" width=\"450\" height=\"86\" \/><\/a><\/p>\n<p style=\"text-align: justify\"><a href=\"https:\/\/www.esports-betting.pro\/es\/corredor-de-apuestas\/go_bet365\" target=\"_blank\" rel=\"noopener\"><img loading=\"lazy\" decoding=\"async\" class=\"aligncenter wp-image-1294 size-full\" src=\"https:\/\/www.esports-betting.pro\/app\/uploads\/sites\/3\/2016\/03\/NA-LCS-Promocion-de-Verano-2016-Probabilidades-de-Apuestas.jpg\" alt=\"NA LCS Promocion de Verano 2016 Probabilidades de Apuestas\" width=\"500\" height=\"117\" \/><\/a><\/p>\n<p style=\"text-align: justify\"><strong>Tambi\u00e9n podr\u00edas estar interesado en:<\/strong><\/p>\n<p style=\"text-align: justify\"><a href=\"https:\/\/www.esports-betting.pro\/es\/league-of-legends-lol\/lcs-temporada-6-2016\/playoffs-split-de-primavera\/\">2016 LCS Playoffs de Primavera<br \/>\n<\/a><a href=\"https:\/\/www.esports-betting.pro\/es\/league-of-legends-lol\/campeonato-mundial-2016-6ta-temporada\/\">Mundial de LoL 2016 \u2013 Resumen del torneo<br \/>\n<\/a><a href=\"https:\/\/www.esports-betting.pro\/es\/league-of-legends-lol\/campeonato-mundial-2016-6ta-temporada\/apuestas-mundial-lol-2016\/\">Mundial de LoL 2016 \u2013 Probabilidades de Apuestas<\/a><\/p>\n","protected":false},"excerpt":{"rendered":"<p>Es hora de volver a promover o relegar equipos en la LCS: \u00a1Bienvenidos a la LCS Promoci\u00f3n de Verano 2016! El torneo LCS Promoci\u00f3n de Verano de este a\u00f1o enfrentar\u00e1 a los \u00faltimos tres equipos de la LCS (EU LCS \/ NA LCS) y los dos mejores equipos de la Challenger Series (EU CS \/ &hellip; <a href=\"https:\/\/www.esports-betting.pro\/es\/league-of-legends-lol\/lcs-temporada-6-2016\/promocion-verano\/\">Continued<\/a><\/p>\n","protected":false},"author":24,"featured_media":0,"parent":449,"menu_order":0,"comment_status":"closed","ping_status":"closed","template":"","meta":{"_acf_changed":false,"footnotes":""},"acf":[],"yoast_head":"<!-- This site is optimized with the Yoast SEO plugin v22.6 - https:\/\/yoast.com\/wordpress\/plugins\/seo\/ -->\n<title>LCS Promoci\u00f3n de Verano 2016 - Resumen del Torneo<\/title>\n<meta name=\"description\" content=\"\u00a1Ya est\u00e1 aqu\u00ed la Promoci\u00f3n de Verano de la LCS 2016, programaci\u00f3n y resultados! \u00bfQu\u00e9 equipos avanzar\u00e1 a LCS y quienes se quedar\u00e1n en la Challenger Series?\" \/>\n<meta name=\"robots\" content=\"index, follow, max-snippet:-1, max-image-preview:large, max-video-preview:-1\" \/>\n<link rel=\"canonical\" href=\"https:\/\/www.esports-betting.pro\/es\/league-of-legends-lol\/lcs-temporada-6-2016\/promocion-verano\/\" \/>\n<meta property=\"og:locale\" content=\"es_ES\" \/>\n<meta property=\"og:type\" content=\"article\" \/>\n<meta property=\"og:title\" content=\"LCS Promoci\u00f3n de Verano 2016 - Resumen del Torneo\" \/>\n<meta property=\"og:description\" content=\"\u00a1Ya est\u00e1 aqu\u00ed la Promoci\u00f3n de Verano de la LCS 2016, programaci\u00f3n y resultados! \u00bfQu\u00e9 equipos avanzar\u00e1 a LCS y quienes se quedar\u00e1n en la Challenger Series?\" \/>\n<meta property=\"og:url\" content=\"https:\/\/www.esports-betting.pro\/es\/league-of-legends-lol\/lcs-temporada-6-2016\/promocion-verano\/\" \/>\n<meta property=\"og:site_name\" content=\"Esports Betting - ES\" \/>\n<meta property=\"og:image\" content=\"https:\/\/www.esports-betting.pro\/app\/uploads\/sites\/3\/2015\/11\/LCS-6ta-Temporada-Logo-2016.jpg\" \/>\n<meta name=\"twitter:card\" content=\"summary_large_image\" \/>\n<meta name=\"twitter:label1\" content=\"Est. reading time\" \/>\n\t<meta name=\"twitter:data1\" content=\"2 minutos\" \/>\n<script type=\"application\/ld+json\" class=\"yoast-schema-graph\">{\"@context\":\"https:\/\/schema.org\",\"@graph\":[{\"@type\":\"WebPage\",\"@id\":\"https:\/\/www.esports-betting.pro\/es\/league-of-legends-lol\/lcs-temporada-6-2016\/promocion-verano\/\",\"url\":\"https:\/\/www.esports-betting.pro\/es\/league-of-legends-lol\/lcs-temporada-6-2016\/promocion-verano\/\",\"name\":\"LCS Promoci\u00f3n de Verano 2016 - Resumen del Torneo\",\"isPartOf\":{\"@id\":\"https:\/\/www.esports-betting.pro\/es\/#website\"},\"primaryImageOfPage\":{\"@id\":\"https:\/\/www.esports-betting.pro\/es\/league-of-legends-lol\/lcs-temporada-6-2016\/promocion-verano\/#primaryimage\"},\"image\":{\"@id\":\"https:\/\/www.esports-betting.pro\/es\/league-of-legends-lol\/lcs-temporada-6-2016\/promocion-verano\/#primaryimage\"},\"thumbnailUrl\":\"https:\/\/www.esports-betting.pro\/app\/uploads\/sites\/3\/2015\/11\/LCS-6ta-Temporada-Logo-2016.jpg\",\"datePublished\":\"2016-03-21T13:40:52+00:00\",\"dateModified\":\"2016-03-21T13:40:52+00:00\",\"description\":\"\u00a1Ya est\u00e1 aqu\u00ed la Promoci\u00f3n de Verano de la LCS 2016, programaci\u00f3n y resultados! \u00bfQu\u00e9 equipos avanzar\u00e1 a LCS y quienes se quedar\u00e1n en la Challenger Series?\",\"breadcrumb\":{\"@id\":\"https:\/\/www.esports-betting.pro\/es\/league-of-legends-lol\/lcs-temporada-6-2016\/promocion-verano\/#breadcrumb\"},\"inLanguage\":\"es\",\"potentialAction\":[{\"@type\":\"ReadAction\",\"target\":[\"https:\/\/www.esports-betting.pro\/es\/league-of-legends-lol\/lcs-temporada-6-2016\/promocion-verano\/\"]}]},{\"@type\":\"ImageObject\",\"inLanguage\":\"es\",\"@id\":\"https:\/\/www.esports-betting.pro\/es\/league-of-legends-lol\/lcs-temporada-6-2016\/promocion-verano\/#primaryimage\",\"url\":\"https:\/\/www.esports-betting.pro\/app\/uploads\/sites\/3\/2015\/11\/LCS-6ta-Temporada-Logo-2016.jpg\",\"contentUrl\":\"https:\/\/www.esports-betting.pro\/app\/uploads\/sites\/3\/2015\/11\/LCS-6ta-Temporada-Logo-2016.jpg\"},{\"@type\":\"BreadcrumbList\",\"@id\":\"https:\/\/www.esports-betting.pro\/es\/league-of-legends-lol\/lcs-temporada-6-2016\/promocion-verano\/#breadcrumb\",\"itemListElement\":[{\"@type\":\"ListItem\",\"position\":1,\"name\":\"Home\",\"item\":\"https:\/\/www.esports-betting.pro\/es\/\"},{\"@type\":\"ListItem\",\"position\":2,\"name\":\"Apuestas en League of Legends (LoL) | Sitios de apuestas y cuotas\",\"item\":\"https:\/\/www.esports-betting.pro\/es\/league-of-legends-lol\/\"},{\"@type\":\"ListItem\",\"position\":3,\"name\":\"LCS 6ta Temporada | League of Legends LCS 2016\",\"item\":\"https:\/\/www.esports-betting.pro\/es\/league-of-legends-lol\/lcs-temporada-6-2016\/\"},{\"@type\":\"ListItem\",\"position\":4,\"name\":\"Torneo LCS Promoci\u00f3n de Verano 2016\"}]},{\"@type\":\"WebSite\",\"@id\":\"https:\/\/www.esports-betting.pro\/es\/#website\",\"url\":\"https:\/\/www.esports-betting.pro\/es\/\",\"name\":\"Esports Betting - ES\",\"description\":\"Just another Esports Betting Sites site\",\"potentialAction\":[{\"@type\":\"SearchAction\",\"target\":{\"@type\":\"EntryPoint\",\"urlTemplate\":\"https:\/\/www.esports-betting.pro\/es\/?s={search_term_string}\"},\"query-input\":\"required name=search_term_string\"}],\"inLanguage\":\"es\"}]}<\/script>\n<!-- \/ Yoast SEO plugin. -->","yoast_head_json":{"title":"LCS Promoci\u00f3n de Verano 2016 - Resumen del Torneo","description":"\u00a1Ya est\u00e1 aqu\u00ed la Promoci\u00f3n de Verano de la LCS 2016, programaci\u00f3n y resultados! \u00bfQu\u00e9 equipos avanzar\u00e1 a LCS y quienes se quedar\u00e1n en la Challenger Series?","robots":{"index":"index","follow":"follow","max-snippet":"max-snippet:-1","max-image-preview":"max-image-preview:large","max-video-preview":"max-video-preview:-1"},"canonical":"https:\/\/www.esports-betting.pro\/es\/league-of-legends-lol\/lcs-temporada-6-2016\/promocion-verano\/","og_locale":"es_ES","og_type":"article","og_title":"LCS Promoci\u00f3n de Verano 2016 - Resumen del Torneo","og_description":"\u00a1Ya est\u00e1 aqu\u00ed la Promoci\u00f3n de Verano de la LCS 2016, programaci\u00f3n y resultados! \u00bfQu\u00e9 equipos avanzar\u00e1 a LCS y quienes se quedar\u00e1n en la Challenger Series?","og_url":"https:\/\/www.esports-betting.pro\/es\/league-of-legends-lol\/lcs-temporada-6-2016\/promocion-verano\/","og_site_name":"Esports Betting - ES","og_image":[{"url":"https:\/\/www.esports-betting.pro\/app\/uploads\/sites\/3\/2015\/11\/LCS-6ta-Temporada-Logo-2016.jpg"}],"twitter_card":"summary_large_image","twitter_misc":{"Est. reading time":"2 minutos"},"schema":{"@context":"https:\/\/schema.org","@graph":[{"@type":"WebPage","@id":"https:\/\/www.esports-betting.pro\/es\/league-of-legends-lol\/lcs-temporada-6-2016\/promocion-verano\/","url":"https:\/\/www.esports-betting.pro\/es\/league-of-legends-lol\/lcs-temporada-6-2016\/promocion-verano\/","name":"LCS Promoci\u00f3n de Verano 2016 - Resumen del Torneo","isPartOf":{"@id":"https:\/\/www.esports-betting.pro\/es\/#website"},"primaryImageOfPage":{"@id":"https:\/\/www.esports-betting.pro\/es\/league-of-legends-lol\/lcs-temporada-6-2016\/promocion-verano\/#primaryimage"},"image":{"@id":"https:\/\/www.esports-betting.pro\/es\/league-of-legends-lol\/lcs-temporada-6-2016\/promocion-verano\/#primaryimage"},"thumbnailUrl":"https:\/\/www.esports-betting.pro\/app\/uploads\/sites\/3\/2015\/11\/LCS-6ta-Temporada-Logo-2016.jpg","datePublished":"2016-03-21T13:40:52+00:00","dateModified":"2016-03-21T13:40:52+00:00","description":"\u00a1Ya est\u00e1 aqu\u00ed la Promoci\u00f3n de Verano de la LCS 2016, programaci\u00f3n y resultados! \u00bfQu\u00e9 equipos avanzar\u00e1 a LCS y quienes se quedar\u00e1n en la Challenger Series?","breadcrumb":{"@id":"https:\/\/www.esports-betting.pro\/es\/league-of-legends-lol\/lcs-temporada-6-2016\/promocion-verano\/#breadcrumb"},"inLanguage":"es","potentialAction":[{"@type":"ReadAction","target":["https:\/\/www.esports-betting.pro\/es\/league-of-legends-lol\/lcs-temporada-6-2016\/promocion-verano\/"]}]},{"@type":"ImageObject","inLanguage":"es","@id":"https:\/\/www.esports-betting.pro\/es\/league-of-legends-lol\/lcs-temporada-6-2016\/promocion-verano\/#primaryimage","url":"https:\/\/www.esports-betting.pro\/app\/uploads\/sites\/3\/2015\/11\/LCS-6ta-Temporada-Logo-2016.jpg","contentUrl":"https:\/\/www.esports-betting.pro\/app\/uploads\/sites\/3\/2015\/11\/LCS-6ta-Temporada-Logo-2016.jpg"},{"@type":"BreadcrumbList","@id":"https:\/\/www.esports-betting.pro\/es\/league-of-legends-lol\/lcs-temporada-6-2016\/promocion-verano\/#breadcrumb","itemListElement":[{"@type":"ListItem","position":1,"name":"Home","item":"https:\/\/www.esports-betting.pro\/es\/"},{"@type":"ListItem","position":2,"name":"Apuestas en League of Legends (LoL) | Sitios de apuestas y cuotas","item":"https:\/\/www.esports-betting.pro\/es\/league-of-legends-lol\/"},{"@type":"ListItem","position":3,"name":"LCS 6ta Temporada | League of Legends LCS 2016","item":"https:\/\/www.esports-betting.pro\/es\/league-of-legends-lol\/lcs-temporada-6-2016\/"},{"@type":"ListItem","position":4,"name":"Torneo LCS Promoci\u00f3n de Verano 2016"}]},{"@type":"WebSite","@id":"https:\/\/www.esports-betting.pro\/es\/#website","url":"https:\/\/www.esports-betting.pro\/es\/","name":"Esports Betting - ES","description":"Just another Esports Betting Sites site","potentialAction":[{"@type":"SearchAction","target":{"@type":"EntryPoint","urlTemplate":"https:\/\/www.esports-betting.pro\/es\/?s={search_term_string}"},"query-input":"required name=search_term_string"}],"inLanguage":"es"}]}},"_links":{"self":[{"href":"https:\/\/www.esports-betting.pro\/es\/wp-json\/wp\/v2\/pages\/1246"}],"collection":[{"href":"https:\/\/www.esports-betting.pro\/es\/wp-json\/wp\/v2\/pages"}],"about":[{"href":"https:\/\/www.esports-betting.pro\/es\/wp-json\/wp\/v2\/types\/page"}],"author":[{"embeddable":true,"href":"https:\/\/www.esports-betting.pro\/es\/wp-json\/wp\/v2\/users\/24"}],"replies":[{"embeddable":true,"href":"https:\/\/www.esports-betting.pro\/es\/wp-json\/wp\/v2\/comments?post=1246"}],"version-history":[{"count":0,"href":"https:\/\/www.esports-betting.pro\/es\/wp-json\/wp\/v2\/pages\/1246\/revisions"}],"up":[{"embeddable":true,"href":"https:\/\/www.esports-betting.pro\/es\/wp-json\/wp\/v2\/pages\/449"}],"wp:attachment":[{"href":"https:\/\/www.esports-betting.pro\/es\/wp-json\/wp\/v2\/media?parent=1246"}],"curies":[{"name":"wp","href":"https:\/\/api.w.org\/{rel}","templated":true}]}}