{"id":12437,"date":"2018-05-25T05:05:59","date_gmt":"2018-05-25T09:05:59","guid":{"rendered":"https:\/\/www.esports-betting.pro\/es\/?page_id=12437"},"modified":"2018-05-25T05:05:59","modified_gmt":"2018-05-25T09:05:59","slug":"usamos-cookies","status":"publish","type":"page","link":"https:\/\/www.esports-betting.pro\/es\/usamos-cookies\/","title":{"rendered":"Usamos Cookies"},"content":{"rendered":"<p>Para ofrecerle un rango amplio de funciones cuando visita nuestro sitio web, reconoce sus preferencias y hace que el uso de nuestro sitio web sea m\u00e1s c\u00f3modo y conveniente, usamos &#8220;cookies&#8221;.<\/p>\n<p>\u00bfQu\u00e9 son cookies?<\/p>\n<p>Una cookie, p\u00edxel o tecnolog\u00eda similar es un peque\u00f1o archivo o una informaci\u00f3n guardada en su computadora o dispositivo, que se salva cuando usted visita el sitio web. Eso permite que el sitio web recuerde sus acciones y preferencias (como inicio de sesi\u00f3n, idioma, tama\u00f1o de fuente y otras preferencias de visualizaci\u00f3n) durante un per\u00edodo de tiempo, para que no tenga que volver a ingresarlas cada vez que regrese al sitio o navegar de una p\u00e1gina a otra.<\/p>\n<p>Sus opciones<\/p>\n<p>Al usar nuestro sitio web, usted acepta el uso y el almacenamiento de cookies en su computadora o dispositivo.<\/p>\n<p>En general, puede ver nuestro sitio web sin cookies, pero es posible que ciertas partes del sitio web no funcionen correctamente o que la navegaci\u00f3n sea m\u00e1s lenta.<\/p>\n<p>Si no desea que las cookies se almacenen en su computadora o dispositivo, puede desactivar la opci\u00f3n correspondiente en la configuraci\u00f3n del sistema de su navegador. Tambi\u00e9n puede eliminar las cookies almacenadas en la configuraci\u00f3n del sistema de su navegador en cualquier momento.<\/p>\n<p>Puede encontrar m\u00e1s informaci\u00f3n sobre c\u00f3mo desactivar o eliminar cookies aqu\u00ed: https:\/\/www.aboutcookies.org\/cookie-faq\/. Sin embargo, tenga en cuenta que, si no acepta ninguna cookie, esto puede restringir la funcionalidad de nuestras ofertas.<\/p>\n<p>Categor\u00edas de Cookies<\/p>\n<p>Usamos cookies para diferentes prop\u00f3sitos y con diferentes funciones.<br \/>\nAlgunas cookies son:<\/p>\n<p>\u2022 necesarias en t\u00e9rminos t\u00e9cnicos (necesidad t\u00e9cnica)<br \/>\n\u2022 almacenadas y utilizadas durante un cierto per\u00edodo de tiempo (duraci\u00f3n de almacenamiento)<br \/>\n\u2022 colocadas y almacenadas por nosotros o un tercero (proveedor de cookies)<\/p>\n<p>Necesidad t\u00e9cnica<\/p>\n<p>Cookies que son t\u00e9cnicamente:<\/p>\n<p>\u2022 Necesarias: utilizamos ciertas cookies porque son estrictamente necesarias para que el sitio web y sus funciones funcionen correctamente. Estas cookies se colocan autom\u00e1ticamente en su computadora o dispositivo cuando accede al sitio web o a una determinada funci\u00f3n, a menos que haya configurado su navegador para que rechace las cookies.<\/p>\n<p>\u2022 No necesarias: las cookies que no son estrictamente necesarias se colocan en su computadora o dispositivo para mejorar la comodidad y el rendimiento de nuestro sitio web o guardar ciertas configuraciones que haya realizado. Tambi\u00e9n utilizamos cookies que no son estrictamente necesarias en t\u00e9rminos t\u00e9cnicos para obtener informaci\u00f3n sobre la frecuencia de uso de ciertas \u00e1reas de nuestro sitio web, de modo que podamos adaptarnos a sus necesidades y requisitos en una base m\u00e1s espec\u00edfica.<\/p>\n<p>Duraci\u00f3n de almacenamiento<\/p>\n<p>Cookies de sesi\u00f3n: algunas cookies solo son necesarias durante la sesi\u00f3n de su sitio web, lo que se conoce como &#8220;cookies de sesi\u00f3n&#8221;. Se borrar\u00e1n o se volver\u00e1n inv\u00e1lidos tan pronto como salga de nuestro sitio web o su sesi\u00f3n actual expire. Las cookies de sesi\u00f3n se utilizan, por ejemplo, para retener cierta informaci\u00f3n durante su sesi\u00f3n.<\/p>\n<p>Cookies permanentes: algunas cookies se almacenan durante un per\u00edodo m\u00e1s largo. Por ejemplo, le permite reconocerlo cuando vuelva a acceder a nuestro sitio web y acceda a la configuraci\u00f3n guardada. Como resultado, puede acceder a las p\u00e1ginas web m\u00e1s r\u00e1pido o con mayor comodidad, por ejemplo, que no necesita volver a establecer determinadas opciones, como el idioma elegido. Las cookies permanentes se eliminan autom\u00e1ticamente despu\u00e9s de un per\u00edodo predefinido.<\/p>\n<p>Cookies de flujo: estas cookies se utilizan para la comunicaci\u00f3n entre nuestros servidores internos dentro de nuestro grupo de empresas. Se colocan en su computadora o dispositivo cuando comienza a navegar en el sitio web y se eliminan una vez que finaliza su navegaci\u00f3n en el sitio web. Las cookies de flujo reciben un n\u00famero de identificaci\u00f3n \u00fanico, pero no nos permiten sacar ninguna conclusi\u00f3n con respecto al cliente o usuario real.<\/p>\n<p>Proveedores de Cookies<\/p>\n<p>Cookies de proveedor: estas cookies son colocadas por nosotros o por el operador de nuestro sitio web, quien es encargado por nosotros.<\/p>\n<p>Cookies de terceros: las &#8220;cookies de terceros&#8221; son almacenadas y utilizadas por otras organizaciones o sitios web, por ejemplo, herramientas de an\u00e1lisis web. Los proveedores externos tambi\u00e9n pueden usar cookies para mostrar publicidad o integrar contenido de las redes sociales, como los complementos sociales. Para obtener m\u00e1s informaci\u00f3n sobre las herramientas de an\u00e1lisis web y la medici\u00f3n del alcance, consulte m\u00e1s abajo en esta pol\u00edtica de cookies.<\/p>\n<p>Uso de cookies para an\u00e1lisis web y medici\u00f3n de alcance<\/p>\n<p>Usamos Google Analytics, un servicio de an\u00e1lisis web de Google Inc. (&#8220;Google&#8221;). Google Analytics utiliza cookies para identificar la frecuencia de uso de ciertas \u00e1reas de nuestro sitio web y para identificar preferencias. La informaci\u00f3n con respecto al uso de este sitio web generado por la cookie (incluida su direcci\u00f3n IP truncada) se transfiere a un servidor de Google en los Estados Unidos y se almacena all\u00ed. Google utilizar\u00e1 esta informaci\u00f3n para analizar su uso del sitio web, compilar informes sobre la actividad del sitio web para nosotros y realizar m\u00e1s servicios relacionados con el uso del sitio web y el uso de Internet. Google tambi\u00e9n puede transmitir esta informaci\u00f3n a terceros cuando lo exija la ley o en la medida en que terceros procesen estos datos en nombre de Google.<\/p>\n<p>Name of cookie Cookie provider Purpose<br \/>\nGoogle Analytics Google Esta cookie es colocada por Google. Permite a nuestro sitio web obtener informaci\u00f3n sobre el uso de nuestro sitio por parte de nuestros usuarios, como la hora de la visita, las p\u00e1ginas visitadas, si el usuario ha visitado antes y los sitios web visitados antes de visitar el nuestro.<br \/>\nFacebook Pixel Facebook Esta cookie es colocada por Facebook. Permite que nuestro sitio web mida, optimice y cree audiencias para las campa\u00f1as publicitarias que se sirven en Facebook.<br \/>\nOne Signal One Signal Esta cookie es colocada por One Signal. Permite a nuestro sitio web recordar que se suscribi\u00f3 para recibir notificaciones push. Tambi\u00e9n nos ayuda a entregar notificaciones personalizadas.<br \/>\nHotjar Hotjar Esta Cookie es colocada por Hotjar. Recopila informaci\u00f3n no personal, con el objetivo general de proporcionarle una mejor experiencia en el sitio web, diagnosticar problemas t\u00e9cnicos y analizar tendencias.<br \/>\nAdWords AdWords Double AdWords se usa para habilitar las campa\u00f1as de Google PPC (pago por clic).<br \/>\nDouble Click Double Click Click se usa para anunciantes y publicitar en varios servidores de anuncios.<\/p>\n<p>Cambios a la pol\u00edtica<\/p>\n<p>Nuestra pol\u00edtica de cookies puede actualizarse de vez en cuando. Cualquier cambio de ese tipo se publicar\u00e1 en esta p\u00e1gina.<\/p>\n<p>\u00daltima actualizaci\u00f3n: mayo de 2018<\/p>\n","protected":false},"excerpt":{"rendered":"<p>Para ofrecerle un rango amplio de funciones cuando visita nuestro sitio web, reconoce sus preferencias y hace que el uso de nuestro sitio web sea m\u00e1s c\u00f3modo y conveniente, usamos &#8220;cookies&#8221;. \u00bfQu\u00e9 son cookies? Una cookie, p\u00edxel o tecnolog\u00eda similar es un peque\u00f1o archivo o una informaci\u00f3n guardada en su computadora o dispositivo, que se &hellip; <a href=\"https:\/\/www.esports-betting.pro\/es\/usamos-cookies\/\">Continued<\/a><\/p>\n","protected":false},"author":24,"featured_media":0,"parent":0,"menu_order":0,"comment_status":"closed","ping_status":"closed","template":"","meta":{"_acf_changed":false,"footnotes":""},"acf":[],"yoast_head":"<!-- This site is optimized with the Yoast SEO plugin v22.6 - https:\/\/yoast.com\/wordpress\/plugins\/seo\/ -->\n<title>Usamos Cookies - Esports Betting - ES<\/title>\n<meta name=\"robots\" content=\"index, follow, max-snippet:-1, max-image-preview:large, max-video-preview:-1\" \/>\n<link rel=\"canonical\" href=\"https:\/\/www.esports-betting.pro\/es\/usamos-cookies\/\" \/>\n<meta property=\"og:locale\" content=\"es_ES\" \/>\n<meta property=\"og:type\" content=\"article\" \/>\n<meta property=\"og:title\" content=\"Usamos Cookies - Esports Betting - ES\" \/>\n<meta property=\"og:description\" content=\"Para ofrecerle un rango amplio de funciones cuando visita nuestro sitio web, reconoce sus preferencias y hace que el uso de nuestro sitio web sea m\u00e1s c\u00f3modo y conveniente, usamos &#8220;cookies&#8221;. \u00bfQu\u00e9 son cookies? Una cookie, p\u00edxel o tecnolog\u00eda similar es un peque\u00f1o archivo o una informaci\u00f3n guardada en su computadora o dispositivo, que se &hellip; Continued\" \/>\n<meta property=\"og:url\" content=\"https:\/\/www.esports-betting.pro\/es\/usamos-cookies\/\" \/>\n<meta property=\"og:site_name\" content=\"Esports Betting - ES\" \/>\n<meta name=\"twitter:card\" content=\"summary_large_image\" \/>\n<meta name=\"twitter:label1\" content=\"Est. reading time\" \/>\n\t<meta name=\"twitter:data1\" content=\"6 minutos\" \/>\n<script type=\"application\/ld+json\" class=\"yoast-schema-graph\">{\"@context\":\"https:\/\/schema.org\",\"@graph\":[{\"@type\":\"WebPage\",\"@id\":\"https:\/\/www.esports-betting.pro\/es\/usamos-cookies\/\",\"url\":\"https:\/\/www.esports-betting.pro\/es\/usamos-cookies\/\",\"name\":\"Usamos Cookies - Esports Betting - ES\",\"isPartOf\":{\"@id\":\"https:\/\/www.esports-betting.pro\/es\/#website\"},\"datePublished\":\"2018-05-25T09:05:59+00:00\",\"dateModified\":\"2018-05-25T09:05:59+00:00\",\"breadcrumb\":{\"@id\":\"https:\/\/www.esports-betting.pro\/es\/usamos-cookies\/#breadcrumb\"},\"inLanguage\":\"es\",\"potentialAction\":[{\"@type\":\"ReadAction\",\"target\":[\"https:\/\/www.esports-betting.pro\/es\/usamos-cookies\/\"]}]},{\"@type\":\"BreadcrumbList\",\"@id\":\"https:\/\/www.esports-betting.pro\/es\/usamos-cookies\/#breadcrumb\",\"itemListElement\":[{\"@type\":\"ListItem\",\"position\":1,\"name\":\"Home\",\"item\":\"https:\/\/www.esports-betting.pro\/es\/\"},{\"@type\":\"ListItem\",\"position\":2,\"name\":\"Usamos Cookies\"}]},{\"@type\":\"WebSite\",\"@id\":\"https:\/\/www.esports-betting.pro\/es\/#website\",\"url\":\"https:\/\/www.esports-betting.pro\/es\/\",\"name\":\"Esports Betting - ES\",\"description\":\"Just another Esports Betting Sites site\",\"potentialAction\":[{\"@type\":\"SearchAction\",\"target\":{\"@type\":\"EntryPoint\",\"urlTemplate\":\"https:\/\/www.esports-betting.pro\/es\/?s={search_term_string}\"},\"query-input\":\"required name=search_term_string\"}],\"inLanguage\":\"es\"}]}<\/script>\n<!-- \/ Yoast SEO plugin. -->","yoast_head_json":{"title":"Usamos Cookies - Esports Betting - ES","robots":{"index":"index","follow":"follow","max-snippet":"max-snippet:-1","max-image-preview":"max-image-preview:large","max-video-preview":"max-video-preview:-1"},"canonical":"https:\/\/www.esports-betting.pro\/es\/usamos-cookies\/","og_locale":"es_ES","og_type":"article","og_title":"Usamos Cookies - Esports Betting - ES","og_description":"Para ofrecerle un rango amplio de funciones cuando visita nuestro sitio web, reconoce sus preferencias y hace que el uso de nuestro sitio web sea m\u00e1s c\u00f3modo y conveniente, usamos &#8220;cookies&#8221;. \u00bfQu\u00e9 son cookies? Una cookie, p\u00edxel o tecnolog\u00eda similar es un peque\u00f1o archivo o una informaci\u00f3n guardada en su computadora o dispositivo, que se &hellip; Continued","og_url":"https:\/\/www.esports-betting.pro\/es\/usamos-cookies\/","og_site_name":"Esports Betting - ES","twitter_card":"summary_large_image","twitter_misc":{"Est. reading time":"6 minutos"},"schema":{"@context":"https:\/\/schema.org","@graph":[{"@type":"WebPage","@id":"https:\/\/www.esports-betting.pro\/es\/usamos-cookies\/","url":"https:\/\/www.esports-betting.pro\/es\/usamos-cookies\/","name":"Usamos Cookies - Esports Betting - ES","isPartOf":{"@id":"https:\/\/www.esports-betting.pro\/es\/#website"},"datePublished":"2018-05-25T09:05:59+00:00","dateModified":"2018-05-25T09:05:59+00:00","breadcrumb":{"@id":"https:\/\/www.esports-betting.pro\/es\/usamos-cookies\/#breadcrumb"},"inLanguage":"es","potentialAction":[{"@type":"ReadAction","target":["https:\/\/www.esports-betting.pro\/es\/usamos-cookies\/"]}]},{"@type":"BreadcrumbList","@id":"https:\/\/www.esports-betting.pro\/es\/usamos-cookies\/#breadcrumb","itemListElement":[{"@type":"ListItem","position":1,"name":"Home","item":"https:\/\/www.esports-betting.pro\/es\/"},{"@type":"ListItem","position":2,"name":"Usamos Cookies"}]},{"@type":"WebSite","@id":"https:\/\/www.esports-betting.pro\/es\/#website","url":"https:\/\/www.esports-betting.pro\/es\/","name":"Esports Betting - ES","description":"Just another Esports Betting Sites site","potentialAction":[{"@type":"SearchAction","target":{"@type":"EntryPoint","urlTemplate":"https:\/\/www.esports-betting.pro\/es\/?s={search_term_string}"},"query-input":"required name=search_term_string"}],"inLanguage":"es"}]}},"_links":{"self":[{"href":"https:\/\/www.esports-betting.pro\/es\/wp-json\/wp\/v2\/pages\/12437"}],"collection":[{"href":"https:\/\/www.esports-betting.pro\/es\/wp-json\/wp\/v2\/pages"}],"about":[{"href":"https:\/\/www.esports-betting.pro\/es\/wp-json\/wp\/v2\/types\/page"}],"author":[{"embeddable":true,"href":"https:\/\/www.esports-betting.pro\/es\/wp-json\/wp\/v2\/users\/24"}],"replies":[{"embeddable":true,"href":"https:\/\/www.esports-betting.pro\/es\/wp-json\/wp\/v2\/comments?post=12437"}],"version-history":[{"count":0,"href":"https:\/\/www.esports-betting.pro\/es\/wp-json\/wp\/v2\/pages\/12437\/revisions"}],"wp:attachment":[{"href":"https:\/\/www.esports-betting.pro\/es\/wp-json\/wp\/v2\/media?parent=12437"}],"curies":[{"name":"wp","href":"https:\/\/api.w.org\/{rel}","templated":true}]}}