{"id":12435,"date":"2018-05-25T04:59:26","date_gmt":"2018-05-25T08:59:26","guid":{"rendered":"https:\/\/www.esports-betting.pro\/es\/?page_id=12435"},"modified":"2018-05-25T04:59:26","modified_gmt":"2018-05-25T08:59:26","slug":"privacy-policy","status":"publish","type":"page","link":"https:\/\/www.esports-betting.pro\/es\/privacy-policy\/","title":{"rendered":"Pol\u00edtica de privacidad"},"content":{"rendered":"<h2>C\u00f3mo funciona esta pol\u00edtica<\/h2>\n<p style=\"text-align: justify\">El objetivo de esta Pol\u00edtica es explicar cu\u00e1ndo, por qu\u00e9 y c\u00f3mo procesamos la informaci\u00f3n que puede estar relacionada con usted (&#8220;datos personales&#8221;). Tambi\u00e9n proporciona informaci\u00f3n importante sobre sus derechos legales. Esta Pol\u00edtica no pretende anular los t\u00e9rminos de ning\u00fan contrato que tenga con nosotros, ni los derechos que pueda tener seg\u00fan las leyes de protecci\u00f3n de datos.<\/p>\n<h2>2.\u00a0\u00a0\u00a0 \u00bfQu\u00e9 datos personales procesamos?<\/h2>\n<p style=\"text-align: justify\">Podemos procesar los siguientes datos personales sobre usted:<\/p>\n<ul>\n<li style=\"text-align: justify\">Nombre<\/li>\n<li style=\"text-align: justify\">Fecha de nacimiento<\/li>\n<li style=\"text-align: justify\">Direcci\u00f3n de correo electr\u00f3nico<\/li>\n<li style=\"text-align: justify\">Contrase\u00f1a<\/li>\n<li style=\"text-align: justify\">Direcci\u00f3n IP<\/li>\n<li style=\"text-align: justify\">Datos de localizaci\u00f3n<\/li>\n<li style=\"text-align: justify\">Uso del sitio web<\/li>\n<li style=\"text-align: justify\">Preferencias personales y opiniones<\/li>\n<\/ul>\n<h2>3.\u00a0\u00a0\u00a0 \u00bfPara qu\u00e9 utilizamos sus datos personales y cu\u00e1ndo procesamos sus datos personales?<\/h2>\n<p>recopilar\u00e1 informaci\u00f3n directamente de usted cuando use nuestros servicios o visite nuestros sitios web.<\/p>\n<p>Usamos su informaci\u00f3n personal para:<\/p>\n<ul>\n<li>enviar correos electr\u00f3nicos promocionales relacionados con productos y servicios. Consulte tambi\u00e9n la Secci\u00f3n 6 a continuaci\u00f3n sobre Marketing directo.<\/li>\n<li>analizar la informaci\u00f3n en nuestros sistemas y bases de datos para mejorar la forma en que manejamos nuestros negocios y sitios web seg\u00fan las preferencias del usuario, para brindar un mejor servicio y experiencia al usuario.<\/li>\n<li>mejorar y orientar los anuncios que recibe de nosotros.<\/li>\n<li>registrarlo para un foro de chat o comunidad, si lo hacemos disponible, en el que puede proporcionar comentarios.<\/li>\n<li>cumplir o ejercer cualquiera de nuestras obligaciones o derechos legales.<\/li>\n<\/ul>\n<p>Solo procesaremos sus datos personales para los fines establecidos en esta Secci\u00f3n 3 y estamos seguros de que:<\/p>\n<ul>\n<li>usted nos ha dado su consentimiento usando los datos de esa manera, o<\/li>\n<li>nuestro uso de sus datos personales es necesario para respaldar los &#8220;intereses leg\u00edtimos&#8221; que tenemos como negocio (por ejemplo, para mejorar nuestros productos, o para llevar a cabo an\u00e1lisis en nuestros conjuntos de datos), de forma proporcional y respetando su privacidad.<\/li>\n<\/ul>\n<h2>4.\u00a0\u00a0\u00a0 \u00bfCon qui\u00e9n compartimos sus datos personales?<\/h2>\n<p>Este sitio web est\u00e1 alojado por HostEurope, un proveedor de alojamiento compatible con GDPR.<\/p>\n<p style=\"text-align: justify\">Trabajamos con muchos terceros para ayudar a administrar nuestro negocio y brindar servicios. Estos terceros pueden, de vez en cuando, necesitar tener acceso a sus datos personales:<\/p>\n<ul>\n<li style=\"text-align: justify\">Nuestro proveedor de aplicaciones de correo Aweber Systems, Inc., con sede en los EE. UU., que est\u00e1 certificado por Privacy Shield como puede ver aqu\u00ed y procesa datos personales en nuestro nombre;<\/li>\n<li style=\"text-align: justify\">Nuestro proveedor de plugins y servidor de WordPress.com Automattic, Inc., con sede en los EE. UU. Y certificado por Privacy Shield como puede ver aqu\u00ed y procesa datos personales en nuestro nombre;<\/li>\n<li style=\"text-align: justify\">Nuestros proveedores de servicios anal\u00edticos (como Google y Hotjar), que procesan datos personales para sus propios fines como controladores de datos. Consulte nuestra Pol\u00edtica de cookies en el Ap\u00e9ndice a continuaci\u00f3n para identificar c\u00f3mo puede evitar el acceso a sus datos personales por parte de los proveedores de an\u00e1lisis.<\/li>\n<li style=\"text-align: justify\">Proveedores de servicios o procesadores de datos que manejan sus datos personales en nuestras instrucciones, por ejemplo, servicios en la nube.<\/li>\n<li style=\"text-align: justify\">Si tenemos la obligaci\u00f3n de divulgar para cumplir con una obligaci\u00f3n legal o proteger nuestros intereses o seguridad.<\/li>\n<li style=\"text-align: justify\">En el caso de que vendamos, compramos o reorganicemos cualquier negocio o activo, o si nuestros activos son adquiridos por un tercero, incluidos posibles vendedores o compradores.<\/li>\n<\/ul>\n<h2>5.\u00a0\u00a0\u00a0 Transferencias internacionales<\/h2>\n<p style=\"text-align: justify\">Las transferencias internacionales significan que los datos personales se transfieren a un pa\u00eds fuera de la Uni\u00f3n Europea.<\/p>\n<p style=\"text-align: justify\">Como se establece en la Secci\u00f3n 4 anterior, podemos permitir el acceso a sus datos personales a terceros que puedan estar ubicados fuera de la Uni\u00f3n Europea.<\/p>\n<p style=\"text-align: justify\">Tambi\u00e9n podemos divulgar sus datos personales si recibimos una solicitud legal o regulatoria de un organismo extranjero de aplicaci\u00f3n de la ley fuera de la Uni\u00f3n Europea.<\/p>\n<p style=\"text-align: justify\">Siempre tomaremos medidas para garantizar que cualquier transferencia internacional de informaci\u00f3n se administre para proteger sus derechos e intereses. Todas las solicitudes de informaci\u00f3n que recibamos de los organismos encargados de hacer cumplir la ley o los reguladores se verificar\u00e1n cuidadosamente antes de que se divulguen los datos personales.<\/p>\n<p style=\"text-align: justify\">Tiene derecho a solicitarnos m\u00e1s informaci\u00f3n sobre las garant\u00edas que hemos implementado, como se mencion\u00f3 anteriormente. Cont\u00e1ctenos (consulte la Secci\u00f3n 8) si desea m\u00e1s informaci\u00f3n.<\/p>\n<h2>6.\u00a0\u00a0\u00a0 Marketing directo<\/h2>\n<p style=\"text-align: justify\">Utilizaremos sus datos personales para enviarle comunicaciones de marketing directo sobre productos y servicios que nosotros y nuestros socios ofrecemos, por ejemplo, en relaci\u00f3n con casinos en l\u00ednea, apuestas deportivas y servicios financieros. Esto puede ser en forma de correo electr\u00f3nico o publicidad en l\u00ednea dirigida.<\/p>\n<p style=\"text-align: justify\">En algunos casos, nuestro procesamiento de sus datos personales para fines comerciales se basar\u00e1 en nuestros intereses leg\u00edtimos (consulte la Secci\u00f3n 3 anterior). Cuando lo exija la ley, se basar\u00e1 en su consentimiento.<\/p>\n<p style=\"text-align: justify\">Siempre tiene derecho a decir no a marketing directo adicional, en cualquier momento. Puede usar el enlace de exclusi\u00f3n que encuentra en todas las comunicaciones de marketing directo, o comunic\u00e1ndose con nosotros (consulte la Secci\u00f3n 8).<\/p>\n<p style=\"text-align: justify\">Tomamos medidas para limitar el marketing directo a un nivel razonable y proporcionado, y para enviarle comunicaciones que creemos que pueden ser de inter\u00e9s o relevancia para usted, de acuerdo con la informaci\u00f3n que tenemos sobre usted.<\/p>\n<h2>7.\u00a0\u00a0\u00a0 \u00bfCu\u00e1nto tiempo guardamos sus datos personales?<\/h2>\n<p style=\"text-align: justify\">Conservaremos sus datos personales durante el tiempo que sea razonablemente necesario para los fines enumerados en la Secci\u00f3n 3 de esta Pol\u00edtica.<\/p>\n<p style=\"text-align: justify\">En algunas circunstancias, guardamos sus datos personales durante un cierto per\u00edodo para cumplir, por ejemplo, con requisitos legales, impositivos o contables.<\/p>\n<p style=\"text-align: justify\">Mantenemos una pol\u00edtica de retenci\u00f3n de datos personales a nuestro cuidado. Cuando ya no se necesiten sus datos personales, nos aseguraremos de que se eliminen de forma segura o se hagan an\u00f3nimos.<\/p>\n<h2>8.\u00a0\u00a0\u00a0 \u00bfCu\u00e1les son sus derechos?<\/h2>\n<p style=\"text-align: justify\">Usted tiene varios derechos en relaci\u00f3n con sus datos personales. Puede encontrar m\u00e1s informaci\u00f3n sobre cada uno de estos derechos consultando la tabla que se detalla a continuaci\u00f3n.<\/p>\n<p style=\"text-align: justify\">Para ejercer sus derechos, puede contactarnos enviando un correo electr\u00f3nico a privacy@wis-ltd.net o por escrito a la direcci\u00f3n que se establece en la Secci\u00f3n 1 anterior.<\/p>\n<p style=\"text-align: justify\">Tenga en cuenta lo siguiente si desea ejercer sus derechos:<\/p>\n<p><strong>Acceso<\/strong><\/p>\n<p style=\"text-align: justify\">Puede solicitarnos que:<\/p>\n<ul>\n<li style=\"text-align: justify\">confirmemos si estamos procesando sus datos personales;<\/li>\n<li style=\"text-align: justify\">le demos una copia de esa informaci\u00f3n;<\/li>\n<li style=\"text-align: justify\">le proporcionemos otra informaci\u00f3n sobre sus datos personales, por ejemplo, qu\u00e9 datos tenemos, para qu\u00e9 los utilizamos, a qui\u00e9n los divulgamos, si los transferimos fuera de la UE y c\u00f3mo los protegemos, durante cu\u00e1nto tiempo los guardamos, qu\u00e9 derechos tiene, c\u00f3mo puede presentar una queja, de d\u00f3nde obtenemos sus datos y si hemos llevado a cabo cualquier Toma de Decisiones o Toma de Decisiones Automatizada, en la medida en que dicha informaci\u00f3n no le haya sido proporcionada en esta Pol\u00edtica.<\/li>\n<\/ul>\n<p><strong>Rectificaci\u00f3n<\/strong><\/p>\n<p style=\"text-align: justify\">Puede pedirnos que rectifiquemos datos personales inexactos.<\/p>\n<p style=\"text-align: justify\">Podemos tratar de verificar la exactitud de los datos antes de rectificarlos.<\/p>\n<p><strong>Borradura<\/strong><\/p>\n<p style=\"text-align: justify\">Puede pedirnos que borremos sus datos personales, pero solo donde:<\/p>\n<ul style=\"text-align: justify\">\n<li>ya no es necesario para los fines para los que fue recolectado; o<\/li>\n<li>ha retirado su consentimiento (donde el procesamiento se bas\u00f3 en el consentimiento); o<\/li>\n<li>despu\u00e9s de un derecho exitoso de objeci\u00f3n (ver &#8216;Objeci\u00f3n' a continuaci\u00f3n); o<\/li>\n<li>ha sido procesado ilegalmente; o<\/li>\n<li>para cumplir con una obligaci\u00f3n legal.<\/li>\n<\/ul>\n<p style=\"text-align: justify\">No estamos obligados a cumplir con su solicitud de borrar sus datos personales si el procesamiento de sus datos personales es necesario:<\/p>\n<ul style=\"text-align: justify\">\n<li>por el cumplimiento de una obligaci\u00f3n legal; o<\/li>\n<li>para el establecimiento, ejercicio o defensa de reclamos legales;<\/li>\n<\/ul>\n<p style=\"text-align: justify\">Existen otras circunstancias en las que no estamos obligados a cumplir con su solicitud de eliminaci\u00f3n, aunque estas dos son las circunstancias m\u00e1s probables en las que rechazar\u00edamos dicha solicitud.<\/p>\n<p><strong>Restricci\u00f3n<\/strong><strong>\u00a0<\/strong><\/p>\n<p style=\"text-align: justify\">Puede solicitarnos que restrinjamos (es decir, conservar pero no usar) sus datos personales, pero solo donde:<\/p>\n<ul style=\"text-align: justify\">\n<li>su precisi\u00f3n es impugnada (ver Rectificaci\u00f3n), para permitirnos verificar su exactitud; o<\/li>\n<li>el procesamiento es ilegal, pero no desea que se borre; o<\/li>\n<li>ya no es necesario para los fines para los que fue recopilada, pero a\u00fan necesitamos que establezca, ejercite o defienda reclamos legales; o<\/li>\n<li>ha ejercido el derecho de objeci\u00f3n, y la verificaci\u00f3n de los motivos principales est\u00e1 pendiente.<\/li>\n<\/ul>\n<p style=\"text-align: justify\">Podemos continuar usando sus datos personales siguiendo una solicitud de restricci\u00f3n, donde:<\/p>\n<ul>\n<li style=\"text-align: justify\">tenemos su consentimiento; o<\/li>\n<li style=\"text-align: justify\">establecer, ejercitar o defender reclamos legales; o<\/li>\n<li style=\"text-align: justify\">proteger los derechos de otra persona f\u00edsica o jur\u00eddica.<\/li>\n<\/ul>\n<p><strong>Portabilidad<\/strong><\/p>\n<p style=\"text-align: justify\">Puede solicitarnos que proporcionemos sus datos personales en un formato estructurado, com\u00fanmente utilizado, legible por m\u00e1quina, o puede solicitar que se &#8216;transfiera' directamente a otro Controlador de datos, pero en cada caso solo donde:<\/p>\n<ul>\n<li style=\"text-align: justify\">el procesamiento se basa en su consentimiento o en la ejecuci\u00f3n de un contrato con usted; y<\/li>\n<li style=\"text-align: justify\">el procesamiento se lleva a cabo por medios automatizados.<\/li>\n<\/ul>\n<p><strong>Objeci\u00f3n<\/strong><\/p>\n<p style=\"text-align: justify\">Puede objetar cualquier procesamiento de sus datos personales que tenga nuestros &#8216;intereses leg\u00edtimos' como base legal, si considera que sus derechos y libertades fundamentales superan nuestros intereses leg\u00edtimos.<\/p>\n<p style=\"text-align: justify\">Tenemos la oportunidad de demostrar que tenemos intereses leg\u00edtimos convincentes que anulan sus derechos y libertades.<\/p>\n<p><strong>Transferencias internacionales<\/strong><\/p>\n<p style=\"text-align: justify\">Puede solicitar una copia de, o hacer referencia a, las salvaguardas bajo las cuales sus datos personales se transfieren fuera del Espacio Econ\u00f3mico Europeo.<\/p>\n<p style=\"text-align: justify\">Podemos redactar acuerdos de transferencia de datos o documentos relacionados (es decir, ocultar cierta informaci\u00f3n contenida en estos documentos) por razones de sensibilidad comercial.<\/p>\n<p><strong>Autoridad supervisora<\/strong><\/p>\n<p style=\"text-align: justify\">Tiene derecho a presentar una queja ante la autoridad de supervisi\u00f3n local responsable sobre nuestro procesamiento de sus datos personales.<\/p>\n<p style=\"text-align: justify\">Le pedimos que intente resolver cualquier problema con nosotros primero, aunque tiene derecho a contactar a su autoridad de control en cualquier momento.<\/p>\n<p><strong>\u00daltima actualizaci\u00f3n: mayo de 2018<\/strong><\/p>\n","protected":false},"excerpt":{"rendered":"<p>C\u00f3mo funciona esta pol\u00edtica El objetivo de esta Pol\u00edtica es explicar cu\u00e1ndo, por qu\u00e9 y c\u00f3mo procesamos la informaci\u00f3n que puede estar relacionada con usted (&#8220;datos personales&#8221;). Tambi\u00e9n proporciona informaci\u00f3n importante sobre sus derechos legales. Esta Pol\u00edtica no pretende anular los t\u00e9rminos de ning\u00fan contrato que tenga con nosotros, ni los derechos que pueda tener &hellip; <a href=\"https:\/\/www.esports-betting.pro\/es\/privacy-policy\/\">Continued<\/a><\/p>\n","protected":false},"author":24,"featured_media":0,"parent":0,"menu_order":0,"comment_status":"closed","ping_status":"closed","template":"","meta":{"_acf_changed":false,"footnotes":""},"acf":[],"yoast_head":"<!-- This site is optimized with the Yoast SEO plugin v22.6 - https:\/\/yoast.com\/wordpress\/plugins\/seo\/ -->\n<title>Pol\u00edtica de privacidad - Esports Betting - ES<\/title>\n<meta name=\"robots\" content=\"index, follow, max-snippet:-1, max-image-preview:large, max-video-preview:-1\" \/>\n<link rel=\"canonical\" href=\"https:\/\/www.esports-betting.pro\/es\/privacy-policy\/\" \/>\n<meta property=\"og:locale\" content=\"es_ES\" \/>\n<meta property=\"og:type\" content=\"article\" \/>\n<meta property=\"og:title\" content=\"Pol\u00edtica de privacidad - Esports Betting - ES\" \/>\n<meta property=\"og:description\" content=\"C\u00f3mo funciona esta pol\u00edtica El objetivo de esta Pol\u00edtica es explicar cu\u00e1ndo, por qu\u00e9 y c\u00f3mo procesamos la informaci\u00f3n que puede estar relacionada con usted (&#8220;datos personales&#8221;). Tambi\u00e9n proporciona informaci\u00f3n importante sobre sus derechos legales. Esta Pol\u00edtica no pretende anular los t\u00e9rminos de ning\u00fan contrato que tenga con nosotros, ni los derechos que pueda tener &hellip; Continued\" \/>\n<meta property=\"og:url\" content=\"https:\/\/www.esports-betting.pro\/es\/privacy-policy\/\" \/>\n<meta property=\"og:site_name\" content=\"Esports Betting - ES\" \/>\n<meta name=\"twitter:card\" content=\"summary_large_image\" \/>\n<meta name=\"twitter:label1\" content=\"Est. reading time\" \/>\n\t<meta name=\"twitter:data1\" content=\"8 minutos\" \/>\n<script type=\"application\/ld+json\" class=\"yoast-schema-graph\">{\"@context\":\"https:\/\/schema.org\",\"@graph\":[{\"@type\":\"WebPage\",\"@id\":\"https:\/\/www.esports-betting.pro\/es\/privacy-policy\/\",\"url\":\"https:\/\/www.esports-betting.pro\/es\/privacy-policy\/\",\"name\":\"Pol\u00edtica de privacidad - Esports Betting - ES\",\"isPartOf\":{\"@id\":\"https:\/\/www.esports-betting.pro\/es\/#website\"},\"datePublished\":\"2018-05-25T08:59:26+00:00\",\"dateModified\":\"2018-05-25T08:59:26+00:00\",\"breadcrumb\":{\"@id\":\"https:\/\/www.esports-betting.pro\/es\/privacy-policy\/#breadcrumb\"},\"inLanguage\":\"es\",\"potentialAction\":[{\"@type\":\"ReadAction\",\"target\":[\"https:\/\/www.esports-betting.pro\/es\/privacy-policy\/\"]}]},{\"@type\":\"BreadcrumbList\",\"@id\":\"https:\/\/www.esports-betting.pro\/es\/privacy-policy\/#breadcrumb\",\"itemListElement\":[{\"@type\":\"ListItem\",\"position\":1,\"name\":\"Home\",\"item\":\"https:\/\/www.esports-betting.pro\/es\/\"},{\"@type\":\"ListItem\",\"position\":2,\"name\":\"Pol\u00edtica de privacidad\"}]},{\"@type\":\"WebSite\",\"@id\":\"https:\/\/www.esports-betting.pro\/es\/#website\",\"url\":\"https:\/\/www.esports-betting.pro\/es\/\",\"name\":\"Esports Betting - ES\",\"description\":\"Just another Esports Betting Sites site\",\"potentialAction\":[{\"@type\":\"SearchAction\",\"target\":{\"@type\":\"EntryPoint\",\"urlTemplate\":\"https:\/\/www.esports-betting.pro\/es\/?s={search_term_string}\"},\"query-input\":\"required name=search_term_string\"}],\"inLanguage\":\"es\"}]}<\/script>\n<!-- \/ Yoast SEO plugin. -->","yoast_head_json":{"title":"Pol\u00edtica de privacidad - Esports Betting - ES","robots":{"index":"index","follow":"follow","max-snippet":"max-snippet:-1","max-image-preview":"max-image-preview:large","max-video-preview":"max-video-preview:-1"},"canonical":"https:\/\/www.esports-betting.pro\/es\/privacy-policy\/","og_locale":"es_ES","og_type":"article","og_title":"Pol\u00edtica de privacidad - Esports Betting - ES","og_description":"C\u00f3mo funciona esta pol\u00edtica El objetivo de esta Pol\u00edtica es explicar cu\u00e1ndo, por qu\u00e9 y c\u00f3mo procesamos la informaci\u00f3n que puede estar relacionada con usted (&#8220;datos personales&#8221;). Tambi\u00e9n proporciona informaci\u00f3n importante sobre sus derechos legales. Esta Pol\u00edtica no pretende anular los t\u00e9rminos de ning\u00fan contrato que tenga con nosotros, ni los derechos que pueda tener &hellip; Continued","og_url":"https:\/\/www.esports-betting.pro\/es\/privacy-policy\/","og_site_name":"Esports Betting - ES","twitter_card":"summary_large_image","twitter_misc":{"Est. reading time":"8 minutos"},"schema":{"@context":"https:\/\/schema.org","@graph":[{"@type":"WebPage","@id":"https:\/\/www.esports-betting.pro\/es\/privacy-policy\/","url":"https:\/\/www.esports-betting.pro\/es\/privacy-policy\/","name":"Pol\u00edtica de privacidad - Esports Betting - ES","isPartOf":{"@id":"https:\/\/www.esports-betting.pro\/es\/#website"},"datePublished":"2018-05-25T08:59:26+00:00","dateModified":"2018-05-25T08:59:26+00:00","breadcrumb":{"@id":"https:\/\/www.esports-betting.pro\/es\/privacy-policy\/#breadcrumb"},"inLanguage":"es","potentialAction":[{"@type":"ReadAction","target":["https:\/\/www.esports-betting.pro\/es\/privacy-policy\/"]}]},{"@type":"BreadcrumbList","@id":"https:\/\/www.esports-betting.pro\/es\/privacy-policy\/#breadcrumb","itemListElement":[{"@type":"ListItem","position":1,"name":"Home","item":"https:\/\/www.esports-betting.pro\/es\/"},{"@type":"ListItem","position":2,"name":"Pol\u00edtica de privacidad"}]},{"@type":"WebSite","@id":"https:\/\/www.esports-betting.pro\/es\/#website","url":"https:\/\/www.esports-betting.pro\/es\/","name":"Esports Betting - ES","description":"Just another Esports Betting Sites site","potentialAction":[{"@type":"SearchAction","target":{"@type":"EntryPoint","urlTemplate":"https:\/\/www.esports-betting.pro\/es\/?s={search_term_string}"},"query-input":"required name=search_term_string"}],"inLanguage":"es"}]}},"_links":{"self":[{"href":"https:\/\/www.esports-betting.pro\/es\/wp-json\/wp\/v2\/pages\/12435"}],"collection":[{"href":"https:\/\/www.esports-betting.pro\/es\/wp-json\/wp\/v2\/pages"}],"about":[{"href":"https:\/\/www.esports-betting.pro\/es\/wp-json\/wp\/v2\/types\/page"}],"author":[{"embeddable":true,"href":"https:\/\/www.esports-betting.pro\/es\/wp-json\/wp\/v2\/users\/24"}],"replies":[{"embeddable":true,"href":"https:\/\/www.esports-betting.pro\/es\/wp-json\/wp\/v2\/comments?post=12435"}],"version-history":[{"count":0,"href":"https:\/\/www.esports-betting.pro\/es\/wp-json\/wp\/v2\/pages\/12435\/revisions"}],"wp:attachment":[{"href":"https:\/\/www.esports-betting.pro\/es\/wp-json\/wp\/v2\/media?parent=12435"}],"curies":[{"name":"wp","href":"https:\/\/api.w.org\/{rel}","templated":true}]}}