{"id":114,"date":"2015-09-18T20:13:36","date_gmt":"2015-09-18T20:13:36","guid":{"rendered":"https:\/\/www.esports-betting.pro\/es\/?page_id=114"},"modified":"2015-09-18T20:13:36","modified_gmt":"2015-09-18T20:13:36","slug":"formato","status":"publish","type":"page","link":"https:\/\/www.esports-betting.pro\/es\/league-of-legends-lol\/campeonato-mundial-2015-5ta-temporada\/formato\/","title":{"rendered":"Formato del Campeonato Mundial de League of Legends 2015"},"content":{"rendered":"<p><img loading=\"lazy\" decoding=\"async\" class=\"size-full wp-image-95 alignright\" src=\"https:\/\/www.esports-betting.pro\/app\/uploads\/sites\/3\/2015\/09\/League-of-Legends-Campeonato-Mundial-2015.jpg\" alt=\"Imagen comercial del Campeonato Mundial de LoL 2015\" width=\"167\" height=\"203\" \/><\/p>\n<p style=\"text-align: justify\">Estamos acerc\u00e1ndonos a la \u00e9poca m\u00e1s emocionante del a\u00f1o para todos los fan\u00e1ticos de League of Legends: El Campeonato Mundial de LoL y con ello, las <strong><a href=\"https:\/\/www.esports-betting.pro\/es\/league-of-legends-lol\/\">apuestas en League of Legends<\/a><\/strong>. Este es el torneo m\u00e1s prestigioso de League of Legends. Es cierto, las leyendas nacen durante esta competencia y las jugadas m\u00e1s sorprendentes quedar\u00e1n para la historia para recordarnos como se ve una jugabilidad sorprendente. Las futuras generaciones de jugadores tratar\u00e1n de fortalecerse en base a lo que los mejores jugadores hayan logrado durante las pocas semanas que durar\u00e1 el Mundial. Incluso si estamos hablando acerca de los mismos jugadores, equipos, el juego, y el meta, siempre est\u00e1n en constante evoluci\u00f3n, as\u00ed que nada permanece igual. Esto es lo que hace del Campeonato Mundial una m\u00e1gica competencia. En este art\u00edculo, te explicaremos el formato de competici\u00f3n y veremos qu\u00e9 podemos esperar de este torneo durante el 2015. <span style=\"color: #ff9900\"><a style=\"color: #ff9900\" href=\"https:\/\/www.esports-betting.pro\/es\/league-of-legends-lol\/campeonato-mundial-2015-5ta-temporada\/\">Regresa a Campeonato Mundial de LoL \u2013 Resumen del Torneo<\/a><\/span><\/p>\n<h2><strong>Mundial de LoL 2015 | Resumen del Formato: <\/strong><\/h2>\n<p style=\"text-align: justify\">El torneo Mundial de LoL de 2015 tendr\u00e1 la misma estructura del a\u00f1o pasado. Primero habr\u00e1 una Fase de Grupos, luego vendr\u00e1n los Cuartos de Final y acto seguido llegaremos a las Semifinales, y por \u00faltimo, la parte m\u00e1s emocionante de todo el Mundial \u2013 las Finales. La Fase de Grupo es considerada una secci\u00f3n separada del resto.<\/p>\n<h2><strong><a href=\"https:\/\/www.esports-betting.pro\/es\/corredor-de-apuestas\/go_bet365\" target=\"_blank\" rel=\"noopener\"><img loading=\"lazy\" decoding=\"async\" class=\"aligncenter wp-image-63 size-full\" src=\"https:\/\/www.esports-betting.pro\/app\/uploads\/sites\/3\/2015\/08\/Apuestas_eSports_Bet365-banner.jpg\" alt=\"Apuestas eSports Bet365 banner\" width=\"450\" height=\"86\" \/><\/a><br \/>\nCampenato Mudial | <\/strong><strong>Fase de Grupos:<\/strong><\/h2>\n<p style=\"text-align: justify\">La Fase de Grupos incluir\u00e1 a todos los 16 equipos compitiendo por ser el mejor de una serie de torneos dobles de Round Robin. Esto significa que cada equipo jugar\u00e1 contra cada equipo en el grupo por un total de 12 juegos (y potenciales desempates). Los equipos entrar\u00e1n en los grupos en base a su clasificaci\u00f3n regional y ser\u00e1n establecidos durante la elecci\u00f3n de los grupos en vivo. Los fan\u00e1ticos que hayan mirado el torneo Mundial del a\u00f1o pasado podr\u00e1n reconocer este formato. La Fase de Grupos de 2015 tendr\u00e1 lugar desde el 1 de octubre al 11 del mismo mes.<\/p>\n<h2 style=\"text-align: justify\"><span style=\"font-size: 14pt\"><strong>Apuestas de Fantas\u00eda eSports:<br \/>\n<\/strong><\/span><\/h2>\n<h3 style=\"text-align: justify\"><strong><img loading=\"lazy\" decoding=\"async\" class=\"aligncenter wp-image-843 size-full\" src=\"https:\/\/www.esports-betting.pro\/app\/uploads\/sites\/3\/2015\/07\/Draftkings-Logo-Apuestas-eSports.jpg\" alt=\"Draftkings Logo Apuestas eSports\" width=\"328\" height=\"85\" \/><\/strong><\/h3>\n<p style=\"text-align: justify\">La Estructura del Grupo incluir\u00e1 tres agrupaciones y ser\u00e1 parecida a la del a\u00f1o pasado, excepto algunas ligas que fueron renombradas y reestructuradas para la 5ta Temporada de LoL. La Agrupaci\u00f3n 1 incluir\u00e1 a los primeros equipos de Norte Am\u00e9rica (NA), China (LPL), Europa (EU LCS) y Corea (LCK). La Agrupaci\u00f3n 2 incluir\u00e1 el segundo y tercer lugar de Corea, China, los dos representantes de la LMS (Sureste de Asia), y el segundo lugar para Europa y Norte Am\u00e9rica. La Agrupaci\u00f3n 3 incluir\u00e1 los terceros lugares de Europa y Norte Am\u00e9rica, as\u00ed como tambi\u00e9n a los ganadores del IWC (Torneo Internacional de Wildcard). Cada grupo incluir\u00e1 un equipo de la Agrupaci\u00f3n 1 y 3, y dos equipos de la Agrupaci\u00f3n 2.<\/p>\n<p style=\"text-align: justify\">Cada grupo solo podr\u00e1 tener un equipo por regi\u00f3n. Despu\u00e9s de todo, este es el Campeonato Mundial, as\u00ed que queremos ver partidos entre regiones. Hemos visto suficiente juegos de la misma regi\u00f3n durante la temporada regular. El Show de Elecci\u00f3n de Grupo en vivo continuar\u00e1 hasta que todos los grupos hayan sido completados. Si un equipo es asignado a un grupo el cual ya tiene un equipo de esa regi\u00f3n, ser\u00e1n colocados en el pr\u00f3ximo grupo disponible.<\/p>\n<p style=\"text-align: justify\"><img loading=\"lazy\" decoding=\"async\" class=\"aligncenter wp-image-123 size-full\" src=\"https:\/\/www.esports-betting.pro\/app\/uploads\/sites\/3\/2015\/09\/League-of-Legends-World-Championship-Group-Draw-structure-overview.jpg\" alt=\"Estructura-de-los-grupos-para-el-torneo-de-lol-2015\" width=\"574\" height=\"337\" \/><\/p>\n<p style=\"text-align: center\">As\u00ed quedaron conformados los grupos durante el Sorteo de Grupos en vivo.<\/p>\n<figure id=\"attachment_108\" aria-describedby=\"caption-attachment-108\" style=\"width: 585px\" class=\"wp-caption aligncenter\"><img loading=\"lazy\" decoding=\"async\" class=\"wp-image-108 \" src=\"https:\/\/www.esports-betting.pro\/app\/uploads\/sites\/3\/2015\/09\/drawshow-Campeonato-Mundial-de-League-of-Legends-2015.jpg\" alt=\"drawshow-Campeonato-Mundial-de-League-of-Legends-2015\" width=\"585\" height=\"329\" \/><figcaption id=\"caption-attachment-108\" class=\"wp-caption-text\">Resultados de la Selecci\u00f3n de Grupo para el Mundial 2015<\/figcaption><\/figure>\n<h2><strong>Fase de Eliminaci\u00f3n de Campenato Mudial<\/strong><\/h2>\n<p>Despu\u00e9s de la Fase de Grupo, 8 equipos proceder\u00e1n a la Fase de Eliminaci\u00f3n. Los equipos competir\u00e1n por el puesto del mejor de 5 juegos en los Cuartos de Final, Seminales y Finales. La Fase de Eliminaci\u00f3n del Campeonato Mundial de 2015 tendr\u00e1 lugar del 15 de octubre al 31 de ese mismo mes.<\/p>\n<p style=\"text-align: justify\">Los Cuartos de Final ser\u00e1n al azar. Sin embargo, todav\u00eda existen algunas reglas que aplican, concretamente, dos equipos del mismo grupo podr\u00e1n ser colocados en la misma mitad de la plantilla, y los equipos que terminen en primer lugar se enfrentar\u00e1n al equipo que termine en segundo lugar. Todos los equipos de primer lugar ser\u00e1n asignados en la plantilla desde arriba hasta abajo, los equipos de segundo lugar pasar\u00e1n por el mismo proceso. Si un equipo no puede ser asignado a la plantilla (porque ya hay un equipo del mismo grupo en esa plantilla), ser\u00e1 asignado al primer puesto disponible. Despu\u00e9s de los Cuartos de Final, todo proceder\u00e1 como se determine en el juego.<\/p>\n<h2 style=\"text-align: justify\"><a href=\"https:\/\/www.esports-betting.pro\/es\/corredor-de-apuestas\/go_bet365\" target=\"_blank\" rel=\"noopener\"><img loading=\"lazy\" decoding=\"async\" class=\"aligncenter wp-image-63 size-full\" src=\"https:\/\/www.esports-betting.pro\/app\/uploads\/sites\/3\/2015\/08\/Apuestas_eSports_Bet365-banner.jpg\" alt=\"Apuestas eSports Bet365 banner\" width=\"450\" height=\"86\" \/><\/a><\/h2>\n<h3><strong>\u00bfQu\u00e9 hay de nuevo para el Mundial de LoL 2015?<\/strong><\/h3>\n<p style=\"text-align: justify\">Al culminar la temporada y el torneo m\u00e1s importante del a\u00f1o, Riot siempre trata de mejorar el formato y hacerlo mejor. Es por eso que algunos cambios fueron introducidos desde el a\u00f1o pasado. El m\u00e1s notable de ellos es el Show de Elecci\u00f3n de Grupo en vivo.<\/p>\n<p style=\"text-align: justify\">Otra cosa a considerar es el hecho de que el equipo ganador del primer lugar del grupo competir\u00e1 contra el equipo de segunda posici\u00f3n de ese grupo. Esto lleva hacerlo m\u00e1s aleatorio y le permite al equipo el incentivo de dar lo mejor de s\u00ed mismo. Esto significa que seremos potenciales testigos del m\u00e1s asombroso Mundial nunca antes visto, debido al hecho de que algunos equipos en el pasado sol\u00edan dejarse ganar con el fin de tener mejores enfrentamientos luego de la Fase de Eliminaci\u00f3n. Esperamos no tener que ver este tipo de actuaciones este a\u00f1o.<\/p>\n<p style=\"text-align: justify\">As\u00ed es como se ver\u00e1 el Campeonato Mundial de League of Legends en el 2015. Estamos ansiosos de que comience el torneo este 1 de octubre, ya que seremos testigos de los mejores juegos en la historia de LoL. \u00bfPor qu\u00e9 lo creemos? \u00a1Teniendo en cuenta la temporada regular, este Mundial ser\u00e1 incre\u00edble! Mantente conectado.<\/p>\n<p style=\"text-align: center\">&gt;&gt; <strong><a href=\"https:\/\/www.esports-betting.pro\/es\/league-of-legends-lol\/campeonato-mundial-2015-5ta-temporada\/\"><span style=\"text-decoration: underline\">Mundial de League of Legends 2015<\/span><\/a> &gt;&gt;<br \/>\n&gt;&gt; <a href=\"https:\/\/www.esports-betting.pro\/es\/league-of-legends-lol\/campeonato-mundial-2015-5ta-temporada\/programacion-fase-de-grupos\/\">Programaci\u00f3n \u2013 Fase de Grupos del Mundial de LoL 2015<\/a> &gt;&gt;<br \/>\n<\/strong><\/p>\n","protected":false},"excerpt":{"rendered":"<p>Estamos acerc\u00e1ndonos a la \u00e9poca m\u00e1s emocionante del a\u00f1o para todos los fan\u00e1ticos de League of Legends: El Campeonato Mundial de LoL y con ello, las apuestas en League of Legends. Este es el torneo m\u00e1s prestigioso de League of Legends. Es cierto, las leyendas nacen durante esta competencia y las jugadas m\u00e1s sorprendentes quedar\u00e1n &hellip; <a href=\"https:\/\/www.esports-betting.pro\/es\/league-of-legends-lol\/campeonato-mundial-2015-5ta-temporada\/formato\/\">Continued<\/a><\/p>\n","protected":false},"author":24,"featured_media":0,"parent":81,"menu_order":0,"comment_status":"closed","ping_status":"closed","template":"","meta":{"_acf_changed":false,"footnotes":""},"acf":[],"yoast_head":"<!-- This site is optimized with the Yoast SEO plugin v22.6 - https:\/\/yoast.com\/wordpress\/plugins\/seo\/ -->\n<title>Fases y Formato \u2013 Campeonato Mundial de LoL 2015<\/title>\n<meta name=\"description\" content=\"Aprende sobre el formato y las distintas fases del Mundial de LoL 2015 y lee m\u00e1s acerca del sorteo de grupo del Campeonato Mundial de League of Legends 2015\" \/>\n<meta name=\"robots\" content=\"index, follow, max-snippet:-1, max-image-preview:large, max-video-preview:-1\" \/>\n<link rel=\"canonical\" href=\"https:\/\/www.esports-betting.pro\/es\/league-of-legends-lol\/campeonato-mundial-2015-5ta-temporada\/formato\/\" \/>\n<meta property=\"og:locale\" content=\"es_ES\" \/>\n<meta property=\"og:type\" content=\"article\" \/>\n<meta property=\"og:title\" content=\"Fases y Formato \u2013 Campeonato Mundial de LoL 2015\" \/>\n<meta property=\"og:description\" content=\"Aprende sobre el formato y las distintas fases del Mundial de LoL 2015 y lee m\u00e1s acerca del sorteo de grupo del Campeonato Mundial de League of Legends 2015\" \/>\n<meta property=\"og:url\" content=\"https:\/\/www.esports-betting.pro\/es\/league-of-legends-lol\/campeonato-mundial-2015-5ta-temporada\/formato\/\" \/>\n<meta property=\"og:site_name\" content=\"Esports Betting - ES\" \/>\n<meta property=\"og:image\" content=\"https:\/\/www.esports-betting.pro\/app\/uploads\/sites\/3\/2015\/09\/League-of-Legends-Campeonato-Mundial-2015.jpg\" \/>\n<meta name=\"twitter:card\" content=\"summary_large_image\" \/>\n<meta name=\"twitter:label1\" content=\"Est. reading time\" \/>\n\t<meta name=\"twitter:data1\" content=\"5 minutos\" \/>\n<script type=\"application\/ld+json\" class=\"yoast-schema-graph\">{\"@context\":\"https:\/\/schema.org\",\"@graph\":[{\"@type\":\"WebPage\",\"@id\":\"https:\/\/www.esports-betting.pro\/es\/league-of-legends-lol\/campeonato-mundial-2015-5ta-temporada\/formato\/\",\"url\":\"https:\/\/www.esports-betting.pro\/es\/league-of-legends-lol\/campeonato-mundial-2015-5ta-temporada\/formato\/\",\"name\":\"Fases y Formato \u2013 Campeonato Mundial de LoL 2015\",\"isPartOf\":{\"@id\":\"https:\/\/www.esports-betting.pro\/es\/#website\"},\"primaryImageOfPage\":{\"@id\":\"https:\/\/www.esports-betting.pro\/es\/league-of-legends-lol\/campeonato-mundial-2015-5ta-temporada\/formato\/#primaryimage\"},\"image\":{\"@id\":\"https:\/\/www.esports-betting.pro\/es\/league-of-legends-lol\/campeonato-mundial-2015-5ta-temporada\/formato\/#primaryimage\"},\"thumbnailUrl\":\"https:\/\/www.esports-betting.pro\/app\/uploads\/sites\/3\/2015\/09\/League-of-Legends-Campeonato-Mundial-2015.jpg\",\"datePublished\":\"2015-09-18T20:13:36+00:00\",\"dateModified\":\"2015-09-18T20:13:36+00:00\",\"description\":\"Aprende sobre el formato y las distintas fases del Mundial de LoL 2015 y lee m\u00e1s acerca del sorteo de grupo del Campeonato Mundial de League of Legends 2015\",\"breadcrumb\":{\"@id\":\"https:\/\/www.esports-betting.pro\/es\/league-of-legends-lol\/campeonato-mundial-2015-5ta-temporada\/formato\/#breadcrumb\"},\"inLanguage\":\"es\",\"potentialAction\":[{\"@type\":\"ReadAction\",\"target\":[\"https:\/\/www.esports-betting.pro\/es\/league-of-legends-lol\/campeonato-mundial-2015-5ta-temporada\/formato\/\"]}]},{\"@type\":\"ImageObject\",\"inLanguage\":\"es\",\"@id\":\"https:\/\/www.esports-betting.pro\/es\/league-of-legends-lol\/campeonato-mundial-2015-5ta-temporada\/formato\/#primaryimage\",\"url\":\"https:\/\/www.esports-betting.pro\/app\/uploads\/sites\/3\/2015\/09\/League-of-Legends-Campeonato-Mundial-2015.jpg\",\"contentUrl\":\"https:\/\/www.esports-betting.pro\/app\/uploads\/sites\/3\/2015\/09\/League-of-Legends-Campeonato-Mundial-2015.jpg\"},{\"@type\":\"BreadcrumbList\",\"@id\":\"https:\/\/www.esports-betting.pro\/es\/league-of-legends-lol\/campeonato-mundial-2015-5ta-temporada\/formato\/#breadcrumb\",\"itemListElement\":[{\"@type\":\"ListItem\",\"position\":1,\"name\":\"Home\",\"item\":\"https:\/\/www.esports-betting.pro\/es\/\"},{\"@type\":\"ListItem\",\"position\":2,\"name\":\"Apuestas en League of Legends (LoL) | Sitios de apuestas y cuotas\",\"item\":\"https:\/\/www.esports-betting.pro\/es\/league-of-legends-lol\/\"},{\"@type\":\"ListItem\",\"position\":3,\"name\":\"Campeonato Mundial de League of Legends 2015 | 5ta Temporada\",\"item\":\"https:\/\/www.esports-betting.pro\/es\/league-of-legends-lol\/campeonato-mundial-2015-5ta-temporada\/\"},{\"@type\":\"ListItem\",\"position\":4,\"name\":\"Formato del Campeonato Mundial de League of Legends 2015\"}]},{\"@type\":\"WebSite\",\"@id\":\"https:\/\/www.esports-betting.pro\/es\/#website\",\"url\":\"https:\/\/www.esports-betting.pro\/es\/\",\"name\":\"Esports Betting - ES\",\"description\":\"Just another Esports Betting Sites site\",\"potentialAction\":[{\"@type\":\"SearchAction\",\"target\":{\"@type\":\"EntryPoint\",\"urlTemplate\":\"https:\/\/www.esports-betting.pro\/es\/?s={search_term_string}\"},\"query-input\":\"required name=search_term_string\"}],\"inLanguage\":\"es\"}]}<\/script>\n<!-- \/ Yoast SEO plugin. -->","yoast_head_json":{"title":"Fases y Formato \u2013 Campeonato Mundial de LoL 2015","description":"Aprende sobre el formato y las distintas fases del Mundial de LoL 2015 y lee m\u00e1s acerca del sorteo de grupo del Campeonato Mundial de League of Legends 2015","robots":{"index":"index","follow":"follow","max-snippet":"max-snippet:-1","max-image-preview":"max-image-preview:large","max-video-preview":"max-video-preview:-1"},"canonical":"https:\/\/www.esports-betting.pro\/es\/league-of-legends-lol\/campeonato-mundial-2015-5ta-temporada\/formato\/","og_locale":"es_ES","og_type":"article","og_title":"Fases y Formato \u2013 Campeonato Mundial de LoL 2015","og_description":"Aprende sobre el formato y las distintas fases del Mundial de LoL 2015 y lee m\u00e1s acerca del sorteo de grupo del Campeonato Mundial de League of Legends 2015","og_url":"https:\/\/www.esports-betting.pro\/es\/league-of-legends-lol\/campeonato-mundial-2015-5ta-temporada\/formato\/","og_site_name":"Esports Betting - ES","og_image":[{"url":"https:\/\/www.esports-betting.pro\/app\/uploads\/sites\/3\/2015\/09\/League-of-Legends-Campeonato-Mundial-2015.jpg"}],"twitter_card":"summary_large_image","twitter_misc":{"Est. reading time":"5 minutos"},"schema":{"@context":"https:\/\/schema.org","@graph":[{"@type":"WebPage","@id":"https:\/\/www.esports-betting.pro\/es\/league-of-legends-lol\/campeonato-mundial-2015-5ta-temporada\/formato\/","url":"https:\/\/www.esports-betting.pro\/es\/league-of-legends-lol\/campeonato-mundial-2015-5ta-temporada\/formato\/","name":"Fases y Formato \u2013 Campeonato Mundial de LoL 2015","isPartOf":{"@id":"https:\/\/www.esports-betting.pro\/es\/#website"},"primaryImageOfPage":{"@id":"https:\/\/www.esports-betting.pro\/es\/league-of-legends-lol\/campeonato-mundial-2015-5ta-temporada\/formato\/#primaryimage"},"image":{"@id":"https:\/\/www.esports-betting.pro\/es\/league-of-legends-lol\/campeonato-mundial-2015-5ta-temporada\/formato\/#primaryimage"},"thumbnailUrl":"https:\/\/www.esports-betting.pro\/app\/uploads\/sites\/3\/2015\/09\/League-of-Legends-Campeonato-Mundial-2015.jpg","datePublished":"2015-09-18T20:13:36+00:00","dateModified":"2015-09-18T20:13:36+00:00","description":"Aprende sobre el formato y las distintas fases del Mundial de LoL 2015 y lee m\u00e1s acerca del sorteo de grupo del Campeonato Mundial de League of Legends 2015","breadcrumb":{"@id":"https:\/\/www.esports-betting.pro\/es\/league-of-legends-lol\/campeonato-mundial-2015-5ta-temporada\/formato\/#breadcrumb"},"inLanguage":"es","potentialAction":[{"@type":"ReadAction","target":["https:\/\/www.esports-betting.pro\/es\/league-of-legends-lol\/campeonato-mundial-2015-5ta-temporada\/formato\/"]}]},{"@type":"ImageObject","inLanguage":"es","@id":"https:\/\/www.esports-betting.pro\/es\/league-of-legends-lol\/campeonato-mundial-2015-5ta-temporada\/formato\/#primaryimage","url":"https:\/\/www.esports-betting.pro\/app\/uploads\/sites\/3\/2015\/09\/League-of-Legends-Campeonato-Mundial-2015.jpg","contentUrl":"https:\/\/www.esports-betting.pro\/app\/uploads\/sites\/3\/2015\/09\/League-of-Legends-Campeonato-Mundial-2015.jpg"},{"@type":"BreadcrumbList","@id":"https:\/\/www.esports-betting.pro\/es\/league-of-legends-lol\/campeonato-mundial-2015-5ta-temporada\/formato\/#breadcrumb","itemListElement":[{"@type":"ListItem","position":1,"name":"Home","item":"https:\/\/www.esports-betting.pro\/es\/"},{"@type":"ListItem","position":2,"name":"Apuestas en League of Legends (LoL) | Sitios de apuestas y cuotas","item":"https:\/\/www.esports-betting.pro\/es\/league-of-legends-lol\/"},{"@type":"ListItem","position":3,"name":"Campeonato Mundial de League of Legends 2015 | 5ta Temporada","item":"https:\/\/www.esports-betting.pro\/es\/league-of-legends-lol\/campeonato-mundial-2015-5ta-temporada\/"},{"@type":"ListItem","position":4,"name":"Formato del Campeonato Mundial de League of Legends 2015"}]},{"@type":"WebSite","@id":"https:\/\/www.esports-betting.pro\/es\/#website","url":"https:\/\/www.esports-betting.pro\/es\/","name":"Esports Betting - ES","description":"Just another Esports Betting Sites site","potentialAction":[{"@type":"SearchAction","target":{"@type":"EntryPoint","urlTemplate":"https:\/\/www.esports-betting.pro\/es\/?s={search_term_string}"},"query-input":"required name=search_term_string"}],"inLanguage":"es"}]}},"_links":{"self":[{"href":"https:\/\/www.esports-betting.pro\/es\/wp-json\/wp\/v2\/pages\/114"}],"collection":[{"href":"https:\/\/www.esports-betting.pro\/es\/wp-json\/wp\/v2\/pages"}],"about":[{"href":"https:\/\/www.esports-betting.pro\/es\/wp-json\/wp\/v2\/types\/page"}],"author":[{"embeddable":true,"href":"https:\/\/www.esports-betting.pro\/es\/wp-json\/wp\/v2\/users\/24"}],"replies":[{"embeddable":true,"href":"https:\/\/www.esports-betting.pro\/es\/wp-json\/wp\/v2\/comments?post=114"}],"version-history":[{"count":0,"href":"https:\/\/www.esports-betting.pro\/es\/wp-json\/wp\/v2\/pages\/114\/revisions"}],"up":[{"embeddable":true,"href":"https:\/\/www.esports-betting.pro\/es\/wp-json\/wp\/v2\/pages\/81"}],"wp:attachment":[{"href":"https:\/\/www.esports-betting.pro\/es\/wp-json\/wp\/v2\/media?parent=114"}],"curies":[{"name":"wp","href":"https:\/\/api.w.org\/{rel}","templated":true}]}}