{"id":11168,"date":"2019-04-28T21:42:50","date_gmt":"2019-04-29T01:42:50","guid":{"rendered":"https:\/\/www.esports-betting.pro\/es\/?page_id=11168"},"modified":"2019-04-28T21:42:50","modified_gmt":"2019-04-29T01:42:50","slug":"2018-lpl-pro-league-china","status":"publish","type":"page","link":"https:\/\/www.esports-betting.pro\/es\/league-of-legends-lol\/2018-lpl-pro-league-china\/","title":{"rendered":"2018 LPL Pro League China | LPL Cuotas de Apuestas e Informaci\u00f3n del torneo"},"content":{"rendered":"<p style=\"text-align: justify\"><img loading=\"lazy\" decoding=\"async\" class=\"size-full wp-image-11178 alignright\" src=\"https:\/\/www.esports-betting.pro\/app\/uploads\/sites\/3\/2018\/02\/LoL-Pro-League-LPL-China-Logo.jpg\" alt=\"LoL Pro League LPL China Logo\" width=\"120\" height=\"120\" \/>La League of Legends Pro League, o LPL en su abreviaci\u00f3n, es la liga de China, y probablemente ya lo sabes. Aunque estamos saturados de noticias sobre las ligas de NA\/EU LCS, la LPL es incre\u00edblemente poderosa. Es por eso que los fan\u00e1ticos de Norteam\u00e9rica y Europa ven regularmente la LPL. El Spring Split ya empez\u00f3. Y nosotros te traemos toda la informaci\u00f3n, que debes saber sobre la LPL 2018.<\/p>\n<h2><img loading=\"lazy\" decoding=\"async\" class=\"alignnone size-full wp-image-1261\" src=\"https:\/\/www.esports-betting.pro\/app\/uploads\/sites\/3\/2016\/03\/League-of-Legends-Icono-Boton.jpg\" alt=\"League of Legends Icono\" width=\"20\" height=\"20\" \/>\u00a0LPL 2018 | Datos<\/h2>\n<ul>\n<li><strong>2 Regiones:<\/strong> Este y Oeste<\/li>\n<li>7 teams per region<\/li>\n<li>All matches will be streamed live<\/li>\n<li>Bets and odds available for all matches<\/li>\n<li>All matches in regular season are Best-of-3\n<ul>\n<li>Each team plays 19 matches.\n<ul>\n<li>Double Round Robin within own group<\/li>\n<li>Single Round Robin against other group<\/li>\n<\/ul>\n<\/li>\n<\/ul>\n<\/li>\n<li>Playoffs are played in Best-of-5<\/li>\n<li><strong>Spring Split Dates: <\/strong>01\/15\/2018 \u2013 04\/08\/2018<\/li>\n<li>LPL 2018: 10 Weeks in Spring Split 2018 (up to 14 matches \/ week)<\/li>\n<li><strong>Spring Split Playoffs:<\/strong> TBD<\/li>\n<li>Spring Split Champions get ticket to the <strong>MSI 2018<\/strong><\/li>\n<li><strong>Summer Split Dates:<\/strong> TBA<\/li>\n<li><strong>Summer Split Playoffs:<\/strong> TBA<\/li>\n<li>Summer Split Champions get ticket to <strong>LoL Worlds 2018<\/strong><\/li>\n<li>Hashtags: #LPL2018 #LPL<\/li>\n<\/ul>\n<p style=\"text-align: justify\">El LPL del Spring Split empez\u00f3 el 15 de enero y termina el 8 de abril del 2018, la liga se desarrollar\u00e1 durante seis d\u00edas a la semana: lunes, martes, mi\u00e9rcoles, viernes, s\u00e1bados y domingos.<\/p>\n<p style=\"text-align: justify\">Las batallas empiezan a las 5 pm CST (Hora est\u00e1ndar de China) o 1 am PST. Para los fan\u00e1ticos europeos, esto significa que ellos pueden ver LPL a las 10 am CET. El horario es el mismo para todos los d\u00edas, pero los domingos podr\u00e1s ver tus equipo favorito desde China a las 2pm CST \/ 10pm PST \/ 7am CET.<\/p>\n<p><strong>Equipos<\/strong><\/p>\n<p>El Spring Split 2018 empieza con grandes cambios en LPL. La liga tiene como franquicia que involucra a 14 equipos divididos en conferencias: Oeste vs. Este. Los mejores cuatro equipos de cada conferencia tienen la oportunidad de avanzar a los playoff despu\u00e9s de 10 semanas en esta competencia.<\/p>\n<p>La idea es expandir la liga cada a\u00f1o, promoviendo dos equipos de la Liga de Desarrollo LoL (LDL) hasta que la LPL alcance un total de 20 equipos para el 2021.<\/p>\n<p>Abajo, puedes ver las tablas con la lista de los equipos y los jugadores en LPL esta temporada.<\/p>\n<p>&nbsp;<\/p>\n<p><strong>Conferencia del Oeste<\/strong><\/p>\n<p>&nbsp;<\/p>\n<table width=\"641\">\n<tbody>\n<tr>\n<td width=\"66\"><strong>Team <\/strong><\/td>\n<td width=\"116\"><strong>Edward <\/strong><\/p>\n<p><strong>Gaming <\/strong><\/p>\n<p><strong>(EDG)<\/strong><\/td>\n<td width=\"65\"><strong>Team WE (WE)<\/strong><\/td>\n<td width=\"59\"><strong>Oh My God (OMG)<\/strong><\/td>\n<td width=\"73\"><strong>Snake Reports (SNAKE)<\/strong><\/td>\n<td width=\"128\"><strong>BiliBili<\/strong><\/p>\n<p><strong>Gaming <\/strong><\/p>\n<p><strong>(BLG)<\/strong><\/td>\n<td width=\"66\"><strong>Vici Gaming (VG)<\/strong><\/td>\n<td width=\"67\"><strong>FunPlus Phoenix (FPX)<\/strong><\/td>\n<\/tr>\n<tr>\n<td width=\"66\"><strong>Top<\/strong><\/td>\n<td width=\"116\">Ray<\/td>\n<td width=\"65\">957<\/td>\n<td width=\"59\">Xiyang<\/td>\n<td width=\"73\">Flandre<\/td>\n<td width=\"128\">AmazingJ\/Freecss<\/td>\n<td width=\"66\">Loong<\/td>\n<td width=\"67\">Gimgoon<\/td>\n<\/tr>\n<tr>\n<td width=\"66\"><strong>Jungle<\/strong><\/td>\n<td width=\"116\">Clearlove7\/Haro<\/td>\n<td width=\"65\">Condi<\/td>\n<td width=\"59\">World6<\/td>\n<td width=\"73\">SofM<\/td>\n<td width=\"128\">Sks\/Chieftain<\/td>\n<td width=\"66\">Crash<\/td>\n<td width=\"67\">Pepper<\/td>\n<\/tr>\n<tr>\n<td width=\"66\"><strong>Mid<\/strong><\/td>\n<td width=\"116\">Scout<\/td>\n<td width=\"65\">Xiye<\/td>\n<td width=\"59\">Icon<\/td>\n<td width=\"73\">Zz1tai<\/td>\n<td width=\"128\">Athena<\/td>\n<td width=\"66\">Easyhoon<\/td>\n<td width=\"67\">Bing<\/td>\n<\/tr>\n<tr>\n<td width=\"66\"><strong>ADC<\/strong><\/td>\n<td width=\"116\">iBoy\/Hope<\/td>\n<td width=\"65\">Mystic<\/td>\n<td width=\"59\">Chelly<\/td>\n<td width=\"73\">kRYST4L<\/td>\n<td width=\"128\">Jinjiao\/Mole<\/td>\n<td width=\"66\">Martin<\/td>\n<td width=\"67\">Lwx<\/td>\n<\/tr>\n<tr>\n<td width=\"66\"><strong>Support<\/strong><\/td>\n<td width=\"116\">Meiko<\/td>\n<td width=\"65\">Ben\/Zero<\/td>\n<td width=\"59\">Five<\/td>\n<td width=\"73\">Hudie<\/td>\n<td width=\"128\">Road<\/td>\n<td width=\"66\">CaveMan<\/td>\n<td width=\"67\">Crisp<\/td>\n<\/tr>\n<\/tbody>\n<\/table>\n<p>&nbsp;<\/p>\n<p><strong>Conferencia del Este<\/strong><\/p>\n<table width=\"641\">\n<tbody>\n<tr>\n<td width=\"75\"><strong>Team <\/strong><\/td>\n<td width=\"79\"><strong>Royal Never Give Up (RNG)<\/strong><\/td>\n<td width=\"75\"><strong>SN Gaming (SNG)<\/strong><\/td>\n<td width=\"108\"><strong>Invictus Gaming (iG)<\/strong><\/td>\n<td width=\"74\"><strong>JD Gaming (JDG)<\/strong><\/td>\n<td width=\"74\"><strong>LGD Gaming (LGD)<\/strong><\/td>\n<td width=\"80\"><strong>TopSports Gaming (TOP)<\/strong><\/td>\n<td width=\"77\"><strong>Rogue Warriors (RW)<\/strong><\/td>\n<\/tr>\n<tr>\n<td width=\"75\"><strong>Top<\/strong><\/td>\n<td width=\"79\">Letme<\/td>\n<td width=\"75\">XiaoAL<\/td>\n<td width=\"108\">Duke<\/td>\n<td width=\"74\">Zoom<\/td>\n<td width=\"74\">Jinoo<\/td>\n<td width=\"80\">Lies<\/td>\n<td width=\"77\">Mouse<\/td>\n<\/tr>\n<tr>\n<td width=\"75\"><strong>Jungle<\/strong><\/td>\n<td width=\"79\">Mlxg\/Karsa<\/td>\n<td width=\"75\">Avoidless<\/td>\n<td width=\"108\">Ning<\/td>\n<td width=\"74\">Clid<\/td>\n<td width=\"74\">Eimy<\/td>\n<td width=\"80\">Karin<\/td>\n<td width=\"77\">Flawless<\/td>\n<\/tr>\n<tr>\n<td width=\"75\"><strong>Mid<\/strong><\/td>\n<td width=\"79\">Xiaohu<\/td>\n<td width=\"75\">Dian<\/td>\n<td width=\"108\">RooKie<\/td>\n<td width=\"74\">YaGao<\/td>\n<td width=\"74\">Nanzhu<\/td>\n<td width=\"80\">Ggoong<\/td>\n<td width=\"77\">Doinb<\/td>\n<\/tr>\n<tr>\n<td width=\"75\"><strong>ADC<\/strong><\/td>\n<td width=\"79\">Uzi<\/td>\n<td width=\"75\">Fury<\/td>\n<td width=\"108\">JackeyLove\/West<\/td>\n<td width=\"74\">Loken<\/td>\n<td width=\"74\">Imp<\/td>\n<td width=\"80\">QiuQiu<\/td>\n<td width=\"77\">Smlz<\/td>\n<\/tr>\n<tr>\n<td width=\"75\"><strong>Support<\/strong><\/td>\n<td width=\"79\">Ming<\/td>\n<td width=\"75\">Yoon<\/td>\n<td width=\"108\">Megan\/Baolan<\/td>\n<td width=\"74\">LvMao<\/td>\n<td width=\"74\">Pyl<\/td>\n<td width=\"80\">Cat<\/td>\n<td width=\"77\">Killua<\/td>\n<\/tr>\n<\/tbody>\n<\/table>\n<p>&nbsp;<\/p>\n<p>De los 14 equipos que est\u00e1n incluidos en la liga de este a\u00f1o, tres est\u00e1n geo-locked en la conferencia del oeste o del este basadas en la ciudad de su arena. \u00a1Oh Por Dios! jugar\u00e1 sus partidos locales en Chengdu (Oeste) mientras SNAKE organizar\u00e1 sus batallas en Chongqing (Oeste). La arena donde LGD Gaming jugar\u00e1 sus partidos locales es en Hangzhou (Oeste).<\/p>\n<p><strong>Formato de la liga.<\/strong><\/p>\n<p>El formato de LPL es el mejor de tres (su abreviaci\u00f3n en ingl\u00e9s \u201cBo3\u201d) rondas y los puntos se distribuyen basados en el resultado. Cada equipo obtiene +1 por la victoria de la serie o +0 por una p\u00e9rdida.<\/p>\n<p>Los due\u00f1os del lugar son determinados por una serie de puntos, cara a cara, y el n\u00famero de victorias. En el caso de que dos o m\u00e1s equipos tengan los mismos puntos, se dividen uno a otro, un n\u00famero de victorias de mapas, el due\u00f1o del lugar ser\u00e1 determinado a trav\u00e9s del desempate Bo3.<\/p>\n<p>El Spring Split tendr\u00e1 lugar durante 10 semanas, que se dividen en diferentes secciones:<\/p>\n<ul>\n<li>Semana 1-3 \u2013 primera parte de la ronda doble de intraconferencia.<\/li>\n<li>Semana 4-7 \u2013 Conferencia cruzada (Conferencia del Oeste vs. Este en una sola ronda).<\/li>\n<li>Semana 8-10 \u2013 segunda parte de la ronda doble de Intraconferencia.<\/li>\n<\/ul>\n<p><strong>Transmisi\u00f3n<\/strong><\/p>\n<p>Lo mejor de LPL es que usar\u00e1n m\u00faltiples transmisiones para cubrir toda la acci\u00f3n. Como\u00a0 resultado, los fan\u00e1ticos de diferentes partes del mundo podr\u00e1n ver muchos juegos y seguir a sus equipos favoritos en toda la liga.<\/p>\n<p>La transmisi\u00f3n en ingles tendr\u00e1 lugar cuatro veces por semana: lunes, viernes, s\u00e1bados, y domingos. Los juegos con comentarios en ingles estar\u00e1n en YouTube, Twitch, PandaTV, y Douyu.<\/p>\n<p><strong>L\u00edneas Generales <\/strong><\/p>\n<p>La nueva temporada de LPL ha empezado y trae expandida la selecci\u00f3n de equipos divididos en dos conferencias. Podemos esperar ver mucha acci\u00f3n y emocionantes batallas. Adem\u00e1s, los partidos se transmitir\u00e1n por m\u00faltiples canales, que tambi\u00e9n est\u00e1n disponibles en ingl\u00e9s. Nunca es demasiado tarde para sintonizarte.<\/p>\n","protected":false},"excerpt":{"rendered":"<p>La League of Legends Pro League, o LPL en su abreviaci\u00f3n, es la liga de China, y probablemente ya lo sabes. Aunque estamos saturados de noticias sobre las ligas de NA\/EU LCS, la LPL es incre\u00edblemente poderosa. Es por eso que los fan\u00e1ticos de Norteam\u00e9rica y Europa ven regularmente la LPL. El Spring Split ya &hellip; <a href=\"https:\/\/www.esports-betting.pro\/es\/league-of-legends-lol\/2018-lpl-pro-league-china\/\">Continued<\/a><\/p>\n","protected":false},"author":24,"featured_media":0,"parent":11,"menu_order":0,"comment_status":"closed","ping_status":"closed","template":"","meta":{"_acf_changed":false,"footnotes":""},"acf":[],"yoast_head":"<!-- This site is optimized with the Yoast SEO plugin v22.6 - https:\/\/yoast.com\/wordpress\/plugins\/seo\/ -->\n<title>2018 LPL Pro League China | LPL Cuotas de Apuestas<\/title>\n<meta name=\"robots\" content=\"index, follow, max-snippet:-1, max-image-preview:large, max-video-preview:-1\" \/>\n<link rel=\"canonical\" href=\"https:\/\/www.esports-betting.pro\/es\/league-of-legends-lol\/2018-lpl-pro-league-china\/\" \/>\n<meta property=\"og:locale\" content=\"es_ES\" \/>\n<meta property=\"og:type\" content=\"article\" \/>\n<meta property=\"og:title\" content=\"2018 LPL Pro League China | LPL Cuotas de Apuestas\" \/>\n<meta property=\"og:description\" content=\"La League of Legends Pro League, o LPL en su abreviaci\u00f3n, es la liga de China, y probablemente ya lo sabes. Aunque estamos saturados de noticias sobre las ligas de NA\/EU LCS, la LPL es incre\u00edblemente poderosa. Es por eso que los fan\u00e1ticos de Norteam\u00e9rica y Europa ven regularmente la LPL. El Spring Split ya &hellip; Continued\" \/>\n<meta property=\"og:url\" content=\"https:\/\/www.esports-betting.pro\/es\/league-of-legends-lol\/2018-lpl-pro-league-china\/\" \/>\n<meta property=\"og:site_name\" content=\"Esports Betting - ES\" \/>\n<meta property=\"og:image\" content=\"https:\/\/www.esports-betting.pro\/app\/uploads\/sites\/3\/2018\/02\/LoL-Pro-League-LPL-China-Logo.jpg\" \/>\n<meta name=\"twitter:card\" content=\"summary_large_image\" \/>\n<meta name=\"twitter:label1\" content=\"Est. reading time\" \/>\n\t<meta name=\"twitter:data1\" content=\"4 minutos\" \/>\n<script type=\"application\/ld+json\" class=\"yoast-schema-graph\">{\"@context\":\"https:\/\/schema.org\",\"@graph\":[{\"@type\":\"WebPage\",\"@id\":\"https:\/\/www.esports-betting.pro\/es\/league-of-legends-lol\/2018-lpl-pro-league-china\/\",\"url\":\"https:\/\/www.esports-betting.pro\/es\/league-of-legends-lol\/2018-lpl-pro-league-china\/\",\"name\":\"2018 LPL Pro League China | LPL Cuotas de Apuestas\",\"isPartOf\":{\"@id\":\"https:\/\/www.esports-betting.pro\/es\/#website\"},\"primaryImageOfPage\":{\"@id\":\"https:\/\/www.esports-betting.pro\/es\/league-of-legends-lol\/2018-lpl-pro-league-china\/#primaryimage\"},\"image\":{\"@id\":\"https:\/\/www.esports-betting.pro\/es\/league-of-legends-lol\/2018-lpl-pro-league-china\/#primaryimage\"},\"thumbnailUrl\":\"https:\/\/www.esports-betting.pro\/app\/uploads\/sites\/3\/2018\/02\/LoL-Pro-League-LPL-China-Logo.jpg\",\"datePublished\":\"2019-04-29T01:42:50+00:00\",\"dateModified\":\"2019-04-29T01:42:50+00:00\",\"breadcrumb\":{\"@id\":\"https:\/\/www.esports-betting.pro\/es\/league-of-legends-lol\/2018-lpl-pro-league-china\/#breadcrumb\"},\"inLanguage\":\"es\",\"potentialAction\":[{\"@type\":\"ReadAction\",\"target\":[\"https:\/\/www.esports-betting.pro\/es\/league-of-legends-lol\/2018-lpl-pro-league-china\/\"]}]},{\"@type\":\"ImageObject\",\"inLanguage\":\"es\",\"@id\":\"https:\/\/www.esports-betting.pro\/es\/league-of-legends-lol\/2018-lpl-pro-league-china\/#primaryimage\",\"url\":\"https:\/\/www.esports-betting.pro\/app\/uploads\/sites\/3\/2018\/02\/LoL-Pro-League-LPL-China-Logo.jpg\",\"contentUrl\":\"https:\/\/www.esports-betting.pro\/app\/uploads\/sites\/3\/2018\/02\/LoL-Pro-League-LPL-China-Logo.jpg\"},{\"@type\":\"BreadcrumbList\",\"@id\":\"https:\/\/www.esports-betting.pro\/es\/league-of-legends-lol\/2018-lpl-pro-league-china\/#breadcrumb\",\"itemListElement\":[{\"@type\":\"ListItem\",\"position\":1,\"name\":\"Home\",\"item\":\"https:\/\/www.esports-betting.pro\/es\/\"},{\"@type\":\"ListItem\",\"position\":2,\"name\":\"Apuestas en League of Legends (LoL) | Sitios de apuestas y cuotas\",\"item\":\"https:\/\/www.esports-betting.pro\/es\/league-of-legends-lol\/\"},{\"@type\":\"ListItem\",\"position\":3,\"name\":\"2018 LPL Pro League China | LPL Cuotas de Apuestas e Informaci\u00f3n del torneo\"}]},{\"@type\":\"WebSite\",\"@id\":\"https:\/\/www.esports-betting.pro\/es\/#website\",\"url\":\"https:\/\/www.esports-betting.pro\/es\/\",\"name\":\"Esports Betting - ES\",\"description\":\"Just another Esports Betting Sites site\",\"potentialAction\":[{\"@type\":\"SearchAction\",\"target\":{\"@type\":\"EntryPoint\",\"urlTemplate\":\"https:\/\/www.esports-betting.pro\/es\/?s={search_term_string}\"},\"query-input\":\"required name=search_term_string\"}],\"inLanguage\":\"es\"}]}<\/script>\n<!-- \/ Yoast SEO plugin. -->","yoast_head_json":{"title":"2018 LPL Pro League China | LPL Cuotas de Apuestas","robots":{"index":"index","follow":"follow","max-snippet":"max-snippet:-1","max-image-preview":"max-image-preview:large","max-video-preview":"max-video-preview:-1"},"canonical":"https:\/\/www.esports-betting.pro\/es\/league-of-legends-lol\/2018-lpl-pro-league-china\/","og_locale":"es_ES","og_type":"article","og_title":"2018 LPL Pro League China | LPL Cuotas de Apuestas","og_description":"La League of Legends Pro League, o LPL en su abreviaci\u00f3n, es la liga de China, y probablemente ya lo sabes. Aunque estamos saturados de noticias sobre las ligas de NA\/EU LCS, la LPL es incre\u00edblemente poderosa. Es por eso que los fan\u00e1ticos de Norteam\u00e9rica y Europa ven regularmente la LPL. El Spring Split ya &hellip; Continued","og_url":"https:\/\/www.esports-betting.pro\/es\/league-of-legends-lol\/2018-lpl-pro-league-china\/","og_site_name":"Esports Betting - ES","og_image":[{"url":"https:\/\/www.esports-betting.pro\/app\/uploads\/sites\/3\/2018\/02\/LoL-Pro-League-LPL-China-Logo.jpg"}],"twitter_card":"summary_large_image","twitter_misc":{"Est. reading time":"4 minutos"},"schema":{"@context":"https:\/\/schema.org","@graph":[{"@type":"WebPage","@id":"https:\/\/www.esports-betting.pro\/es\/league-of-legends-lol\/2018-lpl-pro-league-china\/","url":"https:\/\/www.esports-betting.pro\/es\/league-of-legends-lol\/2018-lpl-pro-league-china\/","name":"2018 LPL Pro League China | LPL Cuotas de Apuestas","isPartOf":{"@id":"https:\/\/www.esports-betting.pro\/es\/#website"},"primaryImageOfPage":{"@id":"https:\/\/www.esports-betting.pro\/es\/league-of-legends-lol\/2018-lpl-pro-league-china\/#primaryimage"},"image":{"@id":"https:\/\/www.esports-betting.pro\/es\/league-of-legends-lol\/2018-lpl-pro-league-china\/#primaryimage"},"thumbnailUrl":"https:\/\/www.esports-betting.pro\/app\/uploads\/sites\/3\/2018\/02\/LoL-Pro-League-LPL-China-Logo.jpg","datePublished":"2019-04-29T01:42:50+00:00","dateModified":"2019-04-29T01:42:50+00:00","breadcrumb":{"@id":"https:\/\/www.esports-betting.pro\/es\/league-of-legends-lol\/2018-lpl-pro-league-china\/#breadcrumb"},"inLanguage":"es","potentialAction":[{"@type":"ReadAction","target":["https:\/\/www.esports-betting.pro\/es\/league-of-legends-lol\/2018-lpl-pro-league-china\/"]}]},{"@type":"ImageObject","inLanguage":"es","@id":"https:\/\/www.esports-betting.pro\/es\/league-of-legends-lol\/2018-lpl-pro-league-china\/#primaryimage","url":"https:\/\/www.esports-betting.pro\/app\/uploads\/sites\/3\/2018\/02\/LoL-Pro-League-LPL-China-Logo.jpg","contentUrl":"https:\/\/www.esports-betting.pro\/app\/uploads\/sites\/3\/2018\/02\/LoL-Pro-League-LPL-China-Logo.jpg"},{"@type":"BreadcrumbList","@id":"https:\/\/www.esports-betting.pro\/es\/league-of-legends-lol\/2018-lpl-pro-league-china\/#breadcrumb","itemListElement":[{"@type":"ListItem","position":1,"name":"Home","item":"https:\/\/www.esports-betting.pro\/es\/"},{"@type":"ListItem","position":2,"name":"Apuestas en League of Legends (LoL) | Sitios de apuestas y cuotas","item":"https:\/\/www.esports-betting.pro\/es\/league-of-legends-lol\/"},{"@type":"ListItem","position":3,"name":"2018 LPL Pro League China | LPL Cuotas de Apuestas e Informaci\u00f3n del torneo"}]},{"@type":"WebSite","@id":"https:\/\/www.esports-betting.pro\/es\/#website","url":"https:\/\/www.esports-betting.pro\/es\/","name":"Esports Betting - ES","description":"Just another Esports Betting Sites site","potentialAction":[{"@type":"SearchAction","target":{"@type":"EntryPoint","urlTemplate":"https:\/\/www.esports-betting.pro\/es\/?s={search_term_string}"},"query-input":"required name=search_term_string"}],"inLanguage":"es"}]}},"_links":{"self":[{"href":"https:\/\/www.esports-betting.pro\/es\/wp-json\/wp\/v2\/pages\/11168"}],"collection":[{"href":"https:\/\/www.esports-betting.pro\/es\/wp-json\/wp\/v2\/pages"}],"about":[{"href":"https:\/\/www.esports-betting.pro\/es\/wp-json\/wp\/v2\/types\/page"}],"author":[{"embeddable":true,"href":"https:\/\/www.esports-betting.pro\/es\/wp-json\/wp\/v2\/users\/24"}],"replies":[{"embeddable":true,"href":"https:\/\/www.esports-betting.pro\/es\/wp-json\/wp\/v2\/comments?post=11168"}],"version-history":[{"count":0,"href":"https:\/\/www.esports-betting.pro\/es\/wp-json\/wp\/v2\/pages\/11168\/revisions"}],"up":[{"embeddable":true,"href":"https:\/\/www.esports-betting.pro\/es\/wp-json\/wp\/v2\/pages\/11"}],"wp:attachment":[{"href":"https:\/\/www.esports-betting.pro\/es\/wp-json\/wp\/v2\/media?parent=11168"}],"curies":[{"name":"wp","href":"https:\/\/api.w.org\/{rel}","templated":true}]}}