{"id":10122,"date":"2017-11-28T16:55:24","date_gmt":"2017-11-28T20:55:24","guid":{"rendered":"https:\/\/www.esports-betting.pro\/es\/?page_id=10122"},"modified":"2022-09-02T07:28:56","modified_gmt":"2022-09-02T07:28:56","slug":"dreamhack-winter-2017","status":"publish","type":"page","link":"https:\/\/www.esports-betting.pro\/es\/pubg\/dreamhack-winter-2017\/","title":{"rendered":"DreamHack Winter 2017 &#8211; Informaci\u00f3n del torneo"},"content":{"rendered":"<p>&nbsp;<\/p>\n<div style=\"float: right;width: 210px;height: 160px;text-align: right\"><img loading=\"lazy\" decoding=\"async\" style=\"margin: 0px 0px 5px 10px\" src=\"https:\/\/www.esports-betting.pro\/app\/uploads\/sites\/3\/2017\/11\/DreamHack-Winter-2017-Logo.jpg\" alt=\"DreamHack PUBG Logo\" width=\"250\" height=\"108\" \/><br \/>\n<strong>Est\u00e1 aqu\u00ed:<\/strong><\/p>\n<div>\n<p>PUBG<\/p>\n<p>&nbsp;<\/p>\n<p>\u203a<\/p><\/div>\n<div>\n<p>DreamHack Winter<\/p>\n<p>&nbsp;<\/p>\n<p>\u203a\u203a<\/p><\/div>\n<\/div>\n<p>&nbsp;<\/p>\n<p style=\"text-align: justify\">Con el torneo del DreamHack Winter 2017 para PlayerUnknown's Battlegrounds, el segundo gran torneo deportivo organizado por DreamHack para PUBG est\u00e1 ahora aqu\u00ed. Hace alg\u00fan tiempo nadie habr\u00eda pensado en el \u00e9xito del videojuego. Pero el juego fue capaz de aprovechar la creciente popularidad de los juegos del <em>\u00daltimo hombre en pie<\/em> y es ahora uno de los t\u00edtulos m\u00e1s jugados. En vista de este triunfo, los torneos Esports no tardaron en llegar y han sido varios los <strong><a href=\"https:\/\/www.esports-betting.pro\/es\/noticias\/sitios-apuestas-cuotas-pubg-iem-oakland-2017\/\">torneos de PUBG<\/a><\/strong> a nivel mundial tambi\u00e9n PUBG ha abrazado la escena de las apuestas Esports. Despu\u00e9s del exitoso debut en el DreamHack Summer 2017, los aficionados pueden ahora esperar con impaciencia una nueva rama de la serie de torneos: DreamHack Winter 2017. Lo emocionante es que la participaci\u00f3n est\u00e1 abierta a todos los aficionados y no es un torneo en el sentido cl\u00e1sico donde s\u00f3lo jugar\u00e1n nombres conocidos. En este torneo puedes inscribirte como un equipo de 2 hombres y luego jugar contra muchos equipos diferentes en el DreamHack. Esto da lugar a una tabla de clasificaci\u00f3n distribuido en los partidos, de los cuales, 48 equipos empezar\u00e1n en la fase decisiva al final, donde el ganador se alzar\u00e1 con el t\u00edtulo de campe\u00f3n del DreamHack Winter 2017 y dos equipos de computaci\u00f3n de gama alta.<\/p>\n<h2><img loading=\"lazy\" decoding=\"async\" class=\"alignnone size-full wp-image-10016\" src=\"https:\/\/www.esports-betting.pro\/app\/uploads\/sites\/3\/2017\/11\/PUBG-Icon.jpg\" alt=\"PUBG Icon\" width=\"20\" height=\"20\" \/>\u00a0PUBG DreamHack Winter 2017 &#8211; Datos<\/h2>\n<div style=\"float: right;width: 200px;height: 180px;text-align: center;font-size: 125%;background-color: #\"><strong>Gu\u00eda R\u00e1pida<\/strong><br \/>\n<a href=\"https:\/\/www.esports-betting.pro\/es\/corredor-de-apuestas\/go_arcanebet\" target=\"_blank\" rel=\"nofollow noopener\"><img loading=\"lazy\" decoding=\"async\" class=\"alignnone wp-image-3608 size-full\" src=\"https:\/\/www.esports-betting.pro\/app\/uploads\/sites\/3\/2017\/01\/Probabilidades-de-Apuestas-Boton.jpg\" alt=\"Probabilidades de Apuestas - Bot\u00f3n\" width=\"180\" height=\"50\" \/><\/a><br \/>\n<a href=\"#transmisi\u00f3n\"><img loading=\"lazy\" decoding=\"async\" class=\"alignnone wp-image-1901 size-full\" src=\"https:\/\/www.esports-betting.pro\/app\/uploads\/sites\/3\/2016\/07\/Transmision-en-Vivo-Boton-AP.png\" alt=\"Transmisi\u00f3n en Vivo Bot\u00f3n\" width=\"180\" height=\"50\" \/><\/a><br \/>\n<a href=\"https:\/\/www.esports-betting.pro\/es\/corredor-de-apuestas\/go_pinnacle\" target=\"_blank\" rel=\"nofollow noopener\"><img loading=\"lazy\" decoding=\"async\" class=\"alignnone wp-image-1902 size-full\" src=\"https:\/\/www.esports-betting.pro\/app\/uploads\/sites\/3\/2016\/07\/Apuestas-Especiales-Boton-AP.png\" alt=\"Apuestas Especiales Boton\" width=\"180\" height=\"50\" \/><\/a><\/div>\n<ul>\n<li><strong>Fecha:\u00a0<\/strong>01\/12\/2017 &#8211; 04\/12\/2017<\/li>\n<li><strong>Localizaci\u00f3n: <\/strong>J\u00f6nk\u00f6ping, Suecia, Europa<\/li>\n<li><strong>Premios: <\/strong>2 ordenadores con lo \u00faltimo en tecnolog\u00eda.<\/li>\n<li><strong>Equipos: <\/strong>al menos 48<\/li>\n<li><strong>Organizador: <\/strong>DreamHack<\/li>\n<li><a href=\"#cuotas\">Cuotas de apuestas disponibles<\/a><\/li>\n<li><a href=\"#transmisi\u00f3n\">Transmisi\u00f3n en vivo disponible<\/a><\/li>\n<\/ul>\n<h2><img loading=\"lazy\" decoding=\"async\" class=\"alignnone size-full wp-image-10016\" src=\"https:\/\/www.esports-betting.pro\/app\/uploads\/sites\/3\/2017\/11\/PUBG-Icon.jpg\" alt=\"PUBG Icon\" width=\"20\" height=\"20\" \/>\u00a0Formato<\/h2>\n<p style=\"text-align: justify\">Como ya mencionamos, el DreamHack Winter 2017 es gratis para todos los jugadores de\u00a0PlayerUnkown\u2019s Battleground. Esto significa que el torneo ser\u00e1 muy diferentes de los torneos cl\u00e1sicos esports que hemos visto. Mientras que estamos acostumbrados al hecho de ver s\u00f3lamente a los mejores equipos y sus jugadores participar. aqu\u00ed todo el mundo podr\u00e1 hacerlo al registrar un equipo de 2 jugadores con anticipaci\u00f3n. Como resultado, un sinn\u00famero de equipos participar\u00e1n en el DreamHack Winter y podemos esperar grandes encuentros en los dos primeros d\u00edas. El torneo ser\u00e1 jugado en First Person Perspective (perspectiva de primera persona). Cada victoria y derrota determinar\u00e1 la posici\u00f3n de los equipos en una tabla de clasificaci\u00f3n donde los mejores 48 equipos comenzar\u00e1n en la fase decisiva del torneo. Esto significa que el ganador continuar\u00e1 a la siguiente ronda mientras el perdedor ser\u00e1 eliminado del torneo hasta que solo quede un equipo, el cual podr\u00e1 llamar a s\u00ed mismo como los campeones del DreamHack Winter 2017. El premio para el campe\u00f3n del torneo ser\u00e1n dos ordenadores con lo \u00faltimo en tecnolog\u00eda.<\/p>\n<h2><img loading=\"lazy\" decoding=\"async\" class=\"alignnone size-full wp-image-10016\" src=\"https:\/\/www.esports-betting.pro\/app\/uploads\/sites\/3\/2017\/11\/PUBG-Icon.jpg\" alt=\"PUBG Icon\" width=\"20\" height=\"20\" \/>\u00a0Cuotas de apuestas PUBG \u2013 DreamHack Winter<\/h2>\n<p style=\"text-align: justify\">Hasta los momentos no hay <strong><a href=\"https:\/\/www.esports-betting.pro\/es\/\">apuestas esports<\/a><\/strong> para el DreamHack Winter, tambi\u00e9n es cuestionable si habr\u00e1n cuotas para la primera parte del torneo debido a la cantidad de equipos que estar\u00e1n compitiendo, probablemente ser\u00e1 bastante dif\u00edcil encontrar <strong><a href=\"https:\/\/www.esports-betting.pro\/es\/pubg\/\">apuestas y cuotas para PUBG<\/a><\/strong> justas aqu\u00ed. Sin embargo,\u00a0 seguramente habr\u00e1n apuestas para la segunda aprte del torneo del DreamHack, cuando los finalistas sean definidos.<\/p>\n<h2><img loading=\"lazy\" decoding=\"async\" class=\"alignnone size-full wp-image-10016\" src=\"https:\/\/www.esports-betting.pro\/app\/uploads\/sites\/3\/2017\/11\/PUBG-Icon.jpg\" alt=\"PUBG Icon\" width=\"20\" height=\"20\" \/>\u00a0<a id=\"transmisi\u00f3n\"><\/a>PUBG DreamHack 2017 &#8211; Transmisi\u00f3n en vivo<\/h2>\n","protected":false},"excerpt":{"rendered":"<p>&nbsp; Est\u00e1 aqu\u00ed: PUBG &nbsp; \u203a DreamHack Winter &nbsp; \u203a\u203a &nbsp; Con el torneo del DreamHack Winter 2017 para PlayerUnknown&#8217;s Battlegrounds, el segundo gran torneo deportivo organizado por DreamHack para PUBG est\u00e1 ahora aqu\u00ed. Hace alg\u00fan tiempo nadie habr\u00eda pensado en el \u00e9xito del videojuego. Pero el juego fue capaz de aprovechar la creciente popularidad &hellip; <a href=\"https:\/\/www.esports-betting.pro\/es\/pubg\/dreamhack-winter-2017\/\">Continued<\/a><\/p>\n","protected":false},"author":24,"featured_media":0,"parent":8122,"menu_order":0,"comment_status":"closed","ping_status":"closed","template":"","meta":{"_acf_changed":false,"footnotes":""},"acf":[],"yoast_head":"<!-- This site is optimized with the Yoast SEO plugin v22.6 - https:\/\/yoast.com\/wordpress\/plugins\/seo\/ -->\n<title>DreamHack Winter 2017 PUBG \u2500 Informaci\u00f3n y cuotas de apuestas<\/title>\n<meta name=\"description\" content=\"DreamHack Winter 2017 es un torneo de PUBG en donde todos puedes participar. Conoce m\u00e1s sobre el torneo, las cuotas de apuestas y transmisi\u00f3n en vivo.\" \/>\n<meta name=\"robots\" content=\"index, follow, max-snippet:-1, max-image-preview:large, max-video-preview:-1\" \/>\n<link rel=\"canonical\" href=\"https:\/\/www.esports-betting.pro\/es\/pubg\/dreamhack-winter-2017\/\" \/>\n<meta property=\"og:locale\" content=\"es_ES\" \/>\n<meta property=\"og:type\" content=\"article\" \/>\n<meta property=\"og:title\" content=\"DreamHack Winter 2017 PUBG \u2500 Informaci\u00f3n y cuotas de apuestas\" \/>\n<meta property=\"og:description\" content=\"DreamHack Winter 2017 es un torneo de PUBG en donde todos puedes participar. Conoce m\u00e1s sobre el torneo, las cuotas de apuestas y transmisi\u00f3n en vivo.\" \/>\n<meta property=\"og:url\" content=\"https:\/\/www.esports-betting.pro\/es\/pubg\/dreamhack-winter-2017\/\" \/>\n<meta property=\"og:site_name\" content=\"Esports Betting - ES\" \/>\n<meta property=\"article:modified_time\" content=\"2022-09-02T07:28:56+00:00\" \/>\n<meta name=\"twitter:card\" content=\"summary_large_image\" \/>\n<meta name=\"twitter:image\" content=\"https:\/\/www.esports-betting.pro\/app\/uploads\/sites\/3\/2017\/11\/PUBG-PlayerUnknowns-Battlegrounds-Social.jpg\" \/>\n<meta name=\"twitter:label1\" content=\"Est. reading time\" \/>\n\t<meta name=\"twitter:data1\" content=\"4 minutos\" \/>\n<script type=\"application\/ld+json\" class=\"yoast-schema-graph\">{\"@context\":\"https:\/\/schema.org\",\"@graph\":[{\"@type\":\"WebPage\",\"@id\":\"https:\/\/www.esports-betting.pro\/es\/pubg\/dreamhack-winter-2017\/\",\"url\":\"https:\/\/www.esports-betting.pro\/es\/pubg\/dreamhack-winter-2017\/\",\"name\":\"DreamHack Winter 2017 PUBG \u2500 Informaci\u00f3n y cuotas de apuestas\",\"isPartOf\":{\"@id\":\"https:\/\/www.esports-betting.pro\/es\/#website\"},\"primaryImageOfPage\":{\"@id\":\"https:\/\/www.esports-betting.pro\/es\/pubg\/dreamhack-winter-2017\/#primaryimage\"},\"image\":{\"@id\":\"https:\/\/www.esports-betting.pro\/es\/pubg\/dreamhack-winter-2017\/#primaryimage\"},\"thumbnailUrl\":\"https:\/\/www.esports-betting.pro\/app\/uploads\/sites\/3\/2017\/11\/DreamHack-Winter-2017-Logo.jpg\",\"datePublished\":\"2017-11-28T20:55:24+00:00\",\"dateModified\":\"2022-09-02T07:28:56+00:00\",\"description\":\"DreamHack Winter 2017 es un torneo de PUBG en donde todos puedes participar. Conoce m\u00e1s sobre el torneo, las cuotas de apuestas y transmisi\u00f3n en vivo.\",\"breadcrumb\":{\"@id\":\"https:\/\/www.esports-betting.pro\/es\/pubg\/dreamhack-winter-2017\/#breadcrumb\"},\"inLanguage\":\"es\",\"potentialAction\":[{\"@type\":\"ReadAction\",\"target\":[\"https:\/\/www.esports-betting.pro\/es\/pubg\/dreamhack-winter-2017\/\"]}]},{\"@type\":\"ImageObject\",\"inLanguage\":\"es\",\"@id\":\"https:\/\/www.esports-betting.pro\/es\/pubg\/dreamhack-winter-2017\/#primaryimage\",\"url\":\"https:\/\/www.esports-betting.pro\/app\/uploads\/sites\/3\/2017\/11\/DreamHack-Winter-2017-Logo.jpg\",\"contentUrl\":\"https:\/\/www.esports-betting.pro\/app\/uploads\/sites\/3\/2017\/11\/DreamHack-Winter-2017-Logo.jpg\"},{\"@type\":\"BreadcrumbList\",\"@id\":\"https:\/\/www.esports-betting.pro\/es\/pubg\/dreamhack-winter-2017\/#breadcrumb\",\"itemListElement\":[{\"@type\":\"ListItem\",\"position\":1,\"name\":\"Home\",\"item\":\"https:\/\/www.esports-betting.pro\/es\/\"},{\"@type\":\"ListItem\",\"position\":2,\"name\":\"PlayerUnknown&#8217;s Battlegrounds (PUBG) Sitios de apuestas y cuotas\",\"item\":\"https:\/\/www.esports-betting.pro\/es\/pubg\/\"},{\"@type\":\"ListItem\",\"position\":3,\"name\":\"DreamHack Winter 2017 &#8211; Informaci\u00f3n del torneo\"}]},{\"@type\":\"WebSite\",\"@id\":\"https:\/\/www.esports-betting.pro\/es\/#website\",\"url\":\"https:\/\/www.esports-betting.pro\/es\/\",\"name\":\"Esports Betting - ES\",\"description\":\"Just another Esports Betting Sites site\",\"potentialAction\":[{\"@type\":\"SearchAction\",\"target\":{\"@type\":\"EntryPoint\",\"urlTemplate\":\"https:\/\/www.esports-betting.pro\/es\/?s={search_term_string}\"},\"query-input\":\"required name=search_term_string\"}],\"inLanguage\":\"es\"}]}<\/script>\n<!-- \/ Yoast SEO plugin. -->","yoast_head_json":{"title":"DreamHack Winter 2017 PUBG \u2500 Informaci\u00f3n y cuotas de apuestas","description":"DreamHack Winter 2017 es un torneo de PUBG en donde todos puedes participar. Conoce m\u00e1s sobre el torneo, las cuotas de apuestas y transmisi\u00f3n en vivo.","robots":{"index":"index","follow":"follow","max-snippet":"max-snippet:-1","max-image-preview":"max-image-preview:large","max-video-preview":"max-video-preview:-1"},"canonical":"https:\/\/www.esports-betting.pro\/es\/pubg\/dreamhack-winter-2017\/","og_locale":"es_ES","og_type":"article","og_title":"DreamHack Winter 2017 PUBG \u2500 Informaci\u00f3n y cuotas de apuestas","og_description":"DreamHack Winter 2017 es un torneo de PUBG en donde todos puedes participar. Conoce m\u00e1s sobre el torneo, las cuotas de apuestas y transmisi\u00f3n en vivo.","og_url":"https:\/\/www.esports-betting.pro\/es\/pubg\/dreamhack-winter-2017\/","og_site_name":"Esports Betting - ES","article_modified_time":"2022-09-02T07:28:56+00:00","twitter_card":"summary_large_image","twitter_image":"https:\/\/www.esports-betting.pro\/app\/uploads\/sites\/3\/2017\/11\/PUBG-PlayerUnknowns-Battlegrounds-Social.jpg","twitter_misc":{"Est. reading time":"4 minutos"},"schema":{"@context":"https:\/\/schema.org","@graph":[{"@type":"WebPage","@id":"https:\/\/www.esports-betting.pro\/es\/pubg\/dreamhack-winter-2017\/","url":"https:\/\/www.esports-betting.pro\/es\/pubg\/dreamhack-winter-2017\/","name":"DreamHack Winter 2017 PUBG \u2500 Informaci\u00f3n y cuotas de apuestas","isPartOf":{"@id":"https:\/\/www.esports-betting.pro\/es\/#website"},"primaryImageOfPage":{"@id":"https:\/\/www.esports-betting.pro\/es\/pubg\/dreamhack-winter-2017\/#primaryimage"},"image":{"@id":"https:\/\/www.esports-betting.pro\/es\/pubg\/dreamhack-winter-2017\/#primaryimage"},"thumbnailUrl":"https:\/\/www.esports-betting.pro\/app\/uploads\/sites\/3\/2017\/11\/DreamHack-Winter-2017-Logo.jpg","datePublished":"2017-11-28T20:55:24+00:00","dateModified":"2022-09-02T07:28:56+00:00","description":"DreamHack Winter 2017 es un torneo de PUBG en donde todos puedes participar. Conoce m\u00e1s sobre el torneo, las cuotas de apuestas y transmisi\u00f3n en vivo.","breadcrumb":{"@id":"https:\/\/www.esports-betting.pro\/es\/pubg\/dreamhack-winter-2017\/#breadcrumb"},"inLanguage":"es","potentialAction":[{"@type":"ReadAction","target":["https:\/\/www.esports-betting.pro\/es\/pubg\/dreamhack-winter-2017\/"]}]},{"@type":"ImageObject","inLanguage":"es","@id":"https:\/\/www.esports-betting.pro\/es\/pubg\/dreamhack-winter-2017\/#primaryimage","url":"https:\/\/www.esports-betting.pro\/app\/uploads\/sites\/3\/2017\/11\/DreamHack-Winter-2017-Logo.jpg","contentUrl":"https:\/\/www.esports-betting.pro\/app\/uploads\/sites\/3\/2017\/11\/DreamHack-Winter-2017-Logo.jpg"},{"@type":"BreadcrumbList","@id":"https:\/\/www.esports-betting.pro\/es\/pubg\/dreamhack-winter-2017\/#breadcrumb","itemListElement":[{"@type":"ListItem","position":1,"name":"Home","item":"https:\/\/www.esports-betting.pro\/es\/"},{"@type":"ListItem","position":2,"name":"PlayerUnknown&#8217;s Battlegrounds (PUBG) Sitios de apuestas y cuotas","item":"https:\/\/www.esports-betting.pro\/es\/pubg\/"},{"@type":"ListItem","position":3,"name":"DreamHack Winter 2017 &#8211; Informaci\u00f3n del torneo"}]},{"@type":"WebSite","@id":"https:\/\/www.esports-betting.pro\/es\/#website","url":"https:\/\/www.esports-betting.pro\/es\/","name":"Esports Betting - ES","description":"Just another Esports Betting Sites site","potentialAction":[{"@type":"SearchAction","target":{"@type":"EntryPoint","urlTemplate":"https:\/\/www.esports-betting.pro\/es\/?s={search_term_string}"},"query-input":"required name=search_term_string"}],"inLanguage":"es"}]}},"_links":{"self":[{"href":"https:\/\/www.esports-betting.pro\/es\/wp-json\/wp\/v2\/pages\/10122"}],"collection":[{"href":"https:\/\/www.esports-betting.pro\/es\/wp-json\/wp\/v2\/pages"}],"about":[{"href":"https:\/\/www.esports-betting.pro\/es\/wp-json\/wp\/v2\/types\/page"}],"author":[{"embeddable":true,"href":"https:\/\/www.esports-betting.pro\/es\/wp-json\/wp\/v2\/users\/24"}],"replies":[{"embeddable":true,"href":"https:\/\/www.esports-betting.pro\/es\/wp-json\/wp\/v2\/comments?post=10122"}],"version-history":[{"count":1,"href":"https:\/\/www.esports-betting.pro\/es\/wp-json\/wp\/v2\/pages\/10122\/revisions"}],"predecessor-version":[{"id":51504,"href":"https:\/\/www.esports-betting.pro\/es\/wp-json\/wp\/v2\/pages\/10122\/revisions\/51504"}],"up":[{"embeddable":true,"href":"https:\/\/www.esports-betting.pro\/es\/wp-json\/wp\/v2\/pages\/8122"}],"wp:attachment":[{"href":"https:\/\/www.esports-betting.pro\/es\/wp-json\/wp\/v2\/media?parent=10122"}],"curies":[{"name":"wp","href":"https:\/\/api.w.org\/{rel}","templated":true}]}}