{"id":10059,"date":"2017-11-23T07:29:27","date_gmt":"2017-11-23T11:29:27","guid":{"rendered":"https:\/\/www.esports-betting.pro\/es\/?page_id=10059"},"modified":"2022-09-02T07:29:37","modified_gmt":"2022-09-02T07:29:37","slug":"world-of-tanks","status":"publish","type":"page","link":"https:\/\/www.esports-betting.pro\/es\/world-of-tanks\/","title":{"rendered":"World of Tanks (WOT) \u2500 Rese\u00f1a de sitios de apuestas y cuotas"},"content":{"rendered":"<p style=\"text-align: justify\"><img loading=\"lazy\" decoding=\"async\" class=\"size-full wp-image-10061 alignright\" src=\"https:\/\/www.esports-betting.pro\/app\/uploads\/sites\/3\/2017\/11\/Worlds-of-Tanks-Esports-Gameplay.jpg\" alt=\"Worlds of Tanks Esports Gameplay\" width=\"250\" height=\"129\" \/>World of Tanks es un shooter multijugador online con un delicado sistema t\u00e1ctico debajo de la acci\u00f3n. De los desarrolladores bielorrusos de Wargaming.net viene un espect\u00e1culo de tiro de tercera persona que no s\u00f3lo sirve para la destrucci\u00f3n, sino que tambi\u00e9n recompensa a los jugadores por actuar deliberadamente y por sobrever la situaci\u00f3n en el campo de batalla.<\/p>\n<p style=\"text-align: justify\">Al principio de un partido, el jugador puede elegir entre diferentes tipos de tanques. Se debe cubrir el estilo de juego de todos, ya que hay opciones disponibles. La clase ligera sirve como una unidad de exploraci\u00f3n m\u00f3vil con muy pocas posibilidades de contraatacar, la clase media es el t\u00edpico defensor de puntos,atacante y las unidades pesadas golpean muy fuerte y pueden soportar mucho fuego.<\/p>\n<p style=\"text-align: justify\">World of Tanks no es s\u00f3lo un gran juego de tanques, tambi\u00e9n puede cuenta con algunos mapas de batalla dise\u00f1ados inteligentemente. El equipo debe estar preparado para cada mapa, porque exige planificar y ajustar las unidades sabiamente para no quedarse corto en un campo de batalla diferente. Cada equipo consta de 15 jugadores y el factor importante para una victoria est\u00e1 en los acuerdos previos.<\/p>\n<h2><img loading=\"lazy\" decoding=\"async\" class=\"alignnone size-full wp-image-10065\" src=\"https:\/\/www.esports-betting.pro\/app\/uploads\/sites\/3\/2017\/11\/World-of-Tanks-Icono.jpg\" alt=\"World of Tanks Icono\" width=\"20\" height=\"20\" \/>\u00a0Apuestas en World of Tanks:<\/h2>\n<h3>Los mejores sitios de apuestas para WoT:<\/h3>\n<div style=\"width: 100%;height: 100px;overflow: auto\">\n<div style=\"width: 100px;height: 80px;float: left;margin-right: 5px;margin-bottom: 10px;background-color: #e0e0e0\"><a href=\"https:\/\/www.esports-betting.pro\/es\/corredor-de-apuestas\/go_bet365_1\" target=\"_blank\" rel=\"nofollow noopener noreferrer\"><img loading=\"lazy\" decoding=\"async\" style=\"margin-left: 0px;margin-right: 10px\" src=\"https:\/\/www.esports-betting.pro\/app\/uploads\/sites\/3\/2015\/12\/Bet365-apuestas-esports-Logo.jpg\" alt=\"Bet365 apuestas esports Logo\" width=\"100\" height=\"30\" \/><br \/>\n<\/a><\/div>\n<\/div>\n<p style=\"text-align: center\"><span style=\"color: #000000;text-align: center;font-size: 12pt\"><strong><a title=\"Resumen de Bet365\" href=\"https:\/\/www.esports-betting.pro\/es\/sitios-apuestas-esports\/bet365-e-sports\/\"><span style=\"color: #000000\">Resumen<\/span><\/a><\/strong><\/span><\/p>\n<div style=\"width: 100px;height: 80px;float: left;margin-left: 10px;margin-right: 10px;margin-bottom: 10px;background-color: #e0e0e0\">\n<p><a href=\"https:\/\/www.esports-betting.pro\/es\/corredor-de-apuestas\/go_tipbet_1\" target=\"_blank\" rel=\"nofollow noopener noreferrer\"><img loading=\"lazy\" decoding=\"async\" style=\"margin-left: 0px;margin-right: 20px\" src=\"https:\/\/www.esports-betting.pro\/app\/uploads\/sites\/3\/2016\/10\/Tipbet-Logo-Sidebar.jpg\" alt=\"William Hill Logo Sidebar \" width=\"100\" height=\"30\" \/><\/a><\/p>\n<p style=\"text-align: center\"><strong><span style=\"color: #000000;text-align: center\"><a title=\"Resumen de William Hill\" href=\"https:\/\/www.esports-betting.pro\/es\/sitios-apuestas-esports\/resena-tipbet\/\"><span style=\"color: #000000\">Resumen<\/span><\/a><\/span><\/strong><\/p>\n<\/div>\n<div style=\"width: 100px;height: 80px;float: left;margin-left: 10px;margin-right: 10px;margin-bottom: 10px;background-color: #e0e0e0\">\n<p><a href=\"https:\/\/www.esports-betting.pro\/es\/corredor-de-apuestas\/go_pinnacle_1\" target=\"_blank\" rel=\"nofollow noopener noreferrer\"><img loading=\"lazy\" decoding=\"async\" style=\"margin-left: 0px;margin-right: 20px\" src=\"https:\/\/www.esports-betting.pro\/app\/uploads\/sites\/3\/2015\/12\/Pinnacle-apuestas-esports-Logo.jpg\" alt=\"Pinnacle apuestas eSports \" width=\"100\" height=\"30\" \/><\/a><\/p>\n<p style=\"text-align: center\"><strong><span style=\"color: #000000;text-align: center\"><span style=\"color: #000000\"><a title=\"Resumen de Pinnacle eSports\" href=\"https:\/\/www.esports-betting.pro\/es\/sitios-apuestas-esports\/pinnacle-esports\/\">Resumen<\/a><\/span><\/span><\/strong><\/p>\n<\/div>\n<div style=\"width: 100px;height: 80px;float: left;margin-left: 10px;margin-right: 10px;margin-bottom: 10px;background-color: #e0e0e0\">\n<p><a href=\"https:\/\/www.esports-betting.pro\/es\/corredor-de-apuestas\/go_arcanebet_1\" target=\"_blank\" rel=\"nofollow noopener noreferrer\"><img loading=\"lazy\" decoding=\"async\" style=\"margin-left: 0px;margin-right: 20px\" src=\"https:\/\/www.esports-betting.pro\/app\/uploads\/sites\/3\/2015\/07\/ArcaneBet-Logo-Div.jpg\" alt=\"ArcaneBet Logo Div\" width=\"100\" height=\"30\" \/><\/a><\/p>\n<p style=\"text-align: center\"><strong><span style=\"color: #000000;text-align: center\"><span style=\"color: #000000\"><a title=\"Resumen de ArcaneBet\" href=\"https:\/\/www.esports-betting.pro\/es\/sitios-apuestas-esports\/arcanebet-resena\/\">Resumen<\/a><\/span><\/span><\/strong><\/p>\n<\/div>\n<p style=\"text-align: justify\">Los videojuegos t\u00edpicos establecidos en tiempos de guerra presentan al jugador corriendo por ah\u00ed como un soldado sin nombre. No en World of Tanks: como el nombre lo indica, eres el capit\u00e1n de un tanque que causa destrucci\u00f3n en el campo de batalla y que desaf\u00eda a los mejores del mundo en una liga competitiva. Los proveedores de apuestas ya est\u00e1n rellenando sus formularios con nuevas apuestas. Porque aunque World of Tanks fue lanzado en 2010, es un emocionante shooter t\u00e1ctico multijugador con un estilo de juego refrescante. Y muchos de los proveedores de apuestas est\u00e1n proporcionando <strong><a href=\"https:\/\/www.esports-betting.pro\/es\/\">apuestas esports<\/a><\/strong> para los torneos y eventos de WoT.<\/p>\n<h3><img loading=\"lazy\" decoding=\"async\" class=\"alignnone size-full wp-image-10065\" src=\"https:\/\/www.esports-betting.pro\/app\/uploads\/sites\/3\/2017\/11\/World-of-Tanks-Icono.jpg\" alt=\"World of Tanks Icono\" width=\"20\" height=\"20\" \/>\u00a0Cuotas de apuestas<\/h3>\n<p style=\"text-align: justify\">Por supuesto, si se trata de apuestas ofrecidas en World of Tanks\u00a0 hay que aclararo que no es <strong><a href=\"https:\/\/www.esports-betting.pro\/es\/league-of-legends-lol\/\">League of Legends<\/a><\/strong> ni tampoco <strong><a href=\"https:\/\/www.esports-betting.pro\/es\/counter-strike-csgo\/\">Counter Strike<\/a><\/strong>. Pero el creciente inter\u00e9s en las apuestas esports tambi\u00e9n prospera con el multijugador de tanques y por lo que muchas plataformas en internet han adoptado apostar por los equipos de World of Tanks. Hay una multitud de sitios disponibles, comprueba aqu\u00ed para una mirada m\u00e1s a fondo a los <strong><a href=\"https:\/\/www.esports-betting.pro\/es\/sitios-apuestas-esports\/\">mejores sitios de apuestas esports<\/a><\/strong>. Las m\u00e1s populares son las apuestas ganadoras o perdedoras. Y las cuotas var\u00edan aqu\u00ed. Siempre hay que tener en cuenta qu\u00e9 equipos se enfrentan entre s\u00ed. Dos equipos muy diferentes en el sentido de experiencia y habilidad bajar\u00e1n las cuotas del favorito y aumentar\u00e1n las cuotas para el equipo rival. Si tienes dos equipos, por ejemplo en la final del World of Tanks, que son casi iguales, las cuotas pueden llegar a ser m\u00e1s bajas. La mayor\u00eda de estas cuotas van de 1,90 a 2,50 y eso no es un mal valor.<\/p>\n<p style=\"text-align: justify\"><em>&#8220;Hora de inicio mostrada en: GMT o GMT +1 durante el horario de verano. Cuotas de apuestas presentadas por Bet365. <a title=\"Bet365 \u2013 Rese\u00f1a de apuestas eSports\" href=\"https:\/\/www.esports-betting.pro\/es\/sitios-apuestas-esports\/bet365-e-sports\/\">Lee m\u00e1s acercas de las apuestas en los eSports en Bet365<\/a><\/em><\/p>\n<p style=\"text-align: justify\"><em><strong>Atencion<\/strong>: Las cuotas mostradas son s\u00f3lo orientativas y est\u00e1n sujetas a cambios desde bet365. Por favor, compruebe las cuotas en el sitio bet365 antes de realizar cualquier apuesta<\/em><\/p>\n<h3><img loading=\"lazy\" decoding=\"async\" class=\"alignnone size-full wp-image-10065\" src=\"https:\/\/www.esports-betting.pro\/app\/uploads\/sites\/3\/2017\/11\/World-of-Tanks-Icono.jpg\" alt=\"World of Tanks Icono\" width=\"20\" height=\"20\" \/>\u00a0Grandes torneos<\/h3>\n<p style=\"text-align: justify\">Desde 2013 la Wargaming.net League es el mayor evento deportivo para los entusiastas de World of Tanks. El torneo, que se celebr\u00f3 por primera vez en Europa, tom\u00f3 al mundo por asalto y ahora est\u00e1 representado en numerosos pa\u00edses, como Am\u00e9rica del Norte, Asia-Pac\u00edfico y la Comunidad de Estados Independientes. Todos tienen su propia liga, pero todo se reduce a las grandes finales de la Wargaming.net League. Varsovia en Polonia fue la \u00faltima sede y la liga podr\u00eda llegar a bolsa de premios de 350.000 USD. Pero aseg\u00farate de que el torneo volver\u00e1, y cada a\u00f1o se est\u00e1 haciendo m\u00e1s grande y mejor.<\/p>\n<p style=\"text-align: justify\"><strong>Todos los juegos con mercados de <a href=\"https:\/\/www.esports-betting.pro\/es\/\">apuestas Esports<\/a><\/strong><\/p>\n<p style=\"text-align: left\"><a href=\"https:\/\/www.esports-betting.pro\/es\/league-of-legends-lol\/\"><img loading=\"lazy\" decoding=\"async\" class=\"alignnone size-full wp-image-4144\" src=\"https:\/\/www.esports-betting.pro\/app\/uploads\/sites\/3\/2017\/02\/League-of-Legends-\u00cdcono-Peque\u00f1o.jpg\" alt=\"League of Legends - \u00cdcono\" width=\"40\" height=\"40\" \/><\/a>\u00a0\u00a0\u00a0<a href=\"https:\/\/www.esports-betting.pro\/es\/dota-2\/\"><img loading=\"lazy\" decoding=\"async\" class=\"alignnone size-full wp-image-4140\" src=\"https:\/\/www.esports-betting.pro\/app\/uploads\/sites\/3\/2017\/02\/Dota-2-\u00cdcono-Peque\u00f1o-1.jpg\" alt=\"Dota 2 - \u00cdcono\" width=\"40\" height=\"40\" \/><\/a>\u00a0\u00a0\u00a0<a href=\"https:\/\/www.esports-betting.pro\/es\/counter-strike-csgo\/\"><img loading=\"lazy\" decoding=\"async\" class=\"alignnone size-full wp-image-4139\" src=\"https:\/\/www.esports-betting.pro\/app\/uploads\/sites\/3\/2017\/02\/CSGO-\u00cdcono-Peque\u00f1o-1.jpg\" alt=\"CSGO - \u00cdcono\" width=\"40\" height=\"40\" \/><\/a>\u00a0\u00a0\u00a0<a href=\"https:\/\/www.esports-betting.pro\/es\/starcraft-2\/\"><img loading=\"lazy\" decoding=\"async\" class=\"alignnone size-full wp-image-4147\" src=\"https:\/\/www.esports-betting.pro\/app\/uploads\/sites\/3\/2017\/02\/Starcraft-2-\u00cdcono-Peque\u00f1o-1.jpg\" alt=\"Starcraft 2 - \u00cdcono\" width=\"40\" height=\"40\" \/><\/a>\u00a0\u00a0\u00a0<a href=\"https:\/\/www.esports-betting.pro\/es\/hearthstone\/\"><img loading=\"lazy\" decoding=\"async\" class=\"alignnone size-full wp-image-4142\" src=\"https:\/\/www.esports-betting.pro\/app\/uploads\/sites\/3\/2017\/02\/Hearthstone-\u00cdcono-Peque\u00f1o-1.jpg\" alt=\"Hearthstone - \u00cdcono\" width=\"40\" height=\"40\" \/><\/a>\u00a0\u00a0\u00a0<a href=\"https:\/\/www.esports-betting.pro\/es\/hots\/\"><img loading=\"lazy\" decoding=\"async\" class=\"alignnone size-full wp-image-4143\" src=\"https:\/\/www.esports-betting.pro\/app\/uploads\/sites\/3\/2017\/02\/Heroes-Of-The-Storm-\u00cdcono-Peque\u00f1o-1.jpg\" alt=\"Heroes of the Storm - \u00cdcono\" width=\"40\" height=\"40\" \/><\/a>\u00a0\u00a0\u00a0<a href=\"https:\/\/www.esports-betting.pro\/es\/smite\/\"><img loading=\"lazy\" decoding=\"async\" class=\"alignnone size-full wp-image-4146\" src=\"https:\/\/www.esports-betting.pro\/app\/uploads\/sites\/3\/2017\/02\/Smite-\u00cdcono-Peque\u00f1o-1.jpg\" alt=\"Smite - \u00cdcono\" width=\"40\" height=\"40\" \/><\/a>\u00a0\u00a0\u00a0<a href=\"https:\/\/www.esports-betting.pro\/es\/overwatch\/\"><img loading=\"lazy\" decoding=\"async\" class=\"alignnone size-full wp-image-4145\" src=\"https:\/\/www.esports-betting.pro\/app\/uploads\/sites\/3\/2017\/02\/Overwatch-\u00cdcono-Peque\u00f1o-1.jpg\" alt=\"Overwatch - \u00cdcono\" width=\"40\" height=\"40\" \/><\/a>\u00a0\u00a0\u00a0<a href=\"https:\/\/www.esports-betting.pro\/es\/fifa\/\"><img loading=\"lazy\" decoding=\"async\" class=\"alignnone size-full wp-image-4141\" src=\"https:\/\/www.esports-betting.pro\/app\/uploads\/sites\/3\/2017\/02\/FIFA-17-Icon-1.jpg\" alt=\"FIFA 17 - \u00cdcono\" width=\"40\" height=\"40\" \/><\/a>\u00a0 \u00a0<a href=\"https:\/\/www.esports-betting.pro\/es\/pubg\/\"><img loading=\"lazy\" decoding=\"async\" class=\"alignnone wp-image-8342 size-full\" src=\"https:\/\/www.esports-betting.pro\/app\/uploads\/sites\/3\/2015\/07\/PlayersUnknown-Battleground-Icon.jpg\" alt=\"PlayersUnknown Battlegrounds Icon\" width=\"40\" height=\"40\" \/><\/a>\u00a0 \u00a0<a href=\"https:\/\/www.esports-betting.pro\/es\/halo-5\/\"><img loading=\"lazy\" decoding=\"async\" class=\"alignnone wp-image-10110 size-full\" src=\"https:\/\/www.esports-betting.pro\/app\/uploads\/sites\/3\/2017\/11\/Halo-5-Esports-Icono.jpg\" alt=\"Halo 5 Icono\" width=\"40\" height=\"40\" \/><\/a>\u00a0 \u00a0<a href=\"https:\/\/www.esports-betting.pro\/es\/street-fighter-sfv\/\"><img loading=\"lazy\" decoding=\"async\" class=\"alignnone size-full wp-image-10318\" src=\"https:\/\/www.esports-betting.pro\/app\/uploads\/sites\/3\/2017\/12\/Street-Fighter-V-Sidebar-Icon.jpg\" alt=\"Street Fighter V Icono\" width=\"40\" height=\"40\" \/><\/a><\/p>\n","protected":false},"excerpt":{"rendered":"<p>World of Tanks es un shooter multijugador online con un delicado sistema t\u00e1ctico debajo de la acci\u00f3n. De los desarrolladores bielorrusos de Wargaming.net viene un espect\u00e1culo de tiro de tercera persona que no s\u00f3lo sirve para la destrucci\u00f3n, sino que tambi\u00e9n recompensa a los jugadores por actuar deliberadamente y por sobrever la situaci\u00f3n en el &hellip; <a href=\"https:\/\/www.esports-betting.pro\/es\/world-of-tanks\/\">Continued<\/a><\/p>\n","protected":false},"author":24,"featured_media":0,"parent":0,"menu_order":0,"comment_status":"closed","ping_status":"closed","template":"","meta":{"_acf_changed":false,"footnotes":""},"acf":[],"yoast_head":"<!-- This site is optimized with the Yoast SEO plugin v22.6 - https:\/\/yoast.com\/wordpress\/plugins\/seo\/ -->\n<title>Apostar a World of Tanks (WOT) - Mejores sitios para apostar<\/title>\n<meta name=\"description\" content=\"Conoce c\u00f3mo y d\u00f3nde apostar dinero en World of Tanks (WOT). Lee aqu\u00ed sobre las mejores casas de apuestas, sus bonos, ofertas, cuotas y las \u00faltimas noticias.\" \/>\n<meta name=\"robots\" content=\"index, follow, max-snippet:-1, max-image-preview:large, max-video-preview:-1\" \/>\n<link rel=\"canonical\" href=\"https:\/\/www.esports-betting.pro\/es\/world-of-tanks\/\" \/>\n<meta property=\"og:locale\" content=\"es_ES\" \/>\n<meta property=\"og:type\" content=\"article\" \/>\n<meta property=\"og:title\" content=\"Apostar a World of Tanks (WOT) - Mejores sitios para apostar\" \/>\n<meta property=\"og:description\" content=\"Conoce c\u00f3mo y d\u00f3nde apostar dinero en World of Tanks (WOT). Lee aqu\u00ed sobre las mejores casas de apuestas, sus bonos, ofertas, cuotas y las \u00faltimas noticias.\" \/>\n<meta property=\"og:url\" content=\"https:\/\/www.esports-betting.pro\/es\/world-of-tanks\/\" \/>\n<meta property=\"og:site_name\" content=\"Esports Betting - ES\" \/>\n<meta property=\"article:modified_time\" content=\"2022-09-02T07:29:37+00:00\" \/>\n<meta name=\"twitter:card\" content=\"summary_large_image\" \/>\n<meta name=\"twitter:image\" content=\"https:\/\/www.esports-betting.pro\/app\/uploads\/sites\/3\/2017\/11\/World-of-Tanks-Social.jpg\" \/>\n<meta name=\"twitter:label1\" content=\"Est. reading time\" \/>\n\t<meta name=\"twitter:data1\" content=\"8 minutos\" \/>\n<script type=\"application\/ld+json\" class=\"yoast-schema-graph\">{\"@context\":\"https:\/\/schema.org\",\"@graph\":[{\"@type\":\"WebPage\",\"@id\":\"https:\/\/www.esports-betting.pro\/es\/world-of-tanks\/\",\"url\":\"https:\/\/www.esports-betting.pro\/es\/world-of-tanks\/\",\"name\":\"Apostar a World of Tanks (WOT) - Mejores sitios para apostar\",\"isPartOf\":{\"@id\":\"https:\/\/www.esports-betting.pro\/es\/#website\"},\"primaryImageOfPage\":{\"@id\":\"https:\/\/www.esports-betting.pro\/es\/world-of-tanks\/#primaryimage\"},\"image\":{\"@id\":\"https:\/\/www.esports-betting.pro\/es\/world-of-tanks\/#primaryimage\"},\"thumbnailUrl\":\"https:\/\/www.esports-betting.pro\/app\/uploads\/sites\/3\/2017\/11\/Worlds-of-Tanks-Esports-Gameplay.jpg\",\"datePublished\":\"2017-11-23T11:29:27+00:00\",\"dateModified\":\"2022-09-02T07:29:37+00:00\",\"description\":\"Conoce c\u00f3mo y d\u00f3nde apostar dinero en World of Tanks (WOT). Lee aqu\u00ed sobre las mejores casas de apuestas, sus bonos, ofertas, cuotas y las \u00faltimas noticias.\",\"breadcrumb\":{\"@id\":\"https:\/\/www.esports-betting.pro\/es\/world-of-tanks\/#breadcrumb\"},\"inLanguage\":\"es\",\"potentialAction\":[{\"@type\":\"ReadAction\",\"target\":[\"https:\/\/www.esports-betting.pro\/es\/world-of-tanks\/\"]}]},{\"@type\":\"ImageObject\",\"inLanguage\":\"es\",\"@id\":\"https:\/\/www.esports-betting.pro\/es\/world-of-tanks\/#primaryimage\",\"url\":\"https:\/\/www.esports-betting.pro\/app\/uploads\/sites\/3\/2017\/11\/Worlds-of-Tanks-Esports-Gameplay.jpg\",\"contentUrl\":\"https:\/\/www.esports-betting.pro\/app\/uploads\/sites\/3\/2017\/11\/Worlds-of-Tanks-Esports-Gameplay.jpg\"},{\"@type\":\"BreadcrumbList\",\"@id\":\"https:\/\/www.esports-betting.pro\/es\/world-of-tanks\/#breadcrumb\",\"itemListElement\":[{\"@type\":\"ListItem\",\"position\":1,\"name\":\"Home\",\"item\":\"https:\/\/www.esports-betting.pro\/es\/\"},{\"@type\":\"ListItem\",\"position\":2,\"name\":\"World of Tanks (WOT) \u2500 Rese\u00f1a de sitios de apuestas y cuotas\"}]},{\"@type\":\"WebSite\",\"@id\":\"https:\/\/www.esports-betting.pro\/es\/#website\",\"url\":\"https:\/\/www.esports-betting.pro\/es\/\",\"name\":\"Esports Betting - ES\",\"description\":\"Just another Esports Betting Sites site\",\"potentialAction\":[{\"@type\":\"SearchAction\",\"target\":{\"@type\":\"EntryPoint\",\"urlTemplate\":\"https:\/\/www.esports-betting.pro\/es\/?s={search_term_string}\"},\"query-input\":\"required name=search_term_string\"}],\"inLanguage\":\"es\"}]}<\/script>\n<!-- \/ Yoast SEO plugin. -->","yoast_head_json":{"title":"Apostar a World of Tanks (WOT) - Mejores sitios para apostar","description":"Conoce c\u00f3mo y d\u00f3nde apostar dinero en World of Tanks (WOT). Lee aqu\u00ed sobre las mejores casas de apuestas, sus bonos, ofertas, cuotas y las \u00faltimas noticias.","robots":{"index":"index","follow":"follow","max-snippet":"max-snippet:-1","max-image-preview":"max-image-preview:large","max-video-preview":"max-video-preview:-1"},"canonical":"https:\/\/www.esports-betting.pro\/es\/world-of-tanks\/","og_locale":"es_ES","og_type":"article","og_title":"Apostar a World of Tanks (WOT) - Mejores sitios para apostar","og_description":"Conoce c\u00f3mo y d\u00f3nde apostar dinero en World of Tanks (WOT). Lee aqu\u00ed sobre las mejores casas de apuestas, sus bonos, ofertas, cuotas y las \u00faltimas noticias.","og_url":"https:\/\/www.esports-betting.pro\/es\/world-of-tanks\/","og_site_name":"Esports Betting - ES","article_modified_time":"2022-09-02T07:29:37+00:00","twitter_card":"summary_large_image","twitter_image":"https:\/\/www.esports-betting.pro\/app\/uploads\/sites\/3\/2017\/11\/World-of-Tanks-Social.jpg","twitter_misc":{"Est. reading time":"8 minutos"},"schema":{"@context":"https:\/\/schema.org","@graph":[{"@type":"WebPage","@id":"https:\/\/www.esports-betting.pro\/es\/world-of-tanks\/","url":"https:\/\/www.esports-betting.pro\/es\/world-of-tanks\/","name":"Apostar a World of Tanks (WOT) - Mejores sitios para apostar","isPartOf":{"@id":"https:\/\/www.esports-betting.pro\/es\/#website"},"primaryImageOfPage":{"@id":"https:\/\/www.esports-betting.pro\/es\/world-of-tanks\/#primaryimage"},"image":{"@id":"https:\/\/www.esports-betting.pro\/es\/world-of-tanks\/#primaryimage"},"thumbnailUrl":"https:\/\/www.esports-betting.pro\/app\/uploads\/sites\/3\/2017\/11\/Worlds-of-Tanks-Esports-Gameplay.jpg","datePublished":"2017-11-23T11:29:27+00:00","dateModified":"2022-09-02T07:29:37+00:00","description":"Conoce c\u00f3mo y d\u00f3nde apostar dinero en World of Tanks (WOT). Lee aqu\u00ed sobre las mejores casas de apuestas, sus bonos, ofertas, cuotas y las \u00faltimas noticias.","breadcrumb":{"@id":"https:\/\/www.esports-betting.pro\/es\/world-of-tanks\/#breadcrumb"},"inLanguage":"es","potentialAction":[{"@type":"ReadAction","target":["https:\/\/www.esports-betting.pro\/es\/world-of-tanks\/"]}]},{"@type":"ImageObject","inLanguage":"es","@id":"https:\/\/www.esports-betting.pro\/es\/world-of-tanks\/#primaryimage","url":"https:\/\/www.esports-betting.pro\/app\/uploads\/sites\/3\/2017\/11\/Worlds-of-Tanks-Esports-Gameplay.jpg","contentUrl":"https:\/\/www.esports-betting.pro\/app\/uploads\/sites\/3\/2017\/11\/Worlds-of-Tanks-Esports-Gameplay.jpg"},{"@type":"BreadcrumbList","@id":"https:\/\/www.esports-betting.pro\/es\/world-of-tanks\/#breadcrumb","itemListElement":[{"@type":"ListItem","position":1,"name":"Home","item":"https:\/\/www.esports-betting.pro\/es\/"},{"@type":"ListItem","position":2,"name":"World of Tanks (WOT) \u2500 Rese\u00f1a de sitios de apuestas y cuotas"}]},{"@type":"WebSite","@id":"https:\/\/www.esports-betting.pro\/es\/#website","url":"https:\/\/www.esports-betting.pro\/es\/","name":"Esports Betting - ES","description":"Just another Esports Betting Sites site","potentialAction":[{"@type":"SearchAction","target":{"@type":"EntryPoint","urlTemplate":"https:\/\/www.esports-betting.pro\/es\/?s={search_term_string}"},"query-input":"required name=search_term_string"}],"inLanguage":"es"}]}},"_links":{"self":[{"href":"https:\/\/www.esports-betting.pro\/es\/wp-json\/wp\/v2\/pages\/10059"}],"collection":[{"href":"https:\/\/www.esports-betting.pro\/es\/wp-json\/wp\/v2\/pages"}],"about":[{"href":"https:\/\/www.esports-betting.pro\/es\/wp-json\/wp\/v2\/types\/page"}],"author":[{"embeddable":true,"href":"https:\/\/www.esports-betting.pro\/es\/wp-json\/wp\/v2\/users\/24"}],"replies":[{"embeddable":true,"href":"https:\/\/www.esports-betting.pro\/es\/wp-json\/wp\/v2\/comments?post=10059"}],"version-history":[{"count":1,"href":"https:\/\/www.esports-betting.pro\/es\/wp-json\/wp\/v2\/pages\/10059\/revisions"}],"predecessor-version":[{"id":51505,"href":"https:\/\/www.esports-betting.pro\/es\/wp-json\/wp\/v2\/pages\/10059\/revisions\/51505"}],"wp:attachment":[{"href":"https:\/\/www.esports-betting.pro\/es\/wp-json\/wp\/v2\/media?parent=10059"}],"curies":[{"name":"wp","href":"https:\/\/api.w.org\/{rel}","templated":true}]}}